{"id":15487,"date":"2025-01-19T14:35:28","date_gmt":"2025-01-19T14:35:28","guid":{"rendered":"https:\/\/www.hydraulic-cylinders.net\/product\/bucket-cylinder-for-xcmg-large-excavator-xe900c\/"},"modified":"2025-01-19T14:35:30","modified_gmt":"2025-01-19T14:35:30","slug":"bucket-cylinder-for-xcmg-large-excavator-xe900c","status":"publish","type":"product","link":"https:\/\/www.hydraulic-cylinders.net\/tr\/urun\/bucket-cylinder-for-xcmg-large-excavator-xe900c\/","title":{"rendered":"XCMG XE900C B\u00fcy\u00fck Ekskavat\u00f6r \u0130\u00e7in Kep\u00e7e Silindiri"},"content":{"rendered":"<h1>XCMG XE900C B\u00fcy\u00fck Ekskavat\u00f6r \u0130\u00e7in Kep\u00e7e Silindiri<\/h1>\n<h2>girii\u015f<\/h2>\n<p>Kep\u00e7e silindiri, ekskavat\u00f6rler, kaz\u0131c\u0131lar ve y\u00fckleyiciler gibi a\u011f\u0131r makinelerde kep\u00e7enin hareketini kontrol etmek i\u00e7in kullan\u0131lan \u00f6zel bir hidrolik silindirdir. Ba\u015fl\u0131ca i\u015flevi, \u00e7e\u015fitli malzeme ta\u015f\u0131ma g\u00f6revleri i\u00e7in kep\u00e7enin kald\u0131r\u0131lmas\u0131n\u0131, indirilmesini ve e\u011filmesini sa\u011flamakt\u0131r. Hidrolik sistemde, kep\u00e7e silindiri hidrolik ya\u011f bas\u0131nc\u0131ndaki de\u011fi\u015fiklikler yoluyla kep\u00e7enin hareketinin hassas kontrol\u00fcn\u00fc sa\u011flar; bu da operat\u00f6rlerin a\u011f\u0131r y\u00fckleri verimli bir \u015fekilde ta\u015f\u0131mas\u0131na ve karma\u015f\u0131k \u00e7al\u0131\u015fma ortamlar\u0131na ve \u00e7e\u015fitli i\u015f gereksinimlerine uyum sa\u011flamas\u0131na olanak tan\u0131r.<\/p>\n<p><center><img decoding=\"async\" src=\"https:\/\/www.hydraulic-cylinders.net\/wp-content\/uploads\/2025\/01\/songte-company-2.webp\"><\/center><\/p>\n<h2>\u00d6zellikler<\/h2>\n<ul>\n<li>\n<h3>Y\u00fcksek mukavemet ve dayan\u0131kl\u0131l\u0131k<\/h3>\n<p>Kova silindirleri genellikle y\u00fcksek bas\u0131nca ve a\u011f\u0131r y\u00fcklere dayanabilen, a\u015f\u0131nma ve korozyon direnci g\u00f6z \u00f6n\u00fcnde bulundurularak tasarlanan y\u00fcksek mukavemetli \u00e7elik veya al\u00fcminyumdan \u00fcretilir ve b\u00f6ylece kullan\u0131m \u00f6mr\u00fc uzat\u0131l\u0131r.<\/p>\n<\/li>\n<li>\n<h3>Verimli hidrolik \u00e7al\u0131\u015fma<\/h3>\n<p>Hidrolik ya\u011f bas\u0131nc\u0131n\u0131 kullanarak, kova silindirleri d\u00fczg\u00fcn uzatma ve geri \u00e7ekme hareketleri ger\u00e7ekle\u015ftirir, i\u015fletim komutlar\u0131na h\u0131zl\u0131 yan\u0131t verir, g\u00fc\u00e7l\u00fc itme ve \u00e7ekme kuvveti sa\u011flar ve a\u011f\u0131r y\u00fcklerin ve karma\u015f\u0131k i\u015f g\u00f6revlerinin \u00fcstesinden gelmek i\u00e7in uygundur.<\/p>\n<\/li>\n<li>\n<h3>\u00c7e\u015fitli t\u00fcrler<\/h3>\n<p>Kova silindirleri, \u00e7e\u015fitli i\u015fletme gereksinimlerini kar\u015f\u0131lamak \u00fczere tek etkili (hidrolik kullan\u0131m sadece tek y\u00f6nde) veya \u00e7ift etkili (hidrolik kullan\u0131m her iki y\u00f6nde) olarak se\u00e7ilebilir ve baz\u0131 modeller teleskopiktir, bu da d\u0131\u015f boyutlar\u0131 art\u0131rmadan daha fazla uzamaya olanak tan\u0131r ve s\u0131n\u0131rl\u0131 alana sahip uygulamalar i\u00e7in uygundur.<\/p>\n<\/li>\n<li>\n<h3>Di\u011fer hidrolik silindirler i\u00e7in m\u00fckemmel bir yedek par\u00e7a.<\/h3>\n<p>Kep\u00e7e silindirlerimiz di\u011fer hidrolik silindirlerin yerine m\u00fckemmel \u015fekilde kullan\u0131labilir. Farkl\u0131 ekskavat\u00f6r modellerine uygun geni\u015f bir yelpazede hidrolik silindir sunuyoruz.<\/p>\n<\/li>\n<li>\n<h3>\u0130stikrarl\u0131 performans<\/h3>\n<p>Kova silindirleri, y\u00fcksek hassasiyetle sorunsuz ve istikrarl\u0131 bir \u015fekilde \u00e7al\u0131\u015farak, \u00e7e\u015fitli \u00e7al\u0131\u015fma ko\u015fullar\u0131na uyum sa\u011flayacak g\u00fcvenilir ve istikrarl\u0131 bir performans sunar.<\/p>\n<\/li>\n<\/ul>\n<p><center><img decoding=\"async\" src=\"https:\/\/www.hydraulic-cylinders.net\/wp-content\/uploads\/2025\/01\/songte-cylinder-head-with-all-kinds-excavator-models.webp\"><\/center><\/p>\n<h2>Uygulamalar<\/h2>\n<p>Kova silindirleri, a\u015fa\u011f\u0131dakiler gibi \u00e7e\u015fitli a\u011f\u0131r makine uygulamalar\u0131nda yayg\u0131n olarak kullan\u0131lmaktad\u0131r:<\/p>\n<ul>\n<li>\n<h3>\u0130n\u015faat ekipmanlar\u0131<\/h3>\n<p>Ekskavat\u00f6rlerde kazma, y\u00fckleme ve toprak veya moloz ta\u015f\u0131ma i\u015flerinde vazge\u00e7ilmezdirler. Beko-loderlerde ise kova silindirleri hem kazma hem de kald\u0131rma i\u015flerinde yard\u0131mc\u0131 olur.<\/p>\n<\/li>\n<li>\n<h3>Tar\u0131m makineleri<\/h3>\n<p>\u00d6n y\u00fckleyicilerde toprak, saman ve di\u011fer malzemelerin kep\u00e7elenmesi, kald\u0131r\u0131lmas\u0131 ve ta\u015f\u0131nmas\u0131 i\u00e7in kullan\u0131l\u0131r.<\/p>\n<\/li>\n<li>\n<h3>Ekskavat\u00f6rler<\/h3>\n<p>Kep\u00e7e silindirleri, kep\u00e7enin topra\u011fa n\u00fcfuz etmesini sa\u011flayarak ekskavat\u00f6rlerin topra\u011f\u0131 delmesini m\u00fcmk\u00fcn k\u0131lar.<\/p>\n<\/li>\n<li>\n<h3>Y\u00fckleyiciler<\/h3>\n<p>\u00d6n y\u00fckleyicilerde, y\u00fck\u00fcn etkili bir \u015fekilde kald\u0131r\u0131lmas\u0131na ve devrilmesine yard\u0131mc\u0131 olurlar.<\/p>\n<\/li>\n<\/ul>\n<h2>Tasar\u0131m hususlar\u0131 ve se\u00e7im kriterleri<\/h2>\n<p>Kova silindiri se\u00e7ilirken, \u00e7e\u015fitli tasar\u0131m hususlar\u0131 dikkate al\u0131nmal\u0131d\u0131r:<\/p>\n<ul>\n<li>\n<h3>Y\u00fck ta\u015f\u0131ma kapasitesi<\/h3>\n<p>Kep\u00e7e silindiri, kep\u00e7eye uygulanan maksimum y\u00fck\u00fc kald\u0131rabilmelidir. Bu nedenle, silindirin ta\u015f\u0131ma kapasitesi, silindirin veya di\u011fer makine par\u00e7alar\u0131n\u0131n ar\u0131zalanmas\u0131n\u0131 \u00f6nlemek i\u00e7in y\u00fcke uygun olmal\u0131d\u0131r.<\/p>\n<\/li>\n<li>\n<h3>S\u0131zd\u0131rmazl\u0131k ve dayan\u0131kl\u0131l\u0131k<\/h3>\n<p>Kep\u00e7e silindirinin s\u0131zd\u0131rmazl\u0131\u011f\u0131, ya\u011f s\u0131z\u0131nt\u0131s\u0131n\u0131 \u00f6nlemek ve silindirin dayan\u0131kl\u0131l\u0131\u011f\u0131n\u0131 sa\u011flamak a\u00e7\u0131s\u0131ndan hayati \u00f6neme sahiptir. Piston contas\u0131, mil contas\u0131 ve di\u011fer contalar a\u015f\u0131nmaya ve korozyona dayan\u0131kl\u0131 malzemelerden yap\u0131lmal\u0131d\u0131r.<\/p>\n<\/li>\n<li>\n<h3>G\u00fcvenlik ve bak\u0131m kolayl\u0131\u011f\u0131<\/h3>\n<p>Kova silindirleri g\u00fcvenli ve kolay bak\u0131m yap\u0131labilir \u015fekilde tasarlanmal\u0131d\u0131r. Silindirin g\u00fcvenlik fakt\u00f6rleri dikkate al\u0131nmal\u0131 ve g\u00fcvenli bir \u015fekilde \u00e7al\u0131\u015ft\u0131r\u0131lacak \u015fekilde tasarlanmal\u0131d\u0131r. Silindirin bak\u0131m\u0131 kolay olmal\u0131, minimum zaman ve \u00e7aba gerektirmelidir.<\/p>\n<\/li>\n<\/ul>\n<p><center><img decoding=\"async\" src=\"https:\/\/www.hydraulic-cylinders.net\/wp-content\/uploads\/2025\/01\/songte-oil-pipes-and-spare-parts.webp\"><\/center><\/p>\n<h2>S\u0131zd\u0131rmazl\u0131k ve ya\u011flama<\/h2>\n<p>Kova tipi silindirler, ya\u011f s\u0131z\u0131nt\u0131s\u0131n\u0131 \u00f6nlemek ve silindirin dayan\u0131kl\u0131l\u0131\u011f\u0131n\u0131 sa\u011flamak i\u00e7in piston contalar\u0131, mil contalar\u0131 ve di\u011fer contalar gibi \u00e7e\u015fitli s\u0131zd\u0131rmazl\u0131k bile\u015fenleri kullan\u0131r. S\u0131zd\u0131rmazl\u0131k malzemeleri, poli\u00fcretan veya nitril kau\u00e7uk gibi a\u015f\u0131nmaya ve korozyona dayan\u0131kl\u0131 malzemelerden yap\u0131lmal\u0131d\u0131r. Silindirin g\u00f6vdesi ve di\u015fli u\u00e7 y\u00fczeyleri, a\u015f\u0131nma direncini art\u0131rmak i\u00e7in ince bir i\u015flemden ge\u00e7irilmi\u015ftir. Silindir performans\u0131n\u0131 korumak i\u00e7in yeterli hidrolik ya\u011f ile d\u00fczenli ya\u011flama gereklidir.<\/p>\n<h2>Muayene ve \u00f6nleyici bak\u0131m \u00f6nlemleri<\/h2>\n<p>D\u00fczenli kontrol ve \u00f6nleyici bak\u0131m, ar\u0131zalar\u0131 \u00f6nleyebilir ve kova silindirinin \u00f6mr\u00fcn\u00fc uzatabilir. Al\u0131nabilecek baz\u0131 \u00f6nlemler \u015funlard\u0131r:<\/p>\n<ul>\n<li>\n<h3>D\u00fczenli denetim<\/h3>\n<p>Kova silindirini d\u00fczenli olarak inceleyerek s\u0131z\u0131nt\u0131lar\u0131, hasarl\u0131 veya a\u015f\u0131nm\u0131\u015f contalar\u0131 ve di\u011fer hasarlar\u0131 tespit edin. Ayr\u0131ca, silindir ve di\u011fer bile\u015fenlerde a\u015f\u0131r\u0131 a\u015f\u0131nma olup olmad\u0131\u011f\u0131n\u0131 kontrol edin.<\/p>\n<\/li>\n<li>\n<h3>Uygun ya\u011flama<\/h3>\n<p>Silindirin d\u00fczg\u00fcn \u00e7al\u0131\u015fmas\u0131n\u0131 sa\u011flamak ve a\u015f\u0131nmay\u0131 \u00f6nlemek i\u00e7in silindiri d\u00fczenli olarak uygun hidrolik ya\u011f ile ya\u011flay\u0131n.<\/p>\n<\/li>\n<li>\n<h3>Conta de\u011fi\u015fimi ve kalibrasyon kontrol\u00fc<\/h3>\n<p>A\u015f\u0131nma belirtileri g\u00f6sterdiklerinde contalar\u0131 de\u011fi\u015ftirin ve do\u011fru \u00f6l\u00e7\u00fcmler sa\u011flamak i\u00e7in silindir kalibrasyonunu kontrol edin.<\/p>\n<\/li>\n<\/ul>\n<p><center><img decoding=\"async\" src=\"https:\/\/www.hydraulic-cylinders.net\/wp-content\/uploads\/2025\/01\/songte-chushion-collar.webp\"><\/center><\/p>\n<h2>G\u00fcvenlik hususlar\u0131 ve \u00e7evresel fakt\u00f6rler<\/h2>\n<p>Kova silindirleri kullan\u0131l\u0131rken g\u00fcvenlik en \u00f6nemli \u00f6nceliktir. Silindirin a\u015f\u0131r\u0131 y\u00fcklenmesini \u00f6nlemek ve do\u011fru \u00e7al\u0131\u015fmas\u0131n\u0131 sa\u011flamak i\u00e7in \u00f6nlemler al\u0131nmal\u0131d\u0131r. Ar\u0131zay\u0131 \u00f6nlemek ve do\u011fru \u00e7al\u0131\u015fmay\u0131 sa\u011flamak i\u00e7in s\u0131cakl\u0131k ve nem gibi \u00e7evresel fakt\u00f6rler de kova silindirleri kullan\u0131l\u0131rken dikkate al\u0131nmal\u0131d\u0131r.<\/p>\n<h2>Sorun giderme ve yayg\u0131n sorunlar<\/h2>\n<p>Kova silindirlerinde s\u0131k kar\u015f\u0131la\u015f\u0131lan sorunlar aras\u0131nda ya\u011f s\u0131z\u0131nt\u0131lar\u0131, hasarl\u0131 contalar ve ar\u0131zal\u0131 par\u00e7alar bulunur. Do\u011fru ar\u0131za tespiti ve bak\u0131m, bu sorunlar\u0131n \u00f6nlenmesine ve silindirin \u00f6mr\u00fcn\u00fcn uzat\u0131lmas\u0131na yard\u0131mc\u0131 olabilir.<\/p>\n<h2>\u015eirket Tan\u0131t\u0131m\u0131<\/h2>\n<p>\u00d6nde gelen bir kep\u00e7e silindiri \u00fcreticisi ve tedarik\u00e7isiyiz ve farkl\u0131 ekskavat\u00f6r modellerine uygun geni\u015f bir yelpazede hidrolik silindirler sunuyoruz. M\u00fckemmel kalite ilkesine ba\u011fl\u0131 kalarak, hassas imalat at\u00f6lyelerinin end\u00fcstriyel \u00fcretim y\u00f6netim stratejisine g\u00fcveniyoruz. At\u00f6lyenin \u00fcretim platformunu s\u00fcrekli geli\u015ftiriyor, \u00fcr\u00fcnlerin \u00fcretim kalitesini art\u0131r\u0131yor ve y\u00fcksek verimlilik, y\u00fcksek hassasiyet ve y\u00fcksek kalite ilkeleriyle m\u00fc\u015fterilerin \u00e7e\u015fitli ihtiya\u00e7lar\u0131n\u0131 kar\u015f\u0131lamak i\u00e7in g\u00fc\u00e7l\u00fc bir yarat\u0131c\u0131l\u0131\u011fa sahibiz.<\/p>\n<p><center><img decoding=\"async\" src=\"https:\/\/hzpt.com\/wp-content\/uploads\/2024\/11\/songte-company-1.webp\"><\/center><\/p>\n<h2>Profesyonellik ve Uluslararas\u0131 Sertifikasyon<\/h2>\n<p>Hidrolik silindir sekt\u00f6r\u00fcnde geni\u015f deneyime sahibiz ve ISO9001 sertifikas\u0131na sahibiz. \u00dcr\u00fcnlerimiz ayr\u0131ca CE ve RoHS uluslararas\u0131 sertifikalar\u0131n\u0131 da alarak \u00fcr\u00fcn kalitesi ve g\u00fcvenli\u011fini garanti alt\u0131na almaktad\u0131r.<\/p>\n<h2>\u00d6zelle\u015ftirme ve \u00dcretim ekipmanlar\u0131<\/h2>\n<p>M\u00fc\u015fterilerimizin \u00f6zel gereksinimlerini kar\u015f\u0131lamak i\u00e7in \u00f6zelle\u015ftirilmi\u015f hizmetler sunuyoruz. \u00dcr\u00fcn kalitesini ve do\u011frulu\u011funu sa\u011flamak i\u00e7in CNC torna tezgahlar\u0131, CNC ta\u015flama makineleri ve CNC freze makineleri gibi geli\u015fmi\u015f \u00fcretim ekipmanlar\u0131na sahibiz.<\/p>\n<h2>Sat\u0131\u015f sonras\u0131 servis<\/h2>\n<p>M\u00fc\u015fterilerimize teknik destek, bak\u0131m ve onar\u0131m hizmetleri gibi m\u00fckemmel sat\u0131\u015f sonras\u0131 hizmetler sunuyoruz. Kep\u00e7e silindirinin \u00f6mr\u00fcn\u00fc uzatmak ve bak\u0131m maliyetlerini d\u00fc\u015f\u00fcrmek i\u00e7in yedek par\u00e7a ve yeniden yap\u0131land\u0131rma hizmetleri sa\u011flayabiliyoruz.<\/p>\n<p>Yazar: lyl<\/p>","protected":false},"excerpt":{"rendered":"<p>Bucket Cylinder For XCMG Large Excavator XE900C Introduction The bucket cylinder, also known as the digger cylinder, is a specialized hydraulic cylinder used to control the movement of the bucket in heavy machinery such as excavators, backhoes, and loaders. Its primary function is to allow the bucket to lift, lower, and tilt for various material [&hellip;]<\/p>","protected":false},"featured_media":14771,"comment_status":"open","ping_status":"closed","template":"","meta":{"_et_pb_use_builder":"","_et_pb_old_content":"","_et_gb_content_width":""},"product_brand":[],"product_cat":[1494],"product_tag":[1495,1496],"class_list":{"0":"post-15487","1":"product","2":"type-product","3":"status-publish","4":"has-post-thumbnail","6":"product_cat-bucket-cylinders","7":"product_tag-bucket-cylinders","8":"product_tag-hydraulic-cylinders","10":"first","11":"instock","12":"shipping-taxable","13":"product-type-simple"},"amp_enabled":true,"_links":{"self":[{"href":"https:\/\/www.hydraulic-cylinders.net\/tr\/wp-json\/wp\/v2\/product\/15487","targetHints":{"allow":["GET"]}}],"collection":[{"href":"https:\/\/www.hydraulic-cylinders.net\/tr\/wp-json\/wp\/v2\/product"}],"about":[{"href":"https:\/\/www.hydraulic-cylinders.net\/tr\/wp-json\/wp\/v2\/types\/product"}],"replies":[{"embeddable":true,"href":"https:\/\/www.hydraulic-cylinders.net\/tr\/wp-json\/wp\/v2\/comments?post=15487"}],"wp:featuredmedia":[{"embeddable":true,"href":"https:\/\/www.hydraulic-cylinders.net\/tr\/wp-json\/wp\/v2\/media\/14771"}],"wp:attachment":[{"href":"https:\/\/www.hydraulic-cylinders.net\/tr\/wp-json\/wp\/v2\/media?parent=15487"}],"wp:term":[{"taxonomy":"product_brand","embeddable":true,"href":"https:\/\/www.hydraulic-cylinders.net\/tr\/wp-json\/wp\/v2\/product_brand?post=15487"},{"taxonomy":"product_cat","embeddable":true,"href":"https:\/\/www.hydraulic-cylinders.net\/tr\/wp-json\/wp\/v2\/product_cat?post=15487"},{"taxonomy":"product_tag","embeddable":true,"href":"https:\/\/www.hydraulic-cylinders.net\/tr\/wp-json\/wp\/v2\/product_tag?post=15487"}],"curies":[{"name":"wp","href":"https:\/\/api.w.org\/{rel}","templated":true}]}}