{"id":15493,"date":"2025-01-19T14:35:58","date_gmt":"2025-01-19T14:35:58","guid":{"rendered":"https:\/\/www.hydraulic-cylinders.net\/product\/bucket-cylinder-for-zoomlion-small-excavator-ze85e\/"},"modified":"2025-01-19T14:36:00","modified_gmt":"2025-01-19T14:36:00","slug":"bucket-cylinder-for-zoomlion-small-excavator-ze85e","status":"publish","type":"product","link":"https:\/\/www.hydraulic-cylinders.net\/tr\/urun\/bucket-cylinder-for-zoomlion-small-excavator-ze85e\/","title":{"rendered":"Zoomlion ZE85E K\u00fc\u00e7\u00fck Ekskavat\u00f6r \u0130\u00e7in Kep\u00e7e Silindiri"},"content":{"rendered":"<h1>Zoomlion ZE85E K\u00fc\u00e7\u00fck Ekskavat\u00f6r \u0130\u00e7in Kep\u00e7e Silindiri<\/h1>\n<h2>girii\u015f<\/h2>\n<p>Kep\u00e7e silindiri, ekskavat\u00f6rler, kaz\u0131c\u0131lar ve \u00f6n y\u00fckleyiciler gibi a\u011f\u0131r makinelerde kep\u00e7elerin hareketini kontrol etmek i\u00e7in kullan\u0131lan \u00f6zel olarak tasarlanm\u0131\u015f bir hidrolik silindirdir. Ana i\u015flevi, kep\u00e7eyi kald\u0131rmak, indirmek ve e\u011fmektir; bu da \u00e7e\u015fitli malzeme ta\u015f\u0131ma g\u00f6revlerinin kolayca yap\u0131lmas\u0131n\u0131 sa\u011flar. Hidrolik sistemde, kep\u00e7e silindiri hidrolik ya\u011f bas\u0131nc\u0131n\u0131 de\u011fi\u015ftirerek kep\u00e7enin hareketinin hassas kontrol\u00fcn\u00fc sa\u011flar; bu da operat\u00f6rlerin a\u011f\u0131r y\u00fckleri verimli bir \u015fekilde ta\u015f\u0131mas\u0131na ve karma\u015f\u0131k \u00e7al\u0131\u015fma ortamlar\u0131na ve \u00e7e\u015fitli operasyon ihtiya\u00e7lar\u0131na uyum sa\u011flamas\u0131na olanak tan\u0131r.<\/p>\n<p><img decoding=\"async\" src=\"https:\/\/www.hydraulic-cylinders.net\/wp-content\/uploads\/2025\/01\/songte-company-2.webp\"><\/p>\n<h2>\u00d6zellikler<\/h2>\n<ul>\n<li>Y\u00fcksek mukavemet ve dayan\u0131kl\u0131l\u0131k: Genellikle y\u00fcksek mukavemetli \u00e7elik veya al\u00fcminyumdan \u00fcretilir, y\u00fcksek bas\u0131nca ve a\u011f\u0131r y\u00fcklere dayanabilir ve kullan\u0131m \u00f6mr\u00fcn\u00fc uzatmak i\u00e7in a\u015f\u0131nma direnci ve korozyon direnci dikkate al\u0131narak tasarlanm\u0131\u015ft\u0131r.<\/li>\n<li>Verimli hidrolik \u00e7al\u0131\u015fma: Hidrolik ya\u011f bas\u0131nc\u0131 kullanarak d\u00fczg\u00fcn uzatma ve b\u00fcz\u00fclme hareketleri sa\u011flar, kontrol komutlar\u0131na h\u0131zl\u0131 yan\u0131t verir, g\u00fc\u00e7l\u00fc itme-\u00e7ekme kuvveti sunar ve a\u011f\u0131r y\u00fcklerin ve karma\u015f\u0131k i\u015f g\u00f6revlerinin \u00fcstesinden gelmek i\u00e7in uygundur.<\/li>\n<li>\u00c7e\u015fitli tipler: Farkl\u0131 \u00e7al\u0131\u015fma ihtiya\u00e7lar\u0131n\u0131 kar\u015f\u0131lamak i\u00e7in tek etkili (hidrolik sadece tek y\u00f6nde kullan\u0131l\u0131r) veya \u00e7ift etkili (hidrolik iki y\u00f6nde kullan\u0131l\u0131r) silindirler se\u00e7ilebilir. Baz\u0131 modeller teleskopiktir ve d\u0131\u015f boyutlar\u0131 art\u0131rmadan daha fazla uzatmaya olanak tan\u0131r, bu da s\u0131n\u0131rl\u0131 alan uygulamalar\u0131 i\u00e7in uygundur.<\/li>\n<li>Kolayca de\u011fi\u015ftirilebilir: \u00dcr\u00fcnlerimiz bu hidrolik silindirlerin yerine m\u00fckemmel \u015fekilde ge\u00e7ebilir.<\/li>\n<\/ul>\n<p><img decoding=\"async\" src=\"https:\/\/www.hydraulic-cylinders.net\/wp-content\/uploads\/2025\/01\/songte-cylinder-head-with-all-kinds-excavator-models.webp\"><\/p>\n<h2>Uygulamalar<\/h2>\n<p>Kova silindirleri, \u00e7e\u015fitli in\u015faat ve tar\u0131m makinelerinde yayg\u0131n olarak kullan\u0131lmaktad\u0131r, \u00f6rne\u011fin:<\/p>\n<ul>\n<li>Kaz\u0131c\u0131lar: Kep\u00e7enin topra\u011fa n\u00fcfuz etmesini sa\u011flayarak kazma i\u015flemini m\u00fcmk\u00fcn k\u0131lar.<\/li>\n<li>Y\u00fckleyiciler: Kargonun etkili bir \u015fekilde kald\u0131r\u0131lmas\u0131na ve devrilmesine yard\u0131mc\u0131 olur.<\/li>\n<li>Kaz\u0131c\u0131 kep\u00e7eler: Kep\u00e7e silindiri kazma ve kald\u0131rma i\u015flemlerine yard\u0131mc\u0131 olur.<\/li>\n<li>Tar\u0131m makineleri: Toprak, saman ve di\u011fer malzemelerin kaz\u0131lmas\u0131, kald\u0131r\u0131lmas\u0131 ve ta\u015f\u0131nmas\u0131 i\u00e7in \u00f6n y\u00fckleyicilerde kullan\u0131l\u0131r.<\/li>\n<\/ul>\n<h2>Tasar\u0131m Hususlar\u0131<\/h2>\n<p>Kova silindirleri i\u00e7in a\u015fa\u011f\u0131daki tasar\u0131m hususlar\u0131 \u00f6nemlidir:<\/p>\n<h3>Ta\u015f\u0131ma Kapasitesi<\/h3>\n<p>Silindir, kovan\u0131n ve ta\u015f\u0131d\u0131\u011f\u0131 malzemelerin a\u011f\u0131rl\u0131\u011f\u0131na ve y\u00fck\u00fcne dayanabilecek kapasitede olmal\u0131d\u0131r.<\/p>\n<h3>S\u0131zd\u0131rmazl\u0131k<\/h3>\n<p>Silindir, hidrolik s\u0131v\u0131 s\u0131z\u0131nt\u0131lar\u0131n\u0131 \u00f6nlemek ve bak\u0131m maliyetlerini d\u00fc\u015f\u00fcrmek i\u00e7in y\u00fcksek kaliteli contalarla tasarlanmal\u0131d\u0131r.<\/p>\n<h3>Dayan\u0131kl\u0131l\u0131k<\/h3>\n<p>Silindir, yo\u011fun kullan\u0131mdan ve zorlu ortamlarda \u00e7al\u0131\u015fmaktan kaynaklanan a\u015f\u0131nma ve y\u0131pranmaya dayanacak \u015fekilde tasarlanmal\u0131d\u0131r.<\/p>\n<h3>Emniyet<\/h3>\n<p>Silindir, kazalar\u0131 \u00f6nlemek ve \u00e7evresinde \u00e7al\u0131\u015fanlar\u0131 korumak i\u00e7in g\u00fcvenlik \u00f6zellikleriyle tasarlanmal\u0131d\u0131r.<\/p>\n<h3>Bak\u0131m<\/h3>\n<p>Silindirin uzun \u00f6m\u00fcrl\u00fc olabilmesi i\u00e7in kolayca bak\u0131m\u0131 ve onar\u0131m\u0131 yap\u0131labilecek \u015fekilde tasarlanmas\u0131 gerekir.<\/p>\n<p><img decoding=\"async\" src=\"https:\/\/www.hydraulic-cylinders.net\/wp-content\/uploads\/2025\/01\/songte-oil-pipes-and-spare-parts.webp\"><\/p>\n<h2>S\u0131zd\u0131rmazl\u0131k ve Ya\u011flama<\/h2>\n<p>Kova silindirlerinde, poli\u00fcretan, nitril kau\u00e7uk gibi a\u015f\u0131nmaya dayan\u0131kl\u0131 malzemelerden yap\u0131lm\u0131\u015f piston contalar\u0131, mil contalar\u0131 vb. \u00e7e\u015fitli s\u0131zd\u0131rmazl\u0131k bile\u015fenleri kullan\u0131l\u0131r. Silindir g\u00f6vdesi ve di\u015fli u\u00e7 y\u00fczeyleri, a\u015f\u0131nma direncini art\u0131rmak i\u00e7in ince bir \u015fekilde i\u015flenmi\u015ftir. Uygun ya\u011flama i\u00e7in d\u00fczenli olarak yeterli miktarda hidrolik ya\u011f eklenmesi gereklidir.<\/p>\n<h2>Bak\u0131m ve Onar\u0131m<\/h2>\n<p>Kova silindirlerinin uzun s\u00fcreli kullan\u0131m\u0131 i\u00e7in a\u015fa\u011f\u0131daki bak\u0131m i\u015flemleri \u015fartt\u0131r:<\/p>\n<h3>D\u00fczenli Muayene<\/h3>\n<p>Silindirin ve bile\u015fenlerinin d\u00fczenli olarak incelenmesi, do\u011fru \u00e7al\u0131\u015ft\u0131\u011f\u0131ndan emin olmak ve olas\u0131 sorunlar\u0131 tespit etmek i\u00e7in gereklidir.<\/p>\n<h3>Ya\u011flama<\/h3>\n<p>Silindirin ve bile\u015fenlerinin uygun \u015fekilde ya\u011flanmas\u0131, a\u015f\u0131nmay\u0131 azaltmaya ve kullan\u0131m \u00f6mr\u00fcn\u00fc uzatmaya yard\u0131mc\u0131 olabilir.<\/p>\n<h3>Conta De\u011fi\u015fimleri<\/h3>\n<p>A\u015f\u0131nm\u0131\u015f contalar\u0131n de\u011fi\u015ftirilmesi, hidrolik s\u0131v\u0131 s\u0131z\u0131nt\u0131lar\u0131n\u0131 \u00f6nlemek ve bak\u0131m maliyetlerini d\u00fc\u015f\u00fcrmek i\u00e7in gereklidir.<\/p>\n<p>Kep\u00e7e silindirlerinin i\u015flevselli\u011fi ve g\u00fcvenli\u011fi i\u00e7in do\u011fru montaj \u015fartt\u0131r. Silindirin do\u011fru hizalanmas\u0131, d\u00fczg\u00fcn \u00e7al\u0131\u015fmas\u0131 i\u00e7in \u00e7ok \u00f6nemlidir. Silindiri sabitlemek i\u00e7in uygun montaj braketlerinin kullan\u0131lmas\u0131 \u00f6nerilir. Servis \u00f6mr\u00fcn\u00fc uzatmak i\u00e7in d\u00fczenli kontrol, onar\u0131m ve par\u00e7a de\u011fi\u015fimi \u00f6nerilir.<\/p>\n<p><img decoding=\"async\" src=\"https:\/\/www.hydraulic-cylinders.net\/wp-content\/uploads\/2025\/01\/songte-chushion-collar.webp\"><\/p>\n<h2>G\u00fcvenlik ve \u00c7evre<\/h2>\n<p>Kova silindirlerinin \u00e7al\u0131\u015fmas\u0131 s\u0131ras\u0131nda kazalar\u0131 \u00f6nlemek i\u00e7in uygun g\u00fcvenlik \u00f6nlemleri gereklidir. G\u00fcvenlik \u00f6nlemlerine uyman\u0131n \u00f6nemi asla abart\u0131lamaz. \u00c7evreyi korumak i\u00e7in kullan\u0131lm\u0131\u015f hidrolik ya\u011f\u0131n uygun \u015fekilde bertaraf edilmesi gereklidir.<\/p>\n<h2>Tan\u0131 ve Sorun Giderme<\/h2>\n<p>Kova silindirlerinde s\u0131k kar\u015f\u0131la\u015f\u0131lan sorunlar aras\u0131nda s\u0131z\u0131nt\u0131lar, yanl\u0131\u015f \u00e7al\u0131\u015fma ve contalar\u0131n hasar g\u00f6rmesi yer al\u0131r. D\u00fczenli kontroller, bak\u0131m ve uygun ya\u011flama bu sorunlar\u0131n \u00f6nlenmesine yard\u0131mc\u0131 olabilir. Sorunlar ortaya \u00e7\u0131karsa, te\u015fhis ve onar\u0131m i\u00e7in bir uzmana dan\u0131\u015f\u0131lmas\u0131 \u00f6nerilir.<\/p>\n<p><img decoding=\"async\" src=\"https:\/\/www.hydraulic-cylinders.net\/wp-content\/uploads\/2025\/01\/songte-bushings-with-all-kinds-of-excavator-models.webp\"><\/p>\n<h2>Hakk\u0131m\u0131zda<\/h2>\n<p>Yurti\u00e7i ve yurtd\u0131\u015f\u0131 pazarlarda \u00f6nde gelen hidrolik silindir \u00fcreticisi ve toptanc\u0131s\u0131y\u0131z. \u00c7e\u015fitli \u00fcr\u00fcnler sunuyoruz ve m\u00fckemmel kalite, teknik yetenek, \u00fcst d\u00fczey dijital \u00fcretim ekipmanlar\u0131 ve profesyonel test sistemlerine dayanan bir \u00fcretim y\u00f6netim stratejisi izliyoruz. \u00dcr\u00fcnlerimiz, m\u00fc\u015fterilerimizin farkl\u0131 ihtiya\u00e7lar\u0131n\u0131 kar\u015f\u0131lamak i\u00e7in y\u00fcksek verimlilik, y\u00fcksek hassasiyet ve y\u00fcksek kaliteye odaklanan geli\u015fmi\u015f bir \u00fcretim platformunda \u00fcretilmektedir.<\/p>\n<p>\u015eirketimiz, uluslararas\u0131 sertifikasyon, \u00f6zelle\u015ftirme, \u00fcretim ekipmanlar\u0131 ve sat\u0131\u015f sonras\u0131 hizmetler de dahil olmak \u00fczere profesyonel hizmetler sunmaktad\u0131r.<\/p>\n<p><img decoding=\"async\" src=\"https:\/\/hzpt.com\/wp-content\/uploads\/2024\/11\/songte-company-1.webp\"><\/p>\n<p>Yazar: lyl<\/p>","protected":false},"excerpt":{"rendered":"<p>Bucket Cylinder For Zoomlion Small Excavator ZE85E Introduction A bucket cylinder is a specially designed hydraulic cylinder used to control the movement of buckets in heavy machinery such as excavators, backhoes, and front-end loaders. Its main function is to lift, lower, and tilt the bucket, making it easy to handle various material handling tasks. In [&hellip;]<\/p>","protected":false},"featured_media":14788,"comment_status":"open","ping_status":"closed","template":"","meta":{"_et_pb_use_builder":"","_et_pb_old_content":"","_et_gb_content_width":""},"product_brand":[],"product_cat":[1494],"product_tag":[1495,1496],"class_list":{"0":"post-15493","1":"product","2":"type-product","3":"status-publish","4":"has-post-thumbnail","6":"product_cat-bucket-cylinders","7":"product_tag-bucket-cylinders","8":"product_tag-hydraulic-cylinders","10":"first","11":"instock","12":"shipping-taxable","13":"product-type-simple"},"amp_enabled":true,"_links":{"self":[{"href":"https:\/\/www.hydraulic-cylinders.net\/tr\/wp-json\/wp\/v2\/product\/15493","targetHints":{"allow":["GET"]}}],"collection":[{"href":"https:\/\/www.hydraulic-cylinders.net\/tr\/wp-json\/wp\/v2\/product"}],"about":[{"href":"https:\/\/www.hydraulic-cylinders.net\/tr\/wp-json\/wp\/v2\/types\/product"}],"replies":[{"embeddable":true,"href":"https:\/\/www.hydraulic-cylinders.net\/tr\/wp-json\/wp\/v2\/comments?post=15493"}],"wp:featuredmedia":[{"embeddable":true,"href":"https:\/\/www.hydraulic-cylinders.net\/tr\/wp-json\/wp\/v2\/media\/14788"}],"wp:attachment":[{"href":"https:\/\/www.hydraulic-cylinders.net\/tr\/wp-json\/wp\/v2\/media?parent=15493"}],"wp:term":[{"taxonomy":"product_brand","embeddable":true,"href":"https:\/\/www.hydraulic-cylinders.net\/tr\/wp-json\/wp\/v2\/product_brand?post=15493"},{"taxonomy":"product_cat","embeddable":true,"href":"https:\/\/www.hydraulic-cylinders.net\/tr\/wp-json\/wp\/v2\/product_cat?post=15493"},{"taxonomy":"product_tag","embeddable":true,"href":"https:\/\/www.hydraulic-cylinders.net\/tr\/wp-json\/wp\/v2\/product_tag?post=15493"}],"curies":[{"name":"wp","href":"https:\/\/api.w.org\/{rel}","templated":true}]}}