{"id":15495,"date":"2025-01-19T14:36:07","date_gmt":"2025-01-19T14:36:07","guid":{"rendered":"https:\/\/www.hydraulic-cylinders.net\/product\/bucket-cylinder-for-zoomlion-small-excavator-ze150e\/"},"modified":"2025-01-19T14:36:09","modified_gmt":"2025-01-19T14:36:09","slug":"bucket-cylinder-for-zoomlion-small-excavator-ze150e","status":"publish","type":"product","link":"https:\/\/www.hydraulic-cylinders.net\/tr\/urun\/bucket-cylinder-for-zoomlion-small-excavator-ze150e\/","title":{"rendered":"Zoomlion ZE150E K\u00fc\u00e7\u00fck Ekskavat\u00f6r \u0130\u00e7in Kep\u00e7e Silindiri"},"content":{"rendered":"<h1>Zoomlion ZE150E K\u00fc\u00e7\u00fck Ekskavat\u00f6r \u0130\u00e7in Kep\u00e7e Silindiri<\/h1>\n<h2>girii\u015f<\/h2>\n<p>Kep\u00e7e silindiri, ekskavat\u00f6rler, kaz\u0131c\u0131lar ve \u00f6n y\u00fckleyiciler gibi a\u011f\u0131r makinelerde kep\u00e7enin hareketini kontrol etmek i\u00e7in \u00f6zel olarak tasarlanm\u0131\u015f bir hidrolik silindirdir. Ana i\u015flevi, kep\u00e7enin kald\u0131r\u0131lmas\u0131n\u0131, indirilmesini ve e\u011filmesini sa\u011flayarak \u00e7e\u015fitli malzeme ta\u015f\u0131ma g\u00f6revlerini kolayla\u015ft\u0131rmakt\u0131r. Hidrolik sistemde, kep\u00e7e silindiri hidrolik ya\u011f bas\u0131nc\u0131ndaki de\u011fi\u015fiklikler yoluyla kep\u00e7enin hassas kontrol\u00fcn\u00fc sa\u011flar ve operat\u00f6rlerin a\u011f\u0131r y\u00fckleri verimli bir \u015fekilde ta\u015f\u0131mas\u0131na, karma\u015f\u0131k \u00e7al\u0131\u015fma ortamlar\u0131na ve \u00e7e\u015fitlendirilmi\u015f operasyonel gereksinimlere uyum sa\u011flamas\u0131na olanak tan\u0131r.<\/p>\n<p><img decoding=\"async\" src=\"https:\/\/www.hydraulic-cylinders.net\/wp-content\/uploads\/2025\/01\/songte-company-2.webp\" alt=\"Kova Silindiri G\u00f6r\u00fcnt\u00fcs\u00fc\"><\/p>\n<h2>\u00d6zellikler<\/h2>\n<ul>\n<li>Y\u00fcksek mukavemet ve dayan\u0131kl\u0131l\u0131k: Genellikle y\u00fcksek mukavemetli \u00e7elik veya al\u00fcminyumdan \u00fcretilir, y\u00fcksek bas\u0131nca ve a\u011f\u0131r y\u00fcklere dayanabilir, zorlu \u00e7al\u0131\u015fma ortamlar\u0131na uyarlanm\u0131\u015ft\u0131r ve a\u015f\u0131nma direnci ile korozyon direncini dikkate alarak tasarlanm\u0131\u015ft\u0131r, b\u00f6ylece kullan\u0131m \u00f6mr\u00fc uzar.<\/li>\n<li>Verimli hidrolik \u00e7al\u0131\u015fma: Hidrolik ya\u011f bas\u0131nc\u0131n\u0131 kullanarak d\u00fczg\u00fcn uzatma ve b\u00fcz\u00fclme hareketleri ger\u00e7ekle\u015ftirir, kontrol komutlar\u0131na h\u0131zl\u0131 yan\u0131t verebilir, g\u00fc\u00e7l\u00fc itme ve \u00e7ekme kuvvetleri sa\u011flayabilir, a\u011f\u0131r y\u00fcklerin ve karma\u015f\u0131k operasyonel g\u00f6revlerin \u00fcstesinden gelmek i\u00e7in uygundur.<\/li>\n<li>\u00c7e\u015fitli tipler: Tek etkili (hidrolik sadece tek y\u00f6nde kullan\u0131l\u0131r) veya \u00e7ift etkili (hidrolik iki y\u00f6nde kullan\u0131l\u0131r) silindirler, farkl\u0131 \u00e7al\u0131\u015fma ihtiya\u00e7lar\u0131n\u0131 kar\u015f\u0131lamak \u00fczere gereksinimlere g\u00f6re se\u00e7ilebilir. Baz\u0131 modeller teleskopiktir ve d\u0131\u015f boyutlar\u0131 art\u0131rmadan daha fazla uzatmaya olanak tan\u0131r, bu da s\u0131n\u0131rl\u0131 alana sahip uygulamalar i\u00e7in uygundur.<\/li>\n<\/ul>\n<p>Biz bu \u00fcr\u00fcn\u00fc \u00fcretebiliyoruz ve \u00fcr\u00fcn\u00fcm\u00fcz bu hidrolik silindirlerin yerini m\u00fckemmel bir \u015fekilde alabiliyor.<\/p>\n<p><img decoding=\"async\" src=\"https:\/\/www.hydraulic-cylinders.net\/wp-content\/uploads\/2025\/01\/songte-cylinder-head-with-all-kinds-excavator-models.webp\" alt=\"Kova Silindiri De\u011fi\u015ftirme G\u00f6rseli\"><\/p>\n<h2>Ba\u015fvuru<\/h2>\n<p>Kova silindiri \u00e7e\u015fitli alanlarda uygulama bulmaktad\u0131r:<\/p>\n<ul>\n<li>\u0130n\u015faat Ekipmanlar\u0131: Ekskavat\u00f6rlerde, toprak veya molozun kaz\u0131lmas\u0131, y\u00fcklenmesi ve ta\u015f\u0131nmas\u0131 i\u00e7in kritik \u00f6neme sahiptirler. Kaz\u0131c\u0131 makinelerde ise kova silindiri hem kazmaya hem de kald\u0131rmaya yard\u0131mc\u0131 olur. <\/li>\n<li>Tar\u0131m Makineleri: \u00d6n y\u00fckleyicilerde toprak, saman ve di\u011fer malzemelerin kep\u00e7eyle al\u0131nmas\u0131, kald\u0131r\u0131lmas\u0131 ve ta\u015f\u0131nmas\u0131nda kullan\u0131l\u0131r. Ekskavat\u00f6rler: Kep\u00e7e silindiri, kep\u00e7enin topra\u011fa n\u00fcfuz etmesini sa\u011flayarak kaz\u0131 i\u015flemlerini m\u00fcmk\u00fcn k\u0131lar. <\/li>\n<li>Y\u00fckleyiciler: \u00d6n y\u00fckleyicilerde, mallar\u0131n etkili bir \u015fekilde kald\u0131r\u0131lmas\u0131na ve e\u011filmesine yard\u0131mc\u0131 olurlar. <\/li>\n<\/ul>\n<h2>Tasar\u0131m Hususlar\u0131 ve Se\u00e7im Kriterleri<\/h2>\n<ul>\n<li>Ta\u015f\u0131ma kapasitesi: Silindir, ta\u015f\u0131nan malzemenin a\u011f\u0131rl\u0131\u011f\u0131n\u0131 ta\u015f\u0131yabilmelidir.<\/li>\n<li>S\u0131zd\u0131rmazl\u0131k: Hidrolik ya\u011f s\u0131z\u0131nt\u0131s\u0131n\u0131 \u00f6nlemek ve bas\u0131nc\u0131 korumak i\u00e7in silindir d\u00fczg\u00fcn bir \u015fekilde s\u0131zd\u0131rmaz hale getirilmelidir.<\/li>\n<li>Dayan\u0131kl\u0131l\u0131k: Silindir, tekrarlanan kullan\u0131mdan kaynaklanan a\u015f\u0131nma ve y\u0131pranmaya dayanabilecek malzemelerden yap\u0131lm\u0131\u015f olmal\u0131d\u0131r.<\/li>\n<li>G\u00fcvenlik: Silindir, kazalar\u0131 \u00f6nlemek i\u00e7in g\u00fcvenlik \u00f6zellikleriyle tasarlanmal\u0131d\u0131r.<\/li>\n<li>Bak\u0131m: Silindir, bak\u0131m ve onar\u0131m\u0131 kolayla\u015ft\u0131racak \u00f6zelliklerle tasarlanmal\u0131d\u0131r.<\/li>\n<\/ul>\n<p><img decoding=\"async\" src=\"https:\/\/www.hydraulic-cylinders.net\/wp-content\/uploads\/2025\/01\/songte-oil-pipes-and-spare-parts.webp\" alt=\"Silindir Par\u00e7alar\u0131 G\u00f6r\u00fcnt\u00fcs\u00fc\"><\/p>\n<h2>S\u0131zd\u0131rmazl\u0131k ve Ya\u011flama<\/h2>\n<p>Piston contalar\u0131, mil contalar\u0131 vb. gibi \u00e7e\u015fitli s\u0131zd\u0131rmazl\u0131k bile\u015fenleri, uygun s\u0131zd\u0131rmazl\u0131\u011f\u0131 sa\u011flamak i\u00e7in kullan\u0131l\u0131r. Contalar, poli\u00fcretan, nitril kau\u00e7uk vb. a\u015f\u0131nmaya dayan\u0131kl\u0131 malzemelerden yap\u0131lm\u0131\u015ft\u0131r. Silindir g\u00f6vdesi ve di\u015fli u\u00e7 y\u00fczeyleri, a\u015f\u0131nma direncini art\u0131rmak i\u00e7in ince bir \u015fekilde i\u015flenmi\u015ftir. Ayr\u0131ca, ya\u011flama i\u00e7in uygun miktarda hidrolik ya\u011f\u0131n d\u00fczenli olarak eklenmesi de gereklidir.<\/p>\n<h2>Bak\u0131m ve Servis<\/h2>\n<p>D\u00fczenli kontrol, uygun ya\u011flama, conta de\u011fi\u015fimi ve kalibrasyon kontrolleri yayg\u0131n bak\u0131m i\u015flemleridir. Do\u011fru montaj, ya\u011flama ve ayarlama \u00f6nemlidir ve montaj s\u0131ras\u0131nda silindirin hizalanmas\u0131 i\u00e7in uygun k\u0131lavuz sa\u011flanmal\u0131d\u0131r. Silindiri sabitlemek i\u00e7in uygun montaj braketlerinin kullan\u0131lmas\u0131 \u00f6nerilir. \u00d6nerilen kontrol, onar\u0131m ve de\u011fi\u015ftirme prosed\u00fcrleri, yedek par\u00e7alar ve yeniden yap\u0131land\u0131rma hizmetleri, silindirin kullan\u0131m \u00f6mr\u00fcn\u00fc uzatabilir.<\/p>\n<p><img decoding=\"async\" src=\"https:\/\/www.hydraulic-cylinders.net\/wp-content\/uploads\/2025\/01\/songte-chushion-collar.webp\" alt=\"Yast\u0131klama Yakas\u0131 Resmi\"><\/p>\n<h2>G\u00fcvenlik Hususlar\u0131 ve \u00c7evresel Fakt\u00f6rler<\/h2>\n<p>Kaza riskini \u00f6nlemek i\u00e7in hidrolik silindirlerin kullan\u0131m\u0131 ve montaj\u0131 s\u0131ras\u0131nda g\u00fcvenlik \u00f6nlemlerine uymak \u00f6nemlidir. Silindir se\u00e7imi yap\u0131l\u0131rken s\u0131cakl\u0131k ve nem gibi \u00e7evresel fakt\u00f6rler de dikkate al\u0131nmal\u0131d\u0131r.<\/p>\n<h2>S\u0131k G\u00f6r\u00fclen Ar\u0131zalar\u0131n Te\u015fhisi ve \u00c7\u00f6z\u00fcmleri<\/h2>\n<p>S\u0131k g\u00f6r\u00fclen ar\u0131zalar aras\u0131nda ya\u011f ka\u00e7a\u011f\u0131, yetersiz bas\u0131n\u00e7 ve yava\u015f hareket yer al\u0131r. Do\u011fru inceleme ve bak\u0131m, sorunlar\u0131n tespit edilmesine ve \u00e7\u00f6z\u00fclmesine yard\u0131mc\u0131 olabilir.<\/p>\n<p><img decoding=\"async\" src=\"https:\/\/www.hydraulic-cylinders.net\/wp-content\/uploads\/2025\/01\/songte-bushings-with-all-kinds-of-excavator-models.webp\" alt=\"Bur\u00e7lar G\u00f6r\u00fcnt\u00fcs\u00fc\"><\/p>\n<h2>\u015eirketimiz Hakk\u0131nda<\/h2>\n<p>Hidrolik silindir yedek par\u00e7alar\u0131 konusunda geni\u015f bir \u00fcr\u00fcn yelpazesine sahip bir \u00fcreticiyiz. Yurti\u00e7i ve yurtd\u0131\u015f\u0131 pazarlarda \u00f6nde gelen hidrolik silindir \u00fcreticilerinden ve toptanc\u0131lar\u0131ndan biri haline geldik. M\u00fckemmel kalite ilkesini benimsiyor ve ince i\u015f\u00e7ilik gerektiren \u00fcretim at\u00f6lyelerimizde end\u00fcstriyel \u00fcretim y\u00f6netim stratejilerine g\u00fcveniyoruz. Teknik yeteneklerimiz, dijital \u00fcst d\u00fczey \u00fcretim ekipmanlar\u0131m\u0131z ve profesyonel test sistemlerimiz sayesinde \u00fcretim platformumuzu s\u00fcrekli geli\u015ftiriyor ve \u00fcr\u00fcn kalitesi \u00fcretim hatt\u0131m\u0131z\u0131 m\u00fckemmelle\u015ftiriyoruz. G\u00fc\u00e7l\u00fc yarat\u0131c\u0131 yeteneklerimizle, y\u00fcksek verimlilik, y\u00fcksek hassasiyet ve y\u00fcksek kalite ilkeleri temelinde m\u00fc\u015fterilerimizin \u00e7e\u015fitli ihtiya\u00e7lar\u0131n\u0131 kar\u015f\u0131l\u0131yoruz.<\/p>\n<p>Our company&#8217;s features include:<\/p>\n<ul>\n<li>Profesyonellik<\/li>\n<li>Uluslararas\u0131 sertifikasyon<\/li>\n<li>\u00d6zelle\u015ftirme hizmetleri<\/li>\n<li>\u00dcretim ekipmanlar\u0131<\/li>\n<li>Sat\u0131\u015f sonras\u0131 servis<\/li>\n<\/ul>\n<p><img decoding=\"async\" src=\"https:\/\/hzpt.com\/wp-content\/uploads\/2024\/11\/songte-company-1.webp\" alt=\"\u015eirket \u0130maj\u0131\"><\/p>\n<p>Yazar: lyl<\/p>","protected":false},"excerpt":{"rendered":"<p>Bucket Cylinder For Zoomlion Small Excavator ZE150E Introduction A bucket cylinder is a specially designed hydraulic cylinder that is mainly used to control the movement of the bucket in heavy machinery such as excavators, backhoes, and front-end loaders. Its main function is to enable the bucket to lift, lower, and tilt, making it easier to [&hellip;]<\/p>","protected":false},"featured_media":14785,"comment_status":"open","ping_status":"closed","template":"","meta":{"_et_pb_use_builder":"","_et_pb_old_content":"","_et_gb_content_width":""},"product_brand":[],"product_cat":[1494],"product_tag":[1495,1496],"class_list":{"0":"post-15495","1":"product","2":"type-product","3":"status-publish","4":"has-post-thumbnail","6":"product_cat-bucket-cylinders","7":"product_tag-bucket-cylinders","8":"product_tag-hydraulic-cylinders","10":"first","11":"instock","12":"shipping-taxable","13":"product-type-simple"},"amp_enabled":true,"_links":{"self":[{"href":"https:\/\/www.hydraulic-cylinders.net\/tr\/wp-json\/wp\/v2\/product\/15495","targetHints":{"allow":["GET"]}}],"collection":[{"href":"https:\/\/www.hydraulic-cylinders.net\/tr\/wp-json\/wp\/v2\/product"}],"about":[{"href":"https:\/\/www.hydraulic-cylinders.net\/tr\/wp-json\/wp\/v2\/types\/product"}],"replies":[{"embeddable":true,"href":"https:\/\/www.hydraulic-cylinders.net\/tr\/wp-json\/wp\/v2\/comments?post=15495"}],"wp:featuredmedia":[{"embeddable":true,"href":"https:\/\/www.hydraulic-cylinders.net\/tr\/wp-json\/wp\/v2\/media\/14785"}],"wp:attachment":[{"href":"https:\/\/www.hydraulic-cylinders.net\/tr\/wp-json\/wp\/v2\/media?parent=15495"}],"wp:term":[{"taxonomy":"product_brand","embeddable":true,"href":"https:\/\/www.hydraulic-cylinders.net\/tr\/wp-json\/wp\/v2\/product_brand?post=15495"},{"taxonomy":"product_cat","embeddable":true,"href":"https:\/\/www.hydraulic-cylinders.net\/tr\/wp-json\/wp\/v2\/product_cat?post=15495"},{"taxonomy":"product_tag","embeddable":true,"href":"https:\/\/www.hydraulic-cylinders.net\/tr\/wp-json\/wp\/v2\/product_tag?post=15495"}],"curies":[{"name":"wp","href":"https:\/\/api.w.org\/{rel}","templated":true}]}}