{"id":15496,"date":"2025-01-19T14:36:11","date_gmt":"2025-01-19T14:36:11","guid":{"rendered":"https:\/\/www.hydraulic-cylinders.net\/product\/bucket-cylinder-for-zoomlion-middle-excavator-ze205e\/"},"modified":"2025-01-19T14:36:13","modified_gmt":"2025-01-19T14:36:13","slug":"bucket-cylinder-for-zoomlion-middle-excavator-ze205e","status":"publish","type":"product","link":"https:\/\/www.hydraulic-cylinders.net\/tr\/urun\/bucket-cylinder-for-zoomlion-middle-excavator-ze205e\/","title":{"rendered":"Zoomlion Orta Ekskavat\u00f6r ZE205E i\u00e7in Kova Silindiri"},"content":{"rendered":"<h1>Zoomlion Orta Ekskavat\u00f6r ZE205E i\u00e7in Kova Silindiri<\/h1>\n<h2>girii\u015f<\/h2>\n<p>Kep\u00e7e silindiri, ekskavat\u00f6rler, kaz\u0131c\u0131 y\u00fckleyiciler ve \u00f6n y\u00fckleyiciler gibi a\u011f\u0131r makinelerde kep\u00e7enin hareketini kontrol etmek i\u00e7in \u00f6zel olarak tasarlanm\u0131\u015f bir hidrolik silindirdir. Ana i\u015flevi, kep\u00e7enin kald\u0131r\u0131lmas\u0131n\u0131, indirilmesini ve e\u011filmesini sa\u011flayarak \u00e7e\u015fitli malzeme ta\u015f\u0131ma g\u00f6revlerini kolayla\u015ft\u0131rmakt\u0131r. Hidrolik sistemde, kep\u00e7e silindiri hidrolik ya\u011f bas\u0131nc\u0131ndaki de\u011fi\u015fiklikler yoluyla kep\u00e7enin hassas kontrol\u00fcn\u00fc sa\u011flar ve operat\u00f6rlerin a\u011f\u0131r y\u00fckleri verimli bir \u015fekilde ta\u015f\u0131mas\u0131na, karma\u015f\u0131k \u00e7al\u0131\u015fma ortamlar\u0131na ve \u00e7e\u015fitli operasyonel ihtiya\u00e7lara uyum sa\u011flamas\u0131na olanak tan\u0131r.<\/p>\n<p><img decoding=\"async\" src=\"https:\/\/www.hydraulic-cylinders.net\/wp-content\/uploads\/2025\/01\/songte-company-2.webp\" alt=\"Kova Silindiri G\u00f6r\u00fcnt\u00fcs\u00fc\"><\/p>\n<h2>\u00d6zellikler<\/h2>\n<ul>\n<li>Y\u00fcksek mukavemet ve dayan\u0131kl\u0131l\u0131k: Genellikle y\u00fcksek mukavemetli \u00e7elik veya al\u00fcminyumdan \u00fcretilen bu malzeme, y\u00fcksek bas\u0131nca ve a\u011f\u0131r y\u00fcklere dayanabilir, zorlu \u00e7al\u0131\u015fma ortamlar\u0131na uyum sa\u011flayabilir ve kullan\u0131m \u00f6mr\u00fcn\u00fc uzatmak i\u00e7in a\u015f\u0131nma ve korozyon direnci g\u00f6z \u00f6n\u00fcnde bulundurularak tasarlanm\u0131\u015ft\u0131r.<\/li>\n<li>Verimli hidrolik \u00e7al\u0131\u015fma: Hidrolik ya\u011f bas\u0131nc\u0131 kullan\u0131larak d\u00fczg\u00fcn uzatma ve geri \u00e7ekme hareketleri sa\u011flan\u0131r; bu da g\u00fc\u00e7l\u00fc itme ve \u00e7ekme kuvvetleri sa\u011flayarak a\u011f\u0131r y\u00fcklerin ve karma\u015f\u0131k operasyonel g\u00f6revlerin \u00fcstesinden gelmeye uygundur.<\/li>\n<li>\u00c7e\u015fitli tipler: Tek etkili (hidrolik sadece tek y\u00f6nde kullan\u0131l\u0131r) veya \u00e7ift etkili (hidrolik her iki y\u00f6nde kullan\u0131l\u0131r) silindirler, farkl\u0131 \u00e7al\u0131\u015fma ihtiya\u00e7lar\u0131n\u0131 kar\u015f\u0131lamak \u00fczere gereksinimlere g\u00f6re se\u00e7ilebilir. Baz\u0131 modeller teleskopiktir ve d\u0131\u015f boyutlar\u0131 art\u0131rmadan daha fazla uzatmaya olanak tan\u0131r, bu da s\u0131n\u0131rl\u0131 alana sahip uygulamalar i\u00e7in uygundur.<\/li>\n<li>De\u011fi\u015ftirilebilir: \u00dcr\u00fcn\u00fcm\u00fcz bu hidrolik silindirlerin yerini m\u00fckemmel \u015fekilde alabilir.<\/li>\n<\/ul>\n<p><img decoding=\"async\" src=\"https:\/\/www.hydraulic-cylinders.net\/wp-content\/uploads\/2025\/01\/songte-cylinder-head-with-all-kinds-excavator-models.webp\" alt=\"\u00dcr\u00fcn G\u00f6rseli\"><\/p>\n<h2>Uygulamalar<\/h2>\n<ul>\n<li>\u0130n\u015faat ekipmanlar\u0131: Ekskavat\u00f6rlerde, toprak veya moloz kazma, y\u00fckleme ve ta\u015f\u0131ma i\u015flemlerinde vazge\u00e7ilmezdirler. Kaz\u0131c\u0131 y\u00fckleyicilerde ise kep\u00e7e silindiri hem kazma hem de kald\u0131rma i\u015flemlerine yard\u0131mc\u0131 olur. <\/li>\n<li>Tar\u0131m makineleri: \u00d6n y\u00fckleyiciler, kep\u00e7eler, kald\u0131rma ve toprak, saman ve di\u011fer malzemelerin ta\u015f\u0131nmas\u0131 i\u00e7in kullan\u0131l\u0131r. <\/li>\n<li>Ekskavat\u00f6rler: Kep\u00e7e silindiri, kep\u00e7enin topra\u011fa n\u00fcfuz etmesini sa\u011flayarak kazma i\u015flemini m\u00fcmk\u00fcn k\u0131lar. <\/li>\n<li>\u00d6n y\u00fckleyiciler: \u00d6n y\u00fckleyicilerde, mallar\u0131n hem kald\u0131r\u0131lmas\u0131na hem de bo\u015falt\u0131lmas\u0131na etkili bir \u015fekilde yard\u0131mc\u0131 olurlar.<\/li>\n<\/ul>\n<h2>Tasar\u0131m Hususlar\u0131 ve Se\u00e7im Kriterleri<\/h2>\n<ul>\n<li>Ta\u015f\u0131ma kapasitesi: Silindir, \u00e7evresel fakt\u00f6rler ve \u00e7al\u0131\u015fma ko\u015fullar\u0131 dikkate al\u0131narak y\u00fck\u00fc ta\u015f\u0131yabilecek kapasitede olmal\u0131d\u0131r.<\/li>\n<li>S\u0131zd\u0131rmazl\u0131k: S\u0131z\u0131nt\u0131y\u0131 \u00f6nlemek ve d\u00fczg\u00fcn \u00e7al\u0131\u015fmay\u0131 sa\u011flamak i\u00e7in silindirin s\u0131zd\u0131rmaz hale getirilmesi gerekir. <\/li>\n<li>Dayan\u0131kl\u0131l\u0131k: Silindir a\u015f\u0131nmaya ve korozyona kar\u015f\u0131 dayan\u0131kl\u0131 olmal\u0131 ve kullan\u0131m \u00f6mr\u00fcn\u00fc uzatacak malzeme ve kaplamalarla tasarlanmal\u0131d\u0131r.<\/li>\n<li>G\u00fcvenlik: Silindir, kazalar\u0131 \u00f6nlemek ve do\u011fru \u00e7al\u0131\u015fmay\u0131 sa\u011flamak i\u00e7in g\u00fcvenlik g\u00f6z \u00f6n\u00fcnde bulundurularak tasarlanmal\u0131 ve monte edilmelidir.<\/li>\n<li>Bak\u0131m: Silindir, de\u011fi\u015ftirilebilir par\u00e7alara ve onar\u0131m ve inceleme i\u00e7in kolay eri\u015fime sahip, kolay bak\u0131ma uygun \u015fekilde tasarlanmal\u0131d\u0131r.<\/li>\n<\/ul>\n<p><img decoding=\"async\" src=\"https:\/\/www.hydraulic-cylinders.net\/wp-content\/uploads\/2025\/01\/songte-oil-pipes-and-spare-parts.webp\" alt=\"Tasar\u0131m G\u00f6rseli\"><\/p>\n<h2>S\u0131zd\u0131rmazl\u0131k ve Ya\u011flama<\/h2>\n<p>Piston contalar\u0131 ve mil contalar\u0131 gibi \u00e7e\u015fitli s\u0131zd\u0131rmazl\u0131k elemanlar\u0131 kullan\u0131l\u0131r ve s\u0131zd\u0131rmazl\u0131k elemanlar\u0131 i\u00e7in poli\u00fcretan ve nitril kau\u00e7uk gibi a\u015f\u0131nmaya dayan\u0131kl\u0131 malzemeler se\u00e7ilir. Silindir g\u00f6vdesi ve di\u015fli u\u00e7 y\u00fczeyi, a\u015f\u0131nma direncini art\u0131rmak i\u00e7in ince bir \u015fekilde i\u015flenir. Uygun ya\u011flamay\u0131 sa\u011flamak i\u00e7in hidrolik ya\u011f\u0131n d\u00fczenli olarak yenilenmesi gerekir.<\/p>\n<p><img decoding=\"async\" src=\"https:\/\/www.hydraulic-cylinders.net\/wp-content\/uploads\/2025\/01\/songte-chushion-collar.webp\" alt=\"M\u00fch\u00fcrleme G\u00f6r\u00fcnt\u00fcs\u00fc\"><\/p>\n<h2>Bak\u0131m ve Onar\u0131m<\/h2>\n<ul>\n<li>D\u00fczenli kontrol: Silindirin d\u00fczg\u00fcn \u00e7al\u0131\u015fmas\u0131n\u0131 sa\u011flamak ve olas\u0131 sorunlar\u0131 tespit etmek i\u00e7in d\u00fczenli olarak kontrol edilmesi gerekir.<\/li>\n<li>Ya\u011flama: Silindirin sorunsuz \u00e7al\u0131\u015fmas\u0131n\u0131 sa\u011flamak ve kullan\u0131m \u00f6mr\u00fcn\u00fc uzatmak i\u00e7in uygun ya\u011flama gereklidir.<\/li>\n<li>S\u0131z\u0131nt\u0131y\u0131 \u00f6nlemek ve d\u00fczg\u00fcn \u00e7al\u0131\u015fmay\u0131 sa\u011flamak i\u00e7in a\u015f\u0131nm\u0131\u015f veya hasar g\u00f6rm\u00fc\u015f contalar derhal de\u011fi\u015ftirilmelidir.<\/li>\n<\/ul>\n<p> Silindirin performans\u0131 ve \u00f6mr\u00fc i\u00e7in do\u011fru montaj \u00e7ok \u00f6nemlidir. Silindir, uygun montaj braketleri kullan\u0131larak do\u011fru \u015fekilde hizalanmal\u0131 ve sabitlenmelidir. Silindirin kullan\u0131m \u00f6mr\u00fcn\u00fc uzatmak i\u00e7in \u00f6nerilen inceleme, onar\u0131m ve de\u011fi\u015ftirme prosed\u00fcrleri sunulmu\u015ftur.<\/p>\n<p><img decoding=\"async\" src=\"https:\/\/hzpt.com\/wp-content\/uploads\/2024\/11\/songte-company-1.webp\" alt=\"Bak\u0131m G\u00f6r\u00fcnt\u00fcs\u00fc\"><\/p>\n<h2>G\u00fcvenlik ve \u00c7evresel Hususlar<\/h2>\n<p>Hidrolik silindirlerin kullan\u0131m\u0131nda g\u00fcvenlik \u00f6nlemleri son derece \u00f6nemlidir. Kazalar\u0131 \u00f6nlemek i\u00e7in do\u011fru kurulum, bak\u0131m ve \u00e7al\u0131\u015ft\u0131rma y\u00f6ntemlerine uyulmal\u0131d\u0131r. S\u0131cakl\u0131k ve nem gibi \u00e7evresel fakt\u00f6rler silindirin performans\u0131n\u0131 etkileyebilir ve kurulum ve \u00e7al\u0131\u015ft\u0131rma s\u0131ras\u0131nda dikkate al\u0131nmal\u0131d\u0131r.<\/p>\n<p><img decoding=\"async\" src=\"https:\/\/www.hydraulic-cylinders.net\/wp-content\/uploads\/2025\/01\/songte-bushings-with-all-kinds-of-excavator-models.webp\" alt=\"G\u00fcvenlik G\u00f6r\u00fcnt\u00fcs\u00fc\"><\/p>\n<h2>Sorun Giderme ve Yayg\u0131n Sorunlar<\/h2>\n<ul>\n<li>S\u0131k s\u0131z\u0131nt\u0131: A\u015f\u0131nm\u0131\u015f contalardan veya hasar g\u00f6rm\u00fc\u015f silindirlerden kaynaklanabilir.<\/li>\n<li>S\u0131k s\u0131k silindir ar\u0131zas\u0131: Bunun nedeni yanl\u0131\u015f montaj, yanl\u0131\u015f hizalama veya hatal\u0131 kullan\u0131m olabilir.<\/li>\n<li>\u00c7al\u0131\u015fma s\u0131ras\u0131nda anormal ses: Bu ses, rulmanlar veya contalar gibi i\u00e7 bile\u015fenlerin a\u015f\u0131nmas\u0131 veya hasar g\u00f6rmesinden kaynaklanabilir.<\/li>\n<\/ul>\n<p>D\u00fczenli kontrol ve bak\u0131m, bu sorunlar\u0131n ortaya \u00e7\u0131kmas\u0131n\u0131 \u00f6nlemeye yard\u0131mc\u0131 olabilir. Okuyucular\u0131n sorunlar\u0131 te\u015fhis etmelerine ve \u00e7\u00f6zmelerine yard\u0131mc\u0131 olmak i\u00e7in sorun giderme ipu\u00e7lar\u0131 ve \u00e7\u00f6z\u00fcmleri sunulmu\u015ftur. Potansiyel sorunlar\u0131 en aza indirmek i\u00e7in \u00f6nleyici tedbirler \u00f6nerilir.<\/p>\n<p><img decoding=\"async\" src=\"https:\/\/www.hydraulic-cylinders.net\/wp-content\/uploads\/2025\/01\/songte-company-3.webp\" alt=\"\u015eirket \u0130maj\u0131\"><\/p>\n<h2>Hakk\u0131m\u0131zda<\/h2>\n<p>Yedek hidrolik silindir \u00fcreticisi olarak, geni\u015f bir \u00fcr\u00fcn yelpazesi sunuyoruz ve hem yurt i\u00e7inde hem de yurt d\u0131\u015f\u0131nda hidrolik silindirlerin \u00f6nde gelen \u00fcreticilerinden ve toptanc\u0131lar\u0131ndan biri haline geldik. M\u00fckemmel kalite ilkesine ba\u011fl\u0131 kalarak, geli\u015fmi\u015f bir \u00fcretim at\u00f6lyesinin end\u00fcstriyel \u00fcretim y\u00f6netim stratejisine g\u00fcveniyoruz. Teknik yeteneklerden, dijital y\u00fcksek teknoloji \u00fcretim ekipmanlar\u0131ndan ve profesyonel test sistemlerinden yararlanarak at\u00f6lyenin \u00fcretim platformunu s\u00fcrekli olarak geli\u015ftiriyor, \u00fcr\u00fcn kalitesi \u00fcretim yolunu iyile\u015ftiriyor ve y\u00fcksek verimlilik, hassasiyet ve kalite ile m\u00fc\u015fterilerin \u00e7e\u015fitli ihtiya\u00e7lar\u0131n\u0131 kar\u015f\u0131lamak i\u00e7in g\u00fc\u00e7l\u00fc bir yarat\u0131c\u0131l\u0131k yetene\u011fine sahibiz.<\/p>\n<p>\u00dcr\u00fcnlerin kullan\u0131m \u00f6mr\u00fcn\u00fc uzatmak i\u00e7in \u00f6zelle\u015ftirilmi\u015f hizmetler sunuyoruz, uluslararas\u0131 sertifikal\u0131 \u00fcr\u00fcnler kullan\u0131yoruz ve par\u00e7a de\u011fi\u015fimi ve yeniden yap\u0131land\u0131rma hizmetleri de dahil olmak \u00fczere profesyonel sat\u0131\u015f sonras\u0131 hizmetler sa\u011fl\u0131yoruz.<\/p>\n<p><img decoding=\"async\" src=\"https:\/\/www.hydraulic-cylinders.net\/wp-content\/uploads\/2025\/01\/songte-company-1.webp\" alt=\"Hakk\u0131m\u0131zda Resmi\"><\/p>\n<p>Yazar: lyl.<\/p>","protected":false},"excerpt":{"rendered":"<p>Bucket Cylinder For Zoomlion Middle Excavator ZE205E Introduction The bucket cylinder is a specially designed hydraulic cylinder mainly used to control the movement of the bucket in heavy machinery such as excavators, backhoe loaders, and front loaders. Its main function is to enable the bucket to lift, lower, and tilt, making it easier to handle [&hellip;]<\/p>","protected":false},"featured_media":14784,"comment_status":"open","ping_status":"closed","template":"","meta":{"_et_pb_use_builder":"","_et_pb_old_content":"","_et_gb_content_width":""},"product_brand":[],"product_cat":[1494],"product_tag":[1495,1496],"class_list":{"0":"post-15496","1":"product","2":"type-product","3":"status-publish","4":"has-post-thumbnail","6":"product_cat-bucket-cylinders","7":"product_tag-bucket-cylinders","8":"product_tag-hydraulic-cylinders","10":"first","11":"instock","12":"shipping-taxable","13":"product-type-simple"},"amp_enabled":true,"_links":{"self":[{"href":"https:\/\/www.hydraulic-cylinders.net\/tr\/wp-json\/wp\/v2\/product\/15496","targetHints":{"allow":["GET"]}}],"collection":[{"href":"https:\/\/www.hydraulic-cylinders.net\/tr\/wp-json\/wp\/v2\/product"}],"about":[{"href":"https:\/\/www.hydraulic-cylinders.net\/tr\/wp-json\/wp\/v2\/types\/product"}],"replies":[{"embeddable":true,"href":"https:\/\/www.hydraulic-cylinders.net\/tr\/wp-json\/wp\/v2\/comments?post=15496"}],"wp:featuredmedia":[{"embeddable":true,"href":"https:\/\/www.hydraulic-cylinders.net\/tr\/wp-json\/wp\/v2\/media\/14784"}],"wp:attachment":[{"href":"https:\/\/www.hydraulic-cylinders.net\/tr\/wp-json\/wp\/v2\/media?parent=15496"}],"wp:term":[{"taxonomy":"product_brand","embeddable":true,"href":"https:\/\/www.hydraulic-cylinders.net\/tr\/wp-json\/wp\/v2\/product_brand?post=15496"},{"taxonomy":"product_cat","embeddable":true,"href":"https:\/\/www.hydraulic-cylinders.net\/tr\/wp-json\/wp\/v2\/product_cat?post=15496"},{"taxonomy":"product_tag","embeddable":true,"href":"https:\/\/www.hydraulic-cylinders.net\/tr\/wp-json\/wp\/v2\/product_tag?post=15496"}],"curies":[{"name":"wp","href":"https:\/\/api.w.org\/{rel}","templated":true}]}}