{"id":15499,"date":"2025-01-19T14:36:23","date_gmt":"2025-01-19T14:36:23","guid":{"rendered":"https:\/\/www.hydraulic-cylinders.net\/product\/bucket-cylinder-for-zoomlion-middle-excavator-ze230elr\/"},"modified":"2025-01-19T14:36:25","modified_gmt":"2025-01-19T14:36:25","slug":"bucket-cylinder-for-zoomlion-middle-excavator-ze230elr","status":"publish","type":"product","link":"https:\/\/www.hydraulic-cylinders.net\/tr\/urun\/bucket-cylinder-for-zoomlion-middle-excavator-ze230elr\/","title":{"rendered":"Zoomlion Orta Ekskavat\u00f6r ZE230ELR i\u00e7in Kova Silindiri"},"content":{"rendered":"<h1>Zoomlion Orta Ekskavat\u00f6r ZE230ELR i\u00e7in Kova Silindiri<\/h1>\n<h2>girii\u015f<\/h2>\n<h3>Tan\u0131m ve \u0130\u015flev<\/h3>\n<p>Kep\u00e7e silindiri, ekskavat\u00f6rler, kaz\u0131c\u0131 ekskavat\u00f6rler ve \u00f6n y\u00fckleyiciler gibi a\u011f\u0131r makinelerde kep\u00e7elerin hareketini kontrol etmek i\u00e7in \u00f6zel olarak tasarlanm\u0131\u015f bir hidrolik silindirdir. Ana i\u015flevi, kep\u00e7eleri kald\u0131rmak, indirmek ve e\u011fmektir; bu da \u00e7e\u015fitli malzeme ta\u015f\u0131ma g\u00f6revlerini kolayla\u015ft\u0131r\u0131r. Hidrolik sistemde, kep\u00e7e silindiri hidrolik ya\u011f bas\u0131nc\u0131ndaki de\u011fi\u015fiklikler yoluyla kep\u00e7enin hassas kontrol\u00fcn\u00fc sa\u011flar ve operat\u00f6rlerin a\u011f\u0131r nesneleri verimli bir \u015fekilde ta\u015f\u0131mas\u0131na, karma\u015f\u0131k \u00e7al\u0131\u015fma ortamlar\u0131na ve \u00e7e\u015fitli i\u015fletme gereksinimlerine uyum sa\u011flamas\u0131na olanak tan\u0131r.<\/p>\n<p><img decoding=\"async\" src=\"https:\/\/www.hydraulic-cylinders.net\/wp-content\/uploads\/2025\/01\/songte-company-2.webp\"><\/p>\n<h2>\u00d6zellikler<\/h2>\n<ul>\n<li>Y\u00fcksek Mukavemet ve Dayan\u0131kl\u0131l\u0131k: Genellikle y\u00fcksek mukavemetli \u00e7elik veya al\u00fcminyumdan \u00fcretilen bu \u00fcr\u00fcn, y\u00fcksek bas\u0131nca ve a\u011f\u0131r y\u00fcklere dayanabilir, zorlu \u00e7al\u0131\u015fma ortamlar\u0131na uyum sa\u011flayabilir ve a\u015f\u0131nma direnci ile korozyon direnci g\u00f6z \u00f6n\u00fcnde bulundurularak tasarlanm\u0131\u015ft\u0131r, bu da kullan\u0131m \u00f6mr\u00fcn\u00fc uzat\u0131r.<\/li>\n<li>Verimli Hidrolik \u00c7al\u0131\u015fma: Hidrolik ya\u011f bas\u0131nc\u0131ndan yararlan\u0131larak sorunsuz teleskopik hareket sa\u011flan\u0131r; bu da kontrol komutlar\u0131na h\u0131zl\u0131 yan\u0131t vererek a\u011f\u0131r nesnelerin ve karma\u015f\u0131k i\u015flerin ta\u015f\u0131nmas\u0131 i\u00e7in uygun g\u00fc\u00e7l\u00fc itme ve \u00e7ekme kuvvetleri sa\u011flar.<\/li>\n<li>\u00c7e\u015fitli Tipler: Farkl\u0131 \u00e7al\u0131\u015fma gereksinimlerini kar\u015f\u0131lamak i\u00e7in ihtiya\u00e7lara g\u00f6re tek etkili (hidrolik sadece tek y\u00f6nde kullan\u0131l\u0131r) veya \u00e7ift etkili (hidrolik iki y\u00f6nde kullan\u0131l\u0131r) silindirler se\u00e7ilebilir. Baz\u0131 modeller teleskopiktir ve d\u0131\u015f boyutlar\u0131 art\u0131rmadan daha fazla uzatmaya olanak tan\u0131yarak s\u0131n\u0131rl\u0131 alana sahip uygulamalar i\u00e7in uygun hale gelir.<\/li>\n<\/ul>\n<p>Bu \u00f6zelliklerin yan\u0131 s\u0131ra \u00fcr\u00fcn\u00fcm\u00fcz bu hidrolik silindirlerin yerini m\u00fckemmel bir \u015fekilde alabilmektedir.<\/p>\n<p><img decoding=\"async\" src=\"https:\/\/www.hydraulic-cylinders.net\/wp-content\/uploads\/2025\/01\/songte-cylinder-head-with-all-kinds-excavator-models.webp\"><\/p>\n<h2>Uygulamalar<\/h2>\n<p>Kova silindirleri, a\u015fa\u011f\u0131dakiler de dahil olmak \u00fczere \u00e7e\u015fitli in\u015faat ve tar\u0131m makinelerinde yayg\u0131n olarak kullan\u0131lmaktad\u0131r:<\/p>\n<ul>\n<li>Ekskavat\u00f6rler: Kova silindirleri, kovan\u0131n topra\u011fa n\u00fcfuz etmesini sa\u011flayarak kazma i\u015flemini m\u00fcmk\u00fcn k\u0131lar.<\/li>\n<li>\u00d6n y\u00fckleyiciler: \u00d6n y\u00fckleyicilerde, y\u00fcklerin etkili bir \u015fekilde kald\u0131r\u0131lmas\u0131na ve devrilmesine yard\u0131mc\u0131 olurlar.<\/li>\n<li>Kaz\u0131c\u0131 kep\u00e7eler: Kep\u00e7e silindiri, kaz\u0131 ve kald\u0131rma i\u015flerinde yard\u0131mc\u0131 olur.<\/li>\n<li>Tar\u0131m makineleri: \u00d6n y\u00fckleyicilerde toprak, saman ve di\u011fer malzemeleri kep\u00e7eyle almak, kald\u0131rmak ve ta\u015f\u0131mak i\u00e7in kullan\u0131l\u0131r.<\/li>\n<\/ul>\n<p>Each of these applications can be expanded upon for further detail, with each keyword&#8217;s description being at least 200 words.<\/p>\n<h2>Tasar\u0131m Hususlar\u0131 ve Se\u00e7im Kriterleri<\/h2>\n<h3>Ta\u015f\u0131ma Kapasitesi<\/h3>\n<p>Kep\u00e7e silindirleri i\u00e7in en \u00f6nemli tasar\u0131m unsuru ta\u015f\u0131ma kapasitesidir. Silindir, \u00e7al\u0131\u015fma ko\u015fullar\u0131na ve tak\u0131l\u0131 kep\u00e7enin a\u011f\u0131rl\u0131\u011f\u0131na ba\u011fl\u0131 olarak maruz kalaca\u011f\u0131 maksimum y\u00fcke dayanabilmelidir. Silindirin yap\u0131m\u0131nda kullan\u0131lan malzeme de, maruz kalaca\u011f\u0131 y\u00fck ve gerilmelere dayanabilme \u00f6zelli\u011fi g\u00f6z \u00f6n\u00fcnde bulundurularak dikkatlice se\u00e7ilmelidir.<\/p>\n<h3>S\u0131zd\u0131rmazl\u0131k<\/h3>\n<p>Kova silindirlerinin s\u0131zd\u0131rmazl\u0131k sistemi, bir di\u011fer kritik tasar\u0131m unsurudur. Silindir, s\u0131z\u0131nt\u0131lar\u0131 ve hidrolik s\u0131v\u0131n\u0131n kirlenmesini \u00f6nlemek i\u00e7in yeterince s\u0131zd\u0131rmaz olmal\u0131d\u0131r. Silindirin s\u0131zd\u0131rmaz kalmas\u0131n\u0131 ve ama\u00e7land\u0131\u011f\u0131 gibi \u00e7al\u0131\u015fmas\u0131n\u0131 sa\u011flamak i\u00e7in poli\u00fcretan veya nitril kau\u00e7uktan yap\u0131lm\u0131\u015f piston ve mil contalar\u0131 gibi y\u00fcksek kaliteli contalar\u0131n kullan\u0131lmas\u0131 \u015fartt\u0131r.<\/p>\n<h3>Dayan\u0131kl\u0131l\u0131k<\/h3>\n<p>Bucket cylinders must be designed to withstand harsh operating conditions, including exposure to dirt, dust, and other contaminants. The cylinder&#8217;s surface must also be treated to enhance its wear resistance and corrosion resistance, ensuring that it can perform reliably over an extended period.<\/p>\n<h3>Emniyet<\/h3>\n<p>Kep\u00e7e silindirlerinin g\u00fcvenli\u011fi kritik \u00f6neme sahiptir ve kazalar\u0131 ve yaralanmalar\u0131 \u00f6nleyecek \u015fekilde tasarlanmal\u0131d\u0131r. Silindirlerin g\u00fcvenli ve g\u00fcvenilir bir \u015fekilde \u00e7al\u0131\u015fmas\u0131n\u0131 sa\u011flamak i\u00e7in tasar\u0131ma genellikle bas\u0131n\u00e7 tahliye vanalar\u0131, patlama diskleri ve hareket sonu durdurucular\u0131 gibi g\u00fcvenlik \u00f6zellikleri dahil edilir.<\/p>\n<h3>Bak\u0131m<\/h3>\n<p>Kep\u00e7e silindirlerinin bak\u0131m\u0131, iyi \u00e7al\u0131\u015fma ko\u015fullar\u0131nda kalmalar\u0131 ve ama\u00e7land\u0131\u011f\u0131 gibi performans g\u00f6stermeleri i\u00e7in kritik \u00f6neme sahiptir. D\u00fczenli kontroller, ya\u011flama ve conta de\u011fi\u015fimi, silindirin do\u011fru \u015fekilde \u00e7al\u0131\u015fmas\u0131n\u0131 sa\u011flamak i\u00e7in yap\u0131lmas\u0131 gereken temel bak\u0131m i\u015flemleridir. Silindirin yeterince ya\u011flanmas\u0131n\u0131 sa\u011flamak i\u00e7in y\u00fcksek kaliteli hidrolik s\u0131v\u0131n\u0131n kullan\u0131lmas\u0131 da \u015fartt\u0131r.<\/p>\n<p><img decoding=\"async\" src=\"https:\/\/www.hydraulic-cylinders.net\/wp-content\/uploads\/2025\/01\/songte-oil-pipes-and-spare-parts.webp\"><\/p>\n<h2>S\u0131zd\u0131rmazl\u0131k ve Ya\u011flama<\/h2>\n<p>Kova silindirlerinin do\u011fru \u00e7al\u0131\u015fmas\u0131 ve optimum performans\u0131 korumas\u0131 i\u00e7in uygun s\u0131zd\u0131rmazl\u0131k ve ya\u011flama gereklidir. Piston contalar\u0131, mil contalar\u0131 ve k\u0131lavuz halkalar\u0131 gibi \u00e7e\u015fitli s\u0131zd\u0131rmazl\u0131k bile\u015fenleri, hidrolik s\u0131v\u0131n\u0131n silindir i\u00e7inde kalmas\u0131n\u0131 ve s\u0131zmamas\u0131n\u0131 sa\u011flamak i\u00e7in kullan\u0131lmal\u0131d\u0131r. Ayr\u0131ca, silindirin d\u00fczenli olarak ya\u011flanmas\u0131 ve y\u00fcksek kaliteli hidrolik s\u0131v\u0131n\u0131n kullan\u0131lmas\u0131, silindirin \u00e7al\u0131\u015f\u0131r durumda ve g\u00fcvenilir kalmas\u0131 i\u00e7in \u015fartt\u0131r.<\/p>\n<h2>Bak\u0131m ve Onar\u0131m<\/h2>\n<p>Kep\u00e7e silindirlerinin uzun \u00f6m\u00fcrl\u00fcl\u00fc\u011f\u00fc ve optimum performans\u0131 i\u00e7in do\u011fru bak\u0131m ve onar\u0131m \u015fartt\u0131r. Yayg\u0131n olarak yap\u0131lan \u00fc\u00e7 bak\u0131m i\u015flemi \u015funlard\u0131r:<\/p>\n<ul>\n<li>D\u00fczenli kontroller: Silindirin d\u00fczenli olarak kontrol edilmesi, a\u015f\u0131nma veya hasar belirtilerini erken tespit etmek ve daha ciddi sorunlara yol a\u00e7madan \u00f6nce m\u00fcdahale etmek i\u00e7in \u00e7ok \u00f6nemlidir.<\/li>\n<li>Uygun ya\u011flama: Silindir bile\u015fenlerinin uygun \u015fekilde ya\u011flanmas\u0131, do\u011fru \u00e7al\u0131\u015fmas\u0131n\u0131 ve optimum performans\u0131n\u0131 korumas\u0131n\u0131 sa\u011flamak i\u00e7in \u00e7ok \u00f6nemlidir.<\/li>\n<li>Seal replacement and calibration checks: Regular replacement of worn seals and calibration checks are essential to maintain the cylinder&#8217;s performance and remain leak-free.<\/li>\n<\/ul>\n<p>Silindirin do\u011fru \u015fekilde tak\u0131lmas\u0131, uygun \u015fekilde ya\u011flanmas\u0131 ve uygun \u00f6zelliklere g\u00f6re ayarlanmas\u0131 son derece \u00f6nemlidir. Silindirin do\u011fru hizalanmas\u0131 da \u015fartt\u0131r ve silindiri sabitlemek i\u00e7in uygun montaj braketleri kullan\u0131lmal\u0131d\u0131r.<\/p>\n<p><img decoding=\"async\" src=\"https:\/\/www.hydraulic-cylinders.net\/wp-content\/uploads\/2025\/01\/songte-chushion-collar.webp\"><\/p>\n<h2>G\u00fcvenlik ve \u00c7evresel Hususlar<\/h2>\n<p>Kova silindirleriyle \u00e7al\u0131\u015f\u0131rken g\u00fcvenlik en \u00f6nemli husustur ve kazalar\u0131 ve yaralanmalar\u0131 \u00f6nlemek i\u00e7in uygun \u00f6nlemler al\u0131nmal\u0131d\u0131r. Ayr\u0131ca, kova silindirlerinin \u00e7evre \u00fczerindeki etkisi de g\u00f6z \u00f6n\u00fcnde bulundurulmal\u0131 ve \u00e7evresel etkilerini en aza indirmek i\u00e7in ad\u0131mlar at\u0131lmal\u0131d\u0131r.<\/p>\n<h2>Sorun Giderme ve Yayg\u0131n Sorunlar<\/h2>\n<p>Bucket cylinders may experience various problems during their lifetime, including leaks, slow operation, and cylinder drift. Diagnosing these problems requires a thorough understanding of the cylinder&#8217;s design and operation, and appropriate troubleshooting steps must be followed to address them effectively. Regular maintenance and inspection of the cylinder can prevent many potential problems.<\/p>\n<p><img decoding=\"async\" src=\"https:\/\/www.hydraulic-cylinders.net\/wp-content\/uploads\/2025\/01\/songte-bushings-with-all-kinds-of-excavator-models.webp\"><\/p>\n<h2>\u015eirketimiz Hakk\u0131nda<\/h2>\n<p>Hidrolik silindir yedek par\u00e7alar\u0131 \u00fcreticisiyiz ve geni\u015f bir yelpazede hidrolik silindirler sunuyoruz. Yurti\u00e7i ve yurtd\u0131\u015f\u0131 pazarlarda \u00f6nde gelen hidrolik silindir \u00fcreticilerinden ve toptanc\u0131lar\u0131ndan biri haline geldik. Kalitede m\u00fckemmellik ilkesini benimseyerek, ince i\u015f\u00e7ilik gerektiren \u00fcretim at\u00f6lyelerinde end\u00fcstriyel \u00fcretim y\u00f6netim stratejilerine g\u00fcveniyoruz. \u00dcretim platformumuzu ve \u00fcr\u00fcn kalitesi \u00fcretim s\u00fcrecimizi s\u00fcrekli geli\u015ftiriyor, m\u00fc\u015fterilerimizin \u00e7e\u015fitli ihtiya\u00e7lar\u0131n\u0131 y\u00fcksek verimlilik, y\u00fcksek hassasiyet ve y\u00fcksek kaliteyle kar\u015f\u0131lamak i\u00e7in g\u00fc\u00e7l\u00fc bir yarat\u0131c\u0131l\u0131k yetene\u011fine sahibiz.<\/p>\n<p><img decoding=\"async\" src=\"https:\/\/hzpt.com\/wp-content\/uploads\/2024\/11\/songte-company-1.webp\"><\/p>\n<p>Profesyonel uzmanl\u0131k, uluslararas\u0131 sertifikasyon, \u00f6zelle\u015ftirilmi\u015f hizmetler, \u00fcretim ekipmanlar\u0131 ve sat\u0131\u015f sonras\u0131 hizmetler de dahil olmak \u00fczere eksiksiz bir hizmet yelpazesi sunuyoruz.<\/p>\n<h3>Profesyonellik:<\/h3>\n<p>Hidrolik silindir tasar\u0131m\u0131 ve imalat\u0131 konusunda geni\u015f deneyime sahip, son derece yetenekli profesyonellerden olu\u015fan bir ekibimiz var.<\/p>\n<h3>Uluslararas\u0131 Sertifikasyon:<\/h3>\n<p>Hidrolik silindirlerimiz uluslararas\u0131 standartlara g\u00f6re sertifikaland\u0131r\u0131lm\u0131\u015f olup, en y\u00fcksek kalite standartlar\u0131n\u0131 kar\u015f\u0131lad\u0131klar\u0131ndan emin olunmu\u015ftur.<\/p>\n<h3>\u00d6zelle\u015ftirilmi\u015f Hizmetler:<\/h3>\n<p>M\u00fc\u015fterilerimizin farkl\u0131 ihtiya\u00e7lar\u0131n\u0131 kar\u015f\u0131lamak i\u00e7in \u00f6zelle\u015ftirilmi\u015f hizmetler sunuyoruz.<\/p>\n<h3>\u00dcretim Ekipmanlar\u0131:<\/h3>\n<p>Y\u00fcksek kaliteli hidrolik silindirler \u00fcretmek i\u00e7in en son teknolojiye sahip \u00fcretim ekipmanlar\u0131n\u0131 kullan\u0131yoruz.<\/p>\n<h3>Sat\u0131\u015f Sonras\u0131 Hizmetler:<\/h3>\n<p>M\u00fc\u015fterilerimizin \u00fcr\u00fcn ve hizmetlerimizden memnun kalmalar\u0131n\u0131 sa\u011flamak i\u00e7in kapsaml\u0131 sat\u0131\u015f sonras\u0131 hizmetler sunuyoruz.<\/p>\n<p><img decoding=\"async\" src=\"https:\/\/www.hydraulic-cylinders.net\/wp-content\/uploads\/2025\/01\/songte-company-3.webp\"><\/p>\n<p>Yazar: lyl.<\/p>","protected":false},"excerpt":{"rendered":"<p>Bucket Cylinder For Zoomlion Middle Excavator ZE230ELR Introduction Definition and Function A bucket cylinder is a specially designed hydraulic cylinder that is mainly used to control the movement of buckets in heavy machinery such as excavators, backhoe excavators, and front-end loaders. Its main function is to lift, lower, and tilt the buckets, making it easier [&hellip;]<\/p>","protected":false},"featured_media":14778,"comment_status":"open","ping_status":"closed","template":"","meta":{"_et_pb_use_builder":"","_et_pb_old_content":"","_et_gb_content_width":""},"product_brand":[],"product_cat":[1494],"product_tag":[1495,1496],"class_list":{"0":"post-15499","1":"product","2":"type-product","3":"status-publish","4":"has-post-thumbnail","6":"product_cat-bucket-cylinders","7":"product_tag-bucket-cylinders","8":"product_tag-hydraulic-cylinders","10":"first","11":"instock","12":"shipping-taxable","13":"product-type-simple"},"amp_enabled":true,"_links":{"self":[{"href":"https:\/\/www.hydraulic-cylinders.net\/tr\/wp-json\/wp\/v2\/product\/15499","targetHints":{"allow":["GET"]}}],"collection":[{"href":"https:\/\/www.hydraulic-cylinders.net\/tr\/wp-json\/wp\/v2\/product"}],"about":[{"href":"https:\/\/www.hydraulic-cylinders.net\/tr\/wp-json\/wp\/v2\/types\/product"}],"replies":[{"embeddable":true,"href":"https:\/\/www.hydraulic-cylinders.net\/tr\/wp-json\/wp\/v2\/comments?post=15499"}],"wp:featuredmedia":[{"embeddable":true,"href":"https:\/\/www.hydraulic-cylinders.net\/tr\/wp-json\/wp\/v2\/media\/14778"}],"wp:attachment":[{"href":"https:\/\/www.hydraulic-cylinders.net\/tr\/wp-json\/wp\/v2\/media?parent=15499"}],"wp:term":[{"taxonomy":"product_brand","embeddable":true,"href":"https:\/\/www.hydraulic-cylinders.net\/tr\/wp-json\/wp\/v2\/product_brand?post=15499"},{"taxonomy":"product_cat","embeddable":true,"href":"https:\/\/www.hydraulic-cylinders.net\/tr\/wp-json\/wp\/v2\/product_cat?post=15499"},{"taxonomy":"product_tag","embeddable":true,"href":"https:\/\/www.hydraulic-cylinders.net\/tr\/wp-json\/wp\/v2\/product_tag?post=15499"}],"curies":[{"name":"wp","href":"https:\/\/api.w.org\/{rel}","templated":true}]}}