{"id":15502,"date":"2025-01-19T14:36:35","date_gmt":"2025-01-19T14:36:35","guid":{"rendered":"https:\/\/www.hydraulic-cylinders.net\/product\/bucket-cylinder-for-zoomlion-middle-excavator-ze210e-9\/"},"modified":"2025-01-19T14:36:42","modified_gmt":"2025-01-19T14:36:42","slug":"bucket-cylinder-for-zoomlion-middle-excavator-ze210e-9","status":"publish","type":"product","link":"https:\/\/www.hydraulic-cylinders.net\/tr\/urun\/bucket-cylinder-for-zoomlion-middle-excavator-ze210e-9\/","title":{"rendered":"Zoomlion Orta Ekskavat\u00f6r ZE210E-9 i\u00e7in Kova Silindiri"},"content":{"rendered":"<p>Zoomlion Orta Ekskavat\u00f6r ZE210E-9 i\u00e7in Kova Silindiri<\/p>\n<h2>girii\u015f<\/h2>\n<h3>Kova Silindirinin Tan\u0131mlanmas\u0131<\/h3>\n<p>Kep\u00e7e silindiri, ekskavat\u00f6rler, kaz\u0131c\u0131 ekskavat\u00f6rler ve \u00f6n y\u00fckleyiciler gibi a\u011f\u0131r makinelerde kep\u00e7enin hareketini kontrol etmek i\u00e7in tasarlanm\u0131\u015f \u00f6zel bir hidrolik silindirdir. Ana i\u015flevi, kep\u00e7enin kald\u0131r\u0131lmas\u0131n\u0131, indirilmesini ve e\u011filmesini sa\u011flayarak \u00e7e\u015fitli malzeme ta\u015f\u0131ma g\u00f6revlerinin daha kolay ger\u00e7ekle\u015ftirilmesine olanak tan\u0131makt\u0131r. Hidrolik sistemde, kep\u00e7e silindiri hidrolik ya\u011f bas\u0131nc\u0131ndaki de\u011fi\u015fiklikler yoluyla kep\u00e7enin hassas kontrol\u00fcn\u00fc sa\u011flar ve operat\u00f6rlerin a\u011f\u0131r y\u00fckleri verimli bir \u015fekilde ta\u015f\u0131mas\u0131na, karma\u015f\u0131k \u00e7al\u0131\u015fma ortamlar\u0131na ve \u00e7e\u015fitli i\u015f taleplerine uyum sa\u011flamas\u0131na olanak tan\u0131r.<\/p>\n<p><img decoding=\"async\" src=\"https:\/\/www.hydraulic-cylinders.net\/wp-content\/uploads\/2025\/01\/songte-company-2.webp\" alt=\"Kova Silindiri G\u00f6r\u00fcnt\u00fcs\u00fc\"><\/p>\n<h2>\u00dcr\u00fcn \u00d6zellikleri<\/h2>\n<h3>Y\u00fcksek G\u00fc\u00e7 ve Dayan\u0131kl\u0131l\u0131k<\/h3>\n<ul>\n<li>Genellikle y\u00fcksek mukavemetli \u00e7elik veya al\u00fcminyumdan \u00fcretilen, y\u00fcksek bas\u0131nca ve a\u011f\u0131r y\u00fcklere dayanabilen, zorlu \u00e7al\u0131\u015fma ortamlar\u0131na uyum sa\u011flayan, a\u015f\u0131nma ve korozyon direnci g\u00f6z \u00f6n\u00fcnde bulundurularak tasarlanan ve kullan\u0131m \u00f6mr\u00fcn\u00fc uzatan \u00fcr\u00fcnlerdir.<\/li>\n<\/ul>\n<h3>Verimli Hidrolik \u00c7al\u0131\u015fma<\/h3>\n<ul>\n<li>Hidrolik ya\u011f bas\u0131nc\u0131n\u0131 kullanarak d\u00fczg\u00fcn uzatma ve geri \u00e7ekme hareketi sa\u011flar, operasyonel komutlara h\u0131zl\u0131 yan\u0131t verebilir, g\u00fc\u00e7l\u00fc itme ve \u00e7ekme kuvveti sunar, a\u011f\u0131r y\u00fcklerin ve karma\u015f\u0131k g\u00f6revlerin \u00fcstesinden gelmek i\u00e7in uygundur.<\/li>\n<\/ul>\n<h3>\u00c7e\u015fitli T\u00fcrler<\/h3>\n<ul>\n<li>Operasyonel ihtiya\u00e7lara g\u00f6re tek etkili (hidrolik tek y\u00f6nde kullan\u0131l\u0131r) veya \u00e7ift etkili (hidrolik her iki y\u00f6nde kullan\u0131l\u0131r) silindirler se\u00e7ilebilir. Baz\u0131 modeller teleskopiktir ve d\u0131\u015f boyutlar\u0131 art\u0131rmadan daha fazla uzatmaya olanak tan\u0131r; bu da s\u0131n\u0131rl\u0131 alana sahip uygulamalar i\u00e7in uygundur.<\/li>\n<\/ul>\n<h3>Do\u011frudan De\u011fi\u015fim<\/h3>\n<ul>\n<li>\u00dcr\u00fcn\u00fcm\u00fcz bu hidrolik silindirlerin yerine m\u00fckemmel bir \u015fekilde ge\u00e7ebilmektedir.<\/li>\n<\/ul>\n<p><img decoding=\"async\" src=\"https:\/\/www.hydraulic-cylinders.net\/wp-content\/uploads\/2025\/01\/songte-cylinder-head-with-all-kinds-excavator-models.webp\" alt=\"Yedek G\u00f6r\u00fcnt\u00fc\"><\/p>\n<h2>Uygulama Alanlar\u0131<\/h2>\n<p>Kova silindiri a\u011f\u0131rl\u0131kl\u0131 olarak in\u015faat ve tar\u0131m makinelerinde kullan\u0131l\u0131r ve \u015fu alanlarda uygulama bulmaktad\u0131r:<\/p>\n<ul>\n<li>Ekskavat\u00f6rler: Kep\u00e7e silindiri, kep\u00e7enin topra\u011fa n\u00fcfuz etmesini sa\u011flayarak kaz\u0131 i\u015flemini m\u00fcmk\u00fcn k\u0131lar.<\/li>\n<li>Y\u00fckleyiciler: \u00d6n y\u00fckleyicilerde, y\u00fcklerin etkili bir \u015fekilde kald\u0131r\u0131lmas\u0131na ve devrilmesine yard\u0131mc\u0131 olur.<\/li>\n<li>Tar\u0131m makineleri: \u00d6n y\u00fckleyicilerde kullan\u0131l\u0131r, toprak, saman ve di\u011fer malzemelerin kald\u0131r\u0131lmas\u0131na ve ta\u015f\u0131nmas\u0131na yard\u0131mc\u0131 olur.<\/li>\n<\/ul>\n<p>Her uygulama a\u015fa\u011f\u0131da detayl\u0131 olarak a\u00e7\u0131klanm\u0131\u015ft\u0131r:<\/p>\n<h3>\u0130n\u015faat Ekipmanlar\u0131<\/h3>\n<p>Ekskavat\u00f6rlerde, toprak veya moloz kazma, y\u00fckleme ve ta\u015f\u0131ma i\u015flemlerinde hayati \u00f6neme sahiptirler. Kaz\u0131c\u0131 ekskavat\u00f6rlerde, kova silindiri kazma ve kald\u0131rma i\u015flemlerine yard\u0131mc\u0131 olur. \u00d6n y\u00fckleyicilerde ise y\u00fckleri etkili bir \u015fekilde kald\u0131rmaya ve e\u011fmeye yard\u0131mc\u0131 olurlar.<\/p>\n<h3>Tar\u0131m Makinalar\u0131<\/h3>\n<p>\u00d6n y\u00fckleyicilerde kullan\u0131lan bu par\u00e7a, toprak, saman ve di\u011fer malzemelerin kald\u0131r\u0131lmas\u0131na ve ta\u015f\u0131nmas\u0131na yard\u0131mc\u0131 olur.<\/p>\n<h3>Ekskavat\u00f6rler<\/h3>\n<p>Kep\u00e7e silindiri, kep\u00e7enin topra\u011fa n\u00fcfuz etmesini sa\u011flayarak kaz\u0131 i\u015flemini m\u00fcmk\u00fcn k\u0131lar.<\/p>\n<h2>Tasar\u0131m ve Se\u00e7im Kriterleri<\/h2>\n<p>Kova silindirleri i\u00e7in tasar\u0131m hususlar\u0131 aras\u0131nda ta\u015f\u0131ma kapasitesi, s\u0131zd\u0131rmazl\u0131k, dayan\u0131kl\u0131l\u0131k, g\u00fcvenlik ve bak\u0131m kolayl\u0131\u011f\u0131 yer almaktad\u0131r. Her bir nokta a\u015fa\u011f\u0131da ele al\u0131nm\u0131\u015ft\u0131r:<\/p>\n<h3>Ta\u015f\u0131ma Kapasitesi<\/h3>\n<p>Kep\u00e7e silindiri, a\u011f\u0131r y\u00fcklere ve y\u00fcksek bas\u0131n\u00e7lara dayanacak, zorlu \u00e7al\u0131\u015fma ortamlar\u0131na uyum sa\u011flayacak ve kullan\u0131m \u00f6mr\u00fcn\u00fc uzatacak \u015fekilde tasarlanmal\u0131d\u0131r.<\/p>\n<h3>S\u0131zd\u0131rmazl\u0131k<\/h3>\n<p>Hidrolik ya\u011f s\u0131z\u0131nt\u0131s\u0131n\u0131 \u00f6nlemek i\u00e7in piston contalar\u0131 ve mil contalar\u0131 gibi \u00e7e\u015fitli s\u0131zd\u0131rmazl\u0131k elemanlar\u0131 kullan\u0131l\u0131r. Contalar, poli\u00fcretan ve nitril kau\u00e7uk gibi a\u015f\u0131nmaya dayan\u0131kl\u0131 malzemelerden yap\u0131l\u0131rken, silindir g\u00f6vdesi ve di\u015fli u\u00e7 y\u00fczeyi a\u015f\u0131nma direncini art\u0131rmak i\u00e7in ince i\u015fleme tabi tutulur.<\/p>\n<h3>Dayan\u0131kl\u0131l\u0131k<\/h3>\n<p>Silindir g\u00f6vdesi, a\u015f\u0131nmaya ve korozyona dayan\u0131kl\u0131, kullan\u0131m \u00f6mr\u00fcn\u00fc uzatacak \u015fekilde tasarlanm\u0131\u015f, \u00e7elik veya al\u00fcminyum gibi y\u00fcksek mukavemetli malzemelerden yap\u0131lmal\u0131d\u0131r.<\/p>\n<h3>Emniyet<\/h3>\n<p>Kova silindiri, a\u015f\u0131r\u0131 y\u00fcklenmeyi ve a\u015f\u0131r\u0131 bas\u0131nc\u0131 \u00f6nlemek i\u00e7in emniyet valfleri gibi \u00f6zelliklerle, g\u00fcvenlik g\u00f6z \u00f6n\u00fcnde bulundurularak tasarlanmal\u0131d\u0131r.<\/p>\n<h3>Bak\u0131m kolayl\u0131\u011f\u0131<\/h3>\n<p>Kova silindiri, onar\u0131m, de\u011fi\u015ftirme ve inceleme i\u00e7in kolay s\u00f6k\u00fclebilme gibi \u00f6zelliklerle, kolay bak\u0131m i\u00e7in tasarlanmal\u0131d\u0131r.<\/p>\n<p><img decoding=\"async\" src=\"https:\/\/www.hydraulic-cylinders.net\/wp-content\/uploads\/2025\/01\/songte-oil-pipes-and-spare-parts.webp\" alt=\"Yedek Par\u00e7a G\u00f6rseli\"><\/p>\n<h2>S\u0131zd\u0131rmazl\u0131k ve Ya\u011flama<\/h2>\n<p>Hidrolik ya\u011f s\u0131z\u0131nt\u0131s\u0131n\u0131 \u00f6nlemek i\u00e7in piston contalar\u0131 ve mil contalar\u0131 gibi \u00e7e\u015fitli s\u0131zd\u0131rmazl\u0131k elemanlar\u0131 kullan\u0131l\u0131r. Contalar, poli\u00fcretan ve nitril kau\u00e7uk gibi a\u015f\u0131nmaya dayan\u0131kl\u0131 malzemelerden yap\u0131l\u0131rken, silindir g\u00f6vdesi ve di\u015fli u\u00e7 y\u00fczeyi a\u015f\u0131nma direncini art\u0131rmak i\u00e7in ince i\u015fleme tabi tutulur. Silindirin sorunsuz \u00e7al\u0131\u015fmas\u0131 i\u00e7in d\u00fczenli ya\u011flama gereklidir.<\/p>\n<h2>Bak\u0131m<\/h2>\n<p>Kep\u00e7e silindirinin d\u00fczenli bak\u0131m\u0131, optimum performans sa\u011flamak ve kullan\u0131m \u00f6mr\u00fcn\u00fc uzatmak i\u00e7in \u015fartt\u0131r. A\u015fa\u011f\u0131da \u00fc\u00e7 yayg\u0131n bak\u0131m g\u00f6revi ele al\u0131nm\u0131\u015ft\u0131r:<\/p>\n<h3>D\u00fczenli Muayene<\/h3>\n<p>Silindirin ve bile\u015fenlerinin d\u00fczenli olarak incelenmesi, i\u015flevini etkileyebilecek a\u015f\u0131nma ve hasarlar\u0131n tespit edilmesi ve zaman\u0131nda de\u011fi\u015ftirme ve onar\u0131m i\u015flemlerinin yap\u0131lmas\u0131 a\u00e7\u0131s\u0131ndan \u00f6nemlidir.<\/p>\n<h3>Ya\u011flama<\/h3>\n<p>Silindirin d\u00fczg\u00fcn \u00e7al\u0131\u015fmas\u0131 i\u00e7in d\u00fczenli olarak ya\u011flanmas\u0131 gerekir. T\u00fcm hareketli par\u00e7alar\u0131 iyice ya\u011flad\u0131\u011f\u0131n\u0131zdan emin olun.<\/p>\n<h3>Conta De\u011fi\u015fimi ve Kalibrasyon Kontrol\u00fc<\/h3>\n<p>Hidrolik ya\u011f s\u0131z\u0131nt\u0131s\u0131n\u0131 \u00f6nlemek i\u00e7in contalar periyodik olarak de\u011fi\u015ftirilmelidir. Silindirin do\u011fru \u00e7al\u0131\u015ft\u0131\u011f\u0131ndan emin olmak i\u00e7in kalibrasyonunun kontrol edilmesi de \u00f6nemlidir.<\/p>\n<p><img decoding=\"async\" src=\"https:\/\/www.hydraulic-cylinders.net\/wp-content\/uploads\/2025\/01\/songte-chushion-collar.webp\" alt=\"Bak\u0131m G\u00f6r\u00fcnt\u00fcs\u00fc\"><\/p>\n<h2>G\u00fcvenlik ve \u00c7evresel Hususlar<\/h2>\n<p>Kova silindirinin \u00e7al\u0131\u015ft\u0131r\u0131lmas\u0131 s\u0131ras\u0131nda g\u00fcvenlik \u00f6nlemleri \u015fartt\u0131r. Uygun e\u011fitim ve g\u00fcvenlik y\u00f6nergelerine uyulmas\u0131, kaza ve yaralanma riskini azaltabilir. Silindir kullan\u0131l\u0131rken, hidrolik s\u0131v\u0131lar\u0131n uygun \u015fekilde bertaraf edilmesi ve ya\u011f d\u00f6k\u00fclme riskinin en aza indirilmesi gibi \u00e7evresel hususlar da g\u00f6z \u00f6n\u00fcnde bulundurulmal\u0131d\u0131r.<\/p>\n<p><img decoding=\"async\" src=\"https:\/\/hzpt.com\/wp-content\/uploads\/2024\/11\/songte-company-1.webp\" alt=\"\u00c7evresel G\u00f6r\u00fcnt\u00fc\"><\/p>\n<h2>Ar\u0131za Te\u015fhisi ve Sorun Giderme<\/h2>\n<p>Kova silindirinde s\u0131k g\u00f6r\u00fclen ar\u0131zalar aras\u0131nda s\u0131z\u0131nt\u0131lar, kirlenme ve contalar\u0131n y\u0131rt\u0131lmas\u0131 yer al\u0131r. Bu ar\u0131zalar performans d\u00fc\u015f\u00fc\u015f\u00fcne ve hatta ekipman ar\u0131zas\u0131na yol a\u00e7abilir. Ar\u0131za nedenini belirleme ve d\u00fczeltici \u00f6nlem alma gibi sorun giderme ad\u0131mlar\u0131, bu sorunlar\u0131n h\u0131zl\u0131 ve etkili bir \u015fekilde \u00e7\u00f6z\u00fclmesine yard\u0131mc\u0131 olabilir.<\/p>\n<p><img decoding=\"async\" src=\"https:\/\/www.hydraulic-cylinders.net\/wp-content\/uploads\/2025\/01\/songte-bushings-with-all-kinds-of-excavator-models.webp\" alt=\"Sorun Giderme G\u00f6r\u00fcnt\u00fcs\u00fc\"><\/p>\n<h2>\u015eirket Tan\u0131t\u0131m\u0131<\/h2>\n<p>Hidrolik silindir \u00fcretimi konusunda uzmanla\u015fm\u0131\u015f bir firmay\u0131z. Geni\u015f \u00fcr\u00fcn yelpazemizle, hem yurt i\u00e7i hem de yurt d\u0131\u015f\u0131 pazarlarda \u00f6nde gelen hidrolik silindir \u00fcreticilerinden ve toptanc\u0131lar\u0131ndan biri haline geldik. M\u00fckemmel kalite prensiplerine ba\u011fl\u0131 kalarak, \u00f6zenle tasarlanm\u0131\u015f \u00fcretim at\u00f6lyelerimizde end\u00fcstriyel \u00fcretim y\u00f6netim stratejilerine g\u00fcveniyoruz ve at\u00f6lye \u00fcretim platformumuzu s\u00fcrekli geli\u015ftirerek, \u00fcr\u00fcn kalitemizi art\u0131ran \u00fcretim hatlar\u0131m\u0131z\u0131 iyile\u015ftiriyor ve g\u00fc\u00e7l\u00fc yarat\u0131c\u0131l\u0131k yeteneklerimizle \u00e7e\u015fitli m\u00fc\u015fteri ihtiya\u00e7lar\u0131n\u0131 y\u00fcksek verimlilik, y\u00fcksek hassasiyet ve y\u00fcksek kaliteli \u00fcr\u00fcnlerle kar\u015f\u0131l\u0131yoruz.<\/p>\n<p><img decoding=\"async\" src=\"https:\/\/www.hydraulic-cylinders.net\/wp-content\/uploads\/2025\/01\/songte-company-3.webp\" alt=\"\u015eirket \u0130maj\u0131\"><\/p>\n<h3>Profesyonellik<\/h3>\n<p>\u015eirketimiz, hidrolik silindir tasar\u0131m\u0131 ve \u00fcretiminde geni\u015f deneyime sahip profesyonel bir ekibe sahiptir ve bu da y\u00fcksek kalite ve g\u00fcvenilirlik sa\u011flar.<\/p>\n<h3>Uluslararas\u0131 Sertifikasyon<\/h3>\n<p>\u00dcr\u00fcn kalitesi ve g\u00fcvenli\u011fini sa\u011flamak amac\u0131yla ISO 9001 ve CE gibi uluslararas\u0131 sertifikalar ald\u0131k.<\/p>\n<h3>\u00d6zelle\u015ftirme Hizmetleri<\/h3>\n<p>M\u00fc\u015fterilerimizin \u00f6zel ihtiya\u00e7lar\u0131na g\u00f6re \u00fcr\u00fcnleri uyarlayan \u00f6zelle\u015ftirme hizmetleri sunuyoruz.<\/p>\n<h3>\u00dcretim Ekipmanlar\u0131<\/h3>\n<p>\u015eirketimiz, \u00fcr\u00fcn kalitesini ve hassasiyetini sa\u011flamak i\u00e7in CNC torna tezgahlar\u0131 ve freze makineleri gibi geli\u015fmi\u015f dijital \u00fcretim ekipmanlar\u0131 kullanmaktad\u0131r.<\/p>\n<h3>Sat\u0131\u015f Sonras\u0131 Hizmet<\/h3>\n<p>\u00dcr\u00fcnlerimizin kullan\u0131m \u00f6mr\u00fcn\u00fc uzatmak i\u00e7in yedek par\u00e7a ve onar\u0131m hizmetleri gibi kapsaml\u0131 sat\u0131\u015f sonras\u0131 hizmetler sunuyoruz.<\/p>\n<p>Yazar: lyl.<\/p>","protected":false},"excerpt":{"rendered":"<p>Bucket Cylinder For Zoomlion Middle Excavator ZE210E-9 Introduction Defining the Bucket Cylinder A bucket cylinder is a specialized hydraulic cylinder designed to control the movement of a bucket in heavy machinery such as excavators, backhoe excavators, and front-end loaders. Its main function is to enable the bucket to lift, lower, and tilt, making it easier [&hellip;]<\/p>","protected":false},"featured_media":14771,"comment_status":"open","ping_status":"closed","template":"","meta":{"_et_pb_use_builder":"","_et_pb_old_content":"","_et_gb_content_width":""},"product_brand":[],"product_cat":[1494],"product_tag":[1495,1496],"class_list":{"0":"post-15502","1":"product","2":"type-product","3":"status-publish","4":"has-post-thumbnail","6":"product_cat-bucket-cylinders","7":"product_tag-bucket-cylinders","8":"product_tag-hydraulic-cylinders","10":"first","11":"instock","12":"shipping-taxable","13":"product-type-simple"},"amp_enabled":true,"_links":{"self":[{"href":"https:\/\/www.hydraulic-cylinders.net\/tr\/wp-json\/wp\/v2\/product\/15502","targetHints":{"allow":["GET"]}}],"collection":[{"href":"https:\/\/www.hydraulic-cylinders.net\/tr\/wp-json\/wp\/v2\/product"}],"about":[{"href":"https:\/\/www.hydraulic-cylinders.net\/tr\/wp-json\/wp\/v2\/types\/product"}],"replies":[{"embeddable":true,"href":"https:\/\/www.hydraulic-cylinders.net\/tr\/wp-json\/wp\/v2\/comments?post=15502"}],"wp:featuredmedia":[{"embeddable":true,"href":"https:\/\/www.hydraulic-cylinders.net\/tr\/wp-json\/wp\/v2\/media\/14771"}],"wp:attachment":[{"href":"https:\/\/www.hydraulic-cylinders.net\/tr\/wp-json\/wp\/v2\/media?parent=15502"}],"wp:term":[{"taxonomy":"product_brand","embeddable":true,"href":"https:\/\/www.hydraulic-cylinders.net\/tr\/wp-json\/wp\/v2\/product_brand?post=15502"},{"taxonomy":"product_cat","embeddable":true,"href":"https:\/\/www.hydraulic-cylinders.net\/tr\/wp-json\/wp\/v2\/product_cat?post=15502"},{"taxonomy":"product_tag","embeddable":true,"href":"https:\/\/www.hydraulic-cylinders.net\/tr\/wp-json\/wp\/v2\/product_tag?post=15502"}],"curies":[{"name":"wp","href":"https:\/\/api.w.org\/{rel}","templated":true}]}}