{"id":15505,"date":"2025-01-19T14:36:53","date_gmt":"2025-01-19T14:36:53","guid":{"rendered":"https:\/\/www.hydraulic-cylinders.net\/product\/bucket-cylinder-for-zoomlion-large-excavator-ze330e\/"},"modified":"2025-01-19T14:36:55","modified_gmt":"2025-01-19T14:36:55","slug":"bucket-cylinder-for-zoomlion-large-excavator-ze330e","status":"publish","type":"product","link":"https:\/\/www.hydraulic-cylinders.net\/tr\/urun\/bucket-cylinder-for-zoomlion-large-excavator-ze330e\/","title":{"rendered":"Zoomlion B\u00fcy\u00fck Ekskavat\u00f6r ZE330E i\u00e7in Kova Silindiri"},"content":{"rendered":"<h1>Zoomlion B\u00fcy\u00fck Ekskavat\u00f6r ZE330E i\u00e7in Kova Silindiri<\/h1>\n<h2>girii\u015f<\/h2>\n<p>Zoomlion ZE330E b\u00fcy\u00fck ekskavat\u00f6r i\u00e7in \u00f6zel olarak tasarlanm\u0131\u015f kep\u00e7e silindiri, ekskavat\u00f6rler, kaz\u0131c\u0131 y\u00fckleyiciler ve \u00f6n y\u00fckleyiciler gibi a\u011f\u0131r makinelerde kep\u00e7enin hareketini kontrol etmek i\u00e7in kullan\u0131l\u0131r. Ana i\u015flevi, kep\u00e7enin kald\u0131r\u0131lmas\u0131n\u0131, indirilmesini ve e\u011filmesini sa\u011flayarak \u00e7e\u015fitli malzeme ta\u015f\u0131ma g\u00f6revlerini kolayla\u015ft\u0131rmakt\u0131r. Hidrolik sistemde, kep\u00e7e silindiri hidrolik ya\u011f bas\u0131nc\u0131n\u0131 de\u011fi\u015ftirerek kep\u00e7e hareketinin hassas kontrol\u00fcn\u00fc sa\u011flar ve operat\u00f6rlerin a\u011f\u0131r y\u00fckleri verimli bir \u015fekilde ta\u015f\u0131mas\u0131na, karma\u015f\u0131k \u00e7al\u0131\u015fma ortamlar\u0131na ve \u00e7e\u015fitli i\u015f gereksinimlerine uyum sa\u011flamas\u0131na olanak tan\u0131r.<\/p>\n<p><img decoding=\"async\" src=\"https:\/\/www.hydraulic-cylinders.net\/wp-content\/uploads\/2025\/01\/songte-company-2.webp\" alt=\"Kova Silindiri\" \/><\/p>\n<h2>\u00dcr\u00fcn \u00d6zellikleri<\/h2>\n<ul>\n<li>\n<h3>Y\u00fcksek G\u00fc\u00e7 ve Dayan\u0131kl\u0131l\u0131k<\/h3>\n<p>Kova silindirleri genellikle y\u00fcksek mukavemetli \u00e7elik veya al\u00fcminyumdan \u00fcretilir, y\u00fcksek bas\u0131nca ve a\u011f\u0131r y\u00fcklere dayanabilir, zorlu \u00e7al\u0131\u015fma ortamlar\u0131na uyum sa\u011flayabilir ve a\u015f\u0131nma direnci ile korozyon direnci g\u00f6z \u00f6n\u00fcnde bulundurularak tasarlan\u0131r, b\u00f6ylece kullan\u0131m \u00f6mr\u00fc uzat\u0131l\u0131r.<\/p>\n<\/li>\n<li>\n<h3>Verimli Hidrolik \u00c7al\u0131\u015fma<\/h3>\n<p>Kova silindirleri, hidrolik ya\u011f\u0131n bas\u0131nc\u0131n\u0131 kullanarak d\u00fczg\u00fcn teleskopik hareket sa\u011flar, kontrol komutlar\u0131na h\u0131zl\u0131 yan\u0131t verir, g\u00fc\u00e7l\u00fc itme ve \u00e7ekme kuvveti sunar ve a\u011f\u0131r y\u00fcklerin ve karma\u015f\u0131k i\u015f g\u00f6revlerinin \u00fcstesinden gelmek i\u00e7in uygundur.<\/p>\n<\/li>\n<li>\n<h3>\u00c7e\u015fitli T\u00fcrler<\/h3>\n<p>Kova silindirleri, gereksinimlere ba\u011fl\u0131 olarak tek etkili (hidroli\u011fi yaln\u0131zca tek y\u00f6nde kullanan) veya \u00e7ift etkili (hidroli\u011fi her iki y\u00f6nde de kullanan) olabilir ve baz\u0131 modeller teleskopiktir; bu da d\u0131\u015f boyutlar\u0131 art\u0131rmadan daha fazla geni\u015flemeye olanak tan\u0131yarak s\u0131n\u0131rl\u0131 alana sahip uygulamalar i\u00e7in uygun hale getirir.<\/p>\n<\/li>\n<li>\n<h3>\u00dcr\u00fcn De\u011fi\u015fimleri<\/h3>\n<p>\u00dcr\u00fcnlerimiz bu hidrolik silindirlerin yerini m\u00fckemmel \u015fekilde alabilir.<\/p>\n<\/li>\n<\/ul>\n<p><img decoding=\"async\" src=\"https:\/\/www.hydraulic-cylinders.net\/wp-content\/uploads\/2025\/01\/songte-cylinder-head-with-all-kinds-excavator-models.webp\" alt=\"Silindir Kapa\u011f\u0131\" \/><\/p>\n<h2>Kova Silindirinin Uygulamalar\u0131<\/h2>\n<p>Kova silindiri, a\u015fa\u011f\u0131dakiler de dahil olmak \u00fczere \u00e7e\u015fitli in\u015faat ekipmanlar\u0131nda yayg\u0131n olarak kullan\u0131lmaktad\u0131r:<\/p>\n<ul>\n<li>\n<h3>Ekskavat\u00f6rler<\/h3>\n<p>Kova silindiri, kovan\u0131n topra\u011fa n\u00fcfuz etmesini sa\u011flayarak kazma i\u015flemini m\u00fcmk\u00fcn k\u0131lar.<\/p>\n<\/li>\n<li>\n<h3>Kaz\u0131c\u0131 Y\u00fckleyiciler<\/h3>\n<p>Kep\u00e7e silindiri hem kazma hem de kald\u0131rma i\u015flemlerinde yard\u0131mc\u0131 olur.<\/p>\n<\/li>\n<li>\n<h3>\u00d6n Y\u00fckleyiciler<\/h3>\n<p>Kep\u00e7e silindiri, y\u00fckleyici kep\u00e7esinin kald\u0131r\u0131lmas\u0131na ve e\u011filmesine yard\u0131mc\u0131 olarak malzemelerin bo\u015falt\u0131lmas\u0131n\u0131 ve d\u00f6k\u00fclmesini etkili hale getirir.<\/p>\n<\/li>\n<\/ul>\n<h2>Tasar\u0131m Hususlar\u0131 ve Se\u00e7im Kriterleri<\/h2>\n<p>Kova silindirlerinin se\u00e7imi ve tasar\u0131m\u0131 yap\u0131l\u0131rken, y\u00fck ta\u015f\u0131ma kapasitesi, s\u0131zd\u0131rmazl\u0131k, dayan\u0131kl\u0131l\u0131k, g\u00fcvenlik ve bak\u0131m kolayl\u0131\u011f\u0131 gibi temel fakt\u00f6rler dikkate al\u0131nmal\u0131d\u0131r. \u0130\u015fte g\u00f6z \u00f6n\u00fcnde bulundurulmas\u0131 gereken baz\u0131 \u00f6nemli noktalar:<\/p>\n<ul>\n<li>\n<h3>Y\u00fck Ta\u015f\u0131ma Kapasitesi<\/h3>\n<p>Kova silindiri, ta\u015f\u0131yaca\u011f\u0131 y\u00fcke dayanacak \u015fekilde tasarlanmal\u0131d\u0131r; bu y\u00fck, ta\u015f\u0131nacak malzemenin a\u011f\u0131rl\u0131\u011f\u0131na ve hareketinde olu\u015fan kuvvetlere ba\u011fl\u0131d\u0131r.<\/p>\n<\/li>\n<li>\n<h3>S\u0131zd\u0131rmazl\u0131k ve Dayan\u0131kl\u0131l\u0131k<\/h3>\n<p>Kova silindirleri, poli\u00fcretan ve nitril kau\u00e7uk gibi a\u015f\u0131nmaya dayan\u0131kl\u0131 malzemelerden yap\u0131lm\u0131\u015f piston contalar\u0131 ve mil contalar\u0131 gibi y\u00fcksek kaliteli s\u0131zd\u0131rmazl\u0131k malzemeleri gerektirir. A\u015f\u0131nma direncini art\u0131rmak i\u00e7in silindir g\u00f6vdesinin ve di\u015fli ucunun y\u00fczeyinin ince bir \u015fekilde i\u015flenmesi de \u00e7ok \u00f6nemlidir. Ya\u011flama i\u00e7in d\u00fczenli olarak do\u011fru miktarda hidrolik ya\u011f eklenmesi gereklidir.<\/p>\n<\/li>\n<li>\n<h3>G\u00fcvenlik ve Bak\u0131m Kolayl\u0131\u011f\u0131<\/h3>\n<p>Kova silindirleri, bas\u0131n\u00e7 tahliye vanalar\u0131 ve kilitleme vanalar\u0131 gibi yerle\u015fik g\u00fcvenlik \u00f6zellikleriyle g\u00fcvenlik g\u00f6z \u00f6n\u00fcnde bulundurularak tasarlanmal\u0131, ayr\u0131ca kolayca de\u011fi\u015ftirilebilen ve yeniden monte edilebilen par\u00e7alar ve hizmet \u00f6mr\u00fcn\u00fc uzatacak uygun bak\u0131m prosed\u00fcrleri sa\u011flanarak bak\u0131m\u0131 ve onar\u0131m\u0131 kolayla\u015ft\u0131r\u0131lmal\u0131d\u0131r. <\/p>\n<\/li>\n<\/ul>\n<p><img decoding=\"async\" src=\"https:\/\/www.hydraulic-cylinders.net\/wp-content\/uploads\/2025\/01\/songte-oil-pipes-and-spare-parts.webp\" alt=\"Petrol Borular\u0131\"\/><\/p>\n<h2>Bak\u0131m ve Sorun Giderme<\/h2>\n<p>Kova silindirinin iyi \u00e7al\u0131\u015fma ko\u015fullar\u0131nda kalmas\u0131 i\u00e7in d\u00fczenli kontrol ve \u00f6nleyici bak\u0131m \u015fartt\u0131r. \u0130\u015fte baz\u0131 yayg\u0131n bak\u0131m g\u00f6revleri:<\/p>\n<ul>\n<li>\n<h3>D\u00fczenli Muayene<\/h3>\n<p>S\u0131z\u0131nt\u0131, ezik veya \u00e7izik olup olmad\u0131\u011f\u0131n\u0131 kontrol edin, silindirin uygun \u015fekilde ya\u011fland\u0131\u011f\u0131ndan ve temiz oldu\u011fundan emin olun ve hidrolik hortumlar\u0131 ve ba\u011flant\u0131 noktalar\u0131n\u0131 herhangi bir hasar veya a\u015f\u0131nma a\u00e7\u0131s\u0131ndan kontrol edin.<\/p>\n<\/li>\n<li>\n<h3>Ya\u011flama<\/h3>\n<p>Sorunsuz ve verimli \u00e7al\u0131\u015fma sa\u011flamak ve a\u015f\u0131nmaya kar\u015f\u0131 koruma sa\u011flamak i\u00e7in do\u011fru tip ve miktarda hidrolik ya\u011f kullanmak \u00f6nemlidir.<\/p>\n<\/li>\n<li>\n<h3>Conta De\u011fi\u015fimi ve Kalibrasyon Kontrol\u00fc<\/h3>\n<p>A\u015f\u0131nm\u0131\u015f s\u0131zd\u0131rmazl\u0131k par\u00e7alar\u0131n\u0131 de\u011fi\u015ftirin ve kalibrasyonu kontrol edin, silindirin do\u011fru hareketini sa\u011flamak i\u00e7in gerekli ayarlamalar\u0131 yap\u0131n.<\/p>\n<\/li>\n<\/ul>\n<p>Kep\u00e7e silindirinin bak\u0131m\u0131 yap\u0131l\u0131rken, s\u0131z\u0131nt\u0131, performans d\u00fc\u015f\u00fc\u015f\u00fc veya tamamen ar\u0131za gibi potansiyel sorunlar\u0131 \u00f6nlemek i\u00e7in do\u011fru montaj, ya\u011flama ve ayarlamaya dikkat etmek \u00f6nemlidir. Montaj konusunda do\u011fru rehberlik sa\u011flamak, silindiri sabitlemek i\u00e7in uygun montaj braketleri kullanmak, kontrol, onar\u0131m ve de\u011fi\u015ftirme prosed\u00fcrlerini \u00f6nermek ve kep\u00e7e silindirinin \u00f6mr\u00fcn\u00fc uzatmak i\u00e7in ipu\u00e7lar\u0131 vermek \u00e7ok \u00f6nemlidir.<\/p>\n<p><img decoding=\"async\" src=\"https:\/\/www.hydraulic-cylinders.net\/wp-content\/uploads\/2025\/01\/songte-chushion-collar.webp\" alt=\"Chushion Yaka\"\/><\/p>\n<h2>G\u00fcvenlik Hususlar\u0131 ve \u00c7evresel Fakt\u00f6rler<\/h2>\n<p>Kova silindirleriyle \u00e7al\u0131\u015f\u0131rken, uygun koruyucu ekipman giymek, elleri ve k\u0131yafetleri hareketli par\u00e7alardan uzak tutmak ve ekipman\u0131n iyi \u00e7al\u0131\u015fma durumunda oldu\u011fundan emin olmak gibi g\u00fcvenlik \u00f6nlemlerine uymak \u00f6nemlidir. \u00c7evreyi korumak i\u00e7in hidrolik ya\u011f\u0131n do\u011fru \u015fekilde imha edilmesi de \u00f6nemlidir.<\/p>\n<p><img decoding=\"async\" src=\"https:\/\/www.hydraulic-cylinders.net\/wp-content\/uploads\/2025\/01\/songte-bushings-with-all-kinds-of-excavator-models.webp\" alt=\"Bur\u00e7lar\"\/><\/p>\n<h2>\u015eirketimiz Hakk\u0131nda<\/h2>\n<p>Komple \u00fcr\u00fcn yelpazesiyle yedek hidrolik silindir \u00fcreticisiyiz ve hem yurti\u00e7i hem de uluslararas\u0131 pazarlarda \u00f6nde gelen hidrolik silindir \u00fcreticilerinden ve toptanc\u0131lar\u0131ndan biriyiz. M\u00fckemmel kalite ilkesine ba\u011fl\u0131 kalarak, hassas \u00fcretim at\u00f6lyelerinde end\u00fcstriyel \u00fcretim y\u00f6netim stratejilerine g\u00fcvenerek, \u00fcretim platformunu s\u00fcrekli geli\u015ftiriyor, \u00fcr\u00fcn kalitesi \u00fcretim hatt\u0131n\u0131 iyile\u015ftiriyor ve g\u00fc\u00e7l\u00fc inovasyon yeteneklerine sahibiz. Y\u00fcksek verimlilik, y\u00fcksek do\u011fruluk ve y\u00fcksek kalite ilkeleriyle m\u00fc\u015fterilerimizin \u00e7e\u015fitli ihtiya\u00e7lar\u0131n\u0131 kar\u015f\u0131l\u0131yoruz.<\/p>\n<p>\u015eirketimiz profesyonel hizmetler, uluslararas\u0131 sertifikasyon, \u00f6zelle\u015ftirilmi\u015f hizmetler, geli\u015fmi\u015f \u00fcretim ekipmanlar\u0131 ve sat\u0131\u015f sonras\u0131 hizmetler sunmaktad\u0131r.<\/p>\n<p><img decoding=\"async\" src=\"https:\/\/hzpt.com\/wp-content\/uploads\/2024\/11\/songte-company-1.webp\" alt=\"\u015eirket Profili\"\/><\/p>\n<p>Yazar: lyl<\/p>","protected":false},"excerpt":{"rendered":"<p>Bucket Cylinder For Zoomlion Large Excavator ZE330E Introduction The bucket cylinder for Zoomlion large excavator ZE330E is a specially designed hydraulic cylinder mainly used to control the movement of the bucket in heavy machinery such as excavators, backhoe loaders, and front loaders. Its main function is to enable the bucket to lift, lower, and tilt, [&hellip;]<\/p>","protected":false},"featured_media":14762,"comment_status":"open","ping_status":"closed","template":"","meta":{"_et_pb_use_builder":"","_et_pb_old_content":"","_et_gb_content_width":""},"product_brand":[],"product_cat":[1494],"product_tag":[1495,1496],"class_list":{"0":"post-15505","1":"product","2":"type-product","3":"status-publish","4":"has-post-thumbnail","6":"product_cat-bucket-cylinders","7":"product_tag-bucket-cylinders","8":"product_tag-hydraulic-cylinders","10":"first","11":"instock","12":"shipping-taxable","13":"product-type-simple"},"amp_enabled":true,"_links":{"self":[{"href":"https:\/\/www.hydraulic-cylinders.net\/tr\/wp-json\/wp\/v2\/product\/15505","targetHints":{"allow":["GET"]}}],"collection":[{"href":"https:\/\/www.hydraulic-cylinders.net\/tr\/wp-json\/wp\/v2\/product"}],"about":[{"href":"https:\/\/www.hydraulic-cylinders.net\/tr\/wp-json\/wp\/v2\/types\/product"}],"replies":[{"embeddable":true,"href":"https:\/\/www.hydraulic-cylinders.net\/tr\/wp-json\/wp\/v2\/comments?post=15505"}],"wp:featuredmedia":[{"embeddable":true,"href":"https:\/\/www.hydraulic-cylinders.net\/tr\/wp-json\/wp\/v2\/media\/14762"}],"wp:attachment":[{"href":"https:\/\/www.hydraulic-cylinders.net\/tr\/wp-json\/wp\/v2\/media?parent=15505"}],"wp:term":[{"taxonomy":"product_brand","embeddable":true,"href":"https:\/\/www.hydraulic-cylinders.net\/tr\/wp-json\/wp\/v2\/product_brand?post=15505"},{"taxonomy":"product_cat","embeddable":true,"href":"https:\/\/www.hydraulic-cylinders.net\/tr\/wp-json\/wp\/v2\/product_cat?post=15505"},{"taxonomy":"product_tag","embeddable":true,"href":"https:\/\/www.hydraulic-cylinders.net\/tr\/wp-json\/wp\/v2\/product_tag?post=15505"}],"curies":[{"name":"wp","href":"https:\/\/api.w.org\/{rel}","templated":true}]}}