{"id":15507,"date":"2025-01-19T14:37:01","date_gmt":"2025-01-19T14:37:01","guid":{"rendered":"https:\/\/www.hydraulic-cylinders.net\/product\/bucket-cylinder-for-zoomlion-large-excavator-ze480esp\/"},"modified":"2025-01-19T14:37:03","modified_gmt":"2025-01-19T14:37:03","slug":"bucket-cylinder-for-zoomlion-large-excavator-ze480esp","status":"publish","type":"product","link":"https:\/\/www.hydraulic-cylinders.net\/tr\/urun\/bucket-cylinder-for-zoomlion-large-excavator-ze480esp\/","title":{"rendered":"Zoomlion B\u00fcy\u00fck Ekskavat\u00f6r ZE480ESP i\u00e7in Kova Silindiri"},"content":{"rendered":"<h1>Zoomlion B\u00fcy\u00fck Ekskavat\u00f6r ZE480ESP i\u00e7in Kova Silindiri<\/h1>\n<h2>girii\u015f<\/h2>\n<p>Zoomlion B\u00fcy\u00fck Ekskavat\u00f6r ZE480ESP i\u00e7in Kova Silindiri, ekskavat\u00f6rler, kep\u00e7eli ekskavat\u00f6rler ve \u00f6n y\u00fckleyiciler gibi a\u011f\u0131r i\u015f makinelerinde kovan\u0131n hareketini kontrol etmek i\u00e7in tasarlanm\u0131\u015f \u00f6zel bir hidrolik silindirdir. Ana i\u015flevi, kovan\u0131n kald\u0131rma, indirme ve yat\u0131rma i\u015flemlerini ger\u00e7ekle\u015ftirerek \u00e7e\u015fitli malzeme ta\u015f\u0131ma g\u00f6revlerinin daha kolay yap\u0131lmas\u0131n\u0131 sa\u011flamakt\u0131r. Hidrolik sistemde, kova silindiri, hidrolik ya\u011f bas\u0131nc\u0131n\u0131 de\u011fi\u015ftirerek kovan\u0131n hassas hareketini kontrol eder ve operat\u00f6r\u00fcn a\u011f\u0131r nesneleri verimli bir \u015fekilde ta\u015f\u0131mas\u0131na, karma\u015f\u0131k \u00e7al\u0131\u015fma ortamlar\u0131na ve \u00e7e\u015fitli i\u015f gereksinimlerine uyum sa\u011flamas\u0131na olanak tan\u0131r. <\/p>\n<p><img decoding=\"async\" src=\"https:\/\/www.hydraulic-cylinders.net\/wp-content\/uploads\/2025\/01\/songte-company-2.webp\"><\/p>\n<h2>\u00d6zellikler<\/h2>\n<ul>\n<li>\n<h3>Y\u00fcksek G\u00fc\u00e7 ve Dayan\u0131kl\u0131l\u0131k<\/h3>\n<p>Kova silindirleri genellikle y\u00fcksek bas\u0131n\u00e7 ve a\u011f\u0131r y\u00fcklere dayan\u0131kl\u0131, y\u00fcksek mukavemetli \u00e7elik veya al\u00fcminyumdan \u00fcretilir ve zorlu \u00e7al\u0131\u015fma ortamlar\u0131na uyum sa\u011flar. Tasar\u0131m\u0131nda a\u015f\u0131nma ve korozyon direnci g\u00f6z \u00f6n\u00fcnde bulundurularak kullan\u0131m \u00f6mr\u00fc uzat\u0131l\u0131r.<\/p>\n<\/li>\n<li>\n<h3>Verimli Hidrolik \u00c7al\u0131\u015fma<\/h3>\n<p>Kova silindirleri, d\u00fczg\u00fcn genle\u015fme ve b\u00fcz\u00fclme sa\u011flamak i\u00e7in hidrolik ya\u011f\u0131n bas\u0131nc\u0131n\u0131 kullan\u0131r, kontrol komutlar\u0131na h\u0131zl\u0131 bir \u015fekilde yan\u0131t verebilir, g\u00fc\u00e7l\u00fc itme ve \u00e7ekme kuvveti sa\u011flayabilir ve a\u011f\u0131r nesneleri ve karma\u015f\u0131k i\u015f g\u00f6revlerini ta\u015f\u0131maya uygundur.<\/p>\n<\/li>\n<li>\n<h3>\u00c7e\u015fitli T\u00fcrler<\/h3>\n<p>Kova silindirleri, farkl\u0131 \u00e7al\u0131\u015fma gereksinimlerini kar\u015f\u0131lamak \u00fczere ihtiyaca g\u00f6re se\u00e7ilebilen tek etkili (hidrolik tek y\u00f6nde kullan\u0131l\u0131r) veya \u00e7ift etkili (hidrolik iki y\u00f6nde kullan\u0131l\u0131r) silindirler olabilir. Baz\u0131 modeller teleskopiktir ve d\u0131\u015f boyutlar\u0131 art\u0131rmadan daha fazla geni\u015flemeye olanak tan\u0131r, s\u0131n\u0131rl\u0131 alana sahip uygulamalar i\u00e7in uygundur.<\/p>\n<\/li>\n<li>\n<h3>Yedek \u00dcr\u00fcnler<\/h3>\n<p>\u00dcr\u00fcnlerimiz bu hidrolik silindirlerin yerini m\u00fckemmel \u015fekilde alabilir.<\/p>\n<\/li>\n<\/ul>\n<p><img decoding=\"async\" src=\"https:\/\/www.hydraulic-cylinders.net\/wp-content\/uploads\/2025\/01\/songte-cylinder-head-with-all-kinds-excavator-models.webp\"><\/p>\n<h2>Uygulamalar<\/h2>\n<p>Zoomlion B\u00fcy\u00fck Ekskavat\u00f6r ZE480ESP i\u00e7in Kova Silindiri, \u00e7e\u015fitli a\u011f\u0131r i\u015f makinelerinde \u00e7e\u015fitli g\u00f6revleri yerine getirmek i\u00e7in yayg\u0131n olarak kullan\u0131l\u0131r. Uygulama alanlar\u0131ndan baz\u0131lar\u0131 \u015funlard\u0131r:<\/p>\n<ul>\n<li>\n<h3>\u0130n\u015faat Ekipmanlar\u0131<\/h3>\n<p>\u0130n\u015faat ekipmanlar\u0131, toprak veya molozu kazmak, y\u00fcklemek ve ta\u015f\u0131mak i\u00e7in kova silindirlerine g\u00fcvenir. Beko ekskavat\u00f6rlerde ise kova silindirleri, kaz\u0131 ve kald\u0131rma i\u015flemlerine yard\u0131mc\u0131 olur.<\/p>\n<\/li>\n<li>\n<h3>Tar\u0131m Makinalar\u0131<\/h3>\n<p>Kova silindirleri, \u00f6n y\u00fckleyicilerde toprak, saman ve di\u011fer malzemeleri toplamak, kald\u0131rmak ve ta\u015f\u0131mak i\u00e7in kullan\u0131l\u0131r. Ekskavat\u00f6rlerde ise kova silindirleri, kovan\u0131n topra\u011fa n\u00fcfuz etmesini sa\u011flayarak kazmay\u0131 m\u00fcmk\u00fcn k\u0131lar.<\/p>\n<\/li>\n<li>\n<h3>Y\u00fckleyici Ekipman\u0131<\/h3>\n<p>Kova silindirleri, \u00f6n y\u00fckleyicilerde y\u00fck\u00fcn etkili bir \u015fekilde kald\u0131r\u0131lmas\u0131na ve bo\u015falt\u0131lmas\u0131na yard\u0131mc\u0131 olur.<\/p>\n<\/li>\n<\/ul>\n<h2>Tasar\u0131m Hususlar\u0131 ve Se\u00e7im Kriterleri<\/h2>\n<p>Kova silindirleri a\u011f\u0131r y\u00fckleri ta\u015f\u0131mak \u00fczere tasarlanm\u0131\u015ft\u0131r, bu nedenle tasar\u0131m ve se\u00e7im kriterleri \u00fcr\u00fcn\u00fcn performans\u0131 a\u00e7\u0131s\u0131ndan \u00e7ok \u00f6nemlidir. Tasar\u0131m hususlar\u0131ndan baz\u0131lar\u0131 \u015funlard\u0131r:<\/p>\n<ul>\n<li>\n<h3>Ta\u015f\u0131ma Kapasitesi<\/h3>\n<p>Silindirin a\u011f\u0131r y\u00fcklere dayanma kabiliyeti, silindirin \u00e7ap\u0131, \u00e7ubuk boyutu ve bas\u0131n\u00e7 derecesine g\u00f6re hesaplanan ta\u015f\u0131ma kapasitesi ile belirlenir.<\/p>\n<\/li>\n<li>\n<h3>S\u0131zd\u0131rmazl\u0131k \u00d6zellikleri<\/h3>\n<p>Kova silindirlerinde kullan\u0131lan kau\u00e7uk contalar\u0131n y\u00fcksek s\u0131cakl\u0131klara, y\u00fcksek bas\u0131n\u00e7lara ve a\u015f\u0131nd\u0131r\u0131c\u0131 par\u00e7ac\u0131klar\u0131n bulunma olas\u0131l\u0131\u011f\u0131na dayan\u0131kl\u0131 olmas\u0131 gerekir. Genellikle poli\u00fcretan ve nitril kau\u00e7uk kullan\u0131l\u0131r.<\/p>\n<\/li>\n<li>\n<h3>Dayan\u0131kl\u0131l\u0131k<\/h3>\n<p>Silindirin dayan\u0131kl\u0131l\u0131\u011f\u0131, kullan\u0131lan malzeme, y\u00fczey i\u015flemi ve \u00fcretim s\u00fcreci gibi zorlu \u00e7al\u0131\u015fma ortamlar\u0131na ve uzun s\u00fcreli kullan\u0131ma dayan\u0131kl\u0131 olmas\u0131 gereken fakt\u00f6rler taraf\u0131ndan belirlenir.<\/p>\n<\/li>\n<li>\n<h3>G\u00fcvenlik ve Bak\u0131m<\/h3>\n<p>Kova silindirlerinin g\u00fcvenlik standartlar\u0131n\u0131 kar\u015f\u0131lamas\u0131 ve en iyi performans\u0131 sa\u011flamak ve kazalar\u0131 \u00f6nlemek i\u00e7in d\u00fczenli bak\u0131ma ihtiyac\u0131 vard\u0131r.<\/p>\n<\/li>\n<\/ul>\n<p><img decoding=\"async\" src=\"https:\/\/www.hydraulic-cylinders.net\/wp-content\/uploads\/2025\/01\/songte-oil-pipes-and-spare-parts.webp\"><\/p>\n<h2>\u00dcr\u00fcn\u00fcn S\u0131zd\u0131rmazl\u0131\u011f\u0131 ve Ya\u011flanmas\u0131<\/h2>\n<p>Kova silindirleri, hidrolik s\u0131v\u0131 s\u0131z\u0131nt\u0131s\u0131n\u0131 \u00f6nlemek i\u00e7in piston contalar\u0131, piston kolu contalar\u0131 ve silecek contalar\u0131 gibi \u00e7e\u015fitli contalar kullan\u0131r. Contalar\u0131n poli\u00fcretan ve nitril kau\u00e7uk gibi a\u015f\u0131nmaya dayan\u0131kl\u0131 malzemelerden yap\u0131lmas\u0131 gerekir. Silindir g\u00f6vdesinin y\u00fczeyi ve di\u015f u\u00e7lar\u0131, a\u015f\u0131nma direncini art\u0131rmak i\u00e7in hassas i\u015fleme gerektirir. Silindirin d\u00fczenli ya\u011flanmas\u0131, a\u015f\u0131nma ve y\u0131pranmay\u0131 \u00f6nler ve s\u0131z\u0131nt\u0131 olas\u0131l\u0131\u011f\u0131n\u0131 azalt\u0131r. <\/p>\n<h2>D\u00fczenli Muayene ve \u00d6nleyici Bak\u0131m \u00d6nlemleri<\/h2>\n<p>\u00dcr\u00fcn\u00fcn uzun \u00f6m\u00fcrl\u00fc olmas\u0131 i\u00e7in kova silindirinin d\u00fczenli olarak kontrol edilmesi ve \u00f6nleyici bak\u0131m\u0131n\u0131n yap\u0131lmas\u0131 \u015fartt\u0131r. Bu \u00f6nlemlerden baz\u0131lar\u0131 \u015funlard\u0131r:<\/p>\n<ul>\n<li>\n<h3>D\u00fczenli Muayene<\/h3>\n<p>Silindirin d\u0131\u015f y\u00fczeyinin, contalar\u0131n\u0131n ve ba\u011flant\u0131lar\u0131n\u0131n d\u00fczenli olarak kontrol edilmesiyle a\u015f\u0131nma, y\u0131pranma, hasar veya s\u0131z\u0131nt\u0131 olup olmad\u0131\u011f\u0131 belirlenir.<\/p>\n<\/li>\n<li>\n<h3>Uygun Ya\u011flama<\/h3>\n<p>A\u015f\u0131nmay\u0131 ve y\u0131pranmay\u0131 \u00f6nlemek ve s\u0131z\u0131nt\u0131 olas\u0131l\u0131\u011f\u0131n\u0131 azaltmak i\u00e7in silindirin hidrolik ya\u011f veya gresle uygun \u015fekilde ya\u011flanmas\u0131.<\/p>\n<\/li>\n<li>\n<h3>Conta De\u011fi\u015fimi ve Kalibrasyon Kontrol\u00fc<\/h3>\n<p>En iyi performans\u0131 sa\u011flamak i\u00e7in contalar\u0131n d\u00fczenli olarak de\u011fi\u015ftirilmesi ve kalibrasyon kontrol\u00fcn\u00fcn yap\u0131lmas\u0131.<\/p>\n<\/li>\n<\/ul>\n<p><img decoding=\"async\" src=\"https:\/\/www.hydraulic-cylinders.net\/wp-content\/uploads\/2025\/01\/songte-chushion-collar.webp\"><\/p>\n<h2>G\u00fcvenlik Hususlar\u0131 ve \u00c7evresel Fakt\u00f6rler<\/h2>\n<p>Kova silindirleri a\u011f\u0131r makinelerde kullan\u0131l\u0131r ve silindirin d\u00fczg\u00fcn bir \u015fekilde hizalanmas\u0131 ve sabitlenmesi gibi g\u00fcvenlik \u00f6nlemleri gerektirir. S\u0131cakl\u0131k ve nem gibi \u00e7evresel fakt\u00f6rler silindirin performans\u0131n\u0131 etkileyebilir ve izlenmesi gerekir.<\/p>\n<h2>Ar\u0131za Te\u015fhisi ve Yayg\u0131n Sorunlar<\/h2>\n<p>Kova silindirlerinde s\u0131k kar\u015f\u0131la\u015f\u0131lan sorunlar aras\u0131nda s\u0131z\u0131nt\u0131, silindir kaymas\u0131 ve yava\u015f tepki s\u00fcresi yer al\u0131r. Ar\u0131za te\u015fhisi, sorunun kayna\u011f\u0131n\u0131 belirlemeyi ve d\u00fczeltmek i\u00e7in uygun \u00f6nlemleri almay\u0131 i\u00e7erir. D\u00fczenli muayene ve bak\u0131m gibi \u00f6nleyici tedbirler, sorun olas\u0131l\u0131\u011f\u0131n\u0131 azaltabilir.<\/p>\n<p><img decoding=\"async\" src=\"https:\/\/www.hydraulic-cylinders.net\/wp-content\/uploads\/2025\/01\/songte-bushings-with-all-kinds-of-excavator-models.webp\"><\/p>\n<h2>Hakk\u0131m\u0131zda<\/h2>\n<p>Yurt i\u00e7i ve yurt d\u0131\u015f\u0131 pazarlarda lider bir hidrolik silindir \u00fcreticisi ve toptan da\u011f\u0131t\u0131c\u0131s\u0131y\u0131z. \u00dcr\u00fcn yelpazemiz \u00e7e\u015fitlidir ve geli\u015fmi\u015f \u00fcretim at\u00f6lyelerinin end\u00fcstriyelle\u015fmesine dayanan bir \u00fcretim y\u00f6netimi stratejisi kullanarak m\u00fckemmel kaliteyi hedefliyoruz. Teknolojik yetenekler, dijital ileri teknoloji \u00fcretim ekipmanlar\u0131 ve profesyonel bir test sistemi kullanarak \u00fcretim platformumuzu geli\u015ftirmeye, \u00fcr\u00fcn kalitesini ve \u00fcretim rotalar\u0131n\u0131 iyile\u015ftirmeye devam ediyor ve g\u00fc\u00e7l\u00fc bir yarat\u0131c\u0131l\u0131\u011fa sahibiz. M\u00fc\u015fterilerimizin \u00e7e\u015fitli ihtiya\u00e7lar\u0131n\u0131 y\u00fcksek verimlilik, y\u00fcksek hassasiyet ve y\u00fcksek kalite ile kar\u015f\u0131lamay\u0131 hedefliyoruz.<\/p>\n<ul>\n<li>\n<h3>Profesyonellik<\/h3>\n<p>Hidrolik silindir tasar\u0131m\u0131 ve imalat\u0131nda geni\u015f deneyime sahip profesyonel m\u00fchendis ve teknisyenlerden olu\u015fan bir ekibimiz var.<\/p>\n<\/li>\n<li>\n<h3>Uluslararas\u0131 Sertifikasyon<\/h3>\n<p>Hidrolik silindirlerimiz ISO 9001 ve CE sertifikal\u0131 olup kalite ve g\u00fcvenlik garantilidir.<\/p>\n<\/li>\n<li>\n<h3>\u00d6zelle\u015ftirme Hizmetleri<\/h3>\n<p>M\u00fc\u015fterilerimizin \u00f6zel ihtiya\u00e7lar\u0131na cevap veren \u00f6zelle\u015ftirme hizmetleri sunuyoruz.<\/p>\n<\/li>\n<li>\n<h3>\u00dcretim Ekipmanlar\u0131<\/h3>\n<p>CNC i\u015fleme merkezleri, otomatik kaynak makineleri, y\u00fczey i\u015flem ekipmanlar\u0131 gibi ileri \u00fcretim ekipmanlar\u0131 kullan\u0131yoruz.<\/p>\n<\/li>\n<li>\n<h3>Sat\u0131\u015f Sonras\u0131 Hizmet<\/h3>\n<p>M\u00fc\u015fterilerimizin memnuniyetini sa\u011flamak i\u00e7in bak\u0131m, onar\u0131m ve par\u00e7a de\u011fi\u015fimi dahil olmak \u00fczere sat\u0131\u015f sonras\u0131 servis hizmeti sa\u011fl\u0131yoruz.<\/p>\n<\/li>\n<\/ul>\n<p><img decoding=\"async\" src=\"https:\/\/hzpt.com\/wp-content\/uploads\/2024\/11\/songte-company-1.webp\"><\/p>\n<h3>Yazar: lyl<\/h3>","protected":false},"excerpt":{"rendered":"<p>Bucket Cylinder For Zoomlion Large Excavator ZE480ESP Introduction The Bucket Cylinder for Zoomlion Large Excavator ZE480ESP is a specialized hydraulic cylinder designed to control the movement of the bucket in heavy machinery such as excavators, backhoe excavators, and front-end loaders. Its main function is to enable the bucket to lift, lower, and tilt, making it [&hellip;]<\/p>","protected":false},"featured_media":14789,"comment_status":"open","ping_status":"closed","template":"","meta":{"_et_pb_use_builder":"","_et_pb_old_content":"","_et_gb_content_width":""},"product_brand":[],"product_cat":[1494],"product_tag":[1495,1496],"class_list":{"0":"post-15507","1":"product","2":"type-product","3":"status-publish","4":"has-post-thumbnail","6":"product_cat-bucket-cylinders","7":"product_tag-bucket-cylinders","8":"product_tag-hydraulic-cylinders","10":"first","11":"instock","12":"shipping-taxable","13":"product-type-simple"},"amp_enabled":true,"_links":{"self":[{"href":"https:\/\/www.hydraulic-cylinders.net\/tr\/wp-json\/wp\/v2\/product\/15507","targetHints":{"allow":["GET"]}}],"collection":[{"href":"https:\/\/www.hydraulic-cylinders.net\/tr\/wp-json\/wp\/v2\/product"}],"about":[{"href":"https:\/\/www.hydraulic-cylinders.net\/tr\/wp-json\/wp\/v2\/types\/product"}],"replies":[{"embeddable":true,"href":"https:\/\/www.hydraulic-cylinders.net\/tr\/wp-json\/wp\/v2\/comments?post=15507"}],"wp:featuredmedia":[{"embeddable":true,"href":"https:\/\/www.hydraulic-cylinders.net\/tr\/wp-json\/wp\/v2\/media\/14789"}],"wp:attachment":[{"href":"https:\/\/www.hydraulic-cylinders.net\/tr\/wp-json\/wp\/v2\/media?parent=15507"}],"wp:term":[{"taxonomy":"product_brand","embeddable":true,"href":"https:\/\/www.hydraulic-cylinders.net\/tr\/wp-json\/wp\/v2\/product_brand?post=15507"},{"taxonomy":"product_cat","embeddable":true,"href":"https:\/\/www.hydraulic-cylinders.net\/tr\/wp-json\/wp\/v2\/product_cat?post=15507"},{"taxonomy":"product_tag","embeddable":true,"href":"https:\/\/www.hydraulic-cylinders.net\/tr\/wp-json\/wp\/v2\/product_tag?post=15507"}],"curies":[{"name":"wp","href":"https:\/\/api.w.org\/{rel}","templated":true}]}}