{"id":15511,"date":"2025-01-19T14:37:16","date_gmt":"2025-01-19T14:37:16","guid":{"rendered":"https:\/\/www.hydraulic-cylinders.net\/product\/bucket-cylinder-for-zoomlion-large-excavator-ze1250e\/"},"modified":"2025-01-19T14:37:18","modified_gmt":"2025-01-19T14:37:18","slug":"bucket-cylinder-for-zoomlion-large-excavator-ze1250e","status":"publish","type":"product","link":"https:\/\/www.hydraulic-cylinders.net\/tr\/urun\/bucket-cylinder-for-zoomlion-large-excavator-ze1250e\/","title":{"rendered":"Zoomlion B\u00fcy\u00fck Ekskavat\u00f6r ZE1250E i\u00e7in Kova Silindiri"},"content":{"rendered":"<h1>Zoomlion B\u00fcy\u00fck Ekskavat\u00f6r ZE1250E i\u00e7in Kova Silindiri<\/h1>\n<h2>girii\u015f<\/h2>\n<h3>Tan\u0131m<\/h3>\n<p>Kova silindiri, ekskavat\u00f6rler, bekolu y\u00fckleyiciler ve \u00f6n y\u00fckleyiciler gibi a\u011f\u0131r i\u015f makinelerinde kovan\u0131n hareketini kontrol etmek i\u00e7in \u00f6zel olarak tasarlanm\u0131\u015f bir hidrolik silindir t\u00fcr\u00fcd\u00fcr. Temel i\u015flevi, kovan\u0131n kald\u0131r\u0131lmas\u0131n\u0131, indirilmesini ve e\u011filmesini sa\u011flayarak makinenin \u00e7e\u015fitli malzemeleri ta\u015f\u0131mas\u0131n\u0131 kolayla\u015ft\u0131rmakt\u0131r. Hidrolik sistemde kova silindiri, hidrolik ya\u011f bas\u0131nc\u0131ndaki de\u011fi\u015fikliklerle kovan\u0131n hassas hareketini kontrol ederek operat\u00f6rlerin a\u011f\u0131r y\u00fckleri verimli bir \u015fekilde ta\u015f\u0131mas\u0131na ve karma\u015f\u0131k \u00e7al\u0131\u015fma ortamlar\u0131na ve \u00e7e\u015fitli operasyonel ihtiya\u00e7lara uyum sa\u011flamas\u0131na olanak tan\u0131r.<\/p>\n<p><img decoding=\"async\" src=\"https:\/\/www.hydraulic-cylinders.net\/wp-content\/uploads\/2025\/01\/songte-company-2.webp\" alt=\"Kova Silindiri G\u00f6r\u00fcnt\u00fcs\u00fc\"><\/p>\n<h2>\u00dcr\u00fcn \u00d6zellikleri<\/h2>\n<h3>Y\u00fcksek G\u00fc\u00e7 ve Dayan\u0131kl\u0131l\u0131k<\/h3>\n<p>Kova silindirleri genellikle y\u00fcksek mukavemetli \u00e7elik veya al\u00fcminyumdan yap\u0131l\u0131r, bu sayede y\u00fcksek bas\u0131nca ve a\u011f\u0131r y\u00fcklere dayanabilir, zorlu \u00e7al\u0131\u015fma ortamlar\u0131na uyum sa\u011flayabilir ve a\u015f\u0131nma ve korozyon direnci d\u00fc\u015f\u00fcn\u00fclerek tasarlanarak hizmet \u00f6m\u00fcrleri uzat\u0131l\u0131r.<\/p>\n<h3>Verimli Hidrolik \u00c7al\u0131\u015fma<\/h3>\n<p>Kova silindiri, p\u00fcr\u00fczs\u00fcz uzatma ve geri \u00e7ekme sa\u011flamak i\u00e7in hidrolik ya\u011f bas\u0131nc\u0131n\u0131 kullan\u0131r, bu sayede kontrol komutlar\u0131na h\u0131zl\u0131 bir \u015fekilde yan\u0131t verebilir, g\u00fc\u00e7l\u00fc itme ve \u00e7ekme kuvvetleri sa\u011flayabilir ve a\u011f\u0131r y\u00fckleri ve karma\u015f\u0131k operasyonel g\u00f6revleri idare etmek i\u00e7in uygundur.<\/p>\n<h3>\u00c7e\u015fitli Tipler<\/h3>\n<p>Kova silindirleri, operasyonel ihtiya\u00e7lara ba\u011fl\u0131 olarak tek etkili (hidrolik tek y\u00f6nde kullan\u0131l\u0131r) veya \u00e7ift etkili (hidrolik her iki y\u00f6nde kullan\u0131l\u0131r) olabilir. Baz\u0131 modeller teleskopik olup, d\u0131\u015f boyutlar\u0131 art\u0131rmadan daha fazla geni\u015flemeye olanak tan\u0131r ve bu da onlar\u0131 alan k\u0131s\u0131tlamas\u0131 olan uygulamalar i\u00e7in uygun hale getirir.<\/p>\n<h3>\u00dcr\u00fcn Bulunabilirli\u011fi<\/h3>\n<p>Firmam\u0131z bu hidrolik silindirlerin yerini m\u00fckemmel \u015fekilde alabilecek \u00e7e\u015fitli kova silindiri modelleri \u00fcretmekte ve tedarik etmektedir.<\/p>\n<p><img decoding=\"async\" src=\"https:\/\/www.hydraulic-cylinders.net\/wp-content\/uploads\/2025\/01\/songte-cylinder-head-with-all-kinds-excavator-models.webp\" alt=\"Kova Silindir Modelleri\"><\/p>\n<h2>Uygulamalar<\/h2>\n<h3>\u0130n\u015faat Ekipmanlar\u0131<\/h3>\n<p>Ekskavat\u00f6rlerde, toprak veya moloz kazma, y\u00fckleme ve ta\u015f\u0131ma i\u00e7in olmazsa olmazd\u0131rlar. Arka y\u00fckleyicilerde, kova silindiri kazma ve kald\u0131rma i\u015flemlerine yard\u0131mc\u0131 olur. \u00d6n y\u00fckleyicilerde ise, y\u00fck\u00fcn verimli bir \u015fekilde kald\u0131r\u0131lmas\u0131na ve bo\u015falt\u0131lmas\u0131na yard\u0131mc\u0131 olurlar.<\/p>\n<h3>Tar\u0131m Makinalar\u0131<\/h3>\n<p>\u00d6n y\u00fckleyicilerde toprak, saman ve di\u011fer malzemeleri toplamak, kald\u0131rmak ve ta\u015f\u0131mak i\u00e7in kullan\u0131l\u0131r. Ekskavat\u00f6rlerde, kova silindiri, kovan\u0131n topra\u011fa n\u00fcfuz etmesini sa\u011flayarak kazma i\u015flemine olanak tan\u0131r.<\/p>\n<h2>Tasar\u0131m Hususlar\u0131 ve Se\u00e7im Kriterleri<\/h2>\n<h3>Ta\u015f\u0131ma Kapasitesi<\/h3>\n<p>Kova silindirinin y\u00fck ta\u015f\u0131ma kapasitesi kritik bir tasar\u0131m unsurudur. Kovan\u0131n ve ta\u015f\u0131d\u0131\u011f\u0131 malzemelerin olu\u015fturdu\u011fu kuvvetlere dayanabilmelidir.<\/p>\n<h3>S\u0131zd\u0131rmazl\u0131k<\/h3>\n<p>Kova silindirinin s\u0131zd\u0131rmazl\u0131\u011f\u0131 \u00e7ok \u00f6nemlidir, \u00e7\u00fcnk\u00fc silindir iyi s\u0131zd\u0131rmaz de\u011filse hidrolik ya\u011f s\u0131zabilir ve silindirin i\u015flevi bozulabilir. Piston conta halkas\u0131, piston kolu conta halkas\u0131 ve di\u011fer s\u0131zd\u0131rmazl\u0131k elemanlar\u0131, a\u015f\u0131nma ve korozyona dayan\u0131kl\u0131 malzemelerden yap\u0131lmal\u0131d\u0131r.<\/p>\n<h3>Dayan\u0131kl\u0131l\u0131k<\/h3>\n<p>Kova silindirinin dayan\u0131kl\u0131l\u0131\u011f\u0131, tasar\u0131m\u0131n\u0131n \u00f6nemli bir unsurudur. Silindir, a\u015f\u0131r\u0131 s\u0131cakl\u0131klar, nem, tuzlu su ve di\u011fer a\u015f\u0131nd\u0131r\u0131c\u0131 maddeler gibi zorlu \u00e7evre ko\u015fullar\u0131na, \u00f6nemli bir a\u015f\u0131nma veya hasara maruz kalmadan dayanabilmelidir.<\/p>\n<h3>Emniyet<\/h3>\n<p>Kova silindiri g\u00fcvenlik g\u00f6z \u00f6n\u00fcnde bulundurularak tasarlanmal\u0131d\u0131r. Silindirin a\u015f\u0131r\u0131 y\u00fcklenmesini veya kazalara neden olmas\u0131n\u0131 \u00f6nlemek i\u00e7in bas\u0131n\u00e7 tahliye valfleri, \u00e7ek valfler ve di\u011fer emniyet cihazlar\u0131 gibi g\u00fcvenlik \u00f6zellikleri tak\u0131lmal\u0131d\u0131r.<\/p>\n<h3>Bak\u0131m<\/h3>\n<p>Kova silindiri, kolay bak\u0131m i\u00e7in tasarlanmal\u0131d\u0131r. Eri\u015fimi, s\u00f6k\u00fclmesi ve yeniden tak\u0131lmas\u0131 kolay olmal\u0131 ve bak\u0131m personelinin par\u00e7alar\u0131 kolayca incelemesine, de\u011fi\u015ftirmesine veya onarmas\u0131na olanak tan\u0131mal\u0131d\u0131r.<\/p>\n<p><img decoding=\"async\" src=\"https:\/\/www.hydraulic-cylinders.net\/wp-content\/uploads\/2025\/01\/songte-oil-pipes-and-spare-parts.webp\" alt=\"Kova Silindir Par\u00e7alar\u0131\"><\/p>\n<h2>S\u0131zd\u0131rmazl\u0131k ve Ya\u011flama<\/h2>\n<p>Kova silindirinin s\u0131zd\u0131rmazl\u0131\u011f\u0131n\u0131 sa\u011flamak i\u00e7in poli\u00fcretan ve nitril kau\u00e7uk gibi a\u015f\u0131nmaya dayan\u0131kl\u0131 malzemelerden yap\u0131lm\u0131\u015f piston conta segmanlar\u0131 ve piston kolu conta segmanlar\u0131 gibi \u00e7e\u015fitli contalar kullan\u0131l\u0131r. Silindir g\u00f6vdesi ve di\u015fli ba\u011flant\u0131 y\u00fczeyi, a\u015f\u0131nma direncini art\u0131rmak i\u00e7in hassas bir i\u015flemden ge\u00e7irilir. Silindirin ya\u011flanmas\u0131 ve sorunsuz \u00e7al\u0131\u015fmas\u0131n\u0131 sa\u011flamak i\u00e7in d\u00fczenli olarak yeterli hidrolik ya\u011f eklenir.<\/p>\n<h2>Muayene ve \u00d6nleyici Bak\u0131m Tedbirleri<\/h2>\n<p>Kova silindirleri i\u00e7in d\u00fczenli bak\u0131m, ya\u011flama ve a\u015f\u0131nm\u0131\u015f contalar\u0131n de\u011fi\u015ftirilmesi temel bak\u0131m g\u00f6revleridir. Silindirin do\u011fru montaj\u0131, ya\u011flanmas\u0131 ve ayarlanmas\u0131, performans\u0131 i\u00e7in hayati \u00f6nem ta\u015f\u0131r. Montaj i\u015flemi s\u0131ras\u0131nda silindirin do\u011fru \u015fekilde hizalanmas\u0131 ve sabitlemek i\u00e7in uygun montaj braketlerinin kullan\u0131lmas\u0131 \u00f6nerilir. Ayr\u0131ca, silindirin kullan\u0131m \u00f6mr\u00fcn\u00fc uzatmak i\u00e7in \u00f6nerilen muayene, onar\u0131m ve de\u011fi\u015ftirme prosed\u00fcrlerini izlemenizi \u00f6neririz.<\/p>\n<p><img decoding=\"async\" src=\"https:\/\/www.hydraulic-cylinders.net\/wp-content\/uploads\/2025\/01\/songte-chushion-collar.webp\" alt=\"Kova Silindir Yakas\u0131\"><\/p>\n<h2>G\u00fcvenlik ve \u00c7evresel Hususlar<\/h2>\n<p>Kova silindirleri kullan\u0131l\u0131rken, kazalar\u0131 \u00f6nlemek i\u00e7in g\u00fcvenlik \u00f6nlemleri al\u0131nmal\u0131d\u0131r. Operat\u00f6rlere, do\u011fru \u00e7al\u0131\u015fma ve g\u00fcvenlik prosed\u00fcrlerini anlamalar\u0131n\u0131 sa\u011flamak i\u00e7in e\u011fitim verilmelidir. Kullan\u0131lm\u0131\u015f hidrolik ya\u011f\u0131n, filtrelerin ve di\u011fer bile\u015fenlerin uygun \u015fekilde bertaraf edilmesi, \u00e7evresel etkiyi en aza indirmek i\u00e7in kritik \u00f6neme sahiptir.<\/p>\n<h2>Sorun Giderme ve Yayg\u0131n Sorunlar<\/h2>\n<p>Kova silindirlerinde en s\u0131k kar\u015f\u0131la\u015f\u0131lan sorunlar s\u0131z\u0131nt\u0131lar, ar\u0131zal\u0131 contalar ve silindir hasarlar\u0131d\u0131r. D\u00fczenli muayene ve bak\u0131m bu sorunlar\u0131n \u00f6nlenmesine yard\u0131mc\u0131 olabilir. Sorunlarla kar\u015f\u0131la\u015f\u0131ld\u0131\u011f\u0131nda, ekipman ar\u0131zas\u0131na yol a\u00e7abilecek daha fazla hasar\u0131 \u00f6nlemek i\u00e7in bunlar\u0131 derhal te\u015fhis edip onarmak \u00e7ok \u00f6nemlidir.<\/p>\n<p><img decoding=\"async\" src=\"https:\/\/www.hydraulic-cylinders.net\/wp-content\/uploads\/2025\/01\/songte-bushings-with-all-kinds-of-excavator-models.webp\" alt=\"Kova Silindir Bur\u00e7lar\u0131\"><\/p>\n<h2>\u015eirketimiz Hakk\u0131nda<\/h2>\n<p>Yedek hidrolik silindir \u00fcreticisi olarak, geni\u015f bir \u00fcr\u00fcn yelpazesi sunuyor ve yurt i\u00e7i ve yurt d\u0131\u015f\u0131 pazarlarda lider hidrolik silindir \u00fcretici ve toptanc\u0131lar\u0131ndan biri haline geliyoruz. Kalitede m\u00fckemmellik ilkesine ba\u011fl\u0131 kal\u0131yor, hassas \u00fcretim at\u00f6lyelerinde end\u00fcstriyel \u00fcretim y\u00f6netimi stratejilerine g\u00fcveniyor ve teknolojik yetenekler, dijital ileri teknoloji \u00fcretim ekipmanlar\u0131 ve profesyonel test sistemleri a\u00e7\u0131s\u0131ndan \u00fcretim platformunu ve \u00fcr\u00fcn kalite rotas\u0131n\u0131 s\u00fcrekli geli\u015ftiriyoruz. \u00dcr\u00fcnlerimiz verimli, hassas ve y\u00fcksek kaliteli olup, \u00e7e\u015fitli m\u00fc\u015fteri ihtiya\u00e7lar\u0131n\u0131 kar\u015f\u0131lamaktad\u0131r.<\/p>\n<p><strong>Uzmanl\u0131k:<\/strong> Firmam\u0131z yedek hidrolik silindir \u00fcretiminde uzmanla\u015fm\u0131\u015ft\u0131r.<\/p>\n<p><strong>Uluslararas\u0131 Sertifikasyon:<\/strong> \u00dcr\u00fcnlerimiz ISO, SGS, CE gibi uluslararas\u0131 standartlara g\u00f6re sertifikaland\u0131r\u0131lm\u0131\u015ft\u0131r.<\/p>\n<p><strong>\u00d6zelle\u015ftirme Hizmeti:<\/strong> M\u00fc\u015fteri isteklerine uygun \u00f6zelle\u015ftirme hizmetleri sunuyoruz.<\/p>\n<p><strong>\u00dcretim Ekipmanlar\u0131:<\/strong> CNC torna tezgahlar\u0131, CNC i\u015fleme merkezleri ve test ekipmanlar\u0131 gibi ileri \u00fcretim ekipmanlar\u0131na sahibiz.<\/p>\n<p><strong>Sat\u0131\u015f Sonras\u0131 Hizmet:<\/strong> M\u00fc\u015fterilerimize teknik destek, garanti hizmeti ve uzaktan teknik yard\u0131m sa\u011fl\u0131yoruz. <\/p>\n<p><img decoding=\"async\" src=\"https:\/\/hzpt.com\/wp-content\/uploads\/2024\/11\/songte-company-1.webp\" alt=\"\u015eirket \u0130maj\u0131\"><\/p>\n<p>Yazar: lyl<\/p>","protected":false},"excerpt":{"rendered":"<p>Bucket Cylinder For Zoomlion Large Excavator ZE1250E Introduction Definition A bucket cylinder is a type of hydraulic cylinder specially designed for controlling the movement of the bucket in heavy machinery such as excavators, backhoes, and front-end loaders. Its primary function is to enable the bucket to be lifted, lowered, and tilted, making it easier for [&hellip;]<\/p>","protected":false},"featured_media":14784,"comment_status":"open","ping_status":"closed","template":"","meta":{"_et_pb_use_builder":"","_et_pb_old_content":"","_et_gb_content_width":""},"product_brand":[],"product_cat":[1494],"product_tag":[1495,1496],"class_list":{"0":"post-15511","1":"product","2":"type-product","3":"status-publish","4":"has-post-thumbnail","6":"product_cat-bucket-cylinders","7":"product_tag-bucket-cylinders","8":"product_tag-hydraulic-cylinders","10":"first","11":"instock","12":"shipping-taxable","13":"product-type-simple"},"amp_enabled":true,"_links":{"self":[{"href":"https:\/\/www.hydraulic-cylinders.net\/tr\/wp-json\/wp\/v2\/product\/15511","targetHints":{"allow":["GET"]}}],"collection":[{"href":"https:\/\/www.hydraulic-cylinders.net\/tr\/wp-json\/wp\/v2\/product"}],"about":[{"href":"https:\/\/www.hydraulic-cylinders.net\/tr\/wp-json\/wp\/v2\/types\/product"}],"replies":[{"embeddable":true,"href":"https:\/\/www.hydraulic-cylinders.net\/tr\/wp-json\/wp\/v2\/comments?post=15511"}],"wp:featuredmedia":[{"embeddable":true,"href":"https:\/\/www.hydraulic-cylinders.net\/tr\/wp-json\/wp\/v2\/media\/14784"}],"wp:attachment":[{"href":"https:\/\/www.hydraulic-cylinders.net\/tr\/wp-json\/wp\/v2\/media?parent=15511"}],"wp:term":[{"taxonomy":"product_brand","embeddable":true,"href":"https:\/\/www.hydraulic-cylinders.net\/tr\/wp-json\/wp\/v2\/product_brand?post=15511"},{"taxonomy":"product_cat","embeddable":true,"href":"https:\/\/www.hydraulic-cylinders.net\/tr\/wp-json\/wp\/v2\/product_cat?post=15511"},{"taxonomy":"product_tag","embeddable":true,"href":"https:\/\/www.hydraulic-cylinders.net\/tr\/wp-json\/wp\/v2\/product_tag?post=15511"}],"curies":[{"name":"wp","href":"https:\/\/api.w.org\/{rel}","templated":true}]}}