{"id":15515,"date":"2025-01-19T14:37:32","date_gmt":"2025-01-19T14:37:32","guid":{"rendered":"https:\/\/www.hydraulic-cylinders.net\/product\/bucket-cylinder-for-sunward-small-excavator-swe150elr\/"},"modified":"2025-01-19T14:37:34","modified_gmt":"2025-01-19T14:37:34","slug":"bucket-cylinder-for-sunward-small-excavator-swe150elr","status":"publish","type":"product","link":"https:\/\/www.hydraulic-cylinders.net\/tr\/urun\/bucket-cylinder-for-sunward-small-excavator-swe150elr\/","title":{"rendered":"Sunward K\u00fc\u00e7\u00fck Ekskavat\u00f6r SWE150ELR i\u00e7in Kova Silindiri"},"content":{"rendered":"<h1>Sunward K\u00fc\u00e7\u00fck Ekskavat\u00f6r SWE150ELR i\u00e7in Kova Silindiri<\/h1>\n<h2>girii\u015f<\/h2>\n<p>Sunward k\u00fc\u00e7\u00fck ekskavat\u00f6r SWE150ELR i\u00e7in kova silindiri, ekskavat\u00f6rler, beko-y\u00fckleyiciler ve \u00f6n y\u00fckleyiciler gibi a\u011f\u0131r i\u015f makinelerinde kovan\u0131n hareketini kontrol etmek i\u00e7in kullan\u0131lan \u00f6zel olarak tasarlanm\u0131\u015f bir hidrolik silindirdir. Ana i\u015flevi, kovan\u0131n kald\u0131r\u0131lmas\u0131n\u0131, indirilmesini ve e\u011filmesini sa\u011flayarak \u00e7e\u015fitli malzeme ta\u015f\u0131ma g\u00f6revleri i\u00e7in kolayl\u0131k sa\u011flamakt\u0131r. Hidrolik sistemde, kova silindiri, hidrolik ya\u011f\u0131n bas\u0131n\u00e7 de\u011fi\u015fimleriyle kovan\u0131n hassas kontrol\u00fcn\u00fc sa\u011flayarak operat\u00f6rlerin a\u011f\u0131r y\u00fckleri verimli bir \u015fekilde ta\u015f\u0131mas\u0131na ve karma\u015f\u0131k \u00e7al\u0131\u015fma ortamlar\u0131na ve \u00e7e\u015fitli i\u015f gereksinimlerine uyum sa\u011flamas\u0131na olanak tan\u0131r.<\/p>\n<p><img decoding=\"async\" src=\"https:\/\/www.hydraulic-cylinders.net\/wp-content\/uploads\/2025\/01\/songte-company-2.webp\" alt=\"\u00dcr\u00fcn G\u00f6rseli\"><\/p>\n<h2>\u00d6zellikler<\/h2>\n<ul>\n<li><strong>Y\u00fcksek Dayan\u0131kl\u0131l\u0131k ve Dayan\u0131kl\u0131l\u0131k:<\/strong> Genellikle y\u00fcksek mukavemetli \u00e7elik veya al\u00fcminyumdan \u00fcretilen bu \u00fcr\u00fcnler, y\u00fcksek bas\u0131n\u00e7 ve a\u011f\u0131r y\u00fcklere dayanabilir ve zorlu \u00e7al\u0131\u015fma ko\u015fullar\u0131na uyum sa\u011flayabilir. Tasar\u0131m\u0131nda a\u015f\u0131nma ve korozyon direnci g\u00f6z \u00f6n\u00fcnde bulundurularak kullan\u0131m \u00f6mr\u00fc uzat\u0131l\u0131r.<\/li>\n<li><strong>Verimli Hidrolik \u00c7al\u0131\u015fma:<\/strong> Hidrolik ya\u011f\u0131n bas\u0131nc\u0131n\u0131 kullanarak d\u00fczg\u00fcn uzatma ve geri \u00e7ekme hareketleri elde eder, kontrol komutlar\u0131na h\u0131zl\u0131 tepki verir ve g\u00fc\u00e7l\u00fc itme ve \u00e7ekme kuvvetleri sa\u011flar, a\u011f\u0131r y\u00fckleri ve karma\u015f\u0131k i\u015f g\u00f6revlerini ta\u015f\u0131maya uygundur.<\/li>\n<li><strong>\u00c7e\u015fitli Tipler:<\/strong> Kova silindiri, farkl\u0131 operasyonel gereksinimleri kar\u015f\u0131lamak \u00fczere ihtiya\u00e7lara g\u00f6re tek etkili (sadece tek y\u00f6nde hidrolik kullan\u0131lan) veya \u00e7ift etkili (her iki y\u00f6nde hidrolik kullan\u0131lan) olarak se\u00e7ilebilir. Baz\u0131 modeller teleskopiktir ve d\u0131\u015f boyutlar\u0131 art\u0131rmadan daha fazla uzatma imkan\u0131 sunarak, s\u0131n\u0131rl\u0131 alana sahip uygulamalar i\u00e7in uygundur.<\/li>\n<li><strong>De\u011fi\u015ftirme Yetene\u011fi:<\/strong> \u00dcr\u00fcnlerimiz bu hidrolik silindirlerin yerini m\u00fckemmel \u015fekilde alabilir.<\/li>\n<\/ul>\n<p><img decoding=\"async\" src=\"https:\/\/www.hydraulic-cylinders.net\/wp-content\/uploads\/2025\/01\/songte-cylinder-head-with-all-kinds-excavator-models.webp\" alt=\"\u00dcr\u00fcn De\u011fi\u015ftirme G\u00f6rseli\"><\/p>\n<h2>Uygulamalar<\/h2>\n<p>Kova silindiri \u00e7e\u015fitli ekipmanlarda uygulama alan\u0131 bulur:<\/p>\n<ul>\n<li><strong>\u0130n\u015faat Ekipmanlar\u0131:<\/strong> Ekskavat\u00f6rlerde kazma, y\u00fckleme ve toprak veya moloz ta\u015f\u0131ma i\u015flemlerinde hayati bir rol oynar. Beko-loderlerde ise kova silindiri hem kazma hem de kald\u0131rma i\u015flemlerine yard\u0131mc\u0131 olur.<\/li>\n<li><strong>Tar\u0131m Makinalar\u0131:<\/strong> \u00d6n y\u00fckleyicilerde toprak, saman ve di\u011fer malzemelerin kep\u00e7elenmesi, kald\u0131r\u0131lmas\u0131 ve ta\u015f\u0131nmas\u0131 i\u00e7in kullan\u0131l\u0131r.<\/li>\n<li><strong>Ekskavat\u00f6rler:<\/strong> Kova silindiri, kovan\u0131n topra\u011fa n\u00fcfuz etmesini sa\u011flayarak kazma i\u015flemini m\u00fcmk\u00fcn k\u0131lar.<\/li>\n<li><strong>Y\u00fckleyiciler:<\/strong> \u00d6n y\u00fckleyicilerde, mallar\u0131n etkin bir \u015fekilde kald\u0131r\u0131lmas\u0131na ve bo\u015falt\u0131lmas\u0131na yard\u0131mc\u0131 olurlar.<\/li>\n<\/ul>\n<h2>Tasar\u0131m Hususlar\u0131 ve Se\u00e7im Kriterleri<\/h2>\n<p>Kova silindirleri tasarlan\u0131rken \u00e7e\u015fitli fakt\u00f6rler g\u00f6z \u00f6n\u00fcnde bulundurulur:<\/p>\n<ul>\n<li><strong>Y\u00fck Ta\u015f\u0131ma Kapasitesi:<\/strong> Silindir, deformasyon veya ar\u0131za ya\u015famadan gerekli y\u00fcke dayanacak \u015fekilde tasarlanm\u0131\u015ft\u0131r.<\/li>\n<li><strong>S\u0131zd\u0131rmazl\u0131k:<\/strong> Hidrolik sistemin b\u00fct\u00fcnl\u00fc\u011f\u00fcn\u00fc sa\u011flamak ve s\u0131z\u0131nt\u0131lar\u0131 \u00f6nlemek i\u00e7in piston contalar\u0131 ve biyel contalar\u0131 gibi \u00e7e\u015fitli s\u0131zd\u0131rmazl\u0131k elemanlar\u0131 kullan\u0131l\u0131r.<\/li>\n<li><strong>Dayan\u0131kl\u0131l\u0131k:<\/strong> Silindir, s\u00fcrekli kullan\u0131m\u0131n zorluklar\u0131na dayanacak ve a\u015f\u0131nma ve y\u0131pranmaya kar\u015f\u0131 koyacak \u015fekilde tasarlanm\u0131\u015ft\u0131r.<\/li>\n<li><strong>Emniyet:<\/strong> Operat\u00f6r\u00fcn operasyon s\u0131ras\u0131nda rahat\u0131n\u0131 sa\u011flamak ve kazalar\u0131 \u00f6nlemek i\u00e7in g\u00fcvenlik \u00f6nlemleri al\u0131nm\u0131\u015ft\u0131r.<\/li>\n<li><strong>Bak\u0131m kolayl\u0131\u011f\u0131:<\/strong> Tasar\u0131m\u0131 kolay bak\u0131m ve onar\u0131m imk\u00e2n\u0131 sunarak, duru\u015f s\u00fcrelerini azalt\u0131r ve \u00fcretkenli\u011fi en \u00fcst d\u00fczeye \u00e7\u0131kar\u0131r.<\/li>\n<\/ul>\n<p><img decoding=\"async\" src=\"https:\/\/www.hydraulic-cylinders.net\/wp-content\/uploads\/2025\/01\/songte-oil-pipes-and-spare-parts.webp\" alt=\"S\u0131zd\u0131rmazl\u0131k Bile\u015fenleri G\u00f6rseli\"><\/p>\n<h2>S\u0131zd\u0131rmazl\u0131k ve Ya\u011flama<\/h2>\n<p>Kova silindiri, poli\u00fcretan ve nitril kau\u00e7uk gibi a\u015f\u0131nmaya dayan\u0131kl\u0131 malzemelerden yap\u0131lm\u0131\u015f piston contalar\u0131 ve piston kolu contalar\u0131 gibi \u00e7e\u015fitli s\u0131zd\u0131rmazl\u0131k bile\u015fenleri kullan\u0131r. Silindir g\u00f6vdesi ve di\u015fli u\u00e7lar\u0131, a\u015f\u0131nma direncini art\u0131rmak i\u00e7in ince bir y\u00fczey i\u015flemine tabi tutulur. Sorunsuz \u00e7al\u0131\u015fma i\u00e7in uygun miktarda hidrolik ya\u011f ile d\u00fczenli ya\u011flama gereklidir.<\/p>\n<h2>D\u00fczenli Muayene ve \u00d6nleyici Bak\u0131m<\/h2>\n<ul>\n<li>Kova silindirini d\u00fczenli olarak a\u015f\u0131nma, s\u0131z\u0131nt\u0131 veya hasar belirtileri a\u00e7\u0131s\u0131ndan inceleyin.<\/li>\n<li>T\u00fcm hareketli par\u00e7alar\u0131n uygun \u015fekilde ya\u011fland\u0131\u011f\u0131ndan emin olun.<\/li>\n<li>Silindirin b\u00fct\u00fcnl\u00fc\u011f\u00fcn\u00fc korumak i\u00e7in contalar\u0131 ve contalar\u0131 periyodik olarak de\u011fi\u015ftirin.<\/li>\n<\/ul>\n<h2>Do\u011fru \u00dcr\u00fcn Kurulumu<\/h2>\n<p>Optimum performans i\u00e7in kova silindirinin do\u011fru montaj\u0131 \u00f6nemlidir:<\/p>\n<ul>\n<li>Montaj s\u0131ras\u0131nda silindirin do\u011fru \u015fekilde hizalanmas\u0131 konusunda rehberlik sa\u011flay\u0131n.<\/li>\n<li>Silindiri sabitlemek i\u00e7in uygun montaj braketlerinin kullan\u0131lmas\u0131n\u0131 \u00f6neririz.<\/li>\n<li>\u00d6nerilen muayene, onar\u0131m ve de\u011fi\u015ftirme prosed\u00fcrlerine ili\u015fkin talimatlar sa\u011flay\u0131n.<\/li>\n<li>Silindirin \u00f6mr\u00fcn\u00fc uzatmak i\u00e7in yedek par\u00e7a ve yeniden yap\u0131m hizmetleri sunuyoruz.<\/li>\n<\/ul>\n<p><img decoding=\"async\" src=\"https:\/\/www.hydraulic-cylinders.net\/wp-content\/uploads\/2025\/01\/songte-chushion-collar.webp\" alt=\"Kurulum K\u0131lavuzu G\u00f6rseli\"><\/p>\n<h2>G\u00fcvenlik Hususlar\u0131 ve \u00c7evresel Fakt\u00f6rler<\/h2>\n<p>Kova silindiri kullan\u0131l\u0131rken g\u00fcvenlik \u00f6nlemlerinin \u00f6nemi g\u00f6z ard\u0131 edilmemelidir. Operat\u00f6rlerin sa\u011fl\u0131\u011f\u0131n\u0131 korumak ve kazalar\u0131 \u00f6nlemek i\u00e7in uygun g\u00fcvenlik \u00f6nlemleri al\u0131nmal\u0131d\u0131r. S\u0131cakl\u0131k ve a\u015f\u0131nd\u0131r\u0131c\u0131 maddelere maruz kalma gibi \u00e7evresel fakt\u00f6rler de dikkate al\u0131nmal\u0131d\u0131r.<\/p>\n<h2>Sorun Giderme ve Yayg\u0131n Sorunlar<\/h2>\n<p>Kova silindiriyle ilgili sorunlar\u0131 giderirken a\u015fa\u011f\u0131dakileri g\u00f6z \u00f6n\u00fcnde bulundurun:<\/p>\n<ul>\n<li>Sorunlar\u0131 etkili bir \u015fekilde te\u015fhis etmek ve \u00e7\u00f6zmek i\u00e7in ipu\u00e7lar\u0131 ve \u00e7\u00f6z\u00fcmler sunun.<\/li>\n<li>Olas\u0131 sorunlar\u0131 en aza indirmek i\u00e7in \u00f6nleyici tedbirler \u00f6nerin.<\/li>\n<\/ul>\n<p><img decoding=\"async\" src=\"https:\/\/www.hydraulic-cylinders.net\/wp-content\/uploads\/2025\/01\/songte-bushings-with-all-kinds-of-excavator-models.webp\" alt=\"Sorun Giderme \u0130pu\u00e7lar\u0131 G\u00f6rseli\"><\/p>\n<p>Makaleyi mant\u0131kl\u0131 bir \u015fekilde d\u00fczenlemeyi, kolay gezinme i\u00e7in alt ba\u015fl\u0131klar kullanmay\u0131, anlay\u0131\u015f\u0131 geli\u015ftirmek i\u00e7in ilgili g\u00f6rseller veya grafikler eklemeyi ve i\u00e7eri\u011fin farkl\u0131 teknik bilgi seviyelerine sahip okuyucular i\u00e7in a\u00e7\u0131k, \u00f6z ve uygun olmas\u0131n\u0131 sa\u011flamay\u0131 unutmay\u0131n.<\/p>\n<h2>\u015eirketimiz Hakk\u0131nda<\/h2>\n<p>Geni\u015f bir \u00fcr\u00fcn yelpazesi sunan bir yedek hidrolik silindir \u00fcreticisiyiz. Yurt i\u00e7i ve yurt d\u0131\u015f\u0131 pazarlarda lider hidrolik silindir \u00fcreticilerinden ve toptan da\u011f\u0131t\u0131c\u0131lar\u0131ndan biri haline geldik. \u015eirketimiz, m\u00fckemmel kalite, geli\u015fmi\u015f \u00fcretim ekipmanlar\u0131 ve profesyonel test sistemlerine dayanan end\u00fcstriyel bir \u00fcretim y\u00f6netimi stratejisi izlemektedir. \u00dcretim platformumuzu ve \u00fcr\u00fcn kalitesi \u00fcretim rotalar\u0131m\u0131z\u0131 s\u00fcrekli geli\u015ftiriyor ve g\u00fc\u00e7l\u00fc yarat\u0131c\u0131 yeteneklere sahibiz. Y\u00fcksek verimlilik, hassasiyet ve kaliteyle farkl\u0131 m\u00fc\u015fteri ihtiya\u00e7lar\u0131n\u0131 kar\u015f\u0131lamay\u0131 hedefliyoruz.<\/p>\n<p><img decoding=\"async\" src=\"https:\/\/www.hydraulic-cylinders.net\/wp-content\/uploads\/2025\/01\/songte-company-3.webp\" alt=\"\u015eirket \u0130maj\u0131\"><\/p>\n<h3>Profesyonellik:<\/h3>\n<p>\u00dcr\u00fcn tasar\u0131m\u0131ndan m\u00fc\u015fteri hizmetlerine kadar operasyonlar\u0131m\u0131z\u0131n her a\u015famas\u0131nda profesyonelli\u011fi \u00f6n planda tutuyoruz.<\/p>\n<h3>Uluslararas\u0131 Sertifikalar:<\/h3>\n<p>\u00dcr\u00fcnlerimizin kalitesini ve g\u00fcvenilirli\u011fini garanti alt\u0131na almak i\u00e7in uluslararas\u0131 sertifikasyon ve standartlara ba\u011fl\u0131 kal\u0131yoruz.<\/p>\n<h3>\u00d6zelle\u015ftirme Hizmetleri:<\/h3>\n<p>M\u00fc\u015fterilerimizin \u00f6zel ihtiya\u00e7lar\u0131n\u0131 kar\u015f\u0131lamak ve ki\u015fiye \u00f6zel \u00e7\u00f6z\u00fcmler sunmak i\u00e7in \u00f6zelle\u015ftirme hizmetleri sunuyoruz.<\/p>\n<h3>\u00dcretim Ekipmanlar\u0131:<\/h3>\n<p>\u00dcr\u00fcnlerimizin hassasiyetini ve kalitesini garantilemek i\u00e7in ileri \u00fcretim ekipmanlar\u0131 ve teknolojisinden yararlan\u0131yoruz.<\/p>\n<h3>Sat\u0131\u015f Sonras\u0131 Hizmet:<\/h3>\n<p>M\u00fc\u015fteri memnuniyetini ve \u00fcr\u00fcn \u00f6mr\u00fcn\u00fcn uzamas\u0131n\u0131 garanti alt\u0131na alarak bak\u0131m, onar\u0131m ve par\u00e7a de\u011fi\u015fimi de dahil olmak \u00fczere kapsaml\u0131 sat\u0131\u015f sonras\u0131 hizmeti sa\u011fl\u0131yoruz.<\/p>\n<p><img decoding=\"async\" src=\"https:\/\/hzpt.com\/wp-content\/uploads\/2024\/11\/songte-company-1.webp\" alt=\"\u015eirket \u0130maj\u0131\"><\/p>\n<p>Yazar: lyl<\/p>","protected":false},"excerpt":{"rendered":"<p>Bucket Cylinder For Sunward Small Excavator SWE150ELR Introduction The bucket cylinder for Sunward small excavator SWE150ELR is a specially designed hydraulic cylinder that is used to control the movement of the bucket in heavy machinery such as excavators, backhoe loaders, and front loaders. Its main function is to enable the bucket to lift, lower, and [&hellip;]<\/p>","protected":false},"featured_media":14776,"comment_status":"open","ping_status":"closed","template":"","meta":{"_et_pb_use_builder":"","_et_pb_old_content":"","_et_gb_content_width":""},"product_brand":[],"product_cat":[1494],"product_tag":[1495,1496],"class_list":{"0":"post-15515","1":"product","2":"type-product","3":"status-publish","4":"has-post-thumbnail","6":"product_cat-bucket-cylinders","7":"product_tag-bucket-cylinders","8":"product_tag-hydraulic-cylinders","10":"first","11":"instock","12":"shipping-taxable","13":"product-type-simple"},"amp_enabled":true,"_links":{"self":[{"href":"https:\/\/www.hydraulic-cylinders.net\/tr\/wp-json\/wp\/v2\/product\/15515","targetHints":{"allow":["GET"]}}],"collection":[{"href":"https:\/\/www.hydraulic-cylinders.net\/tr\/wp-json\/wp\/v2\/product"}],"about":[{"href":"https:\/\/www.hydraulic-cylinders.net\/tr\/wp-json\/wp\/v2\/types\/product"}],"replies":[{"embeddable":true,"href":"https:\/\/www.hydraulic-cylinders.net\/tr\/wp-json\/wp\/v2\/comments?post=15515"}],"wp:featuredmedia":[{"embeddable":true,"href":"https:\/\/www.hydraulic-cylinders.net\/tr\/wp-json\/wp\/v2\/media\/14776"}],"wp:attachment":[{"href":"https:\/\/www.hydraulic-cylinders.net\/tr\/wp-json\/wp\/v2\/media?parent=15515"}],"wp:term":[{"taxonomy":"product_brand","embeddable":true,"href":"https:\/\/www.hydraulic-cylinders.net\/tr\/wp-json\/wp\/v2\/product_brand?post=15515"},{"taxonomy":"product_cat","embeddable":true,"href":"https:\/\/www.hydraulic-cylinders.net\/tr\/wp-json\/wp\/v2\/product_cat?post=15515"},{"taxonomy":"product_tag","embeddable":true,"href":"https:\/\/www.hydraulic-cylinders.net\/tr\/wp-json\/wp\/v2\/product_tag?post=15515"}],"curies":[{"name":"wp","href":"https:\/\/api.w.org\/{rel}","templated":true}]}}