{"id":15523,"date":"2025-01-19T14:38:11","date_gmt":"2025-01-19T14:38:11","guid":{"rendered":"https:\/\/www.hydraulic-cylinders.net\/product\/bucket-cylinder-for-sunward-middle-excavator-swe21elr\/"},"modified":"2025-01-19T14:38:13","modified_gmt":"2025-01-19T14:38:13","slug":"bucket-cylinder-for-sunward-middle-excavator-swe21elr","status":"publish","type":"product","link":"https:\/\/www.hydraulic-cylinders.net\/tr\/urun\/bucket-cylinder-for-sunward-middle-excavator-swe21elr\/","title":{"rendered":"Sunward Orta Ekskavat\u00f6r SWE21ELR i\u00e7in Kova Silindiri"},"content":{"rendered":"<h1>Sunward Orta Ekskavat\u00f6r SWE21ELR i\u00e7in Kova Silindiri<\/h1>\n<h2>girii\u015f<\/h2>\n<p>Sunward orta ekskavat\u00f6r SWE21ELR i\u00e7in kova silindiri, ekskavat\u00f6rler, beko-y\u00fckleyiciler ve \u00f6n y\u00fckleyiciler gibi a\u011f\u0131r i\u015f makinelerinde kep\u00e7enin hareketini kontrol etmek i\u00e7in tasarlanm\u0131\u015f \u00f6zel bir hidrolik silindirdir. Birincil i\u015flevi, kep\u00e7enin kald\u0131rma, indirme ve yat\u0131rma i\u015flemlerini ger\u00e7ekle\u015ftirerek \u00e7e\u015fitli malzeme ta\u015f\u0131ma g\u00f6revlerinin daha kolay yap\u0131lmas\u0131n\u0131 sa\u011flamakt\u0131r.<\/p>\n<p><img decoding=\"async\" src=\"https:\/\/www.hydraulic-cylinders.net\/wp-content\/uploads\/2025\/01\/songte-company-2.webp\" alt=\"Kova Silindiri G\u00f6r\u00fcnt\u00fcs\u00fc\"><\/p>\n<h3>Tan\u0131m ve A\u00e7\u0131klama<\/h3>\n<p>Hidrolik sistemde, kova silindiri, hidrolik ya\u011f bas\u0131nc\u0131n\u0131 de\u011fi\u015ftirerek k\u00fcrek kovas\u0131n\u0131n hassas hareketini kontrol eder ve operat\u00f6r\u00fcn a\u011f\u0131r y\u00fckleri verimli bir \u015fekilde ta\u015f\u0131mas\u0131na, karma\u015f\u0131k \u00e7al\u0131\u015fma ortamlar\u0131na ve \u00e7e\u015fitli operasyonel gereksinimlere uyum sa\u011flamas\u0131na olanak tan\u0131r.<\/p>\n<h2>\u00d6zellikler<\/h2>\n<ul>\n<li>Y\u00fcksek Mukavemet ve Dayan\u0131kl\u0131l\u0131k: Genellikle y\u00fcksek mukavemetli \u00e7elik veya al\u00fcminyumdan yap\u0131l\u0131r, y\u00fcksek bas\u0131nca ve a\u011f\u0131r y\u00fcklere dayanabilir, zorlu \u00e7al\u0131\u015fma ortamlar\u0131na uyum sa\u011flayabilir, a\u015f\u0131nma ve korozyon direnci i\u00e7in tasarlanm\u0131\u015ft\u0131r ve hizmet \u00f6mr\u00fcn\u00fc uzat\u0131r.<\/li>\n<li>Verimli Hidrolik \u00c7al\u0131\u015fma: Hidrolik ya\u011f\u0131n bas\u0131nc\u0131 sayesinde p\u00fcr\u00fczs\u00fcz teleskopik hareket sa\u011flan\u0131r, kontrol komutlar\u0131na h\u0131zl\u0131 bir \u015fekilde yan\u0131t verebilir, g\u00fc\u00e7l\u00fc itme ve \u00e7ekme kuvvetleri sa\u011flayabilir ve a\u011f\u0131r y\u00fckleri ve karma\u015f\u0131k operasyonel g\u00f6revleri ta\u015f\u0131maya uygundur.<\/li>\n<li>\u00c7e\u015fitli Tipler: Tek etkili (hidrolik sadece tek y\u00f6nde kullan\u0131l\u0131r) veya \u00e7ift etkili (hidrolik iki y\u00f6nde kullan\u0131l\u0131r) silindirler, farkl\u0131 operasyonel ihtiya\u00e7lar\u0131 kar\u015f\u0131lamak \u00fczere ihtiyaca g\u00f6re se\u00e7ilebilir. Baz\u0131 modeller teleskopiktir ve d\u0131\u015f boyutlar\u0131 art\u0131rmadan daha fazla geni\u015flemeye olanak tan\u0131r, s\u0131n\u0131rl\u0131 alan uygulamalar\u0131 i\u00e7in uygundur.<\/li>\n<li>\u00dcr\u00fcn De\u011fi\u015fimi: \u00dcr\u00fcn\u00fcm\u00fcz bu hidrolik silindirlerin yerine m\u00fckemmel bir \u015fekilde kullan\u0131labilir.<\/li>\n<\/ul>\n<p><img decoding=\"async\" src=\"https:\/\/www.hydraulic-cylinders.net\/wp-content\/uploads\/2025\/01\/songte-cylinder-head-with-all-kinds-excavator-models.webp\" alt=\"\u00dcr\u00fcn De\u011fi\u015ftirme G\u00f6rseli\"><\/p>\n<h2>Ba\u015fvuru<\/h2>\n<p>Kova silindirinin \u00e7ok \u00e7e\u015fitli uygulama alanlar\u0131 vard\u0131r, bunlar aras\u0131nda \u015funlar yer al\u0131r:<\/p>\n<ul>\n<li>\u0130n\u015faat Ekipmanlar\u0131: Ekskavat\u00f6rlerde, toprak veya moloz kazma, y\u00fckleme ve ta\u015f\u0131ma i\u00e7in gereklidirler. Beko-Loderlerde ise kova silindiri hem kazma hem de kald\u0131rma i\u015flemlerine yard\u0131mc\u0131 olur. <\/li>\n<li>Tar\u0131m Makinalar\u0131: \u00d6n y\u00fckleyicilerde, toprak, saman ve di\u011fer malzemelerin kep\u00e7elenmesi, kald\u0131r\u0131lmas\u0131 ve ta\u015f\u0131nmas\u0131nda kullan\u0131l\u0131r. <\/li>\n<li>Ekskavat\u00f6rler: Kova silindiri, kovan\u0131n topra\u011fa n\u00fcfuz etmesini sa\u011flayarak kazma eylemini ger\u00e7ekle\u015ftirir. <\/li>\n<li>\u00d6n y\u00fckleyiciler: \u00d6n y\u00fckleyicilerde, mallar\u0131n etkili bir \u015fekilde kald\u0131r\u0131lmas\u0131na ve e\u011filmesine yard\u0131mc\u0131 olurlar.<\/li>\n<\/ul>\n<h2>\u00dcr\u00fcn Tasar\u0131m Hususlar\u0131 ve Se\u00e7im Kriterleri<\/h2>\n<p>Kova silindirinin tasar\u0131m hususlar\u0131 ve se\u00e7im kriterleri \u015funlard\u0131r:<\/p>\n<h3>Y\u00fck Ta\u015f\u0131ma Kapasitesi<\/h3>\n<p>Kova silindirinin y\u00fck ta\u015f\u0131ma kapasitesi, tasar\u0131m ve se\u00e7im s\u00fcrecinde kritik bir husustur. Silindir, y\u00fcksek y\u00fckleri destekleyebilmeli ve y\u00fcksek bas\u0131n\u00e7l\u0131 \u00e7al\u0131\u015fma ko\u015fullar\u0131na dayan\u0131kl\u0131 olmal\u0131d\u0131r.<\/p>\n<h3>S\u0131zd\u0131rmazl\u0131k<\/h3>\n<p>Kova silindiri, ya\u011f s\u0131z\u0131nt\u0131s\u0131n\u0131 \u00f6nlemek i\u00e7in yeterli s\u0131zd\u0131rmazl\u0131k d\u00fczenlemelerine sahip olmal\u0131d\u0131r. Piston contalar\u0131, biyel contalar\u0131 ve silecek contalar\u0131, silindirde kullan\u0131lan standart s\u0131zd\u0131rmazl\u0131k bile\u015fenleridir ve a\u015f\u0131nma direnci y\u00fcksek, y\u00fcksek kaliteli malzemelerden yap\u0131lmal\u0131d\u0131r.<\/p>\n<h3>Dayan\u0131kl\u0131l\u0131k<\/h3>\n<p>Kova silindiri, y\u00fcksek s\u0131cakl\u0131klar, a\u015f\u0131nd\u0131r\u0131c\u0131 ortamlar ve a\u015f\u0131nd\u0131r\u0131c\u0131 maddeler gibi zorlu \u00e7al\u0131\u015fma ko\u015fullar\u0131na dayan\u0131kl\u0131 olmal\u0131 ve dayan\u0131kl\u0131 olmal\u0131d\u0131r. Silindirin g\u00f6vdesi ve u\u00e7 kapaklar\u0131, y\u00fcksek kaliteli malzemelerden yap\u0131lmal\u0131 ve a\u015f\u0131nma direncini art\u0131racak \u015fekilde i\u015flenmelidir.<\/p>\n<h3>Emniyet<\/h3>\n<p>Kova silindiri g\u00fcvenlik standartlar\u0131na ve y\u00f6netmeliklerine uygun olmal\u0131 ve a\u015f\u0131r\u0131 y\u00fcklenmeyi veya a\u015f\u0131r\u0131 bas\u0131nc\u0131 \u00f6nlemek i\u00e7in bas\u0131n\u00e7 tahliye vanalar\u0131 ve bas\u0131n\u00e7 g\u00f6stergeleri gibi g\u00fcvenlik \u00f6zellikleri tak\u0131lmal\u0131d\u0131r.<\/p>\n<h3>Bak\u0131m<\/h3>\n<p>Kova silindirinin bak\u0131m\u0131 kolay olmal\u0131 ve bile\u015fenlerine muayene veya onar\u0131m i\u00e7in kolayca eri\u015filebilmelidir. \u00dcreticinin \u00f6nerdi\u011fi bak\u0131m program\u0131na uymak ve uygun ya\u011flay\u0131c\u0131 ve s\u0131v\u0131lar\u0131 kullanmak \u00e7ok \u00f6nemlidir.<\/p>\n<p><img decoding=\"async\" src=\"https:\/\/www.hydraulic-cylinders.net\/wp-content\/uploads\/2025\/01\/songte-oil-pipes-and-spare-parts.webp\" alt=\"Hidrolik Silindir Par\u00e7alar\u0131 G\u00f6rseli\"><\/p>\n<h2>S\u0131zd\u0131rmazl\u0131k ve Ya\u011flama<\/h2>\n<p>Kova silindirinin verimli \u00e7al\u0131\u015fmas\u0131 i\u00e7in uygun s\u0131zd\u0131rmazl\u0131k ve ya\u011flamaya ihtiyac\u0131 vard\u0131r. Piston contalar\u0131 ve piston kolu contalar\u0131 gibi \u00e7e\u015fitli s\u0131zd\u0131rmazl\u0131k bile\u015fenleri d\u00fczenli olarak kontrol edilmeli ve gerekirse de\u011fi\u015ftirilmelidir. Silindirin sorunsuz \u00e7al\u0131\u015fmas\u0131n\u0131 sa\u011flamak i\u00e7in hidrolik ya\u011f ile uygun \u015fekilde ya\u011flanmas\u0131 gerekir.<\/p>\n<h2>\u00d6nleyici Bak\u0131m ve Onar\u0131m<\/h2>\n<p>Kova silindirinin kullan\u0131m \u00f6mr\u00fcn\u00fc uzatmak ve b\u00fcy\u00fck ar\u0131zalar\u0131 \u00f6nlemek i\u00e7in d\u00fczenli muayene ve \u00f6nleyici bak\u0131m \u015fartt\u0131r. Yayg\u0131n bak\u0131m g\u00f6revleri \u015funlard\u0131r:<\/p>\n<h3>D\u00fczenli Muayene<\/h3>\n<p>Silindirin contalar, rotlar ve g\u00f6vde gibi bile\u015fenlerini hasar veya a\u015f\u0131nma a\u00e7\u0131s\u0131ndan d\u00fczenli olarak inceleyin. Ya\u011f s\u0131z\u0131nt\u0131s\u0131 veya kirlenme belirtileri olup olmad\u0131\u011f\u0131n\u0131 kontrol edin.<\/p>\n<h3>Ya\u011flama<\/h3>\n<p>Silindir d\u00fczenli olarak hidrolik ya\u011f ile ya\u011flanmal\u0131d\u0131r. \u00dcreticinin \u00f6nerdi\u011fi ya\u011f t\u00fcr\u00fcn\u00fc takip edin ve \u00f6nerilen aral\u0131klarla de\u011fi\u015ftirin.<\/p>\n<h3>Conta De\u011fi\u015fimi<\/h3>\n<p>Herhangi bir conta hasarl\u0131 veya a\u015f\u0131nm\u0131\u015fsa, ya\u011f s\u0131z\u0131nt\u0131s\u0131n\u0131 veya kirlenmeyi \u00f6nlemek i\u00e7in derhal de\u011fi\u015ftirin.<\/p>\n<p><img decoding=\"async\" src=\"https:\/\/www.hydraulic-cylinders.net\/wp-content\/uploads\/2025\/01\/songte-chushion-collar.webp\" alt=\"Yast\u0131k Yaka G\u00f6rseli\"><\/p>\n<h2>\u00dcr\u00fcn G\u00fcvenli\u011fi ve \u00c7evresel Hususlar<\/h2>\n<p>Kova silindirini \u00e7al\u0131\u015ft\u0131r\u0131rken uygun g\u00fcvenlik \u00f6nlemleri al\u0131nmal\u0131d\u0131r. Herhangi bir kazay\u0131 veya silindire veya makineye gelebilecek hasar\u0131 \u00f6nlemek i\u00e7in t\u00fcm g\u00fcvenlik kurallar\u0131na ve y\u00f6netmeliklerine uymak hayati \u00f6nem ta\u015f\u0131r. Ayr\u0131ca, kullan\u0131lm\u0131\u015f hidrolik ya\u011f veya di\u011fer tehlikeli maddelerin yerel y\u00f6netmeliklere uygun olarak bertaraf edilmesi de \u00f6nemlidir.<\/p>\n<h2>Ar\u0131za Te\u015fhisi ve Sorun Giderme<\/h2>\n<p>Kova silindirinde s\u0131k kar\u015f\u0131la\u015f\u0131lan ar\u0131zalar ve sorunlar aras\u0131nda ya\u011f s\u0131z\u0131nt\u0131s\u0131, hatal\u0131 \u00e7al\u0131\u015fma ve silindir g\u00f6vdesi veya bile\u015fenlerinde hasar yer al\u0131r. Daha fazla hasar veya kazay\u0131 \u00f6nlemek i\u00e7in uygun ar\u0131za tespiti ve onar\u0131m, kalifiye bir teknisyen taraf\u0131ndan yap\u0131lmal\u0131d\u0131r.<\/p>\n<h2>\u015eirket Tan\u0131t\u0131m\u0131<\/h2>\n<p>Yurt i\u00e7i ve yurt d\u0131\u015f\u0131 pazarlarda lider bir hidrolik silindir \u00fcreticisi ve toptanc\u0131s\u0131y\u0131z. \u00dcr\u00fcnlerimiz m\u00fckemmel kalitededir ve son teknoloji dijital \u00fcretim ekipmanlar\u0131, teknoloji yetenekleri ve profesyonel test sistemleriyle donat\u0131lm\u0131\u015f son teknoloji \u00fcretim at\u00f6lyelerimizde end\u00fcstri standard\u0131 \u00fcretim y\u00f6netimi stratejilerine g\u00fcveniyoruz. \u00dcretim platformumuzu s\u00fcrekli geli\u015ftiriyor, \u00fcr\u00fcn kalitesi \u00fcretim hatt\u0131m\u0131z\u0131 m\u00fckemmelle\u015ftiriyor ve y\u00fcksek verimlilik, y\u00fcksek hassasiyet ve y\u00fcksek kalite prensiplerini kullanarak farkl\u0131 m\u00fc\u015fteri ihtiya\u00e7lar\u0131n\u0131 kar\u015f\u0131lamak i\u00e7in g\u00fc\u00e7l\u00fc bir yarat\u0131c\u0131l\u0131\u011fa sahibiz.<\/p>\n<p><img decoding=\"async\" src=\"https:\/\/hzpt.com\/wp-content\/uploads\/2024\/11\/songte-company-1.webp\" alt=\"\u015eirket \u0130maj\u0131\"><\/p>\n<h3>Profesyonellik<\/h3>\n<p>Hidrolik silindir tasar\u0131m\u0131, geli\u015ftirilmesi ve \u00fcretimi konusunda deneyimli ve bilgili profesyonellerden olu\u015fan bir ekibimiz var.<\/p>\n<h3>Uluslararas\u0131 Sertifikasyon<\/h3>\n<p>\u00dcr\u00fcnlerimiz uluslararas\u0131 standartlara ve gerekliliklere uygun oldu\u011funu garanti eden ISO9001 uluslararas\u0131 kalite sistem belgesi ve CE belgesine sahiptir.<\/p>\n<h3>\u00d6zelle\u015ftirme Hizmetleri<\/h3>\n<p>Ayr\u0131ca farkl\u0131 \u00fcr\u00fcn boyutlar\u0131, \u015fekilleri ve \u00f6zellikleri de dahil olmak \u00fczere benzersiz m\u00fc\u015fteri ihtiya\u00e7lar\u0131n\u0131 kar\u015f\u0131lamak i\u00e7in \u00f6zelle\u015ftirme hizmetleri de sa\u011fl\u0131yoruz.<\/p>\n<h3>\u00dcretim Ekipmanlar\u0131<\/h3>\n<p>CNC torna tezgahlar\u0131, ta\u015flama makineleri ve otomatik kaynak makineleri dahil olmak \u00fczere geli\u015fmi\u015f dijital \u00fcretim ekipmanlar\u0131m\u0131z bulunmaktad\u0131r.<\/p>\n<h3>Sat\u0131\u015f Sonras\u0131 Hizmet<\/h3>\n<p>M\u00fc\u015fteri memnuniyetini sa\u011flamak i\u00e7in onar\u0131m ve de\u011fi\u015ftirme hizmetleri de dahil olmak \u00fczere m\u00fckemmel sat\u0131\u015f sonras\u0131 hizmet ve destek sa\u011fl\u0131yoruz.<\/p>\n<p><img decoding=\"async\" src=\"https:\/\/www.hydraulic-cylinders.net\/wp-content\/uploads\/2025\/01\/songte-bushings-with-all-kinds-of-excavator-models.webp\" alt=\"Bur\u00e7lar G\u00f6r\u00fcnt\u00fcs\u00fc\"><\/p>\n<p>Lyl taraf\u0131ndan<\/p>","protected":false},"excerpt":{"rendered":"<p>Bucket Cylinder For Sunward Middle Excavator SWE21ELR Introduction The bucket cylinder for Sunward middle excavator SWE21ELR is a specialized hydraulic cylinder designed for controlling the movement of the shovel bucket in heavy machinery such as excavators, backhoe loaders, and front-end loaders. Its primary function is to enable the bucket to lift, lower, and tilt, making [&hellip;]<\/p>","protected":false},"featured_media":14788,"comment_status":"open","ping_status":"closed","template":"","meta":{"_et_pb_use_builder":"","_et_pb_old_content":"","_et_gb_content_width":""},"product_brand":[],"product_cat":[1494],"product_tag":[1495,1496],"class_list":{"0":"post-15523","1":"product","2":"type-product","3":"status-publish","4":"has-post-thumbnail","6":"product_cat-bucket-cylinders","7":"product_tag-bucket-cylinders","8":"product_tag-hydraulic-cylinders","10":"first","11":"instock","12":"shipping-taxable","13":"product-type-simple"},"amp_enabled":true,"_links":{"self":[{"href":"https:\/\/www.hydraulic-cylinders.net\/tr\/wp-json\/wp\/v2\/product\/15523","targetHints":{"allow":["GET"]}}],"collection":[{"href":"https:\/\/www.hydraulic-cylinders.net\/tr\/wp-json\/wp\/v2\/product"}],"about":[{"href":"https:\/\/www.hydraulic-cylinders.net\/tr\/wp-json\/wp\/v2\/types\/product"}],"replies":[{"embeddable":true,"href":"https:\/\/www.hydraulic-cylinders.net\/tr\/wp-json\/wp\/v2\/comments?post=15523"}],"wp:featuredmedia":[{"embeddable":true,"href":"https:\/\/www.hydraulic-cylinders.net\/tr\/wp-json\/wp\/v2\/media\/14788"}],"wp:attachment":[{"href":"https:\/\/www.hydraulic-cylinders.net\/tr\/wp-json\/wp\/v2\/media?parent=15523"}],"wp:term":[{"taxonomy":"product_brand","embeddable":true,"href":"https:\/\/www.hydraulic-cylinders.net\/tr\/wp-json\/wp\/v2\/product_brand?post=15523"},{"taxonomy":"product_cat","embeddable":true,"href":"https:\/\/www.hydraulic-cylinders.net\/tr\/wp-json\/wp\/v2\/product_cat?post=15523"},{"taxonomy":"product_tag","embeddable":true,"href":"https:\/\/www.hydraulic-cylinders.net\/tr\/wp-json\/wp\/v2\/product_tag?post=15523"}],"curies":[{"name":"wp","href":"https:\/\/api.w.org\/{rel}","templated":true}]}}