{"id":15528,"date":"2025-01-19T14:38:30","date_gmt":"2025-01-19T14:38:30","guid":{"rendered":"https:\/\/www.hydraulic-cylinders.net\/product\/bucket-cylinder-for-sunward-large-excavator-swe470e\/"},"modified":"2025-01-19T14:38:32","modified_gmt":"2025-01-19T14:38:32","slug":"bucket-cylinder-for-sunward-large-excavator-swe470e","status":"publish","type":"product","link":"https:\/\/www.hydraulic-cylinders.net\/tr\/urun\/bucket-cylinder-for-sunward-large-excavator-swe470e\/","title":{"rendered":"Sunward SWE470E B\u00fcy\u00fck Ekskavat\u00f6r \u0130\u00e7in Kep\u00e7e Silindiri"},"content":{"rendered":"<h1>Sunward SWE470E B\u00fcy\u00fck Ekskavat\u00f6r \u0130\u00e7in Kep\u00e7e Silindiri<\/h1>\n<h2>girii\u015f<\/h2>\n<p>Kep\u00e7e silindiri, ekskavat\u00f6rler, kaz\u0131c\u0131lar ve \u00f6n y\u00fckleyiciler gibi a\u011f\u0131r makinelerde kep\u00e7enin hareketini kontrol etmek i\u00e7in \u00f6zel olarak tasarlanm\u0131\u015f bir hidrolik silindir t\u00fcr\u00fcd\u00fcr. Birincil i\u015flevi, kep\u00e7enin kald\u0131r\u0131lmas\u0131n\u0131, indirilmesini ve e\u011filmesini sa\u011flayarak \u00e7e\u015fitli malzeme ta\u015f\u0131ma g\u00f6revlerini kolayla\u015ft\u0131rmakt\u0131r. Hidrolik bir sistemde, kep\u00e7e silindiri hidrolik ya\u011f bas\u0131nc\u0131ndaki de\u011fi\u015fiklikler yoluyla kep\u00e7enin hassas kontrol\u00fcn\u00fc sa\u011flar; bu da operat\u00f6rlerin a\u011f\u0131r y\u00fckleri verimli bir \u015fekilde ta\u015f\u0131mas\u0131na ve karma\u015f\u0131k \u00e7al\u0131\u015fma ortamlar\u0131na ve \u00e7e\u015fitli operasyonel ihtiya\u00e7lara uyum sa\u011flamas\u0131na olanak tan\u0131r.<\/p>\n<p><img decoding=\"async\" src=\"https:\/\/www.hydraulic-cylinders.net\/wp-content\/uploads\/2025\/01\/songte-company-2.webp\"><\/p>\n<h3>\u00d6zellikler<\/h3>\n<ul>\n<li><strong>Y\u00fcksek Dayan\u0131kl\u0131l\u0131k ve Dayan\u0131kl\u0131l\u0131k:<\/strong> Genellikle y\u00fcksek mukavemetli \u00e7elik veya al\u00fcminyumdan \u00fcretilen kova silindirleri, y\u00fcksek bas\u0131nca ve a\u011f\u0131r y\u00fcklere dayanabilir, zorlu \u00e7al\u0131\u015fma ortamlar\u0131na uyum sa\u011flayabilir ve kullan\u0131m \u00f6mr\u00fcn\u00fc uzatmak i\u00e7in a\u015f\u0131nma ve korozyon direnciyle tasarlanm\u0131\u015ft\u0131r.<\/li>\n<li><strong>Verimli Hidrolik \u00c7al\u0131\u015fma:<\/strong> Hidrolik ya\u011f bas\u0131nc\u0131n\u0131 kullanarak d\u00fczg\u00fcn bir \u015fekilde uzama ve daralma hareketi sa\u011flayan silindir, i\u015fletim komutlar\u0131na h\u0131zl\u0131 bir \u015fekilde yan\u0131t vererek g\u00fc\u00e7l\u00fc itme ve \u00e7ekme kuvvetleri sunar; bu da a\u011f\u0131r y\u00fcklerin ve karma\u015f\u0131k operasyonel g\u00f6revlerin \u00fcstesinden gelmek i\u00e7in uygundur.<\/li>\n<li><strong>\u00c7ok \u00c7e\u015fitli T\u00fcrler:<\/strong> Kova silindirleri, farkl\u0131 \u00e7al\u0131\u015fma ihtiya\u00e7lar\u0131n\u0131 kar\u015f\u0131lamak \u00fczere tek etkili (hidroli\u011fin tek y\u00f6nde kullan\u0131ld\u0131\u011f\u0131) veya \u00e7ift etkili (hidroli\u011fin iki y\u00f6nde kullan\u0131ld\u0131\u011f\u0131) tasar\u0131mlarda \u00fcretilir. Baz\u0131 modeller teleskopiktir ve d\u0131\u015f boyutlar\u0131 art\u0131rmadan daha fazla uzama imkan\u0131 sa\u011flayarak s\u0131n\u0131rl\u0131 alana sahip uygulamalar i\u00e7in idealdir.<\/li>\n<\/ul>\n<p>Bu hidrolik silindirler i\u00e7in m\u00fckemmel yedek par\u00e7alar \u00fcretebilir ve temin edebiliriz. \u00dcr\u00fcn\u00fcm\u00fcz, m\u00fc\u015fteri ihtiya\u00e7lar\u0131na ve \u00f6zelliklerine g\u00f6re \u00f6zelle\u015ftirilebilir.<\/p>\n<p><img decoding=\"async\" src=\"https:\/\/www.hydraulic-cylinders.net\/wp-content\/uploads\/2025\/01\/songte-cylinder-head-with-all-kinds-excavator-models.webp\"><\/p>\n<h2>Uygulamalar<\/h2>\n<p>Kep\u00e7e silindirleri, in\u015faat ekipmanlar\u0131nda, tar\u0131m makinelerinde, ekskavat\u00f6rlerde ve \u00f6n y\u00fckleyicilerde yayg\u0131n olarak kullan\u0131lmaktad\u0131r. Toprak veya moloz kazma, y\u00fckleme ve ta\u015f\u0131ma i\u015flemlerinde vazge\u00e7ilmezdirler. Kaz\u0131c\u0131 y\u00fckleyicilerde kep\u00e7e silindiri kazma ve kald\u0131rma i\u015flemlerine yard\u0131mc\u0131 olur. \u00d6n y\u00fckleyicilerde ise y\u00fcklerin etkili bir \u015fekilde kald\u0131r\u0131lmas\u0131na ve devrilmesine yard\u0131mc\u0131 olurlar.<\/p>\n<p>A\u015fa\u011f\u0131da bunlar\u0131n baz\u0131 uygulama alanlar\u0131 verilmi\u015ftir:<\/p>\n<ul>\n<li><strong>\u0130n\u015faat Ekipmanlar\u0131:<\/strong> \u0130n\u015faat makinelerinde, toprak veya moloz kazma, y\u00fckleme ve ta\u015f\u0131ma i\u015flemlerinde kullan\u0131l\u0131rlar. Ekskavat\u00f6rlerin, beko y\u00fckleyicilerin ve \u00f6n y\u00fckleyicilerin temel bile\u015fenleridirler.<\/li>\n<li><strong>Tar\u0131m Makinalar\u0131:<\/strong> \u00d6n y\u00fckleyicilerde kullan\u0131lan bu par\u00e7alar, toprak, saman ve di\u011fer malzemelerin ta\u015f\u0131nmas\u0131na yard\u0131mc\u0131 olur.<\/li>\n<li><strong>Ekskavat\u00f6rler:<\/strong> Kova silindirleri kazmaya yard\u0131mc\u0131 olur ve tasar\u0131mlar\u0131 kovan\u0131n topra\u011fa n\u00fcfuz etmesini sa\u011flar.<\/li>\n<li><strong>\u00d6n Y\u00fckleyiciler:<\/strong> A\u011f\u0131r y\u00fcklerin etkili bir \u015fekilde kald\u0131r\u0131lmas\u0131 ve bo\u015falt\u0131lmas\u0131 i\u00e7in vazge\u00e7ilmezdirler.<\/li>\n<\/ul>\n<h2>Tasar\u0131m Hususlar\u0131 ve Se\u00e7im Kriterleri<\/h2>\n<p>Kova silindirlerinin se\u00e7imi ve tasar\u0131m\u0131 yap\u0131l\u0131rken, optimum performans ve uzun \u00f6m\u00fcrl\u00fcl\u00fcklerini sa\u011flamak i\u00e7in a\u015fa\u011f\u0131daki fakt\u00f6rler g\u00f6z \u00f6n\u00fcnde bulundurulmal\u0131d\u0131r:<\/p>\n<ul>\n<li><strong>Ta\u015f\u0131ma Kapasitesi:<\/strong> Kova silindirleri, \u00f6nemli y\u00fcklere ve bas\u0131nca dayanacak \u015fekilde tasarlanmal\u0131d\u0131r.<\/li>\n<li><strong>S\u0131zd\u0131rmazl\u0131k:<\/strong> Piston contalar\u0131, mil contalar\u0131 vb. \u00e7e\u015fitli s\u0131zd\u0131rmazl\u0131k bile\u015fenlerinin kullan\u0131m\u0131, do\u011fru s\u0131zd\u0131rmazl\u0131\u011f\u0131 sa\u011flamak ve s\u0131z\u0131nt\u0131lar\u0131 \u00f6nlemek i\u00e7in \u015fartt\u0131r.<\/li>\n<li><strong>Dayan\u0131kl\u0131l\u0131k:<\/strong> Silindir tasar\u0131m\u0131nda, kullan\u0131m \u00f6mr\u00fcn\u00fc uzatmak i\u00e7in a\u015f\u0131nma direnci ve korozyon direnci dikkate al\u0131nmal\u0131d\u0131r.<\/li>\n<li><strong>Emniyet:<\/strong> Sistem ar\u0131zalar\u0131n\u0131 ve operat\u00f6r yaralanmalar\u0131n\u0131 \u00f6nlemek i\u00e7in emniyet valfleri gibi g\u00fcvenlik \u00f6zellikleri eklenmelidir.<\/li>\n<li><strong>Bak\u0131m kolayl\u0131\u011f\u0131:<\/strong> Silindir tasar\u0131m\u0131nda bak\u0131m ve onar\u0131m kolayl\u0131\u011f\u0131 g\u00f6z \u00f6n\u00fcnde bulundurulmal\u0131d\u0131r.<\/li>\n<\/ul>\n<p><img decoding=\"async\" src=\"https:\/\/www.hydraulic-cylinders.net\/wp-content\/uploads\/2025\/01\/songte-oil-pipes-and-spare-parts.webp\"><\/p>\n<h2>S\u0131zd\u0131rmazl\u0131k ve Ya\u011flama<\/h2>\n<p>Kova silindirlerinde, do\u011fru s\u0131zd\u0131rmazl\u0131\u011f\u0131 sa\u011flamak ve s\u0131z\u0131nt\u0131lar\u0131 \u00f6nlemek i\u00e7in piston contalar\u0131, mil contalar\u0131 vb. \u00e7e\u015fitli s\u0131zd\u0131rmazl\u0131k bile\u015fenlerinin kullan\u0131lmas\u0131 gerekir. Poli\u00fcretan ve nitril kau\u00e7uk gibi malzemeler, y\u00fcksek a\u015f\u0131nma diren\u00e7leri nedeniyle yayg\u0131n olarak kullan\u0131l\u0131r. Ayr\u0131ca, optimum silindir performans\u0131 i\u00e7in hidrolik ya\u011f ile uygun ya\u011flama gereklidir. Silindirin sorunsuz ve minimum a\u015f\u0131nma ve y\u0131pranma ile \u00e7al\u0131\u015fmas\u0131n\u0131 sa\u011flamak i\u00e7in d\u00fczenli ya\u011f de\u011fi\u015fimleri ve kontroller de gereklidir.<\/p>\n<h2>Bak\u0131m ve Onar\u0131m<\/h2>\n<p>Kova silindirlerinin do\u011fru \u00e7al\u0131\u015fmas\u0131 ve daha uzun \u00f6m\u00fcrl\u00fc olmas\u0131 i\u00e7in d\u00fczenli kontrol ve \u00f6nleyici bak\u0131m \u00e7ok \u00f6nemlidir. Yayg\u0131n bak\u0131m g\u00f6revlerinden baz\u0131lar\u0131 \u015funlard\u0131r:<\/p>\n<ul>\n<li><strong>D\u00fczenli Muayene:<\/strong> Periyodik kontroller, sorunlar \u00f6nemli hale gelmeden \u00f6nce tespit edilmesine yard\u0131mc\u0131 olabilir. S\u0131z\u0131nt\u0131lar\u0131, hasar\u0131 ve a\u015f\u0131nmay\u0131 kontrol etmek \u00e7ok \u00f6nemlidir.<\/li>\n<li><strong>Uygun Ya\u011flama:<\/strong> D\u00fczenli ya\u011flama, silindirin sorunsuz ve minimum a\u015f\u0131nma ve y\u0131pranmayla \u00e7al\u0131\u015fmas\u0131n\u0131 sa\u011flar. <\/li>\n<li><strong>Conta De\u011fi\u015fimi:<\/strong> Contalar a\u015f\u0131nma ve y\u0131pranma nedeniyle periyodik olarak de\u011fi\u015ftirilmeye ihtiya\u00e7 duyabilir. Y\u00fcksek kaliteli yedek contalar kullanmak \u00e7ok \u00f6nemlidir.<\/li>\n<\/ul>\n<p>Kep\u00e7e silindirinin optimum performans g\u00f6stermesi ve uzun \u00f6m\u00fcrl\u00fc olmas\u0131 i\u00e7in do\u011fru montaj da \u00e7ok \u00f6nemlidir. Silindiri sabitlemek i\u00e7in do\u011fru hizalama k\u0131lavuzu ve uygun montaj braketlerinin kullan\u0131lmas\u0131 tavsiye edilir. Ayr\u0131ca, \u00fcreticinin k\u0131lavuzunda belirtilen \u00f6nerilen inceleme, onar\u0131m ve de\u011fi\u015ftirme prosed\u00fcrlerinin izlenmesi de \u00f6nerilir.<\/p>\n<p><img decoding=\"async\" src=\"https:\/\/www.hydraulic-cylinders.net\/wp-content\/uploads\/2025\/01\/songte-chushion-collar.webp\"><\/p>\n<h2>G\u00fcvenlik Hususlar\u0131 ve \u00c7evresel Fakt\u00f6rler<\/h2>\n<p>Kova silindirleri kullan\u0131l\u0131rken, yaralanmalar\u0131 ve kazalar\u0131 \u00f6nlemek i\u00e7in g\u00fcvenlik \u00f6nlemleri al\u0131nmal\u0131d\u0131r. Bu \u00f6nlemler aras\u0131nda uygun e\u011fitim, g\u00fcvenlik ekipmanlar\u0131n\u0131n kullan\u0131m\u0131, belirlenmi\u015f g\u00fcvenlik prosed\u00fcrlerinin izlenmesi ve ilgili t\u00fcm g\u00fcvenlik y\u00f6netmeliklerine ve y\u00f6nergelerine uyulmas\u0131 yer almaktad\u0131r.<\/p>\n<p>Silindirin \u00fcretti\u011fi g\u00fcr\u00fclt\u00fc ve emisyon seviyesi gibi \u00e7evresel fakt\u00f6rler de dikkate al\u0131nmal\u0131d\u0131r. Potansiyel olarak zararl\u0131 etkileri azaltmak i\u00e7in g\u00fcr\u00fclt\u00fc azalt\u0131c\u0131 malzemeler ve emisyon kontrol sistemleri gibi uygun \u00f6nlemlerin uygulanmas\u0131 gerekebilir.<\/p>\n<h2>Yayg\u0131n Sorunlar ve Sorun Giderme<\/h2>\n<p>Kova silindirlerinin kullan\u0131m\u0131nda ortaya \u00e7\u0131kabilecek baz\u0131 yayg\u0131n sorunlar aras\u0131nda hidrolik s\u0131v\u0131 s\u0131z\u0131nt\u0131lar\u0131, silindir ar\u0131zas\u0131 ve d\u00fc\u015f\u00fck performans yer almaktad\u0131r. S\u0131z\u0131nt\u0131 kontrol\u00fc, silindirde hasar olup olmad\u0131\u011f\u0131n\u0131n incelenmesi ve hidrolik s\u0131v\u0131 seviyesinin do\u011frulanmas\u0131 gibi do\u011fru sorun giderme y\u00f6ntemleri, sorunun belirlenmesine yard\u0131mc\u0131 olabilir. Gerekirse, belirli sorunlar\u0131n nas\u0131l te\u015fhis edilece\u011fi ve onar\u0131laca\u011f\u0131 konusunda daha ayr\u0131nt\u0131l\u0131 talimatlar i\u00e7in \u00fcreticinin k\u0131lavuzuna ba\u015fvurulmal\u0131d\u0131r. D\u00fczenli bak\u0131m, bu sorunlar\u0131n olu\u015fmas\u0131n\u0131 \u00f6nlemeye yard\u0131mc\u0131 olabilir.<\/p>\n<p><img decoding=\"async\" src=\"https:\/\/www.hydraulic-cylinders.net\/wp-content\/uploads\/2025\/01\/songte-bushings-with-all-kinds-of-excavator-models.webp\"><\/p>\n<h2>\u015eirketimiz Hakk\u0131nda<\/h2>\n<p>Hidrolik silindir \u00fcreticisi olarak, eksiksiz bir \u00fcr\u00fcn yelpazesi sunuyoruz. Hem yurt i\u00e7i hem de uluslararas\u0131 pazarlarda \u00f6nde gelen hidrolik silindir \u00fcreticilerinden ve toptanc\u0131lar\u0131ndan biri haline geldik. M\u00fckemmel kalite ilkesine ba\u011fl\u0131 kalarak, \u00f6zenle tasarlanm\u0131\u015f \u00fcretim at\u00f6lyelerimizde end\u00fcstriyel \u00fcretim y\u00f6netim stratejilerine g\u00fcveniyoruz. \u015eirketimiz, teknolojik yetenekler, dijital \u00fcst d\u00fczey \u00fcretim ekipmanlar\u0131 ve profesyonel test sistemleri kullanarak \u00fcretim platformunun verimlili\u011fini, hassasiyetini ve kalitesini s\u00fcrekli olarak geli\u015ftiriyor. M\u00fc\u015fterilerin \u00e7e\u015fitli ihtiya\u00e7lar\u0131n\u0131 kar\u015f\u0131lamak i\u00e7in, \u00f6zelle\u015ftirilmi\u015f hizmetler de dahil olmak \u00fczere y\u00fcksek kaliteli silindirler \u00fcretiyoruz.<\/p>\n<p>\u015eirketimizin g\u00fc\u00e7l\u00fc y\u00f6nleri \u015funlard\u0131r:<\/p>\n<ul>\n<li><strong>Profesyonellik:<\/strong> Uzmanlardan olu\u015fan ekibimiz, hidrolik silindir tasar\u0131m\u0131 ve \u00fcretimi konusunda uzmanla\u015fm\u0131\u015f olup \u00fcr\u00fcnlerimizin kalitesini garanti etmektedir.<\/li>\n<li><strong>Uluslararas\u0131 Sertifikalar:<\/strong> \u00dcr\u00fcnlerimizin y\u00fcksek kalitesini ve g\u00fcvenli\u011fini kan\u0131tlayan ISO, CE ve SGS sertifikalar\u0131 da dahil olmak \u00fczere \u00e7e\u015fitli uluslararas\u0131 sertifikalar ald\u0131k.<\/li>\n<li><strong>\u00d6zelle\u015ftirilmi\u015f Hizmetler:<\/strong> Hidrolik silindirlerimizi m\u00fc\u015fterilerimizin \u00f6zel ihtiya\u00e7lar\u0131n\u0131 kar\u015f\u0131layacak \u015fekilde \u00f6zelle\u015ftirebilir ve tasar\u0131m ve teknik destek sa\u011flayabiliriz.<\/li>\n<li><strong>Son teknoloji \u00fcretim ekipmanlar\u0131:<\/strong> Geli\u015fmi\u015f \u00fcretim ekipmanlar\u0131m\u0131z, y\u00fcksek kaliteli hidrolik silindirleri verimli ve hassas bir \u015fekilde \u00fcretebilmemizi sa\u011flar.<\/li>\n<li><strong>M\u00fckemmel Sat\u0131\u015f Sonras\u0131 Hizmet:<\/strong> \u015eirketimiz, onar\u0131m, de\u011fi\u015ftirme ve yeniden yap\u0131land\u0131rma hizmetleri de dahil olmak \u00fczere m\u00fckemmel sat\u0131\u015f sonras\u0131 hizmetler sunmaktad\u0131r.<\/li>\n<\/ul>\n<p><img decoding=\"async\" src=\"https:\/\/hzpt.com\/wp-content\/uploads\/2024\/11\/songte-company-1.webp\"><\/p>\n<p>Yazar: lyl<\/p>","protected":false},"excerpt":{"rendered":"<p>Bucket Cylinder For Sunward Large Excavator SWE470E Introduction A bucket cylinder is a type of hydraulic cylinder designed specifically to control the movement of the bucket in heavy machinery such as excavators, backhoes, and front-end loaders. Its primary function is to enable the bucket to lift, lower, and tilt, making it easier to handle various [&hellip;]<\/p>","protected":false},"featured_media":14780,"comment_status":"open","ping_status":"closed","template":"","meta":{"_et_pb_use_builder":"","_et_pb_old_content":"","_et_gb_content_width":""},"product_brand":[],"product_cat":[1494],"product_tag":[1495,1496],"class_list":{"0":"post-15528","1":"product","2":"type-product","3":"status-publish","4":"has-post-thumbnail","6":"product_cat-bucket-cylinders","7":"product_tag-bucket-cylinders","8":"product_tag-hydraulic-cylinders","10":"first","11":"instock","12":"shipping-taxable","13":"product-type-simple"},"amp_enabled":true,"_links":{"self":[{"href":"https:\/\/www.hydraulic-cylinders.net\/tr\/wp-json\/wp\/v2\/product\/15528","targetHints":{"allow":["GET"]}}],"collection":[{"href":"https:\/\/www.hydraulic-cylinders.net\/tr\/wp-json\/wp\/v2\/product"}],"about":[{"href":"https:\/\/www.hydraulic-cylinders.net\/tr\/wp-json\/wp\/v2\/types\/product"}],"replies":[{"embeddable":true,"href":"https:\/\/www.hydraulic-cylinders.net\/tr\/wp-json\/wp\/v2\/comments?post=15528"}],"wp:featuredmedia":[{"embeddable":true,"href":"https:\/\/www.hydraulic-cylinders.net\/tr\/wp-json\/wp\/v2\/media\/14780"}],"wp:attachment":[{"href":"https:\/\/www.hydraulic-cylinders.net\/tr\/wp-json\/wp\/v2\/media?parent=15528"}],"wp:term":[{"taxonomy":"product_brand","embeddable":true,"href":"https:\/\/www.hydraulic-cylinders.net\/tr\/wp-json\/wp\/v2\/product_brand?post=15528"},{"taxonomy":"product_cat","embeddable":true,"href":"https:\/\/www.hydraulic-cylinders.net\/tr\/wp-json\/wp\/v2\/product_cat?post=15528"},{"taxonomy":"product_tag","embeddable":true,"href":"https:\/\/www.hydraulic-cylinders.net\/tr\/wp-json\/wp\/v2\/product_tag?post=15528"}],"curies":[{"name":"wp","href":"https:\/\/api.w.org\/{rel}","templated":true}]}}