{"id":15537,"date":"2025-01-19T14:39:18","date_gmt":"2025-01-19T14:39:18","guid":{"rendered":"https:\/\/www.hydraulic-cylinders.net\/product\/bucket-cylinder-for-lishide-small-excavator-sc130-8\/"},"modified":"2025-01-19T14:39:20","modified_gmt":"2025-01-19T14:39:20","slug":"bucket-cylinder-for-lishide-small-excavator-sc130-8","status":"publish","type":"product","link":"https:\/\/www.hydraulic-cylinders.net\/tr\/urun\/bucket-cylinder-for-lishide-small-excavator-sc130-8\/","title":{"rendered":"Lishide K\u00fc\u00e7\u00fck Ekskavat\u00f6r SC130.8 \u0130\u00e7in Kova Silindiri"},"content":{"rendered":"<h1>Lishide K\u00fc\u00e7\u00fck Ekskavat\u00f6r SC130.8 \u0130\u00e7in Kova Silindiri<\/h1>\n<h2>girii\u015f<\/h2>\n<p>Lishide K\u00fc\u00e7\u00fck Ekskavat\u00f6r SC130.8 Kova Silindiri, ekskavat\u00f6rler, beko-y\u00fckleyiciler ve \u00f6n y\u00fckleyiciler gibi a\u011f\u0131r makinelerde kovan\u0131n hareketini kontrol etmek i\u00e7in kullan\u0131lan \u00f6zel olarak tasarlanm\u0131\u015f bir hidrolik silindirdir. Ana i\u015flevi, kovan\u0131n kald\u0131r\u0131lmas\u0131n\u0131, indirilmesini ve e\u011filmesini sa\u011flayarak \u00e7e\u015fitli malzeme ta\u015f\u0131ma g\u00f6revlerini kolayla\u015ft\u0131rmakt\u0131r. Hidrolik sistemde, kova silindiri, hidrolik ya\u011f\u0131n bas\u0131n\u00e7 de\u011fi\u015fimlerinden yararlanarak kovan\u0131n hassas kontrol\u00fcn\u00fc sa\u011flar ve operat\u00f6rlerin a\u011f\u0131r y\u00fckleri verimli bir \u015fekilde ta\u015f\u0131mas\u0131na, karma\u015f\u0131k \u00e7al\u0131\u015fma ortamlar\u0131na ve \u00e7e\u015fitli operasyonel gereksinimlere uyum sa\u011flamas\u0131na olanak tan\u0131r.<\/p>\n<p><img decoding=\"async\" src=\"https:\/\/www.hydraulic-cylinders.net\/wp-content\/uploads\/2025\/01\/songte-company-2.webp\" alt=\"Kova Silindiri G\u00f6r\u00fcnt\u00fcs\u00fc\"><\/p>\n<h2>\u00d6zellikler<\/h2>\n<ol>\n<li>\n<h3>Y\u00fcksek G\u00fc\u00e7 ve Dayan\u0131kl\u0131l\u0131k<\/h3>\n<p>Genellikle y\u00fcksek mukavemetli \u00e7elik veya al\u00fcminyumdan \u00fcretilen bu \u00fcr\u00fcnler, y\u00fcksek bas\u0131n\u00e7lara ve a\u011f\u0131r y\u00fcklere dayanabilir ve zorlu \u00e7al\u0131\u015fma ortamlar\u0131na uyum sa\u011flayabilir. Tasar\u0131m\u0131nda a\u015f\u0131nma ve korozyon direnci g\u00f6z \u00f6n\u00fcnde bulundurularak kullan\u0131m \u00f6mr\u00fc uzat\u0131l\u0131r.<\/p>\n<\/li>\n<li>\n<h3>Verimli Hidrolik \u00c7al\u0131\u015fma<\/h3>\n<p>Hidrolik ya\u011f\u0131n bas\u0131nc\u0131n\u0131 kullanarak yumu\u015fak uzatma ve geri \u00e7ekme hareketleri ger\u00e7ekle\u015ftirir, kontrol komutlar\u0131na h\u0131zl\u0131 tepki verir ve g\u00fc\u00e7l\u00fc itme ve \u00e7ekme kuvvetleri sa\u011flar, a\u011f\u0131r y\u00fckleri ve karma\u015f\u0131k operasyonel g\u00f6revleri ta\u015f\u0131maya uygundur.<\/p>\n<\/li>\n<li>\n<h3>\u00c7e\u015fitli Tipler<\/h3>\n<p>\u00d6zel operasyonel ihtiya\u00e7lara g\u00f6re tek etkili (sadece tek y\u00f6nde hidrolik bas\u0131n\u00e7 uygulanan) veya \u00e7ift etkili (her iki y\u00f6nde hidrolik bas\u0131n\u00e7 uygulanan) silindirler se\u00e7ilebilir. Baz\u0131 modeller teleskopiktir ve d\u0131\u015f boyutlar\u0131 art\u0131rmadan daha fazla uzatma imkan\u0131 sunarak, s\u0131n\u0131rl\u0131 alana sahip uygulamalar i\u00e7in uygundur.<\/p>\n<\/li>\n<li>\n<h3>M\u00fckemmel De\u011fi\u015ftirme<\/h3>\n<p>Biz bu \u00fcr\u00fcn\u00fc \u00fcretebiliyoruz ve silindirimiz bu hidrolik silindirlerin yerini m\u00fckemmel bir \u015fekilde alabiliyor.<\/p>\n<\/li>\n<\/ol>\n<p><img decoding=\"async\" src=\"https:\/\/www.hydraulic-cylinders.net\/wp-content\/uploads\/2025\/01\/songte-cylinder-head-with-all-kinds-excavator-models.webp\" alt=\"\u00dcr\u00fcn G\u00f6rseli\"><\/p>\n<h2>Uygulamalar<\/h2>\n<h3>\u0130n\u015faat Ekipmanlar\u0131<\/h3>\n<p>Ekskavat\u00f6rlerde kazma, y\u00fckleme ve toprak veya moloz ta\u015f\u0131ma i\u015flerinde vazge\u00e7ilmezdirler. Beko-loderlerde ise kova silindiri hem kaz\u0131 hem de kald\u0131rma i\u015flerinde yard\u0131mc\u0131 olur.<\/p>\n<h3>Tar\u0131m Makinalar\u0131<\/h3>\n<p>\u00d6n y\u00fckleyicilerde toprak, saman ve di\u011fer malzemelerin kep\u00e7elenmesi, kald\u0131r\u0131lmas\u0131 ve ta\u015f\u0131nmas\u0131 i\u00e7in kullan\u0131l\u0131r.<\/p>\n<h3>Ekskavat\u00f6rler<\/h3>\n<p>Kova silindiri, kovan\u0131n topra\u011fa n\u00fcfuz etmesini sa\u011flayarak kazma i\u015flemini m\u00fcmk\u00fcn k\u0131lar.<\/p>\n<h3>Y\u00fckleyiciler<\/h3>\n<p>\u00d6n y\u00fckleyicilerde, mallar\u0131n etkili bir \u015fekilde kald\u0131r\u0131lmas\u0131na ve bo\u015falt\u0131lmas\u0131na yard\u0131mc\u0131 olurlar.<\/p>\n<p><img decoding=\"async\" src=\"https:\/\/www.hydraulic-cylinders.net\/wp-content\/uploads\/2025\/01\/songte-bushings-with-all-kinds-of-excavator-models.webp\" alt=\"Uygulama G\u00f6rseli\"><\/p>\n<h2>Tasar\u0131m Hususlar\u0131 ve Se\u00e7im Kriterleri<\/h2>\n<p>Kova silindirinin tasar\u0131m\u0131 d\u00fc\u015f\u00fcn\u00fcld\u00fc\u011f\u00fcnde, birka\u00e7 fakt\u00f6r\u00fcn dikkate al\u0131nmas\u0131 gerekir:<\/p>\n<ol>\n<li>\n<h3>Y\u00fck Ta\u015f\u0131ma Kapasitesi<\/h3>\n<p>Silindirin g\u00fcvenli ve verimli bir \u015fekilde \u00e7al\u0131\u015fmas\u0131n\u0131 sa\u011flamak i\u00e7in beklenen y\u00fcklere dayan\u0131kl\u0131 olmas\u0131 gerekir.<\/p>\n<\/li>\n<li>\n<h3>S\u0131zd\u0131rmazl\u0131k<\/h3>\n<p>Uygun s\u0131zd\u0131rmazl\u0131\u011f\u0131 sa\u011flamak ve s\u0131z\u0131nt\u0131y\u0131 \u00f6nlemek i\u00e7in piston contalar\u0131 ve biyel contalar\u0131 gibi \u00e7e\u015fitli s\u0131zd\u0131rmazl\u0131k elemanlar\u0131 kullan\u0131l\u0131r.<\/p>\n<\/li>\n<li>\n<h3>Dayan\u0131kl\u0131l\u0131k<\/h3>\n<p>Silindir ve di\u015fli u\u00e7lar\u0131 a\u015f\u0131nma direncini art\u0131rmak i\u00e7in hassas bir \u015fekilde i\u015flenmi\u015ftir ve uzun \u00f6m\u00fcrl\u00fc performans sa\u011flar.<\/p>\n<\/li>\n<li>\n<h3>Emniyet<\/h3>\n<p>Tasar\u0131m hususlar\u0131 aras\u0131nda a\u015f\u0131r\u0131 y\u00fcklenmeyi \u00f6nlemek ve operat\u00f6r g\u00fcvenli\u011fini sa\u011flamak i\u00e7in bas\u0131n\u00e7 tahliye vanalar\u0131 gibi g\u00fcvenlik \u00f6zellikleri yer almaktad\u0131r.<\/p>\n<\/li>\n<li>\n<h3>Bak\u0131m kolayl\u0131\u011f\u0131<\/h3>\n<p>Tasar\u0131m, bile\u015fenlerin kolayca incelenebilmesi, de\u011fi\u015ftirilebilmesi ve yeniden in\u015fa edilebilmesi i\u00e7in kolay bak\u0131m ve onar\u0131ma olanak sa\u011flamal\u0131d\u0131r.<\/p>\n<\/li>\n<\/ol>\n<p><img decoding=\"async\" src=\"https:\/\/www.hydraulic-cylinders.net\/wp-content\/uploads\/2025\/01\/songte-oil-pipes-and-spare-parts.webp\" alt=\"Tasar\u0131m G\u00f6rseli\"><\/p>\n<h2>S\u0131zd\u0131rmazl\u0131k ve Ya\u011flama<\/h2>\n<p>Kova silindiri, poli\u00fcretan ve nitril kau\u00e7uk gibi a\u015f\u0131nmaya dayan\u0131kl\u0131 malzemelerden yap\u0131lm\u0131\u015f piston contalar\u0131 ve piston kolu contalar\u0131 gibi \u00e7e\u015fitli s\u0131zd\u0131rmazl\u0131k elemanlar\u0131 kullan\u0131r. Silindir g\u00f6vdesi ve di\u015fli u\u00e7lar\u0131, a\u015f\u0131nma direncini art\u0131rmak i\u00e7in hassas bir i\u015flemden ge\u00e7irilir. D\u00fczenli ya\u011flama gereklidir ve sorunsuz \u00e7al\u0131\u015fma i\u00e7in uygun miktarda hidrolik ya\u011f eklenmelidir.<\/p>\n<h2>D\u00fczenli Muayene ve \u00d6nleyici Bak\u0131m<\/h2>\n<p>Kova silindirinin uzun \u00f6m\u00fcrl\u00fc ve optimum performansta olmas\u0131n\u0131 sa\u011flamak i\u00e7in d\u00fczenli muayene ve \u00f6nleyici bak\u0131m \u00f6nlemleri \u00f6nemlidir. \u00d6nerilen \u00f6nlemlerden baz\u0131lar\u0131 \u015funlard\u0131r:<\/p>\n<ol>\n<li>Silindirde a\u015f\u0131nma, hasar veya s\u0131z\u0131nt\u0131 belirtileri olup olmad\u0131\u011f\u0131n\u0131n incelenmesi<\/li>\n<li>Silindirin d\u00fczg\u00fcn \u015fekilde ya\u011flanmas\u0131<\/li>\n<li>Gerekti\u011finde contalar\u0131n de\u011fi\u015ftirilmesi<\/li>\n<li>Kalibrasyon kontrollerinin ger\u00e7ekle\u015ftirilmesi<\/li>\n<\/ol>\n<p><img decoding=\"async\" src=\"https:\/\/www.hydraulic-cylinders.net\/wp-content\/uploads\/2025\/01\/songte-chushion-collar.webp\" alt=\"Bak\u0131m G\u00f6r\u00fcnt\u00fcs\u00fc\"><\/p>\n<h2>G\u00fcvenlik Hususlar\u0131 ve \u00c7evresel Fakt\u00f6rler<\/h2>\n<p>Kova silindirini kullan\u0131rken g\u00fcvenlik \u00f6nlemlerinin al\u0131nmas\u0131 son derece \u00f6nemlidir. Uygun g\u00fcvenlik prosed\u00fcrlerine ve y\u00f6nergelerine uymak, kazalar\u0131 \u00f6nlemek ve operat\u00f6rlerin ve \u00e7evredekilerin sa\u011fl\u0131\u011f\u0131n\u0131 korumak i\u00e7in hayati \u00f6nem ta\u015f\u0131r.<\/p>\n<h2>Sorun Giderme ve Yayg\u0131n Sorunlar<\/h2>\n<p>Kova silindiriyle ilgili sorunlarla kar\u015f\u0131la\u015ft\u0131\u011f\u0131n\u0131zda, sorunu do\u011fru bir \u015fekilde te\u015fhis etmek \u00f6nemlidir. Baz\u0131 yayg\u0131n sorun giderme ipu\u00e7lar\u0131 ve \u00e7\u00f6z\u00fcmleri \u015funlard\u0131r:<\/p>\n<ol>\n<li>\n<h3>Sorun 1: S\u0131z\u0131nt\u0131<\/h3>\n<p>\u00c7\u00f6z\u00fcm: Hasarl\u0131 contalar\u0131 kontrol edin ve de\u011fi\u015ftirin, uygun ya\u011flamay\u0131 sa\u011flay\u0131n ve ba\u011flant\u0131lar\u0131 s\u0131k\u0131n.<\/p>\n<\/li>\n<li>\n<h3>Sorun 2: Yava\u015f \u00c7al\u0131\u015fma<\/h3>\n<p>\u00c7\u00f6z\u00fcm: Hidrolik sistemdeki hidrolik s\u0131v\u0131 seviyelerinin d\u00fc\u015f\u00fck olup olmad\u0131\u011f\u0131n\u0131, contalar\u0131n a\u015f\u0131nm\u0131\u015f olup olmad\u0131\u011f\u0131n\u0131 veya k\u0131s\u0131tlamalar olup olmad\u0131\u011f\u0131n\u0131 kontrol edin.<\/p>\n<\/li>\n<li>\n<h3>Sorun 3: D\u00fczensiz Hareket<\/h3>\n<p>\u00c7\u00f6z\u00fcm: Hasarl\u0131 bile\u015fenleri inceleyin, hidrolik sistemde herhangi bir t\u0131kan\u0131kl\u0131k veya ar\u0131za olup olmad\u0131\u011f\u0131n\u0131 kontrol edin.<\/p>\n<\/li>\n<\/ol>\n<p><img decoding=\"async\" src=\"https:\/\/www.hydraulic-cylinders.net\/wp-content\/uploads\/2025\/01\/songte-bushings-with-all-kinds-of-excavator-models.webp\" alt=\"Sorun Giderme G\u00f6r\u00fcnt\u00fcs\u00fc\"><\/p>\n<p>Makaleyi mant\u0131ksal olarak d\u00fczenlemeyi ve kolay gezinme i\u00e7in alt ba\u015fl\u0131klar kullanmay\u0131 unutmay\u0131n. Anla\u015f\u0131l\u0131rl\u0131\u011f\u0131 art\u0131rmak i\u00e7in ilgili g\u00f6rseller veya grafikler ekleyin ve i\u00e7eri\u011fin a\u00e7\u0131k, \u00f6z ve farkl\u0131 teknik bilgi seviyelerine sahip okuyucular i\u00e7in uygun oldu\u011fundan emin olun.<\/p>\n<h2>\u015eirketimiz<\/h2>\n<p>Geni\u015f bir \u00fcr\u00fcn yelpazesi sunan bir yedek hidrolik silindir \u00fcreticisiyiz. Yurt i\u00e7i ve yurt d\u0131\u015f\u0131 pazarlarda lider hidrolik silindir \u00fcreticilerinden ve toptan da\u011f\u0131t\u0131c\u0131lar\u0131ndan biri haline geldik. M\u00fckemmel kalite ilkelerine ba\u011fl\u0131 kal\u0131yor ve kaliteli \u00fcretim at\u00f6lyelerinin end\u00fcstriyel \u00fcretim y\u00f6netimi stratejisine g\u00fcveniyoruz. \u0130leri teknoloji yeteneklerimiz, dijital ve ileri teknoloji \u00fcretim ekipmanlar\u0131m\u0131z ve profesyonel test sistemlerimizle \u00fcretim platformumuzu s\u00fcrekli geli\u015ftiriyor, \u00fcr\u00fcn kalitesi \u00fcretim s\u00fcrecini m\u00fckemmelle\u015ftiriyor ve g\u00fc\u00e7l\u00fc inovasyon yeteneklerine sahibiz. Y\u00fcksek verimlilik, hassasiyet ve kaliteyle farkl\u0131 m\u00fc\u015fteri ihtiya\u00e7lar\u0131n\u0131 kar\u015f\u0131lamay\u0131 hedefliyoruz.<\/p>\n<p><img decoding=\"async\" src=\"https:\/\/www.hydraulic-cylinders.net\/wp-content\/uploads\/2025\/01\/songte-company-3.webp\" alt=\"\u015eirket \u0130maj\u0131\"><\/p>\n<p>Ayr\u0131ca profesyonelli\u011fimiz, uluslararas\u0131 sertifikasyonlar\u0131m\u0131z, \u00f6zelle\u015ftirilmi\u015f hizmetlerimiz, \u00fcretim ekipmanlar\u0131m\u0131z ve sat\u0131\u015f sonras\u0131 hizmetlerimizle gurur duyuyoruz.<\/p>\n<h4>Yazar: lyl<\/h4>","protected":false},"excerpt":{"rendered":"<p>Bucket Cylinder For Lishide Small Excavator SC130.8 Introduction The Bucket Cylinder for Lishide Small Excavator SC130.8 is a specially designed hydraulic cylinder used to control the movement of the bucket in heavy machinery such as excavators, backhoe loaders, and front loaders. Its main function is to enable the lifting, lowering, and tilting of the bucket, [&hellip;]<\/p>","protected":false},"featured_media":14789,"comment_status":"open","ping_status":"closed","template":"","meta":{"_et_pb_use_builder":"","_et_pb_old_content":"","_et_gb_content_width":""},"product_brand":[],"product_cat":[1494],"product_tag":[1495,1496],"class_list":{"0":"post-15537","1":"product","2":"type-product","3":"status-publish","4":"has-post-thumbnail","6":"product_cat-bucket-cylinders","7":"product_tag-bucket-cylinders","8":"product_tag-hydraulic-cylinders","10":"first","11":"instock","12":"shipping-taxable","13":"product-type-simple"},"amp_enabled":true,"_links":{"self":[{"href":"https:\/\/www.hydraulic-cylinders.net\/tr\/wp-json\/wp\/v2\/product\/15537","targetHints":{"allow":["GET"]}}],"collection":[{"href":"https:\/\/www.hydraulic-cylinders.net\/tr\/wp-json\/wp\/v2\/product"}],"about":[{"href":"https:\/\/www.hydraulic-cylinders.net\/tr\/wp-json\/wp\/v2\/types\/product"}],"replies":[{"embeddable":true,"href":"https:\/\/www.hydraulic-cylinders.net\/tr\/wp-json\/wp\/v2\/comments?post=15537"}],"wp:featuredmedia":[{"embeddable":true,"href":"https:\/\/www.hydraulic-cylinders.net\/tr\/wp-json\/wp\/v2\/media\/14789"}],"wp:attachment":[{"href":"https:\/\/www.hydraulic-cylinders.net\/tr\/wp-json\/wp\/v2\/media?parent=15537"}],"wp:term":[{"taxonomy":"product_brand","embeddable":true,"href":"https:\/\/www.hydraulic-cylinders.net\/tr\/wp-json\/wp\/v2\/product_brand?post=15537"},{"taxonomy":"product_cat","embeddable":true,"href":"https:\/\/www.hydraulic-cylinders.net\/tr\/wp-json\/wp\/v2\/product_cat?post=15537"},{"taxonomy":"product_tag","embeddable":true,"href":"https:\/\/www.hydraulic-cylinders.net\/tr\/wp-json\/wp\/v2\/product_tag?post=15537"}],"curies":[{"name":"wp","href":"https:\/\/api.w.org\/{rel}","templated":true}]}}