{"id":15546,"date":"2025-01-19T14:39:59","date_gmt":"2025-01-19T14:39:59","guid":{"rendered":"https:\/\/www.hydraulic-cylinders.net\/product\/bucket-cylinder-for-lishide-large-excavator-sc450-8\/"},"modified":"2025-01-19T14:40:02","modified_gmt":"2025-01-19T14:40:02","slug":"bucket-cylinder-for-lishide-large-excavator-sc450-8","status":"publish","type":"product","link":"https:\/\/www.hydraulic-cylinders.net\/tr\/urun\/bucket-cylinder-for-lishide-large-excavator-sc450-8\/","title":{"rendered":"Lishide SC450.8 B\u00fcy\u00fck Ekskavat\u00f6r \u0130\u00e7in Kep\u00e7e Silindiri"},"content":{"rendered":"<h2>Lishide SC450.8 B\u00fcy\u00fck Ekskavat\u00f6r \u0130\u00e7in Kep\u00e7e Silindiri<\/h2>\n<h3>girii\u015f<\/h3>\n<p>Lishide SC450.8 b\u00fcy\u00fck ekskavat\u00f6r i\u00e7in kep\u00e7e silindiri, ekskavat\u00f6rler, kaz\u0131c\u0131 ekskavat\u00f6rler ve \u00f6n y\u00fckleyiciler gibi a\u011f\u0131r makinelerde kep\u00e7enin hareketini kontrol etmek i\u00e7in \u00f6zel olarak tasarlanm\u0131\u015f bir hidrolik silindirdir. Ana i\u015flevi, kep\u00e7enin kald\u0131r\u0131lmas\u0131n\u0131, indirilmesini ve e\u011filmesini sa\u011flayarak \u00e7e\u015fitli malzeme ta\u015f\u0131ma g\u00f6revlerinin daha kolay ger\u00e7ekle\u015ftirilmesini sa\u011flamakt\u0131r. Hidrolik sistemde, kep\u00e7e silindiri, kep\u00e7enin hassas kontrol\u00fcn\u00fc sa\u011flamak i\u00e7in hidrolik ya\u011f bas\u0131nc\u0131ndaki de\u011fi\u015fiklikleri kullan\u0131r; bu da operat\u00f6rlerin a\u011f\u0131r y\u00fckleri verimli bir \u015fekilde ta\u015f\u0131mas\u0131na ve karma\u015f\u0131k \u00e7al\u0131\u015fma ortamlar\u0131na ve \u00e7e\u015fitli i\u015fletme ihtiya\u00e7lar\u0131na uyum sa\u011flamas\u0131na olanak tan\u0131r.<\/p>\n<p><img decoding=\"async\" src=\"https:\/\/www.hydraulic-cylinders.net\/wp-content\/uploads\/2025\/01\/songte-company-2.webp\" alt=\"Lishide SC450.8 B\u00fcy\u00fck Ekskavat\u00f6r \u0130\u00e7in Kep\u00e7e Silindiri\"><\/p>\n<h3>\u00d6zellikler<\/h3>\n<ul>\n<li>Y\u00fcksek mukavemet ve dayan\u0131kl\u0131l\u0131k: Genellikle y\u00fcksek mukavemetli \u00e7elik veya al\u00fcminyumdan \u00fcretilen bu malzeme, y\u00fcksek bas\u0131nca ve a\u011f\u0131r y\u00fcklere dayanabilir, zorlu \u00e7al\u0131\u015fma ortamlar\u0131na uyum sa\u011flayabilir ve a\u015f\u0131nma direnci ile korozyon direnci g\u00f6z \u00f6n\u00fcnde bulundurularak tasarlanm\u0131\u015ft\u0131r, bu da kullan\u0131m \u00f6mr\u00fcn\u00fc uzat\u0131r.<\/li>\n<li>Verimli hidrolik \u00e7al\u0131\u015fma: D\u00fczg\u00fcn uzatma ve b\u00fcz\u00fclme hareketleri sa\u011flamak i\u00e7in hidrolik ya\u011f bas\u0131nc\u0131n\u0131 kullan\u0131r, kontrol komutlar\u0131na h\u0131zl\u0131 yan\u0131t verir, g\u00fc\u00e7l\u00fc itme ve \u00e7ekme kuvvetleri sa\u011flar ve a\u011f\u0131r y\u00fcklerin ve karma\u015f\u0131k g\u00f6revlerin \u00fcstesinden gelmek i\u00e7in uygundur.<\/li>\n<li>\u00c7e\u015fitli tiplerde: tek etkili (hidrolik yaln\u0131zca tek y\u00f6nde kullan\u0131l\u0131r) veya \u00e7ift etkili (hidrolik her iki y\u00f6nde de kullan\u0131l\u0131r) silindirler, farkl\u0131 \u00e7al\u0131\u015fma gereksinimlerini kar\u015f\u0131lamak i\u00e7in ihtiyaca g\u00f6re se\u00e7ilebilir. Baz\u0131 modeller teleskopiktir, bu da d\u0131\u015f boyutlar\u0131 art\u0131rmadan daha fazla uzatmaya olanak tan\u0131r ve bu da onlar\u0131 s\u0131n\u0131rl\u0131 alan gerektiren uygulamalar i\u00e7in uygun hale getirir.<\/li>\n<li>Kolay kurulum: \u00dcr\u00fcn\u00fcm\u00fcz bu hidrolik silindirlerin yerini m\u00fckemmel \u015fekilde alabilir.<\/li>\n<\/ul>\n<p><img decoding=\"async\" src=\"https:\/\/www.hydraulic-cylinders.net\/wp-content\/uploads\/2025\/01\/songte-cylinder-head-with-all-kinds-excavator-models.webp\" alt=\"Lishide SC450.8 B\u00fcy\u00fck Ekskavat\u00f6r \u0130\u00e7in Kep\u00e7e Silindiri\"><\/p>\n<h3>Uygulamalar<\/h3>\n<p>Lishide SC450.8 b\u00fcy\u00fck ekskavat\u00f6r i\u00e7in kova silindiri, a\u015fa\u011f\u0131dakiler gibi \u00e7e\u015fitli a\u011f\u0131r makinelerde yayg\u0131n olarak kullan\u0131lmaktad\u0131r:<\/p>\n<ul>\n<li>\u0130n\u015faat ekipmanlar\u0131: Ekskavat\u00f6rlerde, toprak veya moloz kazma, y\u00fckleme ve ta\u015f\u0131ma i\u015flemlerinde hayati \u00f6neme sahiptirler. Kaz\u0131c\u0131 ekskavat\u00f6rlerde, kova silindiri kazma ve kald\u0131rmaya yard\u0131mc\u0131 olur. \u00d6n y\u00fckleyicilerde ise, malzemeleri etkili bir \u015fekilde bo\u015faltmak i\u00e7in kald\u0131rma ve devirme i\u015flemlerine yard\u0131mc\u0131 olurlar.<\/li>\n<li>Tar\u0131m makineleri: \u00d6n y\u00fckleyicilerde, toprak, saman ve di\u011fer malzemeleri kep\u00e7elemek, kald\u0131rmak ve ta\u015f\u0131mak i\u00e7in kullan\u0131l\u0131r.<\/li>\n<li>Ekskavat\u00f6rler: Kep\u00e7e silindiri, kep\u00e7enin topra\u011fa n\u00fcfuz ederek kazma i\u015flemini ger\u00e7ekle\u015ftirmesini sa\u011flar.<\/li>\n<\/ul>\n<h3>Tasar\u0131m Hususlar\u0131 ve Se\u00e7im Kriterleri<\/h3>\n<p>Kova silindirlerinin tasar\u0131m\u0131 ve se\u00e7imi yap\u0131l\u0131rken a\u015fa\u011f\u0131daki fakt\u00f6rler dikkate al\u0131nmal\u0131d\u0131r:<\/p>\n<h4>Y\u00fck ta\u015f\u0131ma kapasitesi<\/h4>\n<p>Silindir, kald\u0131r\u0131lan y\u00fck\u00fcn a\u011f\u0131rl\u0131\u011f\u0131na dayanabilmeli ve maksimum y\u00fck ko\u015fullar\u0131nda sorunsuz ve hassas bir \u015fekilde \u00e7al\u0131\u015fabilmelidir.<\/p>\n<h4>S\u0131zd\u0131rmazl\u0131k<\/h4>\n<p>Hidrolik ya\u011f s\u0131z\u0131nt\u0131s\u0131n\u0131 \u00f6nlemek, sistem ar\u0131zas\u0131 riskini azaltmak ve g\u00fcvenli \u00e7al\u0131\u015fmay\u0131 sa\u011flamak i\u00e7in silindirin iyi bir \u015fekilde s\u0131zd\u0131rmaz hale getirilmesi gerekir.<\/p>\n<h4>Dayan\u0131kl\u0131l\u0131k<\/h4>\n<p>Silindir, a\u015f\u0131nma ve korozyon direnci g\u00f6z \u00f6n\u00fcnde bulundurularak tasarlanmal\u0131 ve dayan\u0131kl\u0131l\u0131\u011f\u0131n\u0131 art\u0131rmak ve kullan\u0131m \u00f6mr\u00fcn\u00fc uzatmak i\u00e7in y\u00fczey i\u015flemine tabi tutulmal\u0131d\u0131r.<\/p>\n<h4>Emniyet<\/h4>\n<p>Silindirin g\u00fcvenli \u00e7al\u0131\u015fmas\u0131n\u0131 sa\u011flamak i\u00e7in ge\u00e7erli g\u00fcvenlik standartlar\u0131na uygun olarak tasarlanmas\u0131 ve \u00fcretilmesi gerekmektedir.<\/p>\n<h4>Bak\u0131m kolayl\u0131\u011f\u0131<\/h4>\n<p>Silindirin bak\u0131m\u0131 ve onar\u0131m\u0131 kolay olmal\u0131, contalar\u0131 ve di\u011fer par\u00e7alar\u0131 kolayca de\u011fi\u015ftirilebilir olmal\u0131 ve bak\u0131m ve onar\u0131m prosed\u00fcrlerine ili\u015fkin a\u00e7\u0131k talimatlar i\u00e7ermelidir.<\/p>\n<p><img decoding=\"async\" src=\"https:\/\/www.hydraulic-cylinders.net\/wp-content\/uploads\/2025\/01\/songte-oil-pipes-and-spare-parts.webp\" alt=\"Lishide SC450.8 B\u00fcy\u00fck Ekskavat\u00f6r \u0130\u00e7in Kep\u00e7e Silindiri\"><\/p>\n<h3>S\u0131zd\u0131rmazl\u0131k ve Ya\u011flama<\/h3>\n<p>Lishide SC450.8 b\u00fcy\u00fck ekskavat\u00f6r\u00fcn\u00fcn kep\u00e7e silindiri, piston contalar\u0131, mil contalar\u0131 vb. gibi \u00e7e\u015fitli s\u0131zd\u0131rmazl\u0131k elemanlar\u0131 kullan\u0131r. Contalar, uzun bir kullan\u0131m \u00f6mr\u00fc sa\u011flamak i\u00e7in poli\u00fcretan ve nitril kau\u00e7uk gibi a\u015f\u0131nmaya dayan\u0131kl\u0131 malzemelerden yap\u0131lm\u0131\u015ft\u0131r. Ayr\u0131ca, silindirin sorunsuz \u00e7al\u0131\u015fmas\u0131 i\u00e7in uygun ya\u011flama da \u00e7ok \u00f6nemlidir. D\u00fczenli olarak uygun miktarda hidrolik ya\u011f eklenmesi \u00f6nerilir.<\/p>\n<h3>D\u00fczenli Muayene ve \u00d6nleyici Bak\u0131m \u00d6nlemleri<\/h3>\n<p>D\u00fczenli kontrol ve \u00f6nleyici bak\u0131m \u00f6nlemleri, kova silindirinin kullan\u0131m \u00f6mr\u00fcn\u00fc uzatmaya yard\u0131mc\u0131 olabilir. A\u015fa\u011f\u0131daki i\u015flemler d\u00fczenli olarak yap\u0131lmal\u0131d\u0131r:<\/p>\n<ul>\n<li>Silindirin contalar\u0131, piston kollar\u0131 ve di\u011fer bile\u015fenlerinin a\u015f\u0131nma ve y\u0131pranmay\u0131 tespit etmek i\u00e7in d\u00fczenli olarak incelenmesi.<\/li>\n<li>Silindirin sorunsuz \u00e7al\u0131\u015fmas\u0131 i\u00e7in uygun ya\u011flama yap\u0131lmal\u0131d\u0131r.<\/li>\n<li>Silindirin s\u0131zd\u0131rmazl\u0131k performans\u0131n\u0131 korumak i\u00e7in conta de\u011fi\u015fimi ve kalibrasyon kontrolleri yap\u0131l\u0131r.<\/li>\n<\/ul>\n<h3>\u00dcr\u00fcn Kurulum K\u0131lavuzu<\/h3>\n<p>Lishide SC450.8 b\u00fcy\u00fck ekskavat\u00f6r i\u00e7in kova silindirinin montaj\u0131 yap\u0131l\u0131rken a\u015fa\u011f\u0131daki ad\u0131mlar izlenmelidir:<\/p>\n<ul>\n<li>Montajdan \u00f6nce silindirin do\u011fru \u015fekilde hizaland\u0131\u011f\u0131ndan emin olun.<\/li>\n<li>Silindiri yerinde sabitlemek i\u00e7in uygun montaj braketlerini kullan\u0131n.<\/li>\n<li>Silindirin d\u00fczg\u00fcn \u00e7al\u0131\u015fmas\u0131n\u0131 sa\u011flamak i\u00e7in \u00f6nerilen inceleme, onar\u0131m ve de\u011fi\u015ftirme prosed\u00fcrlerini izleyin.<\/li>\n<\/ul>\n<p><img decoding=\"async\" src=\"https:\/\/www.hydraulic-cylinders.net\/wp-content\/uploads\/2025\/01\/songte-chushion-collar.webp\" alt=\"Lishide SC450.8 B\u00fcy\u00fck Ekskavat\u00f6r \u0130\u00e7in Kep\u00e7e Silindiri\"><\/p>\n<h3>G\u00fcvenlik Hususlar\u0131 ve \u00c7evresel Fakt\u00f6rler<\/h3>\n<p>Kova silindiri kullan\u0131l\u0131rken, kazalar\u0131 \u00f6nlemek i\u00e7in gerekli g\u00fcvenlik \u00f6nlemleri al\u0131nmal\u0131d\u0131r. Hidrolik ya\u011f s\u0131z\u0131nt\u0131s\u0131n\u0131n \u00e7evre \u00fczerindeki etkisi ve kullan\u0131lm\u0131\u015f ya\u011f\u0131n uygun \u015fekilde bertaraf edilmesi gibi \u00e7evresel fakt\u00f6rleri de dikkate almak \u00f6nemlidir.<\/p>\n<h3>Sorun Giderme ve Yayg\u0131n Sorunlar<\/h3>\n<p>A\u015fa\u011f\u0131da, Lishide SC450.8 b\u00fcy\u00fck ekskavat\u00f6r\u00fcn kep\u00e7e silindirinde meydana gelebilecek baz\u0131 yayg\u0131n sorunlar listelenmi\u015ftir:<\/p>\n<ul>\n<li>Hidrolik ya\u011f ka\u00e7a\u011f\u0131<\/li>\n<li>Silindir kolu a\u015f\u0131nmas\u0131<\/li>\n<li>M\u00fch\u00fcr hasar\u0131<\/li>\n<\/ul>\n<p>Bu sorunlar\u0131n olu\u015fmas\u0131n\u0131 \u00f6nlemek i\u00e7in \u00f6nerilen muayene ve bak\u0131m prosed\u00fcrlerinin izlenmesi tavsiye edilir. Sorunlar ortaya \u00e7\u0131karsa, a\u015fa\u011f\u0131daki ipu\u00e7lar\u0131 ve \u00e7\u00f6z\u00fcmler sorunu te\u015fhis etmenize ve \u00e7\u00f6zmenize yard\u0131mc\u0131 olabilir:<\/p>\n<ul>\n<li>Silindirin contalar\u0131n\u0131 kontrol edin ve gerekirse de\u011fi\u015ftirin.<\/li>\n<li>Silindir milinde a\u015f\u0131nma olup olmad\u0131\u011f\u0131n\u0131 kontrol edin ve gerekirse de\u011fi\u015ftirin.<\/li>\n<li>Hidrolik ya\u011f ka\u00e7a\u011f\u0131 meydana gelirse, silindirin hidrolik sistemini s\u0131z\u0131nt\u0131 a\u00e7\u0131s\u0131ndan kontrol edin ve hasarl\u0131 par\u00e7alar\u0131 onar\u0131n veya de\u011fi\u015ftirin.<\/li>\n<\/ul>\n<p><img decoding=\"async\" src=\"https:\/\/www.hydraulic-cylinders.net\/wp-content\/uploads\/2025\/01\/songte-bushings-with-all-kinds-of-excavator-models.webp\" alt=\"Lishide SC450.8 B\u00fcy\u00fck Ekskavat\u00f6r \u0130\u00e7in Kep\u00e7e Silindiri\"><\/p>\n<h2>Hakk\u0131m\u0131zda<\/h2>\n<p>Yedek hidrolik silindir \u00fcreticisiyiz ve eksiksiz bir \u00fcr\u00fcn yelpazesine sahibiz. Yurti\u00e7i ve yurtd\u0131\u015f\u0131 pazarlarda hidrolik silindirlerin \u00f6nde gelen \u00fcreticilerinden ve toptanc\u0131lar\u0131ndan biri haline geldik. M\u00fckemmel kalite ilkesini benimsiyor, ince i\u015f\u00e7ilik gerektiren at\u00f6lyelerin end\u00fcstriyel \u00fcretim y\u00f6netim stratejisine dayan\u0131yor ve at\u00f6lye \u00fcretim platformunu s\u00fcrekli geli\u015ftirerek \u00fcr\u00fcn \u00fcretim kalitesini art\u0131r\u0131yoruz. G\u00fc\u00e7l\u00fc yarat\u0131c\u0131l\u0131k, y\u00fcksek verimlilik, y\u00fcksek hassasiyet ve y\u00fcksek kalite ilkeleriyle m\u00fc\u015fterilerimizin \u00e7e\u015fitli ihtiya\u00e7lar\u0131n\u0131 kar\u015f\u0131l\u0131yoruz.<\/p>\n<p>\u015eirketimizin a\u015fa\u011f\u0131daki avantajlar\u0131 vard\u0131r:<\/p>\n<ul>\n<li>Profesyonellik<\/li>\n<li>Uluslararas\u0131 sertifikasyon<\/li>\n<li>\u00d6zelle\u015ftirme hizmetleri<\/li>\n<li>Geli\u015fmi\u015f \u00fcretim ekipmanlar\u0131<\/li>\n<li>Sat\u0131\u015f sonras\u0131 servis<\/li>\n<\/ul>\n<p><img decoding=\"async\" src=\"https:\/\/hzpt.com\/wp-content\/uploads\/2024\/11\/songte-company-1.webp\" alt=\"Lishide SC450.8 B\u00fcy\u00fck Ekskavat\u00f6r \u0130\u00e7in Kep\u00e7e Silindiri\"><\/p>\n<p>Yazar: lyl.<\/p>","protected":false},"excerpt":{"rendered":"<p>Bucket Cylinder For Lishide Large Excavator SC450.8 Introduction The bucket cylinder for Lishide large excavator SC450.8 is a specially designed hydraulic cylinder used to control the movement of the bucket in heavy machinery, such as excavators, backhoe excavators, and front loaders. Its main function is to enable the bucket to lift, lower, and tilt, making [&hellip;]<\/p>","protected":false},"featured_media":14773,"comment_status":"open","ping_status":"closed","template":"","meta":{"_et_pb_use_builder":"","_et_pb_old_content":"","_et_gb_content_width":""},"product_brand":[],"product_cat":[1494],"product_tag":[1495,1496],"class_list":{"0":"post-15546","1":"product","2":"type-product","3":"status-publish","4":"has-post-thumbnail","6":"product_cat-bucket-cylinders","7":"product_tag-bucket-cylinders","8":"product_tag-hydraulic-cylinders","10":"first","11":"instock","12":"shipping-taxable","13":"product-type-simple"},"amp_enabled":true,"_links":{"self":[{"href":"https:\/\/www.hydraulic-cylinders.net\/tr\/wp-json\/wp\/v2\/product\/15546","targetHints":{"allow":["GET"]}}],"collection":[{"href":"https:\/\/www.hydraulic-cylinders.net\/tr\/wp-json\/wp\/v2\/product"}],"about":[{"href":"https:\/\/www.hydraulic-cylinders.net\/tr\/wp-json\/wp\/v2\/types\/product"}],"replies":[{"embeddable":true,"href":"https:\/\/www.hydraulic-cylinders.net\/tr\/wp-json\/wp\/v2\/comments?post=15546"}],"wp:featuredmedia":[{"embeddable":true,"href":"https:\/\/www.hydraulic-cylinders.net\/tr\/wp-json\/wp\/v2\/media\/14773"}],"wp:attachment":[{"href":"https:\/\/www.hydraulic-cylinders.net\/tr\/wp-json\/wp\/v2\/media?parent=15546"}],"wp:term":[{"taxonomy":"product_brand","embeddable":true,"href":"https:\/\/www.hydraulic-cylinders.net\/tr\/wp-json\/wp\/v2\/product_brand?post=15546"},{"taxonomy":"product_cat","embeddable":true,"href":"https:\/\/www.hydraulic-cylinders.net\/tr\/wp-json\/wp\/v2\/product_cat?post=15546"},{"taxonomy":"product_tag","embeddable":true,"href":"https:\/\/www.hydraulic-cylinders.net\/tr\/wp-json\/wp\/v2\/product_tag?post=15546"}],"curies":[{"name":"wp","href":"https:\/\/api.w.org\/{rel}","templated":true}]}}