{"id":15548,"date":"2025-01-19T14:40:09","date_gmt":"2025-01-19T14:40:09","guid":{"rendered":"https:\/\/www.hydraulic-cylinders.net\/product\/bucket-cylinder-for-lishide-large-excavator-sc330-8\/"},"modified":"2025-01-19T14:40:11","modified_gmt":"2025-01-19T14:40:11","slug":"bucket-cylinder-for-lishide-large-excavator-sc330-8","status":"publish","type":"product","link":"https:\/\/www.hydraulic-cylinders.net\/tr\/urun\/bucket-cylinder-for-lishide-large-excavator-sc330-8\/","title":{"rendered":"Lishide SC330.8 B\u00fcy\u00fck Ekskavat\u00f6r \u0130\u00e7in Kep\u00e7e Silindiri"},"content":{"rendered":"<h1>Lishide SC330.8 B\u00fcy\u00fck Ekskavat\u00f6r \u0130\u00e7in Kep\u00e7e Silindiri<\/h1>\n<h2>girii\u015f<\/h2>\n<p>Kep\u00e7e silindiri, ekskavat\u00f6rler, kaz\u0131c\u0131 y\u00fckleyiciler ve \u00f6n y\u00fckleyiciler gibi a\u011f\u0131r makinelerde kep\u00e7enin hareketini kontrol etmek i\u00e7in \u00f6zel olarak tasarlanm\u0131\u015f bir hidrolik silindirdir. Ana i\u015flevi, kep\u00e7enin kald\u0131r\u0131lmas\u0131n\u0131, indirilmesini ve e\u011filmesini sa\u011flayarak \u00e7e\u015fitli malzeme ta\u015f\u0131ma g\u00f6revlerinin daha kolay ger\u00e7ekle\u015ftirilmesine olanak tan\u0131makt\u0131r. Hidrolik sistemde, kep\u00e7e silindiri hidrolik ya\u011f bas\u0131nc\u0131n\u0131 de\u011fi\u015ftirerek kep\u00e7enin hassas kontrol\u00fcn\u00fc sa\u011flar ve operat\u00f6rlerin a\u011f\u0131r y\u00fckleri verimli bir \u015fekilde ta\u015f\u0131mas\u0131na, karma\u015f\u0131k \u00e7al\u0131\u015fma ortamlar\u0131na ve \u00e7e\u015fitli i\u015f gereksinimlerine uyum sa\u011flamas\u0131na olanak tan\u0131r.<\/p>\n<p><img decoding=\"async\" src=\"https:\/\/www.hydraulic-cylinders.net\/wp-content\/uploads\/2025\/01\/songte-company-2.webp\"><\/p>\n<h2>\u00d6zellikler<\/h2>\n<ul>\n<li>Y\u00fcksek mukavemet ve dayan\u0131kl\u0131l\u0131k: Genellikle y\u00fcksek mukavemetli \u00e7elik veya al\u00fcminyumdan \u00fcretilen kova silindiri, y\u00fcksek bas\u0131nca ve a\u011f\u0131r y\u00fcklere dayanabilir ve zorlu \u00e7al\u0131\u015fma ko\u015fullar\u0131na uyum sa\u011flar. \u00d6mr\u00fcn\u00fc uzatmak i\u00e7in a\u015f\u0131nma direnci ve korozyon direnci g\u00f6z \u00f6n\u00fcnde bulundurularak tasarlanm\u0131\u015ft\u0131r.<\/li>\n<li>Verimli hidrolik \u00e7al\u0131\u015fma: Hidrolik ya\u011f\u0131n bas\u0131nc\u0131ndan yararlan\u0131larak, kova silindiri d\u00fczg\u00fcn teleskopik hareketler ger\u00e7ekle\u015ftirir, kontrol komutlar\u0131na h\u0131zl\u0131 yan\u0131t verir ve g\u00fc\u00e7l\u00fc itme ve \u00e7ekme kuvvetleri sa\u011flar. A\u011f\u0131r y\u00fcklerin ve karma\u015f\u0131k i\u015f g\u00f6revlerinin ta\u015f\u0131nmas\u0131 i\u00e7in uygundur.<\/li>\n<li>\u00c7e\u015fitlilik: Kova silindiri, \u00f6zel \u00e7al\u0131\u015fma ihtiya\u00e7lar\u0131na g\u00f6re tek etkili (hidrolik yaln\u0131zca tek y\u00f6nde kullan\u0131l\u0131r) veya \u00e7ift etkili (hidrolik her iki y\u00f6nde de kullan\u0131l\u0131r) silindir olarak se\u00e7ilebilir. Baz\u0131 modeller teleskopiktir ve d\u0131\u015f boyutlar\u0131 art\u0131rmadan daha fazla uzatmaya olanak tan\u0131yarak s\u0131n\u0131rl\u0131 alana sahip uygulamalar i\u00e7in uygun hale gelir.<\/li>\n<li>Hidrolik silindirler i\u00e7in m\u00fckemmel yedek par\u00e7a: \u00dcr\u00fcn\u00fcm\u00fcz bu hidrolik silindirlerin yerini m\u00fckemmel bir \u015fekilde alabilir.<\/li>\n<\/ul>\n<p><img decoding=\"async\" src=\"https:\/\/www.hydraulic-cylinders.net\/wp-content\/uploads\/2025\/01\/songte-cylinder-head-with-all-kinds-excavator-models.webp\"><\/p>\n<h2>Uygulamalar<\/h2>\n<ul>\n<li>\u0130n\u015faat ekipmanlar\u0131: Ekskavat\u00f6rlerde bulunan bu par\u00e7alar, topra\u011f\u0131 veya molozu kazma, y\u00fckleme ve ta\u015f\u0131ma i\u015flemlerinde hayati \u00f6neme sahiptir. Kaz\u0131c\u0131 y\u00fckleyicilerde ise kova silindiri hem kazma hem de kald\u0131rma i\u015flemlerine yard\u0131mc\u0131 olur.<\/li>\n<li>Tar\u0131m makineleri: \u00d6n y\u00fckleyicilerde kullan\u0131lan bu makineler, toprak, saman ve di\u011fer malzemelerin al\u0131nmas\u0131n\u0131, kald\u0131r\u0131lmas\u0131n\u0131 ve ta\u015f\u0131nmas\u0131n\u0131 kolayla\u015ft\u0131r\u0131r.<\/li>\n<li>Ekskavat\u00f6rler: Kova silindiri, kovan\u0131n topra\u011fa n\u00fcfuz etmesini sa\u011flayarak kazma i\u015flemini ger\u00e7ekle\u015ftirir.<\/li>\n<li>Y\u00fckleyiciler: \u00d6n y\u00fckleyicilerde, mallar\u0131n etkili bir \u015fekilde kald\u0131r\u0131lmas\u0131na ve devrilmesine yard\u0131mc\u0131 olurlar.<\/li>\n<\/ul>\n<h2>Tasar\u0131m Hususlar\u0131 ve Se\u00e7im Kriterleri<\/h2>\n<ul>\n<li>Ta\u015f\u0131ma kapasitesi: Silindirin a\u011f\u0131r y\u00fckleri ta\u015f\u0131ma kabiliyetini tart\u0131\u015f\u0131n.<\/li>\n<li>S\u0131zd\u0131rmazl\u0131k: S\u0131z\u0131nt\u0131y\u0131 \u00f6nlemek i\u00e7in etkili yal\u0131t\u0131m\u0131n \u00f6nemini ke\u015ffedin.<\/li>\n<li>Dayan\u0131kl\u0131l\u0131k: Silindirin uzun \u00f6m\u00fcrl\u00fcl\u00fc\u011f\u00fcne katk\u0131da bulunan tasar\u0131m \u00f6zelliklerini tart\u0131\u015f\u0131n.<\/li>\n<li>G\u00fcvenlik: Kova silindirinin tasar\u0131m\u0131nda g\u00fcvenlik hususlar\u0131n\u0131 tart\u0131\u015f\u0131n.<\/li>\n<li>Bak\u0131m Kolayl\u0131\u011f\u0131: Silindirin bak\u0131m ve onar\u0131m kolayl\u0131\u011f\u0131n\u0131 tart\u0131\u015f\u0131n.<\/li>\n<\/ul>\n<p><img decoding=\"async\" src=\"https:\/\/www.hydraulic-cylinders.net\/wp-content\/uploads\/2025\/01\/songte-oil-pipes-and-spare-parts.webp\"><\/p>\n<h2>S\u0131zd\u0131rmazl\u0131k ve Ya\u011flama<\/h2>\n<p>Kova silindiri, poli\u00fcretan ve nitril kau\u00e7uk gibi a\u015f\u0131nmaya dayan\u0131kl\u0131 malzemelerden yap\u0131lm\u0131\u015f piston contalar\u0131 ve mil contalar\u0131 gibi \u00e7e\u015fitli contalar kullan\u0131r. Silindir g\u00f6vdesi ve di\u015fli u\u00e7 y\u00fczeyleri, a\u015f\u0131nma direncini art\u0131rmak i\u00e7in ince bir \u015fekilde i\u015flenmi\u015ftir. Sorunsuz \u00e7al\u0131\u015fma sa\u011flamak i\u00e7in uygun miktarda hidrolik ya\u011f ile d\u00fczenli ya\u011flama gereklidir.<\/p>\n<h2>D\u00fczenli Muayene ve \u00d6nleyici Bak\u0131m<\/h2>\n<ul>\n<li>D\u00fczenli kontrol: Kep\u00e7e silindirinin a\u015f\u0131nma veya hasar belirtileri a\u00e7\u0131s\u0131ndan d\u00fczenli olarak kontrol edilmesinin \u00f6nemini a\u00e7\u0131klay\u0131n.<\/li>\n<li>Uygun ya\u011flama: Optimum performans sa\u011flamak i\u00e7in uygun ya\u011flaman\u0131n uygulanmas\u0131n\u0131n \u00f6nemini vurgulay\u0131n.<\/li>\n<li>Conta de\u011fi\u015fimi: A\u015f\u0131nm\u0131\u015f contalar\u0131n ne zaman ve nas\u0131l de\u011fi\u015ftirilece\u011fine dair rehberlik sa\u011flay\u0131n.<\/li>\n<li>Kalibrasyon kontrol\u00fc: Do\u011fru \u00e7al\u0131\u015fmay\u0131 s\u00fcrd\u00fcrmek i\u00e7in periyodik kalibrasyon kontrollerinin gereklili\u011fini tart\u0131\u015f\u0131n.<\/li>\n<\/ul>\n<p><img decoding=\"async\" src=\"https:\/\/www.hydraulic-cylinders.net\/wp-content\/uploads\/2025\/01\/songte-chushion-collar.webp\"><\/p>\n<h2>G\u00fcvenlik Hususlar\u0131 ve \u00c7evresel Fakt\u00f6rler<\/h2>\n<p>Kova silindirinin kullan\u0131m\u0131nda g\u00fcvenlik \u00f6nlemlerinin uygulanmas\u0131n\u0131n ve g\u00fcvenli ve s\u00fcrd\u00fcr\u00fclebilir bir \u00e7al\u0131\u015fma sa\u011flamak i\u00e7in \u00e7evresel fakt\u00f6rlerin ele al\u0131nmas\u0131n\u0131n \u00f6nemini vurgulay\u0131n.<\/p>\n<h2>Sorun Giderme ve Yayg\u0131n Sorunlar<\/h2>\n<p>Kova silindirini kullan\u0131rken ortaya \u00e7\u0131kabilecek yayg\u0131n sorunlar i\u00e7in sorun giderme ipu\u00e7lar\u0131 ve \u00e7\u00f6z\u00fcmleri sunun. Potansiyel sorunlar\u0131 en aza indirmek i\u00e7in \u00f6nleyici tedbirler sa\u011flay\u0131n.<\/p>\n<p><img decoding=\"async\" src=\"https:\/\/www.hydraulic-cylinders.net\/wp-content\/uploads\/2025\/01\/songte-bushings-with-all-kinds-of-excavator-models.webp\"><\/p>\n<p>Makaleyi mant\u0131kl\u0131 bir \u015fekilde d\u00fczenlemeyi, kolay gezinme i\u00e7in alt ba\u015fl\u0131klar kullanmay\u0131, anlamay\u0131 kolayla\u015ft\u0131rmak i\u00e7in ilgili g\u00f6rseller veya grafikler eklemeyi ve i\u00e7eri\u011fin netli\u011fini, \u00f6zl\u00fcl\u00fc\u011f\u00fcn\u00fc ve farkl\u0131 teknik bilgi seviyelerine sahip okuyucular i\u00e7in uygunlu\u011funu sa\u011flamay\u0131 unutmay\u0131n.<\/p>\n<h2>\u015eirketimiz Hakk\u0131nda<\/h2>\n<p>Yedek hidrolik silindir \u00fcreticisiyiz ve geni\u015f bir \u00fcr\u00fcn yelpazesi sunuyoruz. Yurti\u00e7i ve yurtd\u0131\u015f\u0131 pazarlarda hidrolik silindirlerin \u00f6nde gelen \u00fcreticilerinden ve toptanc\u0131lar\u0131ndan biriyiz. M\u00fckemmel kalite prensiplerine ba\u011fl\u0131 kalarak, geli\u015fmi\u015f \u00fcretim at\u00f6lyemizde end\u00fcstriyel \u00fcretim y\u00f6netim stratejilerine g\u00fcveniyoruz. Teknik yeteneklerimizi, geli\u015fmi\u015f dijital \u00fcretim ekipmanlar\u0131m\u0131z\u0131 ve profesyonel test sistemlerimizi kullanarak, \u00fcretim platformumuzu s\u00fcrekli geli\u015ftiriyor, \u00fcr\u00fcn kalitesinin \u00fcretim yolunu iyile\u015ftiriyor ve g\u00fc\u00e7l\u00fc yarat\u0131c\u0131 yeteneklere sahibiz. Y\u00fcksek verimlilik, y\u00fcksek hassasiyet ve y\u00fcksek kalite prensipleriyle m\u00fc\u015fterilerimizin \u00e7e\u015fitli ihtiya\u00e7lar\u0131n\u0131 kar\u015f\u0131lamaya \u00e7al\u0131\u015f\u0131yoruz.<\/p>\n<p><img decoding=\"async\" src=\"https:\/\/www.hydraulic-cylinders.net\/wp-content\/uploads\/2025\/01\/songte-company-3.webp\"><\/p>\n<h3>Profesyonellik<\/h3>\n<p>\u015eirketin hidrolik silindir \u00fcretiminde profesyonelli\u011fe olan ba\u011fl\u0131l\u0131\u011f\u0131n\u0131 tart\u0131\u015f\u0131n.<\/p>\n<h3>Uluslararas\u0131 Sertifikalar<\/h3>\n<p>\u00dcr\u00fcn kalitesi ve g\u00fcvenilirli\u011fini sa\u011flamak amac\u0131yla \u015firketimizin elde etti\u011fi uluslararas\u0131 sertifikalar\u0131 vurgulay\u0131n.<\/p>\n<h3>\u00d6zelle\u015ftirme Hizmetleri<\/h3>\n<p>\u015eirketin, m\u00fc\u015fterilerin \u00f6zel gereksinimlerini kar\u015f\u0131lamak \u00fczere \u00f6zelle\u015ftirilmi\u015f hidrolik silindirler sa\u011flama yetene\u011fini vurgulay\u0131n.<\/p>\n<h3>\u00dcretim Ekipmanlar\u0131<\/h3>\n<p>\u00dcretim s\u00fcre\u00e7lerimizde kullan\u0131lan geli\u015fmi\u015f \u00fcretim ekipmanlar\u0131 ve tesislerine genel bir bak\u0131\u015f sunun.<\/p>\n<h3>Sat\u0131\u015f Sonras\u0131 Hizmet<\/h3>\n<p>\u015eirketimizin m\u00fc\u015fteri memnuniyetini sa\u011flamak i\u00e7in sundu\u011fu kapsaml\u0131 sat\u0131\u015f sonras\u0131 hizmetleri g\u00f6r\u00fc\u015felim.<\/p>\n<p>Yazar: lyl<\/p>","protected":false},"excerpt":{"rendered":"<p>Bucket Cylinder For Lishide Large Excavator SC330.8 Introduction The bucket cylinder is a specially designed hydraulic cylinder that is primarily used to control the movement of the bucket in heavy machinery such as excavators, backhoe loaders, and front-end loaders. Its main function is to enable the bucket to lift, lower, and tilt, making it easier [&hellip;]<\/p>","protected":false},"featured_media":14769,"comment_status":"open","ping_status":"closed","template":"","meta":{"_et_pb_use_builder":"","_et_pb_old_content":"","_et_gb_content_width":""},"product_brand":[],"product_cat":[1494],"product_tag":[1495,1496],"class_list":{"0":"post-15548","1":"product","2":"type-product","3":"status-publish","4":"has-post-thumbnail","6":"product_cat-bucket-cylinders","7":"product_tag-bucket-cylinders","8":"product_tag-hydraulic-cylinders","10":"first","11":"instock","12":"shipping-taxable","13":"product-type-simple"},"amp_enabled":true,"_links":{"self":[{"href":"https:\/\/www.hydraulic-cylinders.net\/tr\/wp-json\/wp\/v2\/product\/15548","targetHints":{"allow":["GET"]}}],"collection":[{"href":"https:\/\/www.hydraulic-cylinders.net\/tr\/wp-json\/wp\/v2\/product"}],"about":[{"href":"https:\/\/www.hydraulic-cylinders.net\/tr\/wp-json\/wp\/v2\/types\/product"}],"replies":[{"embeddable":true,"href":"https:\/\/www.hydraulic-cylinders.net\/tr\/wp-json\/wp\/v2\/comments?post=15548"}],"wp:featuredmedia":[{"embeddable":true,"href":"https:\/\/www.hydraulic-cylinders.net\/tr\/wp-json\/wp\/v2\/media\/14769"}],"wp:attachment":[{"href":"https:\/\/www.hydraulic-cylinders.net\/tr\/wp-json\/wp\/v2\/media?parent=15548"}],"wp:term":[{"taxonomy":"product_brand","embeddable":true,"href":"https:\/\/www.hydraulic-cylinders.net\/tr\/wp-json\/wp\/v2\/product_brand?post=15548"},{"taxonomy":"product_cat","embeddable":true,"href":"https:\/\/www.hydraulic-cylinders.net\/tr\/wp-json\/wp\/v2\/product_cat?post=15548"},{"taxonomy":"product_tag","embeddable":true,"href":"https:\/\/www.hydraulic-cylinders.net\/tr\/wp-json\/wp\/v2\/product_tag?post=15548"}],"curies":[{"name":"wp","href":"https:\/\/api.w.org\/{rel}","templated":true}]}}