{"id":1555,"date":"2023-09-28T08:49:11","date_gmt":"2023-09-28T08:49:11","guid":{"rendered":"https:\/\/hydraulic-cylinders.net\/?post_type=product&#038;p=1555"},"modified":"2025-04-11T01:52:22","modified_gmt":"2025-04-11T01:52:22","slug":"mobile-crane-outrigger-cylinder","status":"publish","type":"product","link":"https:\/\/www.hydraulic-cylinders.net\/tr\/urun\/mobile-crane-outrigger-cylinder\/","title":{"rendered":"Mobil Vin\u00e7 Destek Silindiri"},"content":{"rendered":"<h1 style=\"text-align: center;\"><strong>Mobil Vin\u00e7 Destek Silindiri<\/strong><\/h1>\n<p><img loading=\"lazy\" decoding=\"async\" class=\"aligncenter wp-image-1556\" src=\"https:\/\/hydraulic-cylinders.net\/wp-content\/uploads\/2023\/09\/outrigger-expansion-cylinder-1-300x300.webp\" alt=\"\" width=\"400\" height=\"400\" \/><\/p>\n<p>Mobil vin\u00e7 destek aya\u011f\u0131 silindiri, kald\u0131rma i\u015flemleri s\u0131ras\u0131nda denge ve g\u00fcvenlik sa\u011flamak \u00fczere tasarlanm\u0131\u015f, mobil vin\u00e7 sistemlerinde kritik bir bile\u015fendir. Bu hidrolik silindir, vincin destek ayaklar\u0131n\u0131 uzatmak ve geri \u00e7ekmek, sa\u011flam bir temel sa\u011flamak ve devrilmeyi veya dengesizli\u011fi \u00f6nlemek i\u00e7in \u00f6zel olarak tasarlanm\u0131\u015ft\u0131r.<\/p>\n<p>Mobil vin\u00e7 destek silindiri, kald\u0131rma i\u015flemleri s\u0131ras\u0131nda denge ve g\u00fcvenli\u011fi sa\u011flar. Sa\u011flam yap\u0131s\u0131, hidrolik uzatma ve geri \u00e7ekme \u00f6zelli\u011fi, denge art\u0131r\u0131c\u0131 \u00f6zelli\u011fi ve dahili g\u00fcvenlik \u00f6zellikleriyle bu hidrolik silindir, vin\u00e7 operat\u00f6rlerinin g\u00fcvenli bir temel olu\u015fturmas\u0131na ve a\u011f\u0131r y\u00fckleri ta\u015f\u0131rken devrilmeyi veya dengesizli\u011fi \u00f6nlemesine olanak tan\u0131r. Do\u011fru kullan\u0131m y\u00f6ntemlerini izleyerek ve \u00f6nerilen bak\u0131m uygulamalar\u0131na uyarak, operat\u00f6rler mobil vin\u00e7 destek silindirinin \u00f6mr\u00fcn\u00fc ve performans\u0131n\u0131 en \u00fcst d\u00fczeye \u00e7\u0131karabilir ve daha g\u00fcvenli ve verimli kald\u0131rma i\u015flemlerine katk\u0131da bulunabilirler. Mobil vincinizin dengesini ve g\u00fcvenli\u011fini art\u0131rmak, yeni y\u00fcksekliklerde ba\u015far\u0131l\u0131 ve sorunsuz kald\u0131rma i\u015flemleri ger\u00e7ekle\u015ftirmek i\u00e7in bu temel hidrolik bile\u015feni se\u00e7in.<\/p>\n<p>Mobil Vin\u00e7 Destek Aya\u011f\u0131 Silindirinin Ba\u015fl\u0131ca \u00d6zellikleri:<\/p>\n<ol>\n<li>Sa\u011flam Yap\u0131:<\/li>\n<\/ol>\n<ul>\n<li>Mobil vin\u00e7 destek aya\u011f\u0131 silindiri, zorlu \u00e7al\u0131\u015fma ko\u015fullar\u0131nda bile dayan\u0131kl\u0131l\u0131k ve g\u00fcvenilirlik sa\u011flayan y\u00fcksek kaliteli malzemelerden \u00fcretilmi\u015ftir.<\/li>\n<li>A\u011f\u0131r y\u00fcklere, titre\u015fimlere ve \u00e7evresel etkenlere dayanacak \u015fekilde tasarlanm\u0131\u015ft\u0131r ve uzun \u00f6m\u00fcrl\u00fc performans sa\u011flar.<\/li>\n<\/ul>\n<ol start=\"2\">\n<li>Hidrolik Uzatma ve Geri \u00c7ekme:<\/li>\n<\/ol>\n<ul>\n<li>Bu silindir, mobil vincin destek ayaklar\u0131n\u0131 uzatmak ve geri \u00e7ekmek i\u00e7in hidrolik g\u00fc\u00e7 kullan\u0131r.<\/li>\n<li>Hidrolik sistem, hassas kontrol ve sorunsuz \u00e7al\u0131\u015fma sa\u011flayarak destek ayaklar\u0131n\u0131n h\u0131zl\u0131 bir \u015fekilde kurulmas\u0131n\u0131 ve ayarlanmas\u0131n\u0131 m\u00fcmk\u00fcn k\u0131lar.<\/li>\n<\/ul>\n<ol start=\"3\">\n<li>Kararl\u0131l\u0131\u011f\u0131n Art\u0131r\u0131lmas\u0131:<\/li>\n<\/ol>\n<ul>\n<li>Mobil vin\u00e7 destek kiri\u015flerinin uzat\u0131lmas\u0131yla, vin\u00e7 destek silindiri kald\u0131rma i\u015flemleri s\u0131ras\u0131nda vincin stabilitesini \u00f6nemli \u00f6l\u00e7\u00fcde art\u0131r\u0131r.<\/li>\n<li>Daha geni\u015f bir destek taban\u0131 sa\u011flayarak, \u00f6zellikle a\u011f\u0131r y\u00fckleri ta\u015f\u0131rken veya engebeli arazide \u00e7al\u0131\u015f\u0131rken devrilme veya d\u00fc\u015fme riskini en aza indirir.<\/li>\n<\/ul>\n<ol start=\"4\">\n<li>G\u00fcvenlik \u00d6zellikleri:<\/li>\n<\/ol>\n<ul>\n<li>Destek aya\u011f\u0131 silindiri, uzat\u0131lm\u0131\u015f destek ayaklar\u0131n\u0131 yerinde sabitlemek i\u00e7in kilitleme pimleri veya valfler gibi g\u00fcvenlik mekanizmalar\u0131yla donat\u0131lm\u0131\u015ft\u0131r.<\/li>\n<li>Bu \u00f6zellikler, kaz accidental geri \u00e7ekilmeyi \u00f6nler ve kald\u0131rma i\u015flemi boyunca vincin stabilitesini sa\u011flar.<\/li>\n<\/ul>\n<h2><strong>Mobil Vin\u00e7 Destek Aya\u011f\u0131 Silindir Parametreleri:<\/strong><\/h2>\n<table border=\"1\" cellspacing=\"0\" cellpadding=\"0\">\n<tbody>\n<tr>\n<td>\u00dcr\u00fcn Ad\u0131<\/td>\n<td>Mobil Vin\u00e7 Destek Silindiri<\/td>\n<\/tr>\n<tr>\n<td>\u00d6zellikler:<\/td>\n<td>Vin\u00e7 kald\u0131rma i\u015flemi yaparken t\u00fcm ekipman\u0131n a\u011f\u0131rl\u0131\u011f\u0131n\u0131 destekleyin.<\/td>\n<\/tr>\n<tr>\n<td>Delik \u00e7ap\u0131:<\/td>\n<td>70 mm\uff5e360 mm<\/td>\n<\/tr>\n<tr>\n<td>\u00c7ubuk \u00e7ap\u0131:<\/td>\n<td>45 mm\uff5e320 mm<br \/>\nStrok\u2264800mm<\/td>\n<\/tr>\n<tr>\n<td>Bas\u0131n\u00e7:<\/td>\n<td>Maksimum 42 MPa<\/td>\n<\/tr>\n<tr>\n<td>Destek Silindiri Uygulamalar\u0131:<\/td>\n<td>Mobil Vin\u00e7<\/td>\n<\/tr>\n<\/tbody>\n<\/table>\n<h2><strong>Mobil Vin\u00e7 Tan\u0131mlama \u015eemas\u0131:<\/strong><\/h2>\n<p><img loading=\"lazy\" decoding=\"async\" class=\"alignnone wp-image-1551 size-full\" src=\"https:\/\/hydraulic-cylinders.net\/wp-content\/uploads\/2023\/09\/mobile-crane-cylinder-construction-1.webp\" alt=\"\" width=\"1418\" height=\"946\" srcset=\"https:\/\/hydraulic-cylinders.net\/wp-content\/uploads\/2023\/09\/mobile-crane-cylinder-construction-1.webp 1418w, https:\/\/hydraulic-cylinders.net\/wp-content\/uploads\/2023\/09\/mobile-crane-cylinder-construction-1-1280x854.webp 1280w, https:\/\/hydraulic-cylinders.net\/wp-content\/uploads\/2023\/09\/mobile-crane-cylinder-construction-1-980x654.webp 980w, https:\/\/hydraulic-cylinders.net\/wp-content\/uploads\/2023\/09\/mobile-crane-cylinder-construction-1-480x320.webp 480w\" sizes=\"(min-width: 0px) and (max-width: 480px) 480px, (min-width: 481px) and (max-width: 980px) 980px, (min-width: 981px) and (max-width: 1280px) 1280px, (min-width: 1281px) 1418px, 100vw\" \/><\/p>\n<h2><strong>Mobil Vin\u00e7 Destek Aya\u011f\u0131 Silindirinin Kullan\u0131m Y\u00f6ntemi<\/strong><strong>:<\/strong><\/h2>\n<ol>\n<li><strong>Saha De\u011ferlendirmesi:<\/strong><\/li>\n<\/ol>\n<ul>\n<li>Destek ayaklar\u0131n\u0131 yerle\u015ftirmeden \u00f6nce, olas\u0131 tehlikeleri veya zorluklar\u0131 belirlemek i\u00e7in \u00e7al\u0131\u015fma alan\u0131n\u0131 iyice de\u011ferlendirin.<\/li>\n<li>Zeminin sa\u011flam ve vincin a\u011f\u0131rl\u0131\u011f\u0131n\u0131 ve kald\u0131rma y\u00fcklerini ta\u015f\u0131yabilecek kapasitede oldu\u011fundan emin olun.<\/li>\n<\/ul>\n<ol start=\"2\">\n<li><strong>Kontrolleri Tan\u0131y\u0131n:<\/strong><\/li>\n<\/ol>\n<ul>\n<li>Mobil vin\u00e7 modelinize \u00f6zg\u00fc kontrol mekanizmalar\u0131n\u0131 ve \u00e7al\u0131\u015fma prosed\u00fcrlerini anlay\u0131n.<\/li>\n<li>Destek kiri\u015flerinin uzat\u0131lmas\u0131 ve geri \u00e7ekilmesinden sorumlu kumanda elemanlar\u0131n\u0131 belirleyin.<\/li>\n<\/ul>\n<ol start=\"3\">\n<li><strong>Destek ayaklar\u0131n\u0131 uzatmak:<\/strong><\/li>\n<\/ol>\n<ul>\n<li>Mobil vin\u00e7 destek ayaklar\u0131n\u0131n silindirini uzatmak i\u00e7in kumanday\u0131 etkinle\u015ftirin; bu sayede destek ayaklar\u0131 uzat\u0131lm\u0131\u015f konumlar\u0131na ula\u015f\u0131r.<\/li>\n<li>Destek kiri\u015flerinin konumunu izleyin, do\u011fru hizaland\u0131klar\u0131ndan ve g\u00fcvenli bir \u015fekilde yerlerine kilitlendiklerinden emin olun.<\/li>\n<\/ul>\n<ol start=\"4\">\n<li><strong>Destek ayaklar\u0131n\u0131n geri \u00e7ekilmesi:<\/strong><\/li>\n<\/ol>\n<ul>\n<li>Kald\u0131rma i\u015flemi tamamland\u0131\u011f\u0131nda, destek kiri\u015flerini geri \u00e7ekmek i\u00e7in kumanday\u0131 etkinle\u015ftirin.<\/li>\n<li>G\u00fcvenli ta\u015f\u0131ma i\u00e7in destek ayaklar\u0131n\u0131n vin\u00e7 g\u00f6vdesiyle hizalanarak d\u00fczg\u00fcn ve e\u015fit \u015fekilde geri \u00e7ekildi\u011finden emin olun.<\/li>\n<\/ul>\n<h2><strong>Trakt\u00f6r\u00fcn Hidrolik Sisteminden Hava Nas\u0131l Tahliye Edilir?<\/strong><\/h2>\n<p>Trakt\u00f6r\u00fcn hidrolik sisteminden havay\u0131 bo\u015faltmak, optimum performans\u0131 korumak ve tepki s\u00fcresinin azalmas\u0131 ve d\u00fczensiz \u00e7al\u0131\u015fma gibi sorunlar\u0131 \u00f6nlemek i\u00e7in \u00e7ok \u00f6nemlidir. \u0130\u015fte trakt\u00f6r\u00fcn hidrolik sisteminden havay\u0131 nas\u0131l bo\u015faltaca\u011f\u0131n\u0131za dair ad\u0131m ad\u0131m bir k\u0131lavuz:<\/p>\n<ol>\n<li><strong>Kanama Noktalar\u0131n\u0131 Belirleyin:<\/strong>\n<ul>\n<li>Hidrolik sistemde havan\u0131n birikebilece\u011fi yerleri belirleyin. Yayg\u0131n hava tahliye noktalar\u0131 aras\u0131nda hava tahliye vanalar\u0131, tahliye vidalar\u0131 veya \u00e7\u0131kar\u0131labilir kapakl\u0131 ba\u011flant\u0131 par\u00e7alar\u0131 bulunur.<\/li>\n<li>Hava alma noktalar\u0131yla ilgili \u00f6zel bilgiler i\u00e7in trakt\u00f6r\u00fcn kullan\u0131m k\u0131lavuzuna veya \u00fcretici talimatlar\u0131na bak\u0131n.<\/li>\n<\/ul>\n<\/li>\n<li><strong>Sistemi Haz\u0131rlay\u0131n:<\/strong>\n<ul>\n<li>Trakt\u00f6r\u00fcn kapat\u0131ld\u0131\u011f\u0131ndan ve hidrolik bas\u0131nc\u0131n tamamen bo\u015falt\u0131ld\u0131\u011f\u0131ndan emin olun.<\/li>\n<li>Hidrolik s\u0131v\u0131 deposunu bulun ve s\u0131v\u0131 seviyesini kontrol edin. S\u0131v\u0131 seviyesini \u00f6nerilen aral\u0131kta tutun.<\/li>\n<\/ul>\n<\/li>\n<li><strong>En al\u00e7ak noktadan ba\u015flay\u0131n:<\/strong>\n<ul>\n<li>Hava birikme olas\u0131l\u0131\u011f\u0131n\u0131n y\u00fcksek oldu\u011fu hidrolik sistemin en alt noktas\u0131ndan tahliye i\u015flemine ba\u015flay\u0131n.<\/li>\n<li>Hava tahliye vanas\u0131n\u0131 gev\u015fetin veya ba\u011flant\u0131 kapa\u011f\u0131n\u0131 \u00e7\u0131kararak tahliye vidas\u0131n\u0131 ortaya \u00e7\u0131kar\u0131n.<\/li>\n<\/ul>\n<\/li>\n<li><strong>Kanama Noktas\u0131n\u0131 A\u00e7\u0131n:<\/strong>\n<ul>\n<li>\u0130ngiliz anahtar\u0131 veya tornavida gibi uygun bir alet kullanarak hava tahliye vanas\u0131n\u0131 yava\u015f\u00e7a a\u00e7\u0131n veya tahliye vidas\u0131n\u0131 gev\u015fetin.<\/li>\n<li>Valfi veya viday\u0131 tamamen \u00e7\u0131karmamaya dikkat edin, \u00e7\u00fcnk\u00fc bu s\u0131v\u0131 s\u0131z\u0131nt\u0131s\u0131na neden olabilir.<\/li>\n<\/ul>\n<\/li>\n<li><strong>Havay\u0131 Temizleyin:<\/strong>\n<ul>\n<li>Tahliye noktas\u0131 a\u00e7\u0131ld\u0131\u011f\u0131nda, hidrolik s\u0131v\u0131yla birlikte hava kabarc\u0131klar\u0131 da d\u0131\u015far\u0131 \u00e7\u0131kmaya ba\u015flayabilir.<\/li>\n<li>Sistemin i\u00e7indeki havan\u0131n, hava kabarc\u0131\u011f\u0131 olmadan s\u00fcrekli bir s\u0131v\u0131 ak\u0131\u015f\u0131 g\u00f6zlemlenene kadar tahliye edilmesine izin verin.<\/li>\n<li>Bu i\u015flem s\u0131ras\u0131nda d\u00f6k\u00fclebilecek herhangi bir s\u0131v\u0131y\u0131 yakalamak i\u00e7in bir kap veya emici malzeme haz\u0131rlay\u0131n.<\/li>\n<\/ul>\n<\/li>\n<li><strong>Kanama Noktas\u0131n\u0131 Kapat\u0131n:<\/strong>\n<ul>\n<li>Hava tahliyesi tamamland\u0131ktan sonra, hava tahliye vanas\u0131n\u0131 kapat\u0131n veya tahliye vidas\u0131n\u0131 iyice s\u0131k\u0131n.<\/li>\n<li>Hava giri\u015fini \u00f6nlemek i\u00e7in vanan\u0131n veya vidan\u0131n d\u00fczg\u00fcn bir \u015fekilde kapat\u0131ld\u0131\u011f\u0131ndan emin olun.<\/li>\n<\/ul>\n<\/li>\n<li><strong>Sonraki Kanama Noktas\u0131na Ge\u00e7in:<\/strong>\n<ul>\n<li>Sistemin havan\u0131n birikebilece\u011fi bir sonraki en y\u00fcksek noktas\u0131na ge\u00e7in ve 4-6. ad\u0131mlar\u0131 tekrarlay\u0131n.<\/li>\n<li>Belirlenen her bir hava alma noktas\u0131ndan sistemi havaland\u0131rmaya devam edin ve en y\u00fcksek noktaya kadar ilerleyin.<\/li>\n<\/ul>\n<\/li>\n<li><strong>S\u0131v\u0131 Seviyesini Kontrol Edin:<\/strong>\n<ul>\n<li>Kanama i\u015flemi boyunca rezervuardaki s\u0131v\u0131 seviyesini izleyin ve gerekirse tamamlay\u0131n.<\/li>\n<li>Trakt\u00f6r\u00fcn kullan\u0131m k\u0131lavuzunda veya \u00fcretici taraf\u0131ndan belirtilen, tavsiye edilen hidrolik s\u0131v\u0131s\u0131n\u0131 kullan\u0131n.<\/li>\n<\/ul>\n<\/li>\n<li><strong>Test Edin ve Do\u011frulay\u0131n:<\/strong>\n<ul>\n<li>Belirlenen t\u00fcm noktalardan havay\u0131 ald\u0131ktan sonra, trakt\u00f6r\u00fc \u00e7al\u0131\u015ft\u0131r\u0131n ve hidrolik sistemin d\u00fczg\u00fcn \u00e7al\u0131\u015f\u0131p \u00e7al\u0131\u015fmad\u0131\u011f\u0131n\u0131 kontrol edin.<\/li>\n<li>S\u00fcngerimsi tepki, anormal sesler veya d\u00fczensiz davran\u0131\u015f belirtileri olup olmad\u0131\u011f\u0131n\u0131 kontrol edin.<\/li>\n<li>Sorunlar devam ederse, hava alma i\u015flemini tekrarlay\u0131n veya daha fazla yard\u0131m i\u00e7in yetkili bir teknisyene dan\u0131\u015f\u0131n.<\/li>\n<\/ul>\n<\/li>\n<\/ol>\n<h2><strong>Fabrikan\u0131n Kapasitesi ve Kapasitesi:<\/strong><\/h2>\n<h3>(1) Meclis<\/h3>\n<p>Birinci s\u0131n\u0131f ba\u011f\u0131ms\u0131z bir ara\u015ft\u0131rma ve geli\u015ftirme montaj platformumuz bulunmaktad\u0131r. Hidrolik silindir \u00fcretim at\u00f6lyemizde, y\u0131ll\u0131k 1 milyon adet \u00fcretim kapasitesine sahip d\u00f6rt adet yar\u0131 otomatik kald\u0131rma silindiri montaj hatt\u0131 ve bir adet otomatik devirme silindiri montaj hatt\u0131 bulunmaktad\u0131r. \u00d6zel silindir at\u00f6lyemiz, y\u0131ll\u0131k 200.000 adet \u00fcretim kapasitesine sahip \u00e7e\u015fitli \u00f6zelliklerde yar\u0131 otomatik temizleme montaj sistemiyle donat\u0131lm\u0131\u015ft\u0131r. Ayr\u0131ca, \u00fcnl\u00fc CNC i\u015fleme ekipmanlar\u0131, bir i\u015fleme merkezi, y\u00fcksek hassasiyetli silindir i\u015fleme \u00f6zel ekipmanlar\u0131, bir robot kaynak makinesi, bir otomatik temizleme makinesi, otomatik silindir montaj makinesi ve otomatik boyama \u00fcretim hatt\u0131 ile donat\u0131lm\u0131\u015ft\u0131r. 300'den fazla setten olu\u015fan kritik ekipmanlar mevcuttur. Ekipman kaynaklar\u0131n\u0131n optimum da\u011f\u0131l\u0131m\u0131 ve verimli kullan\u0131m\u0131, \u00fcr\u00fcnlerin hassasiyet gereksinimlerini kar\u015f\u0131lar ve \u00fcr\u00fcnlerin y\u00fcksek kalite ihtiya\u00e7lar\u0131n\u0131 kar\u015f\u0131lar.<\/p>\n<p><img loading=\"lazy\" decoding=\"async\" class=\"alignnone wp-image-626\" src=\"https:\/\/hydraulic-cylinders.net\/wp-content\/uploads\/2023\/08\/hydraulic-cylinder-product-1-300x158.webp\" alt=\"\" width=\"495\" height=\"260\" srcset=\"https:\/\/hydraulic-cylinders.net\/wp-content\/uploads\/2023\/08\/hydraulic-cylinder-product-1-300x158.webp 495w, https:\/\/hydraulic-cylinders.net\/wp-content\/uploads\/2023\/08\/hydraulic-cylinder-product-1-480x252.webp 480w\" sizes=\"(min-width: 0px) and (max-width: 480px) 480px, (min-width: 481px) 495px, 100vw\" \/> <img loading=\"lazy\" decoding=\"async\" class=\"alignnone wp-image-627\" src=\"https:\/\/hydraulic-cylinders.net\/wp-content\/uploads\/2023\/08\/hydraulic-cylinder-product-2-300x189.webp\" alt=\"\" width=\"413\" height=\"260\" \/><\/p>\n<h3>(2) \u0130\u015fleme<\/h3>\n<p>\u0130\u015fleme at\u00f6lyesi, maksimum 400 mm i\u00e7 \u00e7apa ve maksimum 6 metre uzunlu\u011fa sahip silindir borular\u0131n\u0131n i\u015flenmesini ger\u00e7ekle\u015ftirebilen \u00f6zel e\u011fimli ray torna merkezi, i\u015fleme merkezi, y\u00fcksek h\u0131zl\u0131 honlama makinesi, kaynak robotu ve di\u011fer ilgili ekipmanlarla donat\u0131lm\u0131\u015ft\u0131r.<\/p>\n<p><img loading=\"lazy\" decoding=\"async\" class=\"alignnone wp-image-628 size-large\" src=\"https:\/\/hydraulic-cylinders.net\/wp-content\/uploads\/2023\/08\/hydraulic-cylinder-product-3-1024x391.webp\" alt=\"\" width=\"1024\" height=\"391\" srcset=\"https:\/\/hydraulic-cylinders.net\/wp-content\/uploads\/2023\/08\/hydraulic-cylinder-product-3-980x374.webp 980w, https:\/\/hydraulic-cylinders.net\/wp-content\/uploads\/2023\/08\/hydraulic-cylinder-product-3-480x183.webp 480w\" sizes=\"(min-width: 0px) and (max-width: 480px) 480px, (min-width: 481px) and (max-width: 980px) 980px, (min-width: 981px) 1024px, 100vw\" \/><\/p>\n<h3>(3) Kaynak<\/h3>\n<p><img loading=\"lazy\" decoding=\"async\" class=\"alignnone wp-image-629 size-large\" src=\"https:\/\/hydraulic-cylinders.net\/wp-content\/uploads\/2023\/08\/hydraulic-cylinder-product-4-1024x510.webp\" alt=\"\" width=\"1024\" height=\"510\" srcset=\"https:\/\/hydraulic-cylinders.net\/wp-content\/uploads\/2023\/08\/hydraulic-cylinder-product-4-980x488.webp 980w, https:\/\/hydraulic-cylinders.net\/wp-content\/uploads\/2023\/08\/hydraulic-cylinder-product-4-480x239.webp 480w\" sizes=\"(min-width: 0px) and (max-width: 480px) 480px, (min-width: 481px) and (max-width: 980px) 980px, (min-width: 981px) 1024px, 100vw\" \/><\/p>\n<h3>(4) Boyama ve kaplama<\/h3>\n<p>K\u00fc\u00e7\u00fck ve orta \u00f6l\u00e7ekli silindirli otomatik su bazl\u0131 boya kaplama hatlar\u0131nda, otomatik robot y\u00fckleme-bo\u015faltma ve otomatik p\u00fcsk\u00fcrtmeyi ger\u00e7ekle\u015ftirmek i\u00e7in, vardiya ba\u015f\u0131na 4000 adet tasar\u0131m kapasitesi;<br \/>\nAyr\u0131ca, vardiya ba\u015f\u0131na 60 kasa kapasiteli, g\u00fc\u00e7 zinciriyle \u00e7al\u0131\u015fan b\u00fcy\u00fck silindirler i\u00e7in yar\u0131 otomatik boya \u00fcretim hatt\u0131m\u0131z da bulunmaktad\u0131r.<\/p>\n<p><img loading=\"lazy\" decoding=\"async\" class=\"alignnone wp-image-630\" src=\"https:\/\/hydraulic-cylinders.net\/wp-content\/uploads\/2023\/08\/hydraulic-cylinder-product-5-300x213.webp\" alt=\"\" width=\"366\" height=\"260\" \/> <img loading=\"lazy\" decoding=\"async\" class=\"alignnone wp-image-631\" src=\"https:\/\/hydraulic-cylinders.net\/wp-content\/uploads\/2023\/08\/hydraulic-cylinder-product-6-300x225.webp\" alt=\"\" width=\"347\" height=\"260\" \/><\/p>\n<h3>(5) Test etme<\/h3>\n<p>Silindirin performans\u0131n\u0131n gereklilikleri kar\u015f\u0131lad\u0131\u011f\u0131ndan emin olmak i\u00e7in birinci s\u0131n\u0131f muayene tesislerimiz ve test yataklar\u0131m\u0131z bulunmaktad\u0131r.<\/p>\n<p><img loading=\"lazy\" decoding=\"async\" class=\"alignnone wp-image-632\" src=\"https:\/\/hydraulic-cylinders.net\/wp-content\/uploads\/2023\/08\/hydraulic-cylinder-product-8-300x200.webp\" alt=\"\" width=\"389\" height=\"260\" \/><\/p>\n<p>&nbsp;<\/p>\n<p>&nbsp;<\/p>\n<p>En iyi hidrolik silindir \u00fcreticilerinden biriyiz. Kapsaml\u0131 hidrolik silindirler sunabiliyoruz. Ayr\u0131ca, ilgili hidrolik silindirleri de sa\u011fl\u0131yoruz. <a href=\"https:\/\/hzpt.com\/agricultural-pto-gearbox\/\" target=\"_blank\" rel=\"noopener\">tar\u0131msal di\u015fli kutular\u0131<\/a>\u00dcr\u00fcnlerimizi d\u00fcnya \u00e7ap\u0131ndaki m\u00fc\u015fterilerimize ihra\u00e7 ettik ve \u00fcst\u00fcn \u00fcr\u00fcn kalitemiz ve sat\u0131\u015f sonras\u0131 hizmetlerimiz sayesinde iyi bir itibar kazand\u0131k. Yurt i\u00e7i ve yurt d\u0131\u015f\u0131ndaki m\u00fc\u015fterilerimizi i\u015f g\u00f6r\u00fc\u015fmeleri yapmak, bilgi al\u0131\u015fveri\u015finde bulunmak ve <a href=\"https:\/\/www.hydraulic-cylinders.net\/tr\/contact-us\/\">bizimle i\u015fbirli\u011fi yap\u0131n<\/a>!<\/p>","protected":false},"excerpt":{"rendered":"<p>Mobile Crane Outrigger Cylinder The mobile crane outrigger cylinder is a critical component in mobile crane systems, designed to provide stability and safety during lifting operations. This hydraulic cylinder is specifically engineered to extend and retract the outrigger beams of the crane, ensuring a solid foundation and preventing tipping or instability. The mobile crane outrigger [&hellip;]<\/p>","protected":false},"featured_media":1561,"comment_status":"open","ping_status":"closed","template":"","meta":{"_et_pb_use_builder":"","_et_pb_old_content":"","_et_gb_content_width":""},"product_brand":[],"product_cat":[1514,1549],"product_tag":[1380],"class_list":{"0":"post-1555","1":"product","2":"type-product","3":"status-publish","4":"has-post-thumbnail","6":"product_cat-mobile-crane-hydraulic-cylinders","7":"product_cat-single-acting-hydraulic-cylinder","8":"product_tag-hydraulic-cylinder","10":"first","11":"instock","12":"shipping-taxable","13":"product-type-simple"},"amp_enabled":true,"_links":{"self":[{"href":"https:\/\/www.hydraulic-cylinders.net\/tr\/wp-json\/wp\/v2\/product\/1555","targetHints":{"allow":["GET"]}}],"collection":[{"href":"https:\/\/www.hydraulic-cylinders.net\/tr\/wp-json\/wp\/v2\/product"}],"about":[{"href":"https:\/\/www.hydraulic-cylinders.net\/tr\/wp-json\/wp\/v2\/types\/product"}],"replies":[{"embeddable":true,"href":"https:\/\/www.hydraulic-cylinders.net\/tr\/wp-json\/wp\/v2\/comments?post=1555"}],"wp:featuredmedia":[{"embeddable":true,"href":"https:\/\/www.hydraulic-cylinders.net\/tr\/wp-json\/wp\/v2\/media\/1561"}],"wp:attachment":[{"href":"https:\/\/www.hydraulic-cylinders.net\/tr\/wp-json\/wp\/v2\/media?parent=1555"}],"wp:term":[{"taxonomy":"product_brand","embeddable":true,"href":"https:\/\/www.hydraulic-cylinders.net\/tr\/wp-json\/wp\/v2\/product_brand?post=1555"},{"taxonomy":"product_cat","embeddable":true,"href":"https:\/\/www.hydraulic-cylinders.net\/tr\/wp-json\/wp\/v2\/product_cat?post=1555"},{"taxonomy":"product_tag","embeddable":true,"href":"https:\/\/www.hydraulic-cylinders.net\/tr\/wp-json\/wp\/v2\/product_tag?post=1555"}],"curies":[{"name":"wp","href":"https:\/\/api.w.org\/{rel}","templated":true}]}}