{"id":15562,"date":"2025-01-19T14:41:13","date_gmt":"2025-01-19T14:41:13","guid":{"rendered":"https:\/\/www.hydraulic-cylinders.net\/product\/bucket-cylinder-for-lovol-large-excavator-fr330\/"},"modified":"2025-01-19T14:41:15","modified_gmt":"2025-01-19T14:41:15","slug":"bucket-cylinder-for-lovol-large-excavator-fr330","status":"publish","type":"product","link":"https:\/\/www.hydraulic-cylinders.net\/tr\/urun\/bucket-cylinder-for-lovol-large-excavator-fr330\/","title":{"rendered":"Lovol B\u00fcy\u00fck Ekskavat\u00f6r FR330 \u0130\u00e7in Kova Silindiri"},"content":{"rendered":"<h1>Lovol B\u00fcy\u00fck Ekskavat\u00f6r FR330 \u0130\u00e7in Kova Silindiri<\/h1>\n<h2>girii\u015f<\/h2>\n<p>Lovol B\u00fcy\u00fck Ekskavat\u00f6r FR330'un kova silindiri, ekskavat\u00f6rler, beko-y\u00fckleyiciler ve \u00f6n y\u00fckleyiciler gibi a\u011f\u0131r makinelerdeki kovalar\u0131n hareketini kontrol etmek i\u00e7in kullan\u0131lan \u00f6zel olarak tasarlanm\u0131\u015f bir hidrolik silindirdir. Ana i\u015flevi, kovan\u0131n kald\u0131rma, indirme ve yat\u0131rma i\u015flemlerini ger\u00e7ekle\u015ftirerek \u00e7e\u015fitli malzeme ta\u015f\u0131ma g\u00f6revlerinin daha kolay yap\u0131lmas\u0131n\u0131 sa\u011flamakt\u0131r. Hidrolik sistemde, kova silindiri, hidrolik ya\u011f\u0131n bas\u0131n\u00e7 de\u011fi\u015fimlerini kullanarak kovan\u0131n hassas kontrol\u00fcn\u00fc sa\u011flar ve operat\u00f6rlerin a\u011f\u0131r y\u00fckleri verimli bir \u015fekilde ta\u015f\u0131mas\u0131na, karma\u015f\u0131k \u00e7al\u0131\u015fma ortamlar\u0131na ve \u00e7e\u015fitli operasyonel ihtiya\u00e7lara uyum sa\u011flamas\u0131na olanak tan\u0131r.<\/p>\n<p><img decoding=\"async\" src=\"https:\/\/www.hydraulic-cylinders.net\/wp-content\/uploads\/2025\/01\/songte-company-2.webp\" alt=\"Lovol B\u00fcy\u00fck Ekskavat\u00f6r FR330 \u0130\u00e7in Kova Silindiri\" \/><\/p>\n<h2>\u00dcr\u00fcn \u00d6zellikleri<\/h2>\n<ul>\n<li>Y\u00fcksek Mukavemet ve Dayan\u0131kl\u0131l\u0131k: Genellikle y\u00fcksek mukavemetli \u00e7elik veya al\u00fcminyumdan \u00fcretilen bu \u00fcr\u00fcnler, y\u00fcksek bas\u0131n\u00e7 ve a\u011f\u0131r y\u00fcklere dayanabilir ve zorlu \u00e7al\u0131\u015fma ortamlar\u0131na uyum sa\u011flayabilir. Tasar\u0131m\u0131nda a\u015f\u0131nma ve korozyon direnci g\u00f6z \u00f6n\u00fcnde bulundurularak kullan\u0131m \u00f6mr\u00fc uzat\u0131l\u0131r.<\/li>\n<li>Verimli Hidrolik \u00c7al\u0131\u015fma: D\u00fczg\u00fcn uzama ve b\u00fcz\u00fclme elde etmek i\u00e7in hidrolik ya\u011f bas\u0131nc\u0131n\u0131 kullan\u0131r, kontrol komutlar\u0131na h\u0131zl\u0131 yan\u0131t verir, g\u00fc\u00e7l\u00fc itme ve \u00e7ekme kuvvetleri sa\u011flar, a\u011f\u0131r y\u00fckleri ve karma\u015f\u0131k operasyonel g\u00f6revleri ta\u015f\u0131maya uygundur.<\/li>\n<li>\u00c7e\u015fitli Tipler: Tek etkili (hidrolik sadece tek y\u00f6nde kullan\u0131l\u0131r) veya \u00e7ift etkili (hidrolik her iki y\u00f6nde kullan\u0131l\u0131r) silindirler, farkl\u0131 operasyonel gereksinimleri kar\u015f\u0131lamak \u00fczere ihtiyaca g\u00f6re se\u00e7ilebilir. Baz\u0131 modeller teleskopiktir ve d\u0131\u015f boyutlar\u0131 art\u0131rmadan daha fazla geni\u015flemeye olanak tan\u0131r, alan k\u0131s\u0131tlamas\u0131 olan uygulamalar i\u00e7in uygundur.<\/li>\n<li>M\u00fckemmel De\u011fi\u015ftirme: \u00dcr\u00fcn\u00fcm\u00fcz bu hidrolik silindirlerin yerini m\u00fckemmel \u015fekilde alabilir.<\/li>\n<\/ul>\n<p><img decoding=\"async\" src=\"https:\/\/www.hydraulic-cylinders.net\/wp-content\/uploads\/2025\/01\/songte-cylinder-head-with-all-kinds-excavator-models.webp\" alt=\"Lovol B\u00fcy\u00fck Ekskavat\u00f6r FR330 \u0130\u00e7in Kova Silindiri\" \/><\/p>\n<h2>Ba\u015fvuru<\/h2>\n<p>Lovol B\u00fcy\u00fck Ekskavat\u00f6r FR330'un kova silindiri, in\u015faat ekipmanlar\u0131, tar\u0131m makineleri, ekskavat\u00f6rler ve \u00f6n y\u00fckleyiciler gibi \u00e7e\u015fitli sekt\u00f6rlerde yayg\u0131n olarak kullan\u0131lmaktad\u0131r. A\u015fa\u011f\u0131da baz\u0131 uygulama \u00f6rnekleri verilmi\u015ftir:<\/p>\n<h3>\u0130n\u015faat Ekipmanlar\u0131<\/h3>\n<ul>\n<li>Ekskavat\u00f6rler: Kova silindiri, kovan\u0131n topra\u011fa n\u00fcfuz etmesini sa\u011flayarak kazma eyleminin ger\u00e7ekle\u015ftirilmesine yard\u0131mc\u0131 olur.<\/li>\n<li>Beko-Loderler: Kova silindiri hem kazma hem de kald\u0131rma i\u015flemine yard\u0131mc\u0131 olur.<\/li>\n<li>\u00d6n y\u00fckleyiciler: Kova silindiri, y\u00fck\u00fcn etkili bir \u015fekilde kald\u0131r\u0131lmas\u0131na ve bo\u015falt\u0131lmas\u0131na yard\u0131mc\u0131 olur.<\/li>\n<\/ul>\n<h3>Tar\u0131m Makinalar\u0131<\/h3>\n<ul>\n<li>\u00d6n y\u00fckleyiciler: Kova silindiri, toprak, saman ve di\u011fer malzemelerin kald\u0131r\u0131lmas\u0131na ve bo\u015falt\u0131lmas\u0131na yard\u0131mc\u0131 olur.<\/li>\n<\/ul>\n<h2>Tasar\u0131m Hususlar\u0131 ve Se\u00e7im Kriterleri<\/h2>\n<p>Lovol B\u00fcy\u00fck Ekskavat\u00f6r FR330 i\u00e7in kova silindirini se\u00e7erken veya tasarlarken, birka\u00e7 kriter g\u00f6z \u00f6n\u00fcnde bulundurulmal\u0131d\u0131r:<\/p>\n<h3>Ta\u015f\u0131ma Kapasitesi<\/h3>\n<p>Kova silindirinin ta\u015f\u0131ma kapasitesi, \u00e7al\u0131\u015fma s\u0131ras\u0131nda kar\u015f\u0131la\u015faca\u011f\u0131 maksimum y\u00fcklere dayanabilmelidir. Bu kriter, kova silindirinin g\u00fcvenli ve verimli bir \u015fekilde \u00e7al\u0131\u015fmas\u0131n\u0131 sa\u011flamak i\u00e7in \u00e7ok \u00f6nemlidir.<\/p>\n<h3>S\u0131zd\u0131rmazl\u0131k<\/h3>\n<p>Kova silindirinde kullan\u0131lan s\u0131zd\u0131rmazl\u0131k sistemi, hidrolik sistemin verimli \u00e7al\u0131\u015fmas\u0131n\u0131 sa\u011flamak ve herhangi bir s\u0131z\u0131nt\u0131y\u0131 \u00f6nlemek i\u00e7in dayan\u0131kl\u0131 ve g\u00fcvenilir olmal\u0131d\u0131r.<\/p>\n<h3>Dayan\u0131kl\u0131l\u0131k<\/h3>\n<p>Kova silindirinin dayan\u0131kl\u0131l\u0131\u011f\u0131, zorlu \u00e7al\u0131\u015fma ko\u015fullar\u0131nda optimum \u00e7al\u0131\u015fmay\u0131 sa\u011flamak ve hizmet \u00f6mr\u00fcn\u00fc uzatmak i\u00e7in \u00e7ok \u00f6nemlidir.<\/p>\n<h3>Emniyet<\/h3>\n<p>Kova silindirinin g\u00fcvenli ve verimli bir \u015fekilde \u00e7al\u0131\u015fmas\u0131n\u0131 ve herhangi bir tehlikenin \u00f6nlenmesini sa\u011flamak i\u00e7in se\u00e7im veya tasar\u0131m s\u00fcrecinde kova silindirinin g\u00fcvenli\u011fi dikkate al\u0131nmal\u0131d\u0131r.<\/p>\n<h3>Bak\u0131m<\/h3>\n<p>Kova silindirinin bak\u0131m\u0131, gerekti\u011finde kolayca bak\u0131m\u0131n\u0131n yap\u0131labilmesi ve onar\u0131labilmesi i\u00e7in se\u00e7im veya tasar\u0131m s\u00fcrecinde dikkate al\u0131nmal\u0131d\u0131r.<\/p>\n<p><img decoding=\"async\" src=\"https:\/\/www.hydraulic-cylinders.net\/wp-content\/uploads\/2025\/01\/songte-oil-pipes-and-spare-parts.webp\" alt=\"Lovol B\u00fcy\u00fck Ekskavat\u00f6r FR330 \u0130\u00e7in Kova Silindiri\" \/><\/p>\n<h2>S\u0131zd\u0131rmazl\u0131k ve Ya\u011flama<\/h2>\n<p>Lovol B\u00fcy\u00fck Ekskavat\u00f6r FR330'un kova silindiri, piston contalar\u0131, piston kolu contalar\u0131 ve silecek contalar\u0131 gibi \u00e7e\u015fitli s\u0131zd\u0131rmazl\u0131k bile\u015fenleri kullan\u0131r. Bu contalar, poli\u00fcretan veya nitril kau\u00e7uk gibi a\u015f\u0131nmaya dayan\u0131kl\u0131 malzemelerden \u00fcretilmi\u015f olup dayan\u0131kl\u0131l\u0131k ve g\u00fcvenilirlik i\u00e7in tasarlanm\u0131\u015ft\u0131r. Optimum \u00e7al\u0131\u015fma sa\u011flamak i\u00e7in silindirin uygun hidrolik ya\u011f ile ya\u011flanmas\u0131 ve d\u00fczenli olarak eklenmesi gerekir.<\/p>\n<h2>Bak\u0131m ve Onar\u0131m<\/h2>\n<p>D\u00fczenli muayene ve \u00f6nleyici bak\u0131m, Lovol B\u00fcy\u00fck Ekskavat\u00f6r FR330'un kova silindirinin kullan\u0131m \u00f6mr\u00fcn\u00fc uzatmaya yard\u0131mc\u0131 olabilir. A\u015fa\u011f\u0131daki bak\u0131m i\u015flemleri d\u00fczenli olarak yap\u0131lmal\u0131d\u0131r:<\/p>\n<ul>\n<li>S\u0131z\u0131nt\u0131 olup olmad\u0131\u011f\u0131n\u0131 kontrol edin ve gerekirse a\u015f\u0131nm\u0131\u015f contalar\u0131 de\u011fi\u015ftirin.<\/li>\n<li>En iyi \u015fekilde \u00e7al\u0131\u015fmas\u0131n\u0131 sa\u011flamak i\u00e7in silindiri d\u00fczenli olarak ya\u011flay\u0131n.<\/li>\n<li>En iyi performans\u0131 sa\u011flamak i\u00e7in silindiri kontrol edin ve kalibre edin.<\/li>\n<\/ul>\n<p><img decoding=\"async\" src=\"https:\/\/www.hydraulic-cylinders.net\/wp-content\/uploads\/2025\/01\/songte-chushion-collar.webp\" alt=\"Lovol B\u00fcy\u00fck Ekskavat\u00f6r FR330 \u0130\u00e7in Kova Silindiri\" \/><\/p>\n<h2>G\u00fcvenlik Hususlar\u0131 ve \u00c7evresel Fakt\u00f6rler<\/h2>\n<p>Lovol B\u00fcy\u00fck Ekskavat\u00f6r FR330'un kova silindiri, a\u011f\u0131r makinelerin vazge\u00e7ilmez bir bile\u015fenidir ve dikkatli kullan\u0131lmal\u0131d\u0131r. Herhangi bir tehlike veya kazay\u0131 \u00f6nlemek i\u00e7in kurulum, \u00e7al\u0131\u015ft\u0131rma ve bak\u0131m s\u0131ras\u0131nda g\u00fcvenlik prosed\u00fcrlerine ve y\u00f6nergelerine uyulmas\u0131 \u00f6nemlidir. Optimum \u00e7al\u0131\u015fma sa\u011flamak i\u00e7in s\u0131cakl\u0131k, nem ve kirleticiler gibi \u00e7evresel fakt\u00f6rler de dikkate al\u0131nmal\u0131d\u0131r.<\/p>\n<h2>Yayg\u0131n Sorunlar ve Sorun Giderme<\/h2>\n<p>Lovol B\u00fcy\u00fck Ekskavat\u00f6r FR330'un kova silindiri, \u00e7al\u0131\u015fma s\u0131ras\u0131nda s\u0131z\u0131nt\u0131, yetersiz g\u00fc\u00e7 veya yava\u015f tepki gibi \u00e7e\u015fitli sorunlar ya\u015fayabilir. A\u015fa\u011f\u0131da baz\u0131 yayg\u0131n sorun giderme ipu\u00e7lar\u0131 verilmi\u015ftir:<\/p>\n<ul>\n<li>S\u0131z\u0131nt\u0131 olup olmad\u0131\u011f\u0131n\u0131 kontrol edin ve gerekirse a\u015f\u0131nm\u0131\u015f contalar\u0131 de\u011fi\u015ftirin.<\/li>\n<li>Hidrolik sistemde herhangi bir t\u0131kan\u0131kl\u0131k veya ar\u0131za olup olmad\u0131\u011f\u0131n\u0131 kontrol edin.<\/li>\n<li>Ya\u011f seviyesini kontrol edin ve gerekirse daha fazla ya\u011f ekleyin.<\/li>\n<\/ul>\n<p><img decoding=\"async\" src=\"https:\/\/www.hydraulic-cylinders.net\/wp-content\/uploads\/2025\/01\/songte-bushings-with-all-kinds-of-excavator-models.webp\" alt=\"Lovol B\u00fcy\u00fck Ekskavat\u00f6r FR330 \u0130\u00e7in Kova Silindiri\" \/><\/p>\n<h2>\u015eirketimiz Hakk\u0131nda<\/h2>\n<p>\u00c7e\u015fitli hidrolik silindirlerin yerini alabilecek hidrolik silindirler \u00fcreten bir firmay\u0131z. Geni\u015f bir \u00fcr\u00fcn yelpazesi sunan firmam\u0131z, yurt i\u00e7i ve yurt d\u0131\u015f\u0131 pazarlarda lider hidrolik silindir \u00fcreticilerinden ve toptanc\u0131lar\u0131ndan biri haline gelmi\u015ftir. Kalitede m\u00fckemmellik ilkesine ba\u011fl\u0131 kalarak, hassas \u00fcretim at\u00f6lyeleri i\u00e7in end\u00fcstriyel \u00fcretim y\u00f6netimi stratejilerine g\u00fcveniyoruz. \u00dcr\u00fcnlerimiz, teknik yetenekler, ileri teknoloji dijital \u00fcretim ekipmanlar\u0131 ve profesyonel test sistemleriyle \u00fcretilmekte olup, at\u00f6lyenin \u00fcretim platformunu s\u00fcrekli iyile\u015ftirmekte, \u00fcretim rotalar\u0131n\u0131n kalitesini art\u0131rmakta ve g\u00fc\u00e7l\u00fc inovasyon yeteneklerine sahiptir. M\u00fc\u015fterilerimizin \u00e7e\u015fitli ihtiya\u00e7lar\u0131n\u0131 y\u00fcksek verimlilik, y\u00fcksek hassasiyet ve y\u00fcksek kalite prensipleriyle kar\u015f\u0131l\u0131yoruz.<\/p>\n<p><img decoding=\"async\" src=\"https:\/\/hzpt.com\/wp-content\/uploads\/2024\/11\/songte-company-1.webp\" alt=\"Lovol B\u00fcy\u00fck Ekskavat\u00f6r FR330 \u0130\u00e7in Kova Silindiri\" \/><\/p>\n<h2>\u015eirketimizin Uzmanl\u0131k Alanlar\u0131<\/h2>\n<ul>\n<li>Profesyonellik: Hidrolik silindir imalat\u0131nda geni\u015f deneyime sahip profesyonellerden olu\u015fan bir ekibimiz var.<\/li>\n<li>Uluslararas\u0131 sertifikasyon: \u00dcr\u00fcnlerimiz ISO9001, CE ve ROHS gibi \u00e7e\u015fitli uluslararas\u0131 sertifikalardan ge\u00e7mi\u015ftir.<\/li>\n<li>\u00d6zelle\u015ftirme Hizmetleri: M\u00fc\u015fterilerimizin farkl\u0131 ihtiya\u00e7lar\u0131n\u0131 kar\u015f\u0131lamak i\u00e7in \u00f6zelle\u015ftirme hizmetleri sunuyoruz.<\/li>\n<li>\u00dcretim Ekipmanlar\u0131: \u00dcr\u00fcn kalitesini ve verimlili\u011fini sa\u011flamak i\u00e7in \u00fcst d\u00fczey dijital \u00fcretim ekipmanlar\u0131 kullan\u0131yoruz.<\/li>\n<li>Sat\u0131\u015f Sonras\u0131 Hizmet: M\u00fc\u015fteri memnuniyetini ve \u00fcr\u00fcn kalitesini sa\u011flamak i\u00e7in sat\u0131\u015f sonras\u0131 hizmet sa\u011fl\u0131yoruz.<\/li>\n<\/ul>\n<p>Yazar: lyl.<\/p>","protected":false},"excerpt":{"rendered":"<p>Bucket Cylinder For Lovol Large Excavator FR330 Introduction The bucket cylinder for Lovol Large Excavator FR330 is a specially designed hydraulic cylinder that is primarily used to control the movement of buckets in heavy machinery such as excavators, backhoe loaders, and front-end loaders. Its main function is to enable the bucket to lift, lower, and [&hellip;]<\/p>","protected":false},"featured_media":14771,"comment_status":"open","ping_status":"closed","template":"","meta":{"_et_pb_use_builder":"","_et_pb_old_content":"","_et_gb_content_width":""},"product_brand":[],"product_cat":[1494],"product_tag":[1495,1496],"class_list":{"0":"post-15562","1":"product","2":"type-product","3":"status-publish","4":"has-post-thumbnail","6":"product_cat-bucket-cylinders","7":"product_tag-bucket-cylinders","8":"product_tag-hydraulic-cylinders","10":"first","11":"instock","12":"shipping-taxable","13":"product-type-simple"},"amp_enabled":true,"_links":{"self":[{"href":"https:\/\/www.hydraulic-cylinders.net\/tr\/wp-json\/wp\/v2\/product\/15562","targetHints":{"allow":["GET"]}}],"collection":[{"href":"https:\/\/www.hydraulic-cylinders.net\/tr\/wp-json\/wp\/v2\/product"}],"about":[{"href":"https:\/\/www.hydraulic-cylinders.net\/tr\/wp-json\/wp\/v2\/types\/product"}],"replies":[{"embeddable":true,"href":"https:\/\/www.hydraulic-cylinders.net\/tr\/wp-json\/wp\/v2\/comments?post=15562"}],"wp:featuredmedia":[{"embeddable":true,"href":"https:\/\/www.hydraulic-cylinders.net\/tr\/wp-json\/wp\/v2\/media\/14771"}],"wp:attachment":[{"href":"https:\/\/www.hydraulic-cylinders.net\/tr\/wp-json\/wp\/v2\/media?parent=15562"}],"wp:term":[{"taxonomy":"product_brand","embeddable":true,"href":"https:\/\/www.hydraulic-cylinders.net\/tr\/wp-json\/wp\/v2\/product_brand?post=15562"},{"taxonomy":"product_cat","embeddable":true,"href":"https:\/\/www.hydraulic-cylinders.net\/tr\/wp-json\/wp\/v2\/product_cat?post=15562"},{"taxonomy":"product_tag","embeddable":true,"href":"https:\/\/www.hydraulic-cylinders.net\/tr\/wp-json\/wp\/v2\/product_tag?post=15562"}],"curies":[{"name":"wp","href":"https:\/\/api.w.org\/{rel}","templated":true}]}}