{"id":15565,"date":"2025-01-19T14:41:25","date_gmt":"2025-01-19T14:41:25","guid":{"rendered":"https:\/\/www.hydraulic-cylinders.net\/product\/bucket-cylinder-for-liugong-small-excavator-clg904c\/"},"modified":"2025-01-19T14:41:27","modified_gmt":"2025-01-19T14:41:27","slug":"bucket-cylinder-for-liugong-small-excavator-clg904c","status":"publish","type":"product","link":"https:\/\/www.hydraulic-cylinders.net\/tr\/urun\/bucket-cylinder-for-liugong-small-excavator-clg904c\/","title":{"rendered":"Liugong CLG904C K\u00fc\u00e7\u00fck Ekskavat\u00f6r \u0130\u00e7in Kep\u00e7e Silindiri"},"content":{"rendered":"<h1>Liugong CLG904C K\u00fc\u00e7\u00fck Ekskavat\u00f6r \u0130\u00e7in Kep\u00e7e Silindiri<\/h1>\n<h2>girii\u015f<\/h2>\n<p>Liugong CLG904C k\u00fc\u00e7\u00fck ekskavat\u00f6r i\u00e7in \u00f6zel olarak tasarlanm\u0131\u015f kova silindiri, ekskavat\u00f6rler, kaz\u0131c\u0131 y\u00fckleyiciler ve \u00f6n y\u00fckleyiciler gibi a\u011f\u0131r makinelerde kovan\u0131n hareketini kontrol etmek i\u00e7in kullan\u0131l\u0131r. Ana i\u015flevi, kovan\u0131n kald\u0131r\u0131lmas\u0131n\u0131, indirilmesini ve e\u011filmesini sa\u011flayarak \u00e7e\u015fitli malzeme ta\u015f\u0131ma g\u00f6revlerini kolayla\u015ft\u0131rmakt\u0131r. Hidrolik sistemde, kova silindiri hidrolik ya\u011f bas\u0131nc\u0131ndaki de\u011fi\u015fiklikler yoluyla kovan\u0131n hassas kontrol\u00fcn\u00fc sa\u011flar ve operat\u00f6rlerin a\u011f\u0131r y\u00fckleri verimli bir \u015fekilde ta\u015f\u0131mas\u0131na, karma\u015f\u0131k \u00e7al\u0131\u015fma ortamlar\u0131na ve \u00e7e\u015fitli operasyonel gereksinimlere uyum sa\u011flamas\u0131na olanak tan\u0131r.<\/p>\n<p><img decoding=\"async\" src=\"https:\/\/www.hydraulic-cylinders.net\/wp-content\/uploads\/2025\/01\/songte-company-2.webp\" alt=\"Kova Silindiri G\u00f6r\u00fcnt\u00fcs\u00fc\"><\/p>\n<h2>\u00d6zellikler<\/h2>\n<ul>\n<li>Y\u00fcksek mukavemet ve dayan\u0131kl\u0131l\u0131k: Genellikle y\u00fcksek mukavemetli \u00e7elik veya al\u00fcminyumdan \u00fcretilen bu \u00fcr\u00fcn, y\u00fcksek bas\u0131nca ve a\u011f\u0131r y\u00fcklere dayanabilir ve zorlu \u00e7al\u0131\u015fma ortamlar\u0131na uyum sa\u011flar. Tasar\u0131m\u0131nda a\u015f\u0131nma ve korozyon direnci g\u00f6z \u00f6n\u00fcnde bulundurularak kullan\u0131m \u00f6mr\u00fc uzat\u0131lm\u0131\u015ft\u0131r.<\/li>\n<li>Verimli hidrolik \u00e7al\u0131\u015fma: Hidrolik ya\u011f bas\u0131nc\u0131n\u0131 kullanarak d\u00fczg\u00fcn uzatma ve geri \u00e7ekme hareketleri ger\u00e7ekle\u015ftirir, kontrol komutlar\u0131na h\u0131zl\u0131 yan\u0131t verebilir, g\u00fc\u00e7l\u00fc itme ve \u00e7ekme kuvvetleri sa\u011flar, a\u011f\u0131r y\u00fcklerin ve karma\u015f\u0131k g\u00f6revlerin \u00fcstesinden gelmek i\u00e7in uygundur.<\/li>\n<li>\u00c7e\u015fitli tipler: Tek etkili (hidrolik sadece tek y\u00f6nde kullan\u0131l\u0131r) veya \u00e7ift etkili (hidrolik her iki y\u00f6nde kullan\u0131l\u0131r) silindirler, farkl\u0131 \u00e7al\u0131\u015fma ihtiya\u00e7lar\u0131n\u0131 kar\u015f\u0131lamak \u00fczere gereksinimlere g\u00f6re se\u00e7ilebilir. Baz\u0131 modeller teleskopiktir ve d\u0131\u015f boyutlar\u0131 art\u0131rmadan daha fazla uzatmaya olanak tan\u0131r, bu da s\u0131n\u0131rl\u0131 alana sahip uygulamalar i\u00e7in uygundur.<\/li>\n<li>Benzer hidrolik silindirlerin yerine kullan\u0131labilir.<\/li>\n<\/ul>\n<p><img decoding=\"async\" src=\"https:\/\/www.hydraulic-cylinders.net\/wp-content\/uploads\/2025\/01\/songte-cylinder-head-with-all-kinds-excavator-models.webp\" alt=\"Kova Silindiri De\u011fi\u015ftirme G\u00f6rseli\"><\/p>\n<h2>Uygulamalar<\/h2>\n<p>Kova silindiri, a\u015fa\u011f\u0131dakiler gibi \u00e7e\u015fitli a\u011f\u0131r makinelerde kullan\u0131lmaktad\u0131r:<\/p>\n<ul>\n<li>\u0130n\u015faat Ekipmanlar\u0131: Ekskavat\u00f6rlerde, toprak veya moloz kazma, y\u00fckleme ve ta\u015f\u0131ma i\u015flemlerinde kritik \u00f6neme sahiptirler. Kaz\u0131c\u0131 y\u00fckleyicilerde ise kova silindiri hem kazma hem de kald\u0131rma i\u015flemlerine yard\u0131mc\u0131 olur. <\/li>\n<li>Tar\u0131m Makinalar\u0131: \u00d6n y\u00fckleyicilerde toprak, saman ve di\u011fer malzemeleri kep\u00e7elemek, kald\u0131rmak ve ta\u015f\u0131mak i\u00e7in kullan\u0131l\u0131r. <\/li>\n<li>Ekskavat\u00f6rler: Kova silindirleri, kovan\u0131n topra\u011fa n\u00fcfuz etmesini sa\u011flayarak kazma i\u015flemini m\u00fcmk\u00fcn k\u0131lar. <\/li>\n<li>Y\u00fckleyiciler: \u00d6n y\u00fckleyicilerde, mallar\u0131n etkili bir \u015fekilde kald\u0131r\u0131lmas\u0131na ve devrilmesine yard\u0131mc\u0131 olurlar.<\/li>\n<\/ul>\n<p>Her uygulaman\u0131n kendine \u00f6zg\u00fc gereksinimleri vard\u0131r ve kova silindirinin tasar\u0131m \u00f6zellikleri bu gereksinimlerin kar\u015f\u0131lanmas\u0131na katk\u0131da bulunur.<\/p>\n<h2>Tasar\u0131m Hususlar\u0131 ve Se\u00e7im Kriterleri<\/h2>\n<p>Kova silindirinin tasar\u0131m\u0131, y\u00fck ta\u015f\u0131ma kapasitesi, s\u0131zd\u0131rmazl\u0131k, dayan\u0131kl\u0131l\u0131k, g\u00fcvenlik ve bak\u0131m kolayl\u0131\u011f\u0131 gibi \u00e7e\u015fitli fakt\u00f6rleri dikkate al\u0131r. Bile\u015fenleri \u015funlard\u0131r:<\/p>\n<ul>\n<li>Piston contalar\u0131<\/li>\n<li>\u00c7ubuk contalar\u0131<\/li>\n<li>Y\u00fcz\u00fck tak\u0131n<\/li>\n<li>Silindir namlu<\/li>\n<li>U\u00e7 kapaklar\u0131<\/li>\n<li>Piston kolu<\/li>\n<\/ul>\n<p><img decoding=\"async\" src=\"https:\/\/www.hydraulic-cylinders.net\/wp-content\/uploads\/2025\/01\/songte-oil-pipes-and-spare-parts.webp\" alt=\"Kova Silindir Bile\u015fenleri G\u00f6rseli\"><\/p>\n<h3>Y\u00fck Ta\u015f\u0131ma Kapasitesi<\/h3>\n<p>Silindir, ar\u0131zalanmadan veya deforme olmadan uygulaman\u0131n maksimum y\u00fcklerini kald\u0131rabilmelidir. Maksimum \u00e7al\u0131\u015fma bas\u0131nc\u0131, silindirin y\u00fck ta\u015f\u0131ma kapasitesini belirlemede kritik bir fakt\u00f6rd\u00fcr.<\/p>\n<h3>S\u0131zd\u0131rmazl\u0131k<\/h3>\n<p>S\u0131zd\u0131rmazl\u0131k, hidrolik s\u0131v\u0131 s\u0131z\u0131nt\u0131lar\u0131n\u0131 ve kirlenmeyi \u00f6nledi\u011fi i\u00e7in silindir tasar\u0131m\u0131n\u0131n \u00e7ok \u00f6nemli bir y\u00f6n\u00fcd\u00fcr. Poli\u00fcretan veya nitril kau\u00e7uk gibi y\u00fcksek kaliteli contalar\u0131n kullan\u0131m\u0131, a\u015f\u0131nma direncini ve uzun hizmet \u00f6mr\u00fcn\u00fc sa\u011flar.<\/p>\n<h3>Dayan\u0131kl\u0131l\u0131k<\/h3>\n<p>Silindirin tasar\u0131m\u0131nda a\u015f\u0131nma direnci, korozyon direnci ve darbe direnci gibi dayan\u0131kl\u0131l\u0131k fakt\u00f6rleri dikkate al\u0131nmal\u0131 ve silindirin uzun \u00f6m\u00fcrl\u00fc olmas\u0131 sa\u011flanmal\u0131d\u0131r.<\/p>\n<h3>Emniyet<\/h3>\n<p>Silindir, a\u015f\u0131r\u0131 y\u00fcklenme veya sistem ar\u0131zalar\u0131 durumunda felaketle sonu\u00e7lanabilecek ar\u0131zalar\u0131 \u00f6nlemek i\u00e7in bas\u0131n\u00e7 tahliye vanalar\u0131 gibi g\u00fcvenlik \u00f6zellikleriyle tasarlanmal\u0131d\u0131r.<\/p>\n<h3>Bak\u0131m kolayl\u0131\u011f\u0131<\/h3>\n<p>Silindirin tasar\u0131m\u0131, kolay s\u00f6kme, bak\u0131m ve yeniden montaja olanak sa\u011flamal\u0131d\u0131r. H\u0131zl\u0131 ve uygun maliyetli onar\u0131mlar\u0131 m\u00fcmk\u00fcn k\u0131lmak i\u00e7in y\u00fcksek kaliteli yedek par\u00e7alar ve yeniden \u00fcretim hizmetleri sunulmal\u0131d\u0131r.<\/p>\n<p><img decoding=\"async\" src=\"https:\/\/www.hydraulic-cylinders.net\/wp-content\/uploads\/2025\/01\/songte-chushion-collar.webp\" alt=\"Kova Silindiri G\u00fcvenlik G\u00f6r\u00fcnt\u00fcs\u00fc\"><\/p>\n<h2>S\u0131zd\u0131rmazl\u0131k ve Ya\u011flama<\/h2>\n<p>Silindirin s\u0131zd\u0131rmazl\u0131\u011f\u0131 ve ya\u011flanmas\u0131, performans\u0131 ve \u00f6mr\u00fc i\u00e7in kritik \u00f6neme sahiptir. Silindir, hidrolik s\u0131v\u0131 s\u0131z\u0131nt\u0131lar\u0131n\u0131 ve kirlenmeyi \u00f6nlemek i\u00e7in piston contalar\u0131 ve mil contalar\u0131 gibi \u00e7e\u015fitli contalar kullan\u0131r. Silindirin bile\u015fenleri, a\u015f\u0131nma diren\u00e7lerini art\u0131rmak i\u00e7in i\u015flenmi\u015ftir ve sorunsuz \u00e7al\u0131\u015fmay\u0131 sa\u011flamak i\u00e7in periyodik olarak hidrolik ya\u011f ile ya\u011flanmalar\u0131 gerekir.<\/p>\n<h2>\u00d6nleyici Bak\u0131m ve Onar\u0131m<\/h2>\n<p>Silindirin optimum performans\u0131n\u0131 ve uzun \u00f6mr\u00fcn\u00fc sa\u011flamak i\u00e7in d\u00fczenli kontroller ve \u00f6nleyici bak\u0131m \u015fartt\u0131r. Yayg\u0131n bak\u0131m g\u00f6revlerinden baz\u0131lar\u0131 \u015funlard\u0131r:<\/p>\n<ul>\n<li>S\u0131z\u0131nt\u0131 veya hasar olup olmad\u0131\u011f\u0131n\u0131 d\u00fczenli olarak kontrol edin.<\/li>\n<li>\u00dcretici tavsiyelerine g\u00f6re ya\u011flama<\/li>\n<li>Conta de\u011fi\u015fimi ve kalibrasyon kontrolleri<\/li>\n<\/ul>\n<p>Silindirin optimum performans\u0131 ve uzun \u00f6mr\u00fc i\u00e7in do\u011fru montaj, ya\u011flama ve ayarlama \u00e7ok \u00f6nemlidir. Montaj, silindirin do\u011fru hizalanmas\u0131n\u0131 i\u00e7ermeli ve silindiri yerine sabitlemek i\u00e7in uygun montaj braketleri kullan\u0131lmal\u0131d\u0131r.<\/p>\n<h2>G\u00fcvenlik ve \u00c7evresel Hususlar<\/h2>\n<p>Silindirin kullan\u0131m\u0131, yaralanmalar\u0131 veya mal hasar\u0131n\u0131 \u00f6nlemek i\u00e7in g\u00fcvenlik y\u00f6nergelerine uyulmas\u0131n\u0131 gerektirir. Silindirin kullan\u0131m\u0131 ayn\u0131 zamanda \u00e7evresel bir etkiye de sahiptir ve silindir bile\u015fenlerinin uygun \u015fekilde imha edilmesi, geri d\u00f6n\u00fc\u015ft\u00fcr\u00fclmesi ve yeniden kullan\u0131lmas\u0131 uygulanmal\u0131d\u0131r.<\/p>\n<h2>Sorun Giderme ve S\u0131k\u00e7a Sorulan Sorular<\/h2>\n<p>S\u0131k\u00e7a sorulan sorular ve sorun giderme ipu\u00e7lar\u0131 \u015funlard\u0131r:<\/p>\n<ul>\n<li>Silindirin kald\u0131rma kapasitesini nas\u0131l art\u0131rabilirim?<\/li>\n<li>Hidrolik s\u0131v\u0131 s\u0131z\u0131nt\u0131s\u0131 durumunda ne yapmal\u0131y\u0131m?<\/li>\n<li>Silindir geri \u00e7ekilmezse ne yapmal\u0131y\u0131m?<\/li>\n<\/ul>\n<p><img decoding=\"async\" src=\"https:\/\/www.hydraulic-cylinders.net\/wp-content\/uploads\/2025\/01\/songte-bushings-with-all-kinds-of-excavator-models.webp\" alt=\"Kova Silindiri Sorun Giderme G\u00f6r\u00fcnt\u00fcs\u00fc\"><\/p>\n<h2>\u015eirketimiz Hakk\u0131nda<\/h2>\n<p>Biz, hidrolik silindir yedek par\u00e7alar\u0131n\u0131n \u00fcretiminde uzmanla\u015fm\u0131\u015f bir hidrolik silindir \u00fcreticisiyiz. \u015eirketimiz, eksiksiz bir \u00fcr\u00fcn yelpazesi sunarak, hem yurt i\u00e7i hem de uluslararas\u0131 pazarlarda hidrolik silindirlerin \u00f6nde gelen \u00fcreticilerinden ve toptanc\u0131lar\u0131ndan biri konumundad\u0131r. M\u00fckemmel kalite ilkesini benimsiyor ve \u00f6zenle tasarlanm\u0131\u015f \u00fcretim at\u00f6lyelerinde end\u00fcstriyel \u00fcretim y\u00f6netim stratejilerine g\u00fcveniyoruz. Geli\u015fmi\u015f dijital \u00fcretim ekipmanlar\u0131 ve profesyonel test sistemleri kullanarak, \u00fcretim platformumuzu s\u00fcrekli olarak geli\u015ftirdik, \u00fcr\u00fcn kalitesi \u00fcretim s\u00fcre\u00e7lerini m\u00fckemmelle\u015ftirdik ve g\u00fc\u00e7l\u00fc \u00fcretim yetenekleri kazand\u0131k. \u00dcr\u00fcnlerimiz y\u00fcksek verimlilik, y\u00fcksek hassasiyet ve y\u00fcksek kalite standartlar\u0131yla karakterize olup, \u00e7e\u015fitli m\u00fc\u015fteri ihtiya\u00e7lar\u0131n\u0131 kar\u015f\u0131lamaktad\u0131r.<\/p>\n<p><img decoding=\"async\" src=\"https:\/\/hzpt.com\/wp-content\/uploads\/2024\/11\/songte-company-1.webp\" alt=\"\u015eirketimiz Hakk\u0131nda G\u00f6rsel\"><\/p>\n<h3>Profesyonellik<\/h3>\n<p>\u015eirketimiz, hidrolik silindir tasar\u0131m\u0131, m\u00fchendisli\u011fi ve imalat\u0131 konusunda uzmanla\u015fm\u0131\u015f deneyimli profesyonellerden olu\u015fan bir ekibe sahiptir.<\/p>\n<h3>Uluslararas\u0131 Sertifikasyon<\/h3>\n<p>\u00dcr\u00fcnlerimiz ISO9001, CE ve SGS gibi uluslararas\u0131 kalite standartlar\u0131na g\u00f6re sertifikaland\u0131r\u0131lm\u0131\u015ft\u0131r; bu da en y\u00fcksek \u00fcr\u00fcn kalitesini ve m\u00fc\u015fteri memnuniyetini garanti eder.<\/p>\n<h3>\u00d6zelle\u015ftirme Hizmetleri<\/h3>\n<p>M\u00fc\u015fterilerimizin \u00f6zel gereksinimlerini kar\u015f\u0131lamak \u00fczere \u00f6zelle\u015ftirme hizmetleri sunuyoruz ve \u00e7e\u015fitli hidrolik silindir ihtiya\u00e7lar\u0131na y\u00f6nelik \u00f6zel \u00e7\u00f6z\u00fcmler sa\u011fl\u0131yoruz.<\/p>\n<h3>\u00dcretim Ekipmanlar\u0131<\/h3>\n<p>CNC makineleri, freze makineleri ve torna tezgahlar\u0131 da dahil olmak \u00fczere geli\u015fmi\u015f dijital \u00fcretim ekipmanlar\u0131 kullanarak y\u00fcksek kaliteli ve hassas \u00fcretim sa\u011fl\u0131yoruz.<\/p>\n<h3>Sat\u0131\u015f Sonras\u0131 Hizmet<\/h3>\n<p>Yedek par\u00e7a de\u011fi\u015fimi, onar\u0131m hizmetleri ve teknik destek de dahil olmak \u00fczere kapsaml\u0131 sat\u0131\u015f sonras\u0131 hizmetler sunarak m\u00fc\u015fteri memnuniyetini ve \u00fcr\u00fcn \u00f6mr\u00fcn\u00fc garanti ediyoruz.<\/p>\n<h3>Yazar<\/h3>\n<p>Yazar: lyl<\/p>","protected":false},"excerpt":{"rendered":"<p>Bucket Cylinder For Liugong Small Excavator CLG904C Introduction The bucket cylinder for Liugong small excavator CLG904C is a specially designed hydraulic cylinder primarily used to control the movement of the bucket in heavy machinery such as excavators, backhoe loaders, and front-end loaders. Its main function is to enable the bucket to lift, lower, and tilt, [&hellip;]<\/p>","protected":false},"featured_media":14762,"comment_status":"open","ping_status":"closed","template":"","meta":{"_et_pb_use_builder":"","_et_pb_old_content":"","_et_gb_content_width":""},"product_brand":[],"product_cat":[1494],"product_tag":[1495,1496],"class_list":{"0":"post-15565","1":"product","2":"type-product","3":"status-publish","4":"has-post-thumbnail","6":"product_cat-bucket-cylinders","7":"product_tag-bucket-cylinders","8":"product_tag-hydraulic-cylinders","10":"first","11":"instock","12":"shipping-taxable","13":"product-type-simple"},"amp_enabled":true,"_links":{"self":[{"href":"https:\/\/www.hydraulic-cylinders.net\/tr\/wp-json\/wp\/v2\/product\/15565","targetHints":{"allow":["GET"]}}],"collection":[{"href":"https:\/\/www.hydraulic-cylinders.net\/tr\/wp-json\/wp\/v2\/product"}],"about":[{"href":"https:\/\/www.hydraulic-cylinders.net\/tr\/wp-json\/wp\/v2\/types\/product"}],"replies":[{"embeddable":true,"href":"https:\/\/www.hydraulic-cylinders.net\/tr\/wp-json\/wp\/v2\/comments?post=15565"}],"wp:featuredmedia":[{"embeddable":true,"href":"https:\/\/www.hydraulic-cylinders.net\/tr\/wp-json\/wp\/v2\/media\/14762"}],"wp:attachment":[{"href":"https:\/\/www.hydraulic-cylinders.net\/tr\/wp-json\/wp\/v2\/media?parent=15565"}],"wp:term":[{"taxonomy":"product_brand","embeddable":true,"href":"https:\/\/www.hydraulic-cylinders.net\/tr\/wp-json\/wp\/v2\/product_brand?post=15565"},{"taxonomy":"product_cat","embeddable":true,"href":"https:\/\/www.hydraulic-cylinders.net\/tr\/wp-json\/wp\/v2\/product_cat?post=15565"},{"taxonomy":"product_tag","embeddable":true,"href":"https:\/\/www.hydraulic-cylinders.net\/tr\/wp-json\/wp\/v2\/product_tag?post=15565"}],"curies":[{"name":"wp","href":"https:\/\/api.w.org\/{rel}","templated":true}]}}