{"id":15585,"date":"2025-01-19T14:42:58","date_gmt":"2025-01-19T14:42:58","guid":{"rendered":"https:\/\/www.hydraulic-cylinders.net\/product\/bucket-cylinder-for-liugong-large-excavator-clg936d\/"},"modified":"2025-01-19T14:43:00","modified_gmt":"2025-01-19T14:43:00","slug":"bucket-cylinder-for-liugong-large-excavator-clg936d","status":"publish","type":"product","link":"https:\/\/www.hydraulic-cylinders.net\/tr\/urun\/bucket-cylinder-for-liugong-large-excavator-clg936d\/","title":{"rendered":"Liugong CLG936D B\u00fcy\u00fck Ekskavat\u00f6r \u0130\u00e7in Kep\u00e7e Silindiri"},"content":{"rendered":"<h1> Liugong CLG936D B\u00fcy\u00fck Ekskavat\u00f6r \u0130\u00e7in Kep\u00e7e Silindiri <\/h1>\n<h2> girii\u015f <\/h2>\n<h3> Tan\u0131m <\/h3>\n<p>Kep\u00e7e silindiri, ekskavat\u00f6rler, kaz\u0131c\u0131 y\u00fckleyiciler ve \u00f6n y\u00fckleyiciler gibi a\u011f\u0131r makinelerde kep\u00e7enin hareketini kontrol etmek i\u00e7in \u00f6zel olarak tasarlanm\u0131\u015f bir hidrolik silindirdir. Ana i\u015flevi, kep\u00e7enin kald\u0131r\u0131lmas\u0131n\u0131, indirilmesini ve e\u011filmesini sa\u011flayarak \u00e7e\u015fitli malzemelerin ta\u015f\u0131nmas\u0131n\u0131 kolayla\u015ft\u0131rmakt\u0131r. Hidrolik sistemde, kep\u00e7e silindiri hidrolik ya\u011f\u0131n bas\u0131n\u00e7 de\u011fi\u015fikliklerini kullanarak kep\u00e7eyi hassas bir \u015fekilde kontrol eder; bu da operat\u00f6r\u00fcn a\u011f\u0131r y\u00fckleri verimli bir \u015fekilde ta\u015f\u0131mas\u0131na, karma\u015f\u0131k \u00e7al\u0131\u015fma ortamlar\u0131na ve \u00e7e\u015fitli operasyonel ihtiya\u00e7lara uyum sa\u011flamas\u0131na olanak tan\u0131r.<\/p>\n<p><img decoding=\"async\" src=\"https:\/\/www.hydraulic-cylinders.net\/wp-content\/uploads\/2025\/01\/songte-company-2.webp\" alt=\"Kova Silindiri G\u00f6r\u00fcnt\u00fcs\u00fc\"><\/p>\n<h3> \u00d6zellikler <\/h3>\n<ul>\n<li>Y\u00fcksek mukavemet ve dayan\u0131kl\u0131l\u0131k: Genellikle y\u00fcksek mukavemetli \u00e7elik veya al\u00fcminyumdan \u00fcretilir, y\u00fcksek bas\u0131nca ve a\u011f\u0131r y\u00fcklere dayanabilir, zorlu \u00e7al\u0131\u015fma ortamlar\u0131na uyum sa\u011flar, a\u015f\u0131nma ve korozyon direnci i\u00e7in tasarlanm\u0131\u015ft\u0131r, b\u00f6ylece kullan\u0131m \u00f6mr\u00fcn\u00fc uzat\u0131r.<\/li>\n<li>Verimli hidrolik \u00e7al\u0131\u015fma: Hidrolik ya\u011f\u0131n bas\u0131nc\u0131n\u0131 kullanarak d\u00fczg\u00fcn uzama ve b\u00fcz\u00fclme sa\u011flar, kontrol komutlar\u0131na h\u0131zl\u0131 yan\u0131t verebilir, g\u00fc\u00e7l\u00fc itme ve \u00e7ekme kuvveti sa\u011flayabilir, a\u011f\u0131r y\u00fcklerin ve karma\u015f\u0131k operasyonel g\u00f6revlerin \u00fcstesinden gelmek i\u00e7in uygundur.<\/li>\n<li>\u0130htiyaca g\u00f6re \u00e7e\u015fitli tiplerde, tek etkili (hidrolik sadece tek y\u00f6nde kullan\u0131l\u0131r) veya \u00e7ift etkili (hidrolik iki y\u00f6nde kullan\u0131l\u0131r) silindirler se\u00e7ilebilir; baz\u0131 modeller teleskopiktir, bu da d\u0131\u015f boyutlar\u0131 art\u0131rmadan daha fazla uzatmaya olanak tan\u0131r ve s\u0131n\u0131rl\u0131 alana sahip uygulamalar i\u00e7in uygundur.<\/li>\n<li>De\u011fi\u015ftirilebilir: \u00dcr\u00fcn\u00fcm\u00fcz bu hidrolik silindirlerin yerine m\u00fckemmel \u015fekilde ge\u00e7ebilir.<\/li>\n<\/ul>\n<p><img decoding=\"async\" src=\"https:\/\/www.hydraulic-cylinders.net\/wp-content\/uploads\/2025\/01\/songte-cylinder-head-with-all-kinds-excavator-models.webp\" alt=\"Kova Silindiri De\u011fi\u015ftirme G\u00f6rseli\"><\/p>\n<h3> Uygulamalar <\/h3>\n<p>Kova silindirleri \u00e7e\u015fitli end\u00fcstrilerde yayg\u0131n olarak kullan\u0131lmaktad\u0131r:<\/p>\n<ul>\n<li>\u0130n\u015faat ekipmanlar\u0131: Ekskavat\u00f6rlerde, toprak veya moloz kazma, y\u00fckleme ve ta\u015f\u0131ma i\u015flemlerinde kritik \u00f6neme sahiptirler. Kaz\u0131c\u0131 y\u00fckleyicilerde ise kova silindiri hem kazma hem de kald\u0131rma i\u015flemlerine yard\u0131mc\u0131 olur. <\/li>\n<li>Tar\u0131m makineleri: Toprak, saman ve di\u011fer malzemelerin kep\u00e7eyle al\u0131nmas\u0131, kald\u0131r\u0131lmas\u0131 ve ta\u015f\u0131nmas\u0131 i\u00e7in \u00f6n y\u00fckleyicilerde kullan\u0131l\u0131r. <\/li>\n<li>Ekskavat\u00f6rler: Kep\u00e7e silindiri, kep\u00e7enin topra\u011fa n\u00fcfuz etmesini sa\u011flayarak kazma i\u015flemini ger\u00e7ekle\u015ftirir. <\/li>\n<li>\u00d6n y\u00fckleyiciler: \u00d6n y\u00fckleyicilerde, y\u00fck\u00fcn verimli bir \u015fekilde kald\u0131r\u0131lmas\u0131na ve devrilmesine yard\u0131mc\u0131 olurlar. <\/li>\n<\/ul>\n<h2> Tasar\u0131m Hususlar\u0131 ve Se\u00e7im Kriterleri <\/h2>\n<h3> \u00d6nemli Hususlar <\/h3>\n<ul>\n<li>Ta\u015f\u0131ma kapasitesi: Kova silindirleri, kovan\u0131n ve ta\u015f\u0131nan malzemelerin a\u011f\u0131rl\u0131\u011f\u0131n\u0131 kald\u0131rabilecek yeterli ta\u015f\u0131ma kapasitesine sahip olmal\u0131d\u0131r. <\/li>\n<li>S\u0131zd\u0131rmazl\u0131k: Hidrolik s\u0131v\u0131n\u0131n s\u0131zmas\u0131n\u0131 \u00f6nlemek i\u00e7in silindir s\u0131k\u0131ca kapat\u0131lmal\u0131d\u0131r. <\/li>\n<li>Dayan\u0131kl\u0131l\u0131k: Kova silindirleri, uzun s\u00fcreli kullan\u0131mdan kaynaklanan a\u015f\u0131nma ve y\u0131pranmaya dayanacak \u015fekilde y\u00fcksek kaliteli malzemelerden yap\u0131lmal\u0131d\u0131r. <\/li>\n<li>G\u00fcvenlik: Kaza riskini en aza indirmek i\u00e7in silindir tasar\u0131m\u0131na g\u00fcvenlik \u00f6zellikleri dahil edilmelidir. <\/li>\n<li>Bak\u0131m: Silindir, ar\u0131za s\u00fcresini en aza indirgemek i\u00e7in kolay bak\u0131m ve onar\u0131m\u0131 sa\u011flayacak \u015fekilde tasarlanmal\u0131d\u0131r.<\/li>\n<\/ul>\n<p><img decoding=\"async\" src=\"https:\/\/www.hydraulic-cylinders.net\/wp-content\/uploads\/2025\/01\/songte-oil-pipes-and-spare-parts.webp\" alt=\"Kova Silindiri Yedek Par\u00e7a G\u00f6rseli\"><\/p>\n<h3> S\u0131zd\u0131rmazl\u0131k ve Ya\u011flama <\/h3>\n<p>Koval\u0131 silindirlerde, poli\u00fcretan, nitril kau\u00e7uk gibi a\u015f\u0131nmaya dayan\u0131kl\u0131 malzemelerden yap\u0131lm\u0131\u015f piston contalar\u0131, mil contalar\u0131 vb. \u00e7e\u015fitli s\u0131zd\u0131rmazl\u0131k bile\u015fenleri kullan\u0131l\u0131r. Silindir g\u00f6vdesi ve di\u015fli u\u00e7 y\u00fczeyi, a\u015f\u0131nma direncini art\u0131rmak i\u00e7in ince bir i\u015flemden ge\u00e7irilir. Silindirin d\u00fczg\u00fcn \u00e7al\u0131\u015fmas\u0131n\u0131 sa\u011flamak i\u00e7in d\u00fczenli ya\u011flama gereklidir. <\/p>\n<h2> Bak\u0131m ve Sorun Giderme <\/h2>\n<h3> \u00d6nleyici Bak\u0131m <\/h3>\n<ul>\n<li>D\u00fczenli Kontrol: Silindir g\u00f6vdesinde, piston kolunda ve bur\u00e7larda a\u015f\u0131nma ve s\u0131z\u0131nt\u0131 belirtileri olup olmad\u0131\u011f\u0131n\u0131 kontrol edin. <\/li>\n<li>Uygun Ya\u011flama: Silindirin sorunsuz \u00e7al\u0131\u015fmas\u0131n\u0131 sa\u011flamak i\u00e7in d\u00fczenli olarak ya\u011flay\u0131c\u0131 uygulay\u0131n. <\/li>\n<li>S\u0131z\u0131nt\u0131y\u0131 \u00f6nlemek i\u00e7in contalar\u0131n de\u011fi\u015ftirilmesi: Gerekirse contalar\u0131 kontrol edin ve de\u011fi\u015ftirin. <\/li>\n<\/ul>\n<p><img decoding=\"async\" src=\"https:\/\/www.hydraulic-cylinders.net\/wp-content\/uploads\/2025\/01\/songte-chushion-collar.webp\" alt=\"Kova Silindiri Bak\u0131m G\u00f6rseli\"><\/p>\n<h3> Sorun Giderme ve Onar\u0131m <\/h3>\n<p>Silindirde a\u015f\u0131r\u0131 a\u015f\u0131nma ve y\u0131pranma, piston kolunun hasar g\u00f6rmesi gibi \u00e7e\u015fitli nedenlerden dolay\u0131 sorunlar ortaya \u00e7\u0131kabilir. Do\u011fru tedavi y\u00f6ntemini belirlemek i\u00e7in sorunun do\u011fru te\u015fhisi gereklidir. Kep\u00e7eli silindirlerde s\u0131k kar\u015f\u0131la\u015f\u0131lan baz\u0131 sorunlar \u015funlard\u0131r:<\/p>\n<ul>\n<li>S\u0131v\u0131 S\u0131z\u0131nt\u0131lar\u0131: Silindir g\u00f6vdesi \u00e7evresinde s\u0131z\u0131nt\u0131 olup olmad\u0131\u011f\u0131n\u0131 kontrol edin ve hasarl\u0131 contalar\u0131 de\u011fi\u015ftirin. <\/li>\n<li>\u00c7al\u0131\u015fma Sorunu: A\u015f\u0131nm\u0131\u015f par\u00e7alar\u0131 kontrol edin ve gerekirse de\u011fi\u015ftirin. <\/li>\n<li>Anormal Ses: Gev\u015fek ba\u011flant\u0131lar\u0131 kontrol edin ve s\u0131k\u0131n. <\/li>\n<\/ul>\n<h2> \u015eirketimiz Hakk\u0131nda <\/h2>\n<p>Yurti\u00e7i ve yurtd\u0131\u015f\u0131 pazarlarda hidrolik silindirlerin \u00f6nde gelen \u00fcreticisi ve toptan da\u011f\u0131t\u0131c\u0131s\u0131y\u0131z. M\u00fckemmel kalite, ileri teknoloji, dijital \u00fcst d\u00fczey \u00fcretim ekipmanlar\u0131 ve profesyonel test sistemlerine dayanan bir \u00fcretim y\u00f6netim stratejisi izleyerek geni\u015f bir yelpazede silindir \u00fcretiyoruz. \u00dcretim platformumuzu s\u00fcrekli geli\u015ftiriyor, \u00fcr\u00fcn kalitesi \u00fcretim s\u00fcrecini m\u00fckemmelle\u015ftiriyor ve g\u00fc\u00e7l\u00fc \u00fcretim kapasitesine sahibiz. \u00c7e\u015fitli m\u00fc\u015fteri ihtiya\u00e7lar\u0131n\u0131 kar\u015f\u0131lamak i\u00e7in verimli, hassas ve y\u00fcksek kaliteli \u00fcr\u00fcnler sunuyoruz.<\/p>\n<h3> Uzmanl\u0131k Alanlar\u0131m\u0131z <\/h3>\n<ul>\n<li>Uluslararas\u0131 Sertifikalar: \u00dcr\u00fcnlerimiz, en y\u00fcksek kalite standartlar\u0131n\u0131 sa\u011flayan ISO 9001:2015 ve CE gibi uluslararas\u0131 sertifikalara sahiptir. <\/li>\n<li>\u00d6zelle\u015ftirme: Bireysel ihtiya\u00e7lara uygun \u00f6zel yap\u0131m hidrolik silindirler sunuyoruz. <\/li>\n<li>\u00dcretim Ekipmanlar\u0131: Y\u00fcksek hassasiyet sa\u011flamak i\u00e7in CNC torna tezgahlar\u0131, honlama makineleri vb. modern makineler kullan\u0131yoruz. <\/li>\n<li>Sat\u0131\u015f Sonras\u0131 Servis: Par\u00e7a de\u011fi\u015fimi ve onar\u0131m hizmetleri de dahil olmak \u00fczere eksiksiz sat\u0131\u015f sonras\u0131 hizmetler sunuyoruz. <\/li>\n<\/ul>\n<p><img decoding=\"async\" src=\"https:\/\/hzpt.com\/wp-content\/uploads\/2024\/11\/songte-company-1.webp\" alt=\"Kova Silindiri \u015eirket G\u00f6rseli\"><\/p>\n<p>Yazar: lyl<\/p>","protected":false},"excerpt":{"rendered":"<p>Bucket Cylinder For Liugong Large Excavator CLG936D Introduction Definition Bucket cylinder is a specially designed hydraulic cylinder primarily used to control the movement of the bucket in heavy machinery such as excavators, backhoe loaders, and front loaders. Its main function is to enable the bucket to be lifted, lowered, and tilted, making it easier to [&hellip;]<\/p>","protected":false},"featured_media":14785,"comment_status":"open","ping_status":"closed","template":"","meta":{"_et_pb_use_builder":"","_et_pb_old_content":"","_et_gb_content_width":""},"product_brand":[],"product_cat":[1494],"product_tag":[1495,1496],"class_list":{"0":"post-15585","1":"product","2":"type-product","3":"status-publish","4":"has-post-thumbnail","6":"product_cat-bucket-cylinders","7":"product_tag-bucket-cylinders","8":"product_tag-hydraulic-cylinders","10":"first","11":"instock","12":"shipping-taxable","13":"product-type-simple"},"amp_enabled":true,"_links":{"self":[{"href":"https:\/\/www.hydraulic-cylinders.net\/tr\/wp-json\/wp\/v2\/product\/15585","targetHints":{"allow":["GET"]}}],"collection":[{"href":"https:\/\/www.hydraulic-cylinders.net\/tr\/wp-json\/wp\/v2\/product"}],"about":[{"href":"https:\/\/www.hydraulic-cylinders.net\/tr\/wp-json\/wp\/v2\/types\/product"}],"replies":[{"embeddable":true,"href":"https:\/\/www.hydraulic-cylinders.net\/tr\/wp-json\/wp\/v2\/comments?post=15585"}],"wp:featuredmedia":[{"embeddable":true,"href":"https:\/\/www.hydraulic-cylinders.net\/tr\/wp-json\/wp\/v2\/media\/14785"}],"wp:attachment":[{"href":"https:\/\/www.hydraulic-cylinders.net\/tr\/wp-json\/wp\/v2\/media?parent=15585"}],"wp:term":[{"taxonomy":"product_brand","embeddable":true,"href":"https:\/\/www.hydraulic-cylinders.net\/tr\/wp-json\/wp\/v2\/product_brand?post=15585"},{"taxonomy":"product_cat","embeddable":true,"href":"https:\/\/www.hydraulic-cylinders.net\/tr\/wp-json\/wp\/v2\/product_cat?post=15585"},{"taxonomy":"product_tag","embeddable":true,"href":"https:\/\/www.hydraulic-cylinders.net\/tr\/wp-json\/wp\/v2\/product_tag?post=15585"}],"curies":[{"name":"wp","href":"https:\/\/api.w.org\/{rel}","templated":true}]}}