{"id":15599,"date":"2025-01-19T14:43:59","date_gmt":"2025-01-19T14:43:59","guid":{"rendered":"https:\/\/www.hydraulic-cylinders.net\/product\/bucket-cylinder-for-xgma-middle-excavator-xg825el\/"},"modified":"2025-01-19T14:44:01","modified_gmt":"2025-01-19T14:44:01","slug":"bucket-cylinder-for-xgma-middle-excavator-xg825el","status":"publish","type":"product","link":"https:\/\/www.hydraulic-cylinders.net\/tr\/urun\/bucket-cylinder-for-xgma-middle-excavator-xg825el\/","title":{"rendered":"XGMA XG825EL Orta Ekskavat\u00f6r \u0130\u00e7in Kep\u00e7e Silindiri"},"content":{"rendered":"<h2>girii\u015f<\/h2>\n<h3>XGMA XG825EL Orta Ekskavat\u00f6r \u0130\u00e7in Kep\u00e7e Silindiri<\/h3>\n<p>XGMA XG825EL Orta Ekskavat\u00f6r i\u00e7in Kep\u00e7e Silindiri, ekskavat\u00f6rler, kaz\u0131c\u0131 ekskavat\u00f6rler ve \u00f6n y\u00fckleyiciler gibi a\u011f\u0131r makinelerde kep\u00e7elerin hareketini kontrol etmek i\u00e7in tasarlanm\u0131\u015f \u00f6zel bir hidrolik silindirdir. Ana i\u015flevi, kep\u00e7elerin kald\u0131r\u0131lmas\u0131n\u0131, indirilmesini ve e\u011filmesini kolayla\u015ft\u0131rarak \u00e7e\u015fitli malzeme ta\u015f\u0131ma g\u00f6revlerini daha kolay hale getirmektir. Hidrolik sistemde, kep\u00e7e silindiri, kep\u00e7enin hassas kontrol\u00fcn\u00fc sa\u011flamak i\u00e7in hidrolik ya\u011f bas\u0131nc\u0131ndaki de\u011fi\u015fiklikleri kullan\u0131r; bu da operat\u00f6rlerin a\u011f\u0131r y\u00fckleri verimli bir \u015fekilde ta\u015f\u0131mas\u0131na, karma\u015f\u0131k \u00e7al\u0131\u015fma ortamlar\u0131na ve \u00e7e\u015fitli i\u015f gereksinimlerine uyum sa\u011flamas\u0131na olanak tan\u0131r.<\/p>\n<p><img decoding=\"async\" src=\"https:\/\/www.hydraulic-cylinders.net\/wp-content\/uploads\/2025\/01\/songte-company-2.webp\" alt=\"Kova Silindiri\"><\/p>\n<h2>\u00d6zellikler<\/h2>\n<ul>\n<li><strong>Y\u00fcksek Dayan\u0131kl\u0131l\u0131k ve Dayan\u0131kl\u0131l\u0131k:<\/strong> Genellikle y\u00fcksek mukavemetli \u00e7elik veya al\u00fcminyumdan \u00fcretilen bu malzeme, y\u00fcksek bas\u0131nca ve a\u011f\u0131r y\u00fcklere dayanabilir, zorlu \u00e7al\u0131\u015fma ortamlar\u0131na uyum sa\u011flayabilir ve a\u015f\u0131nma ve korozyon direnci i\u00e7in tasarlanm\u0131\u015ft\u0131r, bu da kullan\u0131m \u00f6mr\u00fcn\u00fc uzat\u0131r.<\/li>\n<li><strong>Verimli Hidrolik \u00c7al\u0131\u015fma:<\/strong> Hidrolik ya\u011f\u0131n bas\u0131nc\u0131n\u0131 kullanarak d\u00fczg\u00fcn genle\u015fme ve b\u00fcz\u00fclme sa\u011flayan bu sistem, kontrol komutlar\u0131na h\u0131zl\u0131 yan\u0131t verebilir, g\u00fc\u00e7l\u00fc itme ve \u00e7ekme kuvveti sa\u011flayabilir ve a\u011f\u0131r y\u00fcklerin ve karma\u015f\u0131k i\u015flerin \u00fcstesinden gelmek i\u00e7in uygundur.<\/li>\n<li><strong>\u00c7e\u015fitli Tipler:<\/strong> Tek y\u00f6nl\u00fc (hidroli\u011fin yaln\u0131zca tek y\u00f6nde kullan\u0131ld\u0131\u011f\u0131) veya \u00e7ift y\u00f6nl\u00fc (hidroli\u011fin iki y\u00f6nde kullan\u0131ld\u0131\u011f\u0131) silindirler, farkl\u0131 \u00e7al\u0131\u015fma ihtiya\u00e7lar\u0131n\u0131 kar\u015f\u0131lamak \u00fczere gereksinimlere g\u00f6re se\u00e7ilebilir. Baz\u0131 modeller teleskopiktir ve d\u0131\u015f boyutu art\u0131rmadan daha fazla uzatmaya olanak tan\u0131r; bu da s\u0131n\u0131rl\u0131 alana sahip uygulamalar i\u00e7in uygundur.<\/li>\n<li><strong>Kolay De\u011fi\u015ftirme:<\/strong> \u00dcr\u00fcnlerimiz bu hidrolik silindirlerin yerini m\u00fckemmel \u015fekilde alabilir.<\/li>\n<\/ul>\n<p><img decoding=\"async\" src=\"https:\/\/www.hydraulic-cylinders.net\/wp-content\/uploads\/2025\/01\/songte-cylinder-head-with-all-kinds-excavator-models.webp\" alt=\"Kova Silindiri\"><\/p>\n<h2>Uygulamalar<\/h2>\n<p>Kova silindirinin \u00e7ok \u00e7e\u015fitli uygulama alanlar\u0131 vard\u0131r; bunlara \u00f6rnek olarak \u015funlar verilebilir:<\/p>\n<ul>\n<li><strong>\u0130n\u015faat Ekipmanlar\u0131:<\/strong> Ekskavat\u00f6rlerde, toprak veya moloz kazma, y\u00fckleme ve ta\u015f\u0131ma i\u015flemlerinde kova silindirleri olmazsa olmazd\u0131r. Kaz\u0131c\u0131 ekskavat\u00f6rlerde ise kova silindirleri kazma ve kald\u0131rma i\u015flemlerine yard\u0131mc\u0131 olur. <\/li>\n<li><strong>Tar\u0131m Makinalar\u0131:<\/strong> \u00d6n y\u00fckleyicilerde, toprak, saman ve di\u011fer malzemelerin kep\u00e7eyle al\u0131nmas\u0131, kald\u0131r\u0131lmas\u0131 ve ta\u015f\u0131nmas\u0131nda kullan\u0131l\u0131r. <\/li>\n<li><strong>Ekskavat\u00f6rler:<\/strong> Kep\u00e7e silindiri, kep\u00e7enin topra\u011fa n\u00fcfuz etmesini sa\u011flayarak kaz\u0131 i\u015flemini ger\u00e7ekle\u015ftirir. <\/li>\n<li><strong>Y\u00fckleyiciler:<\/strong> \u00d6n y\u00fckleyicilerde, mallar\u0131n etkili bir \u015fekilde kald\u0131r\u0131lmas\u0131na ve devrilmesine yard\u0131mc\u0131 olurlar.<\/li>\n<\/ul>\n<p>Kova silindirinin her bir kullan\u0131m alan\u0131 a\u015fa\u011f\u0131da a\u00e7\u0131klanm\u0131\u015ft\u0131r:<\/p>\n<ul>\n<li><strong>\u0130n\u015faat Ekipmanlar\u0131:<\/strong> Ekskavat\u00f6rlerde, kep\u00e7e silindirleri topra\u011f\u0131 veya molozu kazmak, y\u00fcklemek ve ta\u015f\u0131mak i\u00e7in \u00e7ok \u00f6nemlidir. Kaz\u0131 i\u00e7in gerekli olan kald\u0131rma ve e\u011fme mekanizmalar\u0131n\u0131 sa\u011flarlar. Kaz\u0131c\u0131 ekskavat\u00f6rlerde, kep\u00e7e silindirleri kazma ve kald\u0131rmaya yard\u0131mc\u0131 olarak, engebeli araziye sahip \u015fantiyeler i\u00e7in ideal hale gelirler. <\/li>\n<li><strong>Tar\u0131m Makinalar\u0131:<\/strong> Kep\u00e7e silindirleri, toprak, saman ve di\u011fer malzemeleri kep\u00e7eyle almak, kald\u0131rmak ve ta\u015f\u0131mak i\u00e7in kullan\u0131lan \u00f6n y\u00fckleyicilerde kullan\u0131l\u0131r. \u00c7iftlikte a\u011f\u0131r y\u00fckleri ta\u015f\u0131mak i\u00e7in gerekli kald\u0131rma ve devirme mekanizmalar\u0131n\u0131 sa\u011flarlar. <\/li>\n<li><strong>Ekskavat\u00f6rler:<\/strong> Kep\u00e7eli silindirler, kep\u00e7enin topra\u011fa n\u00fcfuz etmesini sa\u011flayarak kaz\u0131 i\u015flemini ger\u00e7ekle\u015ftirir. Hendek veya temel kazmak, binalar\u0131 veya di\u011fer yap\u0131lar\u0131 y\u0131kmak i\u00e7in vazge\u00e7ilmezdirler.<\/li>\n<li><strong>Y\u00fckleyiciler:<\/strong> \u00d6n y\u00fckleyicilerde, kova silindirleri mallar\u0131n etkili bir \u015fekilde kald\u0131r\u0131lmas\u0131na ve devrilmesine yard\u0131mc\u0131 olarak, onlar\u0131 a\u011f\u0131r y\u00fcklerin y\u00fcklenmesi ve bo\u015falt\u0131lmas\u0131 i\u00e7in ideal hale getirir. <\/li>\n<\/ul>\n<h2>Tasar\u0131m Hususlar\u0131 ve Se\u00e7im Kriterleri<\/h2>\n<p>Kova silindirinin tasar\u0131m\u0131nda dikkate al\u0131nmas\u0131 gereken \u00e7e\u015fitli hususlar ve se\u00e7im kriterleri a\u015fa\u011f\u0131da a\u00e7\u0131klanm\u0131\u015ft\u0131r:<\/p>\n<ul>\n<li><strong>Ta\u015f\u0131ma Kapasitesi:<\/strong> Kep\u00e7e silindiri, kald\u0131rd\u0131\u011f\u0131 veya devirdi\u011fi y\u00fck\u00fcn a\u011f\u0131rl\u0131\u011f\u0131n\u0131 ve bas\u0131nc\u0131n\u0131 kald\u0131rabilecek kapasitede olmal\u0131d\u0131r.<\/li>\n<li><strong>S\u0131zd\u0131rmazl\u0131k:<\/strong> Kova silindiri, hidrolik s\u0131v\u0131 s\u0131z\u0131nt\u0131s\u0131n\u0131 ve kirlenmesini \u00f6nlemek i\u00e7in y\u00fcksek kaliteli contalarla tasarlanmal\u0131d\u0131r. <\/li>\n<li><strong>Dayan\u0131kl\u0131l\u0131k:<\/strong> Kep\u00e7e silindiri, a\u015f\u0131nma ve korozyon da dahil olmak \u00fczere \u015fantiyenin zorlu ko\u015fullar\u0131na dayanacak \u015fekilde tasarlanmal\u0131d\u0131r. <\/li>\n<li><strong>Emniyet:<\/strong> Kova silindiri, kilit vanalar\u0131 ve a\u015f\u0131r\u0131 y\u00fck koruma sistemleri gibi \u00f6zellikler de dahil olmak \u00fczere, g\u00fcvenlik g\u00f6z \u00f6n\u00fcnde bulundurularak tasarlanmal\u0131d\u0131r. <\/li>\n<li><strong>Bak\u0131m:<\/strong> Kova silindiri, bak\u0131m kolayl\u0131\u011f\u0131 sa\u011flayacak \u015fekilde tasarlanmal\u0131; bu, inceleme ve onar\u0131m i\u00e7in bile\u015fenlere kolay eri\u015fimi de i\u00e7ermelidir. <\/li>\n<\/ul>\n<p><img decoding=\"async\" src=\"https:\/\/www.hydraulic-cylinders.net\/wp-content\/uploads\/2025\/01\/songte-oil-pipes-and-spare-parts.webp\" alt=\"Kova Silindiri\"><\/p>\n<h2>S\u0131zd\u0131rmazl\u0131k ve Ya\u011flama<\/h2>\n<p>Kep\u00e7e silindiri, hidrolik ya\u011f s\u0131z\u0131nt\u0131s\u0131n\u0131 \u00f6nlemek i\u00e7in poli\u00fcretan ve nitril kau\u00e7uk gibi a\u015f\u0131nmaya dayan\u0131kl\u0131 malzemelerden yap\u0131lm\u0131\u015f piston contalar\u0131 ve mil contalar\u0131 gibi \u00e7e\u015fitli contalar kullan\u0131r. Silindir g\u00f6vdesi ve di\u015fli u\u00e7 y\u00fczeyi, a\u015f\u0131nma direncini art\u0131rmak i\u00e7in ince bir \u015fekilde i\u015flenmi\u015ftir. Kep\u00e7e silindirinin sorunsuz \u00e7al\u0131\u015fmas\u0131n\u0131 sa\u011flamak i\u00e7in d\u00fczenli olarak hidrolik ya\u011f ile ya\u011flama gereklidir.<\/p>\n<p><img decoding=\"async\" src=\"https:\/\/www.hydraulic-cylinders.net\/wp-content\/uploads\/2025\/01\/songte-chushion-collar.webp\" alt=\"Kova Silindiri\"><\/p>\n<h2>Muayene ve \u00d6nleyici Bak\u0131m<\/h2>\n<p>Kep\u00e7e silindirinin d\u00fczg\u00fcn \u00e7al\u0131\u015fmas\u0131 i\u00e7in d\u00fczenli kontrol ve \u00f6nleyici bak\u0131m \u015fartt\u0131r. A\u015fa\u011f\u0131da yayg\u0131n bak\u0131m g\u00f6revleri yer almaktad\u0131r:<\/p>\n<ul>\n<li><strong>D\u00fczenli Muayene:<\/strong> Silindir g\u00f6vdesini, pistonu ve contalar\u0131 a\u015f\u0131nma ve hasar a\u00e7\u0131s\u0131ndan inceleyin. <\/li>\n<li><strong>Ya\u011flama:<\/strong> Silindirin sorunsuz \u00e7al\u0131\u015fmas\u0131n\u0131 sa\u011flamak i\u00e7in d\u00fczenli aral\u0131klarla hidrolik ya\u011f ile ya\u011flay\u0131n. <\/li>\n<li><strong>Conta De\u011fi\u015fimi:<\/strong> Hidrolik s\u0131v\u0131 s\u0131z\u0131nt\u0131s\u0131n\u0131 \u00f6nlemek i\u00e7in hasarl\u0131 veya a\u015f\u0131nm\u0131\u015f contalar\u0131 derhal de\u011fi\u015ftirin. <\/li>\n<li><strong>Kalibrasyon Kontrol\u00fc:<\/strong> Silindirin belirtilen \u00f6zellikler dahilinde \u00e7al\u0131\u015ft\u0131\u011f\u0131ndan emin olmak i\u00e7in kalibrasyonunu d\u00fczenli olarak kontrol edin. <\/li>\n<\/ul>\n<p>Kep\u00e7e silindirinin do\u011fru \u00e7al\u0131\u015fmas\u0131 i\u00e7in do\u011fru montaj \u015fartt\u0131r. Silindirin do\u011fru hizalanmas\u0131 ve silindiri yerine sabitlemek i\u00e7in uygun montaj braketlerinin kullan\u0131lmas\u0131 \u00f6nemlidir. Kep\u00e7e silindirinin \u00f6mr\u00fcn\u00fc uzatmak i\u00e7in \u00f6nerilen inceleme, onar\u0131m ve de\u011fi\u015ftirme prosed\u00fcrlerine uyulmal\u0131d\u0131r.<\/p>\n<p><img decoding=\"async\" src=\"https:\/\/hzpt.com\/wp-content\/uploads\/2024\/11\/songte-company-1.webp\" alt=\"Kova Silindiri\"><\/p>\n<h2>G\u00fcvenlik ve \u00c7evresel Hususlar<\/h2>\n<p>Kova silindiri kullan\u0131l\u0131rken, kazalar\u0131 \u00f6nlemek i\u00e7in g\u00fcvenlik \u00f6nlemleri al\u0131nmal\u0131d\u0131r. Tehlikeli durumlar\u0131 \u00f6nlemek i\u00e7in kilit vanalar\u0131 ve a\u015f\u0131r\u0131 y\u00fck koruma sistemleri gibi g\u00fcvenlik \u00f6zellikleri kullan\u0131lmal\u0131d\u0131r. Hidrolik s\u0131v\u0131n\u0131n uygun \u015fekilde bertaraf edilmesi ve \u00e7evre dostu malzemelerin kullan\u0131lmas\u0131 gibi \u00e7evresel hususlar da dikkate al\u0131nmal\u0131d\u0131r.<\/p>\n<p><img decoding=\"async\" src=\"https:\/\/www.hydraulic-cylinders.net\/wp-content\/uploads\/2025\/01\/songte-bushings-with-all-kinds-of-excavator-models.webp\" alt=\"Kova Silindiri\"><\/p>\n<h2>Sorun Giderme ve Yayg\u0131n Sorunlar<\/h2>\n<p>Kep\u00e7e silindiri a\u015f\u0131nma, hasar veya yanl\u0131\u015f kullan\u0131m nedeniyle sorunlar ya\u015fayabilir. Yayg\u0131n sorunlar aras\u0131nda hidrolik s\u0131v\u0131 s\u0131z\u0131nt\u0131s\u0131, yava\u015f \u00e7al\u0131\u015fma ve yetersiz kald\u0131rma veya e\u011fme kuvveti bulunur. Okuyucular\u0131n bu sorunlar\u0131 te\u015fhis etmelerine ve \u00e7\u00f6zmelerine yard\u0131mc\u0131 olmak i\u00e7in sorun giderme ipu\u00e7lar\u0131 ve \u00e7\u00f6z\u00fcmleri sunulmal\u0131d\u0131r. Potansiyel sorunlar\u0131 en aza indirmek i\u00e7in \u00f6nleyici tedbirler de sunulmal\u0131d\u0131r.<\/p>\n<h2>\u015eirketimiz Hakk\u0131nda<\/h2>\n<p>Tam \u00fcr\u00fcn yelpazesiyle yedek hidrolik silindirler \u00fcreten bir firmay\u0131z ve bu da bizi hem yurt i\u00e7i hem de uluslararas\u0131 pazarlarda \u00f6nde gelen hidrolik silindir \u00fcreticilerinden ve toptanc\u0131lar\u0131ndan biri yapmaktad\u0131r. M\u00fckemmel kalite ilkesini benimsiyor ve geli\u015fmi\u015f \u00fcretim at\u00f6lyelerinin end\u00fcstriyel \u00fcretim y\u00f6netim stratejisine g\u00fcveniyoruz. \u015eirketimiz, at\u00f6lyenin \u00fcretim platformunu s\u00fcrekli olarak geli\u015ftiriyor, \u00fcr\u00fcn kalitesi \u00fcretim hatt\u0131n\u0131 iyile\u015ftiriyor ve g\u00fc\u00e7l\u00fc bir yarat\u0131c\u0131l\u0131k yetene\u011fine sahip. M\u00fc\u015fterilerimizin \u00e7e\u015fitli ihtiya\u00e7lar\u0131n\u0131 y\u00fcksek verimlilik, do\u011fruluk ve kaliteyle kar\u015f\u0131lamaya kendimizi adad\u0131k.<\/p>\n<p><img decoding=\"async\" src=\"https:\/\/www.hydraulic-cylinders.net\/wp-content\/uploads\/2025\/01\/songte-company-3.webp\" alt=\"Kova Silindiri\"><\/p>\n<p>Profesyonelli\u011fimiz, uluslararas\u0131 sertifikalar\u0131m\u0131z, \u00f6zelle\u015ftirilmi\u015f hizmetlerimiz, \u00fcretim ekipmanlar\u0131m\u0131z ve sat\u0131\u015f sonras\u0131 hizmetlerimizle gurur duyuyoruz. \u00dcr\u00fcnlerimiz y\u00fcksek kalite ve g\u00fcvenilir performansa sahiptir ve m\u00fc\u015fterilerimize zaman\u0131nda ve profesyonel teknik destek sa\u011fl\u0131yoruz. <\/p>\n<h2>Yazar<\/h2>\n<p>lyl<\/p>","protected":false},"excerpt":{"rendered":"<p>Introduction Bucket Cylinder For XGMA Middle Excavator XG825EL The Bucket Cylinder for XGMA Middle Excavator XG825EL is a specialized hydraulic cylinder designed to control the movement of buckets in heavy machinery such as excavators, backhoe excavators, and front-end loaders. Its main function is to facilitate the lifting, lowering, and tilting of buckets, making it easier [&hellip;]<\/p>","protected":false},"featured_media":14787,"comment_status":"open","ping_status":"closed","template":"","meta":{"_et_pb_use_builder":"","_et_pb_old_content":"","_et_gb_content_width":""},"product_brand":[],"product_cat":[1494],"product_tag":[1495,1496],"class_list":{"0":"post-15599","1":"product","2":"type-product","3":"status-publish","4":"has-post-thumbnail","6":"product_cat-bucket-cylinders","7":"product_tag-bucket-cylinders","8":"product_tag-hydraulic-cylinders","10":"first","11":"instock","12":"shipping-taxable","13":"product-type-simple"},"amp_enabled":true,"_links":{"self":[{"href":"https:\/\/www.hydraulic-cylinders.net\/tr\/wp-json\/wp\/v2\/product\/15599","targetHints":{"allow":["GET"]}}],"collection":[{"href":"https:\/\/www.hydraulic-cylinders.net\/tr\/wp-json\/wp\/v2\/product"}],"about":[{"href":"https:\/\/www.hydraulic-cylinders.net\/tr\/wp-json\/wp\/v2\/types\/product"}],"replies":[{"embeddable":true,"href":"https:\/\/www.hydraulic-cylinders.net\/tr\/wp-json\/wp\/v2\/comments?post=15599"}],"wp:featuredmedia":[{"embeddable":true,"href":"https:\/\/www.hydraulic-cylinders.net\/tr\/wp-json\/wp\/v2\/media\/14787"}],"wp:attachment":[{"href":"https:\/\/www.hydraulic-cylinders.net\/tr\/wp-json\/wp\/v2\/media?parent=15599"}],"wp:term":[{"taxonomy":"product_brand","embeddable":true,"href":"https:\/\/www.hydraulic-cylinders.net\/tr\/wp-json\/wp\/v2\/product_brand?post=15599"},{"taxonomy":"product_cat","embeddable":true,"href":"https:\/\/www.hydraulic-cylinders.net\/tr\/wp-json\/wp\/v2\/product_cat?post=15599"},{"taxonomy":"product_tag","embeddable":true,"href":"https:\/\/www.hydraulic-cylinders.net\/tr\/wp-json\/wp\/v2\/product_tag?post=15599"}],"curies":[{"name":"wp","href":"https:\/\/api.w.org\/{rel}","templated":true}]}}