{"id":15612,"date":"2025-01-19T14:44:51","date_gmt":"2025-01-19T14:44:51","guid":{"rendered":"https:\/\/www.hydraulic-cylinders.net\/product\/bucket-cylinder-for-lonking-middle-excavator-lg6215\/"},"modified":"2025-01-19T14:44:59","modified_gmt":"2025-01-19T14:44:59","slug":"bucket-cylinder-for-lonking-middle-excavator-lg6215","status":"publish","type":"product","link":"https:\/\/www.hydraulic-cylinders.net\/tr\/urun\/bucket-cylinder-for-lonking-middle-excavator-lg6215\/","title":{"rendered":"Lonking Orta Ekskavat\u00f6r LG6215 \u0130\u00e7in Kova Silindiri"},"content":{"rendered":"<h1>Lonking Orta Ekskavat\u00f6r LG6215 \u0130\u00e7in Kova Silindiri<\/h1>\n<h2>girii\u015f<\/h2>\n<h3>Kova Silindirinin Tan\u0131mlanmas\u0131<\/h3>\n<p>Kova silindiri, ekskavat\u00f6rler, kep\u00e7eli ekskavat\u00f6rler ve \u00f6n y\u00fckleyiciler gibi a\u011f\u0131r i\u015f makinelerinde kovan\u0131n hareketini kontrol etmek i\u00e7in kullan\u0131lan \u00f6zel olarak tasarlanm\u0131\u015f bir hidrolik silindirdir. Kova silindirinin temel i\u015flevi, \u00e7e\u015fitli malzeme ta\u015f\u0131ma g\u00f6revleri i\u00e7in kovan\u0131n kald\u0131r\u0131lmas\u0131n\u0131, indirilmesini ve e\u011filmesini sa\u011flamakt\u0131r. Hidrolik bir sistemde, kova silindiri, hidrolik ya\u011f bas\u0131nc\u0131n\u0131 de\u011fi\u015ftirerek kovan\u0131n hassas kontrol\u00fcn\u00fc sa\u011flar ve operat\u00f6rlerin a\u011f\u0131r y\u00fckleri verimli bir \u015fekilde ta\u015f\u0131mas\u0131na ve karma\u015f\u0131k \u00e7al\u0131\u015fma ortamlar\u0131na ve \u00e7e\u015fitli i\u015f gereksinimlerine uyum sa\u011flamas\u0131na olanak tan\u0131r.<\/p>\n<p><img decoding=\"async\" src=\"https:\/\/www.hydraulic-cylinders.net\/wp-content\/uploads\/2025\/01\/songte-company-2.webp\" alt=\"Kova Silindiri G\u00f6r\u00fcnt\u00fcs\u00fc\"><\/p>\n<h2>\u00dcr\u00fcn \u00d6zellikleri<\/h2>\n<ul>\n<li><strong>Y\u00fcksek mukavemet ve dayan\u0131kl\u0131l\u0131k:<\/strong> Genellikle y\u00fcksek mukavemetli \u00e7elik veya al\u00fcminyumdan \u00fcretilen kova silindiri, y\u00fcksek bas\u0131nca ve a\u011f\u0131r y\u00fcklere dayanabilir ve kullan\u0131m \u00f6mr\u00fcn\u00fc uzatmak i\u00e7in a\u015f\u0131nma ve korozyon direnci d\u00fc\u015f\u00fcn\u00fclerek tasarlanm\u0131\u015ft\u0131r.<\/li>\n<li><strong>Verimli hidrolik \u00e7al\u0131\u015fma:<\/strong> Hidrolik ya\u011f bas\u0131nc\u0131n\u0131 kullanarak d\u00fczg\u00fcn uzatma ve geri \u00e7ekme sa\u011flayan kova silindiri, kontrol komutlar\u0131na h\u0131zl\u0131 bir \u015fekilde yan\u0131t verebilir, g\u00fc\u00e7l\u00fc itme ve \u00e7ekme kuvveti sa\u011flayabilir ve a\u011f\u0131r y\u00fckleri ve karma\u015f\u0131k i\u015f g\u00f6revlerini idare etmek i\u00e7in uygundur.<\/li>\n<li><strong>\u00c7oklu tipler:<\/strong> Kova silindiri, farkl\u0131 operasyonel ihtiya\u00e7lar\u0131 kar\u015f\u0131lamak i\u00e7in tek etkili (sadece tek y\u00f6nde hidrolik kullanan) veya \u00e7ift etkili (her iki y\u00f6nde hidrolik kullanan) silindir olarak se\u00e7ilebilir. Baz\u0131 modeller teleskopiktir ve d\u0131\u015f boyutlar\u0131 art\u0131rmadan daha fazla uzatma olana\u011f\u0131 sa\u011flayarak, s\u0131n\u0131rl\u0131 alana sahip uygulamalar i\u00e7in uygundur.<\/li>\n<li><strong>M\u00fckemmel de\u011fi\u015ftirme:<\/strong> \u00dcr\u00fcn\u00fcm\u00fcz bu hidrolik silindirlerin m\u00fckemmel bir yedek par\u00e7as\u0131 olarak kullan\u0131labilir.<\/li>\n<\/ul>\n<p><img decoding=\"async\" src=\"https:\/\/www.hydraulic-cylinders.net\/wp-content\/uploads\/2025\/01\/songte-cylinder-head-with-all-kinds-excavator-models.webp\" alt=\"Kova Silindiri De\u011fi\u015ftirme G\u00f6rseli\"><\/p>\n<h2>Uygulamalar<\/h2>\n<h3>\u0130n\u015faat Ekipmanlar\u0131<\/h3>\n<p>Ekskavat\u00f6rlerde, toprak veya moloz kazma, y\u00fckleme ve ta\u015f\u0131ma i\u015flemlerinde kritik \u00f6neme sahiptirler. Arka kep\u00e7eli ekskavat\u00f6rlerde, kova silindiri hem kazma hem de kald\u0131rma i\u015flemlerinde yard\u0131mc\u0131 olur. \u00d6n y\u00fckleyicilerde ise, y\u00fck\u00fcn verimli bir \u015fekilde kald\u0131r\u0131lmas\u0131na ve bo\u015falt\u0131lmas\u0131na yard\u0131mc\u0131 olurlar.<\/p>\n<h3>Tar\u0131m Makinalar\u0131<\/h3>\n<p>\u00d6n y\u00fckleyicilerde toprak, saman ve di\u011fer malzemeleri kep\u00e7elemek, kald\u0131rmak ve ta\u015f\u0131mak i\u00e7in kullan\u0131l\u0131r. Ekskavat\u00f6rlerde, kova silindiri, kovan\u0131n topra\u011f\u0131 delmesini sa\u011flayarak kazma i\u015flemine olanak tan\u0131r. \u00d6n y\u00fckleyicilerde ise y\u00fck\u00fcn verimli bir \u015fekilde kald\u0131r\u0131lmas\u0131na ve bo\u015falt\u0131lmas\u0131na yard\u0131mc\u0131 olurlar.<\/p>\n<p><img decoding=\"async\" src=\"https:\/\/www.hydraulic-cylinders.net\/wp-content\/uploads\/2025\/01\/songte-bushings-with-all-kinds-of-excavator-models.webp\" alt=\"Kova Silindir Uygulamalar\u0131 G\u00f6rseli\"><\/p>\n<h2>Tasar\u0131m Hususlar\u0131 ve Se\u00e7im Kriterleri<\/h2>\n<h3>Y\u00fck ta\u015f\u0131ma kapasitesi<\/h3>\n<p>Bir kova silindiri se\u00e7erken silindirin y\u00fck ta\u015f\u0131ma kapasitesi \u00f6nemli bir husustur. Silindir, herhangi bir deformasyon veya ar\u0131za olmadan beklenen y\u00fck ve bas\u0131n\u00e7lara dayanabilmelidir.<\/p>\n<h3>S\u0131zd\u0131rmazl\u0131k ve Dayan\u0131kl\u0131l\u0131k<\/h3>\n<p>Kova silindiri, uygun hidrolik bas\u0131nc\u0131 korumak ve s\u0131z\u0131nt\u0131y\u0131 \u00f6nlemek i\u00e7in y\u00fcksek kaliteli s\u0131zd\u0131rmazl\u0131k gerektirir. Silindir, dayan\u0131kl\u0131 malzemelerden yap\u0131lmal\u0131 ve a\u015f\u0131nma ve korozyona dayan\u0131kl\u0131 olacak \u015fekilde tasarlanmal\u0131d\u0131r.<\/p>\n<h3>G\u00fcvenlik ve Bak\u0131m<\/h3>\n<p>Kova silindiri g\u00fcvenlik g\u00f6z \u00f6n\u00fcnde bulundurularak tasarlanmal\u0131 ve g\u00fcvenli ve verimli \u00e7al\u0131\u015fmas\u0131n\u0131 sa\u011flamak i\u00e7in d\u00fczenli bak\u0131m yap\u0131lmal\u0131d\u0131r. Bak\u0131m\u0131, onar\u0131m\u0131 ve de\u011fi\u015ftirilmesi kolay olmal\u0131 ve kurulum ve \u00e7al\u0131\u015ft\u0131rma talimatlar\u0131 a\u00e7\u0131k olmal\u0131d\u0131r.<\/p>\n<p><img decoding=\"async\" src=\"https:\/\/www.hydraulic-cylinders.net\/wp-content\/uploads\/2025\/01\/songte-oil-pipes-and-spare-parts.webp\" alt=\"Kova Silindir Tasar\u0131m G\u00f6rseli\"><\/p>\n<h2>S\u0131zd\u0131rmazl\u0131k ve Ya\u011flama<\/h2>\n<p>Kova silindiri, poli\u00fcretan ve nitril kau\u00e7uk gibi a\u015f\u0131nmaya dayan\u0131kl\u0131 malzemelerden yap\u0131lm\u0131\u015f piston contalar\u0131, piston kolu contalar\u0131 ve silecek lastikleri gibi \u00e7e\u015fitli s\u0131zd\u0131rmazl\u0131k bile\u015fenlerine ihtiya\u00e7 duyar. Silindir g\u00f6vdesi ve di\u015fli u\u00e7 y\u00fczeyi, a\u015f\u0131nma direncini art\u0131rmak i\u00e7in hassas bir \u015fekilde i\u015flenmelidir. Sorunsuz \u00e7al\u0131\u015fma i\u00e7in uygun miktarda hidrolik ya\u011f ile d\u00fczenli ya\u011flama da gereklidir.<\/p>\n<h2>Bak\u0131m ve Onar\u0131m<\/h2>\n<p>D\u00fczenli bak\u0131m ve uygun onar\u0131m prosed\u00fcrleri, kova silindirinin hizmet \u00f6mr\u00fcn\u00fc uzatabilir. Yayg\u0131n bak\u0131m g\u00f6revleri aras\u0131nda d\u00fczenli muayene, yeterli ya\u011flama, conta de\u011fi\u015fimi ve kalibrasyon kontrolleri yer al\u0131r. Do\u011fru montaj, ya\u011flama ve ayar, d\u00fczg\u00fcn \u00e7al\u0131\u015fma i\u00e7in kritik \u00f6neme sahiptir. Montaj s\u0131ras\u0131nda do\u011fru hizalama k\u0131lavuzu sa\u011flanmal\u0131 ve silindiri sabitlemek i\u00e7in uygun montaj braketleri kullan\u0131lmal\u0131d\u0131r. Kova silindirinin hizmet \u00f6mr\u00fcn\u00fc uzatmak i\u00e7in \u00f6nerilen muayene, onar\u0131m ve de\u011fi\u015ftirme prosed\u00fcrleri izlenmeli ve par\u00e7a de\u011fi\u015fimi ve yeniden yap\u0131m hizmetleri sa\u011flanmal\u0131d\u0131r.<\/p>\n<p><img decoding=\"async\" src=\"https:\/\/www.hydraulic-cylinders.net\/wp-content\/uploads\/2025\/01\/songte-chushion-collar.webp\" alt=\"Kova Silindiri Bak\u0131m G\u00f6rseli\"><\/p>\n<h2>G\u00fcvenlik ve \u00c7evresel Hususlar<\/h2>\n<p>Kova silindiri kullan\u0131l\u0131rken, operat\u00f6rleri ve \u00e7evredekileri olas\u0131 tehlikelerden korumak i\u00e7in g\u00fcvenlik \u00f6nlemleri al\u0131nmal\u0131d\u0131r. Silindir, g\u00fcvenli y\u00fck aral\u0131\u011f\u0131nda \u00e7al\u0131\u015ft\u0131r\u0131lmal\u0131 ve operat\u00f6rler ekipman\u0131 do\u011fru \u015fekilde kullanma konusunda e\u011fitilmelidir. Kirlenmeyi ve \u00e7evresel hasar\u0131 \u00f6nlemek i\u00e7in kullan\u0131lm\u0131\u015f hidrolik ya\u011f\u0131n uygun \u015fekilde bertaraf edilmesi gerekir.<\/p>\n<h2>Yayg\u0131n Ar\u0131za Te\u015fhisi ve Sorun Giderme<\/h2>\n<p>Kova silindirlerindeki yayg\u0131n ar\u0131zalar aras\u0131nda s\u0131z\u0131nt\u0131, yetersiz bas\u0131n\u00e7 ve yava\u015f \u00e7al\u0131\u015fma yer al\u0131r. Bu sorunlar, ar\u0131zal\u0131 bile\u015fenlerin dikkatli bir \u015fekilde incelenmesi ve de\u011fi\u015ftirilmesiyle te\u015fhis edilebilir ve \u00e7\u00f6z\u00fclebilir. Olas\u0131 sorunlar\u0131 en aza indirmek i\u00e7in uygun onar\u0131m prosed\u00fcrlerini ve \u00f6nleyici tedbirleri takip etmek \u00f6nemlidir.<\/p>\n<p><img decoding=\"async\" src=\"https:\/\/hzpt.com\/wp-content\/uploads\/2024\/11\/songte-company-1.webp\" alt=\"Kova Silindiri Sorun Giderme G\u00f6r\u00fcnt\u00fcs\u00fc\"><\/p>\n<h2>\u015eirketimiz Hakk\u0131nda<\/h2>\n<p>Yurt i\u00e7i ve yurt d\u0131\u015f\u0131 pazarlarda lider bir hidrolik silindir \u00fcreticisi ve toptanc\u0131s\u0131y\u0131z ve hidrolik silindirlerin de\u011fi\u015ftirilmesinde uzmanla\u015f\u0131yoruz. \u015eirketimiz geni\u015f bir \u00fcr\u00fcn yelpazesi sunmakta ve m\u00fckemmel kaliteyi ilke edinmektedir. At\u00f6lyenin \u00fcretim platformunu s\u00fcrekli iyile\u015ftirmek, \u00fcr\u00fcnlerin \u00fcretim kalitesini art\u0131rmak ve y\u00fcksek verimlilik, y\u00fcksek hassasiyet ve y\u00fcksek kalite ilkeleriyle m\u00fc\u015fterilerin \u00e7e\u015fitli ihtiya\u00e7lar\u0131n\u0131 kar\u015f\u0131lamak i\u00e7in g\u00fc\u00e7l\u00fc bir yarat\u0131c\u0131l\u0131\u011fa sahip olmak i\u00e7in, kaliteli \u00fcretim at\u00f6lyelerinin end\u00fcstriyel \u00fcretim y\u00f6netimi stratejisine g\u00fcveniyoruz. Profesyonel, uluslararas\u0131 sertifikal\u0131 ve \u00f6zelle\u015ftirilmi\u015f hizmetler sunuyor ve \u00fcr\u00fcnlerimizin kalitesini garanti alt\u0131na almak i\u00e7in geli\u015fmi\u015f \u00fcretim ekipmanlar\u0131 ve profesyonel test sistemleri kullan\u0131yoruz. \u015eirketimiz ayr\u0131ca, \u00fcr\u00fcnlerimizin uzun \u00f6m\u00fcrl\u00fc olmas\u0131n\u0131 sa\u011flamak i\u00e7in par\u00e7a de\u011fi\u015fimi ve yeniden \u00fcretim hizmetleri gibi sat\u0131\u015f sonras\u0131 hizmetler de sunmaktad\u0131r.<\/p>\n<p><img decoding=\"async\" src=\"https:\/\/www.hydraulic-cylinders.net\/wp-content\/uploads\/2025\/01\/songte-company-3.webp\" alt=\"\u015eirket \u0130maj\u0131\"><\/p>\n<p>Lyl taraf\u0131ndan yaz\u0131ld\u0131.<\/p>","protected":false},"excerpt":{"rendered":"<p>Bucket Cylinder For Lonking Middle Excavator LG6215 Introduction Defining Bucket Cylinder The bucket cylinder is a specially designed hydraulic cylinder that is primarily used to control the movement of the bucket in heavy machinery such as excavators, backhoe excavators, and front loaders. The main function of the bucket cylinder is to enable the bucket to [&hellip;]<\/p>","protected":false},"featured_media":14789,"comment_status":"open","ping_status":"closed","template":"","meta":{"_et_pb_use_builder":"","_et_pb_old_content":"","_et_gb_content_width":""},"product_brand":[],"product_cat":[1494],"product_tag":[1495,1496],"class_list":{"0":"post-15612","1":"product","2":"type-product","3":"status-publish","4":"has-post-thumbnail","6":"product_cat-bucket-cylinders","7":"product_tag-bucket-cylinders","8":"product_tag-hydraulic-cylinders","10":"first","11":"instock","12":"shipping-taxable","13":"product-type-simple"},"amp_enabled":true,"_links":{"self":[{"href":"https:\/\/www.hydraulic-cylinders.net\/tr\/wp-json\/wp\/v2\/product\/15612","targetHints":{"allow":["GET"]}}],"collection":[{"href":"https:\/\/www.hydraulic-cylinders.net\/tr\/wp-json\/wp\/v2\/product"}],"about":[{"href":"https:\/\/www.hydraulic-cylinders.net\/tr\/wp-json\/wp\/v2\/types\/product"}],"replies":[{"embeddable":true,"href":"https:\/\/www.hydraulic-cylinders.net\/tr\/wp-json\/wp\/v2\/comments?post=15612"}],"wp:featuredmedia":[{"embeddable":true,"href":"https:\/\/www.hydraulic-cylinders.net\/tr\/wp-json\/wp\/v2\/media\/14789"}],"wp:attachment":[{"href":"https:\/\/www.hydraulic-cylinders.net\/tr\/wp-json\/wp\/v2\/media?parent=15612"}],"wp:term":[{"taxonomy":"product_brand","embeddable":true,"href":"https:\/\/www.hydraulic-cylinders.net\/tr\/wp-json\/wp\/v2\/product_brand?post=15612"},{"taxonomy":"product_cat","embeddable":true,"href":"https:\/\/www.hydraulic-cylinders.net\/tr\/wp-json\/wp\/v2\/product_cat?post=15612"},{"taxonomy":"product_tag","embeddable":true,"href":"https:\/\/www.hydraulic-cylinders.net\/tr\/wp-json\/wp\/v2\/product_tag?post=15612"}],"curies":[{"name":"wp","href":"https:\/\/api.w.org\/{rel}","templated":true}]}}