{"id":15615,"date":"2025-01-19T14:45:13","date_gmt":"2025-01-19T14:45:13","guid":{"rendered":"https:\/\/www.hydraulic-cylinders.net\/product\/bucket-cylinder-for-lonking-middle-excavator-lg6225h\/"},"modified":"2025-01-19T14:45:15","modified_gmt":"2025-01-19T14:45:15","slug":"bucket-cylinder-for-lonking-middle-excavator-lg6225h","status":"publish","type":"product","link":"https:\/\/www.hydraulic-cylinders.net\/tr\/urun\/bucket-cylinder-for-lonking-middle-excavator-lg6225h\/","title":{"rendered":"Lonking Orta Ekskavat\u00f6r LG6225H \u0130\u00e7in Kova Silindiri"},"content":{"rendered":"<h1>Lonking Orta Ekskavat\u00f6r LG6225H \u0130\u00e7in Kova Silindiri<\/h1>\n<h2>girii\u015f<\/h2>\n<p>Kova silindiri, ekskavat\u00f6rler, bekolu y\u00fckleyiciler ve \u00f6n y\u00fckleyiciler gibi a\u011f\u0131r i\u015f makinelerinde kovan\u0131n hareketini kontrol etmek i\u00e7in kullan\u0131lan \u00f6zel bir hidrolik silindirdir. Ana i\u015flevi, kovan\u0131n kald\u0131rma, indirme ve yat\u0131rma i\u015flemlerini ger\u00e7ekle\u015ftirerek \u00e7e\u015fitli malzeme ta\u015f\u0131ma g\u00f6revlerinin daha kolay yap\u0131lmas\u0131n\u0131 sa\u011flamakt\u0131r. Hidrolik sistemde kova silindiri, hidrolik ya\u011f bas\u0131nc\u0131ndaki de\u011fi\u015fikliklerle kovan\u0131n hassas kontrol\u00fcn\u00fc sa\u011flayarak operat\u00f6rlerin a\u011f\u0131r y\u00fckleri verimli bir \u015fekilde ta\u015f\u0131mas\u0131n\u0131 ve karma\u015f\u0131k \u00e7al\u0131\u015fma ortamlar\u0131na ve \u00e7e\u015fitli operasyonel taleplere uyum sa\u011flamas\u0131n\u0131 m\u00fcmk\u00fcn k\u0131lar.<\/p>\n<p><img decoding=\"async\" src=\"https:\/\/www.hydraulic-cylinders.net\/wp-content\/uploads\/2025\/01\/songte-company-2.webp\"\/><\/p>\n<h2>\u00d6zellikler<\/h2>\n<ul>\n<li>Y\u00fcksek mukavemet ve dayan\u0131kl\u0131l\u0131k: Genellikle y\u00fcksek mukavemetli \u00e7elik veya al\u00fcminyumdan yap\u0131l\u0131r, y\u00fcksek bas\u0131nca ve a\u011f\u0131r y\u00fcklere dayanabilir, zorlu \u00e7al\u0131\u015fma ortamlar\u0131na uygundur ve hizmet \u00f6mr\u00fcn\u00fc uzatmak i\u00e7in a\u015f\u0131nma ve korozyon direnci ile tasarlanm\u0131\u015ft\u0131r.<\/li>\n<li>Verimli hidrolik \u00e7al\u0131\u015fma: P\u00fcr\u00fczs\u00fcz uzatma ve geri \u00e7ekme hareketlerini ger\u00e7ekle\u015ftirmek i\u00e7in hidrolik ya\u011f bas\u0131nc\u0131n\u0131 kullan\u0131r, kontrol komutlar\u0131na h\u0131zl\u0131 bir \u015fekilde yan\u0131t verebilir, g\u00fc\u00e7l\u00fc itme ve \u00e7ekme kuvvetleri sa\u011flayabilir ve a\u011f\u0131r y\u00fckleri ve karma\u015f\u0131k i\u015f g\u00f6revlerini idare etmek i\u00e7in uygundur.<\/li>\n<li>\u00c7e\u015fitli tipler: Farkl\u0131 operasyonel gereksinimleri kar\u015f\u0131lamak i\u00e7in ihtiyaca g\u00f6re tek etkili (sadece bir y\u00f6nde hidrolik kullan\u0131lan) veya \u00e7ift etkili (her iki y\u00f6nde hidrolik kullan\u0131lan) silindirler se\u00e7ilebilir; baz\u0131 modeller teleskopiktir, d\u0131\u015f boyutlar\u0131 artt\u0131rmadan daha fazla uzatmaya izin verir, s\u0131n\u0131rl\u0131 alana sahip uygulamalar i\u00e7in uygundur.<\/li>\n<li>De\u011fi\u015ftirilebilir \u00fcr\u00fcn: \u00dcr\u00fcn\u00fcm\u00fcz bu hidrolik silindirlerin yerini m\u00fckemmel \u015fekilde alabilir.<\/li>\n<li>\u00d6zelle\u015ftirilebilir tasar\u0131m: M\u00fc\u015fterilerin ihtiya\u00e7lar\u0131na g\u00f6re, silindir \u00e7ap\u0131, strok uzunlu\u011fu ve di\u011fer \u00f6zellikler dahil olmak \u00fczere, belirli uygulama gereksinimlerini kar\u015f\u0131lamak \u00fczere tasar\u0131m\u0131 \u00f6zelle\u015ftirebiliriz.<\/li>\n<\/ul>\n<p><img decoding=\"async\" src=\"https:\/\/www.hydraulic-cylinders.net\/wp-content\/uploads\/2025\/01\/songte-cylinder-head-with-all-kinds-excavator-models.webp\"\/><\/p>\n<h2>Uygulamalar<\/h2>\n<p>Kova silindirleri, a\u015fa\u011f\u0131dakiler de dahil olmak \u00fczere \u00e7e\u015fitli a\u011f\u0131r makinelerde yayg\u0131n olarak kullan\u0131l\u0131r:<\/p>\n<h3>\u0130n\u015faat Ekipmanlar\u0131<\/h3>\n<p>Ekskavat\u00f6rlerde kazma, y\u00fckleme ve toprak veya moloz ta\u015f\u0131ma i\u015flerinde vazge\u00e7ilmezdirler. Beko-loderlerde ise kova silindirleri hem kazma hem de kald\u0131rma i\u015flerinde yard\u0131mc\u0131 olur. <\/p>\n<h3>Tar\u0131m Makinalar\u0131<\/h3>\n<p>\u00d6n y\u00fckleyicilerde toprak, saman ve di\u011fer malzemelerin kep\u00e7elenmesi, kald\u0131r\u0131lmas\u0131 ve ta\u015f\u0131nmas\u0131 i\u00e7in kullan\u0131l\u0131r.<\/p>\n<h3>Ekskavat\u00f6rler<\/h3>\n<p>Kova silindirleri, kovan\u0131n topra\u011fa n\u00fcfuz etmesini sa\u011flayarak kazma eylemini ger\u00e7ekle\u015ftirir.<\/p>\n<h3>Y\u00fckleyiciler<\/h3>\n<p>\u00d6n y\u00fckleyicilerde kova silindirleri, y\u00fck\u00fcn etkili bir \u015fekilde kald\u0131r\u0131lmas\u0131na ve bo\u015falt\u0131lmas\u0131na yard\u0131mc\u0131 olur.<\/p>\n<h2>Tasar\u0131m Hususlar\u0131 ve Se\u00e7im Kriterleri<\/h2>\n<p>Kova silindirlerini se\u00e7erken ve tasarlarken a\u015fa\u011f\u0131daki temel fakt\u00f6rler g\u00f6z \u00f6n\u00fcnde bulundurulmal\u0131d\u0131r:<\/p>\n<h3>Y\u00fck Ta\u015f\u0131ma Kapasitesi<\/h3>\n<p>Silindirin a\u011f\u0131r y\u00fckleri kald\u0131rabilme ve y\u00fcksek bas\u0131nca dayanabilme yetene\u011fi.<\/p>\n<h3>S\u0131zd\u0131rmazl\u0131k<\/h3>\n<p>Piston contalar\u0131 ve biyel contalar\u0131 gibi \u00e7e\u015fitli s\u0131zd\u0131rmazl\u0131k elemanlar\u0131, s\u0131zd\u0131rmazl\u0131k performans\u0131n\u0131 sa\u011flamak ve hizmet \u00f6mr\u00fcn\u00fc uzatmak i\u00e7in poli\u00fcretan ve nitril kau\u00e7uk gibi a\u015f\u0131nmaya dayan\u0131kl\u0131 malzemelerden yap\u0131lmal\u0131d\u0131r.<\/p>\n<h3>Dayan\u0131kl\u0131l\u0131k<\/h3>\n<p>\u00dcr\u00fcn\u00fcn zorlu \u00e7al\u0131\u015fma ortamlar\u0131na dayan\u0131kl\u0131 olmas\u0131 ve kullan\u0131m \u00f6mr\u00fcn\u00fcn uzamas\u0131 i\u00e7in a\u015f\u0131nma ve korozyon direncine sahip olmas\u0131 gerekmektedir.<\/p>\n<h3>Emniyet<\/h3>\n<p>Silindirin tasar\u0131m\u0131nda s\u0131z\u0131nt\u0131y\u0131 \u00f6nlemek, stabiliteyi korumak ve kazalar\u0131 \u00f6nlemek gibi g\u00fcvenlik \u00f6n planda tutulmal\u0131d\u0131r.<\/p>\n<h3>Bak\u0131m<\/h3>\n<p>Bak\u0131m\u0131 ve onar\u0131m\u0131 kolay olmal\u0131, \u00fcr\u00fcn\u00fcn onar\u0131m\u0131 ve par\u00e7a de\u011fi\u015fimi i\u00e7in a\u00e7\u0131k talimatlar ve prosed\u00fcrler bulunmal\u0131d\u0131r.<\/p>\n<p><img decoding=\"async\" src=\"https:\/\/www.hydraulic-cylinders.net\/wp-content\/uploads\/2025\/01\/songte-oil-pipes-and-spare-parts.webp\"\/><\/p>\n<h2>S\u0131zd\u0131rmazl\u0131k ve Ya\u011flama<\/h2>\n<p>Piston contalar\u0131 ve piston kolu contalar\u0131 gibi \u00e7e\u015fitli s\u0131zd\u0131rmazl\u0131k bile\u015fenleri, s\u0131zd\u0131rmazl\u0131k performans\u0131n\u0131 sa\u011flamak ve hizmet \u00f6mr\u00fcn\u00fc uzatmak i\u00e7in poli\u00fcretan ve nitril kau\u00e7uk gibi a\u015f\u0131nmaya dayan\u0131kl\u0131 malzemelerden yap\u0131lmal\u0131d\u0131r. Silindir g\u00f6vdesi ve di\u015fli ucu y\u00fczeyi, a\u015f\u0131nma direncini art\u0131rmak i\u00e7in hassas bir \u015fekilde i\u015flenmelidir. Silindirin sorunsuz \u00e7al\u0131\u015fmas\u0131n\u0131 sa\u011flamak ve \u00fcr\u00fcn\u00fcn hizmet \u00f6mr\u00fcn\u00fc uzatmak i\u00e7in hidrolik ya\u011f ile d\u00fczenli ya\u011flama gereklidir.<\/p>\n<h2>Bak\u0131m ve Onar\u0131m<\/h2>\n<p>Sorunsuz bir \u00e7al\u0131\u015fma sa\u011flamak i\u00e7in d\u00fczenli kontroller ve \u00f6nleyici bak\u0131m \u00f6nlemleri gereklidir. Yayg\u0131n bak\u0131m g\u00f6revleri \u015funlard\u0131r:<\/p>\n<h3>D\u00fczenli Muayene<\/h3>\n<p>Silindir g\u00f6vdesini, pistonu ve \u00e7ubu\u011funu a\u015f\u0131nma ve hasar a\u00e7\u0131s\u0131ndan inceleyin. Silindirin temiz ve kal\u0131nt\u0131, kir veya pastan ar\u0131nm\u0131\u015f oldu\u011fundan emin olun.<\/p>\n<h3>Ya\u011flama<\/h3>\n<p>S\u00fcrt\u00fcnmeyi azaltmak ve a\u015f\u0131nma ve y\u0131pranmay\u0131 \u00f6nlemek i\u00e7in silindirin hidrolik ya\u011f ile yeterli \u015fekilde ya\u011fland\u0131\u011f\u0131ndan emin olun.<\/p>\n<h3>Conta De\u011fi\u015fimi<\/h3>\n<p>S\u0131z\u0131nt\u0131y\u0131 \u00f6nlemek ve servis \u00f6mr\u00fcn\u00fc uzatmak i\u00e7in a\u015f\u0131nm\u0131\u015f veya hasarl\u0131 contalar\u0131 de\u011fi\u015ftirin.<\/p>\n<p>Silindirin do\u011fru \u015fekilde tak\u0131lmas\u0131, d\u00fczg\u00fcn \u00e7al\u0131\u015fmas\u0131 i\u00e7in olmazsa olmazd\u0131r. Silindirin do\u011fru \u015fekilde hizalanmas\u0131, silindiri sabitlemek i\u00e7in uygun montaj braketlerinin kullan\u0131lmas\u0131 ve \u00f6nerilen muayene, onar\u0131m ve de\u011fi\u015ftirme prosed\u00fcrlerinin izlenmesi, \u00fcr\u00fcn\u00fcn kullan\u0131m \u00f6mr\u00fcn\u00fc uzatabilir.<\/p>\n<p><img decoding=\"async\" src=\"https:\/\/www.hydraulic-cylinders.net\/wp-content\/uploads\/2025\/01\/songte-chushion-collar.webp\"\/><\/p>\n<h2>G\u00fcvenlik Hususlar\u0131 ve \u00c7evresel Fakt\u00f6rler<\/h2>\n<p>Kova silindirleri kullan\u0131l\u0131rken, kazalar\u0131 \u00f6nlemek i\u00e7in g\u00fcvenlik \u00f6nlemleri al\u0131nmal\u0131d\u0131r. Bunlar aras\u0131nda do\u011fru kurulum, d\u00fczenli kontrol ve bak\u0131m ile ki\u015fisel koruyucu ekipmanlar\u0131n do\u011fru kullan\u0131m\u0131 yer al\u0131r. Silindirin d\u00fczg\u00fcn \u00e7al\u0131\u015fmas\u0131n\u0131 sa\u011flamak ve \u00fcr\u00fcn\u00fcn kullan\u0131m \u00f6mr\u00fcn\u00fc uzatmak i\u00e7in s\u0131cakl\u0131k, nem ve kirlilik gibi \u00e7evresel fakt\u00f6rler de dikkate al\u0131nmal\u0131d\u0131r.<\/p>\n<h2>Yayg\u0131n Sorunlar ve Sorun Giderme<\/h2>\n<p>Kova silindirleriyle ilgili yayg\u0131n sorunlar aras\u0131nda s\u0131z\u0131nt\u0131, silindir kaymas\u0131 ve tam geri \u00e7ekilmeme veya uzamama yer al\u0131r. Bu sorunlar g\u00f6rsel inceleme ve uygun testlerle te\u015fhis edilebilir. Uygun sorun giderme teknikleri, sorunun temel nedenini belirlemeyi, silindiri incelemeyi ve gerekli onar\u0131m veya de\u011fi\u015fimleri yapmay\u0131 i\u00e7erir.<\/p>\n<p>Olas\u0131 sorunlar\u0131n \u00f6nlenmesi i\u00e7in al\u0131nabilecek \u00f6nlemler aras\u0131nda d\u00fczenli bak\u0131m, uygun kullan\u0131m ve depolama, silindirin ta\u015f\u0131ma kapasitesinin \u00f6tesinde a\u015f\u0131r\u0131 y\u00fcklenmesinin \u00f6nlenmesi yer al\u0131r.<\/p>\n<p><img decoding=\"async\" src=\"https:\/\/www.hydraulic-cylinders.net\/wp-content\/uploads\/2025\/01\/songte-bushings-with-all-kinds-of-excavator-models.webp\"\/><\/p>\n<h2>\u015eirketimiz Hakk\u0131nda<\/h2>\n<p>Hidrolik silindir \u00fcreticisiyiz ve geni\u015f \u00fcr\u00fcn yelpazemiz bizi hem yurt i\u00e7i hem de yurt d\u0131\u015f\u0131 pazarlarda lider hidrolik silindir \u00fcreticilerinden ve toptan da\u011f\u0131t\u0131c\u0131lar\u0131ndan biri haline getiriyor. M\u00fckemmel kalite ilkesine ba\u011fl\u0131 kal\u0131yor ve hassas \u00fcretim at\u00f6lyelerinde end\u00fcstriyel \u00fcretim y\u00f6netimi stratejilerine g\u00fcveniyoruz. Teknolojik yetenekleri, dijital ileri teknoloji \u00fcretim ekipmanlar\u0131 ve profesyonel test sistemleri kullanarak at\u00f6lyenin \u00fcretim platformunu s\u00fcrekli geli\u015ftiriyor, \u00fcr\u00fcn\u00fcn kaliteli \u00fcretim s\u00fcrecini iyile\u015ftiriyor ve g\u00fc\u00e7l\u00fc bir yarat\u0131c\u0131l\u0131\u011fa sahibiz. \u00dcr\u00fcnlerimiz verimli, hassas ve y\u00fcksek kaliteli olup, m\u00fc\u015fterilerin \u00e7e\u015fitli ihtiya\u00e7lar\u0131n\u0131 kar\u015f\u0131layabilmektedir.<\/p>\n<h3>Profesyonellik<\/h3>\n<p>Hidrolik silindirlerin tasar\u0131m\u0131, geli\u015ftirilmesi ve \u00fcretimi konusunda uzmanla\u015fm\u0131\u015f m\u00fchendis ve teknisyenlerden olu\u015fan profesyonel bir ekibimiz var.<\/p>\n<h3>Uluslararas\u0131 Sertifikasyon<\/h3>\n<p>\u00dcr\u00fcnlerimiz ISO 9001, CE ve RoHS gibi \u00e7e\u015fitli uluslararas\u0131 sertifikalara sahiptir.<\/p>\n<h3>\u00d6zelle\u015ftirme Hizmetleri<\/h3>\n<p>Firmam\u0131z silindir \u00e7ap\u0131, strok uzunlu\u011fu ve di\u011fer \u00f6zellikler dahil olmak \u00fczere farkl\u0131 m\u00fc\u015fteri ihtiya\u00e7lar\u0131na g\u00f6re \u00f6zelle\u015ftirilmi\u015f tasar\u0131m ve \u00fcretim hizmetleri sunmaktad\u0131r. <\/p>\n<h3>\u00dcretim Ekipmanlar\u0131<\/h3>\n<p>Y\u00fcksek kaliteli \u00fcr\u00fcnler sa\u011flamak i\u00e7in CNC torna tezgahlar\u0131, kaynak makineleri ve test ekipmanlar\u0131 dahil olmak \u00fczere geli\u015fmi\u015f \u00fcretim ekipmanlar\u0131 ve teknolojisi kullan\u0131yoruz.<\/p>\n<h3>Sat\u0131\u015f Sonras\u0131 Hizmet<\/h3>\n<p>M\u00fc\u015fteri memnuniyetini sa\u011flamak i\u00e7in teknik destek, bak\u0131m ve onar\u0131m hizmetleri veriyoruz.<\/p>\n<p><img decoding=\"async\" src=\"https:\/\/hzpt.com\/wp-content\/uploads\/2024\/11\/songte-company-1.webp\"\/><\/p>\n<p>Yazar: lyl<\/p>","protected":false},"excerpt":{"rendered":"<p>Bucket Cylinder For Lonking Middle Excavator LG6225H Introduction A bucket cylinder is a specialized hydraulic cylinder used to control the movement of a bucket in heavy machinery such as excavators, backhoes, and front-end loaders. Its main function is to allow the bucket to lift, lower, and tilt, making it easier to handle various material handling [&hellip;]<\/p>","protected":false},"featured_media":14785,"comment_status":"open","ping_status":"closed","template":"","meta":{"_et_pb_use_builder":"","_et_pb_old_content":"","_et_gb_content_width":""},"product_brand":[],"product_cat":[1494],"product_tag":[1495,1496],"class_list":{"0":"post-15615","1":"product","2":"type-product","3":"status-publish","4":"has-post-thumbnail","6":"product_cat-bucket-cylinders","7":"product_tag-bucket-cylinders","8":"product_tag-hydraulic-cylinders","10":"first","11":"instock","12":"shipping-taxable","13":"product-type-simple"},"amp_enabled":true,"_links":{"self":[{"href":"https:\/\/www.hydraulic-cylinders.net\/tr\/wp-json\/wp\/v2\/product\/15615","targetHints":{"allow":["GET"]}}],"collection":[{"href":"https:\/\/www.hydraulic-cylinders.net\/tr\/wp-json\/wp\/v2\/product"}],"about":[{"href":"https:\/\/www.hydraulic-cylinders.net\/tr\/wp-json\/wp\/v2\/types\/product"}],"replies":[{"embeddable":true,"href":"https:\/\/www.hydraulic-cylinders.net\/tr\/wp-json\/wp\/v2\/comments?post=15615"}],"wp:featuredmedia":[{"embeddable":true,"href":"https:\/\/www.hydraulic-cylinders.net\/tr\/wp-json\/wp\/v2\/media\/14785"}],"wp:attachment":[{"href":"https:\/\/www.hydraulic-cylinders.net\/tr\/wp-json\/wp\/v2\/media?parent=15615"}],"wp:term":[{"taxonomy":"product_brand","embeddable":true,"href":"https:\/\/www.hydraulic-cylinders.net\/tr\/wp-json\/wp\/v2\/product_brand?post=15615"},{"taxonomy":"product_cat","embeddable":true,"href":"https:\/\/www.hydraulic-cylinders.net\/tr\/wp-json\/wp\/v2\/product_cat?post=15615"},{"taxonomy":"product_tag","embeddable":true,"href":"https:\/\/www.hydraulic-cylinders.net\/tr\/wp-json\/wp\/v2\/product_tag?post=15615"}],"curies":[{"name":"wp","href":"https:\/\/api.w.org\/{rel}","templated":true}]}}