{"id":15641,"date":"2025-01-19T14:47:08","date_gmt":"2025-01-19T14:47:08","guid":{"rendered":"https:\/\/www.hydraulic-cylinders.net\/product\/bucket-cylinder-for-liebherr-large-excavator-r970s\/"},"modified":"2025-01-19T14:47:10","modified_gmt":"2025-01-19T14:47:10","slug":"bucket-cylinder-for-liebherr-large-excavator-r970s","status":"publish","type":"product","link":"https:\/\/www.hydraulic-cylinders.net\/tr\/urun\/bucket-cylinder-for-liebherr-large-excavator-r970s\/","title":{"rendered":"Liebherr R970S B\u00fcy\u00fck Ekskavat\u00f6r \u0130\u00e7in Kep\u00e7e Silindiri"},"content":{"rendered":"<h1>Liebherr R970S B\u00fcy\u00fck Ekskavat\u00f6r \u0130\u00e7in Kep\u00e7e Silindiri<\/h1>\n<h2>girii\u015f<\/h2>\n<p>Liebherr R970S b\u00fcy\u00fck ekskavat\u00f6r i\u00e7in \u00f6zel olarak tasarlanm\u0131\u015f kep\u00e7e silindiri, ekskavat\u00f6rler, kaz\u0131c\u0131 ekskavat\u00f6rler ve \u00f6n y\u00fckleyiciler gibi a\u011f\u0131r makinelerde kep\u00e7enin hareketini kontrol etmek i\u00e7in kullan\u0131l\u0131r. Ana i\u015flevi, kep\u00e7enin kald\u0131r\u0131lmas\u0131n\u0131, indirilmesini ve e\u011filmesini sa\u011flayarak \u00e7e\u015fitli malzeme ta\u015f\u0131ma g\u00f6revlerini kolayla\u015ft\u0131rmakt\u0131r. Hidrolik sistemde, kep\u00e7e silindiri hidrolik ya\u011f bas\u0131nc\u0131n\u0131 de\u011fi\u015ftirerek kep\u00e7enin hassas hareketini kontrol eder ve operat\u00f6rlerin a\u011f\u0131r y\u00fckleri verimli bir \u015fekilde ta\u015f\u0131mas\u0131na, karma\u015f\u0131k \u00e7al\u0131\u015fma ortamlar\u0131na ve \u00e7e\u015fitli operasyonel ihtiya\u00e7lara uyum sa\u011flamas\u0131na olanak tan\u0131r.<\/p>\n<p><img decoding=\"async\" src=\"https:\/\/www.hydraulic-cylinders.net\/wp-content\/uploads\/2025\/01\/songte-company-2.webp\" alt=\"Kova Silindiri G\u00f6r\u00fcnt\u00fcs\u00fc\"><\/p>\n<h2>\u00d6zellikler<\/h2>\n<ul>\n<li>Y\u00fcksek mukavemet ve dayan\u0131kl\u0131l\u0131k: Genellikle y\u00fcksek mukavemetli \u00e7elik veya al\u00fcminyumdan \u00fcretilen bu malzeme, y\u00fcksek bas\u0131nca ve a\u011f\u0131r y\u00fcklere dayanabilir, zorlu \u00e7al\u0131\u015fma ortamlar\u0131na uyum sa\u011flayabilir ve kullan\u0131m \u00f6mr\u00fcn\u00fc uzatmak i\u00e7in a\u015f\u0131nma direnci ve korozyon direnci g\u00f6z \u00f6n\u00fcnde bulundurularak tasarlanm\u0131\u015ft\u0131r.<\/li>\n<li>Verimli hidrolik \u00e7al\u0131\u015fma: Hidrolik ya\u011f bas\u0131nc\u0131 kullan\u0131larak d\u00fczg\u00fcn uzatma ve daralma hareketleri sa\u011flan\u0131r ve kontrol komutlar\u0131na h\u0131zl\u0131 bir \u015fekilde yan\u0131t vererek a\u011f\u0131r y\u00fcklerin ve karma\u015f\u0131k operasyonel g\u00f6revlerin \u00fcstesinden gelmek i\u00e7in uygun g\u00fc\u00e7l\u00fc itme ve \u00e7ekme kuvvetleri sunar.<\/li>\n<li>\u00c7e\u015fitli tipler: Farkl\u0131 \u00e7al\u0131\u015fma gereksinimlerini kar\u015f\u0131lamak i\u00e7in ihtiya\u00e7lara g\u00f6re tek etkili (hidrolik sadece tek y\u00f6nde kullan\u0131l\u0131r) veya \u00e7ift etkili (hidrolik iki y\u00f6nde kullan\u0131l\u0131r) silindirler se\u00e7ilebilir. Baz\u0131 modeller teleskopiktir ve d\u0131\u015f boyutlar\u0131 art\u0131rmadan daha fazla uzatmaya olanak tan\u0131yarak, s\u0131n\u0131rl\u0131 alan gerektiren uygulamalar i\u00e7in uygundur.<\/li>\n<li>Hidrolik silindirin yerine kullan\u0131labilir: \u00dcr\u00fcn\u00fcm\u00fcz bu hidrolik silindirlerin yerine m\u00fckemmel \u015fekilde ge\u00e7ebilir.<\/li>\n<\/ul>\n<p><img decoding=\"async\" src=\"https:\/\/www.hydraulic-cylinders.net\/wp-content\/uploads\/2025\/01\/songte-cylinder-head-with-all-kinds-excavator-models.webp\" alt=\"Kova Silindiri De\u011fi\u015ftirme G\u00f6rseli\"><\/p>\n<h2>Uygulamalar<\/h2>\n<p>Liebherr R970S b\u00fcy\u00fck ekskavat\u00f6r i\u00e7in kova silindiri genellikle a\u015fa\u011f\u0131daki uygulamalarda kullan\u0131l\u0131r:<\/p>\n<ul>\n<li>\u0130n\u015faat ekipmanlar\u0131: Ekskavat\u00f6rlerde, toprak veya moloz kazma, y\u00fckleme ve ta\u015f\u0131ma i\u015flemlerinde hayati \u00f6neme sahiptirler. Kaz\u0131c\u0131 ekskavat\u00f6rlerde ise kova silindirleri hem kazma hem de kald\u0131rma i\u015flemlerine yard\u0131mc\u0131 olur. <\/li>\n<li>Tar\u0131m makineleri: Toprak, saman ve di\u011fer malzemeleri kep\u00e7elemek, kald\u0131rmak ve ta\u015f\u0131mak i\u00e7in \u00f6n y\u00fckleyicilerde kullan\u0131l\u0131r. <\/li>\n<li>Kaz\u0131c\u0131lar: Kep\u00e7e silindirleri, kep\u00e7enin topra\u011fa n\u00fcfuz etmesini sa\u011flayarak kazmay\u0131 m\u00fcmk\u00fcn k\u0131lar.<\/li>\n<li>Y\u00fckleyiciler: \u00d6n y\u00fckleyicilerde, y\u00fck\u00fcn verimli bir \u015fekilde kald\u0131r\u0131lmas\u0131na ve bo\u015falt\u0131lmas\u0131na yard\u0131mc\u0131 olurlar.<\/li>\n<\/ul>\n<h2>Tasar\u0131m ve Se\u00e7im Kriterleri<\/h2>\n<p>A\u011f\u0131r i\u015f makineleri i\u00e7in kova silindirleri tasarlan\u0131rken a\u015fa\u011f\u0131daki kriterler dikkate al\u0131nmal\u0131d\u0131r:<\/p>\n<ul>\n<li>Ta\u015f\u0131ma kapasitesi: Silindir, gerekli a\u011f\u0131rl\u0131\u011f\u0131, bas\u0131nc\u0131 ve y\u00fck\u00fc kald\u0131rabilmelidir.<\/li>\n<li>S\u0131zd\u0131rmazl\u0131k: Hidrolik s\u0131z\u0131nt\u0131y\u0131 \u00f6nlemek i\u00e7in piston contalar\u0131 ve mil contalar\u0131 gibi \u00e7e\u015fitli s\u0131zd\u0131rmazl\u0131k bile\u015fenleri kullan\u0131l\u0131r.<\/li>\n<li>Dayan\u0131kl\u0131l\u0131k: Silindirin maksimum kullan\u0131m \u00f6mr\u00fcn\u00fc sa\u011flamak i\u00e7in a\u015f\u0131nma ve korozyon direnci de dahil olmak \u00fczere zorlu ko\u015fullara dayanabilmesi gerekir.<\/li>\n<li>G\u00fcvenlik: Silindir, kazalar\u0131 ve yaralanmalar\u0131 \u00f6nlemek i\u00e7in g\u00fcvenlik standartlar\u0131na ve y\u00f6netmeliklerine uygun olmal\u0131d\u0131r.<\/li>\n<li>Bak\u0131m Kolayl\u0131\u011f\u0131: Silindirin performans\u0131n\u0131 ve kullan\u0131m \u00f6mr\u00fcn\u00fc korumak i\u00e7in kolay bak\u0131m ve onar\u0131m \u00e7ok \u00f6nemlidir.<\/li>\n<\/ul>\n<p><img decoding=\"async\" src=\"https:\/\/www.hydraulic-cylinders.net\/wp-content\/uploads\/2025\/01\/songte-oil-pipes-and-spare-parts.webp\" alt=\"Kova Silindiri Par\u00e7alar\u0131 G\u00f6rseli\"><\/p>\n<h2>S\u0131zd\u0131rmazl\u0131k ve Ya\u011flama<\/h2>\n<p>Hidrolik s\u0131z\u0131nt\u0131y\u0131 \u00f6nlemek i\u00e7in piston contalar\u0131 ve mil contalar\u0131 gibi \u00e7e\u015fitli conta t\u00fcrleri kullan\u0131l\u0131r. Silindir g\u00f6vdeleri ve di\u015fli u\u00e7 y\u00fczeyleri, a\u015f\u0131nma direncini art\u0131rmak i\u00e7in ince bir \u015fekilde i\u015flenir. Silindirin performans\u0131n\u0131 korumak i\u00e7in d\u00fczenli olarak uygun miktarda hidrolik ya\u011f eklenmesi de gereklidir.<\/p>\n<h2>Bak\u0131m ve Onar\u0131m<\/h2>\n<p>Kova silindirleri i\u00e7in d\u00fczenli kontrol, uygun ya\u011flama, conta de\u011fi\u015fimi ve kalibrasyon kontrolleri yayg\u0131n bak\u0131m i\u015flemleridir. G\u00fcvenli ve verimli \u00e7al\u0131\u015fma i\u00e7in do\u011fru montaj, ya\u011flama ve ayarlama hayati \u00f6nem ta\u015f\u0131r. Montaj s\u0131ras\u0131nda do\u011fru silindir hizalama k\u0131lavuzu, silindiri sabitlemek i\u00e7in uygun montaj braketlerinin kullan\u0131m\u0131 ve \u00f6nerilen kontrol, onar\u0131m ve de\u011fi\u015ftirme prosed\u00fcrleri, \u00fcr\u00fcn\u00fcn \u00f6mr\u00fcn\u00fc uzatmak i\u00e7in gereklidir. <\/p>\n<p><img decoding=\"async\" src=\"https:\/\/www.hydraulic-cylinders.net\/wp-content\/uploads\/2025\/01\/songte-chushion-collar.webp\" alt=\"Kova Silindir Yast\u0131k Yaka Resmi\"><\/p>\n<h2>G\u00fcvenlik Hususlar\u0131 ve \u00c7evresel Fakt\u00f6rler<\/h2>\n<p>Liebherr R970S b\u00fcy\u00fck ekskavat\u00f6rde kova silindiri kullan\u0131l\u0131rken, kazalar\u0131 ve yaralanmalar\u0131 \u00f6nlemek i\u00e7in g\u00fcvenlik \u00f6nlemleri al\u0131nmal\u0131d\u0131r. S\u0131cakl\u0131k, nem ve korozyon gibi \u00e7evresel fakt\u00f6rler de silindirin performans\u0131n\u0131 ve \u00f6mr\u00fcn\u00fc etkiler. <\/p>\n<h2>Tan\u0131 ve Sorun Giderme<\/h2>\n<p>Kep\u00e7e silindirlerinde s\u0131k kar\u015f\u0131la\u015f\u0131lan sorunlar aras\u0131nda hidrolik s\u0131z\u0131nt\u0131, d\u00fczensiz hareketler ve a\u015f\u0131nm\u0131\u015f contalar bulunur. Daha fazla hasar\u0131 ve ar\u0131za s\u00fcresini \u00f6nlemek i\u00e7in zaman\u0131nda te\u015fhis ve sorun giderme gereklidir. D\u00fczenli kontroller ve uygun ya\u011flama gibi \u00f6nleyici tedbirler, potansiyel sorunlar\u0131 azaltabilir.<\/p>\n<p><img decoding=\"async\" src=\"https:\/\/www.hydraulic-cylinders.net\/wp-content\/uploads\/2025\/01\/songte-bushings-with-all-kinds-of-excavator-models.webp\" alt=\"Kova Silindir Bur\u00e7lar\u0131 G\u00f6rseli\"><\/p>\n<h2>\u015eirketimiz Hakk\u0131nda<\/h2>\n<p>Yurti\u00e7i ve yurtd\u0131\u015f\u0131 pazarlarda hidrolik silindirlerin \u00f6nde gelen \u00fcreticisi ve toptan da\u011f\u0131t\u0131c\u0131s\u0131y\u0131z ve geni\u015f bir \u00fcr\u00fcn yelpazesine sahibiz. M\u00fckemmel kalite prensiplerine ba\u011fl\u0131 kalarak, ince i\u015f\u00e7ilik gerektiren \u00fcretim at\u00f6lyelerinde end\u00fcstriyel \u00fcretim y\u00f6netim stratejilerine g\u00fcveniyoruz ve \u00fcr\u00fcn kalitesini m\u00fckemmelle\u015ftirmek i\u00e7in \u00fcretim platformlar\u0131m\u0131z\u0131 s\u00fcrekli geli\u015ftiriyoruz. G\u00fc\u00e7l\u00fc yarat\u0131c\u0131l\u0131k, y\u00fcksek verimlilik, y\u00fcksek hassasiyet ve y\u00fcksek kalite prensipleriyle m\u00fc\u015fterilerimizin \u00e7e\u015fitli ihtiya\u00e7lar\u0131n\u0131 kar\u015f\u0131l\u0131yoruz. <\/p>\n<p><img decoding=\"async\" src=\"https:\/\/hzpt.com\/wp-content\/uploads\/2024\/11\/songte-company-1.webp\" alt=\"\u015eirketimiz Hakk\u0131nda G\u00f6rsel\"><\/p>\n<h3>Profesyonellik<\/h3>\n<p>Firmam\u0131z, farkl\u0131 uygulamalar i\u00e7in \u00e7e\u015fitli tipte hidrolik silindirlerin \u00fcretiminde uzmanla\u015fm\u0131\u015ft\u0131r. M\u00fc\u015fterilerin gereksinimlerini kar\u015f\u0131layan y\u00fcksek kaliteli ve dayan\u0131kl\u0131 \u00fcr\u00fcnler \u00fcretme konusunda geni\u015f bir deneyime sahibiz.<\/p>\n<h3>Uluslararas\u0131 Sertifikasyon<\/h3>\n<p>\u00dcr\u00fcnlerimiz, en y\u00fcksek kalite ve g\u00fcvenlik standartlar\u0131n\u0131 kar\u015f\u0131lad\u0131\u011f\u0131ndan emin olmak i\u00e7in ISO 9001 ve CE gibi uluslararas\u0131 sertifikalardan ge\u00e7mi\u015ftir.<\/p>\n<h3>\u00d6zelle\u015ftirme Hizmetleri<\/h3>\n<p>M\u00fc\u015fterilerimizin \u00f6zel ihtiya\u00e7lar\u0131n\u0131 kar\u015f\u0131lamak \u00fczere, tasar\u0131mdan \u00fcretime ve teslimata kadar \u00f6zelle\u015ftirme hizmetleri sunarak \u00fcr\u00fcnlerimizin m\u00fc\u015fterilerimizin tam spesifikasyonlar\u0131na uygun olmas\u0131n\u0131 sa\u011fl\u0131yoruz.<\/p>\n<h3>\u00dcretim Ekipmanlar\u0131<\/h3>\n<p>\u00dcr\u00fcnlerimizin y\u00fcksek kalite ve dayan\u0131kl\u0131l\u0131kla verimli, do\u011fru bir \u015fekilde \u00fcretilmesini sa\u011flamak i\u00e7in geli\u015fmi\u015f dijital \u00fcretim ekipmanlar\u0131 kullan\u0131yoruz.<\/p>\n<h3>Sat\u0131\u015f Sonras\u0131 Hizmet<\/h3>\n<p>\u00dcr\u00fcn bak\u0131m\u0131, onar\u0131m\u0131 ve de\u011fi\u015ftirme hizmetleri de dahil olmak \u00fczere m\u00fckemmel sat\u0131\u015f sonras\u0131 hizmetler sunuyoruz ve m\u00fc\u015fterilerimize \u00fcr\u00fcnlerimizi kullan\u0131rken kar\u015f\u0131la\u015ft\u0131klar\u0131 her t\u00fcrl\u00fc sorunu \u00e7\u00f6zmek i\u00e7in teknik destek sa\u011fl\u0131yoruz.<\/p>\n<p>Yazar: lyl<\/p>","protected":false},"excerpt":{"rendered":"<p>Bucket Cylinder For Liebherr Large Excavator R970S Introduction The bucket cylinder for Liebherr large excavator R970S is a specially designed hydraulic cylinder used to control the movement of the bucket in heavy machinery such as excavators, backhoe excavators, and front-end loaders. Its main function is to enable the bucket to lift, lower, and tilt, making [&hellip;]<\/p>","protected":false},"featured_media":14761,"comment_status":"open","ping_status":"closed","template":"","meta":{"_et_pb_use_builder":"","_et_pb_old_content":"","_et_gb_content_width":""},"product_brand":[],"product_cat":[1494],"product_tag":[1495,1496],"class_list":{"0":"post-15641","1":"product","2":"type-product","3":"status-publish","4":"has-post-thumbnail","6":"product_cat-bucket-cylinders","7":"product_tag-bucket-cylinders","8":"product_tag-hydraulic-cylinders","10":"first","11":"instock","12":"shipping-taxable","13":"product-type-simple"},"amp_enabled":true,"_links":{"self":[{"href":"https:\/\/www.hydraulic-cylinders.net\/tr\/wp-json\/wp\/v2\/product\/15641","targetHints":{"allow":["GET"]}}],"collection":[{"href":"https:\/\/www.hydraulic-cylinders.net\/tr\/wp-json\/wp\/v2\/product"}],"about":[{"href":"https:\/\/www.hydraulic-cylinders.net\/tr\/wp-json\/wp\/v2\/types\/product"}],"replies":[{"embeddable":true,"href":"https:\/\/www.hydraulic-cylinders.net\/tr\/wp-json\/wp\/v2\/comments?post=15641"}],"wp:featuredmedia":[{"embeddable":true,"href":"https:\/\/www.hydraulic-cylinders.net\/tr\/wp-json\/wp\/v2\/media\/14761"}],"wp:attachment":[{"href":"https:\/\/www.hydraulic-cylinders.net\/tr\/wp-json\/wp\/v2\/media?parent=15641"}],"wp:term":[{"taxonomy":"product_brand","embeddable":true,"href":"https:\/\/www.hydraulic-cylinders.net\/tr\/wp-json\/wp\/v2\/product_brand?post=15641"},{"taxonomy":"product_cat","embeddable":true,"href":"https:\/\/www.hydraulic-cylinders.net\/tr\/wp-json\/wp\/v2\/product_cat?post=15641"},{"taxonomy":"product_tag","embeddable":true,"href":"https:\/\/www.hydraulic-cylinders.net\/tr\/wp-json\/wp\/v2\/product_tag?post=15641"}],"curies":[{"name":"wp","href":"https:\/\/api.w.org\/{rel}","templated":true}]}}