{"id":15648,"date":"2025-01-19T14:47:38","date_gmt":"2025-01-19T14:47:38","guid":{"rendered":"https:\/\/www.hydraulic-cylinders.net\/product\/bucket-cylinder-for-sdlg-small-excavator-lg665e\/"},"modified":"2025-01-19T14:47:40","modified_gmt":"2025-01-19T14:47:40","slug":"bucket-cylinder-for-sdlg-small-excavator-lg665e","status":"publish","type":"product","link":"https:\/\/www.hydraulic-cylinders.net\/tr\/urun\/bucket-cylinder-for-sdlg-small-excavator-lg665e\/","title":{"rendered":"SDLG K\u00fc\u00e7\u00fck Ekskavat\u00f6r LG665E i\u00e7in Kova Silindiri"},"content":{"rendered":"<h1>SDLG K\u00fc\u00e7\u00fck Ekskavat\u00f6r LG665E i\u00e7in Kova Silindiri<\/h1>\n<h2>girii\u015f<\/h2>\n<h3>Tan\u0131m<\/h3>\n<p>Kova silindiri, ekskavat\u00f6rler, beko loderler ve \u00f6n y\u00fckleyiciler gibi a\u011f\u0131r i\u015f makinelerinde kovan\u0131n hareketini kontrol etmek i\u00e7in kullan\u0131lan \u00f6zel olarak tasarlanm\u0131\u015f bir hidrolik silindirdir. Ana i\u015flevi, kovan\u0131n kald\u0131rma, indirme ve yat\u0131rma i\u015flemlerini ger\u00e7ekle\u015ftirerek \u00e7e\u015fitli malzeme ta\u015f\u0131ma g\u00f6revlerinin daha kolay yap\u0131lmas\u0131n\u0131 sa\u011flamakt\u0131r. Hidrolik sistemde, kova silindiri, hidrolik ya\u011f\u0131n bas\u0131n\u00e7 de\u011fi\u015fimleri arac\u0131l\u0131\u011f\u0131yla kovan\u0131n hareketini hassas bir \u015fekilde kontrol ederek operat\u00f6rlerin a\u011f\u0131r y\u00fckleri verimli bir \u015fekilde ta\u015f\u0131mas\u0131n\u0131, karma\u015f\u0131k \u00e7al\u0131\u015fma ortamlar\u0131na ve \u00e7e\u015fitli operasyonel taleplere uyum sa\u011flamas\u0131n\u0131 sa\u011flar.<\/p>\n<p><img decoding=\"async\" src=\"https:\/\/www.hydraulic-cylinders.net\/wp-content\/uploads\/2025\/01\/songte-company-2.webp\" alt=\"Kova Silindiri\"><\/p>\n<h3>\u00d6zellikler<\/h3>\n<ul>\n<li>Y\u00fcksek Mukavemet ve Dayan\u0131kl\u0131l\u0131k: Genellikle y\u00fcksek mukavemetli \u00e7elik veya al\u00fcminyumdan yap\u0131l\u0131rlar, y\u00fcksek bas\u0131nca ve a\u011f\u0131r y\u00fcklere dayanabilirler, zorlu \u00e7al\u0131\u015fma ortamlar\u0131na uyum sa\u011flayabilirler ve hizmet \u00f6mr\u00fcn\u00fc uzatmak i\u00e7in a\u015f\u0131nma ve korozyon direnci ile tasarlan\u0131rlar.<\/li>\n<li>Verimli Hidrolik \u00c7al\u0131\u015fma: Hidrolik ya\u011f bas\u0131nc\u0131 kullan\u0131larak d\u00fczg\u00fcn uzatma ve geri \u00e7ekme hareketi sa\u011flan\u0131r, kontrol komutlar\u0131na h\u0131zl\u0131 tepki verilir, g\u00fc\u00e7l\u00fc itme ve \u00e7ekme kuvvetleri sa\u011flan\u0131r, a\u011f\u0131r y\u00fcklerin ve karma\u015f\u0131k i\u015f g\u00f6revlerinin \u00fcstesinden gelmeye uygundur.<\/li>\n<li>\u00c7oklu Tipler: Operasyonel ihtiya\u00e7lara g\u00f6re tek etkili (sadece tek y\u00f6nde hidrolik kullan\u0131lan) veya \u00e7ift etkili (her iki y\u00f6nde hidrolik kullan\u0131lan) silindirler se\u00e7ilebilir. Baz\u0131 modeller teleskopiktir ve d\u0131\u015f boyutlar\u0131 art\u0131rmadan daha fazla geni\u015flemeye olanak tan\u0131r, dar alan uygulamalar\u0131 i\u00e7in uygundur.<\/li>\n<li>M\u00fckemmel De\u011fi\u015ftirme: \u00dcr\u00fcnlerimiz bu hidrolik silindirlerin yerini m\u00fckemmel \u015fekilde alabilir. <\/li>\n<\/ul>\n<p><img decoding=\"async\" src=\"https:\/\/www.hydraulic-cylinders.net\/wp-content\/uploads\/2025\/01\/songte-cylinder-head-with-all-kinds-excavator-models.webp\" alt=\"Kova Silindiri De\u011fi\u015fimi\"><\/p>\n<h2>Uygulamalar<\/h2>\n<h3>\u0130n\u015faat Ekipmanlar\u0131<\/h3>\n<p>Ekskavat\u00f6rlerde, toprak veya moloz kazma, y\u00fckleme ve ta\u015f\u0131ma i\u00e7in olmazsa olmazd\u0131rlar. Arka ekskavat\u00f6rlerde, kova silindirleri hem kazma hem de kald\u0131rma i\u015flemine yard\u0131mc\u0131 olur. \u00d6n y\u00fckleyicilerde ise, y\u00fcklerin etkili bir \u015fekilde kald\u0131r\u0131lmas\u0131na ve bo\u015falt\u0131lmas\u0131na yard\u0131mc\u0131 olurlar.<\/p>\n<h3>Tar\u0131m Makinalar\u0131<\/h3>\n<p>\u00d6n y\u00fckleyicilerde toprak, saman ve di\u011fer malzemeleri toplamak, kald\u0131rmak ve ta\u015f\u0131mak i\u00e7in kullan\u0131l\u0131r. Ekskavat\u00f6rlerde, kova silindirleri, kovan\u0131n topra\u011fa n\u00fcfuz etmesini sa\u011flayarak kazma i\u015flemlerini ger\u00e7ekle\u015ftirir. <\/p>\n<h3>Di\u011fer Uygulamalar<\/h3>\n<p>Kova silindirleri madencilik, petrol ve gaz, ormanc\u0131l\u0131k ve at\u0131k y\u00f6netimi gibi \u00e7e\u015fitli end\u00fcstrilerde kullan\u0131l\u0131r.<\/p>\n<h2>Tasar\u0131m Hususlar\u0131 ve Se\u00e7im Kriterleri<\/h2>\n<h3>Ta\u015f\u0131ma Kapasitesi<\/h3>\n<p>Kova silindiri se\u00e7erken ta\u015f\u0131ma kapasitesi \u00f6nemli bir husustur. Silindir, \u00e7al\u0131\u015fma s\u0131ras\u0131nda uygulanacak maksimum kuvvete dayanabilmelidir.<\/p>\n<h3>S\u0131zd\u0131rmazl\u0131k<\/h3>\n<p>S\u0131zd\u0131rmazl\u0131k, kova silindiri se\u00e7erken bir di\u011fer kritik fakt\u00f6rd\u00fcr. Kova silindirinin a\u015f\u0131nma ve y\u0131pranmaya kar\u015f\u0131 iyi bir diren\u00e7 g\u00f6stermesini sa\u011flamak i\u00e7in, poli\u00fcretan, nitril kau\u00e7uk vb. malzemelerden yap\u0131lm\u0131\u015f piston contalar\u0131, rot contalar\u0131 vb. gibi \u00e7e\u015fitli contalar kullanmak \u00f6nemlidir. <\/p>\n<h3>Dayan\u0131kl\u0131l\u0131k<\/h3>\n<p>Dayan\u0131kl\u0131l\u0131k, kova silindirleri i\u00e7in \u00f6nemli bir tasar\u0131m kriteridir. Silindirin g\u00f6vdesi ve di\u015fli u\u00e7 y\u00fczeyi, a\u015f\u0131nma direncini art\u0131rmak i\u00e7in hassas bir i\u015flemden ge\u00e7irilmelidir. Uzun hizmet \u00f6mr\u00fc sa\u011flamak i\u00e7in do\u011fru miktarda hidrolik ya\u011f ile d\u00fczenli ya\u011flama da gereklidir.<\/p>\n<h3>G\u00fcvenlik ve Bak\u0131m<\/h3>\n<p>Kova silindirleri kullan\u0131l\u0131rken g\u00fcvenlik ve bak\u0131m \u00e7ok \u00f6nemlidir. Olas\u0131 sorun olas\u0131l\u0131\u011f\u0131n\u0131 azaltmak i\u00e7in d\u00fczenli muayene ve \u00f6nleyici bak\u0131m \u015fartt\u0131r. Sorunsuz \u00e7al\u0131\u015fma i\u00e7in do\u011fru montaj, ya\u011flama ve hizalama gereklidir. <\/p>\n<p><img decoding=\"async\" src=\"https:\/\/www.hydraulic-cylinders.net\/wp-content\/uploads\/2025\/01\/songte-oil-pipes-and-spare-parts.webp\" alt=\"Kova Silindir Yedek Par\u00e7alar\u0131\"><\/p>\n<h2>Bak\u0131m<\/h2>\n<p>D\u00fczenli muayene, do\u011fru ya\u011flama, conta de\u011fi\u015fimi ve kalibrasyon kontrolleri, kova silindirlerinin verimli \u00e7al\u0131\u015fmas\u0131n\u0131 sa\u011flamak ve hizmet \u00f6mr\u00fcn\u00fc uzatmak i\u00e7in gereken yayg\u0131n bak\u0131m g\u00f6revlerinden baz\u0131lar\u0131d\u0131r. Sorunsuz \u00e7al\u0131\u015fma i\u00e7in do\u011fru montaj, ya\u011flama ve hizalama gereklidir. Silindiri sabitlemek i\u00e7in uygun montaj braketlerinin kullan\u0131lmas\u0131 \u00f6nerilir. Silindirin \u00f6mr\u00fcn\u00fc uzatmak i\u00e7in bile\u015fen de\u011fi\u015fimi ve onar\u0131m hizmetleri sunuyoruz.<\/p>\n<h2>G\u00fcvenlik Hususlar\u0131 ve \u00c7evresel Fakt\u00f6rler<\/h2>\n<p>Kova silindirlerini kullan\u0131rken, yaralanma veya kazalar\u0131 \u00f6nlemek i\u00e7in g\u00fcvenlik \u00f6nlemlerine uymak \u00e7ok \u00f6nemlidir. Do\u011fru aletleri kullanmak, g\u00fcvenlik talimatlar\u0131na uymak ve gerekli \u00f6nlemleri almak \u00f6nemlidir. Kova silindirlerini kullan\u0131rken \u00e7evresel fakt\u00f6rler de g\u00f6z \u00f6n\u00fcnde bulundurulmal\u0131d\u0131r. \u00c7evre dostu bir \u015fekilde kullan\u0131lmal\u0131 ve imha edilmelidirler.<\/p>\n<h2>Ar\u0131za Te\u015fhisi ve Yayg\u0131n Sorunlar<\/h2>\n<p>Kova silindirleri bazen s\u0131z\u0131nt\u0131, yetersiz g\u00fc\u00e7 ve anormal g\u00fcr\u00fclt\u00fc gibi sorunlarla kar\u015f\u0131la\u015fabilir. Sorunu do\u011fru bir \u015fekilde te\u015fhis etmek ve uygun d\u00fczeltici \u00f6nlemleri almak \u00e7ok \u00f6nemlidir. D\u00fczenli muayene ve \u00f6nleyici bak\u0131m, olas\u0131 sorun olas\u0131l\u0131\u011f\u0131n\u0131 azaltmaya ve silindiri m\u00fckemmel durumda tutmaya yard\u0131mc\u0131 olabilir.<\/p>\n<p><img decoding=\"async\" src=\"https:\/\/www.hydraulic-cylinders.net\/wp-content\/uploads\/2025\/01\/songte-bushings-with-all-kinds-of-excavator-models.webp\" alt=\"Kova Silindir Bur\u00e7lar\u0131\"><\/p>\n<h2>\u015eirketimiz Hakk\u0131nda<\/h2>\n<p>Hidrolik silindirlerin lider \u00fcreticisi ve toptan da\u011f\u0131t\u0131c\u0131s\u0131y\u0131z. Eksiksiz bir \u00fcr\u00fcn yelpazesine sahibiz ve yurt i\u00e7i ve yurt d\u0131\u015f\u0131 pazarlarda lider hidrolik silindir \u00fcreticilerinden ve toptanc\u0131lar\u0131ndan biri haline geldik. Hassas \u00fcretim at\u00f6lyelerinin end\u00fcstriyel \u00fcretim y\u00f6netimi stratejisine dayanarak, m\u00fckemmel kalite y\u00f6netim ilkelerini takip ediyoruz. Firmam\u0131z, at\u00f6lyenin \u00fcretim platformunu s\u00fcrekli geli\u015ftirerek \u00fcr\u00fcn kalitesi \u00fcretim hatt\u0131n\u0131 m\u00fckemmelle\u015ftiriyor ve g\u00fc\u00e7l\u00fc bir yarat\u0131c\u0131l\u0131\u011fa sahip. M\u00fc\u015fterilerimizin \u00e7e\u015fitli ihtiya\u00e7lar\u0131n\u0131 y\u00fcksek verimlilik, y\u00fcksek hassasiyet ve y\u00fcksek kalite prensipleriyle kar\u015f\u0131l\u0131yoruz.<\/p>\n<ul>\n<li>Profesyonellik<\/li>\n<li>Uluslararas\u0131 Sertifikasyon<\/li>\n<li>\u00d6zelle\u015ftirme hizmetleri<\/li>\n<li>\u00dcretim ekipman\u0131<\/li>\n<li>Sat\u0131\u015f sonras\u0131 hizmetler<\/li>\n<\/ul>\n<p>M\u00fc\u015fterilerimize y\u00fcksek kalitede \u00fcr\u00fcn ve hizmet sunmaya kararl\u0131y\u0131z ve sizinle i\u015fbirli\u011fi yapmaktan mutluluk duyuyoruz.<\/p>\n<p><img decoding=\"async\" src=\"https:\/\/hzpt.com\/wp-content\/uploads\/2024\/11\/songte-company-1.webp\" alt=\"\u015eirket\"><\/p>\n<p>Yazar: lyl.<\/p>","protected":false},"excerpt":{"rendered":"<p>Bucket Cylinder For SDLG Small Excavator LG665E Introduction Definition A bucket cylinder is a specially designed hydraulic cylinder mainly used to control the movement of the bucket in heavy machinery such as excavators, backhoes, and front-end loaders. Its main function is to allow the bucket to lift, lower, and tilt, making it easier to handle [&hellip;]<\/p>","protected":false},"featured_media":14780,"comment_status":"open","ping_status":"closed","template":"","meta":{"_et_pb_use_builder":"","_et_pb_old_content":"","_et_gb_content_width":""},"product_brand":[],"product_cat":[1494],"product_tag":[1495,1496],"class_list":{"0":"post-15648","1":"product","2":"type-product","3":"status-publish","4":"has-post-thumbnail","6":"product_cat-bucket-cylinders","7":"product_tag-bucket-cylinders","8":"product_tag-hydraulic-cylinders","10":"first","11":"instock","12":"shipping-taxable","13":"product-type-simple"},"amp_enabled":true,"_links":{"self":[{"href":"https:\/\/www.hydraulic-cylinders.net\/tr\/wp-json\/wp\/v2\/product\/15648","targetHints":{"allow":["GET"]}}],"collection":[{"href":"https:\/\/www.hydraulic-cylinders.net\/tr\/wp-json\/wp\/v2\/product"}],"about":[{"href":"https:\/\/www.hydraulic-cylinders.net\/tr\/wp-json\/wp\/v2\/types\/product"}],"replies":[{"embeddable":true,"href":"https:\/\/www.hydraulic-cylinders.net\/tr\/wp-json\/wp\/v2\/comments?post=15648"}],"wp:featuredmedia":[{"embeddable":true,"href":"https:\/\/www.hydraulic-cylinders.net\/tr\/wp-json\/wp\/v2\/media\/14780"}],"wp:attachment":[{"href":"https:\/\/www.hydraulic-cylinders.net\/tr\/wp-json\/wp\/v2\/media?parent=15648"}],"wp:term":[{"taxonomy":"product_brand","embeddable":true,"href":"https:\/\/www.hydraulic-cylinders.net\/tr\/wp-json\/wp\/v2\/product_brand?post=15648"},{"taxonomy":"product_cat","embeddable":true,"href":"https:\/\/www.hydraulic-cylinders.net\/tr\/wp-json\/wp\/v2\/product_cat?post=15648"},{"taxonomy":"product_tag","embeddable":true,"href":"https:\/\/www.hydraulic-cylinders.net\/tr\/wp-json\/wp\/v2\/product_tag?post=15648"}],"curies":[{"name":"wp","href":"https:\/\/api.w.org\/{rel}","templated":true}]}}