{"id":15650,"date":"2025-01-19T14:47:46","date_gmt":"2025-01-19T14:47:46","guid":{"rendered":"https:\/\/www.hydraulic-cylinders.net\/product\/bucket-cylinder-for-sdlg-middle-excavator-lg6210e\/"},"modified":"2025-01-19T14:47:48","modified_gmt":"2025-01-19T14:47:48","slug":"bucket-cylinder-for-sdlg-middle-excavator-lg6210e","status":"publish","type":"product","link":"https:\/\/www.hydraulic-cylinders.net\/tr\/urun\/bucket-cylinder-for-sdlg-middle-excavator-lg6210e\/","title":{"rendered":"SDLG Orta Ekskavat\u00f6r LG6210E i\u00e7in Kova Silindiri"},"content":{"rendered":"<h1>SDLG Orta Ekskavat\u00f6r LG6210E i\u00e7in Kova Silindiri<\/h1>\n<p><h2>girii\u015f<\/h2>\n<p>SDLG orta ekskavat\u00f6r LG6210E i\u00e7in kova silindiri, ekskavat\u00f6rler, beko-loderler ve \u00f6n y\u00fckleyiciler gibi a\u011f\u0131r i\u015f makinelerinde kovan\u0131n hareketini kontrol etmek i\u00e7in kullan\u0131lan \u00f6zel olarak tasarlanm\u0131\u015f bir hidrolik silindirdir. Ana i\u015flevi, kovan\u0131n kald\u0131r\u0131lmas\u0131n\u0131, indirilmesini ve e\u011filmesini sa\u011flayarak \u00e7e\u015fitli malzeme ta\u015f\u0131ma g\u00f6revlerini kolayla\u015ft\u0131rmakt\u0131r. Hidrolik sistemde kova silindiri, hidrolik ya\u011f\u0131n bas\u0131n\u00e7 de\u011fi\u015fimlerini kullanarak kovan\u0131n hassas kontrol\u00fcn\u00fc sa\u011flayarak operat\u00f6rlerin a\u011f\u0131r y\u00fckleri verimli bir \u015fekilde ta\u015f\u0131mas\u0131na ve karma\u015f\u0131k \u00e7al\u0131\u015fma ortamlar\u0131na ve \u00e7e\u015fitli operasyonel gereksinimlere uyum sa\u011flamas\u0131na olanak tan\u0131r.<\/p>\n<p>  <img decoding=\"async\" src=\"https:\/\/www.hydraulic-cylinders.net\/wp-content\/uploads\/2025\/01\/songte-company-2.webp\" alt=\"Kova Silindiri G\u00f6r\u00fcnt\u00fcs\u00fc\"><\/p>\n<h2>\u00d6zellikler<\/h2>\n<ul>\n<li>Y\u00fcksek Mukavemet ve Dayan\u0131kl\u0131l\u0131k: Genellikle y\u00fcksek mukavemetli \u00e7elik veya al\u00fcminyumdan \u00fcretilen kova silindiri, y\u00fcksek bas\u0131nca ve a\u011f\u0131r y\u00fcklere dayanabilir ve zorlu \u00e7al\u0131\u015fma ortamlar\u0131na uyum sa\u011flar. Tasar\u0131m\u0131, a\u015f\u0131nma ve korozyon direncini g\u00f6z \u00f6n\u00fcnde bulundurarak hizmet \u00f6mr\u00fcn\u00fc uzat\u0131r.<\/li>\n<li>Verimli Hidrolik \u00c7al\u0131\u015fma: Hidrolik ya\u011f\u0131n bas\u0131nc\u0131n\u0131 kullanarak, kova silindiri sorunsuz uzatma ve geri \u00e7ekme hareketleri sa\u011flayarak kontrol komutlar\u0131na h\u0131zl\u0131 tepki verir ve g\u00fc\u00e7l\u00fc itme ve \u00e7ekme kuvvetleri sa\u011flar. A\u011f\u0131r y\u00fckleri ve karma\u015f\u0131k operasyonel g\u00f6revleri ta\u015f\u0131mak i\u00e7in uygundur.<\/li>\n<li>\u00c7e\u015fitli Tipler: Kova silindirleri, \u00f6zel operasyonel ihtiya\u00e7lara g\u00f6re tek etkili (sadece tek y\u00f6nde hidrolik bas\u0131n\u00e7 kullanan) veya \u00e7ift etkili (iki y\u00f6nde hidrolik bas\u0131n\u00e7 kullanan) silindirler olarak se\u00e7ilebilir. Baz\u0131 modeller teleskopiktir ve d\u0131\u015f boyutlar\u0131 art\u0131rmadan daha fazla geni\u015flemeye olanak tan\u0131r, bu da onlar\u0131 s\u0131n\u0131rl\u0131 alana sahip uygulamalar i\u00e7in uygun hale getirir.<\/li>\n<li>M\u00fckemmel De\u011fi\u015ftirme: \u00dcr\u00fcn\u00fcm\u00fcz bu hidrolik silindirlerin yerini m\u00fckemmel \u015fekilde alabilir.<\/li>\n<\/ul>\n<p>  <img decoding=\"async\" src=\"https:\/\/www.hydraulic-cylinders.net\/wp-content\/uploads\/2025\/01\/songte-cylinder-head-with-all-kinds-excavator-models.webp\" alt=\"Hidrolik Silindir G\u00f6r\u00fcnt\u00fcs\u00fc\"><\/p>\n<h2>Uygulamalar<\/h2>\n<ul>\n<li>\u0130n\u015faat Ekipmanlar\u0131: Ekskavat\u00f6rlerde bulunan bu ekipmanlar, kazma, y\u00fckleme ve toprak veya moloz ta\u015f\u0131ma i\u00e7in olmazsa olmazd\u0131r. Beko-Loderlerde ise kova silindiri hem kaz\u0131ya hem de kald\u0131rmaya yard\u0131mc\u0131 olur.<\/li>\n<li>Tar\u0131m Makinalar\u0131: \u00d6n y\u00fckleyicilerde toprak, saman ve di\u011fer malzemeleri kep\u00e7elemek, kald\u0131rmak ve ta\u015f\u0131mak i\u00e7in kullan\u0131l\u0131r.<\/li>\n<li>Ekskavat\u00f6rler: Kova silindiri, kovan\u0131n topra\u011fa n\u00fcfuz etmesini sa\u011flayarak kazma i\u015flemini ger\u00e7ekle\u015ftirir.<\/li>\n<li>Y\u00fckleyiciler: \u00d6n y\u00fckleyicilerde, mallar\u0131n etkili bir \u015fekilde kald\u0131r\u0131lmas\u0131na ve e\u011filmesine yard\u0131mc\u0131 olurlar.<\/li>\n<\/ul>\n<h2>Tasar\u0131m Hususlar\u0131 ve Se\u00e7im Kriterleri<\/h2>\n<ul>\n<li>Ta\u015f\u0131ma Kapasitesi: Kova silindirinin a\u011f\u0131r y\u00fcklere dayanma kabiliyeti \u00f6nemli bir tasar\u0131m hususudur.<\/li>\n<li>S\u0131zd\u0131rmazl\u0131k: Poli\u00fcretan ve nitril kau\u00e7uk gibi a\u015f\u0131nmaya dayan\u0131kl\u0131 malzemelerden yap\u0131lm\u0131\u015f piston contalar\u0131 ve piston kolu contalar\u0131 gibi \u00e7e\u015fitli s\u0131zd\u0131rmazl\u0131k bile\u015fenleri etkili s\u0131zd\u0131rmazl\u0131k sa\u011flar. Silindir g\u00f6vdesi ve di\u015fli u\u00e7 y\u00fczeyleri, a\u015f\u0131nma direncini art\u0131rmak i\u00e7in titiz bir i\u015flemden ge\u00e7irilir.<\/li>\n<li>Dayan\u0131kl\u0131l\u0131k: Kova silindiri, kar\u015f\u0131la\u015fabilece\u011fi zorlu \u00e7al\u0131\u015fma ko\u015fullar\u0131 g\u00f6z \u00f6n\u00fcnde bulundurularak dayan\u0131kl\u0131 olacak \u015fekilde tasarlanm\u0131\u015ft\u0131r.<\/li>\n<li>G\u00fcvenlik: Operat\u00f6r\u00fcn kazalar\u0131 \u00f6nlemek ve sa\u011fl\u0131\u011f\u0131n\u0131 garanti alt\u0131na almak i\u00e7in kova silindirinin tasar\u0131m\u0131na g\u00fcvenlik \u00f6zellikleri dahil edilmi\u015ftir.<\/li>\n<li>Bak\u0131m kolayl\u0131\u011f\u0131: Bak\u0131m kolayl\u0131\u011f\u0131 dikkate al\u0131narak, kolay inceleme, onar\u0131m ve de\u011fi\u015ftirme olana\u011f\u0131 sa\u011flanm\u0131\u015ft\u0131r.<\/li>\n<\/ul>\n<p>  <img decoding=\"async\" src=\"https:\/\/www.hydraulic-cylinders.net\/wp-content\/uploads\/2025\/01\/songte-oil-pipes-and-spare-parts.webp\" alt=\"Hidrolik Silindir Bile\u015fenleri G\u00f6rseli\"><\/p>\n<h2>S\u0131zd\u0131rmazl\u0131k ve Ya\u011flama<\/h2>\n<p>Kova silindiri, poli\u00fcretan ve nitril kau\u00e7uk gibi a\u015f\u0131nmaya dayan\u0131kl\u0131 malzemelerden yap\u0131lm\u0131\u015f piston contalar\u0131 ve piston kolu contalar\u0131 gibi \u00e7e\u015fitli s\u0131zd\u0131rmazl\u0131k bile\u015fenleri kullan\u0131r. Silindir g\u00f6vdesi ve di\u015fli u\u00e7 y\u00fczeyleri, a\u015f\u0131nma direncini art\u0131rmak i\u00e7in titiz bir i\u015flemden ge\u00e7irilir. Sorunsuz \u00e7al\u0131\u015fma sa\u011flamak i\u00e7in uygun miktarda hidrolik ya\u011f ile d\u00fczenli ya\u011flama gereklidir.<\/p>\n<h2>D\u00fczenli Muayene ve \u00d6nleyici Bak\u0131m<\/h2>\n<ul>\n<li>D\u00fczenli muayene, olas\u0131 sorunlar\u0131n belirlenmesine yard\u0131mc\u0131 olur ve kova silindirinin optimum performans\u0131n\u0131 sa\u011flar.<\/li>\n<li>Kova silindirinin verimlili\u011fini ve uzun \u00f6m\u00fcrl\u00fcl\u00fc\u011f\u00fcn\u00fc korumak i\u00e7in uygun ya\u011flama \u015fartt\u0131r.<\/li>\n<li>S\u0131z\u0131nt\u0131lar\u0131 \u00f6nlemek ve s\u0131zd\u0131rmazl\u0131\u011f\u0131n d\u00fczg\u00fcn bir \u015fekilde sa\u011flanmas\u0131 i\u00e7in gerekti\u011finde conta de\u011fi\u015fimi yap\u0131lmal\u0131d\u0131r.<\/li>\n<li>Do\u011fru \u00e7al\u0131\u015fmay\u0131 garantilemek i\u00e7in periyodik olarak kalibrasyon kontrolleri yap\u0131lmal\u0131d\u0131r.<\/li>\n<\/ul>\n<p>  <img decoding=\"async\" src=\"https:\/\/www.hydraulic-cylinders.net\/wp-content\/uploads\/2025\/01\/songte-chushion-collar.webp\" alt=\"Hidrolik Silindir Bak\u0131m G\u00f6rseli\"><\/p>\n<h2>G\u00fcvenlik Hususlar\u0131 ve \u00c7evresel Fakt\u00f6rler<\/h2>\n<p>Kova silindiri kullan\u0131l\u0131rken g\u00fcvenlik \u00f6nlemlerinin al\u0131nmas\u0131, kazalar\u0131 \u00f6nlemek ve g\u00fcvenli bir \u00e7al\u0131\u015fma ortam\u0131 sa\u011flamak i\u00e7in \u00e7ok \u00f6nemlidir. Olumsuz etkileri en aza indirmek i\u00e7in hidrolik ya\u011f\u0131n uygun \u015fekilde at\u0131lmas\u0131 gibi \u00e7evresel fakt\u00f6rler de dikkate al\u0131nmal\u0131d\u0131r.<\/p>\n<h2>Sorun Giderme ve Yayg\u0131n Sorunlar<\/h2>\n<p>Kova silindirinde yayg\u0131n sorunlar ortaya \u00e7\u0131kabilir. Bu sorunlar\u0131n giderilmesi, do\u011fru te\u015fhis ve etkili \u00e7\u00f6z\u00fcmler gerektirir. Olas\u0131 sorunlar\u0131 en aza indirmek i\u00e7in \u00f6nleyici tedbirler uygulanmal\u0131d\u0131r.<\/p>\n<p>  <img decoding=\"async\" src=\"https:\/\/www.hydraulic-cylinders.net\/wp-content\/uploads\/2025\/01\/songte-bushings-with-all-kinds-of-excavator-models.webp\" alt=\"Hidrolik Silindir Ar\u0131za Giderme G\u00f6rseli\"><\/p>\n<h2>\u015eirket Genel Bak\u0131\u015f\u0131<\/h2>\n<p>Geni\u015f bir \u00fcr\u00fcn yelpazesi sunan bir yedek hidrolik silindir \u00fcreticisiyiz. Yurt i\u00e7i ve yurt d\u0131\u015f\u0131 pazarlarda lider hidrolik silindir \u00fcreticilerinden ve toptan da\u011f\u0131t\u0131c\u0131lar\u0131ndan biri olarak, kalite m\u00fckemmelli\u011fine \u00f6ncelik veriyoruz. Geli\u015fmi\u015f \u00fcretim ekipmanlar\u0131, profesyonel test sistemleri ve y\u00fcksek vas\u0131fl\u0131 i\u015f g\u00fcc\u00fcm\u00fczle, \u00fcretim platformumuzu ve \u00fcr\u00fcn kalitesi \u00fcretim rotalar\u0131m\u0131z\u0131 s\u00fcrekli geli\u015ftiriyoruz. \u015eirketimiz, y\u00fcksek verimlilik, hassasiyet ve kaliteyle \u00e7e\u015fitli m\u00fc\u015fteri ihtiya\u00e7lar\u0131n\u0131 kar\u015f\u0131lamaya kendini adam\u0131\u015ft\u0131r.<\/p>\n<p>  <img decoding=\"async\" src=\"https:\/\/www.hydraulic-cylinders.net\/wp-content\/uploads\/2025\/01\/songte-company-3.webp\" alt=\"\u015eirket \u0130maj\u0131\"><\/p>\n<h2>Profesyonellik<\/h2>\n<p>\u015eirketimiz, m\u00fc\u015fterilerimize kaliteli \u00fcr\u00fcn ve hizmet sunmay\u0131 garanti alt\u0131na alarak en y\u00fcksek profesyonellik standartlar\u0131na ba\u011fl\u0131 kalmaktad\u0131r. Uluslararas\u0131 sertifikalara sahip olup, \u00f6zel ihtiya\u00e7lar\u0131 kar\u015f\u0131lamak i\u00e7in \u00f6zelle\u015ftirilmi\u015f hizmetler sunuyoruz. \u00dcretim ekipmanlar\u0131m\u0131z son teknoloji \u00fcr\u00fcn\u00fcd\u00fcr ve sat\u0131\u015f sonras\u0131 hizmetimiz m\u00fc\u015fteri memnuniyetini garanti eder.<\/p>\n<h2>\u00c7\u00f6z\u00fcm<\/h2>\n<p>Sonu\u00e7 olarak, SDLG orta ekskavat\u00f6r LG6210E i\u00e7in kep\u00e7e silindiri, a\u011f\u0131r makinelerde kep\u00e7enin hareketini kontrol etmek i\u00e7in tasarlanm\u0131\u015f \u00f6zel bir hidrolik silindirdir. Y\u00fcksek mukavemeti, dayan\u0131kl\u0131l\u0131\u011f\u0131, verimli hidrolik \u00e7al\u0131\u015fmas\u0131 ve \u00e7e\u015fitli tipleriyle, in\u015faat ve tar\u0131m ekipmanlar\u0131 i\u00e7in g\u00fcvenilir bir bile\u015fen oldu\u011funu kan\u0131tlamaktad\u0131r. Kep\u00e7e silindiri, ta\u015f\u0131ma kapasitesi, s\u0131zd\u0131rmazl\u0131k, dayan\u0131kl\u0131l\u0131k, g\u00fcvenlik ve bak\u0131m kolayl\u0131\u011f\u0131 gibi fakt\u00f6rler g\u00f6z \u00f6n\u00fcnde bulundurularak \u00f6zenle tasarlanm\u0131\u015ft\u0131r. D\u00fczenli muayene, do\u011fru ya\u011flama ve \u00f6nleyici bak\u0131m, kep\u00e7e silindirinin uzun \u00f6m\u00fcrl\u00fc ve optimum performans g\u00f6stermesi i\u00e7in \u00e7ok \u00f6nemlidir. G\u00fcvenlik hususlar\u0131 ve sorun giderme \u00f6nlemleri dikkate al\u0131nmal\u0131d\u0131r ve \u015firketimiz, m\u00fc\u015fteri taleplerini kar\u015f\u0131lamak i\u00e7in y\u00fcksek kaliteli hidrolik silindirler ve m\u00fckemmel hizmetler sunmaya kendini adam\u0131\u015ft\u0131r.<\/p>\n<p>Yazar: lyl<\/p>\n<p>  <img decoding=\"async\" src=\"https:\/\/hzpt.com\/wp-content\/uploads\/2024\/11\/songte-company-1.webp\" alt=\"\u015eirket \u0130maj\u0131\"><\/p>","protected":false},"excerpt":{"rendered":"<p>Bucket Cylinder For SDLG Middle Excavator LG6210E Introduction The bucket cylinder for SDLG middle excavator LG6210E is a specially designed hydraulic cylinder used to control the movement of the bucket in heavy machinery such as excavators, backhoe loaders, and front loaders. Its main function is to enable the lifting, lowering, and tilting of the bucket, [&hellip;]<\/p>","protected":false},"featured_media":14776,"comment_status":"open","ping_status":"closed","template":"","meta":{"_et_pb_use_builder":"","_et_pb_old_content":"","_et_gb_content_width":""},"product_brand":[],"product_cat":[1494],"product_tag":[1495,1496],"class_list":{"0":"post-15650","1":"product","2":"type-product","3":"status-publish","4":"has-post-thumbnail","6":"product_cat-bucket-cylinders","7":"product_tag-bucket-cylinders","8":"product_tag-hydraulic-cylinders","10":"first","11":"instock","12":"shipping-taxable","13":"product-type-simple"},"amp_enabled":true,"_links":{"self":[{"href":"https:\/\/www.hydraulic-cylinders.net\/tr\/wp-json\/wp\/v2\/product\/15650","targetHints":{"allow":["GET"]}}],"collection":[{"href":"https:\/\/www.hydraulic-cylinders.net\/tr\/wp-json\/wp\/v2\/product"}],"about":[{"href":"https:\/\/www.hydraulic-cylinders.net\/tr\/wp-json\/wp\/v2\/types\/product"}],"replies":[{"embeddable":true,"href":"https:\/\/www.hydraulic-cylinders.net\/tr\/wp-json\/wp\/v2\/comments?post=15650"}],"wp:featuredmedia":[{"embeddable":true,"href":"https:\/\/www.hydraulic-cylinders.net\/tr\/wp-json\/wp\/v2\/media\/14776"}],"wp:attachment":[{"href":"https:\/\/www.hydraulic-cylinders.net\/tr\/wp-json\/wp\/v2\/media?parent=15650"}],"wp:term":[{"taxonomy":"product_brand","embeddable":true,"href":"https:\/\/www.hydraulic-cylinders.net\/tr\/wp-json\/wp\/v2\/product_brand?post=15650"},{"taxonomy":"product_cat","embeddable":true,"href":"https:\/\/www.hydraulic-cylinders.net\/tr\/wp-json\/wp\/v2\/product_cat?post=15650"},{"taxonomy":"product_tag","embeddable":true,"href":"https:\/\/www.hydraulic-cylinders.net\/tr\/wp-json\/wp\/v2\/product_tag?post=15650"}],"curies":[{"name":"wp","href":"https:\/\/api.w.org\/{rel}","templated":true}]}}