{"id":15654,"date":"2025-01-19T14:48:09","date_gmt":"2025-01-19T14:48:09","guid":{"rendered":"https:\/\/www.hydraulic-cylinders.net\/product\/bucket-cylinder-for-sdlg-middle-excavator-lg6250e\/"},"modified":"2025-01-19T14:48:11","modified_gmt":"2025-01-19T14:48:11","slug":"bucket-cylinder-for-sdlg-middle-excavator-lg6250e","status":"publish","type":"product","link":"https:\/\/www.hydraulic-cylinders.net\/tr\/urun\/bucket-cylinder-for-sdlg-middle-excavator-lg6250e\/","title":{"rendered":"SDLG LG6250E Orta Ekskavat\u00f6r \u0130\u00e7in Kep\u00e7e Silindiri"},"content":{"rendered":"<h1>SDLG LG6250E Orta Ekskavat\u00f6r \u0130\u00e7in Kep\u00e7e Silindiri<\/h1>\n<h2>girii\u015f<\/h2>\n<h3>Tan\u0131m<\/h3>\n<p>SDLG LG6250E Orta Ekskavat\u00f6r i\u00e7in Kep\u00e7e Silindiri, ekskavat\u00f6rler, kaz\u0131c\u0131lar ve y\u00fckleyiciler gibi a\u011f\u0131r makinelerde kep\u00e7enin hareketini kontrol etmek i\u00e7in \u00f6zel olarak tasarlanm\u0131\u015f bir hidrolik silindirdir. Ana i\u015flevi, malzeme ta\u015f\u0131ma i\u015flemlerini kolayla\u015ft\u0131rmak i\u00e7in kep\u00e7enin kald\u0131r\u0131lmas\u0131n\u0131, indirilmesini ve e\u011filmesini sa\u011flamakt\u0131r. Hidrolik sistemde, Kep\u00e7e Silindiri, kep\u00e7enin hassas kontrol\u00fcn\u00fc sa\u011flamak i\u00e7in hidrolik ya\u011f\u0131n bas\u0131n\u00e7 de\u011fi\u015fimini kullan\u0131r ve operat\u00f6rlerin a\u011f\u0131r y\u00fckleri verimli bir \u015fekilde ta\u015f\u0131mas\u0131na, karma\u015f\u0131k \u00e7al\u0131\u015fma ortamlar\u0131na ve \u00e7e\u015fitli operasyonel ihtiya\u00e7lara uyum sa\u011flamas\u0131na olanak tan\u0131r.<\/p>\n<p><img decoding=\"async\" src=\"https:\/\/www.hydraulic-cylinders.net\/wp-content\/uploads\/2025\/01\/songte-company-2.webp\" alt=\"SDLG LG6250E Orta Ekskavat\u00f6r i\u00e7in Kep\u00e7e Silindiri\"><\/p>\n<h3>\u00d6zellikler<\/h3>\n<ul>\n<li><strong>Y\u00fcksek mukavemet ve dayan\u0131kl\u0131l\u0131k:<\/strong> Genellikle y\u00fcksek mukavemetli \u00e7elik veya al\u00fcminyumdan \u00fcretilen bu malzeme, y\u00fcksek bas\u0131nca ve a\u011f\u0131r y\u00fcklere dayanabilme \u00f6zelli\u011fine sahip olup zorlu \u00e7al\u0131\u015fma ortamlar\u0131na uyum sa\u011flar. Tasar\u0131m\u0131nda a\u015f\u0131nma direnci ve korozyon direnci dikkate al\u0131narak kullan\u0131m \u00f6mr\u00fc uzat\u0131l\u0131r.<\/li>\n<li><strong>Verimli hidrolik \u00e7al\u0131\u015fma:<\/strong> Hidrolik ya\u011f\u0131n bas\u0131nc\u0131n\u0131 kullanarak d\u00fczg\u00fcn bir germe hareketi sa\u011flayan bu cihaz, kontrol komutlar\u0131na h\u0131zl\u0131 bir \u015fekilde yan\u0131t verebilir, g\u00fc\u00e7l\u00fc itme ve \u00e7ekme kuvveti sa\u011flayabilir ve a\u011f\u0131r y\u00fcklerin ve karma\u015f\u0131k operasyonel g\u00f6revlerin \u00fcstesinden gelmek i\u00e7in uygundur.<\/li>\n<li><strong>\u00c7e\u015fitli t\u00fcrleri:<\/strong> Tek y\u00f6nl\u00fc (hidroli\u011fin tek y\u00f6nde kullan\u0131ld\u0131\u011f\u0131) veya \u00e7ift y\u00f6nl\u00fc (hidroli\u011fin her iki y\u00f6nde kullan\u0131ld\u0131\u011f\u0131) silindirler, farkl\u0131 \u00e7al\u0131\u015fma gereksinimlerini kar\u015f\u0131lamak \u00fczere ihtiya\u00e7lara g\u00f6re se\u00e7ilebilir. Baz\u0131 modeller teleskopiktir ve d\u0131\u015f boyutlar\u0131 art\u0131rmadan daha fazla uzatmaya olanak tan\u0131r; bu da s\u0131n\u0131rl\u0131 alana sahip uygulamalar i\u00e7in uygundur.<\/li>\n<li><strong>De\u011fi\u015ftirilebilir:<\/strong> \u00dcr\u00fcn\u00fcm\u00fcz bu hidrolik silindirlerin yerine m\u00fckemmel bir \u015fekilde ge\u00e7ebilmektedir.<\/li>\n<\/ul>\n<p><img decoding=\"async\" src=\"https:\/\/www.hydraulic-cylinders.net\/wp-content\/uploads\/2025\/01\/songte-cylinder-head-with-all-kinds-excavator-models.webp\" alt=\"SDLG LG6250E Orta Ekskavat\u00f6r i\u00e7in Kep\u00e7e Silindiri\"><\/p>\n<h2>Uygulamalar<\/h2>\n<p><strong>\u0130n\u015faat ekipmanlar\u0131:<\/strong> Ekskavat\u00f6rlerde, toprak veya molozun kaz\u0131lmas\u0131, y\u00fcklenmesi ve ta\u015f\u0131nmas\u0131 i\u00e7in hayati \u00f6neme sahiptirler. Kaz\u0131c\u0131 ekskavat\u00f6rlerde, kova silindiri hem kazmaya hem de kald\u0131rmaya yard\u0131mc\u0131 olur. \u0130n\u015faatta kullan\u0131lan \u00f6n y\u00fckleyicilerde ise y\u00fcklerin verimli bir \u015fekilde kald\u0131r\u0131lmas\u0131na ve bo\u015falt\u0131lmas\u0131na yard\u0131mc\u0131 olurlar.<\/p>\n<p><strong>Tar\u0131m makineleri:<\/strong> \u00d6n y\u00fckleyicilerde toprak, saman ve di\u011fer malzemeleri kep\u00e7eyle almak, kald\u0131rmak ve ta\u015f\u0131mak i\u00e7in kullan\u0131l\u0131r. Ekskavat\u00f6rlerde ise kep\u00e7e silindiri, kep\u00e7enin topra\u011fa n\u00fcfuz etmesini sa\u011flayarak kazmay\u0131 m\u00fcmk\u00fcn k\u0131lar.<\/p>\n<h2>Tasar\u0131m Hususlar\u0131 ve Se\u00e7im Kriterleri<\/h2>\n<h3>Y\u00fck Ta\u015f\u0131ma Kapasitesi<\/h3>\n<p>Kova silindiri, a\u011f\u0131r y\u00fckleri ve y\u00fcksek bas\u0131n\u00e7lar\u0131 ta\u015f\u0131yacak \u015fekilde tasarlanm\u0131\u015ft\u0131r ve zorlu \u00e7al\u0131\u015fma ko\u015fullar\u0131nda bile etkili bir \u015fekilde \u00e7al\u0131\u015fmas\u0131n\u0131 sa\u011flar. Kullan\u0131m s\u0131ras\u0131nda hasar veya ar\u0131zay\u0131 \u00f6nlemek i\u00e7in yeterli y\u00fck ta\u015f\u0131ma kapasitesine sahip bir silindir se\u00e7mek \u00e7ok \u00f6nemlidir.<\/p>\n<h3>S\u0131zd\u0131rmazl\u0131k ve Dayan\u0131kl\u0131l\u0131k<\/h3>\n<p>Kova silindiri, piston contalar\u0131, mil contalar\u0131 vb. gibi hidrolik ya\u011f s\u0131z\u0131nt\u0131lar\u0131n\u0131 \u00f6nlemek i\u00e7in \u00e7e\u015fitli contalar kullan\u0131r. Contalar, poli\u00fcretan ve nitril kau\u00e7uk gibi a\u015f\u0131nmaya dayan\u0131kl\u0131 malzemelerden yap\u0131lm\u0131\u015ft\u0131r. Silindir g\u00f6vdesi ve di\u015fli u\u00e7 y\u00fczeyi, a\u015f\u0131nma direncini art\u0131rmak i\u00e7in ince bir \u015fekilde i\u015flenmi\u015ftir. D\u00fczenli olarak uygun miktarda hidrolik ya\u011f eklemek, silindirin ya\u011flanmas\u0131na ve dayan\u0131kl\u0131l\u0131\u011f\u0131n\u0131n sa\u011flanmas\u0131na yard\u0131mc\u0131 olur.<\/p>\n<p><img decoding=\"async\" src=\"https:\/\/www.hydraulic-cylinders.net\/wp-content\/uploads\/2025\/01\/songte-oil-pipes-and-spare-parts.webp\" alt=\"SDLG LG6250E Orta Ekskavat\u00f6r i\u00e7in Kep\u00e7e Silindiri\"><\/p>\n<h2>Bak\u0131m ve Onar\u0131m<\/h2>\n<p>Kova silindirinin kullan\u0131m \u00f6mr\u00fcn\u00fc uzatmaya yard\u0131mc\u0131 olabilecek yayg\u0131n bak\u0131m i\u015flemleri aras\u0131nda d\u00fczenli kontroller, uygun ya\u011flama ve kalibrasyon kontrolleri yer almaktad\u0131r. Silindirin do\u011fru \u015fekilde \u00e7al\u0131\u015fmas\u0131n\u0131 sa\u011flamak i\u00e7in do\u011fru montaj, ya\u011flama ve ayarlama \u015fartt\u0131r. Silindiri sabitlemek i\u00e7in uygun montaj braketlerinin kullan\u0131lmas\u0131 \u00f6nerilir. \u00d6nerilen inceleme, onar\u0131m ve de\u011fi\u015ftirme prosed\u00fcrleri, yedek par\u00e7alar ve yeniden yap\u0131land\u0131rma hizmetleri, silindirin kullan\u0131m \u00f6mr\u00fcn\u00fc iyile\u015ftirmeye yard\u0131mc\u0131 olabilir.<\/p>\n<p><img decoding=\"async\" src=\"https:\/\/www.hydraulic-cylinders.net\/wp-content\/uploads\/2025\/01\/songte-chushion-collar.webp\" alt=\"SDLG LG6250E Orta Ekskavat\u00f6r i\u00e7in Kep\u00e7e Silindiri\"><\/p>\n<h2>G\u00fcvenlik Hususlar\u0131 ve \u00c7evresel Fakt\u00f6rler<\/h2>\n<p>Kova silindiri kullan\u0131l\u0131rken g\u00fcvenlik \u00f6nlemleri son derece \u00f6nemlidir. Makine \u00e7al\u0131\u015ft\u0131r\u0131l\u0131rken uygun g\u00fcvenlik prosed\u00fcrlerine uyulmas\u0131 ve koruyucu ekipman kullan\u0131lmas\u0131 \u015fartt\u0131r. Silindirin tasar\u0131m\u0131 ayr\u0131ca korozyon direnci ve silindirin b\u00fct\u00fcnl\u00fc\u011f\u00fcn\u00fc korumak i\u00e7in uygun malzemelerin kullan\u0131m\u0131 gibi \u00e7evresel fakt\u00f6rleri de dikkate al\u0131r.<\/p>\n<h2>S\u0131k Kar\u015f\u0131la\u015f\u0131lan Sorunlar\u0131n Te\u015fhisi ve Giderilmesi<\/h2>\n<p>Kova silindiri, hidrolik ya\u011f s\u0131z\u0131nt\u0131s\u0131, yetersiz veya hi\u00e7 tepki vermeme veya uzatma veya geri \u00e7ekme yetersizli\u011fi gibi \u00e7e\u015fitli sorunlarla kar\u015f\u0131la\u015fabilir. Contalar\u0131n, hidrolik s\u0131v\u0131 seviyesinin ve silindirin ta\u015f\u0131ma kapasitesinin kontrol edilmesi, yayg\u0131n sorunlar\u0131n te\u015fhis edilmesine ve \u00e7\u00f6z\u00fclmesine yard\u0131mc\u0131 olabilir. D\u00fczenli kontroller, uygun ya\u011flama ve kalibrasyon kontrolleri gibi \u00f6nleyici tedbirler, potansiyel sorunlar\u0131 azaltmaya yard\u0131mc\u0131 olabilir.<\/p>\n<p><img decoding=\"async\" src=\"https:\/\/www.hydraulic-cylinders.net\/wp-content\/uploads\/2025\/01\/songte-bushings-with-all-kinds-of-excavator-models.webp\" alt=\"SDLG LG6250E Orta Ekskavat\u00f6r i\u00e7in Kep\u00e7e Silindiri\"><\/p>\n<h2>Hakk\u0131m\u0131zda<\/h2>\n<p>Biz, hidrolik silindir yedek par\u00e7alar\u0131 \u00fcreticisiyiz. \u015eirketimiz, eksiksiz bir \u00fcr\u00fcn yelpazesine sahip olup, hem yurt i\u00e7i hem de uluslararas\u0131 pazarlarda hidrolik silindirlerin \u00f6nde gelen \u00fcreticilerinden ve toptanc\u0131lar\u0131ndan biri haline gelmi\u015ftir. M\u00fckemmel kalite ilkesine ba\u011fl\u0131 kalarak, \u00f6zenle tasarlanm\u0131\u015f \u00fcretim at\u00f6lyelerinde end\u00fcstriyel \u00fcretim y\u00f6netim stratejilerine g\u00fcveniyoruz. Teknoloji yetenekleri, dijital y\u00fcksek teknoloji \u00fcretim ekipmanlar\u0131 ve profesyonel test sistemleri kullanarak, \u00fcretim platformunu s\u00fcrekli geli\u015ftiriyor, \u00fcr\u00fcn\u00fcn kalite \u00fcretim s\u00fcrecini iyile\u015ftiriyor ve g\u00fc\u00e7l\u00fc bir yarat\u0131c\u0131l\u0131k yetene\u011fine sahibiz. Y\u00fcksek verimlilik, y\u00fcksek hassasiyet ve y\u00fcksek kalite ilkeleriyle \u00e7e\u015fitli m\u00fc\u015fteri ihtiya\u00e7lar\u0131n\u0131 kar\u015f\u0131lamay\u0131 hedefliyoruz.<\/p>\n<p><img decoding=\"async\" src=\"https:\/\/hzpt.com\/wp-content\/uploads\/2024\/11\/songte-company-1.webp\" alt=\"SDLG LG6250E Orta Ekskavat\u00f6r i\u00e7in Kep\u00e7e Silindiri\"><\/p>\n<h3>Profesyonellik<\/h3>\n<p>\u015eirketimiz, hidrolik silindirlerin \u00fcretimi, tasar\u0131m\u0131 ve bak\u0131m\u0131 konusunda uzmanla\u015fm\u0131\u015f deneyimli profesyonellerden olu\u015fan bir ekibe sahiptir. M\u00fc\u015fterilerimize en iyi \u00fcr\u00fcn ve hizmetleri sunmay\u0131 hedefliyoruz.<\/p>\n<h3>Uluslararas\u0131 Sertifikasyon<\/h3>\n<p>\u015eirketimiz, \u00fcr\u00fcnlerimizin uluslararas\u0131 standartlara ve kalite gereksinimlerine uygunlu\u011funu sa\u011flamak amac\u0131yla ISO 9001:2015 ve CE gibi \u00e7e\u015fitli uluslararas\u0131 sertifikalar alm\u0131\u015ft\u0131r.<\/p>\n<h3>\u00d6zelle\u015ftirilmi\u015f Hizmetler<\/h3>\n<p>M\u00fc\u015fterilerin \u00f6zel ihtiya\u00e7lar\u0131n\u0131 kar\u015f\u0131lamak \u00fczere, \u00f6zel boyutlar ve tasar\u0131mlar gibi \u00f6zelle\u015ftirilmi\u015f hizmetler sunarak \u00fcr\u00fcn\u00fcn m\u00fc\u015fteri gereksinimlerini kar\u015f\u0131lamas\u0131n\u0131 sa\u011fl\u0131yoruz.<\/p>\n<h3>\u00dcretim Ekipmanlar\u0131<\/h3>\n<p>\u015eirketimiz, \u00fcr\u00fcnlerimizin kalitesini ve do\u011frulu\u011funu sa\u011flamak i\u00e7in dijital, y\u00fcksek teknoloji \u00fcr\u00fcn\u00fc \u00fcretim ekipmanlar\u0131 ve profesyonel test sistemleri kullanmaktad\u0131r.<\/p>\n<h3>Sat\u0131\u015f Sonras\u0131 Hizmet<\/h3>\n<p>\u015eirketimiz, m\u00fc\u015fteri memnuniyetini sa\u011flamak amac\u0131yla \u00fcr\u00fcn bak\u0131m\u0131, onar\u0131m\u0131 ve de\u011fi\u015fimi gibi g\u00fcvenilir sat\u0131\u015f sonras\u0131 hizmetler sunmaktad\u0131r.<\/p>\n<h4>Yazar: lyl<\/h4>","protected":false},"excerpt":{"rendered":"<p>Bucket Cylinder For SDLG Middle Excavator LG6250E Introduction Definition The Bucket Cylinder for SDLG Middle Excavator LG6250E is a specially designed hydraulic cylinder mainly used to control the movement of the bucket in heavy machinery like excavators, backhoes, and loaders. Its main function is to make the bucket lift, lower and tilt for easy material [&hellip;]<\/p>","protected":false},"featured_media":14765,"comment_status":"open","ping_status":"closed","template":"","meta":{"_et_pb_use_builder":"","_et_pb_old_content":"","_et_gb_content_width":""},"product_brand":[],"product_cat":[1494],"product_tag":[1495,1496],"class_list":{"0":"post-15654","1":"product","2":"type-product","3":"status-publish","4":"has-post-thumbnail","6":"product_cat-bucket-cylinders","7":"product_tag-bucket-cylinders","8":"product_tag-hydraulic-cylinders","10":"first","11":"instock","12":"shipping-taxable","13":"product-type-simple"},"amp_enabled":true,"_links":{"self":[{"href":"https:\/\/www.hydraulic-cylinders.net\/tr\/wp-json\/wp\/v2\/product\/15654","targetHints":{"allow":["GET"]}}],"collection":[{"href":"https:\/\/www.hydraulic-cylinders.net\/tr\/wp-json\/wp\/v2\/product"}],"about":[{"href":"https:\/\/www.hydraulic-cylinders.net\/tr\/wp-json\/wp\/v2\/types\/product"}],"replies":[{"embeddable":true,"href":"https:\/\/www.hydraulic-cylinders.net\/tr\/wp-json\/wp\/v2\/comments?post=15654"}],"wp:featuredmedia":[{"embeddable":true,"href":"https:\/\/www.hydraulic-cylinders.net\/tr\/wp-json\/wp\/v2\/media\/14765"}],"wp:attachment":[{"href":"https:\/\/www.hydraulic-cylinders.net\/tr\/wp-json\/wp\/v2\/media?parent=15654"}],"wp:term":[{"taxonomy":"product_brand","embeddable":true,"href":"https:\/\/www.hydraulic-cylinders.net\/tr\/wp-json\/wp\/v2\/product_brand?post=15654"},{"taxonomy":"product_cat","embeddable":true,"href":"https:\/\/www.hydraulic-cylinders.net\/tr\/wp-json\/wp\/v2\/product_cat?post=15654"},{"taxonomy":"product_tag","embeddable":true,"href":"https:\/\/www.hydraulic-cylinders.net\/tr\/wp-json\/wp\/v2\/product_tag?post=15654"}],"curies":[{"name":"wp","href":"https:\/\/api.w.org\/{rel}","templated":true}]}}