{"id":15663,"date":"2025-01-19T14:48:44","date_gmt":"2025-01-19T14:48:44","guid":{"rendered":"https:\/\/www.hydraulic-cylinders.net\/product\/bucket-cylinder-for-jonyang-small-excavator-jy615eld\/"},"modified":"2025-01-19T14:48:46","modified_gmt":"2025-01-19T14:48:46","slug":"bucket-cylinder-for-jonyang-small-excavator-jy615eld","status":"publish","type":"product","link":"https:\/\/www.hydraulic-cylinders.net\/tr\/urun\/bucket-cylinder-for-jonyang-small-excavator-jy615eld\/","title":{"rendered":"Jonyang JY615ELD K\u00fc\u00e7\u00fck Ekskavat\u00f6r \u0130\u00e7in Kep\u00e7e Silindiri"},"content":{"rendered":"<h1>Jonyang JY615ELD K\u00fc\u00e7\u00fck Ekskavat\u00f6r \u0130\u00e7in Kep\u00e7e Silindiri<\/h1>\n<h2>girii\u015f<\/h2>\n<p>Kep\u00e7e silindiri, ekskavat\u00f6rler, kaz\u0131c\u0131 y\u00fckleyiciler ve \u00f6n y\u00fckleyiciler gibi a\u011f\u0131r makinelerde kep\u00e7enin hareketini kontrol etmek i\u00e7in kullan\u0131lan \u00f6zel olarak tasarlanm\u0131\u015f bir hidrolik silindirdir. Ana i\u015flevi, kep\u00e7enin kald\u0131r\u0131lmas\u0131n\u0131, indirilmesini ve e\u011filmesini sa\u011flayarak \u00e7e\u015fitli malzeme ta\u015f\u0131ma g\u00f6revlerini kolayla\u015ft\u0131rmakt\u0131r. Hidrolik sistemde, kep\u00e7e silindiri, kep\u00e7enin hassas hareketlerini kontrol etmek i\u00e7in hidrolik ya\u011f\u0131n bas\u0131n\u00e7 de\u011fi\u015fimini kullan\u0131r ve operat\u00f6rlerin a\u011f\u0131r y\u00fckleri verimli bir \u015fekilde ta\u015f\u0131mas\u0131n\u0131, karma\u015f\u0131k \u00e7al\u0131\u015fma ortamlar\u0131na ve \u00e7e\u015fitli operasyonel gereksinimlere uyum sa\u011flamas\u0131n\u0131 m\u00fcmk\u00fcn k\u0131lar.<\/p>\n<p><img decoding=\"async\" src=\"https:\/\/www.hydraulic-cylinders.net\/wp-content\/uploads\/2025\/01\/songte-company-2.webp\" alt=\"Jonyang JY615ELD K\u00fc\u00e7\u00fck Ekskavat\u00f6r \u0130\u00e7in Kep\u00e7e Silindiri\"><\/p>\n<h2>\u00d6zellikler<\/h2>\n<ul>\n<li>Y\u00fcksek Mukavemet ve Dayan\u0131kl\u0131l\u0131k: Genellikle y\u00fcksek mukavemetli \u00e7elik veya al\u00fcminyumdan \u00fcretilen bu \u00fcr\u00fcn, y\u00fcksek bas\u0131nca ve a\u011f\u0131r y\u00fcklere dayanabilir, zorlu \u00e7al\u0131\u015fma ortamlar\u0131na uyum sa\u011flar ve kullan\u0131m \u00f6mr\u00fcn\u00fc uzatmak i\u00e7in a\u015f\u0131nma direnci ve korozyon direnci g\u00f6z \u00f6n\u00fcnde bulundurularak tasarlanm\u0131\u015ft\u0131r.<\/li>\n<li>Verimli Hidrolik \u0130\u015flemler: Hidrolik ya\u011f\u0131n bas\u0131nc\u0131n\u0131 kullanarak d\u00fczg\u00fcn uzatma ve geri \u00e7ekme hareketleri ger\u00e7ekle\u015ftirir, kontrol komutlar\u0131na h\u0131zl\u0131 yan\u0131t verebilir, g\u00fc\u00e7l\u00fc itme ve \u00e7ekme kuvvetleri sa\u011flayabilir ve a\u011f\u0131r y\u00fcklerin ve karma\u015f\u0131k i\u015fletme g\u00f6revlerinin \u00fcstesinden gelmek i\u00e7in uygundur.<\/li>\n<li>\u00c7e\u015fitli Tipler: Farkl\u0131 \u00e7al\u0131\u015fma gereksinimlerini kar\u015f\u0131lamak i\u00e7in ihtiya\u00e7lara g\u00f6re tek etkili (hidrolik sadece tek y\u00f6nde kullan\u0131l\u0131r) veya \u00e7ift etkili (hidrolik her iki y\u00f6nde de kullan\u0131l\u0131r) silindirler se\u00e7ilebilir. Baz\u0131 modeller teleskopiktir ve d\u0131\u015f boyutlar\u0131 art\u0131rmadan daha fazla uzatmaya olanak tan\u0131r, bu da s\u0131n\u0131rl\u0131 alana sahip uygulamalar i\u00e7in uygundur.<\/li>\n<li>De\u011fi\u015ftirilebilir: \u00dcr\u00fcnlerimiz bu hidrolik silindirlerin yerine m\u00fckemmel \u015fekilde kullan\u0131labilir.<\/li>\n<\/ul>\n<p><img decoding=\"async\" src=\"https:\/\/www.hydraulic-cylinders.net\/wp-content\/uploads\/2025\/01\/songte-cylinder-head-with-all-kinds-excavator-models.webp\" alt=\"Jonyang JY615ELD K\u00fc\u00e7\u00fck Ekskavat\u00f6r \u0130\u00e7in Kep\u00e7e Silindiri\"><\/p>\n<h2>Uygulamalar<\/h2>\n<ul>\n<li>\u0130n\u015faat Ekipmanlar\u0131: Ekskavat\u00f6rlerde, toprak veya moloz kazma, y\u00fckleme ve ta\u015f\u0131ma i\u015flemlerinde hayati \u00f6neme sahiptirler. Kaz\u0131c\u0131 y\u00fckleyicilerde ise kova silindiri kazma ve kald\u0131rma i\u015flemlerine yard\u0131mc\u0131 olur. <\/li>\n<li>Tar\u0131m Makineleri: \u00d6n y\u00fckleyiciler, toprak, saman ve di\u011fer malzemelerin toplanmas\u0131, kald\u0131r\u0131lmas\u0131 ve ta\u015f\u0131nmas\u0131 i\u00e7in kullan\u0131l\u0131r. <\/li>\n<li>Ekskavat\u00f6rler: Kova silindiri, kovan\u0131n topra\u011fa n\u00fcfuz etmesini sa\u011flayarak kazma i\u015flemini ger\u00e7ekle\u015ftirir. <\/li>\n<li>\u00d6n y\u00fckleyici: \u00d6n y\u00fckleyicilerde, mallar\u0131n etkili bir \u015fekilde kald\u0131r\u0131lmas\u0131na ve devrilmesine yard\u0131mc\u0131 olurlar. <\/li>\n<\/ul>\n<h2>Tasar\u0131m ve Se\u00e7im Kriterleri<\/h2>\n<ul>\n<li>Ta\u015f\u0131ma Kapasitesi: Silindirin ta\u015f\u0131ma kapasitesi tasar\u0131mda son derece \u00f6nemlidir. Bu, silindirin a\u011f\u0131r y\u00fckleri ar\u0131za yapmadan ta\u015f\u0131yabilmesini sa\u011flayacakt\u0131r.<\/li>\n<li>S\u0131zd\u0131rmazl\u0131k: Hidrolik silindirlerin tasar\u0131m\u0131nda, uygun s\u0131zd\u0131rmazl\u0131\u011f\u0131 sa\u011flamak i\u00e7in piston contalar\u0131, mil contalar\u0131 vb. \u00e7e\u015fitli s\u0131zd\u0131rmazl\u0131k bile\u015fenleri kullan\u0131l\u0131r. <\/li>\n<li>Dayan\u0131kl\u0131l\u0131k: Hidrolik silindirler, a\u015f\u0131r\u0131 s\u0131cakl\u0131klar, y\u00fcksek nem ve a\u015f\u0131nd\u0131r\u0131c\u0131 maddelere maruz kalma gibi zorlu \u00e7al\u0131\u015fma ortamlar\u0131na dayanabilmelidir. <\/li>\n<li>G\u00fcvenlik: Hidrolik silindirin tasar\u0131m\u0131nda, olas\u0131 s\u0131z\u0131nt\u0131lar ve di\u011fer ar\u0131zalar gibi kullan\u0131m\u0131na ba\u011fl\u0131 riskler dikkate al\u0131nmal\u0131d\u0131r. <\/li>\n<li>Bak\u0131m: Hidrolik silindirler, bak\u0131m\u0131 kolayla\u015ft\u0131racak ve kolayca onar\u0131labilecek \u015fekilde tasarlanmal\u0131d\u0131r.<\/li>\n<\/ul>\n<p><img decoding=\"async\" src=\"https:\/\/www.hydraulic-cylinders.net\/wp-content\/uploads\/2025\/01\/songte-oil-pipes-and-spare-parts.webp\" alt=\"Jonyang JY615ELD K\u00fc\u00e7\u00fck Ekskavat\u00f6r \u0130\u00e7in Kep\u00e7e Silindiri\"><\/p>\n<h2>S\u0131zd\u0131rmazl\u0131k ve Ya\u011flama<\/h2>\n<p>Hidrolik silindirlerin tasar\u0131m\u0131nda, uygun s\u0131zd\u0131rmazl\u0131\u011f\u0131 sa\u011flamak i\u00e7in piston contalar\u0131, mil contalar\u0131 vb. gibi \u00e7e\u015fitli s\u0131zd\u0131rmazl\u0131k bile\u015fenleri kullan\u0131l\u0131r. Contalar, kolayca a\u015f\u0131nmamalar\u0131 i\u00e7in poli\u00fcretan ve nitril kau\u00e7uk gibi a\u015f\u0131nmaya dayan\u0131kl\u0131 malzemelerden yap\u0131l\u0131r. Do\u011fru ya\u011flama, hidrolik silindirin d\u00fczg\u00fcn \u00e7al\u0131\u015fmas\u0131n\u0131 sa\u011flamak ve hizmet \u00f6mr\u00fcn\u00fc uzatmak i\u00e7in \u00e7ok \u00f6nemlidir. D\u00fczenli olarak uygun miktarda hidrolik ya\u011f eklemek gereklidir.<\/p>\n<h2>\u00d6nleyici Bak\u0131m ve Ar\u0131za Giderme<\/h2>\n<p>A\u015fa\u011f\u0131da al\u0131nmas\u0131 gereken baz\u0131 \u00f6nleyici bak\u0131m \u00f6nlemleri yer almaktad\u0131r:<\/p>\n<ul>\n<li>D\u00fczenli kontroller: Hidrolik silindiri s\u0131z\u0131nt\u0131, hasar ve a\u015f\u0131nma a\u00e7\u0131s\u0131ndan kontrol edin.<\/li>\n<li>Uygun ya\u011flama: Silindirin ve bile\u015fenlerinin uygun \u015fekilde ya\u011flanmas\u0131, optimum performans i\u00e7in gereklidir.<\/li>\n<li>Conta de\u011fi\u015fimi: Contalar a\u015f\u0131nma veya hasar belirtileri g\u00f6sterdi\u011finde de\u011fi\u015ftirilmelidir.<\/li>\n<\/ul>\n<p>Hidrolik silindir ar\u0131zalan\u0131rsa, yetersiz bas\u0131n\u00e7, s\u0131z\u0131nt\u0131 ve silindir duvarlar\u0131nda hasar gibi baz\u0131 yayg\u0131n sorunlar\u0131n kontrol edilmesi gerekir. Bu sorunlar\u0131 gidermek i\u00e7in \u00fcreticinin talimatlar\u0131na bak\u0131n. Bu sorunlar\u0131n olu\u015fmas\u0131n\u0131 \u00f6nlemek i\u00e7in her zaman do\u011fru kurulum ve bak\u0131m prosed\u00fcrlerini izleyin.<\/p>\n<p><img decoding=\"async\" src=\"https:\/\/www.hydraulic-cylinders.net\/wp-content\/uploads\/2025\/01\/songte-bushings-with-all-kinds-of-excavator-models.webp\" alt=\"Jonyang JY615ELD K\u00fc\u00e7\u00fck Ekskavat\u00f6r \u0130\u00e7in Kep\u00e7e Silindiri\"><\/p>\n<h2>Hakk\u0131m\u0131zda<\/h2>\n<p>Hem yurt i\u00e7i hem de yurt d\u0131\u015f\u0131 pazarlar i\u00e7in geni\u015f bir yelpazede hidrolik silindir \u00fcretimi ve da\u011f\u0131t\u0131m\u0131nda uzmanla\u015fm\u0131\u015f bir hidrolik silindir \u00fcreticisiyiz. M\u00fckemmel kaliteye ba\u011fl\u0131 kalarak, \u00f6zenle tasarlanm\u0131\u015f at\u00f6lyelerimizdeki \u00fcretim y\u00f6netim stratejilerinin end\u00fcstrile\u015fmesine g\u00fcveniyoruz ve at\u00f6lye \u00fcretim platformlar\u0131m\u0131z\u0131 s\u00fcrekli geli\u015ftirerek \u00fcr\u00fcn kalitesi \u00fcretim s\u00fcre\u00e7lerini m\u00fckemmelle\u015ftiriyoruz. \u015eirketimiz, geni\u015f bir m\u00fc\u015fteri yelpazesinin ihtiya\u00e7lar\u0131n\u0131 kar\u015f\u0131lamak i\u00e7in y\u00fcksek verimlilik, y\u00fcksek hassasiyet ve y\u00fcksek kalite prensibini hayata ge\u00e7irme konusunda g\u00fc\u00e7l\u00fc bir yetene\u011fe sahiptir.<\/p>\n<p>\u015eirketimiz profesyonel ve uluslararas\u0131 sertifikal\u0131 \u00f6zel \u00fcretim hizmetleri, geli\u015fmi\u015f \u00fcretim ekipmanlar\u0131 ve sat\u0131\u015f sonras\u0131 hizmetler sunmaktad\u0131r.<\/p>\n<p><img decoding=\"async\" src=\"https:\/\/hzpt.com\/wp-content\/uploads\/2024\/11\/songte-company-1.webp\" alt=\"Jonyang JY615ELD K\u00fc\u00e7\u00fck Ekskavat\u00f6r \u0130\u00e7in Kep\u00e7e Silindiri\"><\/p>\n<p>Bu makalenin yazar\u0131 lyl'dir.<\/p>","protected":false},"excerpt":{"rendered":"<p>Bucket Cylinder For Jonyang Small Excavator JY615ELD Introduction The bucket cylinder is a specially designed hydraulic cylinder used to control the movement of the bucket in heavy machinery such as excavators, backhoe loaders, and front-end loaders. Its main function is to enable the bucket to lift, lower, and tilt, making it easier to handle various [&hellip;]<\/p>","protected":false},"featured_media":14780,"comment_status":"open","ping_status":"closed","template":"","meta":{"_et_pb_use_builder":"","_et_pb_old_content":"","_et_gb_content_width":""},"product_brand":[],"product_cat":[1494],"product_tag":[1495,1496],"class_list":{"0":"post-15663","1":"product","2":"type-product","3":"status-publish","4":"has-post-thumbnail","6":"product_cat-bucket-cylinders","7":"product_tag-bucket-cylinders","8":"product_tag-hydraulic-cylinders","10":"first","11":"instock","12":"shipping-taxable","13":"product-type-simple"},"amp_enabled":true,"_links":{"self":[{"href":"https:\/\/www.hydraulic-cylinders.net\/tr\/wp-json\/wp\/v2\/product\/15663","targetHints":{"allow":["GET"]}}],"collection":[{"href":"https:\/\/www.hydraulic-cylinders.net\/tr\/wp-json\/wp\/v2\/product"}],"about":[{"href":"https:\/\/www.hydraulic-cylinders.net\/tr\/wp-json\/wp\/v2\/types\/product"}],"replies":[{"embeddable":true,"href":"https:\/\/www.hydraulic-cylinders.net\/tr\/wp-json\/wp\/v2\/comments?post=15663"}],"wp:featuredmedia":[{"embeddable":true,"href":"https:\/\/www.hydraulic-cylinders.net\/tr\/wp-json\/wp\/v2\/media\/14780"}],"wp:attachment":[{"href":"https:\/\/www.hydraulic-cylinders.net\/tr\/wp-json\/wp\/v2\/media?parent=15663"}],"wp:term":[{"taxonomy":"product_brand","embeddable":true,"href":"https:\/\/www.hydraulic-cylinders.net\/tr\/wp-json\/wp\/v2\/product_brand?post=15663"},{"taxonomy":"product_cat","embeddable":true,"href":"https:\/\/www.hydraulic-cylinders.net\/tr\/wp-json\/wp\/v2\/product_cat?post=15663"},{"taxonomy":"product_tag","embeddable":true,"href":"https:\/\/www.hydraulic-cylinders.net\/tr\/wp-json\/wp\/v2\/product_tag?post=15663"}],"curies":[{"name":"wp","href":"https:\/\/api.w.org\/{rel}","templated":true}]}}