{"id":15669,"date":"2025-01-19T14:49:15","date_gmt":"2025-01-19T14:49:15","guid":{"rendered":"https:\/\/www.hydraulic-cylinders.net\/product\/bucket-cylinder-for-jcm-small-excavator-913d\/"},"modified":"2025-01-19T14:49:17","modified_gmt":"2025-01-19T14:49:17","slug":"bucket-cylinder-for-jcm-small-excavator-913d","status":"publish","type":"product","link":"https:\/\/www.hydraulic-cylinders.net\/tr\/urun\/bucket-cylinder-for-jcm-small-excavator-913d\/","title":{"rendered":"JCM 913D K\u00fc\u00e7\u00fck Ekskavat\u00f6r \u0130\u00e7in Kep\u00e7e Silindiri"},"content":{"rendered":"<h1>JCM 913D K\u00fc\u00e7\u00fck Ekskavat\u00f6r \u0130\u00e7in Kep\u00e7e Silindiri<\/h1>\n<h2>girii\u015f<\/h2>\n<p>JCM 913D k\u00fc\u00e7\u00fck ekskavat\u00f6r i\u00e7in kep\u00e7e silindiri, ekskavat\u00f6rler, kaz\u0131c\u0131 y\u00fckleyiciler ve \u00f6n y\u00fckleyiciler gibi a\u011f\u0131r makinelerde kep\u00e7enin hareketini kontrol etmek i\u00e7in tasarlanm\u0131\u015f \u00f6zel bir hidrolik silindirdir. Ana i\u015flevi, kep\u00e7enin kald\u0131r\u0131lmas\u0131n\u0131, indirilmesini ve e\u011filmesini sa\u011flayarak \u00e7e\u015fitli malzeme ta\u015f\u0131ma g\u00f6revlerini kolayla\u015ft\u0131rmakt\u0131r. Hidrolik sistemde, kep\u00e7e silindiri, kep\u00e7enin hassas kontrol\u00fcn\u00fc sa\u011flamak i\u00e7in hidrolik ya\u011f bas\u0131nc\u0131ndaki de\u011fi\u015fiklikleri kullan\u0131r; bu da operat\u00f6rlerin a\u011f\u0131r y\u00fckleri verimli bir \u015fekilde ta\u015f\u0131mas\u0131na ve karma\u015f\u0131k \u00e7al\u0131\u015fma ortamlar\u0131na ve \u00e7e\u015fitli i\u015f gereksinimlerine uyum sa\u011flamas\u0131na olanak tan\u0131r.<\/p>\n<p><img src='https:\/\/www.hydraulic-cylinders.net\/wp-content\/uploads\/2025\/01\/songte-company-2.webp'><\/p>\n<h2>\u00d6zellikler<\/h2>\n<ul>\n<li>Y\u00fcksek mukavemet ve dayan\u0131kl\u0131l\u0131k: Genellikle y\u00fcksek mukavemetli \u00e7elik veya al\u00fcminyumdan \u00fcretilir, y\u00fcksek bas\u0131nca ve a\u011f\u0131r y\u00fcklere dayanabilir, zorlu \u00e7al\u0131\u015fma ortamlar\u0131 i\u00e7in uygundur, kullan\u0131m \u00f6mr\u00fcn\u00fc uzatmak i\u00e7in a\u015f\u0131nma direnci ve korozyon direnci dikkate al\u0131narak tasarlanm\u0131\u015ft\u0131r.<\/li>\n<li>Verimli hidrolik \u00e7al\u0131\u015fma: Hidrolik ya\u011f bas\u0131nc\u0131n\u0131 kullanarak d\u00fczg\u00fcn uzatma ve geri \u00e7ekme sa\u011flar, kontrol komutlar\u0131na h\u0131zl\u0131 yan\u0131t verebilir, g\u00fc\u00e7l\u00fc itme ve \u00e7ekme kuvveti sunar, a\u011f\u0131r y\u00fcklerin ve karma\u015f\u0131k i\u015f g\u00f6revlerinin \u00fcstesinden gelmek i\u00e7in uygundur.<\/li>\n<li>\u00c7e\u015fitli tipler: Farkl\u0131 \u00e7al\u0131\u015fma gereksinimlerini kar\u015f\u0131lamak i\u00e7in ihtiya\u00e7lara g\u00f6re tek etkili (hidrolik sadece tek y\u00f6nde kullan\u0131l\u0131r) veya \u00e7ift etkili (hidrolik iki y\u00f6nde kullan\u0131l\u0131r) silindirler se\u00e7ilebilir. Baz\u0131 modeller teleskopiktir ve d\u0131\u015f boyutlar\u0131 art\u0131rmadan daha fazla uzatmaya olanak tan\u0131r, bu da s\u0131n\u0131rl\u0131 alana sahip uygulamalar i\u00e7in uygundur.<\/li>\n<li>De\u011fi\u015ftirilebilir: \u00dcr\u00fcnlerimiz bu hidrolik silindirlerin yerine m\u00fckemmel \u015fekilde kullan\u0131labilir.<\/li>\n<\/ul>\n<p><img src='https:\/\/www.hydraulic-cylinders.net\/wp-content\/uploads\/2025\/01\/songte-cylinder-head-with-all-kinds-excavator-models.webp'><\/p>\n<h2>Uygulamalar<\/h2>\n<p>JCM 913D k\u00fc\u00e7\u00fck ekskavat\u00f6r i\u00e7in kova silindiri, a\u015fa\u011f\u0131dakiler dahil olmak \u00fczere \u00e7e\u015fitli senaryolarda kullan\u0131labilir:<\/p>\n<h3>\u0130n\u015faat ekipmanlar\u0131<\/h3>\n<ul>\n<li>Ekskavat\u00f6rler: Kova silindirleri, kovan\u0131n topra\u011fa n\u00fcfuz etmesini sa\u011flayarak kazma i\u015flemini m\u00fcmk\u00fcn k\u0131lar.<\/li>\n<li>Kaz\u0131c\u0131 y\u00fckleyiciler: Kep\u00e7e silindirleri hem kazmaya hem de kald\u0131rmaya yard\u0131mc\u0131 olur.<\/li>\n<li>\u00d6n y\u00fckleyiciler: \u00d6n y\u00fckleyicilerde, y\u00fck\u00fcn etkili bir \u015fekilde kald\u0131r\u0131lmas\u0131na ve bo\u015falt\u0131lmas\u0131na yard\u0131mc\u0131 olurlar.<\/li>\n<\/ul>\n<h3>Tar\u0131m makineleri<\/h3>\n<ul>\n<li>\u00d6n y\u00fckleyiciler: Toprak, saman ve di\u011fer malzemelerin y\u00fcklenmesi, kald\u0131r\u0131lmas\u0131 ve ta\u015f\u0131nmas\u0131nda kullan\u0131l\u0131r.<\/li>\n<\/ul>\n<p>Her bir uygulama daha detayl\u0131 olarak incelenebilir.<\/p>\n<h2>Tasar\u0131m Hususlar\u0131 ve Se\u00e7im Kriterleri<\/h2>\n<ul>\n<li>Ta\u015f\u0131ma kapasitesi: Silindir, maksimum y\u00fcke dayanacak \u015fekilde tasarlanmal\u0131d\u0131r.<\/li>\n<li>S\u0131zd\u0131rmazl\u0131k: Piston contalar\u0131 ve mil contalar\u0131 gibi \u00e7e\u015fitli contalar, poli\u00fcretan ve nitril kau\u00e7uk gibi a\u015f\u0131nmaya dayan\u0131kl\u0131 malzemelerden yap\u0131lmal\u0131d\u0131r.<\/li>\n<li>Dayan\u0131kl\u0131l\u0131k: Silindir, kullan\u0131m \u00f6mr\u00fcn\u00fc uzatmak i\u00e7in korozyona dayan\u0131kl\u0131 malzemeler ve y\u00fczey i\u015flemleriyle tasarlanmal\u0131d\u0131r.<\/li>\n<li>G\u00fcvenlik: Silindir, g\u00fcvenli \u00e7al\u0131\u015fma sa\u011flamak i\u00e7in uygun g\u00fcvenlik mekanizmalar\u0131yla tasarlanmal\u0131d\u0131r.<\/li>\n<li>Bak\u0131m Kolayl\u0131\u011f\u0131: Silindir, par\u00e7alar\u0131n incelenmesi ve de\u011fi\u015ftirilmesi de dahil olmak \u00fczere, bak\u0131m kolayl\u0131\u011f\u0131 g\u00f6z \u00f6n\u00fcnde bulundurularak tasarlanmal\u0131d\u0131r.<\/li>\n<\/ul>\n<p><img src='https:\/\/www.hydraulic-cylinders.net\/wp-content\/uploads\/2025\/01\/songte-oil-pipes-and-spare-parts.webp'><\/p>\n<h2>S\u0131zd\u0131rmazl\u0131k ve Ya\u011flama<\/h2>\n<p>JCM 913D k\u00fc\u00e7\u00fck ekskavat\u00f6r i\u00e7in kova silindiri, piston contalar\u0131 ve mil contalar\u0131 gibi \u00e7e\u015fitli contalar kullan\u0131r ve bunlar poli\u00fcretan ve nitril kau\u00e7uk gibi a\u015f\u0131nmaya dayan\u0131kl\u0131 malzemelerden yap\u0131lm\u0131\u015f olmal\u0131d\u0131r. Silindir g\u00f6vdesi ve di\u015fli u\u00e7 y\u00fczeyleri, a\u015f\u0131nma direncini art\u0131rmak i\u00e7in ince bir \u015fekilde i\u015flenmi\u015ftir. Sorunsuz \u00e7al\u0131\u015fma sa\u011flamak i\u00e7in d\u00fczenli olarak uygun miktarda hidrolik ya\u011f eklenerek uygun ya\u011flama sa\u011flanmal\u0131d\u0131r.<\/p>\n<h2>D\u00fczenli Muayene ve \u00d6nleyici Bak\u0131m \u00d6nlemleri<\/h2>\n<p>JCM 913D k\u00fc\u00e7\u00fck ekskavat\u00f6r\u00fcn kep\u00e7e silindirinin sorunsuz \u00e7al\u0131\u015fmas\u0131 ve uzun \u00f6m\u00fcrl\u00fc olmas\u0131 i\u00e7in d\u00fczenli kontrol ve \u00f6nleyici bak\u0131m \u00f6nlemleri \u015fartt\u0131r. A\u015fa\u011f\u0131da baz\u0131 yayg\u0131n bak\u0131m g\u00f6revleri yer almaktad\u0131r:<\/p>\n<ul>\n<li>D\u00fczenli denetim: Sorunlar\u0131 zaman\u0131nda tespit etmek i\u00e7in d\u00fczenli denetimler ger\u00e7ekle\u015ftirin.<\/li>\n<li>Uygun ya\u011flama: Sorunsuz \u00e7al\u0131\u015fma sa\u011flamak i\u00e7in silindiri \u00fcretici taraf\u0131ndan \u00f6nerilen \u015fekilde ya\u011flay\u0131n.<\/li>\n<li>S\u0131z\u0131nt\u0131lar\u0131 \u00f6nlemek ve d\u00fczg\u00fcn \u00e7al\u0131\u015fmay\u0131 sa\u011flamak i\u00e7in contalar\u0131 gerekti\u011fi gibi de\u011fi\u015ftirin.<\/li>\n<li>Kalibrasyon kontrol\u00fc: Do\u011fru konumland\u0131rma ve \u00e7al\u0131\u015fma sa\u011flamak i\u00e7in kalibrasyon kontrolleri ger\u00e7ekle\u015ftirin.<\/li>\n<\/ul>\n<p>Montaj s\u0131ras\u0131nda silindirin do\u011fru hizalanmas\u0131 konusunda uygun rehberlik sa\u011flamak ve silindiri sabitlemek i\u00e7in uygun montaj braketlerinin kullan\u0131lmas\u0131n\u0131 \u00f6nermek \u00f6nemlidir. Ayr\u0131ca, JCM 913D k\u00fc\u00e7\u00fck ekskavat\u00f6r i\u00e7in kep\u00e7e silindirinin kullan\u0131m \u00f6mr\u00fcn\u00fc uzatmak amac\u0131yla \u00f6nerilen inceleme, onar\u0131m ve de\u011fi\u015ftirme prosed\u00fcrlerimizi kullanman\u0131z\u0131 ve yeniden yap\u0131land\u0131rma hizmetleri alman\u0131z\u0131 tavsiye ederiz.<\/p>\n<p><img src='https:\/\/www.hydraulic-cylinders.net\/wp-content\/uploads\/2025\/01\/songte-chushion-collar.webp'><\/p>\n<h2>G\u00fcvenlik Hususlar\u0131 ve \u00c7evresel Fakt\u00f6rler<\/h2>\n<p>Hidrolik silindirlerin kullan\u0131m\u0131nda g\u00fcvenlik \u00f6nlemleri \u015fartt\u0131r. Kurulum ve \u00e7al\u0131\u015ft\u0131rma, \u00fcreticinin talimatlar\u0131na kesinlikle uygun olarak yap\u0131lmal\u0131d\u0131r. Yaralanmalar\u0131 \u00f6nlemek i\u00e7in uygun koruyucu ekipman kullan\u0131lmal\u0131d\u0131r. \u00c7evresel fakt\u00f6rler de dikkate al\u0131nmal\u0131 ve \u00e7evreyi korumak i\u00e7in hidrolik ya\u011f ve di\u011fer at\u0131k \u00fcr\u00fcnlerin uygun \u015fekilde bertaraf edilmesi sa\u011flanmal\u0131d\u0131r.<\/p>\n<h2>Sorun Giderme ve Yayg\u0131n Sorunlar<\/h2>\n<p>JCM 913D k\u00fc\u00e7\u00fck ekskavat\u00f6rde kova silindiri kullan\u0131l\u0131rken kar\u015f\u0131la\u015f\u0131labilecek baz\u0131 yayg\u0131n sorunlar aras\u0131nda s\u0131z\u0131nt\u0131lar, yetersiz veya a\u015f\u0131r\u0131 kuvvet ve uzatma veya geri \u00e7ekme ar\u0131zalar\u0131 yer almaktad\u0131r. Bu sorunlar\u0131 \u00e7\u00f6zmek ve potansiyel sorunlar\u0131 \u00f6nlemek i\u00e7in uygun ar\u0131za tespiti ve bak\u0131m \u00f6nlemleri al\u0131nmal\u0131d\u0131r.<\/p>\n<p><img src='https:\/\/www.hydraulic-cylinders.net\/wp-content\/uploads\/2025\/01\/songte-bushings-with-all-kinds-of-excavator-models.webp'><\/p>\n<h2>\u015eirketimiz Hakk\u0131nda<\/h2>\n<p>Hidrolik silindir \u00fcretimi konusunda uzmanla\u015fm\u0131\u015f bir \u00fcreticiyiz. \u015eirketimiz, eksiksiz bir \u00fcr\u00fcn yelpazesine sahiptir ve hem yurt i\u00e7i hem de yurt d\u0131\u015f\u0131 pazarlarda hidrolik silindirlerin \u00f6nde gelen \u00fcreticilerinden ve toptanc\u0131lar\u0131ndan biri haline gelmi\u015ftir. M\u00fckemmel kalite ilkesine ba\u011fl\u0131 kalarak, ince i\u015f\u00e7ilikle \u00fcretilmi\u015f at\u00f6lyelerimizde end\u00fcstriyel \u00fcretim y\u00f6netim stratejilerine g\u00fcveniyoruz. At\u00f6lye \u00fcretim platformumuzu s\u00fcrekli geli\u015ftiriyor, \u00fcr\u00fcn kalitesi \u00fcretim s\u00fcrecini m\u00fckemmelle\u015ftiriyor ve g\u00fc\u00e7l\u00fc bir yarat\u0131c\u0131l\u0131k yetene\u011fine sahibiz. Y\u00fcksek verimlilik, y\u00fcksek hassasiyet ve y\u00fcksek kalite ilkelerimizdir ve m\u00fc\u015fterilerimizin \u00e7e\u015fitli ihtiya\u00e7lar\u0131n\u0131 kar\u015f\u0131lamay\u0131 hedefliyoruz.<\/p>\n<p>\u015eirketimizin bir\u00e7ok avantaj\u0131 bulunmaktad\u0131r, bunlar aras\u0131nda \u015funlar yer almaktad\u0131r:<\/p>\n<ul>\n<li>Profesyonellik: Ekibimiz deneyimli m\u00fchendislerden, yetenekli i\u015f\u00e7ilerden ve profesyonel sat\u0131\u015f personelinden olu\u015fmaktad\u0131r.<\/li>\n<li>Uluslararas\u0131 Sertifikalar: \u00dcr\u00fcnlerimiz ISO9001, CE ve SGS dahil olmak \u00fczere \u00e7e\u015fitli uluslararas\u0131 sertifikalardan ge\u00e7mi\u015ftir.<\/li>\n<li>\u00d6zelle\u015ftirme Hizmetleri: Farkl\u0131 m\u00fc\u015fterilerin \u00f6zel ihtiya\u00e7lar\u0131n\u0131 kar\u015f\u0131lamak i\u00e7in \u00f6zelle\u015ftirilmi\u015f hizmetler sunuyoruz.<\/li>\n<li>\u00dcretim Ekipmanlar\u0131: \u00dcr\u00fcnlerimizin kalitesini sa\u011flamak i\u00e7in geli\u015fmi\u015f \u00fcretim ekipmanlar\u0131 kullan\u0131yoruz.<\/li>\n<li>Sat\u0131\u015f Sonras\u0131 Hizmet: M\u00fc\u015fteri memnuniyetini sa\u011flamak i\u00e7in kapsaml\u0131 sat\u0131\u015f sonras\u0131 hizmet sunuyoruz.<\/li>\n<\/ul>\n<p><img src='https:\/\/hzpt.com\/wp-content\/uploads\/2024\/11\/songte-company-1.webp'><\/p>\n<h3>Yazar: lyl.<\/h3>","protected":false},"excerpt":{"rendered":"<p>Bucket Cylinder For JCM Small Excavator 913D Introduction The bucket cylinder for JCM small excavator 913D is a specialized hydraulic cylinder designed for controlling the movement of the bucket in heavy machinery such as excavators, backhoe loaders, and front-end loaders. Its main function is to allow the bucket to lift, lower, and tilt, making it [&hellip;]<\/p>","protected":false},"featured_media":14765,"comment_status":"open","ping_status":"closed","template":"","meta":{"_et_pb_use_builder":"","_et_pb_old_content":"","_et_gb_content_width":""},"product_brand":[],"product_cat":[1494],"product_tag":[1495,1496],"class_list":{"0":"post-15669","1":"product","2":"type-product","3":"status-publish","4":"has-post-thumbnail","6":"product_cat-bucket-cylinders","7":"product_tag-bucket-cylinders","8":"product_tag-hydraulic-cylinders","10":"first","11":"instock","12":"shipping-taxable","13":"product-type-simple"},"amp_enabled":true,"_links":{"self":[{"href":"https:\/\/www.hydraulic-cylinders.net\/tr\/wp-json\/wp\/v2\/product\/15669","targetHints":{"allow":["GET"]}}],"collection":[{"href":"https:\/\/www.hydraulic-cylinders.net\/tr\/wp-json\/wp\/v2\/product"}],"about":[{"href":"https:\/\/www.hydraulic-cylinders.net\/tr\/wp-json\/wp\/v2\/types\/product"}],"replies":[{"embeddable":true,"href":"https:\/\/www.hydraulic-cylinders.net\/tr\/wp-json\/wp\/v2\/comments?post=15669"}],"wp:featuredmedia":[{"embeddable":true,"href":"https:\/\/www.hydraulic-cylinders.net\/tr\/wp-json\/wp\/v2\/media\/14765"}],"wp:attachment":[{"href":"https:\/\/www.hydraulic-cylinders.net\/tr\/wp-json\/wp\/v2\/media?parent=15669"}],"wp:term":[{"taxonomy":"product_brand","embeddable":true,"href":"https:\/\/www.hydraulic-cylinders.net\/tr\/wp-json\/wp\/v2\/product_brand?post=15669"},{"taxonomy":"product_cat","embeddable":true,"href":"https:\/\/www.hydraulic-cylinders.net\/tr\/wp-json\/wp\/v2\/product_cat?post=15669"},{"taxonomy":"product_tag","embeddable":true,"href":"https:\/\/www.hydraulic-cylinders.net\/tr\/wp-json\/wp\/v2\/product_tag?post=15669"}],"curies":[{"name":"wp","href":"https:\/\/api.w.org\/{rel}","templated":true}]}}