{"id":15671,"date":"2025-01-19T14:49:23","date_gmt":"2025-01-19T14:49:23","guid":{"rendered":"https:\/\/www.hydraulic-cylinders.net\/product\/bucket-cylinder-for-jcm-middle-excavator-921d\/"},"modified":"2025-01-19T14:49:25","modified_gmt":"2025-01-19T14:49:25","slug":"bucket-cylinder-for-jcm-middle-excavator-921d","status":"publish","type":"product","link":"https:\/\/www.hydraulic-cylinders.net\/tr\/urun\/bucket-cylinder-for-jcm-middle-excavator-921d\/","title":{"rendered":"JCM Orta Ekskavat\u00f6r 921D i\u00e7in Kova Silindiri"},"content":{"rendered":"<h1>JCM Orta Ekskavat\u00f6r 921D i\u00e7in Kova Silindiri<\/h1>\n<h2>girii\u015f<\/h2>\n<p>Kova silindiri, ekskavat\u00f6rler, beko-loderler ve \u00f6n y\u00fckleyiciler gibi a\u011f\u0131r i\u015f makinelerinde kovan\u0131n hareketini kontrol etmek i\u00e7in tasarlanm\u0131\u015f \u00f6zel bir hidrolik silindirdir. Ana i\u015flevi, kovan\u0131n kald\u0131r\u0131lmas\u0131n\u0131, indirilmesini ve e\u011filmesini sa\u011flayarak \u00e7e\u015fitli malzeme ta\u015f\u0131ma g\u00f6revleri i\u00e7in kolayl\u0131k sa\u011flamakt\u0131r. Hidrolik sistemde, kova silindiri, hidrolik ya\u011f bas\u0131nc\u0131n\u0131 de\u011fi\u015ftirerek kovay\u0131 hassas bir \u015fekilde kontrol ederek operat\u00f6rlerin a\u011f\u0131r y\u00fckleri verimli bir \u015fekilde ta\u015f\u0131mas\u0131na ve karma\u015f\u0131k \u00e7al\u0131\u015fma ortamlar\u0131na ve \u00e7e\u015fitli i\u015f gereksinimlerine uyum sa\u011flamas\u0131na olanak tan\u0131r.<\/p>\n<p><img decoding=\"async\" src=\"https:\/\/www.hydraulic-cylinders.net\/wp-content\/uploads\/2025\/01\/songte-company-2.webp\"><\/p>\n<h2>\u00d6zellikler<\/h2>\n<ul>\n<li>\n<h3>Y\u00fcksek G\u00fc\u00e7 ve Dayan\u0131kl\u0131l\u0131k<\/h3>\n<p>Kova silindirleri genellikle y\u00fcksek bas\u0131n\u00e7 ve a\u011f\u0131r y\u00fcklere dayan\u0131kl\u0131 y\u00fcksek mukavemetli \u00e7elik veya al\u00fcminyumdan \u00fcretilir. A\u015f\u0131nma ve korozyon direnci g\u00f6z \u00f6n\u00fcnde bulundurularak tasarlan\u0131rlar ve bu da hizmet \u00f6m\u00fcrlerini uzat\u0131r.<\/p>\n<\/li>\n<li>\n<h3>Verimli Hidrolik \u00c7al\u0131\u015fma<\/h3>\n<p>Kova silindirleri, yumu\u015fak uzatma ve geri \u00e7ekme hareketleri elde etmek i\u00e7in hidrolik ya\u011f bas\u0131nc\u0131n\u0131 kullan\u0131r, kontrol komutlar\u0131na h\u0131zl\u0131 yan\u0131t vermeyi ve g\u00fc\u00e7l\u00fc itme ve \u00e7ekme kuvvetleri sa\u011flamay\u0131 m\u00fcmk\u00fcn k\u0131lar, a\u011f\u0131r y\u00fckleri ve karma\u015f\u0131k i\u015f g\u00f6revlerini idare etmek i\u00e7in uygundur.<\/p>\n<\/li>\n<li>\n<h3>\u00c7oklu Tipler<\/h3>\n<p>Kova silindirleri, farkl\u0131 \u00e7al\u0131\u015fma gereksinimlerini kar\u015f\u0131lamak \u00fczere tek etkili (sadece tek y\u00f6nde hidrolik kullan\u0131lan) veya \u00e7ift etkili (iki y\u00f6nde hidrolik kullan\u0131lan) silindirler olarak se\u00e7ilebilir. Baz\u0131 modeller teleskopiktir ve d\u0131\u015f boyutlar\u0131 art\u0131rmadan daha fazla geni\u015flemeye olanak tan\u0131r, s\u0131n\u0131rl\u0131 alana sahip uygulamalar i\u00e7in uygundur.<\/p>\n<\/li>\n<li>\n<h3>Hidrolik Silindirin Yerine Kullan\u0131lmas\u0131<\/h3>\n<p>\u00dcr\u00fcnlerimiz bu hidrolik silindirlerin yerini m\u00fckemmel \u015fekilde alabilir.<\/p>\n<\/li>\n<\/ul>\n<p><img decoding=\"async\" src=\"https:\/\/www.hydraulic-cylinders.net\/wp-content\/uploads\/2025\/01\/songte-cylinder-head-with-all-kinds-excavator-models.webp\"><\/p>\n<h2>Uygulamalar<\/h2>\n<p>Kova silindirleri \u00e7e\u015fitli a\u011f\u0131r i\u015f makinelerinde yayg\u0131n olarak kullan\u0131lmaktad\u0131r. \u0130\u015fte baz\u0131 \u00f6rnekler:<\/p>\n<ul>\n<li>\n<h3>\u0130n\u015faat Ekipmanlar\u0131<\/h3>\n<p>Ekskavat\u00f6rlerde, toprak veya moloz kazma, y\u00fckleme ve ta\u015f\u0131ma i\u015flemlerinde kritik \u00f6neme sahiptirler. Beko-loderlerde ise kova silindirleri hem kazma hem de kald\u0131rma i\u015flemlerinde yard\u0131mc\u0131 olur. <\/p>\n<\/li>\n<li>\n<h3>Tar\u0131m Makinalar\u0131<\/h3>\n<p>\u00d6n y\u00fckleyicilerde toprak, saman ve di\u011fer malzemelerin kep\u00e7elenmesi, kald\u0131r\u0131lmas\u0131 ve ta\u015f\u0131nmas\u0131 i\u00e7in kullan\u0131l\u0131r. <\/p>\n<\/li>\n<li>\n<h3>Ekskavat\u00f6rler<\/h3>\n<p>Kova silindirleri, kovan\u0131n topra\u011fa n\u00fcfuz etmesini sa\u011flayarak kazma i\u015flemini m\u00fcmk\u00fcn k\u0131lar.<\/p>\n<\/li>\n<li>\n<h3>Y\u00fckleyiciler<\/h3>\n<p>\u00d6n y\u00fckleyicilerde kova silindirleri, mallar\u0131n etkili bir \u015fekilde kald\u0131r\u0131lmas\u0131na ve e\u011filmesine yard\u0131mc\u0131 olur.<\/p>\n<\/li>\n<\/ul>\n<h2>Tasar\u0131m Hususlar\u0131 ve Se\u00e7im Kriterleri<\/h2>\n<p>Kova silindirleri, a\u011f\u0131r makinelerdeki hidrolik sistemlerin kritik bile\u015fenleridir. A\u015fa\u011f\u0131daki tasar\u0131m hususlar\u0131 ve se\u00e7im kriterleri dikkate al\u0131nmal\u0131d\u0131r:<\/p>\n<ul>\n<li>\n<h3>Ta\u015f\u0131ma Kapasitesi<\/h3>\n<p>Silindirin y\u00fck\u00fc destekleme ve d\u0131\u015f kuvvetlere dayanma kapasitesi de\u011ferlendirilmelidir.<\/p>\n<\/li>\n<li>\n<h3>S\u0131zd\u0131rmazl\u0131k Yetene\u011fi<\/h3>\n<p>Hidrolik s\u0131v\u0131n\u0131n s\u0131zmas\u0131n\u0131 \u00f6nlemek i\u00e7in silindir, poli\u00fcretan ve nitril kau\u00e7uk gibi a\u015f\u0131nmaya dayan\u0131kl\u0131 malzemelerden yap\u0131lm\u0131\u015f piston contalar\u0131 ve biyel contalar\u0131 gibi uygun s\u0131zd\u0131rmazl\u0131k elemanlar\u0131 ile tasarlanmal\u0131d\u0131r.<\/p>\n<\/li>\n<li>\n<h3>Dayan\u0131kl\u0131l\u0131k<\/h3>\n<p>Silindir, y\u00fcksek bas\u0131n\u00e7 seviyelerine diren\u00e7 g\u00f6sterirken korozyona ve a\u015f\u0131nmaya dayan\u0131kl\u0131 olacak \u015fekilde tasarlanmal\u0131d\u0131r.<\/p>\n<\/li>\n<li>\n<h3>Emniyet<\/h3>\n<p>Silindir, kullan\u0131m s\u0131ras\u0131nda kazalar\u0131 \u00f6nleyecek ve i\u015f\u00e7i g\u00fcvenli\u011fini sa\u011flayacak \u015fekilde tasarlanmal\u0131d\u0131r.<\/p>\n<\/li>\n<li>\n<h3>Bak\u0131m<\/h3>\n<p>Silindirin kolay bak\u0131m ve onar\u0131ma uygun olarak tasarlanmas\u0131 gerekir.<\/p>\n<\/li>\n<\/ul>\n<p><img decoding=\"async\" src=\"https:\/\/www.hydraulic-cylinders.net\/wp-content\/uploads\/2025\/01\/songte-oil-pipes-and-spare-parts.webp\"><\/p>\n<h2>S\u0131zd\u0131rmazl\u0131k ve Ya\u011flama<\/h2>\n<p>Kova silindiri, hidrolik s\u0131v\u0131 kayb\u0131n\u0131 \u00f6nlemek i\u00e7in poli\u00fcretan ve nitril kau\u00e7uk gibi a\u015f\u0131nmaya dayan\u0131kl\u0131 malzemelerden yap\u0131lm\u0131\u015f piston contalar\u0131 ve piston kolu contalar\u0131 gibi \u00e7e\u015fitli s\u0131zd\u0131rmazl\u0131k bile\u015fenleriyle donat\u0131lmal\u0131d\u0131r. Ayr\u0131ca, sorunsuz \u00e7al\u0131\u015fmas\u0131n\u0131 sa\u011flamak ve hizmet \u00f6mr\u00fcn\u00fc uzatmak i\u00e7in silindir uygun miktarda hidrolik ya\u011f ile ya\u011flanmal\u0131d\u0131r. Silindir g\u00f6vdesi ve di\u015fli u\u00e7 y\u00fczeyi, a\u015f\u0131nma direncini art\u0131rmak i\u00e7in hassas bir \u015fekilde i\u015flenmelidir.<\/p>\n<h2>Muayene ve \u00d6nleyici Bak\u0131m Tedbirleri<\/h2>\n<p>Kova silindirinin optimum performans\u0131n\u0131 sa\u011flamak i\u00e7in d\u00fczenli muayene ve \u00f6nleyici bak\u0131m \u015fartt\u0131r. A\u015fa\u011f\u0131daki \u00f6nlemler al\u0131nmal\u0131d\u0131r:<\/p>\n<ul>\n<li>\n<h3>D\u00fczenli Muayene<\/h3>\n<p>Kova silindiri, a\u015f\u0131nma ve y\u0131pranma, s\u0131z\u0131nt\u0131 veya hasar belirtileri ve performans\u0131n\u0131 etkileyebilecek di\u011fer kusurlar a\u00e7\u0131s\u0131ndan d\u00fczenli olarak kontrol edilmelidir.<\/p>\n<\/li>\n<li>\n<h3>Uygun Ya\u011flama<\/h3>\n<p>Silindirin d\u00fczg\u00fcn \u00e7al\u0131\u015fmas\u0131n\u0131 sa\u011flamak ve erken a\u015f\u0131nma ve y\u0131pranmay\u0131 \u00f6nlemek i\u00e7in uygun \u015fekilde ya\u011flanmas\u0131 gerekir.<\/p>\n<\/li>\n<li>\n<h3>Conta De\u011fi\u015fimi ve Kalibrasyon Kontrol\u00fc<\/h3>\n<p>Hidrolik s\u0131v\u0131 s\u0131z\u0131nt\u0131s\u0131n\u0131 \u00f6nlemek i\u00e7in contalar periyodik olarak de\u011fi\u015ftirilmelidir. Silindirin \u00fcreticinin \u00f6nerdi\u011fi teknik \u00f6zellikler dahilinde \u00e7al\u0131\u015ft\u0131\u011f\u0131ndan emin olmak i\u00e7in kalibrasyon kontrolleri de yap\u0131lmal\u0131d\u0131r.<\/p>\n<\/li>\n<\/ul>\n<p>Kova silindirinin do\u011fru \u015fekilde tak\u0131lmas\u0131, optimum performans ve uzun \u00f6m\u00fcr sa\u011flamak i\u00e7in \u00e7ok \u00f6nemlidir. Silindir do\u011fru \u015fekilde hizalanmal\u0131 ve yerine sabitlemek i\u00e7in uygun montaj braketleri kullan\u0131lmal\u0131d\u0131r. Silindirin kullan\u0131m \u00f6mr\u00fcn\u00fc korumak i\u00e7in bile\u015fenlerin muayenesi, onar\u0131m\u0131 ve de\u011fi\u015ftirilmesi i\u00e7in \u00f6nerilen prosed\u00fcrler izlenmelidir.<\/p>\n<p><img decoding=\"async\" src=\"https:\/\/www.hydraulic-cylinders.net\/wp-content\/uploads\/2025\/01\/songte-chushion-collar.webp\"><\/p>\n<h2>G\u00fcvenlik Hususlar\u0131 ve \u00c7evresel Fakt\u00f6rler<\/h2>\n<p>Kova silindirleri, montaj, muayene veya bak\u0131m s\u0131ras\u0131nda herhangi bir kaza veya yaralanmay\u0131 \u00f6nlemek i\u00e7in dikkatli bir \u015fekilde ta\u015f\u0131nmal\u0131d\u0131r. Koruyucu ekipman giymek, g\u00fcvenlik prosed\u00fcrlerine uymak ve g\u00fcvenli bir ortamda \u00e7al\u0131\u015fmak gibi uygun g\u00fcvenlik \u00f6nlemleri al\u0131nmal\u0131d\u0131r. \u00c7evre dostu ya\u011flay\u0131c\u0131lar kullanmak ve hidrolik s\u0131v\u0131s\u0131n\u0131 \u00e7evreye duyarl\u0131 bir \u015fekilde bertaraf etmek gibi \u00e7evresel fakt\u00f6rler de g\u00f6z \u00f6n\u00fcnde bulundurulmal\u0131d\u0131r.<\/p>\n<h2>Sorun Giderme ve Yayg\u0131n Sorunlar<\/h2>\n<p>Kova silindirleriyle ilgili yayg\u0131n sorunlar aras\u0131nda s\u0131z\u0131nt\u0131lar, ar\u0131zalar ve bozukluklar yer al\u0131r. Okuyucular\u0131n sorunlar\u0131 etkili bir \u015fekilde te\u015fhis edip \u00e7\u00f6zmelerine yard\u0131mc\u0131 olmak i\u00e7in sorun giderme ipu\u00e7lar\u0131 ve \u00e7\u00f6z\u00fcmleri sunulmal\u0131d\u0131r. Ayr\u0131ca, olas\u0131 sorunlar\u0131 en aza indirmek i\u00e7in \u00f6nleyici tedbirler de \u00f6nerilmelidir.<\/p>\n<p><img decoding=\"async\" src=\"https:\/\/www.hydraulic-cylinders.net\/wp-content\/uploads\/2025\/01\/songte-bushings-with-all-kinds-of-excavator-models.webp\"><\/p>\n<h2>\u015eirketimiz Hakk\u0131nda<\/h2>\n<p>Hem yurt i\u00e7i hem de yurt d\u0131\u015f\u0131 pazarlara eksiksiz bir \u00fcr\u00fcn yelpazesi sunan lider bir hidrolik silindir \u00fcreticisi ve toptanc\u0131s\u0131y\u0131z. \u00dcretim stratejimiz, dijital, ileri teknoloji \u00fcretim ekipmanlar\u0131 ve profesyonel test sistemleriyle desteklenen sekt\u00f6r lideri kaliteye dayanmaktad\u0131r. \u00c7e\u015fitli m\u00fc\u015fteri ihtiya\u00e7lar\u0131n\u0131 kar\u015f\u0131lamak \u00fczere \u00f6zel tasar\u0131mlar olu\u015fturma ve hidrolik silindir \u00fcretimi konusunda uzmanla\u015fm\u0131\u015f bir teknik ekibimiz bulunmaktad\u0131r. \u00dcr\u00fcnlerimiz, m\u00fc\u015fterilerimizin \u00e7e\u015fitli taleplerini kar\u015f\u0131lamak \u00fczere y\u00fcksek verimlilik, hassasiyet ve kaliteyle tasarlanm\u0131\u015ft\u0131r.<\/p>\n<p>\u015eirketimiz, profesyonelli\u011fimiz, uluslararas\u0131 sertifikalar\u0131m\u0131z, g\u00fcmr\u00fck hizmetlerimiz, \u00fcretim ekipmanlar\u0131m\u0131z ve sat\u0131\u015f sonras\u0131 hizmetlerimizle gurur duymaktad\u0131r. M\u00fc\u015fterilerimizin ihtiya\u00e7lar\u0131n\u0131 kar\u015f\u0131layan y\u00fcksek kaliteli \u00e7\u00f6z\u00fcmler sunmay\u0131 hedefliyoruz.<\/p>\n<p><img decoding=\"async\" src=\"https:\/\/hzpt.com\/wp-content\/uploads\/2024\/11\/songte-company-1.webp\"><\/p>\n<p>Yazar: lyl<\/p>","protected":false},"excerpt":{"rendered":"<p>Bucket Cylinder For JCM Middle Excavator 921D Introduction The bucket cylinder is a specialized hydraulic cylinder designed to control the movement of the bucket in heavy machinery such as excavators, backhoe loaders, and front-end loaders. Its main function is to enable the bucket to be lifted, lowered, and tilted, making it convenient for various material [&hellip;]<\/p>","protected":false},"featured_media":14761,"comment_status":"open","ping_status":"closed","template":"","meta":{"_et_pb_use_builder":"","_et_pb_old_content":"","_et_gb_content_width":""},"product_brand":[],"product_cat":[1494],"product_tag":[1495,1496],"class_list":{"0":"post-15671","1":"product","2":"type-product","3":"status-publish","4":"has-post-thumbnail","6":"product_cat-bucket-cylinders","7":"product_tag-bucket-cylinders","8":"product_tag-hydraulic-cylinders","10":"first","11":"instock","12":"shipping-taxable","13":"product-type-simple"},"amp_enabled":true,"_links":{"self":[{"href":"https:\/\/www.hydraulic-cylinders.net\/tr\/wp-json\/wp\/v2\/product\/15671","targetHints":{"allow":["GET"]}}],"collection":[{"href":"https:\/\/www.hydraulic-cylinders.net\/tr\/wp-json\/wp\/v2\/product"}],"about":[{"href":"https:\/\/www.hydraulic-cylinders.net\/tr\/wp-json\/wp\/v2\/types\/product"}],"replies":[{"embeddable":true,"href":"https:\/\/www.hydraulic-cylinders.net\/tr\/wp-json\/wp\/v2\/comments?post=15671"}],"wp:featuredmedia":[{"embeddable":true,"href":"https:\/\/www.hydraulic-cylinders.net\/tr\/wp-json\/wp\/v2\/media\/14761"}],"wp:attachment":[{"href":"https:\/\/www.hydraulic-cylinders.net\/tr\/wp-json\/wp\/v2\/media?parent=15671"}],"wp:term":[{"taxonomy":"product_brand","embeddable":true,"href":"https:\/\/www.hydraulic-cylinders.net\/tr\/wp-json\/wp\/v2\/product_brand?post=15671"},{"taxonomy":"product_cat","embeddable":true,"href":"https:\/\/www.hydraulic-cylinders.net\/tr\/wp-json\/wp\/v2\/product_cat?post=15671"},{"taxonomy":"product_tag","embeddable":true,"href":"https:\/\/www.hydraulic-cylinders.net\/tr\/wp-json\/wp\/v2\/product_tag?post=15671"}],"curies":[{"name":"wp","href":"https:\/\/api.w.org\/{rel}","templated":true}]}}