{"id":15679,"date":"2025-01-19T14:49:55","date_gmt":"2025-01-19T14:49:55","guid":{"rendered":"https:\/\/www.hydraulic-cylinders.net\/product\/bucket-cylinder-for-ihi-small-excavator-ihi18v\/"},"modified":"2025-01-19T14:49:57","modified_gmt":"2025-01-19T14:49:57","slug":"bucket-cylinder-for-ihi-small-excavator-ihi18v","status":"publish","type":"product","link":"https:\/\/www.hydraulic-cylinders.net\/tr\/urun\/bucket-cylinder-for-ihi-small-excavator-ihi18v\/","title":{"rendered":"IHI K\u00fc\u00e7\u00fck Ekskavat\u00f6r IHI18V i\u00e7in Kova Silindiri"},"content":{"rendered":"<h1>IHI K\u00fc\u00e7\u00fck Ekskavat\u00f6r IHI18V i\u00e7in Kova Silindiri<\/h1>\n<h2>girii\u015f<\/h2>\n<p>Hidrolik silindir olarak da bilinen kova silindiri, ekskavat\u00f6rler, bekolu y\u00fckleyiciler ve \u00f6n y\u00fckleyiciler gibi a\u011f\u0131r i\u015f makinelerinde kovan\u0131n hareketini kontrol etmek i\u00e7in \u00f6zel olarak tasarlanm\u0131\u015f bir hidrolik akt\u00fcat\u00f6r t\u00fcr\u00fcd\u00fcr. Temel i\u015flevi, kovan\u0131n kald\u0131rma, indirme ve yat\u0131rma i\u015flemlerini ger\u00e7ekle\u015ftirerek \u00e7e\u015fitli malzeme ta\u015f\u0131ma g\u00f6revlerinin daha kolay yap\u0131lmas\u0131n\u0131 sa\u011flamakt\u0131r. Hidrolik sistemde kova silindiri, hidrolik ya\u011f bas\u0131nc\u0131ndaki de\u011fi\u015fikliklerle kovan\u0131n hassas kontrol\u00fcn\u00fc sa\u011flayarak operat\u00f6rlerin a\u011f\u0131r y\u00fckleri verimli bir \u015fekilde ta\u015f\u0131mas\u0131n\u0131 ve karma\u015f\u0131k \u00e7al\u0131\u015fma ortamlar\u0131na ve \u00e7e\u015fitli i\u015f gereksinimlerine uyum sa\u011flamas\u0131n\u0131 m\u00fcmk\u00fcn k\u0131lar.<\/p>\n<p><img decoding=\"async\" src=\"https:\/\/www.hydraulic-cylinders.net\/wp-content\/uploads\/2025\/01\/songte-company-2.webp\" alt=\"Kova Silindiri\"><\/p>\n<h2>\u00dcr\u00fcn \u00d6zellikleri<\/h2>\n<ul>\n<li>\n<h3>Y\u00fcksek G\u00fc\u00e7 ve Dayan\u0131kl\u0131l\u0131k<\/h3>\n<p>Kova silindiri genellikle y\u00fcksek bas\u0131n\u00e7 ve a\u011f\u0131r y\u00fcklere dayanabilen y\u00fcksek mukavemetli \u00e7elik veya al\u00fcminyumdan yap\u0131l\u0131r ve a\u015f\u0131nma ve korozyon direnci dikkate al\u0131narak tasarlan\u0131r, bu da hizmet \u00f6mr\u00fcn\u00fc uzat\u0131r.<\/p>\n<\/li>\n<li>\n<h3>Verimli Hidrolik \u00c7al\u0131\u015fma<\/h3>\n<p>Kova silindiri, p\u00fcr\u00fczs\u00fcz uzatma ve geri \u00e7ekme sa\u011flamak i\u00e7in hidrolik ya\u011f bas\u0131nc\u0131n\u0131 kullan\u0131r, kontrol komutlar\u0131na h\u0131zl\u0131 bir \u015fekilde yan\u0131t verebilir, g\u00fc\u00e7l\u00fc itme ve \u00e7ekme kuvvetleri sa\u011flar, a\u011f\u0131r y\u00fckleri ve karma\u015f\u0131k i\u015f g\u00f6revlerini idare etmek i\u00e7in uygundur.<\/p>\n<\/li>\n<li>\n<h3>\u00c7e\u015fitli Tipler<\/h3>\n<p>Kova silindiri, farkl\u0131 \u00e7al\u0131\u015fma ihtiya\u00e7lar\u0131n\u0131 kar\u015f\u0131lamak i\u00e7in tek etkili (sadece tek y\u00f6nde kullan\u0131lan hidrolik) veya \u00e7ift etkili (her iki y\u00f6nde kullan\u0131lan hidrolik) silindir se\u00e7enekleriyle, \u00e7al\u0131\u015fma gereksinimlerine g\u00f6re se\u00e7ilebilir. Baz\u0131 modeller, d\u0131\u015f boyutlar\u0131 art\u0131rmadan daha fazla geni\u015fleme sa\u011flayan teleskopik yap\u0131dad\u0131r ve s\u0131n\u0131rl\u0131 alana sahip uygulamalar i\u00e7in uygundur.<\/p>\n<\/li>\n<li>\n<h3>Son Derece \u00d6zelle\u015ftirilebilir<\/h3>\n<p>\u00dcr\u00fcnlerimiz bu hidrolik silindirlerin yerini m\u00fckemmel bir \u015fekilde alabilir ve \u00f6zel gereksinimlere ve uygulamalara g\u00f6re \u00f6zelle\u015ftirilmi\u015f kova silindirleri \u00fcretme olana\u011f\u0131na sahiptir. <\/p>\n<\/li>\n<li>\n<h3>\u00c7e\u015fitli Makinelerle Uyumlu<\/h3>\n<p>Kova silindiri, ekskavat\u00f6rler, kep\u00e7eler, \u00f6n y\u00fckleyiciler ve tar\u0131m makineleri gibi in\u015faat ekipmanlar\u0131nda yayg\u0131n olarak kullan\u0131l\u0131r ve toprak, saman ve di\u011fer malzemeleri kazma, y\u00fckleme ve ta\u015f\u0131ma yetene\u011fine sahiptir.<\/p>\n<\/li>\n<\/ul>\n<p><img decoding=\"async\" src=\"https:\/\/www.hydraulic-cylinders.net\/wp-content\/uploads\/2025\/01\/songte-cylinder-head-with-all-kinds-excavator-models.webp\" alt=\"Kova Silindir Modelleri\"><\/p>\n<h2>Tasar\u0131m Hususlar\u0131 ve Se\u00e7im Standartlar\u0131<\/h2>\n<ul>\n<li>\n<h3>Y\u00fck Kapasitesi<\/h3>\n<p>Kova silindirleri, hidrolik sistemden gelen kuvvet ve ta\u015f\u0131nan malzemenin a\u011f\u0131rl\u0131\u011f\u0131 dikkate al\u0131narak, makinenin ve kovan\u0131n \u00e7al\u0131\u015fma y\u00fck\u00fcne dayanacak \u015fekilde tasarlan\u0131r.<\/p>\n<\/li>\n<li>\n<h3>S\u0131zd\u0131rmazl\u0131k ve Dayan\u0131kl\u0131l\u0131k<\/h3>\n<p>Kova silindiri, ya\u011f s\u0131z\u0131nt\u0131s\u0131n\u0131 \u00f6nlemek ve hareketli par\u00e7alar i\u00e7in uygun ya\u011flamay\u0131 sa\u011flamak amac\u0131yla g\u00fcvenilir bir s\u0131zd\u0131rmazl\u0131k sistemine sahip olmal\u0131d\u0131r. Silindir g\u00f6vdesi ve di\u015fli ucu y\u00fczeyi, a\u015f\u0131nma direncini art\u0131rmak i\u00e7in hassas bir \u015fekilde i\u015flenmelidir.<\/p>\n<\/li>\n<li>\n<h3>G\u00fcvenlik ve Bak\u0131m<\/h3>\n<p>Kova silindirinin g\u00fcvenilir ve emniyetli bir \u015fekilde \u00e7al\u0131\u015fmas\u0131n\u0131 sa\u011flamak i\u00e7in d\u00fczenli olarak kontrol edilmesi, uygun \u015fekilde ya\u011flanmas\u0131 ve a\u015f\u0131nm\u0131\u015f veya hasarl\u0131 par\u00e7alar\u0131n de\u011fi\u015ftirilmesi gerekir. Silindiri sabitlemek i\u00e7in uygun montaj braketlerinin kullan\u0131lmas\u0131 ve \u00f6nerilen kontrol, onar\u0131m ve de\u011fi\u015ftirme prosed\u00fcrlerinin izlenmesi \u00f6nerilir.<\/p>\n<\/li>\n<\/ul>\n<p><img decoding=\"async\" src=\"https:\/\/www.hydraulic-cylinders.net\/wp-content\/uploads\/2025\/01\/songte-oil-pipes-and-spare-parts.webp\" alt=\"Kova Silindir Par\u00e7alar\u0131\"><\/p>\n<h2>G\u00fcvenlik ve \u00c7evresel Hususlar<\/h2>\n<p>Kova silindiri kullan\u0131l\u0131rken, kazalar\u0131 \u00f6nlemek ve operat\u00f6rlerin ve \u00e7evredekilerin g\u00fcvenli\u011fini sa\u011flamak i\u00e7in uygun g\u00fcvenlik \u00f6nlemlerine uyulmas\u0131 \u00f6nemlidir. \u00c7evresel etkiyi en aza indirmek i\u00e7in hidrolik ya\u011f ve di\u011fer malzemelerin uygun \u015fekilde ta\u015f\u0131nmas\u0131 ve bertaraf edilmesi gereklidir.<\/p>\n<h2>Ar\u0131za Te\u015fhisi ve Yayg\u0131n Sorunlar<\/h2>\n<p>Kova silindirinde ya\u011f s\u0131z\u0131nt\u0131s\u0131, yetersiz g\u00fc\u00e7 ve anormal \u00e7al\u0131\u015fma gibi ar\u0131zalar meydana gelebilir. D\u00fczenli muayene ve bak\u0131m, olas\u0131 sorunlar\u0131 \u00f6nlemeye ve erken te\u015fhis etmeye yard\u0131mc\u0131 olabilir. Ar\u0131zalar meydana gelirse, sorunu te\u015fhis edip d\u00fczeltmek i\u00e7in uygun \u00f6nlemleri almak \u00f6nemlidir.<\/p>\n<p><img decoding=\"async\" src=\"https:\/\/www.hydraulic-cylinders.net\/wp-content\/uploads\/2025\/01\/songte-bushings-with-all-kinds-of-excavator-models.webp\" alt=\"Kova Silindir Bur\u00e7lar\u0131\"><\/p>\n<h2>Kurulum ve Bak\u0131m<\/h2>\n<p>Kova silindirinin uzun \u00f6m\u00fcrl\u00fc ve optimum performans g\u00f6stermesi i\u00e7in do\u011fru montaj, ya\u011flama ve ayarlama \u00e7ok \u00f6nemlidir. Olas\u0131 sorunlar\u0131 \u00f6nlemek ve silindiri iyi durumda tutmak i\u00e7in muayene, ya\u011flama ve conta de\u011fi\u015fimi gibi d\u00fczenli bak\u0131m i\u015flemleri yap\u0131lmal\u0131d\u0131r.<\/p>\n<h2>\u015eirketimiz Hakk\u0131nda<\/h2>\n<p>Yurt i\u00e7i ve yurt d\u0131\u015f\u0131 pazarlar\u0131n \u00e7e\u015fitli ihtiya\u00e7lar\u0131n\u0131 kar\u015f\u0131lamak i\u00e7in kapsaml\u0131 bir \u00fcr\u00fcn yelpazesi sunan, lider bir hidrolik silindir \u00fcreticisi ve toptan da\u011f\u0131t\u0131c\u0131s\u0131y\u0131z. M\u00fc\u015fterilerimize verimli, do\u011fru ve y\u00fcksek kaliteli \u00fcr\u00fcnler sunmak i\u00e7in hassas \u00fcretim, geli\u015fmi\u015f dijital ekipmanlar ve profesyonel test sistemlerine odaklanarak, ola\u011fan\u00fcst\u00fc kalite ve hizmet sunmaya kararl\u0131y\u0131z.<\/p>\n<ul>\n<li>\n<h3>Uzmanl\u0131k<\/h3>\n<p>Hidrolik silindir tasar\u0131m\u0131, \u00fcretimi ve testinde kapsaml\u0131 bilgi ve uzmanl\u0131\u011fa sahip deneyimli ve yetenekli profesyonellerden olu\u015fan bir ekibimiz var.<\/p>\n<\/li>\n<li>\n<h3>Uluslararas\u0131 Sertifikalar<\/h3>\n<p>\u00dcr\u00fcnlerimiz uluslararas\u0131 standartlara uygunlu\u011fu garanti alt\u0131na alan ISO9001, SGS ve CE sertifikalar\u0131na sahiptir.<\/p>\n<\/li>\n<li>\n<h3>\u00d6zelle\u015ftirme Hizmetleri<\/h3>\n<p>\u00d6zel gereksinimlere ve uygulamalara g\u00f6re \u00f6zelle\u015ftirilmi\u015f hidrolik silindirler, esnek tasar\u0131m ve \u00fcretim kabiliyetlerimizle sunuyoruz.<\/p>\n<\/li>\n<li>\n<h3>\u00dcretim Ekipmanlar\u0131<\/h3>\n<p>\u00dcretim s\u00fcrecinde hassasiyet ve verimlili\u011fi sa\u011flamak i\u00e7in ileri CNC i\u015fleme merkezleri, test ekipmanlar\u0131 ve di\u011fer dijital ekipmanlar\u0131 kullan\u0131yoruz.<\/p>\n<\/li>\n<li>\n<h3>Sat\u0131\u015f Sonras\u0131 Hizmet<\/h3>\n<p>M\u00fc\u015fterilerimizin \u00fcr\u00fcnlerimizden en iyi \u015fekilde yararlanmas\u0131n\u0131 sa\u011flamak i\u00e7in, muayene, onar\u0131m ve de\u011fi\u015ftirme hizmetleri de dahil olmak \u00fczere kapsaml\u0131 sat\u0131\u015f sonras\u0131 hizmeti sa\u011fl\u0131yoruz.<\/p>\n<\/li>\n<\/ul>\n<p><img decoding=\"async\" src=\"https:\/\/hzpt.com\/wp-content\/uploads\/2024\/11\/songte-company-1.webp\" alt=\"\u015eirketimiz\"><\/p>\n<h3>Yazar: lyl<\/h3>","protected":false},"excerpt":{"rendered":"<p>Bucket Cylinder For IHI Small Excavator IHI18V Introduction The bucket cylinder, also known as the hydraulic cylinder, is a type of hydraulic actuator designed specifically for controlling the movement of the bucket in heavy machinery such as excavators, backhoes, and front-end loaders. Its primary function is to allow the bucket to lift, lower, and tilt, [&hellip;]<\/p>","protected":false},"featured_media":14778,"comment_status":"open","ping_status":"closed","template":"","meta":{"_et_pb_use_builder":"","_et_pb_old_content":"","_et_gb_content_width":""},"product_brand":[],"product_cat":[1494],"product_tag":[1495,1496],"class_list":{"0":"post-15679","1":"product","2":"type-product","3":"status-publish","4":"has-post-thumbnail","6":"product_cat-bucket-cylinders","7":"product_tag-bucket-cylinders","8":"product_tag-hydraulic-cylinders","10":"first","11":"instock","12":"shipping-taxable","13":"product-type-simple"},"amp_enabled":true,"_links":{"self":[{"href":"https:\/\/www.hydraulic-cylinders.net\/tr\/wp-json\/wp\/v2\/product\/15679","targetHints":{"allow":["GET"]}}],"collection":[{"href":"https:\/\/www.hydraulic-cylinders.net\/tr\/wp-json\/wp\/v2\/product"}],"about":[{"href":"https:\/\/www.hydraulic-cylinders.net\/tr\/wp-json\/wp\/v2\/types\/product"}],"replies":[{"embeddable":true,"href":"https:\/\/www.hydraulic-cylinders.net\/tr\/wp-json\/wp\/v2\/comments?post=15679"}],"wp:featuredmedia":[{"embeddable":true,"href":"https:\/\/www.hydraulic-cylinders.net\/tr\/wp-json\/wp\/v2\/media\/14778"}],"wp:attachment":[{"href":"https:\/\/www.hydraulic-cylinders.net\/tr\/wp-json\/wp\/v2\/media?parent=15679"}],"wp:term":[{"taxonomy":"product_brand","embeddable":true,"href":"https:\/\/www.hydraulic-cylinders.net\/tr\/wp-json\/wp\/v2\/product_brand?post=15679"},{"taxonomy":"product_cat","embeddable":true,"href":"https:\/\/www.hydraulic-cylinders.net\/tr\/wp-json\/wp\/v2\/product_cat?post=15679"},{"taxonomy":"product_tag","embeddable":true,"href":"https:\/\/www.hydraulic-cylinders.net\/tr\/wp-json\/wp\/v2\/product_tag?post=15679"}],"curies":[{"name":"wp","href":"https:\/\/api.w.org\/{rel}","templated":true}]}}