{"id":15691,"date":"2025-01-19T14:50:59","date_gmt":"2025-01-19T14:50:59","guid":{"rendered":"https:\/\/www.hydraulic-cylinders.net\/product\/bucket-cylinder-for-bobcat-small-excavator-e32\/"},"modified":"2025-01-19T14:51:04","modified_gmt":"2025-01-19T14:51:04","slug":"bucket-cylinder-for-bobcat-small-excavator-e32","status":"publish","type":"product","link":"https:\/\/www.hydraulic-cylinders.net\/tr\/urun\/bucket-cylinder-for-bobcat-small-excavator-e32\/","title":{"rendered":"Bobcat E32 K\u00fc\u00e7\u00fck Ekskavat\u00f6r \u0130\u00e7in Kep\u00e7e Silindiri"},"content":{"rendered":"<h1>Bobcat E32 K\u00fc\u00e7\u00fck Ekskavat\u00f6r \u0130\u00e7in Kep\u00e7e Silindiri<\/h1>\n<h2>girii\u015f<\/h2>\n<p>Bobcat E32 k\u00fc\u00e7\u00fck ekskavat\u00f6r i\u00e7in kep\u00e7e silindiri, ekskavat\u00f6rler, kaz\u0131c\u0131 ekskavat\u00f6rler ve \u00f6n y\u00fckleyiciler gibi a\u011f\u0131r makinelerde kep\u00e7enin hareketini kontrol etmek i\u00e7in \u00f6zel olarak tasarlanm\u0131\u015f bir hidrolik silindirdir. Ana i\u015flevi, kep\u00e7enin kald\u0131r\u0131lmas\u0131n\u0131, indirilmesini ve e\u011filmesini sa\u011flayarak \u00e7e\u015fitli malzeme ta\u015f\u0131ma g\u00f6revlerini kolayla\u015ft\u0131rmakt\u0131r. Hidrolik bir sistemde, kep\u00e7e silindiri hidrolik ya\u011f bas\u0131nc\u0131ndaki de\u011fi\u015fiklikler yoluyla kep\u00e7enin hassas kontrol\u00fcn\u00fc sa\u011flar ve operat\u00f6rlerin a\u011f\u0131r y\u00fckleri verimli bir \u015fekilde ta\u015f\u0131mas\u0131na, karma\u015f\u0131k \u00e7al\u0131\u015fma ortamlar\u0131na ve \u00e7e\u015fitli i\u015f gereksinimlerine uyum sa\u011flamas\u0131na olanak tan\u0131r.<\/p>\n<p><img decoding=\"async\" src=\"https:\/\/www.hydraulic-cylinders.net\/wp-content\/uploads\/2025\/01\/songte-company-2.webp\" \/><\/p>\n<h2>\u00d6zellikler<\/h2>\n<ul>\n<li>Y\u00fcksek Mukavemet ve Dayan\u0131kl\u0131l\u0131k: Genellikle y\u00fcksek mukavemetli \u00e7elik veya al\u00fcminyumdan \u00fcretilen bu \u00fcr\u00fcnler, y\u00fcksek bas\u0131n\u00e7 ve a\u011f\u0131r y\u00fcklere dayanabilir ve zorlu \u00e7al\u0131\u015fma ko\u015fullar\u0131na uyum sa\u011flayabilir. Tasar\u0131m\u0131nda a\u015f\u0131nma ve korozyon direnci g\u00f6z \u00f6n\u00fcnde bulundurularak kullan\u0131m \u00f6mr\u00fc uzat\u0131lm\u0131\u015ft\u0131r.<\/li>\n<li>Verimli Hidrolik \u00c7al\u0131\u015fma: Hidrolik ya\u011f bas\u0131nc\u0131n\u0131 kullanarak sorunsuz uzatma ve geri \u00e7ekme sa\u011flayan bu sistem, kontrol komutlar\u0131na h\u0131zl\u0131 yan\u0131t vererek g\u00fc\u00e7l\u00fc itme ve \u00e7ekme kuvvetleri sunar; a\u011f\u0131r y\u00fcklerin ve karma\u015f\u0131k i\u015flerin \u00fcstesinden gelmek i\u00e7in uygundur.<\/li>\n<li>\u00c7e\u015fitli Tipler: Farkl\u0131 \u00e7al\u0131\u015fma ihtiya\u00e7lar\u0131n\u0131 kar\u015f\u0131lamak i\u00e7in gereksinimlere g\u00f6re tek etkili (hidrolik sadece tek y\u00f6nde kullan\u0131l\u0131r) veya \u00e7ift etkili (hidrolik her iki y\u00f6nde kullan\u0131l\u0131r) silindirler se\u00e7ilebilir. Baz\u0131 modeller teleskopiktir ve d\u0131\u015f boyutlar\u0131 art\u0131rmadan daha fazla uzatmaya olanak tan\u0131r, bu da s\u0131n\u0131rl\u0131 alana sahip uygulamalar i\u00e7in uygundur.<\/li>\n<li>M\u00fckemmel De\u011fi\u015ftirme: \u00dcr\u00fcn\u00fcm\u00fcz bu hidrolik silindirlerin yerini m\u00fckemmel \u015fekilde alabilir.<\/li>\n<\/ul>\n<p><img decoding=\"async\" src=\"https:\/\/www.hydraulic-cylinders.net\/wp-content\/uploads\/2025\/01\/songte-cylinder-head-with-all-kinds-excavator-models.webp\" \/><\/p>\n<h2>Uygulamalar<\/h2>\n<p>Kova silindirleri genellikle a\u015fa\u011f\u0131daki ekipmanlarda kullan\u0131l\u0131r:<\/p>\n<ol>\n<li>\u0130n\u015faat Ekipmanlar\u0131: Ekskavat\u00f6rlerde bulunan bu par\u00e7alar, kaz\u0131, y\u00fckleme ve toprak veya moloz ta\u015f\u0131ma i\u015flemlerinde hayati \u00f6neme sahiptir. Kaz\u0131c\u0131 ekskavat\u00f6rlerde, kova silindiri hem kazmaya hem de kald\u0131rmaya yard\u0131mc\u0131 olur.<\/li>\n<li>Tar\u0131m Makinalar\u0131: \u00d6n y\u00fckleyicilerde toprak, saman ve di\u011fer malzemeleri kep\u00e7elemek, kald\u0131rmak ve ta\u015f\u0131mak i\u00e7in kullan\u0131l\u0131r.<\/li>\n<li>Ekskavat\u00f6rler: Kep\u00e7e silindiri, kep\u00e7enin topra\u011fa n\u00fcfuz etmesini sa\u011flayarak kazma i\u015flemlerini kolayla\u015ft\u0131r\u0131r.<\/li>\n<li>\u00d6n y\u00fckleyiciler: Y\u00fcklerin etkili bir \u015fekilde kald\u0131r\u0131lmas\u0131na ve devrilmesine yard\u0131mc\u0131 olurlar.<\/li>\n<\/ol>\n<h2>Tasar\u0131m Hususlar\u0131 ve Se\u00e7im Kriterleri<\/h2>\n<p>Kova silindirleri tasarlan\u0131rken \u00e7e\u015fitli fakt\u00f6rler g\u00f6z \u00f6n\u00fcnde bulundurulur:<\/p>\n<ol>\n<li>Ta\u015f\u0131ma Kapasitesi: Silindir, \u00e7al\u0131\u015fma s\u0131ras\u0131nda maruz kalaca\u011f\u0131 y\u00fckleri ta\u015f\u0131yabilecek yeterli mukavemete sahip olmal\u0131d\u0131r.<\/li>\n<li>S\u0131zd\u0131rmazl\u0131k: Uygun s\u0131zd\u0131rmazl\u0131\u011f\u0131 sa\u011flamak ve s\u0131z\u0131nt\u0131y\u0131 \u00f6nlemek i\u00e7in poli\u00fcretan ve nitril kau\u00e7uk gibi a\u015f\u0131nmaya dayan\u0131kl\u0131 malzemelerden yap\u0131lm\u0131\u015f piston contalar\u0131 ve mil contalar\u0131 gibi \u00e7e\u015fitli contalar kullan\u0131l\u0131r.<\/li>\n<li>Dayan\u0131kl\u0131l\u0131k: Silindirin g\u00f6vdesi ve di\u015fli u\u00e7 y\u00fczeyleri, a\u015f\u0131nma direncini art\u0131rmak i\u00e7in titiz bir i\u015flemden ge\u00e7irilmi\u015ftir.<\/li>\n<li>G\u00fcvenlik: Kazalar\u0131 \u00f6nlemek ve operat\u00f6r\u00fcn korunmas\u0131n\u0131 sa\u011flamak i\u00e7in g\u00fcvenlik \u00f6zellikleri entegre edilmi\u015ftir.<\/li>\n<li>Bak\u0131m Kolayl\u0131\u011f\u0131: \u0130nceleme, onar\u0131m ve de\u011fi\u015ftirme i\u00e7in bile\u015fenlere eri\u015fim de dahil olmak \u00fczere, bak\u0131m kolayl\u0131\u011f\u0131 g\u00f6z \u00f6n\u00fcnde bulundurulmu\u015ftur.<\/li>\n<\/ol>\n<p><img decoding=\"async\" src=\"https:\/\/www.hydraulic-cylinders.net\/wp-content\/uploads\/2025\/01\/songte-oil-pipes-and-spare-parts.webp\" \/><\/p>\n<h2>S\u0131zd\u0131rmazl\u0131k ve Ya\u011flama<\/h2>\n<p>Kova silindiri, poli\u00fcretan ve nitril kau\u00e7uk gibi a\u015f\u0131nmaya dayan\u0131kl\u0131 malzemelerden yap\u0131lm\u0131\u015f piston contalar\u0131 ve mil contalar\u0131 gibi \u00e7e\u015fitli contalar kullan\u0131r. Silindir g\u00f6vdesi ve di\u015fli u\u00e7 y\u00fczeyleri, a\u015f\u0131nma direncini art\u0131rmak i\u00e7in hassas bir i\u015flemden ge\u00e7irilir. D\u00fczenli ya\u011flama gereklidir ve sorunsuz \u00e7al\u0131\u015fma sa\u011flamak i\u00e7in periyodik olarak uygun miktarda hidrolik ya\u011f eklenmelidir.<\/p>\n<h2>D\u00fczenli Muayene ve \u00d6nleyici Bak\u0131m<\/h2>\n<p>En iyi performans\u0131 ve uzun \u00f6mr\u00fc sa\u011flamak i\u00e7in d\u00fczenli kontrol ve \u00f6nleyici bak\u0131m \u00f6nerilir:<\/p>\n<ol>\n<li>Silindiri a\u015f\u0131nma, hasar veya s\u0131z\u0131nt\u0131 belirtileri a\u00e7\u0131s\u0131ndan inceleyin.<\/li>\n<li>Silindiri uygun \u015fekilde ya\u011flay\u0131n ve t\u00fcm hareketli par\u00e7alar\u0131n iyice ya\u011fland\u0131\u011f\u0131ndan emin olun.<\/li>\n<li>S\u0131zd\u0131rmazl\u0131k b\u00fct\u00fcnl\u00fc\u011f\u00fcn\u00fc korumak i\u00e7in contalar\u0131 d\u00fczenli olarak de\u011fi\u015ftirin.<\/li>\n<li>Do\u011fru \u00e7al\u0131\u015fmay\u0131 sa\u011flamak i\u00e7in kalibrasyon kontrollerini ger\u00e7ekle\u015ftirin.<\/li>\n<\/ol>\n<p><img decoding=\"async\" src=\"https:\/\/www.hydraulic-cylinders.net\/wp-content\/uploads\/2025\/01\/songte-chushion-collar.webp\" \/><\/p>\n<h2>G\u00fcvenlik Hususlar\u0131 ve \u00c7evresel Fakt\u00f6rler<\/h2>\n<p>Kova silindirleri kullan\u0131l\u0131rken g\u00fcvenlik \u00f6nlemleri son derece \u00f6nemlidir. Operat\u00f6rler, kazalar\u0131 \u00f6nlemek ve g\u00fcvenli bir \u00e7al\u0131\u015fma ortam\u0131 sa\u011flamak i\u00e7in uygun g\u00fcvenlik prosed\u00fcrlerini ve y\u00f6nergelerini izlemelidir. S\u0131cakl\u0131k ve a\u015f\u0131nd\u0131r\u0131c\u0131 maddelere maruz kalma gibi \u00e7evresel fakt\u00f6rler de dikkate al\u0131nmal\u0131d\u0131r.<\/p>\n<h2>Sorun Giderme ve Yayg\u0131n Sorunlar<\/h2>\n<p>Koval\u0131 silindirlerde s\u0131k\u00e7a kar\u015f\u0131la\u015f\u0131labilecek sorunlardan baz\u0131lar\u0131 \u015funlard\u0131r:<\/p>\n<ol>\n<li>S\u0131z\u0131nt\u0131: Hasarl\u0131 contalar\u0131 veya gev\u015fek ba\u011flant\u0131lar\u0131 kontrol edin ve gerekirse de\u011fi\u015ftirin veya s\u0131k\u0131n.<\/li>\n<li>Yava\u015f \u00c7al\u0131\u015fma: Yetersiz hidrolik bas\u0131n\u00e7 veya k\u0131s\u0131tl\u0131 ak\u0131\u015f olup olmad\u0131\u011f\u0131n\u0131 kontrol edin ve altta yatan nedeni giderin.<\/li>\n<li>Anormal Ses: Gev\u015fek veya a\u015f\u0131nm\u0131\u015f par\u00e7alar\u0131 tespit edin ve sorunu \u00e7\u00f6zmek i\u00e7in uygun \u00f6nlemleri al\u0131n.<\/li>\n<\/ol>\n<p>Sorun giderme, ipu\u00e7lar\u0131 ve \u00e7\u00f6z\u00fcmler i\u00e7in, sorunlar\u0131 etkili bir \u015fekilde te\u015fhis etmek ve ele almak, ayr\u0131ca potansiyel sorunlar\u0131 en aza indirmek i\u00e7in \u00f6nleyici tedbirler almak \u00e7ok \u00f6nemlidir.<\/p>\n<p><img decoding=\"async\" src=\"https:\/\/www.hydraulic-cylinders.net\/wp-content\/uploads\/2025\/01\/songte-bushings-with-all-kinds-of-excavator-models.webp\" \/><\/p>\n<p>Makaleyi mant\u0131kl\u0131 bir \u015fekilde d\u00fczenlemeyi, kolay gezinme i\u00e7in alt ba\u015fl\u0131klar kullanmay\u0131, anlamay\u0131 kolayla\u015ft\u0131rmak i\u00e7in ilgili g\u00f6rseller veya grafikler eklemeyi ve farkl\u0131 teknik bilgi seviyelerine sahip okuyucular i\u00e7in uygun, a\u00e7\u0131k ve \u00f6zl\u00fc i\u00e7erik sa\u011flamay\u0131 unutmay\u0131n.<\/p>\n<h2>\u015eirketimiz Hakk\u0131nda<\/h2>\n<p>Geni\u015f \u00fcr\u00fcn yelpazesi sunan yedek hidrolik silindir \u00fcreticisiyiz. Yurti\u00e7i ve yurtd\u0131\u015f\u0131 pazarlarda \u00f6nde gelen hidrolik silindir \u00fcreticilerinden ve toptanc\u0131lar\u0131ndan biri haline geldik. \u015eirketimiz m\u00fckemmel kalite prensiplerine ba\u011fl\u0131 kalmakta ve \u00f6zenle tasarlanm\u0131\u015f at\u00f6lyelerde end\u00fcstriyel \u00fcretim y\u00f6netim stratejilerine g\u00fcvenmektedir. \u00dcretim platformumuzu s\u00fcrekli geli\u015ftiriyor, \u00fcr\u00fcn kalitesinin \u00fcretim s\u00fcre\u00e7lerini m\u00fckemmelle\u015ftiriyor ve g\u00fc\u00e7l\u00fc inovasyon yeteneklerine sahibiz. Y\u00fcksek verimlilik, y\u00fcksek hassasiyet ve y\u00fcksek kalite prensipleriyle, \u00e7e\u015fitli m\u00fc\u015fteri ihtiya\u00e7lar\u0131n\u0131 kar\u015f\u0131l\u0131yoruz.<\/p>\n<p><img decoding=\"async\" src=\"https:\/\/www.hydraulic-cylinders.net\/wp-content\/uploads\/2025\/01\/songte-company-3.webp\" \/><\/p>\n<h3>Profesyonellik:<\/h3>\n<p>En y\u00fcksek kalite standartlar\u0131n\u0131 sa\u011flamak i\u00e7in teknik uzmanl\u0131\u011fa, geli\u015fmi\u015f \u00fcretim ekipmanlar\u0131na ve profesyonel test sistemlerine sahibiz.<\/p>\n<h3>Uluslararas\u0131 Sertifikalar:<\/h3>\n<p>\u00dcr\u00fcnlerimizin kalitesini ve g\u00fcvenilirli\u011fini kan\u0131tlayan \u00e7e\u015fitli uluslararas\u0131 sertifikalara sahibiz.<\/p>\n<h3>\u00d6zelle\u015ftirme Hizmetleri:<\/h3>\n<p>M\u00fc\u015fterilerimizin \u00f6zel gereksinimlerini kar\u015f\u0131lamak ve benzersiz uygulamalar i\u00e7in \u00f6zel \u00e7\u00f6z\u00fcmler sunmak \u00fczere \u00f6zelle\u015ftirme hizmetleri sa\u011fl\u0131yoruz.<\/p>\n<h3>\u00dcretim Ekipmanlar\u0131:<\/h3>\n<p>Hidrolik silindirleri verimli ve hassas bir \u015fekilde \u00fcretmemizi sa\u011flayan \u00e7e\u015fitli \u00fcretim ekipmanlar\u0131m\u0131z bulunmaktad\u0131r.<\/p>\n<h3>Sat\u0131\u015f Sonras\u0131 Hizmet:<\/h3>\n<p>\u00dcr\u00fcnlerimizin kullan\u0131m \u00f6mr\u00fcn\u00fc uzatmak i\u00e7in par\u00e7a de\u011fi\u015fimi ve onar\u0131m hizmetleri de dahil olmak \u00fczere kapsaml\u0131 sat\u0131\u015f sonras\u0131 hizmetler sunuyoruz.<\/p>\n<p>Yazar: lyl<\/p>","protected":false},"excerpt":{"rendered":"<p>Bucket Cylinder For Bobcat Small Excavator E32 Introduction The bucket cylinder for Bobcat small excavator E32 is a specially designed hydraulic cylinder used to control the movement of the bucket in heavy machinery such as excavators, backhoe excavators, and front-end loaders. Its main function is to enable the bucket to lift, lower, and tilt, facilitating [&hellip;]<\/p>","protected":false},"featured_media":14784,"comment_status":"open","ping_status":"closed","template":"","meta":{"_et_pb_use_builder":"","_et_pb_old_content":"","_et_gb_content_width":""},"product_brand":[],"product_cat":[1494],"product_tag":[1495,1496],"class_list":{"0":"post-15691","1":"product","2":"type-product","3":"status-publish","4":"has-post-thumbnail","6":"product_cat-bucket-cylinders","7":"product_tag-bucket-cylinders","8":"product_tag-hydraulic-cylinders","10":"first","11":"instock","12":"shipping-taxable","13":"product-type-simple"},"amp_enabled":true,"_links":{"self":[{"href":"https:\/\/www.hydraulic-cylinders.net\/tr\/wp-json\/wp\/v2\/product\/15691","targetHints":{"allow":["GET"]}}],"collection":[{"href":"https:\/\/www.hydraulic-cylinders.net\/tr\/wp-json\/wp\/v2\/product"}],"about":[{"href":"https:\/\/www.hydraulic-cylinders.net\/tr\/wp-json\/wp\/v2\/types\/product"}],"replies":[{"embeddable":true,"href":"https:\/\/www.hydraulic-cylinders.net\/tr\/wp-json\/wp\/v2\/comments?post=15691"}],"wp:featuredmedia":[{"embeddable":true,"href":"https:\/\/www.hydraulic-cylinders.net\/tr\/wp-json\/wp\/v2\/media\/14784"}],"wp:attachment":[{"href":"https:\/\/www.hydraulic-cylinders.net\/tr\/wp-json\/wp\/v2\/media?parent=15691"}],"wp:term":[{"taxonomy":"product_brand","embeddable":true,"href":"https:\/\/www.hydraulic-cylinders.net\/tr\/wp-json\/wp\/v2\/product_brand?post=15691"},{"taxonomy":"product_cat","embeddable":true,"href":"https:\/\/www.hydraulic-cylinders.net\/tr\/wp-json\/wp\/v2\/product_cat?post=15691"},{"taxonomy":"product_tag","embeddable":true,"href":"https:\/\/www.hydraulic-cylinders.net\/tr\/wp-json\/wp\/v2\/product_tag?post=15691"}],"curies":[{"name":"wp","href":"https:\/\/api.w.org\/{rel}","templated":true}]}}