{"id":15695,"date":"2025-01-19T14:51:21","date_gmt":"2025-01-19T14:51:21","guid":{"rendered":"https:\/\/www.hydraulic-cylinders.net\/product\/bucket-cylinder-for-bobcat-small-excavator-e85\/"},"modified":"2025-01-19T14:51:23","modified_gmt":"2025-01-19T14:51:23","slug":"bucket-cylinder-for-bobcat-small-excavator-e85","status":"publish","type":"product","link":"https:\/\/www.hydraulic-cylinders.net\/tr\/urun\/bucket-cylinder-for-bobcat-small-excavator-e85\/","title":{"rendered":"Bobcat K\u00fc\u00e7\u00fck Ekskavat\u00f6r E85 \u0130\u00e7in Kova Silindiri"},"content":{"rendered":"<h1>Bobcat K\u00fc\u00e7\u00fck Ekskavat\u00f6r E85 \u0130\u00e7in Kova Silindiri<\/h1>\n<h2>girii\u015f<\/h2>\n<p>Bobcat E85 k\u00fc\u00e7\u00fck ekskavat\u00f6r i\u00e7in kep\u00e7e silindiri, ekskavat\u00f6rler, kaz\u0131c\u0131 ekskavat\u00f6rler ve \u00f6n y\u00fckleyiciler gibi a\u011f\u0131r makinelerde kep\u00e7e hareketini kontrol etmek i\u00e7in \u00f6zel olarak tasarlanm\u0131\u015f bir hidrolik silindirdir. Ana i\u015flevi, kep\u00e7enin kald\u0131r\u0131lmas\u0131n\u0131, indirilmesini ve e\u011filmesini sa\u011flayarak \u00e7e\u015fitli malzeme ta\u015f\u0131ma g\u00f6revlerini kolayla\u015ft\u0131rmakt\u0131r. Hidrolik sistemde, kep\u00e7e silindiri hidrolik ya\u011f bas\u0131nc\u0131ndaki de\u011fi\u015fim yoluyla kep\u00e7e hareketinin hassas kontrol\u00fcn\u00fc sa\u011flar ve operat\u00f6rlerin a\u011f\u0131r y\u00fckleri verimli bir \u015fekilde ta\u015f\u0131mas\u0131na ve karma\u015f\u0131k \u00e7al\u0131\u015fma ortamlar\u0131na ve \u00e7e\u015fitli operasyonel ihtiya\u00e7lara uyum sa\u011flamas\u0131na olanak tan\u0131r.<\/p>\n<p><img decoding=\"async\" src=\"https:\/\/www.hydraulic-cylinders.net\/wp-content\/uploads\/2025\/01\/songte-company-2.webp\" alt=\"Kova Silindiri G\u00f6r\u00fcnt\u00fcs\u00fc\"><\/p>\n<h2>\u00d6zellikler<\/h2>\n<ul>\n<li>Y\u00fcksek Mukavemet ve Dayan\u0131kl\u0131l\u0131k: Genellikle y\u00fcksek mukavemetli \u00e7elik veya al\u00fcminyumdan \u00fcretilen bu \u00fcr\u00fcn, y\u00fcksek bas\u0131nca ve a\u011f\u0131r y\u00fcklere dayanabilir, zorlu \u00e7al\u0131\u015fma ortamlar\u0131na uyum sa\u011flayabilir ve a\u015f\u0131nma direnci ile korozyon direnci g\u00f6z \u00f6n\u00fcnde bulundurularak tasarlanm\u0131\u015ft\u0131r, b\u00f6ylece kullan\u0131m \u00f6mr\u00fc uzar.<\/li>\n<li>Verimli Hidrolik \u00c7al\u0131\u015fma: Hidrolik ya\u011f bas\u0131nc\u0131 kullan\u0131larak d\u00fczg\u00fcn uzatma ve daralma hareketleri sa\u011flan\u0131r; bu da g\u00fc\u00e7l\u00fc itme ve \u00e7ekme kuvveti sa\u011flayarak a\u011f\u0131r y\u00fcklerin ve karma\u015f\u0131k i\u015flerin \u00fcstesinden gelmek i\u00e7in uygundur.<\/li>\n<li>\u00c7e\u015fitli Tipler: Operasyonel ihtiya\u00e7lara g\u00f6re tek etkili (hidrolik sadece tek y\u00f6nde kullan\u0131l\u0131r) veya \u00e7ift etkili (hidrolik her iki y\u00f6nde kullan\u0131l\u0131r) silindirler se\u00e7ilebilir. Baz\u0131 modeller teleskopiktir ve d\u0131\u015f boyutlar\u0131 art\u0131rmadan daha fazla uzatmaya olanak tan\u0131r; bu da s\u0131n\u0131rl\u0131 alana sahip uygulamalar i\u00e7in uygundur.<\/li>\n<li>Di\u011fer hidrolik silindirler i\u00e7in m\u00fckemmel bir yedek olarak kullan\u0131labilir.<\/li>\n<\/ul>\n<p><img decoding=\"async\" src=\"https:\/\/www.hydraulic-cylinders.net\/wp-content\/uploads\/2025\/01\/songte-cylinder-head-with-all-kinds-excavator-models.webp\" alt=\"Hidrolik Silindir De\u011fi\u015ftirme G\u00f6rseli\"><\/p>\n<h2>Uygulamalar<\/h2>\n<p>Bobcat E85 k\u00fc\u00e7\u00fck ekskavat\u00f6r i\u00e7in kova silindiri, a\u015fa\u011f\u0131dakiler de dahil olmak \u00fczere \u00e7e\u015fitli end\u00fcstriyel alanlarda yayg\u0131n olarak kullan\u0131lmaktad\u0131r:<\/p>\n<ul>\n<li>\u0130n\u015faat Ekipmanlar\u0131: Ekskavat\u00f6rlerde, toprak veya moloz kazma, y\u00fckleme ve ta\u015f\u0131ma i\u015flemlerinde kritik \u00f6neme sahiptirler. Kaz\u0131c\u0131 ekskavat\u00f6rlerde ise kova silindiri hem kazma hem de kald\u0131rma i\u015flemlerine yard\u0131mc\u0131 olur. <\/li>\n<li>Tar\u0131m Makineleri: Toprak, saman ve di\u011fer malzemelerin kaz\u0131lmas\u0131, kald\u0131r\u0131lmas\u0131 ve ta\u015f\u0131nmas\u0131 i\u00e7in kullan\u0131lan \u00f6n y\u00fckleyici makineler. <\/li>\n<li>Ekskavat\u00f6rler: Kova silindiri, kovan\u0131n topra\u011fa n\u00fcfuz etmesini sa\u011flayarak kazma eylemini ger\u00e7ekle\u015ftirir. <\/li>\n<li>Y\u00fckleyiciler: \u00d6n y\u00fckleyicilerde mallar\u0131n etkili bir \u015fekilde kald\u0131r\u0131lmas\u0131na ve bo\u015falt\u0131lmas\u0131na yard\u0131mc\u0131 olurlar. <\/li>\n<\/ul>\n<h2>Tasar\u0131m Hususlar\u0131 ve Se\u00e7im Kriterleri<\/h2>\n<p>Bobcat E85 k\u00fc\u00e7\u00fck ekskavat\u00f6r i\u00e7in tasarlanan kep\u00e7e silindiri, y\u00fck ta\u015f\u0131ma kapasitesi, s\u0131zd\u0131rmazl\u0131k, dayan\u0131kl\u0131l\u0131k, g\u00fcvenlik ve bak\u0131m kolayl\u0131\u011f\u0131 gibi temel hususlar g\u00f6z \u00f6n\u00fcnde bulundurularak \u00fcretilmi\u015ftir. <\/p>\n<ul>\n<li>Ta\u015f\u0131ma Kapasitesi: Silindirin y\u00fcksek bas\u0131nca ve a\u011f\u0131r y\u00fcklere dayanabilmesi gerekir; bu nedenle silindirin y\u00fcksek mukavemetli malzemelerden yap\u0131lmas\u0131 \u015fartt\u0131r.<\/li>\n<li>S\u0131zd\u0131rmazl\u0131k: Piston s\u0131zd\u0131rmazl\u0131k halkalar\u0131 ve mil s\u0131zd\u0131rmazl\u0131k halkalar\u0131 gibi \u00e7e\u015fitli s\u0131zd\u0131rmazl\u0131k par\u00e7alar\u0131, uzun \u00f6m\u00fcrl\u00fcl\u00fc\u011f\u00fc sa\u011flamak i\u00e7in poli\u00fcretan ve nitril kau\u00e7uk gibi a\u015f\u0131nmaya dayan\u0131kl\u0131 malzemelerden yap\u0131lmal\u0131d\u0131r.<\/li>\n<li>Dayan\u0131kl\u0131l\u0131k: Silindir g\u00f6vdesi ve di\u015fli u\u00e7 y\u00fczeyleri, a\u015f\u0131nma direncini art\u0131rmak ve korozyonu \u00f6nlemek i\u00e7in hassas bir i\u015flemden ge\u00e7irilmelidir. <\/li>\n<li>G\u00fcvenlik: Riskleri azaltmak ve kazalar\u0131 \u00f6nlemek i\u00e7in g\u00fcvenli kurulum ve \u00e7al\u0131\u015ft\u0131rma y\u00f6nergelerine uyulmal\u0131d\u0131r. <\/li>\n<li>Bak\u0131m kolayl\u0131\u011f\u0131: Silindirin optimum performans\u0131n\u0131 korumak ve kullan\u0131m \u00f6mr\u00fcn\u00fc uzatmak i\u00e7in d\u00fczenli kontrol, ya\u011flama ve a\u015f\u0131nm\u0131\u015f par\u00e7alar\u0131n de\u011fi\u015ftirilmesi \u00e7ok \u00f6nemlidir. <\/li>\n<\/ul>\n<p><img decoding=\"async\" src=\"https:\/\/www.hydraulic-cylinders.net\/wp-content\/uploads\/2025\/01\/songte-oil-pipes-and-spare-parts.webp\" alt=\"Hidrolik Silindir Yedek Par\u00e7alar\u0131\"><\/p>\n<h2>S\u0131zd\u0131rmazl\u0131k ve Ya\u011flama<\/h2>\n<p>Bobcat E85 k\u00fc\u00e7\u00fck ekskavat\u00f6r i\u00e7in kova silindiri, poli\u00fcretan ve nitril kau\u00e7uk gibi a\u015f\u0131nmaya dayan\u0131kl\u0131 malzemelerden yap\u0131lm\u0131\u015f piston s\u0131zd\u0131rmazl\u0131k halkalar\u0131 ve mil s\u0131zd\u0131rmazl\u0131k halkalar\u0131 gibi \u00e7e\u015fitli s\u0131zd\u0131rmazl\u0131k par\u00e7alar\u0131yla donat\u0131lm\u0131\u015ft\u0131r. Silindir g\u00f6vdesi ve di\u015fli u\u00e7 y\u00fczeyleri, a\u015f\u0131nma direncini art\u0131rmak ve korozyonu azaltmak i\u00e7in ince i\u015fleme tabi tutulmu\u015ftur. Optimum performans sa\u011flamak ve kullan\u0131m \u00f6mr\u00fcn\u00fc uzatmak i\u00e7in uygun hidrolik ya\u011f ile d\u00fczenli ya\u011flama gereklidir. <\/p>\n<h2>Bak\u0131m ve Onar\u0131m<\/h2>\n<p>Silindirin optimum performans\u0131n\u0131 korumak ve \u00f6mr\u00fcn\u00fc uzatmak i\u00e7in d\u00fczenli kontrol, ya\u011flama ve a\u015f\u0131nm\u0131\u015f par\u00e7alar\u0131n de\u011fi\u015ftirilmesi \u00e7ok \u00f6nemlidir. Yayg\u0131n bak\u0131m g\u00f6revleri aras\u0131nda do\u011fru montaj, d\u00fczenli ya\u011flama, conta de\u011fi\u015fimi ve kalibrasyon kontrolleri yer al\u0131r. Do\u011fru montaj, ya\u011flama ve ayarlama, olas\u0131 sorunlar\u0131 azaltmak i\u00e7in kritik \u00f6neme sahiptir. Silindiri yerine sabitlemek i\u00e7in uygun montaj braketleri \u00f6nerilir.<\/p>\n<p><img decoding=\"async\" src=\"https:\/\/www.hydraulic-cylinders.net\/wp-content\/uploads\/2025\/01\/songte-chushion-collar.webp\" alt=\"Hidrolik Silindir Yast\u0131k Yakas\u0131\"><\/p>\n<h2>G\u00fcvenlik Hususlar\u0131 ve \u00c7evresel Fakt\u00f6rler<\/h2>\n<p>Kova silindiri kullan\u0131l\u0131rken, riskleri azaltmak ve kazalar\u0131 \u00f6nlemek i\u00e7in g\u00fcvenli kurulum ve \u00e7al\u0131\u015ft\u0131rma y\u00f6nergelerine uyulmas\u0131 da dahil olmak \u00fczere uygun g\u00fcvenlik \u00f6nlemleri al\u0131nmal\u0131d\u0131r. Optimum performans sa\u011flamak i\u00e7in s\u0131cakl\u0131k, nem ve toz gibi \u00e7evresel fakt\u00f6rler dikkate al\u0131nmal\u0131d\u0131r. <\/p>\n<h2>Sorun Giderme ve Bilinen Sorunlar<\/h2>\n<p>S\u0131k kar\u015f\u0131la\u015f\u0131lan sorunlar aras\u0131nda s\u0131z\u0131nt\u0131lar, a\u015f\u0131nm\u0131\u015f veya hasar g\u00f6rm\u00fc\u015f contalar, silindir deformasyonu ve k\u0131r\u0131k c\u0131vatalar yer almaktad\u0131r. Sorunlar\u0131 etkili bir \u015fekilde te\u015fhis etmenize ve \u00e7\u00f6zmenize yard\u0131mc\u0131 olacak sorun giderme ipu\u00e7lar\u0131 ve \u00e7\u00f6z\u00fcmleri mevcuttur. D\u00fczenli inceleme ve bak\u0131m gibi \u00f6nleyici tedbirler, potansiyel sorunlar\u0131 azaltmaya yard\u0131mc\u0131 olabilir. <\/p>\n<p><img decoding=\"async\" src=\"https:\/\/www.hydraulic-cylinders.net\/wp-content\/uploads\/2025\/01\/songte-bushings-with-all-kinds-of-excavator-models.webp\" alt=\"Hidrolik Silindir Bur\u00e7lar\u0131\"><\/p>\n<h2>\u015eirketimiz Hakk\u0131nda<\/h2>\n<p>Biz, yerli ve uluslararas\u0131 pazarlara y\u00f6nelik eksiksiz bir \u00fcr\u00fcn yelpazesi sunan, \u00f6nde gelen bir hidrolik silindir \u00fcreticisi ve toptan da\u011f\u0131t\u0131c\u0131s\u0131y\u0131z. En y\u00fcksek kalite standartlar\u0131na ba\u011fl\u0131 kal\u0131yoruz ve teknolojik yetenek, dijital \u00fcst d\u00fczey \u00fcretim ekipmanlar\u0131 ve profesyonel test sistemleriyle desteklenen end\u00fcstriyel \u00fcretim y\u00f6netim stratejilerine g\u00fcveniyoruz. \u00c7e\u015fitli m\u00fc\u015fteri ihtiya\u00e7lar\u0131n\u0131 kar\u015f\u0131lamak i\u00e7in y\u00fcksek verimlilik, hassasiyet ve kalite elde etmek amac\u0131yla \u00fcretim platformlar\u0131m\u0131z\u0131 s\u00fcrekli olarak geli\u015ftiriyoruz. <\/p>\n<ul>\n<li>Profesyonellik: Y\u00fcksek kaliteli hidrolik silindirler sunmaya kendini adam\u0131\u015f, deneyimli ve \u00f6zverili bir profesyonel ekibimiz var. <\/li>\n<li>Uluslararas\u0131 Sertifikalar: \u00dcr\u00fcnlerimiz ISO, CE ve di\u011fer uluslararas\u0131 sertifikalar\u0131 alm\u0131\u015ft\u0131r; bu da kalite ve g\u00fcvenilirliklerini garanti alt\u0131na almaktad\u0131r. <\/li>\n<li>\u00d6zelle\u015ftirme: \u00d6zel tasar\u0131m, malzeme se\u00e7imi ve \u00fcr\u00fcn testleri de dahil olmak \u00fczere, m\u00fc\u015fterilerimizin \u00f6zel ihtiya\u00e7lar\u0131n\u0131 kar\u015f\u0131lamak i\u00e7in \u00f6zelle\u015ftirilmi\u015f hizmetler sunuyoruz. <\/li>\n<li>\u00dcretim Ekipmanlar\u0131: Y\u00fcksek kaliteli hidrolik silindirleri verimli bir \u015fekilde \u00fcretmek i\u00e7in geli\u015fmi\u015f \u00fcretim ekipmanlar\u0131 kullan\u0131yoruz. <\/li>\n<li>Sat\u0131\u015f Sonras\u0131 Hizmetler: \u00dcr\u00fcnlerimizin kullan\u0131m \u00f6mr\u00fcn\u00fc uzatmak ve performans\u0131n\u0131 art\u0131rmak i\u00e7in par\u00e7a de\u011fi\u015fimi ve yeniden yap\u0131land\u0131rma hizmetleri de dahil olmak \u00fczere kapsaml\u0131 sat\u0131\u015f sonras\u0131 hizmetler sunuyoruz. <\/li>\n<\/ul>\n<p><img decoding=\"async\" src=\"https:\/\/hzpt.com\/wp-content\/uploads\/2024\/11\/songte-company-1.webp\" alt=\"Hidrolik Silindir Fabrikas\u0131 G\u00f6rseli\"><\/p>\n<p>Yazar: lyl<\/p>","protected":false},"excerpt":{"rendered":"<p>Bucket Cylinder For Bobcat Small Excavator E85 Introduction The bucket cylinder for Bobcat small excavator E85 is a specially designed hydraulic cylinder used to control bucket movement in heavy machinery, such as excavators, backhoe excavators, and front-end loaders. Its main function is to enable the bucket to lift, lower, and tilt, making it easier for [&hellip;]<\/p>","protected":false},"featured_media":14776,"comment_status":"open","ping_status":"closed","template":"","meta":{"_et_pb_use_builder":"","_et_pb_old_content":"","_et_gb_content_width":""},"product_brand":[],"product_cat":[1494],"product_tag":[1495,1496],"class_list":{"0":"post-15695","1":"product","2":"type-product","3":"status-publish","4":"has-post-thumbnail","6":"product_cat-bucket-cylinders","7":"product_tag-bucket-cylinders","8":"product_tag-hydraulic-cylinders","10":"first","11":"instock","12":"shipping-taxable","13":"product-type-simple"},"amp_enabled":true,"_links":{"self":[{"href":"https:\/\/www.hydraulic-cylinders.net\/tr\/wp-json\/wp\/v2\/product\/15695","targetHints":{"allow":["GET"]}}],"collection":[{"href":"https:\/\/www.hydraulic-cylinders.net\/tr\/wp-json\/wp\/v2\/product"}],"about":[{"href":"https:\/\/www.hydraulic-cylinders.net\/tr\/wp-json\/wp\/v2\/types\/product"}],"replies":[{"embeddable":true,"href":"https:\/\/www.hydraulic-cylinders.net\/tr\/wp-json\/wp\/v2\/comments?post=15695"}],"wp:featuredmedia":[{"embeddable":true,"href":"https:\/\/www.hydraulic-cylinders.net\/tr\/wp-json\/wp\/v2\/media\/14776"}],"wp:attachment":[{"href":"https:\/\/www.hydraulic-cylinders.net\/tr\/wp-json\/wp\/v2\/media?parent=15695"}],"wp:term":[{"taxonomy":"product_brand","embeddable":true,"href":"https:\/\/www.hydraulic-cylinders.net\/tr\/wp-json\/wp\/v2\/product_brand?post=15695"},{"taxonomy":"product_cat","embeddable":true,"href":"https:\/\/www.hydraulic-cylinders.net\/tr\/wp-json\/wp\/v2\/product_cat?post=15695"},{"taxonomy":"product_tag","embeddable":true,"href":"https:\/\/www.hydraulic-cylinders.net\/tr\/wp-json\/wp\/v2\/product_tag?post=15695"}],"curies":[{"name":"wp","href":"https:\/\/api.w.org\/{rel}","templated":true}]}}