{"id":15700,"date":"2025-01-19T14:51:41","date_gmt":"2025-01-19T14:51:41","guid":{"rendered":"https:\/\/www.hydraulic-cylinders.net\/product\/bucket-cylinder-for-der-der323-8elzm\/"},"modified":"2025-01-19T14:51:43","modified_gmt":"2025-01-19T14:51:43","slug":"bucket-cylinder-for-der-der323-8elzm","status":"publish","type":"product","link":"https:\/\/www.hydraulic-cylinders.net\/tr\/urun\/bucket-cylinder-for-der-der323-8elzm\/","title":{"rendered":"DER DER323-8ELZM \u0130\u00e7in Kova Silindiri"},"content":{"rendered":"<p><!DOCTYPE html><br \/>\n<html><br \/>\n<head><br \/>\n<title>DER DER323-8ELZM \u0130\u00e7in Kova Silindiri<\/title><br \/>\n<\/head><br \/>\n<body><\/p>\n<h1>DER DER323-8ELZM \u0130\u00e7in Kova Silindiri<\/h1>\n<h2>girii\u015f<\/h2>\n<p>Kova silindiri, ekskavat\u00f6rler, bekolu y\u00fckleyiciler ve y\u00fckleyiciler gibi a\u011f\u0131r i\u015f makinelerinde kovan\u0131n hareketini kontrol etmek i\u00e7in kullan\u0131lan \u00f6zel olarak tasarlanm\u0131\u015f bir hidrolik silindirdir. Ana i\u015flevi, kovan\u0131n kald\u0131r\u0131lmas\u0131n\u0131, indirilmesini ve e\u011filmesini sa\u011flayarak \u00e7e\u015fitli malzeme ta\u015f\u0131ma g\u00f6revleri i\u00e7in uygundur. Hidrolik bir sistemde, kova silindiri, hidrolik ya\u011f\u0131n bas\u0131n\u00e7 de\u011fi\u015fimlerini kullanarak kovan\u0131n hassas kontrol\u00fcn\u00fc sa\u011flar ve operat\u00f6rlerin a\u011f\u0131r y\u00fckleri verimli bir \u015fekilde ta\u015f\u0131mas\u0131na, karma\u015f\u0131k \u00e7al\u0131\u015fma ortamlar\u0131na ve \u00e7e\u015fitli i\u015f gereksinimlerine uyum sa\u011flamas\u0131na olanak tan\u0131r.<\/p>\n<p><img decoding=\"async\" src=\"https:\/\/www.hydraulic-cylinders.net\/wp-content\/uploads\/2025\/01\/songte-company-2.webp\" alt=\"Kova Silindiri G\u00f6r\u00fcnt\u00fcs\u00fc\"><\/p>\n<h2>\u00d6zellikler<\/h2>\n<ul>\n<li>Y\u00fcksek mukavemet ve dayan\u0131kl\u0131l\u0131k: Genellikle y\u00fcksek mukavemetli \u00e7elik veya al\u00fcminyumdan \u00fcretilir, y\u00fcksek bas\u0131n\u00e7 ve a\u011f\u0131r y\u00fcklere dayan\u0131kl\u0131d\u0131r, zorlu \u00e7al\u0131\u015fma ortamlar\u0131na uyum sa\u011flar ve a\u015f\u0131nma direnci ve korozyon direnci d\u00fc\u015f\u00fcn\u00fclerek tasarlan\u0131r, bu da hizmet \u00f6mr\u00fcn\u00fc uzat\u0131r.<\/li>\n<li>Verimli hidrolik \u00e7al\u0131\u015fma: Hidrolik ya\u011f\u0131n bas\u0131nc\u0131n\u0131 kullanarak d\u00fczg\u00fcn uzatma ve geri \u00e7ekme hareketleri ger\u00e7ekle\u015ftirir, kontrol komutlar\u0131na h\u0131zl\u0131 bir \u015fekilde yan\u0131t verebilir, g\u00fc\u00e7l\u00fc itme ve \u00e7ekme kuvvetleri sa\u011flar, a\u011f\u0131r y\u00fckleri ve karma\u015f\u0131k i\u015f g\u00f6revlerini ta\u015f\u0131maya uygundur.<\/li>\n<li>\u00c7e\u015fitli tipler: \u0130htiya\u00e7lar\u0131n\u0131za g\u00f6re tek etkili (sadece tek y\u00f6nde kullan\u0131lan hidrolik s\u0131v\u0131) veya \u00e7ift etkili (her iki y\u00f6nde kullan\u0131lan hidrolik s\u0131v\u0131) silindirler aras\u0131ndan se\u00e7im yap\u0131n. Baz\u0131 modeller teleskopiktir ve d\u0131\u015f boyutlar\u0131 art\u0131rmadan daha fazla geni\u015flemeye olanak tan\u0131r, s\u0131n\u0131rl\u0131 alana sahip uygulamalar i\u00e7in uygundur.<\/li>\n<li>M\u00fckemmel de\u011fi\u015ftirme: \u00dcr\u00fcnlerimiz bu hidrolik silindirlerin yerini m\u00fckemmel \u015fekilde alabilir.<\/li>\n<\/ul>\n<p><img decoding=\"async\" src=\"https:\/\/www.hydraulic-cylinders.net\/wp-content\/uploads\/2025\/01\/songte-cylinder-head-with-all-kinds-excavator-models.webp\" alt=\"Hidrolik Silindir G\u00f6r\u00fcnt\u00fcs\u00fc\"><\/p>\n<h2>Uygulamalar<\/h2>\n<ul>\n<li>\u0130n\u015faat ekipmanlar\u0131: Ekskavat\u00f6rlerde bulunan bu ekipmanlar, kazma, y\u00fckleme ve toprak veya moloz ta\u015f\u0131ma i\u015flerinde hayati \u00f6nem ta\u015f\u0131r. Beko ekskavat\u00f6rlerde ise kova silindiri hem kaz\u0131 hem de kald\u0131rma i\u015flemlerinde yard\u0131mc\u0131 olur.<\/li>\n<li>Tar\u0131m makineleri: \u00d6n y\u00fckleyicilerde toprak, saman ve di\u011fer malzemeleri kep\u00e7elemek, kald\u0131rmak ve ta\u015f\u0131mak i\u00e7in kullan\u0131l\u0131r.<\/li>\n<li>Ekskavat\u00f6rler: Kova silindiri, kovan\u0131n topra\u011fa n\u00fcfuz etmesini sa\u011flayarak kazma i\u015flemini ger\u00e7ekle\u015ftirir.<\/li>\n<li>Y\u00fckleyiciler: \u00d6n y\u00fckleyicilerde, mallar\u0131n etkili bir \u015fekilde kald\u0131r\u0131lmas\u0131na ve bo\u015falt\u0131lmas\u0131na yard\u0131mc\u0131 olurlar.<\/li>\n<\/ul>\n<h2>Tasar\u0131m Hususlar\u0131 ve Se\u00e7im Kriterleri<\/h2>\n<p>Kova silindiri tasarlan\u0131rken \u00e7e\u015fitli fakt\u00f6rler g\u00f6z \u00f6n\u00fcnde bulundurulur:<\/p>\n<ul>\n<li>Y\u00fck ta\u015f\u0131ma kapasitesi: Silindirin beklenen y\u00fckleri kald\u0131rabilmesini sa\u011flamak.<\/li>\n<li>S\u0131zd\u0131rmazl\u0131k kabiliyeti: Poli\u00fcretan ve nitril kau\u00e7uk gibi a\u015f\u0131nmaya dayan\u0131kl\u0131 malzemelerden yap\u0131lm\u0131\u015f piston contalar\u0131 ve biyel contalar\u0131 gibi \u00e7e\u015fitli contalar\u0131n kullan\u0131lmas\u0131.<\/li>\n<li>Dayan\u0131kl\u0131l\u0131k: Silindir g\u00f6vdesinde ve di\u015fli u\u00e7ta ince y\u00fczey i\u015flemi uygulanarak a\u015f\u0131nma direnci art\u0131r\u0131lm\u0131\u015ft\u0131r.<\/li>\n<li>G\u00fcvenlik: \u0130\u015fletme s\u0131ras\u0131nda kazalar\u0131 \u00f6nlemek i\u00e7in g\u00fcvenlik \u00f6nlemlerinin uygulanmas\u0131.<\/li>\n<li>Bak\u0131m kolayl\u0131\u011f\u0131: Silindirin \u00f6mr\u00fcn\u00fc uzatmak i\u00e7in kolay bak\u0131m ve onar\u0131m imk\u00e2n\u0131 sa\u011flar.<\/li>\n<\/ul>\n<p><img decoding=\"async\" src=\"https:\/\/www.hydraulic-cylinders.net\/wp-content\/uploads\/2025\/01\/songte-oil-pipes-and-spare-parts.webp\" alt=\"Hidrolik Silindir Bile\u015fenleri G\u00f6rseli\"><\/p>\n<h2>S\u0131zd\u0131rmazl\u0131k ve Ya\u011flama<\/h2>\n<p>Kova silindiri, poli\u00fcretan ve nitril kau\u00e7uk gibi a\u015f\u0131nmaya dayan\u0131kl\u0131 malzemelerden yap\u0131lm\u0131\u015f piston contalar\u0131 ve piston kolu contalar\u0131 gibi \u00e7e\u015fitli contalar kullan\u0131r. Silindir g\u00f6vdesi ve di\u015fli u\u00e7, a\u015f\u0131nma direncini art\u0131rmak i\u00e7in ince bir y\u00fczey i\u015flemine tabi tutulur. Sorunsuz \u00e7al\u0131\u015fma i\u00e7in uygun miktarda hidrolik ya\u011f ile d\u00fczenli ya\u011flama gereklidir.<\/p>\n<h2>Muayene ve \u00d6nleyici Bak\u0131m<\/h2>\n<ul>\n<li>D\u00fczenli kontrol: Silindirde ve par\u00e7alar\u0131nda s\u0131z\u0131nt\u0131, a\u015f\u0131nma veya hasar belirtileri olup olmad\u0131\u011f\u0131n\u0131 kontrol edin.<\/li>\n<li>Uygun ya\u011flama: A\u015f\u0131r\u0131 a\u015f\u0131nmay\u0131 \u00f6nlemek i\u00e7in silindirin uygun \u015fekilde ya\u011fland\u0131\u011f\u0131ndan emin olun.<\/li>\n<li>Conta de\u011fi\u015fimi: Optimum performans\u0131 korumak i\u00e7in a\u015f\u0131nm\u0131\u015f veya hasarl\u0131 contalar\u0131 de\u011fi\u015ftirin.<\/li>\n<li>Kalibrasyon kontrol\u00fc: Do\u011fru \u00e7al\u0131\u015fmay\u0131 sa\u011flamak i\u00e7in silindiri periyodik olarak kontrol edin ve kalibre edin.<\/li>\n<\/ul>\n<p><img decoding=\"async\" src=\"https:\/\/www.hydraulic-cylinders.net\/wp-content\/uploads\/2025\/01\/songte-chushion-collar.webp\" alt=\"Hidrolik Silindir Bak\u0131m G\u00f6rseli\"><\/p>\n<h2>G\u00fcvenlik Hususlar\u0131 ve \u00c7evresel Fakt\u00f6rler<\/h2>\n<p>Kova silindiri kullan\u0131l\u0131rken, kazalar\u0131 \u00f6nlemek ve i\u015f yeri g\u00fcvenli\u011fini sa\u011flamak i\u00e7in g\u00fcvenlik \u00f6nlemlerine uyulmas\u0131 \u00f6nemlidir. Olumsuz etkileri en aza indirmek i\u00e7in \u00e7evresel fakt\u00f6rler de g\u00f6z \u00f6n\u00fcnde bulundurulmal\u0131d\u0131r.<\/p>\n<h2>Ar\u0131za Te\u015fhisi ve Yayg\u0131n Sorunlar<\/h2>\n<p>Kova silindirinde meydana gelebilecek yayg\u0131n ar\u0131zalar ve sorunlar aras\u0131nda s\u0131z\u0131nt\u0131, hatal\u0131 \u00e7al\u0131\u015fma ve d\u00fc\u015f\u00fck performans yer al\u0131r. Bu sorunlar\u0131n te\u015fhis ve \u00e7\u00f6z\u00fcm\u00fcnde h\u0131zl\u0131 sorun giderme ve sorun \u00e7\u00f6zme teknikleri \u00e7ok \u00f6nemlidir. Ayr\u0131ca, olas\u0131 sorunlar\u0131 en aza indirmek i\u00e7in \u00f6nleyici tedbirler al\u0131nmal\u0131d\u0131r.<\/p>\n<p><img decoding=\"async\" src=\"https:\/\/www.hydraulic-cylinders.net\/wp-content\/uploads\/2025\/01\/songte-bushings-with-all-kinds-of-excavator-models.webp\" alt=\"Hidrolik Silindir Ar\u0131za Giderme G\u00f6rseli\"><\/p>\n<h2>\u00c7\u00f6z\u00fcm<\/h2>\n<p>Sonu\u00e7 olarak, firmam\u0131z yurti\u00e7i ve yurtd\u0131\u015f\u0131 pazarlarda lider bir hidrolik silindir \u00fcreticisi ve toptan da\u011f\u0131t\u0131c\u0131s\u0131d\u0131r. Geni\u015f bir \u00fcr\u00fcn yelpazesi sunuyor ve m\u00fckemmel kalite ve \u00f6zelle\u015ftirilmi\u015f hizmetler sunmada uzmanla\u015f\u0131yoruz. Geli\u015fmi\u015f \u00fcretim tesislerimiz, profesyonel uzmanl\u0131\u011f\u0131m\u0131z ve m\u00fc\u015fteri memnuniyetine olan ba\u011fl\u0131l\u0131\u011f\u0131m\u0131zla, m\u00fc\u015fterilerimizin \u00e7e\u015fitli ihtiya\u00e7lar\u0131n\u0131 kar\u015f\u0131lamaya \u00e7al\u0131\u015f\u0131yoruz.<\/p>\n<p><img decoding=\"async\" src=\"https:\/\/www.hydraulic-cylinders.net\/wp-content\/uploads\/2025\/01\/songte-company-3.webp\" alt=\"\u015eirket \u0130maj\u0131\"><\/p>\n<p>Yazar: lyl<\/p>\n<p><\/body><br \/>\n<\/html><\/p>","protected":false},"excerpt":{"rendered":"<p>Bucket Cylinder For DER DER323-8ELZM Bucket Cylinder For DER DER323-8ELZM Introduction A bucket cylinder is a specially designed hydraulic cylinder used to control the movement of the bucket in heavy machinery such as excavators, backhoes, and loaders. Its main function is to enable the lifting, lowering, and tilting of the bucket, making it suitable for [&hellip;]<\/p>","protected":false},"featured_media":14762,"comment_status":"open","ping_status":"closed","template":"","meta":{"_et_pb_use_builder":"","_et_pb_old_content":"","_et_gb_content_width":""},"product_brand":[],"product_cat":[1494],"product_tag":[1495,1496],"class_list":{"0":"post-15700","1":"product","2":"type-product","3":"status-publish","4":"has-post-thumbnail","6":"product_cat-bucket-cylinders","7":"product_tag-bucket-cylinders","8":"product_tag-hydraulic-cylinders","10":"first","11":"instock","12":"shipping-taxable","13":"product-type-simple"},"amp_enabled":true,"_links":{"self":[{"href":"https:\/\/www.hydraulic-cylinders.net\/tr\/wp-json\/wp\/v2\/product\/15700","targetHints":{"allow":["GET"]}}],"collection":[{"href":"https:\/\/www.hydraulic-cylinders.net\/tr\/wp-json\/wp\/v2\/product"}],"about":[{"href":"https:\/\/www.hydraulic-cylinders.net\/tr\/wp-json\/wp\/v2\/types\/product"}],"replies":[{"embeddable":true,"href":"https:\/\/www.hydraulic-cylinders.net\/tr\/wp-json\/wp\/v2\/comments?post=15700"}],"wp:featuredmedia":[{"embeddable":true,"href":"https:\/\/www.hydraulic-cylinders.net\/tr\/wp-json\/wp\/v2\/media\/14762"}],"wp:attachment":[{"href":"https:\/\/www.hydraulic-cylinders.net\/tr\/wp-json\/wp\/v2\/media?parent=15700"}],"wp:term":[{"taxonomy":"product_brand","embeddable":true,"href":"https:\/\/www.hydraulic-cylinders.net\/tr\/wp-json\/wp\/v2\/product_brand?post=15700"},{"taxonomy":"product_cat","embeddable":true,"href":"https:\/\/www.hydraulic-cylinders.net\/tr\/wp-json\/wp\/v2\/product_cat?post=15700"},{"taxonomy":"product_tag","embeddable":true,"href":"https:\/\/www.hydraulic-cylinders.net\/tr\/wp-json\/wp\/v2\/product_tag?post=15700"}],"curies":[{"name":"wp","href":"https:\/\/api.w.org\/{rel}","templated":true}]}}