{"id":15705,"date":"2025-01-19T14:52:01","date_gmt":"2025-01-19T14:52:01","guid":{"rendered":"https:\/\/www.hydraulic-cylinders.net\/product\/bucket-cylinder-for-kubota-small-excavator-u-165\/"},"modified":"2025-01-19T14:52:05","modified_gmt":"2025-01-19T14:52:05","slug":"bucket-cylinder-for-kubota-small-excavator-u-165","status":"publish","type":"product","link":"https:\/\/www.hydraulic-cylinders.net\/tr\/urun\/bucket-cylinder-for-kubota-small-excavator-u-165\/","title":{"rendered":"Kubota U-165 K\u00fc\u00e7\u00fck Ekskavat\u00f6r \u0130\u00e7in Kep\u00e7e Silindiri"},"content":{"rendered":"<h1>Kubota U-165 K\u00fc\u00e7\u00fck Ekskavat\u00f6r \u0130\u00e7in Kep\u00e7e Silindiri<\/h1>\n<h2>girii\u015f<\/h2>\n<p>Kubota U-165 k\u00fc\u00e7\u00fck ekskavat\u00f6r i\u00e7in kep\u00e7e silindiri, ekskavat\u00f6rler, kaz\u0131c\u0131 y\u00fckleyiciler ve \u00f6n y\u00fckleyiciler gibi a\u011f\u0131r makinelerde kep\u00e7enin hareketini kontrol etmek i\u00e7in \u00f6zel olarak tasarlanm\u0131\u015f bir hidrolik silindirdir. Ana i\u015flevi, kep\u00e7enin kald\u0131r\u0131lmas\u0131n\u0131, indirilmesini ve e\u011filmesini sa\u011flayarak \u00e7e\u015fitli malzeme ta\u015f\u0131ma g\u00f6revleri i\u00e7in kolayl\u0131k sa\u011flamakt\u0131r. Hidrolik sistemde, kep\u00e7e silindiri hidrolik ya\u011f bas\u0131nc\u0131ndaki de\u011fi\u015fiklikler yoluyla kep\u00e7enin hassas kontrol\u00fcn\u00fc sa\u011flar ve operat\u00f6rlerin a\u011f\u0131r y\u00fckleri verimli bir \u015fekilde ta\u015f\u0131mas\u0131na ve karma\u015f\u0131k \u00e7al\u0131\u015fma ortamlar\u0131na ve \u00e7e\u015fitli i\u015f gereksinimlerine uyum sa\u011flamas\u0131na olanak tan\u0131r.<\/p>\n<p><img decoding=\"async\" src=\"https:\/\/www.hydraulic-cylinders.net\/wp-content\/uploads\/2025\/01\/songte-company-2.webp\" alt=\"Kova Silindiri G\u00f6r\u00fcnt\u00fcs\u00fc\"><\/p>\n<h2>\u00d6zellikler<\/h2>\n<ul>\n<li>Y\u00fcksek Mukavemet ve Dayan\u0131kl\u0131l\u0131k: Genellikle y\u00fcksek mukavemetli \u00e7elik veya al\u00fcminyumdan \u00fcretilen bu \u00fcr\u00fcn, y\u00fcksek bas\u0131nca ve a\u011f\u0131r y\u00fcklere dayanabilir ve zorlu \u00e7al\u0131\u015fma ortamlar\u0131na uyum sa\u011flar. Tasar\u0131mda ayr\u0131ca a\u015f\u0131nma direnci ve korozyon direnci de dikkate al\u0131narak kullan\u0131m \u00f6mr\u00fc uzat\u0131lm\u0131\u015ft\u0131r.<\/li>\n<li>Verimli Hidrolik \u00c7al\u0131\u015fma: Hidrolik ya\u011f\u0131n bas\u0131nc\u0131n\u0131 kullanarak, d\u00fczg\u00fcn uzatma ve geri \u00e7ekme hareketleri ger\u00e7ekle\u015ftirir, kontrol komutlar\u0131na h\u0131zl\u0131 yan\u0131t verir, g\u00fc\u00e7l\u00fc itme ve \u00e7ekme kuvvetleri sa\u011flar ve a\u011f\u0131r y\u00fckleri ve karma\u015f\u0131k i\u015f g\u00f6revlerini ta\u015f\u0131maya uygundur.<\/li>\n<li>\u00c7ok Y\u00f6nl\u00fc Tipler: Kova silindiri, \u00f6zel \u00e7al\u0131\u015fma ihtiya\u00e7lar\u0131na g\u00f6re tek etkili (hidrolik yaln\u0131zca tek y\u00f6nde kullan\u0131l\u0131r) veya \u00e7ift etkili (hidrolik her iki y\u00f6nde kullan\u0131l\u0131r) silindir olarak se\u00e7ilebilir. Baz\u0131 modeller teleskopiktir ve d\u0131\u015f boyutlar\u0131 art\u0131rmadan daha fazla geni\u015flemeye olanak tan\u0131yarak s\u0131n\u0131rl\u0131 alana sahip uygulamalar i\u00e7in uygun hale gelir.<\/li>\n<li>M\u00fckemmel De\u011fi\u015ftirme: \u00dcr\u00fcn\u00fcm\u00fcz bu hidrolik silindirlerin yerini m\u00fckemmel \u015fekilde alabilir.<\/li>\n<\/ul>\n<p><img decoding=\"async\" src=\"https:\/\/www.hydraulic-cylinders.net\/wp-content\/uploads\/2025\/01\/songte-cylinder-head-with-all-kinds-excavator-models.webp\" alt=\"Yedek Silindir G\u00f6r\u00fcnt\u00fcs\u00fc\"><\/p>\n<h2>Uygulamalar<\/h2>\n<p>Kubota U-165 k\u00fc\u00e7\u00fck ekskavat\u00f6r i\u00e7in kova silindiri \u00e7e\u015fitli sekt\u00f6rlerde uygulama alan\u0131 bulmaktad\u0131r:<\/p>\n<h3>\u0130n\u015faat Ekipmanlar\u0131:<\/h3>\n<p>Ekskavat\u00f6rlerde kazma, y\u00fckleme ve toprak veya moloz ta\u015f\u0131mada \u00f6nemlidirler. Beko-Loderlerde ise kova silindiri hem kazma hem de kald\u0131rma i\u015flemlerinde yard\u0131mc\u0131 olur.<\/p>\n<h3>Tar\u0131m Makinalar\u0131:<\/h3>\n<p>\u00d6n y\u00fckleyicilerde toprak, saman ve di\u011fer malzemelerin kep\u00e7elenmesi, kald\u0131r\u0131lmas\u0131 ve ta\u015f\u0131nmas\u0131 i\u00e7in kullan\u0131l\u0131r.<\/p>\n<h3>Ekskavat\u00f6rler:<\/h3>\n<p>Kova silindiri, kovan\u0131n topra\u011fa n\u00fcfuz etmesini sa\u011flayarak kazma i\u015flemini m\u00fcmk\u00fcn k\u0131lar.<\/p>\n<h3>Y\u00fckleyiciler:<\/h3>\n<p>\u00d6n y\u00fckleyicilerde, mallar\u0131n etkili bir \u015fekilde kald\u0131r\u0131lmas\u0131na ve e\u011filmesine yard\u0131mc\u0131 olurlar.<\/p>\n<p><img decoding=\"async\" src=\"https:\/\/www.hydraulic-cylinders.net\/wp-content\/uploads\/2025\/01\/songte-chushion-collar.webp\" alt=\"Uygulamalar G\u00f6r\u00fcnt\u00fcs\u00fc\"><\/p>\n<h2>Tasar\u0131m Hususlar\u0131 ve Se\u00e7im Kriterleri<\/h2>\n<p>Kep\u00e7e silindirinin tasar\u0131m\u0131 s\u00f6z konusu oldu\u011funda, \u00e7e\u015fitli fakt\u00f6rler g\u00f6z \u00f6n\u00fcnde bulundurulmal\u0131d\u0131r:<\/p>\n<ul>\n<li>Ta\u015f\u0131ma Kapasitesi: Silindir, beklenen maksimum y\u00fck\u00fc kald\u0131rabilecek \u015fekilde tasarlanmal\u0131d\u0131r.<\/li>\n<li>S\u0131zd\u0131rmazl\u0131k: Poli\u00fcretan veya nitril kau\u00e7uk gibi a\u015f\u0131nmaya dayan\u0131kl\u0131 malzemelerden yap\u0131lm\u0131\u015f piston contalar\u0131 ve mil contalar\u0131 gibi \u00e7e\u015fitli contalar kullan\u0131lmal\u0131d\u0131r. Silindir g\u00f6vdesi ve di\u015fli u\u00e7lar, a\u015f\u0131nma direncini art\u0131rmak i\u00e7in ince bir i\u015flemden ge\u00e7irilmelidir.<\/li>\n<li>Dayan\u0131kl\u0131l\u0131k: Tasar\u0131m, silindirin uzun \u00f6m\u00fcrl\u00fcl\u00fc\u011f\u00fcn\u00fc dikkate almal\u0131 ve s\u0131k ve zorlu kullan\u0131ma dayanabilmesini sa\u011flamal\u0131d\u0131r.<\/li>\n<li>G\u00fcvenlik: \u00c7al\u0131\u015fma s\u0131ras\u0131nda kazalar\u0131 \u00f6nlemek i\u00e7in g\u00fcvenlik \u00f6zellikleri dahil edilmelidir.<\/li>\n<li>Bak\u0131m kolayl\u0131\u011f\u0131: Tasar\u0131m, ar\u0131za s\u00fcrelerini en aza indirerek kolay bak\u0131m ve onar\u0131ma olanak sa\u011flamal\u0131d\u0131r.<\/li>\n<\/ul>\n<p><img decoding=\"async\" src=\"https:\/\/www.hydraulic-cylinders.net\/wp-content\/uploads\/2025\/01\/songte-oil-pipes-and-spare-parts.webp\" alt=\"Tasar\u0131m Hususlar\u0131 G\u00f6rseli\"><\/p>\n<h2>S\u0131zd\u0131rmazl\u0131k ve Ya\u011flama<\/h2>\n<p>Kova silindiri, poli\u00fcretan veya nitril kau\u00e7uk gibi a\u015f\u0131nmaya dayan\u0131kl\u0131 malzemelerden yap\u0131lm\u0131\u015f piston contalar\u0131 ve mil contalar\u0131 gibi \u00e7e\u015fitli s\u0131zd\u0131rmazl\u0131k bile\u015fenleri kullan\u0131r. Silindir g\u00f6vdesi ve di\u015fli u\u00e7lar\u0131, a\u015f\u0131nma direncini art\u0131rmak i\u00e7in ince bir \u015fekilde i\u015flenmi\u015ftir. Sorunsuz \u00e7al\u0131\u015fma sa\u011flamak i\u00e7in uygun miktarda hidrolik ya\u011f ile d\u00fczenli ya\u011flama gereklidir.<\/p>\n<h2>D\u00fczenli Muayene ve \u00d6nleyici Bak\u0131m<\/h2>\n<ul>\n<li>Silindiri d\u00fczenli olarak hasar veya a\u015f\u0131nma belirtileri a\u00e7\u0131s\u0131ndan inceleyin.<\/li>\n<li>T\u00fcm hareketli par\u00e7alar\u0131n uygun \u015fekilde ya\u011fland\u0131\u011f\u0131ndan emin olun.<\/li>\n<li>En iyi performans\u0131 korumak i\u00e7in contalar\u0131 d\u00fczenli aral\u0131klarla de\u011fi\u015ftirin.<\/li>\n<li>Do\u011fru \u00e7al\u0131\u015fmay\u0131 sa\u011flamak i\u00e7in kalibrasyon kontrollerini ger\u00e7ekle\u015ftirin.<\/li>\n<\/ul>\n<p><img decoding=\"async\" src=\"https:\/\/www.hydraulic-cylinders.net\/wp-content\/uploads\/2025\/01\/songte-bushings-with-all-kinds-of-excavator-models.webp\" alt=\"Bak\u0131m G\u00f6r\u00fcnt\u00fcs\u00fc\"><\/p>\n<h2>G\u00fcvenlik Hususlar\u0131 ve \u00c7evresel Fakt\u00f6rler<\/h2>\n<p>Kova silindirini kullan\u0131rken, kazalar\u0131 \u00f6nlemek ve g\u00fcvenli bir \u00e7al\u0131\u015fma ortam\u0131 sa\u011flamak i\u00e7in g\u00fcvenlik \u00f6nlemlerine uymak \u015fartt\u0131r. Uygun koruyucu ekipman giymek ve do\u011fru \u00e7al\u0131\u015ft\u0131rma prosed\u00fcrlerini takip etmek gibi g\u00fcvenlik \u00f6nlemleri son derece \u00f6nemlidir.<\/p>\n<h2>Sorun Giderme ve Yayg\u0131n Sorunlar<\/h2>\n<p>Herhangi bir ar\u0131za veya sorun durumunda, sorunu do\u011fru bir \u015fekilde te\u015fhis etmek \u00f6nemlidir. Okuyucular\u0131n sorunlar\u0131 etkili bir \u015fekilde belirlemelerine ve \u00e7\u00f6zmelerine yard\u0131mc\u0131 olmak i\u00e7in baz\u0131 sorun giderme ipu\u00e7lar\u0131 ve \u00e7\u00f6z\u00fcmleri a\u015fa\u011f\u0131da verilmi\u015ftir. Ayr\u0131ca, olas\u0131 sorunlar\u0131 en aza indirmek i\u00e7in \u00f6nleyici tedbirler al\u0131nabilir.<\/p>\n<p><img decoding=\"async\" src=\"https:\/\/www.hydraulic-cylinders.net\/wp-content\/uploads\/2025\/01\/songte-company-1.webp\" alt=\"Sorun Giderme G\u00f6r\u00fcnt\u00fcs\u00fc\"><\/p>\n<h2>\u015eirketimiz Hakk\u0131nda<\/h2>\n<p>Geni\u015f \u00fcr\u00fcn yelpazesi sunan yedek hidrolik silindir \u00fcreticisiyiz. Yurti\u00e7i ve yurtd\u0131\u015f\u0131 pazarlarda \u00f6nde gelen hidrolik silindir \u00fcreticilerinden ve toptanc\u0131lar\u0131ndan biri olarak, kalite m\u00fckemmelli\u011fine \u00f6ncelik veriyoruz. End\u00fcstriyel \u00fcretim y\u00f6netim stratejimiz, teknik yeteneklerin, dijital y\u00fcksek teknoloji \u00fcretim ekipmanlar\u0131n\u0131n ve profesyonel test sistemlerinin kullan\u0131m\u0131na dayanmaktad\u0131r. \u00dcretim platformumuzu s\u00fcrekli geli\u015ftiriyor, \u00fcr\u00fcn kalitesinin \u00fcretim yolunu iyile\u015ftiriyor ve g\u00fc\u00e7l\u00fc yarat\u0131c\u0131 yeteneklere sahibiz. Y\u00fcksek verimlilik, y\u00fcksek hassasiyet ve y\u00fcksek kalite ilkeleriyle m\u00fc\u015fterilerimizin \u00e7e\u015fitli ihtiya\u00e7lar\u0131n\u0131 kar\u015f\u0131l\u0131yoruz.<\/p>\n<p><img decoding=\"async\" src=\"https:\/\/www.hydraulic-cylinders.net\/wp-content\/uploads\/2025\/01\/songte-company-3.webp\" alt=\"\u015eirket \u0130maj\u0131\"><\/p>\n<p>Profesyonellik, uluslararas\u0131 sertifikalar, \u00f6zelle\u015ftirilmi\u015f hizmetler, \u00fcretim ekipmanlar\u0131 ve sat\u0131\u015f sonras\u0131 hizmetler a\u00e7\u0131s\u0131ndan m\u00fc\u015fterilerimize kapsaml\u0131 \u00e7\u00f6z\u00fcmler sunmak i\u00e7in \u00e7al\u0131\u015f\u0131yoruz.<\/p>\n<p>Yazar: lyl.<\/p>","protected":false},"excerpt":{"rendered":"<p>Bucket Cylinder For Kubota Small Excavator U-165 Introduction The bucket cylinder for Kubota small excavator U-165 is a specially designed hydraulic cylinder used to control the movement of the bucket in heavy machinery such as excavators, backhoe loaders, and front-end loaders. Its main function is to enable the bucket to lift, lower, and tilt, making [&hellip;]<\/p>","protected":false},"featured_media":14785,"comment_status":"open","ping_status":"closed","template":"","meta":{"_et_pb_use_builder":"","_et_pb_old_content":"","_et_gb_content_width":""},"product_brand":[],"product_cat":[1494],"product_tag":[1495,1496],"class_list":{"0":"post-15705","1":"product","2":"type-product","3":"status-publish","4":"has-post-thumbnail","6":"product_cat-bucket-cylinders","7":"product_tag-bucket-cylinders","8":"product_tag-hydraulic-cylinders","10":"first","11":"instock","12":"shipping-taxable","13":"product-type-simple"},"amp_enabled":true,"_links":{"self":[{"href":"https:\/\/www.hydraulic-cylinders.net\/tr\/wp-json\/wp\/v2\/product\/15705","targetHints":{"allow":["GET"]}}],"collection":[{"href":"https:\/\/www.hydraulic-cylinders.net\/tr\/wp-json\/wp\/v2\/product"}],"about":[{"href":"https:\/\/www.hydraulic-cylinders.net\/tr\/wp-json\/wp\/v2\/types\/product"}],"replies":[{"embeddable":true,"href":"https:\/\/www.hydraulic-cylinders.net\/tr\/wp-json\/wp\/v2\/comments?post=15705"}],"wp:featuredmedia":[{"embeddable":true,"href":"https:\/\/www.hydraulic-cylinders.net\/tr\/wp-json\/wp\/v2\/media\/14785"}],"wp:attachment":[{"href":"https:\/\/www.hydraulic-cylinders.net\/tr\/wp-json\/wp\/v2\/media?parent=15705"}],"wp:term":[{"taxonomy":"product_brand","embeddable":true,"href":"https:\/\/www.hydraulic-cylinders.net\/tr\/wp-json\/wp\/v2\/product_brand?post=15705"},{"taxonomy":"product_cat","embeddable":true,"href":"https:\/\/www.hydraulic-cylinders.net\/tr\/wp-json\/wp\/v2\/product_cat?post=15705"},{"taxonomy":"product_tag","embeddable":true,"href":"https:\/\/www.hydraulic-cylinders.net\/tr\/wp-json\/wp\/v2\/product_tag?post=15705"}],"curies":[{"name":"wp","href":"https:\/\/api.w.org\/{rel}","templated":true}]}}