{"id":15719,"date":"2025-01-19T14:53:17","date_gmt":"2025-01-19T14:53:17","guid":{"rendered":"https:\/\/www.hydraulic-cylinders.net\/product\/bucket-cylinder-for-case-small-excavator-cx75\/"},"modified":"2025-01-19T14:53:19","modified_gmt":"2025-01-19T14:53:19","slug":"bucket-cylinder-for-case-small-excavator-cx75","status":"publish","type":"product","link":"https:\/\/www.hydraulic-cylinders.net\/tr\/urun\/bucket-cylinder-for-case-small-excavator-cx75\/","title":{"rendered":"Case CX75 K\u00fc\u00e7\u00fck Ekskavat\u00f6r \u0130\u00e7in Kep\u00e7e Silindiri"},"content":{"rendered":"<p><!DOCTYPE html><br \/>\n<html><br \/>\n<head><br \/>\n<title>Case CX75 K\u00fc\u00e7\u00fck Ekskavat\u00f6r \u0130\u00e7in Kep\u00e7e Silindiri<\/title><br \/>\n<\/head><br \/>\n<body><\/p>\n<h1>Case CX75 K\u00fc\u00e7\u00fck Ekskavat\u00f6r \u0130\u00e7in Kep\u00e7e Silindiri<\/h1>\n<h2>girii\u015f<\/h2>\n<p>Kep\u00e7e silindiri, di\u011fer ad\u0131yla hidrolik silindir, ekskavat\u00f6rler, kaz\u0131c\u0131 y\u00fckleyiciler ve \u00f6n y\u00fckleyiciler gibi a\u011f\u0131r makinelerde kep\u00e7enin hareketini kontrol etmek i\u00e7in \u00f6zel olarak tasarlanm\u0131\u015ft\u0131r. Ana i\u015flevi, kep\u00e7enin kald\u0131r\u0131lmas\u0131n\u0131, indirilmesini ve e\u011filmesini sa\u011flayarak \u00e7e\u015fitli malzeme ta\u015f\u0131ma g\u00f6revlerini kolayla\u015ft\u0131rmakt\u0131r. Hidrolik bir sistemde, kep\u00e7e silindiri hidrolik ya\u011fdaki bas\u0131n\u00e7 de\u011fi\u015fikliklerini kullanarak kep\u00e7enin hassas kontrol\u00fcn\u00fc sa\u011flar; bu da operat\u00f6rlerin a\u011f\u0131r y\u00fckleri verimli bir \u015fekilde ta\u015f\u0131mas\u0131na ve karma\u015f\u0131k \u00e7al\u0131\u015fma ortamlar\u0131na ve \u00e7e\u015fitli operasyonel gereksinimlere uyum sa\u011flamas\u0131na olanak tan\u0131r.<\/p>\n<p><img decoding=\"async\" src=\"https:\/\/www.hydraulic-cylinders.net\/wp-content\/uploads\/2025\/01\/songte-company-2.webp\" alt=\"Kova Silindiri G\u00f6r\u00fcnt\u00fcs\u00fc\"><\/p>\n<h2>\u00d6zellikler<\/h2>\n<ul>\n<li>Y\u00fcksek Mukavemet ve Dayan\u0131kl\u0131l\u0131k: Genellikle y\u00fcksek mukavemetli \u00e7elik veya al\u00fcminyumdan \u00fcretilen kova silindiri, y\u00fcksek bas\u0131nca ve a\u011f\u0131r y\u00fcklere dayanabilir ve zorlu \u00e7al\u0131\u015fma ortamlar\u0131na uyum sa\u011flar. Ayr\u0131ca a\u015f\u0131nma direnci ve korozyon direnci de dikkate al\u0131narak tasarlanm\u0131\u015ft\u0131r, bu da kullan\u0131m \u00f6mr\u00fcn\u00fc uzat\u0131r.<\/li>\n<li>Verimli Hidrolik \u00c7al\u0131\u015fma: Hidrolik ya\u011f\u0131n bas\u0131nc\u0131ndan yararlan\u0131larak, kep\u00e7e silindiri d\u00fczg\u00fcn uzatma ve geri \u00e7ekme hareketleri ger\u00e7ekle\u015ftirir; bu da kontrol komutlar\u0131na h\u0131zl\u0131 yan\u0131t verilmesini ve g\u00fc\u00e7l\u00fc itme ve \u00e7ekme kuvvetleri sa\u011flanmas\u0131n\u0131 m\u00fcmk\u00fcn k\u0131lar. A\u011f\u0131r y\u00fcklerin ve karma\u015f\u0131k operasyonel g\u00f6revlerin ta\u015f\u0131nmas\u0131 i\u00e7in uygundur.<\/li>\n<li>\u00c7e\u015fitli Tipler: Kova silindiri, \u00e7al\u0131\u015fma gereksinimlerine ba\u011fl\u0131 olarak tek etkili (hidrolik bas\u0131n\u00e7 yaln\u0131zca tek y\u00f6nde kullan\u0131l\u0131r) veya \u00e7ift etkili (hidrolik bas\u0131n\u00e7 her iki y\u00f6nde de kullan\u0131l\u0131r) olarak se\u00e7ilebilir. Baz\u0131 modeller teleskopiktir ve d\u0131\u015f boyutlar\u0131 art\u0131rmadan daha fazla uzatmaya olanak tan\u0131yarak s\u0131n\u0131rl\u0131 alana sahip uygulamalar i\u00e7in uygundur.<\/li>\n<li>M\u00fckemmel De\u011fi\u015ftirme: \u00dcr\u00fcnlerimiz bu hidrolik silindirlerin yerini m\u00fckemmel \u015fekilde alabilir.<\/li>\n<\/ul>\n<p><img decoding=\"async\" src=\"https:\/\/www.hydraulic-cylinders.net\/wp-content\/uploads\/2025\/01\/songte-cylinder-head-with-all-kinds-excavator-models.webp\" alt=\"Kova Silindiri De\u011fi\u015ftirme G\u00f6rseli\"><\/p>\n<h2>Uygulamalar<\/h2>\n<p>Kova silindiri \u00e7e\u015fitli ekipmanlarda uygulama alan\u0131 bulur:<\/p>\n<ul>\n<li>\u0130n\u015faat Ekipmanlar\u0131: Ekskavat\u00f6rlerde bulunan bu par\u00e7alar, kaz\u0131, y\u00fckleme ve toprak veya moloz ta\u015f\u0131ma i\u015flemlerinde hayati \u00f6neme sahiptir. Kaz\u0131c\u0131 y\u00fckleyicilerde ise kova silindiri hem kazmaya hem de kald\u0131rmaya yard\u0131mc\u0131 olur.<\/li>\n<li>Tar\u0131m Makinalar\u0131: \u00d6n y\u00fckleyicilerde toprak, saman ve di\u011fer malzemeleri kep\u00e7elemek, kald\u0131rmak ve ta\u015f\u0131mak i\u00e7in kullan\u0131l\u0131r.<\/li>\n<li>Ekskavat\u00f6rler: Kova silindiri, kovan\u0131n topra\u011fa n\u00fcfuz etmesini sa\u011flayarak kazma i\u015flemini ger\u00e7ekle\u015ftirir.<\/li>\n<li>Y\u00fckleyiciler: \u00d6n y\u00fckleyicilerde, mallar\u0131n etkili bir \u015fekilde kald\u0131r\u0131lmas\u0131na ve bo\u015falt\u0131lmas\u0131na yard\u0131mc\u0131 olurlar.<\/li>\n<\/ul>\n<h2>Tasar\u0131m Hususlar\u0131 ve Se\u00e7im Kriterleri<\/h2>\n<ul>\n<li>Ta\u015f\u0131ma Kapasitesi: Kep\u00e7e silindirlerinin tasar\u0131m\u0131n\u0131 etkileyen y\u00fck ta\u015f\u0131ma kapasitesi ve malzeme dayan\u0131m\u0131 gibi temel fakt\u00f6rleri tart\u0131\u015f\u0131n.<\/li>\n<li>S\u0131zd\u0131rmazl\u0131k: Poli\u00fcretan ve nitril kau\u00e7uk gibi dayan\u0131kl\u0131 malzemelerden yap\u0131lm\u0131\u015f piston ve mil contalar\u0131 gibi \u00e7e\u015fitli s\u0131zd\u0131rmazl\u0131k bile\u015fenlerinin kullan\u0131m\u0131n\u0131n \u00f6nemini ve a\u015f\u0131nma direncini art\u0131rmak i\u00e7in silindir g\u00f6vdelerinin ve di\u015fli u\u00e7lar\u0131n\u0131n incelikli y\u00fczey i\u015flemlerinin \u00f6nemini inceleyin. D\u00fczenli ya\u011flaman\u0131n gereklili\u011fini vurgulay\u0131n.<\/li>\n<\/ul>\n<p><img decoding=\"async\" src=\"https:\/\/www.hydraulic-cylinders.net\/wp-content\/uploads\/2025\/01\/songte-oil-pipes-and-spare-parts.webp\" alt=\"Hidrolik Silindir Contalar\u0131 ve Ya\u011flama G\u00f6rseli\"><\/p>\n<h2>Bak\u0131m ve \u00d6nleyici Tedbirler<\/h2>\n<ul>\n<li>D\u00fczenli Kontrol: Olas\u0131 sorunlar\u0131 tespit etmek i\u00e7in periyodik kontrollerin \u00f6nemini vurgulay\u0131n.<\/li>\n<li>Ya\u011flama: Sorunsuz \u00e7al\u0131\u015fma sa\u011flamak ve erken a\u015f\u0131nmay\u0131 \u00f6nlemek i\u00e7in uygun ya\u011flaman\u0131n gereklili\u011fini vurgulay\u0131n.<\/li>\n<li>Conta De\u011fi\u015fimi: Optimum performans\u0131 korumak i\u00e7in conta de\u011fi\u015fimine ili\u015fkin y\u00f6nergeler sa\u011flay\u0131n.<\/li>\n<li>Kalibrasyon Kontrol\u00fc: Do\u011fru \u00e7al\u0131\u015fmay\u0131 sa\u011flamak i\u00e7in kalibrasyon kontrollerinin \u00f6nemini tart\u0131\u015f\u0131n.<\/li>\n<\/ul>\n<p><img decoding=\"async\" src=\"https:\/\/www.hydraulic-cylinders.net\/wp-content\/uploads\/2025\/01\/songte-chushion-collar.webp\" alt=\"Hidrolik Silindir Bak\u0131m G\u00f6rseli\"><\/p>\n<h2>G\u00fcvenlik Hususlar\u0131 ve \u00c7evresel Fakt\u00f6rler<\/h2>\n<p>Koval\u0131 silindirlerle \u00e7al\u0131\u015f\u0131rken g\u00fcvenlik \u00f6nlemlerinin \u00f6nemine ve bunlar\u0131n \u00e7evre \u00fczerindeki etkisine de\u011finin.<\/p>\n<h2>Ar\u0131za Te\u015fhisi ve Yayg\u0131n Sorunlar<\/h2>\n<p>S\u0131k kar\u015f\u0131la\u015f\u0131lan ar\u0131zalar\u0131 tart\u0131\u015f\u0131n ve okuyucular\u0131n sorunlar\u0131 etkili bir \u015fekilde te\u015fhis edip \u00e7\u00f6zmelerine yard\u0131mc\u0131 olmak i\u00e7in sorun giderme ipu\u00e7lar\u0131 ve \u00e7\u00f6z\u00fcmleri sunun. Potansiyel sorunlar\u0131 en aza indirmek i\u00e7in \u00f6nleyici tedbirler \u00f6nerin.<\/p>\n<p><img decoding=\"async\" src=\"https:\/\/www.hydraulic-cylinders.net\/wp-content\/uploads\/2025\/01\/songte-bushings-with-all-kinds-of-excavator-models.webp\" alt=\"Hidrolik Silindir Ar\u0131za Te\u015fhis G\u00f6r\u00fcnt\u00fcs\u00fc\"><\/p>\n<h2>\u015eirketimiz<\/h2>\n<p>Yurti\u00e7i ve yurtd\u0131\u015f\u0131 pazarlarda hidrolik silindirlerin \u00f6nde gelen \u00fcreticisi ve toptan da\u011f\u0131t\u0131c\u0131s\u0131y\u0131z. Kalite m\u00fckemmelli\u011fine \u00f6ncelik veriyor ve geli\u015fmi\u015f \u00fcretim at\u00f6lyemizde end\u00fcstriyel \u00fcretim y\u00f6netim stratejilerine g\u00fcveniyoruz. Teknik uzmanlardan olu\u015fan ekibimiz, son teknoloji dijital \u00fcretim ekipmanlar\u0131m\u0131z ve profesyonel test sistemlerimizle \u00fcretim platformumuzu ve \u00fcr\u00fcn kalitesi \u00fcretim s\u00fcrecimizi s\u00fcrekli olarak geli\u015ftiriyoruz. G\u00fc\u00e7l\u00fc yarat\u0131c\u0131 yeteneklerimiz, m\u00fc\u015fterilerimizin \u00e7e\u015fitli ihtiya\u00e7lar\u0131n\u0131 y\u00fcksek verimlilik, hassasiyet ve kaliteyle kar\u015f\u0131lamam\u0131z\u0131 sa\u011fl\u0131yor.<\/p>\n<p><img decoding=\"async\" src=\"https:\/\/hzpt.com\/wp-content\/uploads\/2024\/11\/songte-company-1.webp\" alt=\"\u015eirket \u0130maj\u0131\"><\/p>\n<h3>Profesyonellik<\/h3>\n<p>\u015eirketin hidrolik silindir \u00fcretimindeki uzmanl\u0131\u011f\u0131n\u0131 tart\u0131\u015f\u0131n.<\/p>\n<h3>Uluslararas\u0131 Sertifikalar<\/h3>\n<p>\u015eirketin \u00fcr\u00fcn kalitesini ve standartlar\u0131n\u0131 do\u011frulayan uluslararas\u0131 sertifikalar\u0131n\u0131 vurgulay\u0131n.<\/p>\n<h3>\u00d6zelle\u015ftirme Hizmetleri<\/h3>\n<p>\u015eirketin \u00f6zelle\u015ftirilmi\u015f \u00e7\u00f6z\u00fcmler sunma yetene\u011fini vurgulay\u0131n.<\/p>\n<h3>\u00dcretim Ekipmanlar\u0131<\/h3>\n<p>\u015eirketin kulland\u0131\u011f\u0131 geli\u015fmi\u015f \u00fcretim ekipmanlar\u0131n\u0131 a\u00e7\u0131klay\u0131n.<\/p>\n<h3>Sat\u0131\u015f Sonras\u0131 Hizmet<\/h3>\n<p>\u015eirketin m\u00fckemmel sat\u0131\u015f sonras\u0131 hizmet sunma konusundaki kararl\u0131l\u0131\u011f\u0131n\u0131 a\u00e7\u0131klay\u0131n.<\/p>\n<p><img decoding=\"async\" src=\"https:\/\/www.hydraulic-cylinders.net\/wp-content\/uploads\/2025\/01\/songte-company-3.webp\" alt=\"\u015eirket Detaylar\u0131 G\u00f6rseli\"><\/p>\n<p>Yazar: lyl<\/p>\n<p><\/body><br \/>\n<\/html><\/p>","protected":false},"excerpt":{"rendered":"<p>Bucket Cylinder For Case Small Excavator CX75 Bucket Cylinder For Case Small Excavator CX75 Introduction A bucket cylinder, also known as a hydraulic cylinder, is specifically designed to control the movement of the bucket in heavy machinery such as excavators, backhoe loaders, and front loaders. Its main function is to enable the lifting, lowering, and [&hellip;]<\/p>","protected":false},"featured_media":14787,"comment_status":"open","ping_status":"closed","template":"","meta":{"_et_pb_use_builder":"","_et_pb_old_content":"","_et_gb_content_width":""},"product_brand":[],"product_cat":[1494],"product_tag":[1495,1496],"class_list":{"0":"post-15719","1":"product","2":"type-product","3":"status-publish","4":"has-post-thumbnail","6":"product_cat-bucket-cylinders","7":"product_tag-bucket-cylinders","8":"product_tag-hydraulic-cylinders","10":"first","11":"instock","12":"shipping-taxable","13":"product-type-simple"},"amp_enabled":true,"_links":{"self":[{"href":"https:\/\/www.hydraulic-cylinders.net\/tr\/wp-json\/wp\/v2\/product\/15719","targetHints":{"allow":["GET"]}}],"collection":[{"href":"https:\/\/www.hydraulic-cylinders.net\/tr\/wp-json\/wp\/v2\/product"}],"about":[{"href":"https:\/\/www.hydraulic-cylinders.net\/tr\/wp-json\/wp\/v2\/types\/product"}],"replies":[{"embeddable":true,"href":"https:\/\/www.hydraulic-cylinders.net\/tr\/wp-json\/wp\/v2\/comments?post=15719"}],"wp:featuredmedia":[{"embeddable":true,"href":"https:\/\/www.hydraulic-cylinders.net\/tr\/wp-json\/wp\/v2\/media\/14787"}],"wp:attachment":[{"href":"https:\/\/www.hydraulic-cylinders.net\/tr\/wp-json\/wp\/v2\/media?parent=15719"}],"wp:term":[{"taxonomy":"product_brand","embeddable":true,"href":"https:\/\/www.hydraulic-cylinders.net\/tr\/wp-json\/wp\/v2\/product_brand?post=15719"},{"taxonomy":"product_cat","embeddable":true,"href":"https:\/\/www.hydraulic-cylinders.net\/tr\/wp-json\/wp\/v2\/product_cat?post=15719"},{"taxonomy":"product_tag","embeddable":true,"href":"https:\/\/www.hydraulic-cylinders.net\/tr\/wp-json\/wp\/v2\/product_tag?post=15719"}],"curies":[{"name":"wp","href":"https:\/\/api.w.org\/{rel}","templated":true}]}}