{"id":15729,"date":"2025-01-19T14:54:06","date_gmt":"2025-01-19T14:54:06","guid":{"rendered":"https:\/\/www.hydraulic-cylinders.net\/product\/bucket-cylinder-for-case-large-excavator-cx360bhr\/"},"modified":"2025-01-19T14:54:10","modified_gmt":"2025-01-19T14:54:10","slug":"bucket-cylinder-for-case-large-excavator-cx360bhr","status":"publish","type":"product","link":"https:\/\/www.hydraulic-cylinders.net\/tr\/urun\/bucket-cylinder-for-case-large-excavator-cx360bhr\/","title":{"rendered":"Case CX360BHR B\u00fcy\u00fck Ekskavat\u00f6r \u0130\u00e7in Kep\u00e7e Silindiri"},"content":{"rendered":"<h1>Case CX360BHR B\u00fcy\u00fck Ekskavat\u00f6r \u0130\u00e7in Kep\u00e7e Silindiri<\/h1>\n<h2>Girii\u015f:<\/h2>\n<p>Kep\u00e7e silindiri, ekskavat\u00f6rler, kaz\u0131c\u0131 y\u00fckleyiciler ve \u00f6n y\u00fckleyiciler gibi a\u011f\u0131r makinelerde kep\u00e7enin hareketini kontrol etmek i\u00e7in \u00f6zel olarak tasarlanm\u0131\u015f bir hidrolik silindirdir. Ana i\u015flevi, kep\u00e7enin kald\u0131r\u0131lmas\u0131n\u0131, indirilmesini ve e\u011filmesini sa\u011flayarak \u00e7e\u015fitli malzeme ta\u015f\u0131ma g\u00f6revlerini kolayla\u015ft\u0131rmakt\u0131r. Hidrolik sistemde, kep\u00e7e silindiri hidrolik ya\u011f bas\u0131nc\u0131ndaki de\u011fi\u015fiklikler yoluyla kep\u00e7enin hassas kontrol\u00fcn\u00fc sa\u011flar ve operat\u00f6rlerin a\u011f\u0131r y\u00fckleri verimli bir \u015fekilde ta\u015f\u0131mas\u0131na, karma\u015f\u0131k \u00e7al\u0131\u015fma ortamlar\u0131na ve \u00e7e\u015fitli operasyonel ihtiya\u00e7lara uyum sa\u011flamas\u0131na olanak tan\u0131r.<\/p>\n<p><img decoding=\"async\" src=\"https:\/\/www.hydraulic-cylinders.net\/wp-content\/uploads\/2025\/01\/songte-company-2.webp\"><\/p>\n<h2>\u00d6zellikler:<\/h2>\n<ul>\n<li>Y\u00fcksek mukavemet ve dayan\u0131kl\u0131l\u0131k: Genellikle y\u00fcksek mukavemetli \u00e7elik veya al\u00fcminyumdan \u00fcretilen bu malzeme, y\u00fcksek bas\u0131nca ve a\u011f\u0131r y\u00fcklere dayanabilir, zorlu \u00e7al\u0131\u015fma ortamlar\u0131na uyum sa\u011flayabilir ve kullan\u0131m \u00f6mr\u00fcn\u00fc uzatmak i\u00e7in a\u015f\u0131nma direnci ve korozyon direnci g\u00f6z \u00f6n\u00fcnde bulundurularak tasarlanm\u0131\u015ft\u0131r.<\/li>\n<li>Verimli hidrolik \u00e7al\u0131\u015fma: Hidrolik ya\u011f bas\u0131nc\u0131n\u0131 kullanarak d\u00fczg\u00fcn uzatma ve b\u00fcz\u00fclme hareketleri ger\u00e7ekle\u015ftirir, kontrol komutlar\u0131na h\u0131zl\u0131 yan\u0131t verebilir, g\u00fc\u00e7l\u00fc itme ve \u00e7ekme kuvveti sa\u011flayabilir ve a\u011f\u0131r nesnelerin ve karma\u015f\u0131k i\u015f g\u00f6revlerinin ta\u015f\u0131nmas\u0131 i\u00e7in uygundur.<\/li>\n<li>\u00c7e\u015fitli tipler: Farkl\u0131 \u00e7al\u0131\u015fma ihtiya\u00e7lar\u0131n\u0131 kar\u015f\u0131lamak i\u00e7in gereksinimlere g\u00f6re tek etkili (hidrolik sadece tek y\u00f6nde kullan\u0131l\u0131r) veya \u00e7ift etkili (hidrolik her iki y\u00f6nde kullan\u0131l\u0131r) silindirler se\u00e7ilebilir. Baz\u0131 modeller teleskopiktir ve d\u0131\u015f boyutlar\u0131 art\u0131rmadan daha fazla uzatmaya olanak tan\u0131r, bu da s\u0131n\u0131rl\u0131 alan uygulamalar\u0131 i\u00e7in uygundur.<\/li>\n<li>Di\u011fer hidrolik silindirlerin yerine ge\u00e7ebilir: \u00dcr\u00fcn\u00fcm\u00fcz di\u011fer hidrolik silindirlerin yerine m\u00fckemmel \u015fekilde ge\u00e7ebilir. <\/li>\n<\/ul>\n<p><img decoding=\"async\" src=\"https:\/\/www.hydraulic-cylinders.net\/wp-content\/uploads\/2025\/01\/songte-cylinder-head-with-all-kinds-excavator-models.webp\"><\/p>\n<h2>Uygulamalar:<\/h2>\n<p>Kep\u00e7e silindiri, \u00e7e\u015fitli a\u011f\u0131r makinelerde yayg\u0131n olarak kullan\u0131lmaktad\u0131r. \u0130\u015fte baz\u0131 \u00f6rnekler:<\/p>\n<h3>\u0130n\u015faat Ekipmanlar\u0131:<\/h3>\n<p>Ekskavat\u00f6rlerde, toprak veya molozun kaz\u0131lmas\u0131, y\u00fcklenmesi ve ta\u015f\u0131nmas\u0131 i\u00e7in kritik \u00f6neme sahiptirler. Kaz\u0131c\u0131 y\u00fckleyicilerde, kova silindirleri hem kazmaya hem de kald\u0131rmaya yard\u0131mc\u0131 olur. \u00d6n y\u00fckleyicilerde ise, y\u00fck\u00fcn verimli bir \u015fekilde kald\u0131r\u0131lmas\u0131na ve bo\u015falt\u0131lmas\u0131na yard\u0131mc\u0131 olurlar.<\/p>\n<h3>Tar\u0131m Makinalar\u0131:<\/h3>\n<p>\u00d6n y\u00fckleyicilerde toprak, saman ve di\u011fer malzemeleri kep\u00e7eyle almak, kald\u0131rmak ve ta\u015f\u0131mak i\u00e7in kullan\u0131l\u0131r. Ekskavat\u00f6rlerde ise kep\u00e7e silindirleri, kep\u00e7enin topra\u011fa n\u00fcfuz etmesine izin vererek kazma i\u015flemini m\u00fcmk\u00fcn k\u0131lar.<\/p>\n<h2>Tasar\u0131m Hususlar\u0131 ve Se\u00e7im Kriterleri:<\/h2>\n<ul>\n<li>Ta\u015f\u0131ma kapasitesi: Kep\u00e7e silindiri, ta\u015f\u0131nan malzemenin a\u011f\u0131rl\u0131\u011f\u0131na ve hidrolik bas\u0131nc\u0131n kuvvetine dayanabilmelidir.<\/li>\n<li>S\u0131zd\u0131rmazl\u0131k: Piston contalar\u0131 ve mil contalar\u0131 gibi s\u0131zd\u0131rmazl\u0131k par\u00e7alar\u0131n\u0131n se\u00e7imi, silindirin uzun \u00f6m\u00fcrl\u00fc olmas\u0131n\u0131 sa\u011flamada kritik \u00f6neme sahiptir.<\/li>\n<li>Dayan\u0131kl\u0131l\u0131k: Silindir, zorlu \u00e7al\u0131\u015fma ko\u015fullar\u0131na dayanacak ve a\u015f\u0131nma ve korozyon direncine ba\u011fl\u0131 hasarlar\u0131 \u00f6nleyecek \u015fekilde tasarlanmal\u0131d\u0131r.<\/li>\n<li>G\u00fcvenlik: Tasar\u0131m, operat\u00f6r\u00fcn ve \u00e7evredeki ki\u015filerin g\u00fcvenli\u011fini sa\u011flamal\u0131d\u0131r.<\/li>\n<li>Bak\u0131m Kolayl\u0131\u011f\u0131: Silindirin s\u00f6k\u00fclmesi, bak\u0131m\u0131 ve gerekti\u011finde par\u00e7alar\u0131n\u0131n de\u011fi\u015ftirilmesi kolay olmal\u0131d\u0131r.<\/li>\n<\/ul>\n<p><img decoding=\"async\" src=\"https:\/\/www.hydraulic-cylinders.net\/wp-content\/uploads\/2025\/01\/songte-oil-pipes-and-spare-parts.webp\"><\/p>\n<h2>S\u0131zd\u0131rmazl\u0131k ve Ya\u011flama:<\/h2>\n<p>Kova silindiri, poli\u00fcretan ve nitril kau\u00e7uk gibi a\u015f\u0131nmaya dayan\u0131kl\u0131 malzemelerden yap\u0131lm\u0131\u015f piston contalar\u0131 ve mil contalar\u0131 gibi \u00e7e\u015fitli s\u0131zd\u0131rmazl\u0131k bile\u015fenleri kullan\u0131r. Silindir g\u00f6vdesi ve di\u015fli u\u00e7 y\u00fczeyleri, a\u015f\u0131nma direncini art\u0131rmak i\u00e7in ince i\u015fleme tabi tutulur. Silindirin sorunsuz \u00e7al\u0131\u015fmas\u0131n\u0131 sa\u011flamak i\u00e7in uygun miktarda hidrolik ya\u011f ile d\u00fczenli ya\u011flama gereklidir.<\/p>\n<h2>Bak\u0131m:<\/h2>\n<p>Kep\u00e7e silindirinin \u00f6mr\u00fcn\u00fc uzatmak i\u00e7in d\u00fczenli bak\u0131m \u00e7ok \u00f6nemlidir. \u0130\u015fte baz\u0131 yayg\u0131n bak\u0131m g\u00f6revleri:<\/p>\n<ul>\n<li>D\u00fczenli denetim<\/li>\n<li>Uygun ya\u011flama<\/li>\n<li>Conta de\u011fi\u015fimi<\/li>\n<li>Kalibrasyon kontrol\u00fc<\/li>\n<\/ul>\n<p>Kep\u00e7e silindirinin \u00f6mr\u00fcn\u00fc uzatmak i\u00e7in do\u011fru montaj, ya\u011flama ve ayarlama hayati \u00f6nem ta\u015f\u0131r. Montaj s\u0131ras\u0131nda, silindirin hizalanmas\u0131 i\u00e7in uygun k\u0131lavuz gereklidir ve silindiri sabitlemek i\u00e7in uygun montaj braketleri kullan\u0131lmal\u0131d\u0131r. Kep\u00e7e silindirinin \u00f6mr\u00fcn\u00fc uzatmak i\u00e7in periyodik inceleme, onar\u0131m ve de\u011fi\u015ftirme i\u015flemlerini \u00f6neriyoruz.<\/p>\n<p><img decoding=\"async\" src=\"https:\/\/www.hydraulic-cylinders.net\/wp-content\/uploads\/2025\/01\/songte-chushion-collar.webp\"><\/p>\n<h2>G\u00fcvenlik ve \u00c7evresel Hususlar:<\/h2>\n<p>Kova silindirini kullan\u0131rken g\u00fcvenlik \u00f6nlemlerine uymak \u00e7ok \u00f6nemlidir. Bu, do\u011fru kurulumu, uygun g\u00fcvenlik ekipman\u0131n\u0131n kullan\u0131m\u0131n\u0131 ve i\u015fletme y\u00f6nergelerine uyulmas\u0131n\u0131 i\u00e7erir. Ayr\u0131ca, ya\u011f s\u0131z\u0131nt\u0131lar\u0131 ve kullan\u0131lm\u0131\u015f hidrolik ya\u011f\u0131n bertaraf\u0131 gibi hidrolik sistemlerin \u00e7evresel etkilerini de dikkate almak \u00f6nemlidir.<\/p>\n<h2>Ar\u0131za Te\u015fhisi ve Yayg\u0131n Sorunlar:<\/h2>\n<p>Kep\u00e7e silindirlerinde s\u0131k kar\u015f\u0131la\u015f\u0131lan sorunlar aras\u0131nda ya\u011f s\u0131z\u0131nt\u0131lar\u0131, piston ve kol hasar\u0131 ve conta ar\u0131zas\u0131 yer al\u0131r. Bu sorunlar\u0131n do\u011fru te\u015fhis ve giderilmesi, h\u0131zl\u0131 ve verimli bir \u015fekilde \u00e7\u00f6z\u00fclmelerine yard\u0131mc\u0131 olabilir.<\/p>\n<h2>Firmam\u0131z Hakk\u0131nda:<\/h2>\n<p>Yurti\u00e7i ve yurtd\u0131\u015f\u0131 pazarlarda hidrolik silindirlerin \u00f6nde gelen \u00fcreticisi ve toptan da\u011f\u0131t\u0131c\u0131s\u0131y\u0131z. \u00dcr\u00fcn yelpazemiz geni\u015ftir ve \u00f6zelle\u015ftirilmi\u015f hizmetler sunma konusunda uzmanla\u015fm\u0131\u015f durumday\u0131z. M\u00fckemmel kalite prensiplerine ba\u011fl\u0131 kalarak, ince i\u015f\u00e7ilik gerektiren \u00fcretim at\u00f6lyelerinin end\u00fcstriyel \u00fcretim y\u00f6netim stratejisine dayanarak, \u00fcretim platformunu s\u00fcrekli geli\u015ftiriyor, \u00fcr\u00fcn kalitesi \u00fcretim s\u00fcre\u00e7lerini iyile\u015ftiriyor ve g\u00fc\u00e7l\u00fc bir yarat\u0131c\u0131l\u0131k yetene\u011fine sahibiz. M\u00fc\u015fterilerimizin \u00e7e\u015fitli ihtiya\u00e7lar\u0131na g\u00f6re uyarlanm\u0131\u015f, verimli, hassas ve y\u00fcksek kaliteli \u00fcr\u00fcnler sunuyoruz.<\/p>\n<h3>\u015eirketimizin avantajlar\u0131:<\/h3>\n<ul>\n<li>Profesyonellik<\/li>\n<li>Uluslararas\u0131 sertifikasyon<\/li>\n<li>\u00d6zelle\u015ftirilmi\u015f hizmetler<\/li>\n<li>Geli\u015fmi\u015f \u00fcretim ekipmanlar\u0131<\/li>\n<li>Sat\u0131\u015f sonras\u0131 servis<\/li>\n<\/ul>\n<p><img decoding=\"async\" src=\"https:\/\/www.hydraulic-cylinders.net\/wp-content\/uploads\/2025\/01\/songte-company-3.webp\"><\/p>\n<p>Yazar: lyl<\/p>","protected":false},"excerpt":{"rendered":"<p>Bucket Cylinder For Case Large Excavator CX360BHR Introduction: A bucket cylinder is a specially designed hydraulic cylinder primarily used to control the movement of the bucket in heavy machinery such as excavators, backhoe loaders, and front loaders. Its main function is to enable lifting, lowering, and tilting of the bucket, making it easy to handle [&hellip;]<\/p>","protected":false},"featured_media":14765,"comment_status":"open","ping_status":"closed","template":"","meta":{"_et_pb_use_builder":"","_et_pb_old_content":"","_et_gb_content_width":""},"product_brand":[],"product_cat":[1494],"product_tag":[1495,1496],"class_list":{"0":"post-15729","1":"product","2":"type-product","3":"status-publish","4":"has-post-thumbnail","6":"product_cat-bucket-cylinders","7":"product_tag-bucket-cylinders","8":"product_tag-hydraulic-cylinders","10":"first","11":"instock","12":"shipping-taxable","13":"product-type-simple"},"amp_enabled":true,"_links":{"self":[{"href":"https:\/\/www.hydraulic-cylinders.net\/tr\/wp-json\/wp\/v2\/product\/15729","targetHints":{"allow":["GET"]}}],"collection":[{"href":"https:\/\/www.hydraulic-cylinders.net\/tr\/wp-json\/wp\/v2\/product"}],"about":[{"href":"https:\/\/www.hydraulic-cylinders.net\/tr\/wp-json\/wp\/v2\/types\/product"}],"replies":[{"embeddable":true,"href":"https:\/\/www.hydraulic-cylinders.net\/tr\/wp-json\/wp\/v2\/comments?post=15729"}],"wp:featuredmedia":[{"embeddable":true,"href":"https:\/\/www.hydraulic-cylinders.net\/tr\/wp-json\/wp\/v2\/media\/14765"}],"wp:attachment":[{"href":"https:\/\/www.hydraulic-cylinders.net\/tr\/wp-json\/wp\/v2\/media?parent=15729"}],"wp:term":[{"taxonomy":"product_brand","embeddable":true,"href":"https:\/\/www.hydraulic-cylinders.net\/tr\/wp-json\/wp\/v2\/product_brand?post=15729"},{"taxonomy":"product_cat","embeddable":true,"href":"https:\/\/www.hydraulic-cylinders.net\/tr\/wp-json\/wp\/v2\/product_cat?post=15729"},{"taxonomy":"product_tag","embeddable":true,"href":"https:\/\/www.hydraulic-cylinders.net\/tr\/wp-json\/wp\/v2\/product_tag?post=15729"}],"curies":[{"name":"wp","href":"https:\/\/api.w.org\/{rel}","templated":true}]}}