{"id":15733,"date":"2025-01-19T14:54:24","date_gmt":"2025-01-19T14:54:24","guid":{"rendered":"https:\/\/www.hydraulic-cylinders.net\/product\/bucket-cylinder-for-case-wheel-excavator-wx218\/"},"modified":"2025-01-19T14:54:29","modified_gmt":"2025-01-19T14:54:29","slug":"bucket-cylinder-for-case-wheel-excavator-wx218","status":"publish","type":"product","link":"https:\/\/www.hydraulic-cylinders.net\/tr\/urun\/bucket-cylinder-for-case-wheel-excavator-wx218\/","title":{"rendered":"Case Tekerlekli Ekskavat\u00f6r WX218 \u0130\u00e7in Kova Silindiri"},"content":{"rendered":"<p><!DOCTYPE html><br \/>\n<html><br \/>\n<head><br \/>\n  <title>Case Tekerlekli Ekskavat\u00f6r WX218 \u0130\u00e7in Kova Silindiri<\/title><br \/>\n<\/head><br \/>\n<body><\/p>\n<h1>Case Tekerlekli Ekskavat\u00f6r WX218 \u0130\u00e7in Kova Silindiri<\/h1>\n<h2>girii\u015f<\/h2>\n<p>Case WX218 tekerlekli ekskavat\u00f6r i\u00e7in kep\u00e7e silindiri, ekskavat\u00f6rler, kaz\u0131c\u0131 ekskavat\u00f6rler ve \u00f6n y\u00fckleyiciler gibi a\u011f\u0131r makinelerde kep\u00e7enin hareketini kontrol etmek i\u00e7in \u00f6zel olarak tasarlanm\u0131\u015f bir hidrolik silindirdir. Ana i\u015flevi, kep\u00e7enin kald\u0131r\u0131lmas\u0131n\u0131, indirilmesini ve e\u011filmesini sa\u011flayarak \u00e7e\u015fitli malzeme ta\u015f\u0131ma g\u00f6revlerini kolayla\u015ft\u0131rmakt\u0131r. Hidrolik sistemde, kep\u00e7e silindiri hidrolik ya\u011f\u0131n bas\u0131n\u00e7 de\u011fi\u015fimlerini kullanarak kep\u00e7enin hassas kontrol\u00fcn\u00fc sa\u011flar ve operat\u00f6rlerin a\u011f\u0131r y\u00fckleri verimli bir \u015fekilde ta\u015f\u0131mas\u0131na, karma\u015f\u0131k \u00e7al\u0131\u015fma ortamlar\u0131na ve \u00e7e\u015fitli operasyonel gereksinimlere uyum sa\u011flamas\u0131na olanak tan\u0131r.<\/p>\n<p>  <img decoding=\"async\" src=\"https:\/\/www.hydraulic-cylinders.net\/wp-content\/uploads\/2025\/01\/songte-company-2.webp\"><\/p>\n<h2>\u00d6zellikler<\/h2>\n<ul>\n<li>Y\u00fcksek Mukavemet ve Dayan\u0131kl\u0131l\u0131k: Genellikle y\u00fcksek mukavemetli \u00e7elik veya al\u00fcminyumdan \u00fcretilir, y\u00fcksek bas\u0131nca ve a\u011f\u0131r y\u00fcklere dayanabilir, zorlu \u00e7al\u0131\u015fma ortamlar\u0131na uyum sa\u011flayabilir ve kullan\u0131m \u00f6mr\u00fcn\u00fc uzatmak i\u00e7in a\u015f\u0131nma direnci ve korozyon direnci dikkate al\u0131narak tasarlanm\u0131\u015ft\u0131r.<\/li>\n<li>Verimli Hidrolik \u00c7al\u0131\u015fma: Hidrolik ya\u011f bas\u0131nc\u0131n\u0131 kullanarak d\u00fczg\u00fcn uzatma ve geri \u00e7ekme hareketleri sa\u011flar, kontrol komutlar\u0131na h\u0131zl\u0131 yan\u0131t verir, g\u00fc\u00e7l\u00fc itme ve \u00e7ekme kuvvetleri sunar, a\u011f\u0131r y\u00fcklerin ve karma\u015f\u0131k operasyonel g\u00f6revlerin \u00fcstesinden gelmek i\u00e7in uygundur.<\/li>\n<li>\u00c7e\u015fitli Tipler: Gereksinimlere ba\u011fl\u0131 olarak tek etkili (hidrolik sadece tek y\u00f6nde kullan\u0131l\u0131r) veya \u00e7ift etkili (hidrolik her iki y\u00f6nde kullan\u0131l\u0131r) silindirler aras\u0131ndan se\u00e7im yap\u0131labilir; baz\u0131 modeller teleskopiktir, bu da d\u0131\u015f boyutlar\u0131 art\u0131rmadan daha fazla uzatmaya olanak tan\u0131r ve s\u0131n\u0131rl\u0131 alana sahip uygulamalar i\u00e7in uygundur.<\/li>\n<li>M\u00fckemmel De\u011fi\u015ftirme: \u00dcr\u00fcnlerimiz bu hidrolik silindirlerin yerini m\u00fckemmel \u015fekilde alabilir.<\/li>\n<\/ul>\n<p>  <img decoding=\"async\" src=\"https:\/\/www.hydraulic-cylinders.net\/wp-content\/uploads\/2025\/01\/songte-cylinder-head-with-all-kinds-excavator-models.webp\"><\/p>\n<h2>Uygulamalar<\/h2>\n<ul>\n<li>\u0130n\u015faat Ekipmanlar\u0131: Ekskavat\u00f6rlerde bulunan bu par\u00e7alar, toprak veya molozun kaz\u0131lmas\u0131, y\u00fcklenmesi ve ta\u015f\u0131nmas\u0131 i\u00e7in vazge\u00e7ilmezdir. Kaz\u0131c\u0131 ekskavat\u00f6rlerde, kova silindiri hem kazmaya hem de kald\u0131rmaya yard\u0131mc\u0131 olur.<\/li>\n<li>Tar\u0131m Makinalar\u0131: \u00d6n y\u00fckleyicilerde toprak, saman ve di\u011fer malzemeleri kep\u00e7elemek, kald\u0131rmak ve ta\u015f\u0131mak i\u00e7in kullan\u0131l\u0131r.<\/li>\n<li>Ekskavat\u00f6rler: Kova silindiri, kovan\u0131n topra\u011fa n\u00fcfuz etmesini sa\u011flayarak kazma i\u015flemini ger\u00e7ekle\u015ftirir.<\/li>\n<li>Y\u00fckleyiciler: \u00d6n y\u00fckleyicilerde, mallar\u0131n etkili bir \u015fekilde kald\u0131r\u0131lmas\u0131na ve bo\u015falt\u0131lmas\u0131na yard\u0131mc\u0131 olurlar.<\/li>\n<\/ul>\n<h2>Tasar\u0131m Hususlar\u0131 ve Se\u00e7im Kriterleri<\/h2>\n<ul>\n<li>Ta\u015f\u0131ma Kapasitesi: Silindirin a\u011f\u0131r y\u00fck ve bas\u0131n\u00e7lara dayanma kabiliyetini a\u00e7\u0131klay\u0131n.<\/li>\n<li>S\u0131zd\u0131rmazl\u0131k: Poli\u00fcretan ve nitril kau\u00e7uk gibi a\u015f\u0131nmaya dayan\u0131kl\u0131 malzemelerden yap\u0131lm\u0131\u015f piston contalar\u0131 ve mil contalar\u0131 gibi \u00e7e\u015fitli contalar\u0131n kullan\u0131m\u0131n\u0131n ve a\u015f\u0131nma direncini art\u0131rmak i\u00e7in silindir g\u00f6vdesinin ve di\u015fli u\u00e7lar\u0131n\u0131n y\u00fczey i\u015fleminin \u00f6nemini tart\u0131\u015f\u0131n.<\/li>\n<li>Dayan\u0131kl\u0131l\u0131k: Uzun \u00f6m\u00fcrl\u00fc performans sa\u011flamak i\u00e7in tasar\u0131m hususlar\u0131n\u0131 tart\u0131\u015f\u0131n.<\/li>\n<li>G\u00fcvenlik: Tasar\u0131ma dahil edilen g\u00fcvenlik \u00f6nlemlerini tart\u0131\u015f\u0131n.<\/li>\n<li>Bak\u0131m kolayl\u0131\u011f\u0131: Bak\u0131m ve onar\u0131m kolayl\u0131\u011f\u0131n\u0131 tart\u0131\u015f\u0131n.<\/li>\n<\/ul>\n<p>  <img decoding=\"async\" src=\"https:\/\/www.hydraulic-cylinders.net\/wp-content\/uploads\/2025\/01\/songte-oil-pipes-and-spare-parts.webp\"><\/p>\n<h2>S\u0131zd\u0131rmazl\u0131k ve Ya\u011flama<\/h2>\n<p>Kova silindiri, a\u015f\u0131nmaya dayan\u0131kl\u0131 malzemelerden yap\u0131lm\u0131\u015f piston contalar\u0131 ve mil contalar\u0131 gibi \u00e7e\u015fitli s\u0131zd\u0131rmazl\u0131k elemanlar\u0131 kullan\u0131r. Silindir g\u00f6vdesi ve di\u015fli u\u00e7lar\u0131, a\u015f\u0131nma direncini art\u0131rmak i\u00e7in hassas bir \u015fekilde i\u015flenir. Sorunsuz \u00e7al\u0131\u015fma sa\u011flamak i\u00e7in uygun miktarda hidrolik ya\u011f ile d\u00fczenli ya\u011flama gereklidir.<\/p>\n<h2>D\u00fczenli Muayene ve \u00d6nleyici Bak\u0131m<\/h2>\n<ul>\n<li>Silindiri d\u00fczenli olarak a\u015f\u0131nma, s\u0131z\u0131nt\u0131 veya hasar belirtileri a\u00e7\u0131s\u0131ndan inceleyin.<\/li>\n<li>Erken a\u015f\u0131nmay\u0131 \u00f6nlemek i\u00e7in uygun ya\u011flamay\u0131 sa\u011flay\u0131n.<\/li>\n<li>En iyi performans\u0131 korumak i\u00e7in gerekti\u011finde contalar\u0131 de\u011fi\u015ftirin.<\/li>\n<li>Do\u011fru \u00e7al\u0131\u015fmay\u0131 sa\u011flamak i\u00e7in kalibrasyon kontrollerini ger\u00e7ekle\u015ftirin.<\/li>\n<\/ul>\n<h2>Do\u011fru \u00dcr\u00fcn Kurulum K\u0131lavuzu<\/h2>\n<p>Kep\u00e7e silindirinin do\u011fru montaj\u0131, optimum performans i\u00e7in \u00e7ok \u00f6nemlidir. Montaj i\u015flemi s\u0131ras\u0131nda silindirin do\u011fru \u015fekilde hizalanmas\u0131 ve silindiri yerine sabitlemek i\u00e7in uygun montaj braketlerinin kullan\u0131lmas\u0131 \u00f6nerilir. Silindirin kullan\u0131m \u00f6mr\u00fcn\u00fc uzatmak i\u00e7in \u00f6nerilen inceleme, onar\u0131m ve de\u011fi\u015ftirme prosed\u00fcrlerinin yan\u0131 s\u0131ra ipu\u00e7lar\u0131 da sunulmal\u0131d\u0131r.<\/p>\n<p>  <img decoding=\"async\" src=\"https:\/\/www.hydraulic-cylinders.net\/wp-content\/uploads\/2025\/01\/songte-chushion-collar.webp\"><\/p>\n<h2>G\u00fcvenlik Hususlar\u0131 ve \u00c7evresel Fakt\u00f6rler<\/h2>\n<p>Kova silindiriyle \u00e7al\u0131\u015f\u0131rken g\u00fcvenlik \u00f6nlemlerinin \u00f6nemini ve \u00e7al\u0131\u015fma s\u0131ras\u0131nda \u00e7evresel fakt\u00f6rlerin dikkate al\u0131nmas\u0131n\u0131 vurgulay\u0131n.<\/p>\n<h2>Sorun Giderme ve Yayg\u0131n Sorunlar<\/h2>\n<p>Kova silindiriyle ilgili ortaya \u00e7\u0131kabilecek yayg\u0131n sorunlar\u0131 tart\u0131\u015f\u0131n, sorun giderme ipu\u00e7lar\u0131 verin ve okuyucular\u0131n sorunlar\u0131 etkili bir \u015fekilde te\u015fhis edip \u00e7\u00f6zmelerine yard\u0131mc\u0131 olacak \u00e7\u00f6z\u00fcmler sunun. Potansiyel sorunlar\u0131 en aza indirmek i\u00e7in \u00f6nleyici tedbirleri sunun.<\/p>\n<p>  <img decoding=\"async\" src=\"https:\/\/www.hydraulic-cylinders.net\/wp-content\/uploads\/2025\/01\/songte-bushings-with-all-kinds-of-excavator-models.webp\"><\/p>\n<h2>\u015eirket Tan\u0131t\u0131m\u0131<\/h2>\n<p>Biz, yedek hidrolik silindir \u00fcreticisi ve hem yurti\u00e7i hem de uluslararas\u0131 pazarlarda \u00f6nde gelen hidrolik silindir \u00fcreticilerinden ve toptanc\u0131lar\u0131ndan biriyiz. M\u00fckemmel kalite prensiplerine ba\u011fl\u0131 kalarak, son derece donan\u0131ml\u0131 \u00fcretim at\u00f6lyelerimizde end\u00fcstriyel \u00fcretim y\u00f6netim stratejilerine g\u00fcveniyoruz. Teknolojik yeteneklerimiz, geli\u015fmi\u015f dijital \u00fcretim ekipmanlar\u0131m\u0131z ve profesyonel test sistemlerimizle, \u00fcretim platformumuzu s\u00fcrekli geli\u015ftiriyor, \u00fcr\u00fcn kalitesi \u00fcretim s\u00fcre\u00e7lerimizi iyile\u015ftiriyor ve g\u00fc\u00e7l\u00fc yarat\u0131c\u0131 yeteneklere sahibiz. \u00dcr\u00fcnlerimiz verimli, hassas ve y\u00fcksek kalitede olup, m\u00fc\u015fterilerimizin \u00e7e\u015fitli ihtiya\u00e7lar\u0131n\u0131 kar\u015f\u0131lamaktad\u0131r.<\/p>\n<p>  <img decoding=\"async\" src=\"https:\/\/hzpt.com\/wp-content\/uploads\/2024\/11\/songte-company-1.webp\"><\/p>\n<h3>Profesyonellik<\/h3>\n<p>Hidrolik silindir \u00fcretiminde \u015firketimizin profesyonelli\u011fini vurguluyoruz.<\/p>\n<h3>Uluslararas\u0131 Sertifikasyon<\/h3>\n<p>\u015eirketimizin uluslararas\u0131 sertifikasyon standartlar\u0131na ba\u011fl\u0131l\u0131\u011f\u0131n\u0131 vurgulay\u0131n.<\/p>\n<h3>\u00d6zelle\u015ftirme Hizmetleri<\/h3>\n<p>\u015eirketimizin \u00f6zelle\u015ftirilmi\u015f hizmetler sunma yetene\u011fini a\u00e7\u0131klay\u0131n.<\/p>\n<h3>\u00dcretim Ekipmanlar\u0131<\/h3>\n<p>\u00dcretim s\u00fcrecimizde kullan\u0131lan geli\u015fmi\u015f \u00fcretim ekipmanlar\u0131n\u0131 tart\u0131\u015f\u0131n.<\/p>\n<h3>Sat\u0131\u015f Sonras\u0131 Hizmet<\/h3>\n<p>\u015eirketimizin m\u00fckemmel sat\u0131\u015f sonras\u0131 hizmet sunma konusundaki kararl\u0131l\u0131\u011f\u0131n\u0131 a\u00e7\u0131klay\u0131n.<\/p>\n<p>  <img decoding=\"async\" src=\"https:\/\/www.hydraulic-cylinders.net\/wp-content\/uploads\/2025\/01\/songte-company-3.webp\"><\/p>\n<p>Yazar: lyl<\/p>\n<p><\/body><br \/>\n<\/html><\/p>","protected":false},"excerpt":{"rendered":"<p>Bucket Cylinder For Case Wheel Excavator WX218 Bucket Cylinder For Case Wheel Excavator WX218 Introduction The bucket cylinder for Case wheel excavator WX218 is a specially designed hydraulic cylinder used to control the movement of the bucket in heavy machinery such as excavators, backhoe excavators, and front-end loaders. Its main function is to enable the [&hellip;]<\/p>","protected":false},"featured_media":14788,"comment_status":"open","ping_status":"closed","template":"","meta":{"_et_pb_use_builder":"","_et_pb_old_content":"","_et_gb_content_width":""},"product_brand":[],"product_cat":[1494],"product_tag":[1495,1496],"class_list":{"0":"post-15733","1":"product","2":"type-product","3":"status-publish","4":"has-post-thumbnail","6":"product_cat-bucket-cylinders","7":"product_tag-bucket-cylinders","8":"product_tag-hydraulic-cylinders","10":"first","11":"instock","12":"shipping-taxable","13":"product-type-simple"},"amp_enabled":true,"_links":{"self":[{"href":"https:\/\/www.hydraulic-cylinders.net\/tr\/wp-json\/wp\/v2\/product\/15733","targetHints":{"allow":["GET"]}}],"collection":[{"href":"https:\/\/www.hydraulic-cylinders.net\/tr\/wp-json\/wp\/v2\/product"}],"about":[{"href":"https:\/\/www.hydraulic-cylinders.net\/tr\/wp-json\/wp\/v2\/types\/product"}],"replies":[{"embeddable":true,"href":"https:\/\/www.hydraulic-cylinders.net\/tr\/wp-json\/wp\/v2\/comments?post=15733"}],"wp:featuredmedia":[{"embeddable":true,"href":"https:\/\/www.hydraulic-cylinders.net\/tr\/wp-json\/wp\/v2\/media\/14788"}],"wp:attachment":[{"href":"https:\/\/www.hydraulic-cylinders.net\/tr\/wp-json\/wp\/v2\/media?parent=15733"}],"wp:term":[{"taxonomy":"product_brand","embeddable":true,"href":"https:\/\/www.hydraulic-cylinders.net\/tr\/wp-json\/wp\/v2\/product_brand?post=15733"},{"taxonomy":"product_cat","embeddable":true,"href":"https:\/\/www.hydraulic-cylinders.net\/tr\/wp-json\/wp\/v2\/product_cat?post=15733"},{"taxonomy":"product_tag","embeddable":true,"href":"https:\/\/www.hydraulic-cylinders.net\/tr\/wp-json\/wp\/v2\/product_tag?post=15733"}],"curies":[{"name":"wp","href":"https:\/\/api.w.org\/{rel}","templated":true}]}}