{"id":15735,"date":"2025-01-19T14:54:37","date_gmt":"2025-01-19T14:54:37","guid":{"rendered":"https:\/\/www.hydraulic-cylinders.net\/product\/bucket-cylinder-for-zhenyu-small-excavator-zy260\/"},"modified":"2025-01-19T14:54:39","modified_gmt":"2025-01-19T14:54:39","slug":"bucket-cylinder-for-zhenyu-small-excavator-zy260","status":"publish","type":"product","link":"https:\/\/www.hydraulic-cylinders.net\/tr\/urun\/bucket-cylinder-for-zhenyu-small-excavator-zy260\/","title":{"rendered":"Zhenyu K\u00fc\u00e7\u00fck Ekskavat\u00f6r ZY260 i\u00e7in Kova Silindiri"},"content":{"rendered":"<h1>Zhenyu K\u00fc\u00e7\u00fck Ekskavat\u00f6r ZY260 i\u00e7in Kova Silindiri<\/h1>\n<h2>girii\u015f<\/h2>\n<p>Zhenyu ZY260 k\u00fc\u00e7\u00fck ekskavat\u00f6r i\u00e7in kep\u00e7e silindiri, ekskavat\u00f6rler, kaz\u0131c\u0131 y\u00fckleyiciler ve \u00f6n y\u00fckleyiciler gibi a\u011f\u0131r makinelerde kep\u00e7enin hareketini kontrol etmek i\u00e7in \u00f6zel olarak tasarlanm\u0131\u015f bir hidrolik silindir t\u00fcr\u00fcd\u00fcr. Ana i\u015flevi, kep\u00e7eyi kald\u0131rmak, indirmek ve e\u011fmektir; bu da \u00e7e\u015fitli i\u015flerde \u00e7e\u015fitli malzemelerin ta\u015f\u0131nmas\u0131n\u0131 kolayla\u015ft\u0131r\u0131r. Hidrolik sistemde, kep\u00e7e silindiri, hidrolik ya\u011f\u0131n bas\u0131n\u00e7 de\u011fi\u015fimini kullanarak kep\u00e7enin hassas kontrol\u00fcn\u00fc sa\u011flar ve operat\u00f6rlerin a\u011f\u0131r nesneleri verimli bir \u015fekilde ta\u015f\u0131mas\u0131na, karma\u015f\u0131k \u00e7al\u0131\u015fma ortamlar\u0131na ve \u00e7e\u015fitli i\u015f gereksinimlerine uyum sa\u011flamas\u0131na olanak tan\u0131r.<\/p>\n<p><img decoding=\"async\" src=\"https:\/\/www.hydraulic-cylinders.net\/wp-content\/uploads\/2025\/01\/songte-company-2.webp\" alt=\"Zhenyu K\u00fc\u00e7\u00fck Ekskavat\u00f6r ZY260 i\u00e7in Kova Silindiri\" \/><\/p>\n<h2>\u00d6zellikler<\/h2>\n<ul>\n<li>\n<h3>Y\u00fcksek G\u00fc\u00e7 ve Dayan\u0131kl\u0131l\u0131k<\/h3>\n<p>Kep\u00e7e silindiri genellikle y\u00fcksek mukavemetli \u00e7elik veya al\u00fcminyumdan yap\u0131l\u0131r; bu malzeme y\u00fcksek bas\u0131nca ve a\u011f\u0131r y\u00fcklere dayanabilir, zorlu \u00e7al\u0131\u015fma ortamlar\u0131na uyum sa\u011flayabilir ve tasar\u0131m\u0131nda a\u015f\u0131nma ve korozyon direnci dikkate al\u0131narak kullan\u0131m \u00f6mr\u00fc uzat\u0131l\u0131r.<\/p>\n<\/li>\n<li>\n<h3>Verimli Hidrolik \u00c7al\u0131\u015fma<\/h3>\n<p>Kova silindiri, hidrolik ya\u011f\u0131n bas\u0131nc\u0131n\u0131 kullanarak d\u00fczg\u00fcn genle\u015fme ve b\u00fcz\u00fclme hareketi sa\u011flar, kontrol komutlar\u0131na h\u0131zl\u0131 yan\u0131t verebilir, g\u00fc\u00e7l\u00fc itme-\u00e7ekme kuvveti sa\u011flayabilir ve a\u011f\u0131r nesnelerin ve karma\u015f\u0131k i\u015flerin ta\u015f\u0131nmas\u0131 i\u00e7in uygundur.<\/p>\n<\/li>\n<li>\n<h3>\u00c7e\u015fitli T\u00fcrler<\/h3>\n<p>Kova silindiri, farkl\u0131 \u00e7al\u0131\u015fma ihtiya\u00e7lar\u0131n\u0131 kar\u015f\u0131lamak \u00fczere gereksinimlere g\u00f6re tek etkili (hidrolik yaln\u0131zca tek y\u00f6nde kullan\u0131l\u0131r) veya \u00e7ift etkili (hidrolik iki y\u00f6nde kullan\u0131l\u0131r) silindir olarak se\u00e7ilebilir. Baz\u0131 modeller teleskopiktir, bu da d\u0131\u015f boyutlarda art\u0131\u015f olmadan daha fazla uzamaya olanak tan\u0131r ve s\u0131n\u0131rl\u0131 alana sahip uygulamalar i\u00e7in uygundur.<\/p>\n<\/li>\n<li>\n<h3>\u015eirketimiz taraf\u0131ndan \u00fcretilmi\u015ftir.<\/h3>\n<p>\u00dcr\u00fcn\u00fcm\u00fcz bu hidrolik silindirlerin yerine m\u00fckemmel bir \u015fekilde ge\u00e7ebilmektedir.<\/p>\n<\/li>\n<li>\n<h3>Uygulamalar<\/h3>\n<p>Kova silindiri, a\u015fa\u011f\u0131dakiler dahil ancak bunlarla s\u0131n\u0131rl\u0131 olmamak \u00fczere \u00e7e\u015fitli a\u011f\u0131r makinelerde yayg\u0131n olarak kullan\u0131l\u0131r:<\/p>\n<ul>\n<li>\u0130n\u015faat Ekipmanlar\u0131: ekskavat\u00f6rler, kaz\u0131c\u0131 y\u00fckleyiciler, \u00f6n y\u00fckleyiciler<\/li>\n<li>Tar\u0131m Makineleri: \u00f6n y\u00fckleyiciler, ekskavat\u00f6rler<\/li>\n<\/ul>\n<\/li>\n<\/ul>\n<h2>Tasar\u0131m Hususlar\u0131 ve Se\u00e7im Kriterleri<\/h2>\n<ul>\n<li>\n<h3>Ta\u015f\u0131ma Kapasitesi<\/h3>\n<p>Kep\u00e7e silindirinin ta\u015f\u0131ma kapasitesi, silindirin farkl\u0131 y\u00fck ve bas\u0131n\u00e7lar alt\u0131nda sorunsuz ve g\u00fcvenli bir \u015fekilde \u00e7al\u0131\u015fabilmesini sa\u011flamak i\u00e7in tasar\u0131mda dikkate al\u0131nmas\u0131 gereken en \u00f6nemli unsurlardan biridir.<\/p>\n<\/li>\n<li>\n<h3>S\u0131zd\u0131rmazl\u0131k<\/h3>\n<p>Kova silindiri, piston contalar\u0131 ve mil contalar\u0131 gibi \u00e7e\u015fitli s\u0131zd\u0131rmazl\u0131k par\u00e7alar\u0131 kullan\u0131r. Contalar, silindirin dayan\u0131kl\u0131l\u0131\u011f\u0131n\u0131 sa\u011flamak ve s\u0131z\u0131nt\u0131y\u0131 \u00f6nlemek i\u00e7in poli\u00fcretan ve nitril kau\u00e7uk gibi a\u015f\u0131nmaya dayan\u0131kl\u0131 malzemelerden yap\u0131lm\u0131\u015ft\u0131r.<\/p>\n<\/li>\n<li>\n<h3>Dayan\u0131kl\u0131l\u0131k<\/h3>\n<p>Kep\u00e7e silindirinin dayan\u0131kl\u0131l\u0131\u011f\u0131, farkl\u0131 \u00e7al\u0131\u015fma ortamlar\u0131na ve y\u00fcklere hasar g\u00f6rmeden dayanabilmesini ve kullan\u0131m \u00f6mr\u00fcn\u00fc uzatabilmesini sa\u011flamak i\u00e7in tasar\u0131mda \u00e7ok \u00f6nemlidir.<\/p>\n<\/li>\n<li>\n<h3>Emniyet<\/h3>\n<p>Kep\u00e7e silindirinin g\u00fcvenli\u011fi, kaza olmadan g\u00fcvenli ve verimli bir \u015fekilde \u00e7al\u0131\u015fabilmesini sa\u011flamak i\u00e7in tasar\u0131mda \u00e7ok \u00f6nemli bir husustur.<\/p>\n<\/li>\n<li>\n<h3>Bak\u0131m<\/h3>\n<p>Kova silindirinin bak\u0131m\u0131 kolay ve pratik olmal\u0131d\u0131r. Silindirin m\u00fckemmel performans\u0131n\u0131 koruyabilmesi i\u00e7in, contalar ve rulmanlar da dahil olmak \u00fczere par\u00e7alar\u0131n\u0131n kolayca s\u00f6k\u00fcl\u00fcp, temizlenip ve de\u011fi\u015ftirilebilmesi gerekir.<\/p>\n<\/li>\n<\/ul>\n<p><img decoding=\"async\" src=\"https:\/\/www.hydraulic-cylinders.net\/wp-content\/uploads\/2025\/01\/songte-oil-pipes-and-spare-parts.webp\" alt=\"Kova Silindiri Bak\u0131m\u0131 ve Onar\u0131m\u0131\" \/><\/p>\n<h2>S\u0131zd\u0131rmazl\u0131k ve Ya\u011flama<\/h2>\n<p>Kova silindiri, piston contalar\u0131 ve mil contalar\u0131 gibi \u00e7e\u015fitli s\u0131zd\u0131rmazl\u0131k par\u00e7alar\u0131 kullan\u0131r. Contalar, silindirin dayan\u0131kl\u0131l\u0131\u011f\u0131n\u0131 sa\u011flamak ve s\u0131z\u0131nt\u0131y\u0131 \u00f6nlemek i\u00e7in poli\u00fcretan ve nitril kau\u00e7uk gibi a\u015f\u0131nmaya dayan\u0131kl\u0131 malzemelerden yap\u0131lm\u0131\u015ft\u0131r. Silindir g\u00f6vdesi ve di\u015fli u\u00e7 y\u00fczeyi, a\u015f\u0131nma direncini art\u0131rmak i\u00e7in titiz bir i\u015flemden ge\u00e7irilmi\u015ftir. Kova silindirinin verimli \u00e7al\u0131\u015fmas\u0131n\u0131 sa\u011flamak i\u00e7in d\u00fczenli olarak uygun miktarda hidrolik ya\u011f ile ya\u011flanmas\u0131 gerekir.<\/p>\n<h2>Muayene ve \u00d6nleyici Bak\u0131m<\/h2>\n<ul>\n<li>\n<h3>D\u00fczenli denetim<\/h3>\n<p>Kep\u00e7e silindirinin hidrolik par\u00e7alar\u0131n\u0131n, contalar\u0131n\u0131n ve rulmanlar\u0131n\u0131n iyi durumda oldu\u011fundan emin olmak ve olas\u0131 sorunlar\u0131 \u00f6nlemek i\u00e7in d\u00fczenli olarak kontrol edilmesi gerekir.<\/p>\n<\/li>\n<li>\n<h3>Ya\u011flama<\/h3>\n<p>Kep\u00e7e silindirinin verimli ve sorunsuz \u00e7al\u0131\u015fmas\u0131 i\u00e7in d\u00fczenli olarak ya\u011flanmas\u0131 gerekir.<\/p>\n<\/li>\n<li>\n<h3>Conta de\u011fi\u015fimi ve kalibrasyon kontrol\u00fc<\/h3>\n<p>S\u0131z\u0131nt\u0131y\u0131 \u00f6nlemek i\u00e7in kova silindirinin contalar\u0131 d\u00fczenli olarak de\u011fi\u015ftirilmeli ve silindirin do\u011frulu\u011funu sa\u011flamak i\u00e7in kalibrasyonu yap\u0131lmal\u0131d\u0131r.<\/p>\n<\/li>\n<\/ul>\n<p><img decoding=\"async\" src=\"https:\/\/www.hydraulic-cylinders.net\/wp-content\/uploads\/2025\/01\/songte-chushion-collar.webp\" alt=\"Kova Silindiri Montaj\u0131\" \/><\/p>\n<h2>Kurulum<\/h2>\n<p>Montaj i\u015flemi s\u0131ras\u0131nda silindiri do\u011fru \u015fekilde hizalay\u0131n ve g\u00fcvenli bir \u015fekilde tak\u0131ld\u0131\u011f\u0131ndan emin olmak i\u00e7in y\u00f6nlendirme sa\u011flay\u0131n. Silindirin m\u00fckemmel performans\u0131n\u0131 korumak i\u00e7in uygun montaj braketleri kullanman\u0131z\u0131 ve \u00f6nerilen inceleme, onar\u0131m ve de\u011fi\u015ftirme prosed\u00fcrlerini izlemenizi \u00f6neririz.<\/p>\n<h2>G\u00fcvenlik Hususlar\u0131 ve \u00c7evresel Fakt\u00f6rler<\/h2>\n<p>Kova silindirinin g\u00fcvenli kullan\u0131m\u0131, koruyucu giysi giymek ve a\u015f\u0131r\u0131 y\u00fcklemeden ka\u00e7\u0131nmak gibi g\u00fcvenlik y\u00f6netmeliklerine ve uygun g\u00fcvenlik \u00f6nlemlerine s\u0131k\u0131 s\u0131k\u0131ya uyulmas\u0131n\u0131 gerektirir. S\u0131cakl\u0131k, nem ve toz gibi \u00e7evresel fakt\u00f6rler silindirin performans\u0131n\u0131 ve kullan\u0131m \u00f6mr\u00fcn\u00fc etkileyebilece\u011finden, uygun \u00e7evresel koruma \u00f6nlemleri al\u0131nmal\u0131d\u0131r.<\/p>\n<h2>Sorun Giderme ve Yayg\u0131n Sorunlar<\/h2>\n<p>Kep\u00e7e silindiri kullan\u0131m s\u0131ras\u0131nda s\u0131z\u0131nt\u0131, yava\u015f hareket ve yetersiz kuvvet gibi \u00e7e\u015fitli sorunlarla kar\u015f\u0131la\u015fabilir. Silindirin ar\u0131za tespiti ve yayg\u0131n sorunlar\u0131, contalar\u0131n ve rulmanlar\u0131n de\u011fi\u015ftirilmesi, itme-\u00e7ekme kuvvetinin ayarlanmas\u0131 ve a\u015f\u0131nm\u0131\u015f par\u00e7alar\u0131n de\u011fi\u015ftirilmesi gibi d\u00fczenli inceleme, bak\u0131m ve onar\u0131m ile \u00e7\u00f6z\u00fclebilir.<\/p>\n<p><img decoding=\"async\" src=\"https:\/\/www.hydraulic-cylinders.net\/wp-content\/uploads\/2025\/01\/songte-bushings-with-all-kinds-of-excavator-models.webp\" alt=\"Kova Silindiri Sorun Giderme\" \/><\/p>\n<h2>\u015eirketimiz Hakk\u0131nda<\/h2>\n<p>Kova silindirleri de dahil olmak \u00fczere geni\u015f bir \u00fcr\u00fcn yelpazesi \u00fcreten bir hidrolik silindir \u00fcreticisiyiz ve hem yurt i\u00e7i hem de uluslararas\u0131 pazarlarda hidrolik silindirlerin \u00f6nde gelen \u00fcreticilerinden ve toptanc\u0131lar\u0131ndan biri haline geldik. M\u00fckemmel kalite ilkesine ba\u011fl\u0131 kalarak, ince i\u015f\u00e7ilik gerektiren at\u00f6lyelerin end\u00fcstriyel \u00fcretim y\u00f6netim stratejisine g\u00fcveniyoruz ve teknik yeteneklerden, dijital y\u00fcksek teknoloji \u00fcretim ekipmanlar\u0131ndan ve profesyonel test sistemlerinden yararlanarak at\u00f6lyelerin \u00fcretim platformunu s\u00fcrekli olarak geli\u015ftiriyoruz. G\u00fc\u00e7l\u00fc bir \u00fcretim yetene\u011fine sahibiz ve y\u00fcksek verimlilik, y\u00fcksek hassasiyet ve y\u00fcksek kaliteli \u00fcr\u00fcnlerle m\u00fc\u015fterilerin \u00e7e\u015fitli ihtiya\u00e7lar\u0131n\u0131 kar\u015f\u0131l\u0131yoruz. Profesyonel hizmetler, uluslararas\u0131 sertifikasyon ve \u00f6zelle\u015ftirilmi\u015f hizmetler sunuyoruz ve geli\u015fmi\u015f \u00fcretim ekipmanlar\u0131na ve sat\u0131\u015f sonras\u0131 hizmetlere sahibiz.<\/p>\n<p><img decoding=\"async\" src=\"https:\/\/hzpt.com\/wp-content\/uploads\/2024\/11\/songte-company-1.webp\" alt=\"\u015eirketimiz\" \/><\/p>\n<p>Yazar: lyl.<\/p>","protected":false},"excerpt":{"rendered":"<p>Bucket Cylinder For Zhenyu Small Excavator ZY260 Introduction The bucket cylinder for Zhenyu small excavator ZY260 is a type of hydraulic cylinder specially designed to control the movement of the bucket in heavy machinery such as excavators, backhoe loaders, and front-end loaders. Its main function is to lift, lower, and tilt the bucket, making it [&hellip;]<\/p>","protected":false},"featured_media":14785,"comment_status":"open","ping_status":"closed","template":"","meta":{"_et_pb_use_builder":"","_et_pb_old_content":"","_et_gb_content_width":""},"product_brand":[],"product_cat":[1494],"product_tag":[1495,1496],"class_list":{"0":"post-15735","1":"product","2":"type-product","3":"status-publish","4":"has-post-thumbnail","6":"product_cat-bucket-cylinders","7":"product_tag-bucket-cylinders","8":"product_tag-hydraulic-cylinders","10":"first","11":"instock","12":"shipping-taxable","13":"product-type-simple"},"amp_enabled":true,"_links":{"self":[{"href":"https:\/\/www.hydraulic-cylinders.net\/tr\/wp-json\/wp\/v2\/product\/15735","targetHints":{"allow":["GET"]}}],"collection":[{"href":"https:\/\/www.hydraulic-cylinders.net\/tr\/wp-json\/wp\/v2\/product"}],"about":[{"href":"https:\/\/www.hydraulic-cylinders.net\/tr\/wp-json\/wp\/v2\/types\/product"}],"replies":[{"embeddable":true,"href":"https:\/\/www.hydraulic-cylinders.net\/tr\/wp-json\/wp\/v2\/comments?post=15735"}],"wp:featuredmedia":[{"embeddable":true,"href":"https:\/\/www.hydraulic-cylinders.net\/tr\/wp-json\/wp\/v2\/media\/14785"}],"wp:attachment":[{"href":"https:\/\/www.hydraulic-cylinders.net\/tr\/wp-json\/wp\/v2\/media?parent=15735"}],"wp:term":[{"taxonomy":"product_brand","embeddable":true,"href":"https:\/\/www.hydraulic-cylinders.net\/tr\/wp-json\/wp\/v2\/product_brand?post=15735"},{"taxonomy":"product_cat","embeddable":true,"href":"https:\/\/www.hydraulic-cylinders.net\/tr\/wp-json\/wp\/v2\/product_cat?post=15735"},{"taxonomy":"product_tag","embeddable":true,"href":"https:\/\/www.hydraulic-cylinders.net\/tr\/wp-json\/wp\/v2\/product_tag?post=15735"}],"curies":[{"name":"wp","href":"https:\/\/api.w.org\/{rel}","templated":true}]}}