{"id":15740,"date":"2025-01-19T14:54:56","date_gmt":"2025-01-19T14:54:56","guid":{"rendered":"https:\/\/www.hydraulic-cylinders.net\/product\/bucket-cylinder-for-world-small-excavator-w285b-8\/"},"modified":"2025-01-19T14:54:58","modified_gmt":"2025-01-19T14:54:58","slug":"bucket-cylinder-for-world-small-excavator-w285b-8","status":"publish","type":"product","link":"https:\/\/www.hydraulic-cylinders.net\/tr\/urun\/bucket-cylinder-for-world-small-excavator-w285b-8\/","title":{"rendered":"World Small Ekskavat\u00f6r W285B-8 i\u00e7in Kova Silindiri"},"content":{"rendered":"<h1>World Small Ekskavat\u00f6r W285B-8 i\u00e7in Kova Silindiri<\/h1>\n<h2>girii\u015f<\/h2>\n<p>Kep\u00e7e silindiri, ekskavat\u00f6rler, kaz\u0131c\u0131 ekskavat\u00f6rler ve \u00f6n y\u00fckleyiciler gibi a\u011f\u0131r makinelerde kep\u00e7elerin hareketini kontrol etmek i\u00e7in kullan\u0131lan \u00f6zel olarak tasarlanm\u0131\u015f bir hidrolik silindirdir. Ana i\u015flevi, kep\u00e7enin kald\u0131r\u0131lmas\u0131n\u0131, indirilmesini ve e\u011filmesini sa\u011flayarak \u00e7e\u015fitli malzeme ta\u015f\u0131ma g\u00f6revlerini kolayla\u015ft\u0131rmakt\u0131r. Hidrolik sistemde, kep\u00e7e silindiri, kep\u00e7enin hassas kontrol\u00fcn\u00fc sa\u011flamak i\u00e7in hidrolik ya\u011f\u0131n bas\u0131n\u00e7 de\u011fi\u015fimini kullan\u0131r; bu da operat\u00f6r\u00fcn a\u011f\u0131r y\u00fckleri verimli bir \u015fekilde ta\u015f\u0131mas\u0131n\u0131, karma\u015f\u0131k \u00e7al\u0131\u015fma ortamlar\u0131na ve \u00e7e\u015fitli operasyonel ihtiya\u00e7lara uyum sa\u011flamas\u0131n\u0131 m\u00fcmk\u00fcn k\u0131lar.<\/p>\n<p><img decoding=\"async\" src=\"https:\/\/www.hydraulic-cylinders.net\/wp-content\/uploads\/2025\/01\/songte-company-2.webp\" alt=\"Kova Silindiri G\u00f6r\u00fcnt\u00fcs\u00fc\"><\/p>\n<h2>\u00d6zellikler<\/h2>\n<ul>\n<li>Y\u00fcksek mukavemet ve dayan\u0131kl\u0131l\u0131k: Genellikle y\u00fcksek mukavemetli \u00e7elik veya al\u00fcminyumdan \u00fcretilen bu malzeme, y\u00fcksek bas\u0131nca ve a\u011f\u0131r y\u00fcklere dayanabilir, zorlu \u00e7al\u0131\u015fma ortamlar\u0131na uyum sa\u011flayabilir ve kullan\u0131m \u00f6mr\u00fcn\u00fc uzatmak i\u00e7in a\u015f\u0131nma ve korozyon direnci ile tasarlanm\u0131\u015ft\u0131r.<\/li>\n<li>Verimli hidrolik \u00e7al\u0131\u015fma: Hidrolik ya\u011f bas\u0131nc\u0131ndan yararlan\u0131larak d\u00fczg\u00fcn uzatma ve daralma hareketleri sa\u011flan\u0131r; bu sayede kontrol komutlar\u0131na h\u0131zl\u0131 yan\u0131t verilir, g\u00fc\u00e7l\u00fc itme ve \u00e7ekme kuvvetleri sa\u011flan\u0131r ve a\u011f\u0131r y\u00fcklerin ve karma\u015f\u0131k operasyonel g\u00f6revlerin \u00fcstesinden gelmek i\u00e7in uygundur.<\/li>\n<li>\u00c7e\u015fitli tipler: \u00c7al\u0131\u015fma ihtiya\u00e7lar\u0131na g\u00f6re tek etkili (sadece tek y\u00f6nde hidrolik) veya \u00e7ift etkili (her iki y\u00f6nde de hidrolik) silindirler se\u00e7ilebilir. Baz\u0131 modeller teleskopiktir ve d\u0131\u015f boyutlar\u0131 art\u0131rmadan daha fazla uzatmaya olanak tan\u0131yarak s\u0131n\u0131rl\u0131 alana sahip uygulamalar i\u00e7in uygun hale gelir.<\/li>\n<li>\u00dcretim kapasitesi: \u00dcr\u00fcnlerimiz bu hidrolik silindirlerin yerini m\u00fckemmel \u015fekilde alabilir.<\/li>\n<\/ul>\n<p><img decoding=\"async\" src=\"https:\/\/www.hydraulic-cylinders.net\/wp-content\/uploads\/2025\/01\/songte-cylinder-head-with-all-kinds-excavator-models.webp\" alt=\"Kova Silindiri De\u011fi\u015ftirme G\u00f6rseli\"><\/p>\n<h2>Uygulamalar<\/h2>\n<p>Kep\u00e7e silindiri, in\u015faat ekipmanlar\u0131, tar\u0131m makineleri, ekskavat\u00f6rler ve y\u00fckleyiciler gibi \u00e7e\u015fitli sekt\u00f6rlerde yayg\u0131n olarak kullan\u0131lmaktad\u0131r. Ba\u015fl\u0131ca kullan\u0131m alanlar\u0131 kald\u0131rma, indirme, e\u011fme ve di\u011fer i\u015flemlerdir. <\/p>\n<h3>\u0130n\u015faat ekipmanlar\u0131<\/h3>\n<p>Ekskavat\u00f6rlerde, toprak veya moloz kazma, y\u00fckleme ve ta\u015f\u0131ma i\u015flemlerinde hayati \u00f6neme sahiptirler. Kaz\u0131c\u0131 ekskavat\u00f6rlerde, kep\u00e7e silindiri hem kazmaya hem de kald\u0131rmaya yard\u0131mc\u0131 olur. \u00d6n y\u00fckleyicilerde ise, mallar\u0131n verimli bir \u015fekilde kald\u0131r\u0131lmas\u0131na ve bo\u015falt\u0131lmas\u0131na yard\u0131mc\u0131 olurlar.<\/p>\n<h3>Tar\u0131m makineleri<\/h3>\n<p>Kep\u00e7e silindiri, \u00f6n y\u00fckleyicilerde kullan\u0131l\u0131r ve toprak, saman ve di\u011fer malzemelerin kald\u0131r\u0131lmas\u0131 ve devrilmesi i\u00e7in vazge\u00e7ilmezdir.<\/p>\n<h3>Ekskavat\u00f6rler<\/h3>\n<p>Kep\u00e7e silindiri, kep\u00e7enin topra\u011fa n\u00fcfuz ederek kazma i\u015flemlerini ger\u00e7ekle\u015ftirmesini sa\u011flar.<\/p>\n<h3>Y\u00fckleyiciler<\/h3>\n<p>\u00d6n y\u00fckleyicilerde, mallar\u0131n etkili bir \u015fekilde kald\u0131r\u0131lmas\u0131na ve e\u011filmesine yard\u0131mc\u0131 olurlar.<\/p>\n<p><img decoding=\"async\" src=\"https:\/\/www.hydraulic-cylinders.net\/wp-content\/uploads\/2025\/01\/songte-bushings-with-all-kinds-of-excavator-models.webp\" alt=\"Kova Silindiri Uygulama G\u00f6rseli\"><\/p>\n<h2>Tasar\u0131m Hususlar\u0131 ve Se\u00e7im Kriterleri<\/h2>\n<p>Kep\u00e7e silindirinin tasar\u0131m\u0131 ve malzeme se\u00e7imi, optimum performans ve dayan\u0131kl\u0131l\u0131k sa\u011flamak i\u00e7in kritik \u00f6neme sahiptir. Ba\u015fl\u0131ca hususlar aras\u0131nda y\u00fck ta\u015f\u0131ma kapasitesi, s\u0131zd\u0131rmazl\u0131k, dayan\u0131kl\u0131l\u0131k, g\u00fcvenlik ve bak\u0131m kolayl\u0131\u011f\u0131 yer almaktad\u0131r.<\/p>\n<h3>Y\u00fck ta\u015f\u0131ma kapasitesi<\/h3>\n<p>Kova silindirleri a\u015f\u0131r\u0131 y\u00fcklere maruz kald\u0131\u011f\u0131ndan, bu kuvvetlere dayanabilecek malzeme, kal\u0131nl\u0131k ve tasar\u0131m se\u00e7imi \u00e7ok \u00f6nemlidir. Gerekli mukavemeti sa\u011flamak i\u00e7in kova silindirlerinin \u00fcretiminde genellikle y\u00fcksek mukavemetli \u00e7elik veya al\u00fcminyum kullan\u0131l\u0131r.<\/p>\n<h3>S\u0131zd\u0131rmazl\u0131k<\/h3>\n<p>Kova silindiri, hidrolik sistemin temel bir bile\u015fenidir ve do\u011fru s\u0131zd\u0131rmazl\u0131k, verimli \u00e7al\u0131\u015fmas\u0131 i\u00e7in kritik \u00f6neme sahiptir. Piston contalar\u0131 ve mil contalar\u0131 gibi \u00e7e\u015fitli contalar, hidrolik s\u0131v\u0131n\u0131n silindir i\u00e7inde kalmas\u0131n\u0131 ve kirleticilerin sisteme girmesini \u00f6nlemek i\u00e7in kullan\u0131l\u0131r.<\/p>\n<h3>Dayan\u0131kl\u0131l\u0131k<\/h3>\n<p>Kova silindiri zorlu ortamlara maruz kal\u0131r ve malzemelerinin a\u015f\u0131nmaya ve korozyona dayan\u0131kl\u0131 olmas\u0131 gerekir. Silindirler, bu zorlu ko\u015fullara dayanacak \u015fekilde tasarlanm\u0131\u015f y\u00fcksek mukavemetli malzemelerden yap\u0131l\u0131r ve silindirin y\u00fczeyi ek a\u015f\u0131nma direnci sa\u011flamak i\u00e7in i\u015flenir.<\/p>\n<h3>Emniyet<\/h3>\n<p>Koval\u0131 silindirler a\u015f\u0131r\u0131 y\u00fcklere maruz kal\u0131r ve bunlar\u0131n g\u00fcvenli bir \u015fekilde \u00e7al\u0131\u015ft\u0131r\u0131lmas\u0131 \u015fartt\u0131r. Sistemde g\u00fcvenli \u00e7al\u0131\u015fma sa\u011flamak ve silindire zarar gelmesini \u00f6nlemek i\u00e7in emniyet valfleri, acil durdurma anahtarlar\u0131 ve bas\u0131n\u00e7 tahliye valfleri gibi tasar\u0131m unsurlar\u0131 kullan\u0131l\u0131r.<\/p>\n<h3>Bak\u0131m kolayl\u0131\u011f\u0131<\/h3>\n<p>Kova silindirlerinin optimum performans g\u00f6stermesi ve kullan\u0131m \u00f6mr\u00fcn\u00fc uzatmas\u0131 i\u00e7in d\u00fczenli bak\u0131m gereklidir. Kolayca de\u011fi\u015ftirilebilir contalar\u0131n kullan\u0131lmas\u0131, kritik bile\u015fenlere d\u0131\u015far\u0131dan eri\u015fim ve uygun ya\u011flama, bak\u0131m kolayl\u0131\u011f\u0131n\u0131 sa\u011flamak i\u00e7in \u00e7ok \u00f6nemlidir.<\/p>\n<p><img decoding=\"async\" src=\"https:\/\/www.hydraulic-cylinders.net\/wp-content\/uploads\/2025\/01\/songte-oil-pipes-and-spare-parts.webp\" alt=\"Kova Silindir Tasar\u0131m G\u00f6rseli\"><\/p>\n<h2>Contalar ve Ya\u011flama<\/h2>\n<p>Do\u011fru conta ve ya\u011flama se\u00e7imi, optimum performans sa\u011flamak ve kullan\u0131m \u00f6mr\u00fcn\u00fc uzatmak i\u00e7in kritik \u00f6neme sahiptir. Piston contalar\u0131, mil contalar\u0131 ve silecekler gibi \u00e7e\u015fitli contalar, s\u0131v\u0131 s\u0131z\u0131nt\u0131s\u0131n\u0131 \u00f6nlemek ve verimli \u00e7al\u0131\u015fmay\u0131 sa\u011flamak i\u00e7in kullan\u0131l\u0131r. Hidrolik ya\u011f gibi ya\u011flay\u0131c\u0131lar\u0131n kullan\u0131m\u0131, s\u00fcrt\u00fcnmeyi ve a\u015f\u0131nmay\u0131 azaltmak ve verimli \u00e7al\u0131\u015fmay\u0131 s\u00fcrd\u00fcrmek i\u00e7in kritik \u00f6neme sahiptir. D\u00fczenli bak\u0131m, do\u011fru ya\u011flama seviyelerini sa\u011flamak ve kritik bile\u015fenlerdeki a\u015f\u0131nmay\u0131 \u00f6nlemek i\u00e7in \u015fartt\u0131r.<\/p>\n<h2>Bak\u0131m ve Onar\u0131m<\/h2>\n<p>Kep\u00e7e silindirinin d\u00fczenli bak\u0131m\u0131 ve onar\u0131m\u0131, optimum performans sa\u011flamak ve kullan\u0131m \u00f6mr\u00fcn\u00fc uzatmak i\u00e7in \u00e7ok \u00f6nemlidir. Yayg\u0131n bak\u0131m g\u00f6revleri aras\u0131nda d\u00fczenli kontroller, uygun ya\u011flama, conta de\u011fi\u015fimi ve kalibrasyon kontrolleri yer al\u0131r. Do\u011fru montaj da optimum performans i\u00e7in kritik \u00f6neme sahiptir ve montaj braketlerinin do\u011fru hizalanmas\u0131 ve kullan\u0131lmas\u0131 \u00f6nerilir. Optimum performans sa\u011flamak ve kullan\u0131m \u00f6mr\u00fcn\u00fc uzatmak i\u00e7in, gerekti\u011finde bile\u015fenlerin de\u011fi\u015ftirilmesi ve yeniden yap\u0131land\u0131rma hizmetlerinden yararlan\u0131lmas\u0131 \u00f6nerilir.<\/p>\n<h2>G\u00fcvenlik ve \u00c7evresel Hususlar<\/h2>\n<p>Kova silindirleri kullan\u0131l\u0131rken, optimum performans sa\u011flamak ve kazalar\u0131 \u00f6nlemek i\u00e7in uygun g\u00fcvenlik prosed\u00fcrlerine ve y\u00f6nergelerine uymak \u00e7ok \u00f6nemlidir. Uygun koruyucu ekipman giymek, do\u011fru kurulum ve \u00e7al\u0131\u015ft\u0131rma ile uygun bak\u0131m programlar\u0131na uymak gibi g\u00fcvenlik hususlar\u0131, g\u00fcvenli \u00e7al\u0131\u015fma i\u00e7in kritik \u00f6neme sahiptir. Kullan\u0131lm\u0131\u015f hidrolik ya\u011f ve bile\u015fenlerin uygun \u015fekilde bertaraf edilmesi gibi \u00e7evresel hususlar da \u00e7evresel etkiyi azaltmak ve d\u00fczenlemelere uyumu sa\u011flamak i\u00e7in \u00e7ok \u00f6nemlidir.<\/p>\n<h2>Ar\u0131za Te\u015fhisi ve Sorun Giderme<\/h2>\n<p>Koval\u0131 su silindirlerinde s\u0131k kar\u015f\u0131la\u015f\u0131lan sorunlar aras\u0131nda s\u0131z\u0131nt\u0131lar, g\u00fc\u00e7 kayb\u0131 ve performans d\u00fc\u015f\u00fc\u015f\u00fc yer al\u0131r. Bu sorunlar\u0131n temel nedenini belirlemek ve etkili \u00e7\u00f6z\u00fcmler geli\u015ftirmek i\u00e7in do\u011fru te\u015fhis ve sorun giderme \u00e7ok \u00f6nemlidir. Yayg\u0131n sorun giderme ad\u0131mlar\u0131 aras\u0131nda s\u0131z\u0131nt\u0131 kontrol\u00fc, s\u0131v\u0131 seviyelerinin kontrol\u00fc ve kritik bile\u015fenlerin incelenmesi yer al\u0131r. D\u00fczenli bak\u0131m ve inceleme gibi uygun \u00f6nleyici tedbirler, bu sorunlar\u0131n olas\u0131l\u0131\u011f\u0131n\u0131 azaltmaya ve optimum performans\u0131 sa\u011flamaya yard\u0131mc\u0131 olabilir.<\/p>\n<p><img decoding=\"async\" src=\"https:\/\/www.hydraulic-cylinders.net\/wp-content\/uploads\/2025\/01\/songte-chushion-collar.webp\" alt=\"Kova Silindiri Tamir G\u00f6rseli\"><\/p>\n<h2>\u015eirketimiz Hakk\u0131nda<\/h2>\n<p>Hidrolik silindirlerin \u00f6nde gelen \u00fcreticisi ve da\u011f\u0131t\u0131c\u0131s\u0131y\u0131z ve yedek silindirler konusunda uzmanla\u015fm\u0131\u015f durumday\u0131z. \u015eirketimiz, m\u00fckemmel kalite ilkesine ba\u011fl\u0131 kalarak, end\u00fcstriyel \u00fcretim y\u00f6netim stratejilerine, teknolojik yetene\u011fe, dijital \u00fcst d\u00fczey \u00fcretim ekipmanlar\u0131na ve profesyonel test sistemlerine dayanarak \u00fcretim platformunu s\u00fcrekli olarak geli\u015ftiriyor ve \u00fcr\u00fcn kalitesi \u00fcretim hatlar\u0131n\u0131 m\u00fckemmelle\u015ftiriyor. \u00dcr\u00fcnlerimiz y\u00fcksek verimlilik, y\u00fcksek hassasiyet ve y\u00fcksek kaliteye sahip olup, hem yurt i\u00e7i hem de yurt d\u0131\u015f\u0131ndaki m\u00fc\u015fterilerimizin \u00e7e\u015fitli ihtiya\u00e7lar\u0131n\u0131 kar\u015f\u0131lamaktad\u0131r.<\/p>\n<h3>Profesyonellik<\/h3>\n<p>Hidrolik silindirler alan\u0131nda son derece bilgili profesyonellerden olu\u015fan bir ekibimiz var ve \u00fcr\u00fcn se\u00e7imi, kurulum ve bak\u0131m konular\u0131nda uzman tavsiyesi verebiliyoruz.<\/p>\n<h3>Uluslararas\u0131 Sertifikasyon<\/h3>\n<p>\u00dcr\u00fcnlerimiz, en y\u00fcksek end\u00fcstri standartlar\u0131n\u0131 kar\u015f\u0131lad\u0131\u011f\u0131n\u0131 garanti eden \u00e7e\u015fitli uluslararas\u0131 sertifikalara sahiptir.<\/p>\n<h3>\u00d6zelle\u015ftirme<\/h3>\n<p>M\u00fc\u015fterilerimizin \u00f6zel gereksinimlerini kar\u015f\u0131lamak ve en iyi performans\u0131 sa\u011flamak i\u00e7in \u00f6zelle\u015ftirme hizmetleri sunuyoruz.<\/p>\n<h3>\u00dcretim Ekipmanlar\u0131<\/h3>\n<p>\u00dcretim ekipmanlar\u0131m\u0131z en y\u00fcksek kalitede olup, en y\u00fcksek end\u00fcstri standartlar\u0131n\u0131 kar\u015f\u0131layan hidrolik silindirler \u00fcretmek \u00fczere tasarlanm\u0131\u015ft\u0131r.<\/p>\n<h3>Sat\u0131\u015f Sonras\u0131 Hizmet<\/h3>\n<p>M\u00fc\u015fterilerimizin sat\u0131n al\u0131mlar\u0131ndan memnun kalmalar\u0131n\u0131 ve ihtiya\u00e7 duyduklar\u0131 deste\u011fi almalar\u0131n\u0131 sa\u011flamak i\u00e7in kapsaml\u0131 sat\u0131\u015f sonras\u0131 hizmet sunuyoruz.<\/p>\n<p><img decoding=\"async\" src=\"https:\/\/hzpt.com\/wp-content\/uploads\/2024\/11\/songte-company-1.webp\" alt=\"\u015eirket \u0130maj\u0131\"><\/p>\n<h4>Yazar: lyl.<\/h4>","protected":false},"excerpt":{"rendered":"<p>Bucket Cylinder For World Small Excavator W285B-8 Introduction A bucket cylinder is a specially designed hydraulic cylinder used to control the movement of buckets in heavy machinery such as excavators, backhoe excavators, and front-end loaders. Its main function is to enable the bucket to lift, lower, and tilt, thus facilitating various material handling tasks. In [&hellip;]<\/p>","protected":false},"featured_media":14776,"comment_status":"open","ping_status":"closed","template":"","meta":{"_et_pb_use_builder":"","_et_pb_old_content":"","_et_gb_content_width":""},"product_brand":[],"product_cat":[1494],"product_tag":[1495,1496],"class_list":{"0":"post-15740","1":"product","2":"type-product","3":"status-publish","4":"has-post-thumbnail","6":"product_cat-bucket-cylinders","7":"product_tag-bucket-cylinders","8":"product_tag-hydraulic-cylinders","10":"first","11":"instock","12":"shipping-taxable","13":"product-type-simple"},"amp_enabled":true,"_links":{"self":[{"href":"https:\/\/www.hydraulic-cylinders.net\/tr\/wp-json\/wp\/v2\/product\/15740","targetHints":{"allow":["GET"]}}],"collection":[{"href":"https:\/\/www.hydraulic-cylinders.net\/tr\/wp-json\/wp\/v2\/product"}],"about":[{"href":"https:\/\/www.hydraulic-cylinders.net\/tr\/wp-json\/wp\/v2\/types\/product"}],"replies":[{"embeddable":true,"href":"https:\/\/www.hydraulic-cylinders.net\/tr\/wp-json\/wp\/v2\/comments?post=15740"}],"wp:featuredmedia":[{"embeddable":true,"href":"https:\/\/www.hydraulic-cylinders.net\/tr\/wp-json\/wp\/v2\/media\/14776"}],"wp:attachment":[{"href":"https:\/\/www.hydraulic-cylinders.net\/tr\/wp-json\/wp\/v2\/media?parent=15740"}],"wp:term":[{"taxonomy":"product_brand","embeddable":true,"href":"https:\/\/www.hydraulic-cylinders.net\/tr\/wp-json\/wp\/v2\/product_brand?post=15740"},{"taxonomy":"product_cat","embeddable":true,"href":"https:\/\/www.hydraulic-cylinders.net\/tr\/wp-json\/wp\/v2\/product_cat?post=15740"},{"taxonomy":"product_tag","embeddable":true,"href":"https:\/\/www.hydraulic-cylinders.net\/tr\/wp-json\/wp\/v2\/product_tag?post=15740"}],"curies":[{"name":"wp","href":"https:\/\/api.w.org\/{rel}","templated":true}]}}