{"id":15743,"date":"2025-01-19T14:55:09","date_gmt":"2025-01-19T14:55:09","guid":{"rendered":"https:\/\/www.hydraulic-cylinders.net\/product\/bucket-cylinder-for-world-middle-excavator-w2225lc-8\/"},"modified":"2025-01-19T14:55:14","modified_gmt":"2025-01-19T14:55:14","slug":"bucket-cylinder-for-world-middle-excavator-w2225lc-8","status":"publish","type":"product","link":"https:\/\/www.hydraulic-cylinders.net\/tr\/urun\/bucket-cylinder-for-world-middle-excavator-w2225lc-8\/","title":{"rendered":"D\u00fcnya Orta Ekskavat\u00f6r W2225LC-8 i\u00e7in Kova Silindiri"},"content":{"rendered":"<h1>D\u00fcnya Orta Ekskavat\u00f6r W2225LC-8 i\u00e7in Kova Silindiri<\/h1>\n<h2>girii\u015f<\/h2>\n<p>World Middle Excavator W2225LC-8 i\u00e7in Kova Silindiri, ekskavat\u00f6rler, kep\u00e7eli ekskavat\u00f6rler ve \u00f6n y\u00fckleyiciler gibi a\u011f\u0131r makinelerdeki kovalar\u0131n hareketini kontrol etmek i\u00e7in kullan\u0131lan \u00f6zel olarak tasarlanm\u0131\u015f bir hidrolik silindirdir. Ana i\u015flevi, kovan\u0131n kald\u0131rma, indirme ve yat\u0131rma i\u015flemlerini ger\u00e7ekle\u015ftirerek \u00e7e\u015fitli malzeme ta\u015f\u0131ma g\u00f6revlerinin \u00fcstesinden gelmeyi kolayla\u015ft\u0131rmakt\u0131r. Hidrolik sistemde, kova silindiri, hidrolik ya\u011f bas\u0131nc\u0131ndaki de\u011fi\u015fikliklerle kovan\u0131n hassas kontrol\u00fcn\u00fc sa\u011flayarak operat\u00f6rlerin a\u011f\u0131r y\u00fckleri verimli bir \u015fekilde ta\u015f\u0131mas\u0131na ve karma\u015f\u0131k \u00e7al\u0131\u015fma ortamlar\u0131na ve \u00e7e\u015fitli i\u015f gereksinimlerine uyum sa\u011flamas\u0131na olanak tan\u0131r.<\/p>\n<p><img decoding=\"async\" src=\"https:\/\/www.hydraulic-cylinders.net\/wp-content\/uploads\/2025\/01\/songte-company-2.webp\"><\/p>\n<h2>\u00d6zellikler<\/h2>\n<ul>\n<li>Y\u00fcksek mukavemet ve dayan\u0131kl\u0131l\u0131k: Genellikle y\u00fcksek mukavemetli \u00e7elik veya al\u00fcminyumdan yap\u0131l\u0131r, y\u00fcksek bas\u0131nca ve a\u011f\u0131r y\u00fcklere dayanabilir ve kullan\u0131m \u00f6mr\u00fcn\u00fc uzatmak i\u00e7in a\u015f\u0131nma ve korozyon direnci dikkate al\u0131narak tasarlan\u0131r.<\/li>\n<li>Verimli hidrolik \u00e7al\u0131\u015fma: Hidrolik ya\u011f\u0131n bas\u0131nc\u0131yla sa\u011flanan d\u00fczg\u00fcn uzama ve b\u00fcz\u00fclme, kontrol komutlar\u0131na h\u0131zl\u0131 tepki, g\u00fc\u00e7l\u00fc itme ve \u00e7ekme kuvveti sa\u011flama, a\u011f\u0131r y\u00fckleri ve karma\u015f\u0131k i\u015f g\u00f6revlerini ta\u015f\u0131maya uygundur.<\/li>\n<li>\u00c7e\u015fitli tipler: Tek etkili (sadece tek y\u00f6nde hidrolik kullanan) veya \u00e7ift etkili (her iki y\u00f6nde hidrolik kullanan) silindirler, farkl\u0131 \u00e7al\u0131\u015fma gereksinimlerini kar\u015f\u0131lamak \u00fczere ihtiyaca g\u00f6re se\u00e7ilebilir. Baz\u0131 modeller teleskopiktir ve d\u0131\u015f boyutlar\u0131 art\u0131rmadan daha fazla uzatma olana\u011f\u0131 sa\u011flar, s\u0131n\u0131rl\u0131 alana sahip uygulamalar i\u00e7in uygundur.<\/li>\n<li>Kolay de\u011fi\u015fim: \u00dcr\u00fcn\u00fcm\u00fcz bu hidrolik silindirlerin yerini m\u00fckemmel \u015fekilde alabilir.<\/li>\n<\/ul>\n<p><img decoding=\"async\" src=\"https:\/\/www.hydraulic-cylinders.net\/wp-content\/uploads\/2025\/01\/songte-cylinder-head-with-all-kinds-excavator-models.webp\"><\/p>\n<h2>Uygulamalar<\/h2>\n<p>Kova silindiri, ekskavat\u00f6rler, kep\u00e7eli ekskavat\u00f6rler ve \u00f6n y\u00fckleyiciler gibi in\u015faat ekipmanlar\u0131nda yayg\u0131n olarak kullan\u0131l\u0131r. \u0130\u015fte baz\u0131 \u00f6rnekler:<\/p>\n<h3>\u0130n\u015faat Ekipmanlar\u0131<\/h3>\n<ul>\n<li><strong>Ekskavat\u00f6rler:<\/strong> Kova silindirleri, kovan\u0131n topra\u011fa n\u00fcfuz etmesini sa\u011flayarak kazma eyleminin ger\u00e7ekle\u015ftirilmesine yard\u0131mc\u0131 olur.<\/li>\n<li><strong>Beko ekskavat\u00f6rler:<\/strong> Kova silindiri hem kazma hem de kald\u0131rmada yard\u0131mc\u0131 olur.<\/li>\n<li><strong>\u00d6n y\u00fckleyiciler:<\/strong> Kova silindirleri malzemelerin etkili bir \u015fekilde kald\u0131r\u0131lmas\u0131na ve bo\u015falt\u0131lmas\u0131na yard\u0131mc\u0131 olur.<\/li>\n<\/ul>\n<h3>Tar\u0131m Makinalar\u0131<\/h3>\n<ul>\n<li><strong>\u00d6n y\u00fckleyiciler:<\/strong> Toprak, saman ve di\u011fer malzemelerin y\u00fcklenmesi, kald\u0131r\u0131lmas\u0131 ve ta\u015f\u0131nmas\u0131nda kullan\u0131l\u0131r.<\/li>\n<\/ul>\n<h2>Tasar\u0131m Hususlar\u0131 ve Se\u00e7im Kriterleri<\/h2>\n<p>Kova silindirinin tasar\u0131m\u0131, optimum performans\u0131 garanti eden \u00e7e\u015fitli fakt\u00f6rleri dikkate al\u0131r. \u0130\u015fte baz\u0131 temel tasar\u0131m hususlar\u0131 ve se\u00e7im kriterleri:<\/p>\n<h3>Ta\u015f\u0131ma Kapasitesi<\/h3>\n<p>Silindirin y\u00fcksek bas\u0131nca ve a\u011f\u0131r y\u00fcklere dayan\u0131kl\u0131 olmas\u0131 gerekmektedir.<\/p>\n<h3>S\u0131zd\u0131rmazl\u0131k<\/h3>\n<p>Silindir, ya\u011f s\u0131z\u0131nt\u0131s\u0131n\u0131 \u00f6nleyecek ve silindirin d\u00fczg\u00fcn \u00e7al\u0131\u015fmas\u0131n\u0131 sa\u011flayacak y\u00fcksek kaliteli contalarla tasarlanmal\u0131d\u0131r.<\/p>\n<h3>Dayan\u0131kl\u0131l\u0131k<\/h3>\n<p>Silindir a\u015f\u0131nma ve korozyona dayan\u0131kl\u0131 olmal\u0131 ve zorlu \u00e7al\u0131\u015fma ortamlar\u0131na dayan\u0131kl\u0131 olmal\u0131d\u0131r.<\/p>\n<h3>Emniyet<\/h3>\n<p>Silindir, silindir ar\u0131zas\u0131ndan kaynaklanabilecek kaza riskini en aza indirecek \u015fekilde tasarlanmal\u0131d\u0131r.<\/p>\n<h3>Bak\u0131m<\/h3>\n<p>Silindir, bak\u0131m ve onar\u0131m\u0131 m\u00fcmk\u00fcn oldu\u011funca kolay olacak \u015fekilde tasarlanmal\u0131d\u0131r.<\/p>\n<p><img decoding=\"async\" src=\"https:\/\/www.hydraulic-cylinders.net\/wp-content\/uploads\/2025\/01\/songte-oil-pipes-and-spare-parts.webp\"><\/p>\n<h2>S\u0131zd\u0131rmazl\u0131k ve Ya\u011flama<\/h2>\n<p>Kova silindiri, poli\u00fcretan ve nitril kau\u00e7uk gibi a\u015f\u0131nmaya dayan\u0131kl\u0131 malzemelerden yap\u0131lm\u0131\u015f piston contalar\u0131, piston kolu contalar\u0131 ve benzeri \u00e7e\u015fitli contalar kullan\u0131r. Silindirin y\u00fczeyi ve di\u015fli u\u00e7lar\u0131, a\u015f\u0131nma direncini art\u0131rmak i\u00e7in ince bir \u015fekilde i\u015flenmi\u015ftir. Sorunsuz \u00e7al\u0131\u015fma sa\u011flamak i\u00e7in hidrolik ya\u011f ile d\u00fczenli ya\u011flama gereklidir.<\/p>\n<h2>Bak\u0131m ve \u00d6nleyici Tedbirler<\/h2>\n<p>D\u00fczenli muayene, do\u011fru ya\u011flama, conta de\u011fi\u015fimi ve kalibrasyon kontrolleri, silindirin \u00f6mr\u00fcn\u00fc uzatmaya yard\u0131mc\u0131 olabilecek yayg\u0131n bak\u0131m i\u015flemleridir. Do\u011fru montaj, ya\u011flama ve ayar kritik \u00f6neme sahiptir ve montaj s\u0131ras\u0131nda do\u011fru hizalama k\u0131lavuzu sa\u011flanmal\u0131d\u0131r. Silindiri sabitlemek i\u00e7in uygun montaj braketlerinin kullan\u0131lmas\u0131 \u00f6nerilir ve \u00fcr\u00fcn \u00f6mr\u00fcn\u00fc uzatmak i\u00e7in par\u00e7alar i\u00e7in kontrol, onar\u0131m ve de\u011fi\u015ftirme programlar\u0131 olu\u015fturulmal\u0131d\u0131r. <\/p>\n<p><img decoding=\"async\" src=\"https:\/\/www.hydraulic-cylinders.net\/wp-content\/uploads\/2025\/01\/songte-chushion-collar.webp\"><\/p>\n<h2>G\u00fcvenlik ve \u00c7evresel Hususlar<\/h2>\n<p>Kazalar\u0131 \u00f6nlemek i\u00e7in kova silindiri g\u00fcvenlik y\u00f6netmeliklerine uygun olarak monte edilmeli ve kullan\u0131lmal\u0131d\u0131r. Hidrolik ya\u011f ve di\u011fer bile\u015fenlerin uygun \u015fekilde bertaraf edilmesine \u00f6zen g\u00f6sterilmelidir.<\/p>\n<h2>Sorun Giderme ve Yayg\u0131n Sorunlar<\/h2>\n<p>Kova silindirlerinde s\u0131k kar\u015f\u0131la\u015f\u0131lan sorunlar aras\u0131nda s\u0131z\u0131nt\u0131lar, yanl\u0131\u015f hizalama ve a\u015f\u0131nm\u0131\u015f contalar bulunur. Uygun bak\u0131m ve muayene, bu sorunlar\u0131n olu\u015fmas\u0131n\u0131 \u00f6nleyebilir.<\/p>\n<h2>\u015eirket Tan\u0131t\u0131m\u0131<\/h2>\n<p>Yedek hidrolik silindir \u00fcreticisi olarak, eksiksiz bir \u00fcr\u00fcn ve hizmet yelpazesi sunuyor ve yurt i\u00e7i ve yurt d\u0131\u015f\u0131 pazarlarda lider hidrolik silindir \u00fcreticilerinden ve toptanc\u0131lar\u0131ndan biri haline geliyoruz. M\u00fckemmel kalite ilkesine ba\u011fl\u0131 kalarak, sekt\u00f6r\u00fcn kaliteli \u00fcretim at\u00f6lyeleri \u00fcretim y\u00f6netimi stratejisine g\u00fcveniyor, \u00fcretim platformumuzu s\u00fcrekli geli\u015ftiriyor, \u00fcr\u00fcn kalitesi \u00fcretim hatlar\u0131m\u0131z\u0131 iyile\u015ftiriyor ve m\u00fc\u015fterilerimizin \u00e7e\u015fitli ihtiya\u00e7lar\u0131n\u0131 y\u00fcksek verimlilik, y\u00fcksek hassasiyet ve y\u00fcksek kaliteyle kar\u015f\u0131layacak g\u00fc\u00e7l\u00fc bir \u00fcretim kapasitesine sahibiz. <\/p>\n<p>Profesyonel, uluslararas\u0131 sertifikal\u0131, \u00f6zelle\u015ftirilmi\u015f hizmetler sunuyoruz ve m\u00fc\u015fteri memnuniyetini sa\u011flamak i\u00e7in geli\u015fmi\u015f \u00fcretim ekipmanlar\u0131na ve profesyonel test sistemlerine ve sa\u011flam bir sat\u0131\u015f sonras\u0131 hizmet ekibine sahibiz.<\/p>\n<p><img decoding=\"async\" src=\"https:\/\/hzpt.com\/wp-content\/uploads\/2024\/11\/songte-company-1.webp\"><\/p>\n<p>Yazar: lyl.<\/p>","protected":false},"excerpt":{"rendered":"<p>Bucket Cylinder For World Middle Excavator W2225LC-8 Introduction The Bucket Cylinder for World Middle Excavator W2225LC-8 is a specially designed hydraulic cylinder used to control the movement of buckets in heavy machinery such as excavators, backhoe excavators, and front-end loaders. Its main function is to enable the bucket to lift, lower, and tilt, making it [&hellip;]<\/p>","protected":false},"featured_media":14769,"comment_status":"open","ping_status":"closed","template":"","meta":{"_et_pb_use_builder":"","_et_pb_old_content":"","_et_gb_content_width":""},"product_brand":[],"product_cat":[1494],"product_tag":[1495,1496],"class_list":{"0":"post-15743","1":"product","2":"type-product","3":"status-publish","4":"has-post-thumbnail","6":"product_cat-bucket-cylinders","7":"product_tag-bucket-cylinders","8":"product_tag-hydraulic-cylinders","10":"first","11":"instock","12":"shipping-taxable","13":"product-type-simple"},"amp_enabled":true,"_links":{"self":[{"href":"https:\/\/www.hydraulic-cylinders.net\/tr\/wp-json\/wp\/v2\/product\/15743","targetHints":{"allow":["GET"]}}],"collection":[{"href":"https:\/\/www.hydraulic-cylinders.net\/tr\/wp-json\/wp\/v2\/product"}],"about":[{"href":"https:\/\/www.hydraulic-cylinders.net\/tr\/wp-json\/wp\/v2\/types\/product"}],"replies":[{"embeddable":true,"href":"https:\/\/www.hydraulic-cylinders.net\/tr\/wp-json\/wp\/v2\/comments?post=15743"}],"wp:featuredmedia":[{"embeddable":true,"href":"https:\/\/www.hydraulic-cylinders.net\/tr\/wp-json\/wp\/v2\/media\/14769"}],"wp:attachment":[{"href":"https:\/\/www.hydraulic-cylinders.net\/tr\/wp-json\/wp\/v2\/media?parent=15743"}],"wp:term":[{"taxonomy":"product_brand","embeddable":true,"href":"https:\/\/www.hydraulic-cylinders.net\/tr\/wp-json\/wp\/v2\/product_brand?post=15743"},{"taxonomy":"product_cat","embeddable":true,"href":"https:\/\/www.hydraulic-cylinders.net\/tr\/wp-json\/wp\/v2\/product_cat?post=15743"},{"taxonomy":"product_tag","embeddable":true,"href":"https:\/\/www.hydraulic-cylinders.net\/tr\/wp-json\/wp\/v2\/product_tag?post=15743"}],"curies":[{"name":"wp","href":"https:\/\/api.w.org\/{rel}","templated":true}]}}