{"id":15745,"date":"2025-01-19T14:55:20","date_gmt":"2025-01-19T14:55:20","guid":{"rendered":"https:\/\/www.hydraulic-cylinders.net\/product\/bucket-cylinder-for-world-middle-excavator-w2260lc-8\/"},"modified":"2025-01-19T14:55:23","modified_gmt":"2025-01-19T14:55:23","slug":"bucket-cylinder-for-world-middle-excavator-w2260lc-8","status":"publish","type":"product","link":"https:\/\/www.hydraulic-cylinders.net\/tr\/urun\/bucket-cylinder-for-world-middle-excavator-w2260lc-8\/","title":{"rendered":"World Middle W2260LC-8 Ekskavat\u00f6r i\u00e7in Kep\u00e7e Silindiri"},"content":{"rendered":"<h1> World Middle W2260LC-8 Ekskavat\u00f6r i\u00e7in Kep\u00e7e Silindiri <\/h1>\n<h2>girii\u015f<\/h2>\n<p>Kep\u00e7e silindiri, ekskavat\u00f6rler, kaz\u0131c\u0131 ekskavat\u00f6rler ve \u00f6n y\u00fckleyiciler gibi a\u011f\u0131r makinelerde kep\u00e7enin hareketini kontrol etmek i\u00e7in kullan\u0131lan \u00f6zel olarak tasarlanm\u0131\u015f bir hidrolik silindirdir. Ana i\u015flevi, kep\u00e7enin kald\u0131r\u0131lmas\u0131n\u0131, indirilmesini ve e\u011filmesini sa\u011flayarak \u00e7e\u015fitli malzeme ta\u015f\u0131ma g\u00f6revlerini kolayla\u015ft\u0131rmakt\u0131r. Hidrolik sistemde, kep\u00e7e silindiri hidrolik ya\u011f bas\u0131nc\u0131ndaki de\u011fi\u015fiklikler yoluyla kep\u00e7e hareketinin hassas kontrol\u00fcn\u00fc sa\u011flar; bu da operat\u00f6rlerin a\u011f\u0131r nesneleri verimli bir \u015fekilde ta\u015f\u0131mas\u0131na, karma\u015f\u0131k \u00e7al\u0131\u015fma ortamlar\u0131na uyum sa\u011flamas\u0131na ve \u00e7e\u015fitli i\u015f gereksinimlerini kar\u015f\u0131lamas\u0131na olanak tan\u0131r.<\/p>\n<p><img loading=\"lazy\" decoding=\"async\" src=\"https:\/\/www.hydraulic-cylinders.net\/wp-content\/uploads\/2025\/01\/songte-company-2.webp\" alt=\"World Middle W2260LC-8 Ekskavat\u00f6r i\u00e7in Kep\u00e7e Silindiri\" width=\"500\" height=\"300\"><\/p>\n<h2>\u00d6zellikler<\/h2>\n<ul>\n<li>Y\u00fcksek mukavemet ve dayan\u0131kl\u0131l\u0131k: Genellikle y\u00fcksek mukavemetli \u00e7elik veya al\u00fcminyumdan \u00fcretilen bu malzeme, y\u00fcksek bas\u0131nca ve a\u011f\u0131r y\u00fcklere dayanabilir, zorlu \u00e7al\u0131\u015fma ortamlar\u0131na uyum sa\u011flayabilir ve kullan\u0131m \u00f6mr\u00fcn\u00fc uzatmak i\u00e7in a\u015f\u0131nma direnci ve korozyon direnci g\u00f6z \u00f6n\u00fcnde bulundurularak tasarlanm\u0131\u015ft\u0131r.<\/li>\n<li>Verimli hidrolik \u00e7al\u0131\u015fma: Hidrolik ya\u011f bas\u0131nc\u0131 kullan\u0131larak d\u00fczg\u00fcn genle\u015fme ve b\u00fcz\u00fclme hareketleri sa\u011flan\u0131r; bu da a\u011f\u0131r nesnelerin ve karma\u015f\u0131k i\u015flerin ta\u015f\u0131nmas\u0131 i\u00e7in uygun, g\u00fc\u00e7l\u00fc itme ve \u00e7ekme kuvvetleri sa\u011flar.<\/li>\n<li>\u00c7e\u015fitli tipler: Farkl\u0131 \u00e7al\u0131\u015fma gereksinimlerini kar\u015f\u0131lamak i\u00e7in ihtiya\u00e7lara g\u00f6re tek etkili (hidrolik sadece tek y\u00f6nde kullan\u0131l\u0131r) veya \u00e7ift etkili (hidrolik iki y\u00f6nde kullan\u0131l\u0131r) silindirler se\u00e7ilebilir. Baz\u0131 modeller teleskopiktir ve d\u0131\u015f boyutlar\u0131 art\u0131rmadan daha fazla uzatmaya olanak tan\u0131r; bu da alan\u0131n s\u0131n\u0131rl\u0131 oldu\u011fu uygulamalar i\u00e7in uygundur.<\/li>\n<li>\u00dcr\u00fcnlerimiz bu hidrolik silindirlerin yerini m\u00fckemmel \u015fekilde alabilir.<\/li>\n<li>M\u00fc\u015fteri gereksinimlerine g\u00f6re \u00f6zelle\u015ftirilebilir.<\/li>\n<\/ul>\n<p><img loading=\"lazy\" decoding=\"async\" src=\"https:\/\/www.hydraulic-cylinders.net\/wp-content\/uploads\/2025\/01\/songte-cylinder-head-with-all-kinds-excavator-models.webp\" alt=\"World Middle W2260LC-8 Ekskavat\u00f6r i\u00e7in Kep\u00e7e Silindiri\" width=\"500\" height=\"300\"><\/p>\n<h2>Uygulamalar<\/h2>\n<p>Kova silindiri, a\u015fa\u011f\u0131dakiler de dahil olmak \u00fczere \u00e7e\u015fitli end\u00fcstrilerde yayg\u0131n olarak kullan\u0131lmaktad\u0131r:<\/p>\n<ul>\n<li>\u0130n\u015faat ekipmanlar\u0131: Ekskavat\u00f6rlerde, toprak veya molozun kaz\u0131lmas\u0131, y\u00fcklenmesi ve ta\u015f\u0131nmas\u0131 i\u00e7in kritik \u00f6neme sahiptirler. Kaz\u0131c\u0131 ekskavat\u00f6rlerde, kova silindiri hem kazmaya hem de kald\u0131rmaya yard\u0131mc\u0131 olur. <\/li>\n<li>Tar\u0131m makineleri: \u00d6n y\u00fckleyici olarak, toprak, saman ve di\u011fer malzemelerin kep\u00e7elenmesi, kald\u0131r\u0131lmas\u0131 ve ta\u015f\u0131nmas\u0131nda kullan\u0131l\u0131r. <\/li>\n<li>Ekskavat\u00f6rler: Kova silindirleri, kovan\u0131n topra\u011fa n\u00fcfuz etmesini sa\u011flayarak kazma i\u015flemini m\u00fcmk\u00fcn k\u0131lar. <\/li>\n<li>Y\u00fckleyiciler: \u00d6n y\u00fckleyicilerde, y\u00fck\u00fcn etkili bir \u015fekilde kald\u0131r\u0131lmas\u0131na ve devrilmesine yard\u0131mc\u0131 olurlar. <\/li>\n<\/ul>\n<h2>Tasar\u0131m Hususlar\u0131 ve Se\u00e7im Kriterleri<\/h2>\n<ul>\n<li>Ta\u015f\u0131ma kapasitesi: Kova silindirleri y\u00fcksek bas\u0131nca ve a\u011f\u0131r y\u00fcklere dayanabilmelidir.<\/li>\n<li>S\u0131zd\u0131rmazl\u0131k: Piston contalar\u0131, mil contalar\u0131 vb. gibi \u00e7e\u015fitli contalar kullan\u0131l\u0131r. Contalar, poli\u00fcretan, nitril kau\u00e7uk vb. a\u015f\u0131nmaya dayan\u0131kl\u0131 malzemelerden yap\u0131l\u0131r. <\/li>\n<li>Dayan\u0131kl\u0131l\u0131k: Silindir g\u00f6vdesi ve di\u015fli u\u00e7 y\u00fczeyleri, a\u015f\u0131nma direncini art\u0131rmak i\u00e7in hassas bir \u015fekilde i\u015flenmi\u015ftir.<\/li>\n<li>G\u00fcvenlik: Kova silindirlerinde kazalar\u0131 \u00f6nlemek i\u00e7in bas\u0131n\u00e7 tahliye vanalar\u0131 ve kilitleme mekanizmalar\u0131 gibi g\u00fcvenlik \u00f6zellikleri bulunmal\u0131d\u0131r.<\/li>\n<li>Bak\u0131m: Verimli ve g\u00fcvenli \u00e7al\u0131\u015fma sa\u011flamak i\u00e7in d\u00fczenli ya\u011flama, conta de\u011fi\u015fimi ve kalibrasyon kontrolleri de dahil olmak \u00fczere uygun bak\u0131m ve denetim gereklidir.<\/li>\n<\/ul>\n<p><img loading=\"lazy\" decoding=\"async\" src=\"https:\/\/www.hydraulic-cylinders.net\/wp-content\/uploads\/2025\/01\/songte-oil-pipes-and-spare-parts.webp\" alt=\"World Middle W2260LC-8 Ekskavat\u00f6r i\u00e7in Kep\u00e7e Silindiri\" width=\"500\" height=\"300\"><\/p>\n<h2>S\u0131zd\u0131rmazl\u0131k ve Ya\u011flama<\/h2>\n<p>Hidrolik ya\u011f\u0131n silindir i\u00e7inde kalmas\u0131n\u0131 sa\u011flarken, kirleticilerin silindire girmesini \u00f6nlemek i\u00e7in \u00e7e\u015fitli contalar kullan\u0131l\u0131r. Piston contalar\u0131 ve mil contalar\u0131, poli\u00fcretan ve nitril kau\u00e7uk gibi a\u015f\u0131nmaya dayan\u0131kl\u0131 malzemelerden \u00fcretilmi\u015ftir. Silindir g\u00f6vdesi ve di\u015fli u\u00e7 y\u00fczeyleri, a\u015f\u0131nma direncini art\u0131rmak i\u00e7in ince bir \u015fekilde i\u015flenmi\u015ftir. Sorunsuz \u00e7al\u0131\u015fma sa\u011flamak ve contalar\u0131n a\u015f\u0131nmas\u0131n\u0131 \u00f6nlemek i\u00e7in uygun hidrolik ya\u011f ile d\u00fczenli ya\u011flama gereklidir.<\/p>\n<h2>D\u00fczenli Muayene ve \u00d6nleyici Bak\u0131m<\/h2>\n<p>Kep\u00e7e silindirlerinin verimli ve g\u00fcvenli \u00e7al\u0131\u015fmas\u0131n\u0131 sa\u011flamak i\u00e7in d\u00fczenli kontrol ve \u00f6nleyici bak\u0131m gereklidir. Yayg\u0131n bak\u0131m i\u015flemleri aras\u0131nda ya\u011flama, conta de\u011fi\u015fimi ve kalibrasyon kontrolleri yer al\u0131r. Silindirin do\u011fru \u015fekilde tak\u0131lmas\u0131, do\u011fru \u015fekilde hizalanmas\u0131 ve silindiri sabitlemek i\u00e7in uygun montaj braketlerinin kullan\u0131lmas\u0131 \u00f6nemlidir. \u00dcreticinin \u00f6nerdi\u011fi kontrol, onar\u0131m ve de\u011fi\u015ftirme prosed\u00fcrlerine uyulmal\u0131d\u0131r. Kep\u00e7e silindirinin kullan\u0131m \u00f6mr\u00fcn\u00fc uzatmak i\u00e7in yedek par\u00e7alar ve yeniden yap\u0131land\u0131rma hizmetleri mevcuttur. <\/p>\n<p><img loading=\"lazy\" decoding=\"async\" src=\"https:\/\/www.hydraulic-cylinders.net\/wp-content\/uploads\/2025\/01\/songte-chushion-collar.webp\" alt=\"World Middle W2260LC-8 Ekskavat\u00f6r i\u00e7in Kep\u00e7e Silindiri\" width=\"500\" height=\"300\"><\/p>\n<h2>G\u00fcvenlik ve \u00c7evresel Hususlar<\/h2>\n<p>Kova silindirleri, kazalar\u0131 \u00f6nlemek i\u00e7in bas\u0131n\u00e7 tahliye vanalar\u0131 ve kilitleme mekanizmalar\u0131 gibi uygun g\u00fcvenlik \u00f6zellikleriyle g\u00fcvenli bir \u015fekilde \u00e7al\u0131\u015ft\u0131r\u0131lmal\u0131d\u0131r. \u00c7evreye zarar gelmesini \u00f6nlemek i\u00e7in kullan\u0131lm\u0131\u015f hidrolik ya\u011f ve silindirlerin uygun \u015fekilde imha edilmesi gereklidir.<\/p>\n<h2>Yayg\u0131n Sorunlar ve Sorun Giderme<\/h2>\n<p>Kova silindirlerinde s\u0131k kar\u015f\u0131la\u015f\u0131lan sorunlar aras\u0131nda s\u0131z\u0131nt\u0131lar, conta hasar\u0131 ve piston hasar\u0131 yer al\u0131r. Sorun giderme, contalar\u0131n ve pistonun incelenmesini, hidrolik s\u0131v\u0131 seviyesinin ve bas\u0131nc\u0131n\u0131n kontrol edilmesini ve a\u015f\u0131nma ve hasar belirtilerinin aranmas\u0131n\u0131 i\u00e7erebilir. D\u00fczenli bak\u0131m ve inceleme gibi \u00f6nleyici tedbirler, sorunlar\u0131 en aza indirmeye yard\u0131mc\u0131 olabilir.<\/p>\n<p><img loading=\"lazy\" decoding=\"async\" src=\"https:\/\/www.hydraulic-cylinders.net\/wp-content\/uploads\/2025\/01\/songte-bushings-with-all-kinds-of-excavator-models.webp\" alt=\"World Middle W2260LC-8 Ekskavat\u00f6r i\u00e7in Kep\u00e7e Silindiri\" width=\"500\" height=\"300\"><\/p>\n<h2>\u015eirketimiz Hakk\u0131nda<\/h2>\n<p>Yedek hidrolik silindir \u00fcreticisiyiz ve geni\u015f bir \u00fcr\u00fcn yelpazesi sunuyoruz. Yurti\u00e7i ve yurtd\u0131\u015f\u0131 pazarlarda \u00f6nde gelen hidrolik silindir \u00fcreticilerinden ve toptanc\u0131lar\u0131ndan biriyiz. M\u00fckemmel kalite ilkesine ba\u011fl\u0131 kalarak, teknoloji yetene\u011fi, dijital \u00fcst d\u00fczey \u00fcretim ekipmanlar\u0131 ve profesyonel test sistemleri kullanarak, ince i\u015f\u00e7ilik gerektiren \u00fcretim at\u00f6lyelerinde end\u00fcstriyel \u00fcretim y\u00f6netim stratejilerine g\u00fcveniyoruz ve at\u00f6lyenin \u00fcretim platformunu s\u00fcrekli olarak geli\u015ftiriyoruz. Sa\u011flam bir yarat\u0131c\u0131 yetene\u011fe sahibiz ve m\u00fc\u015fterilerimizin \u00e7e\u015fitli ihtiya\u00e7lar\u0131n\u0131 kar\u015f\u0131lamak i\u00e7in verimli, hassas ve y\u00fcksek kaliteli ilkeler sunuyoruz.<\/p>\n<p><img loading=\"lazy\" decoding=\"async\" src=\"https:\/\/hzpt.com\/wp-content\/uploads\/2024\/11\/songte-company-1.webp\" alt=\"World Middle W2260LC-8 Ekskavat\u00f6r i\u00e7in Kep\u00e7e Silindiri\" width=\"500\" height=\"300\"><\/p>\n<h3>Profesyonellik:<\/h3>\n<p>Ekibimiz, ihtiya\u00e7lar\u0131n\u0131za uygun \u00f6zelle\u015ftirilmi\u015f \u00e7\u00f6z\u00fcmler sunabilen, son derece yetenekli ve deneyimli profesyonellerden olu\u015fmaktad\u0131r. <\/p>\n<h3>Uluslararas\u0131 Sertifikasyon:<\/h3>\n<p>\u00dcr\u00fcnlerimiz ISO9001 ve CE gibi uluslararas\u0131 standartlara g\u00f6re sertifikaland\u0131r\u0131lm\u0131\u015ft\u0131r. <\/p>\n<h3>\u00d6zelle\u015ftirme Hizmetleri:<\/h3>\n<p>M\u00fc\u015fteri taleplerine g\u00f6re \u00f6zelle\u015ftirilebilir hidrolik silindirler sunuyoruz. <\/p>\n<h3>\u00dcretim Ekipmanlar\u0131:<\/h3>\n<p>\u00dcretim ekipmanlar\u0131m\u0131z, y\u00fcksek hassasiyet ve kaliteyi sa\u011flamak i\u00e7in geli\u015fmi\u015f CNC makineleri ve test ekipmanlar\u0131n\u0131 i\u00e7ermektedir.<\/p>\n<h3>Sat\u0131\u015f Sonras\u0131 Hizmetler:<\/h3>\n<p>M\u00fc\u015fterilerimize kurulum ve bak\u0131m dahil olmak \u00fczere teknik destek sa\u011fl\u0131yoruz. Ayr\u0131ca garanti, yedek par\u00e7a ve yeniden yap\u0131land\u0131rma hizmetleri de sunuyoruz.<\/p>\n<p>Lyl taraf\u0131ndan.<\/p>","protected":false},"excerpt":{"rendered":"<p>Bucket Cylinder For World Middle Excavator W2260LC-8 Introduction A bucket cylinder is a specially designed hydraulic cylinder used mainly to control the movement of the bucket in heavy machinery such as excavators, backhoe excavators, and front-end loaders. Its main function is to enable the bucket to lift, lower, and tilt, making it easier to handle [&hellip;]<\/p>","protected":false},"featured_media":14762,"comment_status":"open","ping_status":"closed","template":"","meta":{"_et_pb_use_builder":"","_et_pb_old_content":"","_et_gb_content_width":""},"product_brand":[],"product_cat":[1494],"product_tag":[1495,1496],"class_list":{"0":"post-15745","1":"product","2":"type-product","3":"status-publish","4":"has-post-thumbnail","6":"product_cat-bucket-cylinders","7":"product_tag-bucket-cylinders","8":"product_tag-hydraulic-cylinders","10":"first","11":"instock","12":"shipping-taxable","13":"product-type-simple"},"amp_enabled":true,"_links":{"self":[{"href":"https:\/\/www.hydraulic-cylinders.net\/tr\/wp-json\/wp\/v2\/product\/15745","targetHints":{"allow":["GET"]}}],"collection":[{"href":"https:\/\/www.hydraulic-cylinders.net\/tr\/wp-json\/wp\/v2\/product"}],"about":[{"href":"https:\/\/www.hydraulic-cylinders.net\/tr\/wp-json\/wp\/v2\/types\/product"}],"replies":[{"embeddable":true,"href":"https:\/\/www.hydraulic-cylinders.net\/tr\/wp-json\/wp\/v2\/comments?post=15745"}],"wp:featuredmedia":[{"embeddable":true,"href":"https:\/\/www.hydraulic-cylinders.net\/tr\/wp-json\/wp\/v2\/media\/14762"}],"wp:attachment":[{"href":"https:\/\/www.hydraulic-cylinders.net\/tr\/wp-json\/wp\/v2\/media?parent=15745"}],"wp:term":[{"taxonomy":"product_brand","embeddable":true,"href":"https:\/\/www.hydraulic-cylinders.net\/tr\/wp-json\/wp\/v2\/product_brand?post=15745"},{"taxonomy":"product_cat","embeddable":true,"href":"https:\/\/www.hydraulic-cylinders.net\/tr\/wp-json\/wp\/v2\/product_cat?post=15745"},{"taxonomy":"product_tag","embeddable":true,"href":"https:\/\/www.hydraulic-cylinders.net\/tr\/wp-json\/wp\/v2\/product_tag?post=15745"}],"curies":[{"name":"wp","href":"https:\/\/api.w.org\/{rel}","templated":true}]}}