{"id":15749,"date":"2025-01-19T14:55:52","date_gmt":"2025-01-19T14:55:52","guid":{"rendered":"https:\/\/www.hydraulic-cylinders.net\/product\/bucket-cylinder-for-world-large-excavator-w2360blc-8\/"},"modified":"2025-01-19T14:55:54","modified_gmt":"2025-01-19T14:55:54","slug":"bucket-cylinder-for-world-large-excavator-w2360blc-8","status":"publish","type":"product","link":"https:\/\/www.hydraulic-cylinders.net\/tr\/urun\/bucket-cylinder-for-world-large-excavator-w2360blc-8\/","title":{"rendered":"D\u00fcnya B\u00fcy\u00fck Ekskavat\u00f6r\u00fc W2360BLC-8 i\u00e7in Kep\u00e7e Silindiri"},"content":{"rendered":"<h1>D\u00fcnya B\u00fcy\u00fck Ekskavat\u00f6r\u00fc W2360BLC-8 i\u00e7in Kep\u00e7e Silindiri<\/h1>\n<h2>girii\u015f<\/h2>\n<p>Kep\u00e7e silindiri, ekskavat\u00f6rler, kaz\u0131c\u0131lar ve \u00f6n y\u00fckleyiciler gibi a\u011f\u0131r makinelerde kep\u00e7enin hareketini kontrol etmek i\u00e7in kullan\u0131lan \u00f6zel olarak tasarlanm\u0131\u015f bir hidrolik silindirdir. Ana i\u015flevi, kep\u00e7enin kald\u0131r\u0131lmas\u0131n\u0131, indirilmesini ve e\u011filmesini sa\u011flayarak \u00e7e\u015fitli malzeme ta\u015f\u0131ma g\u00f6revlerini kolayla\u015ft\u0131rmakt\u0131r. Hidrolik sistemde, kep\u00e7e silindiri hidrolik ya\u011f\u0131n bas\u0131n\u00e7 de\u011fi\u015fimi yoluyla kep\u00e7enin hassas kontrol\u00fcn\u00fc sa\u011flar ve operat\u00f6rlerin a\u011f\u0131r y\u00fckleri verimli bir \u015fekilde ta\u015f\u0131mas\u0131na, karma\u015f\u0131k \u00e7al\u0131\u015fma ortamlar\u0131na ve \u00e7e\u015fitli operasyonel gereksinimlere uyum sa\u011flamas\u0131na olanak tan\u0131r.<\/p>\n<p><img decoding=\"async\" src=\"https:\/\/www.hydraulic-cylinders.net\/wp-content\/uploads\/2025\/01\/songte-company-2.webp\" alt=\"Kova Silindiri\" \/><\/p>\n<h2>\u00d6zellikler<\/h2>\n<ul>\n<li>Y\u00fcksek mukavemet ve dayan\u0131kl\u0131l\u0131k: Genellikle y\u00fcksek mukavemetli \u00e7elik veya al\u00fcminyumdan \u00fcretilen bu malzeme, y\u00fcksek bas\u0131nca ve a\u011f\u0131r y\u00fcklere dayanabilir, zorlu \u00e7al\u0131\u015fma ortamlar\u0131na uyum sa\u011flayabilir ve iyi a\u015f\u0131nma ve korozyon direnci g\u00f6stererek kullan\u0131m \u00f6mr\u00fcn\u00fc uzat\u0131r.<\/li>\n<li>Verimli hidrolik \u00e7al\u0131\u015fma: Hidrolik ya\u011f bas\u0131nc\u0131ndan yararlan\u0131larak d\u00fczg\u00fcn teleskopik hareket sa\u011flan\u0131r; bu sayede kontrol komutlar\u0131na h\u0131zl\u0131 yan\u0131t verilir, g\u00fc\u00e7l\u00fc itme-\u00e7ekme kuvveti sa\u011flan\u0131r ve a\u011f\u0131r nesnelerin ve karma\u015f\u0131k operasyonel g\u00f6revlerin ta\u015f\u0131nmas\u0131 i\u00e7in uygundur.<\/li>\n<li>\u00c7e\u015fitli tipler: Farkl\u0131 \u00e7al\u0131\u015fma gereksinimlerini kar\u015f\u0131lamak i\u00e7in tek etkili (hidrolik sadece tek y\u00f6nde kullan\u0131l\u0131r) veya \u00e7ift etkili (hidrolik iki y\u00f6nde kullan\u0131l\u0131r) silindirler se\u00e7ilebilir. Baz\u0131 modeller teleskopiktir, d\u0131\u015f boyutlar\u0131 art\u0131rmadan daha fazla uzatmaya olanak tan\u0131r ve s\u0131n\u0131rl\u0131 alana sahip uygulamalar i\u00e7in uygundur.<\/li>\n<li>De\u011fi\u015ftirilebilir: \u00dcr\u00fcn\u00fcm\u00fcz bu hidrolik silindirlerin yerini m\u00fckemmel \u015fekilde alabilir.<\/li>\n<\/ul>\n<p><img decoding=\"async\" src=\"https:\/\/www.hydraulic-cylinders.net\/wp-content\/uploads\/2025\/01\/songte-cylinder-head-with-all-kinds-excavator-models.webp\" alt=\"Kova Silindir Modelleri\" \/><\/p>\n<h2>Uygulamalar<\/h2>\n<p>Kep\u00e7e silindiri, \u00e7e\u015fitli a\u011f\u0131r makine i\u015flemlerinde yayg\u0131n olarak kullan\u0131lmaktad\u0131r. Ba\u015fl\u0131ca kullan\u0131m alanlar\u0131 \u015funlard\u0131r:<\/p>\n<ul>\n<li>\u0130n\u015faat ekipmanlar\u0131: Ekskavat\u00f6rlerde, toprak veya moloz kazma, y\u00fckleme ve ta\u015f\u0131ma i\u015flemlerinde hayati \u00f6neme sahiptirler. Kaz\u0131c\u0131 y\u00fckleyicilerde ise kep\u00e7e silindiri kazma ve kald\u0131rma i\u015flemlerine yard\u0131mc\u0131 olur.<\/li>\n<li>Tar\u0131m makineleri: \u00d6n y\u00fckleyicilerde toprak, saman ve di\u011fer malzemeleri kep\u00e7eyle almak, kald\u0131rmak ve ta\u015f\u0131mak i\u00e7in kullan\u0131l\u0131r.<\/li>\n<li>Ekskavat\u00f6rler: Kova silindiri, kovan\u0131n topra\u011fa n\u00fcfuz etmesini sa\u011flayarak kazma i\u015flemini ger\u00e7ekle\u015ftirir.<\/li>\n<li>\u00d6n y\u00fckleyiciler: Y\u00fcklerin etkili bir \u015fekilde kald\u0131r\u0131lmas\u0131na ve devrilmesine yard\u0131mc\u0131 olurlar.<\/li>\n<\/ul>\n<h2>\u00dcr\u00fcn Tasar\u0131m ve Se\u00e7im Standartlar\u0131<\/h2>\n<p>Kova silindiri, y\u00fcksek performans ve g\u00fcvenlik standartlar\u0131n\u0131 kar\u015f\u0131layacak \u015fekilde tasarlanm\u0131\u015ft\u0131r. \u0130\u015fte baz\u0131 \u00f6nemli tasar\u0131m hususlar\u0131:<\/p>\n<ul>\n<li>Ta\u015f\u0131ma kapasitesi: Silindir, deforme olmadan veya ar\u0131zalanmadan y\u00fcksek y\u00fckleri ve bas\u0131n\u00e7 de\u011fi\u015fimlerini kald\u0131rabilmelidir.<\/li>\n<li>S\u0131zd\u0131rmazl\u0131k: Silindirde, ya\u011f s\u0131z\u0131nt\u0131s\u0131n\u0131 \u00f6nlemek ve hidrolik bas\u0131nc\u0131 korumak i\u00e7in piston contalar\u0131 ve mil contalar\u0131 gibi y\u00fcksek kaliteli s\u0131zd\u0131rmazl\u0131k bile\u015fenleri kullan\u0131lmal\u0131d\u0131r.<\/li>\n<li>Dayan\u0131kl\u0131l\u0131k: Silindir, a\u015f\u0131nmaya, korozyona ve yorulma hasar\u0131na kar\u015f\u0131 dayan\u0131kl\u0131 olmas\u0131 i\u00e7in y\u00fcksek kaliteli malzemelerden yap\u0131lmal\u0131d\u0131r.<\/li>\n<li>G\u00fcvenlik: Silindirde kazalar\u0131 \u00f6nlemek i\u00e7in bas\u0131n\u00e7 tahliye vanalar\u0131 ve acil durdurma d\u00fc\u011fmeleri gibi yeterli g\u00fcvenlik \u00f6zellikleri bulunmal\u0131d\u0131r.<\/li>\n<li>Bak\u0131m Kolayl\u0131\u011f\u0131: Silindirin bak\u0131m\u0131 ve onar\u0131m\u0131 kolay olmal\u0131, bile\u015fenlerine kolayca eri\u015filebilmeli ve par\u00e7alar\u0131 de\u011fi\u015ftirilebilir olmal\u0131d\u0131r.<\/li>\n<\/ul>\n<p><img decoding=\"async\" src=\"https:\/\/www.hydraulic-cylinders.net\/wp-content\/uploads\/2025\/01\/songte-oil-pipes-and-spare-parts.webp\" alt=\"Hidrolik Silindir Par\u00e7alar\u0131\" \/><\/p>\n<h2>S\u0131zd\u0131rmazl\u0131k ve Ya\u011flama<\/h2>\n<p>Kova silindiri, piston contalar\u0131 ve mil contalar\u0131 gibi \u00e7e\u015fitli s\u0131zd\u0131rmazl\u0131k bile\u015fenleri kullan\u0131r ve bu bile\u015fenler poli\u00fcretan ve nitril kau\u00e7uk gibi a\u015f\u0131nmaya dayan\u0131kl\u0131 malzemelerden yap\u0131lm\u0131\u015ft\u0131r. Silindirin g\u00f6vdesi ve di\u015fli y\u00fczeyi, a\u015f\u0131nma direncini art\u0131rmak i\u00e7in ince bir i\u015flemden ge\u00e7irilir. Uygun miktarda hidrolik ya\u011f\u0131n d\u00fczenli olarak eklenmesi de do\u011fru ya\u011flamay\u0131 sa\u011flamak i\u00e7in \u00f6nemlidir.<\/p>\n<h2>Bak\u0131m ve Onar\u0131m<\/h2>\n<p>Kova silindirinin uzun \u00f6m\u00fcrl\u00fc ve y\u00fcksek performansl\u0131 olmas\u0131 i\u00e7in d\u00fczenli kontrol ve \u00f6nleyici bak\u0131m \u00f6nlemleri \u015fartt\u0131r. Yayg\u0131n bak\u0131m g\u00f6revleri \u015funlard\u0131r:<\/p>\n<ul>\n<li>D\u00fczenli denetim<\/li>\n<li>Uygun ya\u011flama<\/li>\n<li>Conta de\u011fi\u015fimi<\/li>\n<li>Kalibrasyon kontrol\u00fc<\/li>\n<\/ul>\n<p>En iyi performans\u0131 sa\u011flamak i\u00e7in kova silindirinin do\u011fru \u015fekilde monte edilmesi \u015fartt\u0131r. Do\u011fru hizalama, silindiri sabitlemek i\u00e7in uygun montaj braketlerinin kullan\u0131lmas\u0131 ve \u00f6nerilen inceleme, onar\u0131m ve de\u011fi\u015ftirme prosed\u00fcrlerinin izlenmesi de silindirin \u00f6mr\u00fcn\u00fc uzatmaya yard\u0131mc\u0131 olabilir.<\/p>\n<p><img decoding=\"async\" src=\"https:\/\/www.hydraulic-cylinders.net\/wp-content\/uploads\/2025\/01\/songte-chushion-collar.webp\" alt=\"Yast\u0131k Yaka\" \/><\/p>\n<h2>G\u00fcvenlik Hususlar\u0131 ve \u00c7evresel Fakt\u00f6rler<\/h2>\n<p>Kova silindirini \u00e7al\u0131\u015ft\u0131r\u0131rken, koruyucu ekipman giymek, uygun mesafeyi korumak ve silindiri a\u015f\u0131r\u0131 y\u00fcklemekten ka\u00e7\u0131nmak gibi g\u00fcvenlik \u00f6nlemlerine uyulmal\u0131d\u0131r. Ayr\u0131ca, kullan\u0131lm\u0131\u015f hidrolik ya\u011f\u0131n ve di\u011fer at\u0131k malzemelerin \u00e7evreyi korumak i\u00e7in uygun \u015fekilde bertaraf edilmesi de \u00e7ok \u00f6nemlidir.<\/p>\n<h2>Sorun Giderme ve Yayg\u0131n Sorunlar<\/h2>\n<p>Kova silindirinde s\u0131k kar\u015f\u0131la\u015f\u0131lan sorunlar aras\u0131nda ya\u011f ka\u00e7a\u011f\u0131, yetersiz bas\u0131n\u00e7 ve yanl\u0131\u015f montaj yer almaktad\u0131r. Bu sorunlar\u0131 te\u015fhis etmek ve gidermek i\u00e7in, contalar, ke\u00e7eler ve ba\u011flant\u0131 par\u00e7alar\u0131 gibi silindir bile\u015fenlerini dikkatlice incelemek ve \u00f6nerilen onar\u0131m ve de\u011fi\u015ftirme prosed\u00fcrlerini takip etmek gereklidir. D\u00fczenli kontrol ve uygun ya\u011flama gibi \u00f6nleyici tedbirler de bu sorunlar\u0131n olas\u0131l\u0131\u011f\u0131n\u0131 azaltmaya yard\u0131mc\u0131 olabilir.<\/p>\n<p><img decoding=\"async\" src=\"https:\/\/www.hydraulic-cylinders.net\/wp-content\/uploads\/2025\/01\/songte-bushings-with-all-kinds-of-excavator-models.webp\" alt=\"Kova Silindir Bur\u00e7lar\u0131\" \/><\/p>\n<h2>\u015eirketimiz Hakk\u0131nda<\/h2>\n<p>Yurti\u00e7i ve yurtd\u0131\u015f\u0131 pazarlarda hidrolik silindirlerin \u00f6nde gelen \u00fcreticisi ve toptan da\u011f\u0131t\u0131c\u0131s\u0131y\u0131z. \u00dcr\u00fcn yelpazemiz \u00e7e\u015fitlidir ve hassas \u00fcretim at\u00f6lyelerimizde end\u00fcstriyel \u00fcretim y\u00f6netim stratejileriyle kalite m\u00fckemmelli\u011fini hedefliyoruz. \u015eirketimiz, teknoloji yetenekleri, dijital \u00fcst d\u00fczey \u00fcretim ekipmanlar\u0131 ve profesyonel test sistemleri kullanarak \u00fcretim platformunu ve \u00fcr\u00fcn kalitesi \u00fcretim s\u00fcrecini s\u00fcrekli olarak geli\u015ftirmektedir. G\u00fc\u00e7l\u00fc bir inovasyon kapasitesine sahibiz ve \u00e7e\u015fitli m\u00fc\u015fteri ihtiya\u00e7lar\u0131n\u0131 kar\u015f\u0131lamak i\u00e7in y\u00fcksek verimlilik, y\u00fcksek hassasiyet ve y\u00fcksek kalite ilkelerine ba\u011fl\u0131 kal\u0131yoruz.<\/p>\n<p><img decoding=\"async\" src=\"https:\/\/hzpt.com\/wp-content\/uploads\/2024\/11\/songte-company-1.webp\" alt=\"\u015eirket Binas\u0131\" \/><\/p>\n<h2>Profesyonellik<\/h2>\n<p>Hidrolik silindir tasar\u0131m\u0131, \u00fcretimi ve onar\u0131m\u0131 konusunda uzmanla\u015fm\u0131\u015f deneyimli profesyonellerden olu\u015fan bir ekibimiz var. Personelimiz, m\u00fc\u015fterilerimize y\u00fcksek kaliteli hizmetler sunmak i\u00e7in sekt\u00f6rdeki en son trendleri ve teknolojileri takip etmek amac\u0131yla d\u00fczenli e\u011fitimlerden ge\u00e7mektedir.<\/p>\n<h2>Uluslararas\u0131 Sertifikasyon<\/h2>\n<p>\u015eirketimiz, kalite ve g\u00fcvenlik standartlar\u0131na olan ba\u011fl\u0131l\u0131\u011f\u0131m\u0131z\u0131 g\u00f6steren ISO 9001 ve CE gibi uluslararas\u0131 sertifikalar alm\u0131\u015ft\u0131r.<\/p>\n<h2>\u00d6zelle\u015ftirme Hizmetleri<\/h2>\n<p>M\u00fc\u015fterilerimizin \u00f6zel ihtiya\u00e7lar\u0131n\u0131 kar\u015f\u0131lamak \u00fczere \u00f6zelle\u015ftirilmi\u015f hidrolik silindir \u00e7\u00f6z\u00fcmleri sunuyoruz ve tasar\u0131m, malzeme se\u00e7imi ve test gibi \u00e7e\u015fitli \u00f6zelle\u015ftirme hizmetleri sa\u011fl\u0131yoruz.<\/p>\n<h2>\u00dcretim Ekipmanlar\u0131<\/h2>\n<p>\u00dcretim tesislerimiz, \u00fcr\u00fcnlerimizin do\u011frulu\u011funu ve kalitesini sa\u011flamak i\u00e7in geli\u015fmi\u015f CNC i\u015fleme merkezleri, honlama makineleri ve di\u011fer \u00fcst d\u00fczey \u00fcretim ekipmanlar\u0131yla donat\u0131lm\u0131\u015ft\u0131r.<\/p>\n<h2>Sat\u0131\u015f Sonras\u0131 Hizmet<\/h2>\n<p>M\u00fc\u015fteri memnuniyetini ve \u00fcr\u00fcnlerimizin uzun vadeli performans\u0131n\u0131 sa\u011flamak i\u00e7in teknik destek, onar\u0131m ve yedek par\u00e7a hizmetleri de dahil olmak \u00fczere kapsaml\u0131 sat\u0131\u015f sonras\u0131 hizmetler sunuyoruz.<\/p>\n<p>Yazar: lyl<\/p>","protected":false},"excerpt":{"rendered":"<p>Bucket Cylinder For World Large Excavator W2360BLC-8 Introduction The bucket cylinder is a specially designed hydraulic cylinder used to control the movement of the bucket in heavy machinery such as excavators, backhoes, and front loaders. Its main function is to enable the bucket to lift, lower, and tilt, making it easier for various material handling [&hellip;]<\/p>","protected":false},"featured_media":14787,"comment_status":"open","ping_status":"closed","template":"","meta":{"_et_pb_use_builder":"","_et_pb_old_content":"","_et_gb_content_width":""},"product_brand":[],"product_cat":[1494],"product_tag":[1495,1496],"class_list":{"0":"post-15749","1":"product","2":"type-product","3":"status-publish","4":"has-post-thumbnail","6":"product_cat-bucket-cylinders","7":"product_tag-bucket-cylinders","8":"product_tag-hydraulic-cylinders","10":"first","11":"instock","12":"shipping-taxable","13":"product-type-simple"},"amp_enabled":true,"_links":{"self":[{"href":"https:\/\/www.hydraulic-cylinders.net\/tr\/wp-json\/wp\/v2\/product\/15749","targetHints":{"allow":["GET"]}}],"collection":[{"href":"https:\/\/www.hydraulic-cylinders.net\/tr\/wp-json\/wp\/v2\/product"}],"about":[{"href":"https:\/\/www.hydraulic-cylinders.net\/tr\/wp-json\/wp\/v2\/types\/product"}],"replies":[{"embeddable":true,"href":"https:\/\/www.hydraulic-cylinders.net\/tr\/wp-json\/wp\/v2\/comments?post=15749"}],"wp:featuredmedia":[{"embeddable":true,"href":"https:\/\/www.hydraulic-cylinders.net\/tr\/wp-json\/wp\/v2\/media\/14787"}],"wp:attachment":[{"href":"https:\/\/www.hydraulic-cylinders.net\/tr\/wp-json\/wp\/v2\/media?parent=15749"}],"wp:term":[{"taxonomy":"product_brand","embeddable":true,"href":"https:\/\/www.hydraulic-cylinders.net\/tr\/wp-json\/wp\/v2\/product_brand?post=15749"},{"taxonomy":"product_cat","embeddable":true,"href":"https:\/\/www.hydraulic-cylinders.net\/tr\/wp-json\/wp\/v2\/product_cat?post=15749"},{"taxonomy":"product_tag","embeddable":true,"href":"https:\/\/www.hydraulic-cylinders.net\/tr\/wp-json\/wp\/v2\/product_tag?post=15749"}],"curies":[{"name":"wp","href":"https:\/\/api.w.org\/{rel}","templated":true}]}}