{"id":15766,"date":"2025-01-19T14:57:08","date_gmt":"2025-01-19T14:57:08","guid":{"rendered":"https:\/\/www.hydraulic-cylinders.net\/product\/bucket-cylinder-for-jchi-ns80-7\/"},"modified":"2025-01-19T14:57:10","modified_gmt":"2025-01-19T14:57:10","slug":"bucket-cylinder-for-jchi-ns80-7","status":"publish","type":"product","link":"https:\/\/www.hydraulic-cylinders.net\/tr\/urun\/bucket-cylinder-for-jchi-ns80-7\/","title":{"rendered":"JCHI NS80-7 i\u00e7in Kova Silindiri"},"content":{"rendered":"<h2>girii\u015f<\/h2>\n<h3>JCHI NS80-7 i\u00e7in Kova Silindiri<\/h3>\n<p>JCHI NS80-7 i\u00e7in kova silindiri, ekskavat\u00f6rler, beko loderler ve \u00f6n y\u00fckleyiciler gibi a\u011f\u0131r i\u015f makinelerindeki kovalar\u0131n hareketini kontrol etmek i\u00e7in kullan\u0131lan \u00f6zel bir hidrolik silindirdir. Ana i\u015flevi, kovan\u0131n yukar\u0131, a\u015fa\u011f\u0131 ve yana hareket etmesini sa\u011flayarak \u00e7ok \u00e7e\u015fitli malzemelerin i\u015flenmesini kolayla\u015ft\u0131rmakt\u0131r. Hidrolik bir sistemde, kova silindiri, hidrolik bas\u0131n\u00e7taki de\u011fi\u015fikliklerle kovan\u0131n hassas kontrol\u00fcn\u00fc sa\u011flayarak operat\u00f6rlerin a\u011f\u0131r y\u00fckleri verimli bir \u015fekilde ta\u015f\u0131mas\u0131na ve karma\u015f\u0131k \u00e7al\u0131\u015fma ortamlar\u0131na ve \u00e7e\u015fitli i\u015f gereksinimlerine uyum sa\u011flamas\u0131na olanak tan\u0131r.<\/p>\n<p><img decoding=\"async\" src=\"https:\/\/www.hydraulic-cylinders.net\/wp-content\/uploads\/2025\/01\/songte-company-2.webp\"\/><\/p>\n<h2>\u00d6zellikler<\/h2>\n<ul>\n<li><strong>Y\u00fcksek Dayan\u0131kl\u0131l\u0131k ve Dayan\u0131kl\u0131l\u0131k:<\/strong> Genellikle y\u00fcksek mukavemetli \u00e7elik veya al\u00fcminyumdan \u00fcretilen kova silindiri, y\u00fcksek bas\u0131nca ve a\u011f\u0131r y\u00fcklere dayanabilir, zorlu \u00e7al\u0131\u015fma ortamlar\u0131na uyum sa\u011flayabilir ve kullan\u0131m \u00f6mr\u00fcn\u00fc uzatmak i\u00e7in a\u015f\u0131nma ve korozyon direnci d\u00fc\u015f\u00fcn\u00fclerek tasarlanm\u0131\u015ft\u0131r.<\/li>\n<li><strong>Verimli Hidrolik \u00c7al\u0131\u015fma:<\/strong> Hidrolik ya\u011f bas\u0131nc\u0131n\u0131 kullanarak d\u00fczg\u00fcn uzama ve b\u00fcz\u00fclme sa\u011flayan kova silindiri, kontrol komutlar\u0131na h\u0131zl\u0131 bir \u015fekilde yan\u0131t verebilir, g\u00fc\u00e7l\u00fc itme ve \u00e7ekme kuvveti sa\u011flayabilir ve a\u011f\u0131r y\u00fckleri ve karma\u015f\u0131k i\u015f g\u00f6revlerini idare etmek i\u00e7in uygundur.<\/li>\n<li><strong>\u00c7e\u015fitli Tipler:<\/strong> Kova silindiri ihtiyaca g\u00f6re tek etkili (sadece bir y\u00f6nde hidrolik bas\u0131n\u00e7 kullanan) veya \u00e7ift etkili (iki y\u00f6nde hidrolik bas\u0131n\u00e7 kullanan) olarak se\u00e7ilebiliyor, baz\u0131 modeller teleskopik olup, d\u0131\u015f boyutlar\u0131 artt\u0131rmadan daha fazla uzatmaya olanak sa\u011flayarak, s\u0131n\u0131rl\u0131 alana sahip uygulamalar i\u00e7in uygun hale geliyor.<\/li>\n<li><strong>\u00d6zel \u00dcretim \u0130\u00e7in Mevcuttur:<\/strong> \u00dcr\u00fcnlerimiz bu hidrolik silindirlerin yerini m\u00fckemmel \u015fekilde alabilir.<\/li>\n<\/ul>\n<p><img decoding=\"async\" src=\"https:\/\/www.hydraulic-cylinders.net\/wp-content\/uploads\/2025\/01\/songte-cylinder-head-with-all-kinds-excavator-models.webp\"\/><\/p>\n<h2>Uygulamalar<\/h2>\n<p>JCHI NS80-7 i\u00e7in kova silindiri, a\u015fa\u011f\u0131dakiler de dahil olmak \u00fczere \u00e7e\u015fitli end\u00fcstriyel alanlarda yayg\u0131n olarak kullan\u0131labilir:<\/p>\n<ul>\n<li><strong>\u0130n\u015faat Ekipmanlar\u0131:<\/strong> Ekskavat\u00f6rlerde kazma, y\u00fckleme ve toprak veya moloz ta\u015f\u0131ma i\u015flerinde vazge\u00e7ilmezdirler. Beko ekskavat\u00f6rlerde ise kova silindiri hem kaz\u0131 hem de kald\u0131rma i\u015flerinde yard\u0131mc\u0131 olur. <\/li>\n<li><strong>Tar\u0131m Makinalar\u0131:<\/strong> \u00d6n y\u00fckleyicilerde toprak, saman ve di\u011fer malzemeleri kep\u00e7elemek, kald\u0131rmak ve ta\u015f\u0131mak i\u00e7in kullan\u0131l\u0131r. <\/li>\n<li><strong>Ekskavat\u00f6rler:<\/strong> Kova silindiri, kovan\u0131n topra\u011fa n\u00fcfuz etmesini sa\u011flayarak kazma eylemini ger\u00e7ekle\u015ftirir.<\/li>\n<li><strong>Y\u00fckleyiciler:<\/strong> \u00d6n y\u00fckleyicilerde y\u00fcklerin etkili bir \u015fekilde kald\u0131r\u0131lmas\u0131na ve e\u011filmesine yard\u0131mc\u0131 olurlar.<\/li>\n<\/ul>\n<p>Her bir uygulama a\u015fa\u011f\u0131da detayl\u0131 olarak a\u00e7\u0131klanm\u0131\u015ft\u0131r.<\/p>\n<h3>\u0130n\u015faat Ekipmanlar\u0131<\/h3>\n<p>Ekskavat\u00f6rlerde kep\u00e7e silindiri, kazma, y\u00fckleme ve toprak veya moloz ta\u015f\u0131mada kullan\u0131l\u0131r. Ayr\u0131ca, itme ve \u00e7ekme i\u015flerinde de yard\u0131mc\u0131 olabilir. Beko ekskavat\u00f6rlerde kep\u00e7e silindiri, kaz\u0131 ve kald\u0131rma i\u015flemlerini m\u00fcmk\u00fcn k\u0131lmak i\u00e7in kep\u00e7eyi kald\u0131r\u0131p e\u011fmekten sorumludur. A\u011f\u0131r y\u00fckleri itme ve \u00e7ekme kabiliyeti, onu bu makinelerde vazge\u00e7ilmez bir ara\u00e7 haline getirir.<\/p>\n<h3>Tar\u0131m Makinalar\u0131<\/h3>\n<p>Kova silindiri, \u00f6n y\u00fckleyicilerde toprak, saman ve di\u011fer malzemeleri kep\u00e7elemek, kald\u0131rmak ve ta\u015f\u0131mak i\u00e7in yayg\u0131n olarak kullan\u0131l\u0131r. Kova silindiri, tar\u0131m makinelerinde nakliye ara\u00e7lar\u0131na malzeme y\u00fcklemek ve bo\u015faltmak i\u00e7in olmazsa olmazd\u0131r. G\u00fc\u00e7l\u00fc kald\u0131rma ve e\u011fme kabiliyetleri, onu bu makineler i\u00e7in de\u011ferli bir varl\u0131k haline getirir.<\/p>\n<h3>Ekskavat\u00f6rler<\/h3>\n<p>Kova silindiri, ekskavat\u00f6rlerde kovan\u0131n topra\u011fa n\u00fcfuz etmesini sa\u011flayarak kazma i\u015flemini ger\u00e7ekle\u015ftirmek i\u00e7in kullan\u0131l\u0131r. Ayr\u0131ca, kaz\u0131lan malzemelerin kald\u0131r\u0131lmas\u0131na ve istenen yere ta\u015f\u0131nmas\u0131na da yard\u0131mc\u0131 olur.<\/p>\n<h3>Y\u00fckleyiciler<\/h3>\n<p>\u00d6n y\u00fckleyicilerde kova silindiri, y\u00fcklerin etkili bir \u015fekilde kald\u0131r\u0131lmas\u0131na ve e\u011filmesine yard\u0131mc\u0131 olur ve malzemelerin nakliye ara\u00e7lar\u0131na y\u00fcklenmesini ve bo\u015falt\u0131lmas\u0131n\u0131 kolayla\u015ft\u0131r\u0131r.<\/p>\n<p><img decoding=\"async\" src=\"https:\/\/www.hydraulic-cylinders.net\/wp-content\/uploads\/2025\/01\/songte-chushion-collar.webp\"\/><\/p>\n<h2>Tasar\u0131m Hususlar\u0131 ve Se\u00e7im Kriterleri<\/h2>\n<p>Kova silindirinin tasar\u0131m\u0131, ta\u015f\u0131ma kapasitesi, s\u0131zd\u0131rmazl\u0131k, dayan\u0131kl\u0131l\u0131k, g\u00fcvenlik ve bak\u0131m kolayl\u0131\u011f\u0131 gibi \u00e7e\u015fitli hususlar\u0131 i\u00e7erir.<\/p>\n<ul>\n<li><strong>Ta\u015f\u0131ma Kapasitesi:<\/strong> Kova silindiri, y\u00fcksek y\u00fck ve bas\u0131nca dayan\u0131kl\u0131 olacak \u015fekilde tasarlanmal\u0131d\u0131r. Silindir i\u00e7in kullan\u0131lan malzeme, y\u00fcksek mukavemetli ve zorlu \u00e7al\u0131\u015fma ko\u015fullar\u0131na dayanacak kadar dayan\u0131kl\u0131 olmal\u0131d\u0131r.<\/li>\n<li><strong>S\u0131zd\u0131rmazl\u0131k:<\/strong> Hidrolik s\u0131v\u0131 s\u0131z\u0131nt\u0131s\u0131n\u0131 \u00f6nlemek i\u00e7in silindirin s\u0131k\u0131ca kapat\u0131lmas\u0131 gerekir. Piston contalar\u0131 ve piston kolu contalar\u0131 gibi y\u00fcksek kaliteli s\u0131zd\u0131rmazl\u0131k malzemelerinin kullan\u0131m\u0131, s\u0131zd\u0131rmaz bir \u00e7al\u0131\u015fma sa\u011flamak i\u00e7in \u00e7ok \u00f6nemlidir.<\/li>\n<li><strong>Dayan\u0131kl\u0131l\u0131k:<\/strong> Kova silindiri, a\u015f\u0131nma ve korozyona dayan\u0131kl\u0131 olacak \u015fekilde tasarlanmal\u0131d\u0131r. Korozyona dayan\u0131kl\u0131 malzemelerin kullan\u0131m\u0131 ve uygun y\u00fczey i\u015flemi, \u00fcr\u00fcn\u00fcn kullan\u0131m \u00f6mr\u00fcn\u00fc uzatacakt\u0131r.<\/li>\n<li><strong>Emniyet:<\/strong> Kova silindiri, kazalar\u0131 \u00f6nlemek i\u00e7in g\u00fcvenlik standartlar\u0131na uygun olmal\u0131d\u0131r. Bas\u0131n\u00e7 tahliye valfleri ve a\u015f\u0131r\u0131 y\u00fck korumas\u0131 gibi g\u00fcvenlik \u00f6zellikleriyle donat\u0131lm\u0131\u015f olmal\u0131d\u0131r.<\/li>\n<li><strong>Bak\u0131m kolayl\u0131\u011f\u0131:<\/strong> Kova silindiri, kolay bak\u0131m i\u00e7in tasarlanmal\u0131d\u0131r. Standart bile\u015fenlerin kullan\u0131m\u0131, kolay s\u00f6kme ve de\u011fi\u015ftirme ve basit onar\u0131m prosed\u00fcrleri, ar\u0131za s\u00fcresini azaltacak ve silindirin \u00f6mr\u00fcn\u00fc uzatacakt\u0131r.<\/li>\n<\/ul>\n<p><img decoding=\"async\" src=\"https:\/\/www.hydraulic-cylinders.net\/wp-content\/uploads\/2025\/01\/songte-oil-pipes-and-spare-parts.webp\"\/><\/p>\n<h2>S\u0131zd\u0131rmazl\u0131k ve Ya\u011flama<\/h2>\n<p>Kova silindiri, poli\u00fcretan ve nitril kau\u00e7uk gibi a\u015f\u0131nmaya dayan\u0131kl\u0131 malzemelerden yap\u0131lm\u0131\u015f piston contalar\u0131 ve piston kolu contalar\u0131 gibi \u00e7e\u015fitli s\u0131zd\u0131rmazl\u0131k bile\u015fenleri kullan\u0131r. Silindir g\u00f6vdesi ve vida ucu y\u00fczeyi, a\u015f\u0131nma direncini art\u0131rmak i\u00e7in hassas bir i\u015flemden ge\u00e7irilir. Silindirin sorunsuz \u00e7al\u0131\u015fmas\u0131n\u0131 sa\u011flamak i\u00e7in d\u00fczenli olarak ya\u011flanmas\u0131 gerekir.<\/p>\n<h2>Bak\u0131m ve Onar\u0131m<\/h2>\n<p>Kova silindirinin optimum performans\u0131n\u0131 korumak i\u00e7in d\u00fczenli muayene ve \u00f6nleyici bak\u0131m \u015fartt\u0131r. Ya\u011flama, conta de\u011fi\u015fimi ve kalibrasyon kontrolleri gibi i\u015flemler d\u00fczenli olarak yap\u0131lmal\u0131d\u0131r. Do\u011fru montaj, ya\u011flama ve ayarlama, kova silindirinin \u00f6mr\u00fcn\u00fc uzatmak i\u00e7in hayati \u00f6nem ta\u015f\u0131r. Silindiri sabitlemek i\u00e7in uygun montaj braketlerinin kullan\u0131lmas\u0131 \u015fiddetle tavsiye edilir. Kova silindirinin en iyi performans\u0131n\u0131 sa\u011flamak i\u00e7in par\u00e7a muayene, onar\u0131m ve de\u011fi\u015ftirme prosed\u00fcrlerini izlemenizi \u00f6neririz. Yedek par\u00e7a ve yeniden yap\u0131m hizmetlerimiz, kova silindirinin \u00f6mr\u00fcn\u00fc uzatman\u0131za yard\u0131mc\u0131 olabilir.<\/p>\n<p><img decoding=\"async\" src=\"https:\/\/www.hydraulic-cylinders.net\/wp-content\/uploads\/2025\/01\/songte-bushings-with-all-kinds-of-excavator-models.webp\"\/><\/p>\n<h2>G\u00fcvenlik ve \u00c7evresel Hususlar<\/h2>\n<p>Kova silindiri kullan\u0131l\u0131rken, kazalar\u0131 \u00f6nlemek i\u00e7in koruyucu ekipman kullan\u0131m\u0131 ve g\u00fcvenlik talimatlar\u0131na uyulmas\u0131 gibi g\u00fcvenlik \u00f6nlemlerine uyulmal\u0131d\u0131r. Hidrolik s\u0131v\u0131lar\u0131n ve di\u011fer tehlikeli at\u0131klar\u0131n uygun \u015fekilde bertaraf edilmesi, \u00e7evre g\u00fcvenli\u011finin sa\u011flanmas\u0131 a\u00e7\u0131s\u0131ndan b\u00fcy\u00fck \u00f6nem ta\u015f\u0131r.<\/p>\n<h2>Sorun Giderme ve Yayg\u0131n Sorunlar<\/h2>\n<p>Kova silindirinde s\u0131z\u0131nt\u0131, anormal ses veya yava\u015f \u00e7al\u0131\u015fma gibi sorunlar varsa, silindir derhal kontrol edilmelidir. Sorunun nedeni belirlenmeli ve d\u00fczeltici \u00f6nlemler al\u0131nmal\u0131d\u0131r. Uygun bak\u0131m ve muayene gibi \u00f6nleyici tedbirler, olas\u0131 sorunlar\u0131n azalt\u0131lmas\u0131na yard\u0131mc\u0131 olabilir.<\/p>\n<h2>\u015eirketimiz Hakk\u0131nda<\/h2>\n<p>Eksiksiz bir \u00fcr\u00fcn yelpazesine sahip yedek hidrolik silindir \u00fcreticisiyiz. Hem yurt i\u00e7i hem de yurt d\u0131\u015f\u0131 pazarlarda lider hidrolik silindir \u00fcreticilerinden ve toptan da\u011f\u0131t\u0131c\u0131lar\u0131ndan biriyiz. M\u00fckemmel kalite ilkelerine ba\u011fl\u0131 kal\u0131yor ve kaliteli \u00fcretim at\u00f6lyelerinin end\u00fcstriyel \u00fcretim y\u00f6netimi stratejisine g\u00fcveniyoruz. At\u00f6lyenin \u00fcretim platformunu s\u00fcrekli geli\u015ftiriyor, \u00fcr\u00fcn kalitesi \u00fcretim hatt\u0131n\u0131 iyile\u015ftiriyor ve g\u00fc\u00e7l\u00fc bir inovasyon yetene\u011fine sahibiz. M\u00fc\u015fterilerimizin \u00e7e\u015fitli ihtiya\u00e7lar\u0131n\u0131 y\u00fcksek verimlilik, y\u00fcksek hassasiyet ve y\u00fcksek kalite prensipleriyle kar\u015f\u0131lamay\u0131 hedefliyoruz.<\/p>\n<ul>\n<li><strong>Profesyonellik:<\/strong> Sekt\u00f6rde uzun y\u0131llara dayanan deneyime sahip, alan\u0131nda uzman profesyonellerden olu\u015fan bir ekibimiz var.<\/li>\n<li><strong>Uluslararas\u0131 Sertifikalar:<\/strong> \u00dcr\u00fcnlerimiz ISO9001 ve CE gibi uluslararas\u0131 standartlara g\u00f6re sertifikaland\u0131r\u0131lm\u0131\u015ft\u0131r.<\/li>\n<li><strong>\u00d6zelle\u015ftirme Hizmetleri:<\/strong> M\u00fc\u015fterilerimizin \u00f6zel ihtiya\u00e7lar\u0131n\u0131 kar\u015f\u0131lamak i\u00e7in \u00f6zelle\u015ftirme hizmetleri sunuyoruz.<\/li>\n<li><strong>\u00dcretim Ekipmanlar\u0131:<\/strong> \u00dcr\u00fcnlerimizin kalitesini garanti alt\u0131na almak i\u00e7in CNC makineleri, ta\u015flama makineleri ve test ekipmanlar\u0131 gibi ileri \u00fcretim ekipmanlar\u0131 kullan\u0131yoruz.<\/li>\n<li><strong>Sat\u0131\u015f Sonras\u0131 Hizmet:<\/strong> Teknik destek, tamir ve de\u011fi\u015fim hizmetleri gibi kapsaml\u0131 sat\u0131\u015f sonras\u0131 hizmetler sa\u011fl\u0131yoruz.<\/li>\n<\/ul>\n<p><img decoding=\"async\" src=\"https:\/\/hzpt.com\/wp-content\/uploads\/2024\/11\/songte-company-1.webp\"\/> <\/p>\n<p>Yazar: lyl<\/p>","protected":false},"excerpt":{"rendered":"<p>Introduction Bucket Cylinder for JCHI NS80-7 The bucket cylinder for JCHI NS80-7 is a specialized hydraulic cylinder primarily used to control the movement of buckets in heavy machinery such as excavators, backhoes, and front-end loaders. Its main function is to enable the bucket to move up, down, and tilt, making it easier to handle a [&hellip;]<\/p>","protected":false},"featured_media":14784,"comment_status":"open","ping_status":"closed","template":"","meta":{"_et_pb_use_builder":"","_et_pb_old_content":"","_et_gb_content_width":""},"product_brand":[],"product_cat":[1494],"product_tag":[1495,1496],"class_list":{"0":"post-15766","1":"product","2":"type-product","3":"status-publish","4":"has-post-thumbnail","6":"product_cat-bucket-cylinders","7":"product_tag-bucket-cylinders","8":"product_tag-hydraulic-cylinders","10":"first","11":"instock","12":"shipping-taxable","13":"product-type-simple"},"amp_enabled":true,"_links":{"self":[{"href":"https:\/\/www.hydraulic-cylinders.net\/tr\/wp-json\/wp\/v2\/product\/15766","targetHints":{"allow":["GET"]}}],"collection":[{"href":"https:\/\/www.hydraulic-cylinders.net\/tr\/wp-json\/wp\/v2\/product"}],"about":[{"href":"https:\/\/www.hydraulic-cylinders.net\/tr\/wp-json\/wp\/v2\/types\/product"}],"replies":[{"embeddable":true,"href":"https:\/\/www.hydraulic-cylinders.net\/tr\/wp-json\/wp\/v2\/comments?post=15766"}],"wp:featuredmedia":[{"embeddable":true,"href":"https:\/\/www.hydraulic-cylinders.net\/tr\/wp-json\/wp\/v2\/media\/14784"}],"wp:attachment":[{"href":"https:\/\/www.hydraulic-cylinders.net\/tr\/wp-json\/wp\/v2\/media?parent=15766"}],"wp:term":[{"taxonomy":"product_brand","embeddable":true,"href":"https:\/\/www.hydraulic-cylinders.net\/tr\/wp-json\/wp\/v2\/product_brand?post=15766"},{"taxonomy":"product_cat","embeddable":true,"href":"https:\/\/www.hydraulic-cylinders.net\/tr\/wp-json\/wp\/v2\/product_cat?post=15766"},{"taxonomy":"product_tag","embeddable":true,"href":"https:\/\/www.hydraulic-cylinders.net\/tr\/wp-json\/wp\/v2\/product_tag?post=15766"}],"curies":[{"name":"wp","href":"https:\/\/api.w.org\/{rel}","templated":true}]}}