{"id":15777,"date":"2025-01-19T14:58:01","date_gmt":"2025-01-19T14:58:01","guid":{"rendered":"https:\/\/www.hydraulic-cylinders.net\/product\/bucket-cylinder-for-tck-hd1023lc-8h\/"},"modified":"2025-01-19T14:58:03","modified_gmt":"2025-01-19T14:58:03","slug":"bucket-cylinder-for-tck-hd1023lc-8h","status":"publish","type":"product","link":"https:\/\/www.hydraulic-cylinders.net\/tr\/urun\/bucket-cylinder-for-tck-hd1023lc-8h\/","title":{"rendered":"TCK HD1023LC-8H i\u00e7in Kova Silindiri"},"content":{"rendered":"<h1>TCK HD1023LC-8H i\u00e7in Kova Silindiri<\/h1>\n<h2>girii\u015f<\/h2>\n<p>Kova silindiri, ekskavat\u00f6rler, kep\u00e7eli ekskavat\u00f6rler ve \u00f6n y\u00fckleyiciler gibi a\u011f\u0131r i\u015f makinelerinde kovalar\u0131n hareketini kontrol etmek i\u00e7in kullan\u0131lan \u00f6zel olarak tasarlanm\u0131\u015f bir hidrolik silindirdir. Ana i\u015flevi, \u00e7e\u015fitli malzeme ta\u015f\u0131ma g\u00f6revleri i\u00e7in kovan\u0131n kald\u0131r\u0131lmas\u0131n\u0131, indirilmesini ve e\u011filmesini sa\u011flamakt\u0131r. Hidrolik sistemde kova silindiri, hidrolik ya\u011f bas\u0131nc\u0131ndaki de\u011fi\u015fikliklerle kovan\u0131n hassas hareketini kontrol ederek operat\u00f6rlerin a\u011f\u0131r y\u00fckleri verimli bir \u015fekilde ta\u015f\u0131mas\u0131na ve karma\u015f\u0131k \u00e7al\u0131\u015fma ortamlar\u0131na ve \u00e7e\u015fitli i\u015f gereksinimlerine uyum sa\u011flamas\u0131na olanak tan\u0131r.<\/p>\n<p><img decoding=\"async\" src=\"https:\/\/www.hydraulic-cylinders.net\/wp-content\/uploads\/2025\/01\/songte-company-2.webp\" alt=\"Kova Silindiri G\u00f6r\u00fcnt\u00fcs\u00fc\"><\/p>\n<h2>\u00d6zellikler<\/h2>\n<ul>\n<li>Y\u00fcksek Mukavemet ve Dayan\u0131kl\u0131l\u0131k: Genellikle y\u00fcksek mukavemetli \u00e7elik veya al\u00fcminyumdan yap\u0131l\u0131r, y\u00fcksek bas\u0131n\u00e7 ve a\u011f\u0131r y\u00fcklere dayanabilir, zorlu \u00e7al\u0131\u015fma ortamlar\u0131na uygundur, a\u015f\u0131nma ve korozyon direnci dikkate al\u0131narak tasarlanm\u0131\u015ft\u0131r ve uzun hizmet \u00f6mr\u00fcne sahiptir.<\/li>\n<li>Verimli Hidrolik \u00c7al\u0131\u015fma: Hidrolik ya\u011f bas\u0131nc\u0131n\u0131 kullanan p\u00fcr\u00fczs\u00fcz teleskopik hareket, kontrol komutlar\u0131na h\u0131zl\u0131 bir \u015fekilde yan\u0131t verebilme, g\u00fc\u00e7l\u00fc itme ve \u00e7ekme kuvvetleri sa\u011flama, a\u011f\u0131r y\u00fckleri ve karma\u015f\u0131k i\u015f g\u00f6revlerini ta\u015f\u0131maya uygundur.<\/li>\n<li>\u00c7e\u015fitli Tipler: Silindir tipleri, farkl\u0131 operasyonel gereksinimleri kar\u015f\u0131lamak i\u00e7in tek etkili (sadece bir y\u00f6nde hidrolik olarak kullan\u0131l\u0131r) veya \u00e7ift etkili (her iki y\u00f6nde hidrolik olarak kullan\u0131l\u0131r) olarak s\u0131n\u0131fland\u0131r\u0131l\u0131r; baz\u0131 modeller teleskopiktir, bu sayede d\u0131\u015f boyutlar\u0131 art\u0131rmadan daha fazla uzatmaya olanak tan\u0131r ve s\u0131n\u0131rl\u0131 alana sahip uygulamalar i\u00e7in uygundur.<\/li>\n<li>M\u00fckemmel De\u011fi\u015ftirme Se\u00e7ene\u011fi: \u00dcr\u00fcn\u00fcm\u00fcz benzer hidrolik silindirlerin de\u011fi\u015ftirilmesinde kolayl\u0131kla kullan\u0131labilir.<\/li>\n<\/ul>\n<p><img decoding=\"async\" src=\"https:\/\/www.hydraulic-cylinders.net\/wp-content\/uploads\/2025\/01\/songte-cylinder-head-with-all-kinds-excavator-models.webp\" alt=\"Kova Silindiri G\u00f6r\u00fcnt\u00fcs\u00fc\"><\/p>\n<h2>Ba\u015fvuru<\/h2>\n<p>Kova silindirinin a\u011f\u0131r makinalarda geni\u015f uygulama alan\u0131 vard\u0131r:<\/p>\n<ul>\n<li>\u0130n\u015faat Ekipmanlar\u0131: Ekskavat\u00f6rlerde, toprak veya moloz kazma, y\u00fckleme ve ta\u015f\u0131ma i\u00e7in olmazsa olmazd\u0131rlar. Beko ekskavat\u00f6rlerde, kep\u00e7e silindirleri kazma ve kald\u0131rma i\u015flemlerine yard\u0131mc\u0131 olur. \u00d6n y\u00fckleyicilerde ise, y\u00fck\u00fcn etkili bir \u015fekilde kald\u0131r\u0131lmas\u0131na ve e\u011filmesine yard\u0131mc\u0131 olurlar.<\/li>\n<li>Tar\u0131m Makineleri: \u00d6n y\u00fckleyicilerde toprak, saman ve di\u011fer malzemeleri toplamak, kald\u0131rmak ve ta\u015f\u0131mak i\u00e7in kullan\u0131l\u0131r. Ekskavat\u00f6rlerde, kep\u00e7e silindirleri, kep\u00e7enin kaz\u0131 i\u00e7in topra\u011f\u0131 delmesini sa\u011flayarak \u00e7al\u0131\u015f\u0131r.<\/li>\n<\/ul>\n<h2>Tasar\u0131m Hususlar\u0131 ve Se\u00e7im Standartlar\u0131<\/h2>\n<p>Kova silindirleri tasarlan\u0131rken dikkate al\u0131nmas\u0131 gereken birka\u00e7 \u00f6nemli fakt\u00f6r vard\u0131r:<\/p>\n<ul>\n<li>Ta\u015f\u0131ma Kapasitesi: Silindir, ta\u015f\u0131d\u0131\u011f\u0131 ekipman ve malzemelerin y\u00fck\u00fcn\u00fc ta\u015f\u0131yabilmelidir.<\/li>\n<li>S\u0131zd\u0131rmazl\u0131k: Hidrolik s\u0131v\u0131 s\u0131z\u0131nt\u0131lar\u0131n\u0131 ve kirlenmesini \u00f6nlemek i\u00e7in piston contalar\u0131 ve biyel contalar\u0131 gibi farkl\u0131 tipte contalar kullan\u0131l\u0131r.<\/li>\n<li>Dayan\u0131kl\u0131l\u0131k: Silindirler zorlu ortamlara ve y\u00fcksek bas\u0131n\u00e7lara dayanacak \u015fekilde tasarlanm\u0131\u015ft\u0131r ve malzemeler a\u015f\u0131nma ve korozyon direncine g\u00f6re se\u00e7ilmi\u015ftir.<\/li>\n<li>G\u00fcvenlik: Silindirin a\u015f\u0131r\u0131 y\u00fcklenmesini ve hasar g\u00f6rmesini \u00f6nlemek i\u00e7in emniyet valfleri gibi g\u00fcvenlik \u00f6zellikleri eklenmi\u015ftir.<\/li>\n<li>Bak\u0131m: Bak\u0131m eri\u015filebilirli\u011fi ve kolayl\u0131\u011f\u0131, duru\u015f s\u00fcrelerini azaltmak ve hizmet \u00f6mr\u00fcn\u00fc art\u0131rmak i\u00e7in dikkate al\u0131n\u0131r.<\/li>\n<\/ul>\n<p><img decoding=\"async\" src=\"https:\/\/www.hydraulic-cylinders.net\/wp-content\/uploads\/2025\/01\/songte-oil-pipes-and-spare-parts.webp\" alt=\"Kova Silindiri G\u00f6r\u00fcnt\u00fcs\u00fc\"><\/p>\n<h2>S\u0131zd\u0131rmazl\u0131k ve Ya\u011flama<\/h2>\n<p>Kova silindirlerinde, s\u0131z\u0131nt\u0131 ve kirlenmeyi \u00f6nlemek i\u00e7in poli\u00fcretan veya nitril kau\u00e7uk gibi a\u015f\u0131nmaya dayan\u0131kl\u0131 malzemelerden yap\u0131lm\u0131\u015f piston contalar\u0131 ve piston kolu contalar\u0131 gibi \u00e7e\u015fitli contalar kullan\u0131l\u0131r. Silindir g\u00f6vdesi ve di\u015fli u\u00e7 y\u00fczeyleri, a\u015f\u0131nma direncini art\u0131rmak i\u00e7in hassas bir \u015fekilde i\u015flenmi\u015ftir. Silindirin ya\u011flanmas\u0131 ve sorunsuz \u00e7al\u0131\u015fmas\u0131n\u0131 sa\u011flamak i\u00e7in uygun hidrolik ya\u011f\u0131n d\u00fczenli olarak eklenmesi gerekir.<\/p>\n<p><img decoding=\"async\" src=\"https:\/\/www.hydraulic-cylinders.net\/wp-content\/uploads\/2025\/01\/songte-chushion-collar.webp\" alt=\"Kova Silindiri G\u00f6r\u00fcnt\u00fcs\u00fc\"><\/p>\n<h2>\u00d6nleyici Bak\u0131m<\/h2>\n<p>Kova silindirlerinin g\u00fcvenli ve verimli \u00e7al\u0131\u015fmas\u0131n\u0131 sa\u011flamak i\u00e7in d\u00fczenli muayene ve bak\u0131m \u015fartt\u0131r. Yayg\u0131n bak\u0131m g\u00f6revleri \u015funlard\u0131r:<\/p>\n<ul>\n<li>Silindirin s\u0131z\u0131nt\u0131, hasar ve a\u015f\u0131nma a\u00e7\u0131s\u0131ndan d\u00fczenli olarak kontrol edilmesi.<\/li>\n<li>Silindirin d\u00fczg\u00fcn \u00e7al\u0131\u015fmas\u0131n\u0131 sa\u011flamak i\u00e7in d\u00fczenli olarak ya\u011flanmas\u0131.<\/li>\n<li>Gerekti\u011finde contalar\u0131n de\u011fi\u015ftirilmesi ve silindirin yeniden kalibre edilmesi.<\/li>\n<\/ul>\n<h2>G\u00fcvenlik Hususlar\u0131 ve \u00c7evresel Fakt\u00f6rler<\/h2>\n<p>Kova silindiri kullan\u0131rken, kazalar\u0131 \u00f6nlemek i\u00e7in g\u00fcvenlik \u00f6nlemleri \u015fartt\u0131r. T\u00fcm g\u00fcvenlik kurallar\u0131na uymak ve eldiven, g\u00f6zl\u00fck ve baret gibi uygun ki\u015fisel koruyucu ekipman kullanmak \u00f6nemlidir. A\u011f\u0131r i\u015f makinelerini kullan\u0131rken hava ve arazi gibi \u00e7evresel fakt\u00f6rler de dikkate al\u0131nmal\u0131d\u0131r.<\/p>\n<p><img decoding=\"async\" src=\"https:\/\/www.hydraulic-cylinders.net\/wp-content\/uploads\/2025\/01\/songte-bushings-with-all-kinds-of-excavator-models.webp\" alt=\"Kova Silindiri G\u00f6r\u00fcnt\u00fcs\u00fc\"><\/p>\n<h2>Yayg\u0131n Sorunlar ve Sorun Giderme<\/h2>\n<p>Kova silindirlerinde s\u0131k kar\u015f\u0131la\u015f\u0131lan sorunlar aras\u0131nda s\u0131z\u0131nt\u0131lar, hasarlar ve a\u015f\u0131nmalar yer al\u0131r. Bu sorunlar\u0131 gidermek i\u00e7in:<\/p>\n<ul>\n<li>Silindirde s\u0131z\u0131nt\u0131 ve hasar olup olmad\u0131\u011f\u0131n\u0131 kontrol edin.<\/li>\n<li>A\u015f\u0131nm\u0131\u015f veya hasarl\u0131 par\u00e7alar\u0131 (\u00f6rne\u011fin contalar veya rulmanlar) de\u011fi\u015ftirin.<\/li>\n<li>Gerekti\u011finde silindiri yeniden kalibre edin.<\/li>\n<\/ul>\n<h2>\u015eirketimiz Hakk\u0131nda<\/h2>\n<p>Hidrolik silindir \u00fcreticisiyiz ve \u00fcr\u00fcnlerimiz yurt i\u00e7i ve yurt d\u0131\u015f\u0131 pazarlarda lider hidrolik silindir \u00fcreticileri ve toptan da\u011f\u0131t\u0131c\u0131lar\u0131 aras\u0131nda yer almaktad\u0131r. \u015eirketimiz, m\u00fckemmel kalite ilkelerine ba\u011fl\u0131 kalmakta, geli\u015fmi\u015f \u00fcretim at\u00f6lyelerinin end\u00fcstriyel \u00fcretim y\u00f6netimi stratejilerine g\u00fcvenmekte ve teknik personel, dijital ileri teknoloji \u00fcretim ekipmanlar\u0131 ve profesyonel test sistemleri kullanarak at\u00f6lyelerimizin \u00fcretim platformunu s\u00fcrekli olarak geli\u015ftirmektedir. G\u00fc\u00e7l\u00fc yarat\u0131c\u0131 yeteneklerimizle, m\u00fc\u015fterilerimizin \u00e7e\u015fitli ihtiya\u00e7lar\u0131n\u0131 kar\u015f\u0131lamak i\u00e7in y\u00fcksek verimlilik, y\u00fcksek hassasiyet ve y\u00fcksek kaliteli \u00fcr\u00fcnler sunuyoruz.<\/p>\n<p><img decoding=\"async\" src=\"https:\/\/hzpt.com\/wp-content\/uploads\/2024\/11\/songte-company-1.webp\" alt=\"Kova Silindiri G\u00f6r\u00fcnt\u00fcs\u00fc\"><\/p>\n<h2>\u015eirketimizin Avantajlar\u0131<\/h2>\n<ul>\n<li>Profesyonellik: Hidrolik silindir sekt\u00f6r\u00fcnde geni\u015f bir deneyime sahibiz ve bu alanda zengin bir bilgi ve uzmanl\u0131k birikimine sahibiz.<\/li>\n<li>Uluslararas\u0131 Sertifikasyon: \u00dcr\u00fcnlerimiz uluslararas\u0131 sertifikasyona sahip olup en y\u00fcksek kalitededir.<\/li>\n<li>\u00d6zelle\u015ftirme Hizmetleri: M\u00fc\u015fterilerimizin \u00f6zel ihtiya\u00e7lar\u0131n\u0131 kar\u015f\u0131lamak i\u00e7in \u00f6zelle\u015ftirilmi\u015f silindir tasar\u0131m hizmetleri sunuyoruz.<\/li>\n<li>\u00dcretim Ekipmanlar\u0131: \u00dcretim ekipmanlar\u0131m\u0131z son teknoloji olup, y\u00fcksek kaliteli silindirleri verimli bir \u015fekilde \u00fcretmemizi sa\u011flar.<\/li>\n<li>Sat\u0131\u015f Sonras\u0131 Hizmet: Silindirlerimizin \u00f6mr\u00fcn\u00fc uzatmaya yard\u0131mc\u0131 olmak i\u00e7in par\u00e7a de\u011fi\u015fimi ve yeniden yap\u0131m hizmetleri de dahil olmak \u00fczere m\u00fckemmel sat\u0131\u015f sonras\u0131 hizmet sa\u011fl\u0131yoruz.<\/li>\n<\/ul>\n<p>Yazar: lyl<\/p>","protected":false},"excerpt":{"rendered":"<p>Bucket Cylinder for TCK HD1023LC-8H Introduction Bucket cylinder is a specially designed hydraulic cylinder used primarily for controlling the movement of buckets in heavy machinery such as excavators, backhoe excavators, and front loaders. Its main function is to allow the bucket to be lifted, lowered, and tilted for various material handling tasks. In the hydraulic [&hellip;]<\/p>","protected":false},"featured_media":14789,"comment_status":"open","ping_status":"closed","template":"","meta":{"_et_pb_use_builder":"","_et_pb_old_content":"","_et_gb_content_width":""},"product_brand":[],"product_cat":[1494],"product_tag":[1495,1496],"class_list":{"0":"post-15777","1":"product","2":"type-product","3":"status-publish","4":"has-post-thumbnail","6":"product_cat-bucket-cylinders","7":"product_tag-bucket-cylinders","8":"product_tag-hydraulic-cylinders","10":"first","11":"instock","12":"shipping-taxable","13":"product-type-simple"},"amp_enabled":true,"_links":{"self":[{"href":"https:\/\/www.hydraulic-cylinders.net\/tr\/wp-json\/wp\/v2\/product\/15777","targetHints":{"allow":["GET"]}}],"collection":[{"href":"https:\/\/www.hydraulic-cylinders.net\/tr\/wp-json\/wp\/v2\/product"}],"about":[{"href":"https:\/\/www.hydraulic-cylinders.net\/tr\/wp-json\/wp\/v2\/types\/product"}],"replies":[{"embeddable":true,"href":"https:\/\/www.hydraulic-cylinders.net\/tr\/wp-json\/wp\/v2\/comments?post=15777"}],"wp:featuredmedia":[{"embeddable":true,"href":"https:\/\/www.hydraulic-cylinders.net\/tr\/wp-json\/wp\/v2\/media\/14789"}],"wp:attachment":[{"href":"https:\/\/www.hydraulic-cylinders.net\/tr\/wp-json\/wp\/v2\/media?parent=15777"}],"wp:term":[{"taxonomy":"product_brand","embeddable":true,"href":"https:\/\/www.hydraulic-cylinders.net\/tr\/wp-json\/wp\/v2\/product_brand?post=15777"},{"taxonomy":"product_cat","embeddable":true,"href":"https:\/\/www.hydraulic-cylinders.net\/tr\/wp-json\/wp\/v2\/product_cat?post=15777"},{"taxonomy":"product_tag","embeddable":true,"href":"https:\/\/www.hydraulic-cylinders.net\/tr\/wp-json\/wp\/v2\/product_tag?post=15777"}],"curies":[{"name":"wp","href":"https:\/\/api.w.org\/{rel}","templated":true}]}}