{"id":15794,"date":"2025-01-19T14:59:43","date_gmt":"2025-01-19T14:59:43","guid":{"rendered":"https:\/\/www.hydraulic-cylinders.net\/product\/bucket-cylinder-for-carter-ct65-8b\/"},"modified":"2025-01-19T14:59:49","modified_gmt":"2025-01-19T14:59:49","slug":"bucket-cylinder-for-carter-ct65-8b","status":"publish","type":"product","link":"https:\/\/www.hydraulic-cylinders.net\/tr\/urun\/bucket-cylinder-for-carter-ct65-8b\/","title":{"rendered":"Carter CT65-8B i\u00e7in Kova Silindiri"},"content":{"rendered":"<p><!DOCTYPE html><br \/>\n<html><\/p>\n<p><head><br \/>\n    <title>Carter CT65-8B i\u00e7in Kova Silindiri<\/title><br \/>\n<\/head><\/p>\n<p><body><\/p>\n<h1>Carter CT65-8B i\u00e7in Kova Silindiri<\/h1>\n<h2>girii\u015f<\/h2>\n<p>Carter CT65-8B kep\u00e7e silindiri, ekskavat\u00f6rler, kaz\u0131c\u0131 y\u00fckleyiciler ve \u00f6n y\u00fckleyiciler gibi a\u011f\u0131r makinelerde kep\u00e7enin hareketini kontrol etmek i\u00e7in \u00f6zel olarak tasarlanm\u0131\u015f bir hidrolik silindirdir. Ana i\u015flevi, kep\u00e7enin kald\u0131r\u0131lmas\u0131n\u0131, indirilmesini ve e\u011filmesini sa\u011flayarak \u00e7e\u015fitli malzeme ta\u015f\u0131ma g\u00f6revlerini kolayla\u015ft\u0131rmakt\u0131r. Hidrolik bir sistemde, kep\u00e7e silindiri hidrolik ya\u011f\u0131n bas\u0131n\u00e7 de\u011fi\u015fimlerini kullanarak kep\u00e7enin hassas kontrol\u00fcn\u00fc sa\u011flar ve operat\u00f6rlerin a\u011f\u0131r y\u00fckleri verimli bir \u015fekilde ta\u015f\u0131mas\u0131na, karma\u015f\u0131k \u00e7al\u0131\u015fma ortamlar\u0131na ve \u00e7e\u015fitli i\u015f gereksinimlerine uyum sa\u011flamas\u0131na olanak tan\u0131r.<\/p>\n<p>    <img decoding=\"async\" src=\"https:\/\/www.hydraulic-cylinders.net\/wp-content\/uploads\/2025\/01\/songte-company-2.webp\" alt=\"Kova Silindiri G\u00f6r\u00fcnt\u00fcs\u00fc\"><\/p>\n<h2>\u00d6zellikler<\/h2>\n<ul>\n<li>Y\u00fcksek Mukavemet ve Dayan\u0131kl\u0131l\u0131k: Genellikle y\u00fcksek mukavemetli \u00e7elik veya al\u00fcminyumdan \u00fcretilir, y\u00fcksek bas\u0131nca ve a\u011f\u0131r y\u00fcklere dayanabilir, zorlu \u00e7al\u0131\u015fma ortamlar\u0131na uyum sa\u011flar. Kullan\u0131m \u00f6mr\u00fcn\u00fc uzatmak i\u00e7in a\u015f\u0131nma direnci ve korozyon direnci dikkate al\u0131narak tasarlanm\u0131\u015ft\u0131r.<\/li>\n<li>Verimli Hidrolik \u00c7al\u0131\u015fma: Hidrolik ya\u011f\u0131n bas\u0131nc\u0131n\u0131 kullanarak d\u00fczg\u00fcn uzatma ve geri \u00e7ekme hareketleri sa\u011flar, kontrol komutlar\u0131na h\u0131zl\u0131 yan\u0131t vermeyi m\u00fcmk\u00fcn k\u0131lar ve a\u011f\u0131r y\u00fcklerin ve karma\u015f\u0131k i\u015f g\u00f6revlerinin \u00fcstesinden gelmek i\u00e7in uygun g\u00fc\u00e7l\u00fc itme ve \u00e7ekme kuvvetleri sunar.<\/li>\n<li>\u00c7e\u015fitli Tipler: Tek etkili (hidroli\u011fin yaln\u0131zca tek y\u00f6nde kullan\u0131ld\u0131\u011f\u0131) veya \u00e7ift etkili (hidroli\u011fin her iki y\u00f6nde kullan\u0131ld\u0131\u011f\u0131) silindirler halinde mevcuttur ve farkl\u0131 \u00e7al\u0131\u015fma gereksinimlerine olanak tan\u0131r. Baz\u0131 modeller teleskopiktir, bu da d\u0131\u015f boyutlar\u0131 art\u0131rmadan daha fazla uzatmaya olanak tan\u0131yarak s\u0131n\u0131rl\u0131 alana sahip uygulamalar i\u00e7in uygun hale getirir.<\/li>\n<li>M\u00fckemmel Yedek Par\u00e7a: \u00dcr\u00fcnlerimiz mevcut hidrolik silindirlerin yerini m\u00fckemmel \u015fekilde alabilir. <\/li>\n<\/ul>\n<p>    <img decoding=\"async\" src=\"https:\/\/www.hydraulic-cylinders.net\/wp-content\/uploads\/2025\/01\/songte-cylinder-head-with-all-kinds-excavator-models.webp\" alt=\"\u00dcr\u00fcn De\u011fi\u015ftirme G\u00f6rseli\"><\/p>\n<h2>Uygulamalar<\/h2>\n<ul>\n<li>\u0130n\u015faat Ekipmanlar\u0131: Ekskavat\u00f6rlerde bulunan bu par\u00e7alar, topra\u011f\u0131 veya molozu kazmak, y\u00fcklemek ve ta\u015f\u0131mak i\u00e7in vazge\u00e7ilmezdir. Kaz\u0131c\u0131 y\u00fckleyicilerde ise kova silindiri hem kazmaya hem de kald\u0131rmaya yard\u0131mc\u0131 olur.<\/li>\n<li>Tar\u0131m Makinalar\u0131: \u00d6n y\u00fckleyicilerde toprak, saman ve di\u011fer malzemeleri kep\u00e7elemek, kald\u0131rmak ve ta\u015f\u0131mak i\u00e7in kullan\u0131l\u0131r.<\/li>\n<li>Ekskavat\u00f6rler: Kova silindiri, kovan\u0131n topra\u011fa n\u00fcfuz etmesini sa\u011flayarak kaz\u0131 i\u015flemlerini m\u00fcmk\u00fcn k\u0131lar.<\/li>\n<li>\u00d6nden Y\u00fcklemeli Ara\u00e7lar: \u00d6nden y\u00fcklemeli ara\u00e7larda, mallar\u0131n verimli bir \u015fekilde kald\u0131r\u0131lmas\u0131na ve devrilmesine yard\u0131mc\u0131 olurlar.<\/li>\n<\/ul>\n<h2>Tasar\u0131m Hususlar\u0131 ve Se\u00e7im Kriterleri<\/h2>\n<ul>\n<li>Ta\u015f\u0131ma Kapasitesi: Silindirin a\u011f\u0131r y\u00fckleri ve bas\u0131nc\u0131 ta\u015f\u0131ma yetene\u011fi.<\/li>\n<li>S\u0131zd\u0131rmazl\u0131k: S\u0131z\u0131nt\u0131y\u0131 \u00f6nlemek ve sorunsuz \u00e7al\u0131\u015fmay\u0131 sa\u011flamak i\u00e7in etkili s\u0131zd\u0131rmazl\u0131k.<\/li>\n<li>Dayan\u0131kl\u0131l\u0131k: A\u015f\u0131nmaya ve korozyona kar\u015f\u0131 dayan\u0131kl\u0131 olacak \u015fekilde tasarlanm\u0131\u015ft\u0131r, bu da silindirin kullan\u0131m \u00f6mr\u00fcn\u00fc uzat\u0131r.<\/li>\n<li>G\u00fcvenlik: \u00c7al\u0131\u015fma s\u0131ras\u0131nda kazalar\u0131 \u00f6nlemek i\u00e7in g\u00fcvenlik \u00f6nlemlerinin al\u0131nmas\u0131.<\/li>\n<li>Bak\u0131m kolayl\u0131\u011f\u0131: Uzun s\u00fcreli kullan\u0131m i\u00e7in kolay bak\u0131m ve onar\u0131m.<\/li>\n<\/ul>\n<p>    <img decoding=\"async\" src=\"https:\/\/www.hydraulic-cylinders.net\/wp-content\/uploads\/2025\/01\/songte-oil-pipes-and-spare-parts.webp\" alt=\"\u00dcr\u00fcn Tasar\u0131m\u0131 G\u00f6rseli\"><\/p>\n<h2>S\u0131zd\u0131rmazl\u0131k ve Ya\u011flama<\/h2>\n<p>Kova silindiri, poli\u00fcretan ve nitril kau\u00e7uk gibi a\u015f\u0131nmaya dayan\u0131kl\u0131 malzemelerden yap\u0131lm\u0131\u015f piston contalar\u0131 ve mil contalar\u0131 gibi \u00e7e\u015fitli s\u0131zd\u0131rmazl\u0131k bile\u015fenleri kullan\u0131r. Silindir g\u00f6vdesi ve di\u015fli u\u00e7 y\u00fczeyleri, a\u015f\u0131nma direncini art\u0131rmak i\u00e7in ince bir \u015fekilde i\u015flenmi\u015ftir. Sorunsuz \u00e7al\u0131\u015fma sa\u011flamak i\u00e7in uygun miktarda hidrolik ya\u011f ile d\u00fczenli ya\u011flama gereklidir.<\/p>\n<h2>D\u00fczenli Muayene ve \u00d6nleyici Bak\u0131m<\/h2>\n<ul>\n<li>Silindirin contalar\u0131, ba\u011flant\u0131lar\u0131 ve genel performans\u0131 da dahil olmak \u00fczere durumunun d\u00fczenli olarak kontrol edilmesi.<\/li>\n<li>Optimum \u00e7al\u0131\u015fma performans\u0131n\u0131 korumak ve erken a\u015f\u0131nmay\u0131 \u00f6nlemek i\u00e7in uygun ya\u011flama \u015fartt\u0131r.<\/li>\n<li>Verimli ve g\u00fcvenli \u00e7al\u0131\u015fma sa\u011flamak i\u00e7in conta de\u011fi\u015fimi ve kalibrasyon kontrolleri.<\/li>\n<\/ul>\n<h2>\u00dcr\u00fcn Kurulum Talimatlar\u0131<\/h2>\n<p>Kep\u00e7e silindirinin performans\u0131 i\u00e7in do\u011fru montaj \u00e7ok \u00f6nemlidir. L\u00fctfen \u015fu y\u00f6nergeleri izleyin:<\/p>\n<ul>\n<li>Montaj s\u0131ras\u0131nda silindirin do\u011fru hizaland\u0131\u011f\u0131ndan emin olun.<\/li>\n<li>Silindiri yerinde sabitlemek i\u00e7in uygun montaj braketlerini kullan\u0131n.<\/li>\n<li>Silindirin \u00f6mr\u00fcn\u00fc uzatmak i\u00e7in \u00f6nerilen muayene, onar\u0131m ve de\u011fi\u015ftirme prosed\u00fcrlerini izleyin.<\/li>\n<\/ul>\n<p>    <img decoding=\"async\" src=\"https:\/\/www.hydraulic-cylinders.net\/wp-content\/uploads\/2025\/01\/songte-chushion-collar.webp\" alt=\"Kurulum Talimatlar\u0131 G\u00f6rseli\"><\/p>\n<h2>G\u00fcvenlik Hususlar\u0131 ve \u00c7evresel Fakt\u00f6rler<\/h2>\n<p>Kova silindiri kullan\u0131l\u0131rken, kazalar\u0131 \u00f6nlemek ve g\u00fcvenli bir \u00e7al\u0131\u015fma ortam\u0131 sa\u011flamak i\u00e7in g\u00fcvenlik \u00f6nlemlerine uyulmas\u0131 \u00f6nemlidir.<\/p>\n<h2>Ar\u0131za Te\u015fhisi ve Yayg\u0131n Sorunlar<\/h2>\n<p>Kova silindiriyle ilgili baz\u0131 yayg\u0131n sorunlar \u015funlard\u0131r:<\/p>\n<ul>\n<li>S\u0131z\u0131nt\u0131: Hasarl\u0131 contalar\u0131 veya gev\u015fek ba\u011flant\u0131lar\u0131 kontrol edin ve gerekirse gerekli i\u015flemleri yap\u0131n.<\/li>\n<li>Yava\u015f \u00c7al\u0131\u015fma: Silindirin performans\u0131n\u0131 etkileyebilecek t\u0131kan\u0131kl\u0131k veya k\u0131s\u0131tlamalar olup olmad\u0131\u011f\u0131n\u0131 kontrol etmek i\u00e7in hidrolik sistemi inceleyin.<\/li>\n<li>Anormal Ses: Ola\u011fand\u0131\u015f\u0131 sesleri ara\u015ft\u0131r\u0131n ve do\u011fru sorun giderme i\u00e7in kayna\u011f\u0131n\u0131 belirleyin.<\/li>\n<\/ul>\n<h2>Sorun Giderme \u0130pu\u00e7lar\u0131 ve \u00c7\u00f6z\u00fcmleri<\/h2>\n<ul>\n<li>Okuyucular\u0131n sorunlar\u0131 etkili bir \u015fekilde te\u015fhis etmelerine ve \u00e7\u00f6zmelerine yard\u0131mc\u0131 olacak ipu\u00e7lar\u0131 ve \u00e7\u00f6z\u00fcmler sunun.<\/li>\n<li>Olas\u0131 sorunlar\u0131 en aza indirmek i\u00e7in \u00f6nleyici tedbirler \u00f6nerin.<\/li>\n<\/ul>\n<p>    <img decoding=\"async\" src=\"https:\/\/www.hydraulic-cylinders.net\/wp-content\/uploads\/2025\/01\/songte-bushings-with-all-kinds-of-excavator-models.webp\" alt=\"Sorun Giderme \u0130pu\u00e7lar\u0131 G\u00f6rseli\"><\/p>\n<h2>\u00c7\u00f6z\u00fcm<\/h2>\n<p>Sonu\u00e7 olarak, Carter CT65-8B i\u00e7in kova silindiri, \u00e7e\u015fitli a\u011f\u0131r makine uygulamalar\u0131nda kullan\u0131lan \u00f6nemli bir hidrolik bile\u015fendir. Y\u00fcksek mukavemeti, verimlili\u011fi ve \u00e7ok y\u00f6nl\u00fcl\u00fc\u011f\u00fc, malzeme ta\u015f\u0131ma g\u00f6revleri i\u00e7in g\u00fcvenilir bir se\u00e7im olmas\u0131n\u0131 sa\u011flar. D\u00fczenli bak\u0131m ve do\u011fru kurulum, performans\u0131n\u0131 ve \u00f6mr\u00fcn\u00fc en \u00fcst d\u00fczeye \u00e7\u0131karmak i\u00e7in \u00e7ok \u00f6nemlidir. Hidrolik silindirlerin \u00f6nde gelen \u00fcreticisi ve toptan da\u011f\u0131t\u0131c\u0131s\u0131 olarak \u015firketimiz, uzmanl\u0131\u011f\u0131m\u0131z, uluslararas\u0131 sertifikalar\u0131m\u0131z, \u00f6zelle\u015ftirmelerimiz, geli\u015fmi\u015f \u00fcretim ekipmanlar\u0131m\u0131z ve kapsaml\u0131 sat\u0131\u015f sonras\u0131 deste\u011fimizle \u00e7e\u015fitli m\u00fc\u015fteri ihtiya\u00e7lar\u0131n\u0131 kar\u015f\u0131layarak m\u00fckemmel \u00fcr\u00fcn ve hizmetler sunmaya kendini adam\u0131\u015ft\u0131r.<\/p>\n<p>    <img decoding=\"async\" src=\"https:\/\/www.hydraulic-cylinders.net\/wp-content\/uploads\/2025\/01\/songte-company-3.webp\" alt=\"\u015eirket Genel Bak\u0131\u015f G\u00f6rseli\"><\/p>\n<p>Yazar: lyl<\/p>\n<p><\/body><\/p>\n<p><\/html><\/p>","protected":false},"excerpt":{"rendered":"<p>Bucket Cylinder For Carter CT65-8B Bucket Cylinder For Carter CT65-8B Introduction The bucket cylinder for Carter CT65-8B is a specially designed hydraulic cylinder used to control the movement of the bucket in heavy machinery such as excavators, backhoe loaders, and front loaders. Its main function is to enable the lifting, lowering, and tilting of the [&hellip;]<\/p>","protected":false},"featured_media":14787,"comment_status":"open","ping_status":"closed","template":"","meta":{"_et_pb_use_builder":"","_et_pb_old_content":"","_et_gb_content_width":""},"product_brand":[],"product_cat":[1494],"product_tag":[1495,1496],"class_list":{"0":"post-15794","1":"product","2":"type-product","3":"status-publish","4":"has-post-thumbnail","6":"product_cat-bucket-cylinders","7":"product_tag-bucket-cylinders","8":"product_tag-hydraulic-cylinders","10":"first","11":"instock","12":"shipping-taxable","13":"product-type-simple"},"amp_enabled":true,"_links":{"self":[{"href":"https:\/\/www.hydraulic-cylinders.net\/tr\/wp-json\/wp\/v2\/product\/15794","targetHints":{"allow":["GET"]}}],"collection":[{"href":"https:\/\/www.hydraulic-cylinders.net\/tr\/wp-json\/wp\/v2\/product"}],"about":[{"href":"https:\/\/www.hydraulic-cylinders.net\/tr\/wp-json\/wp\/v2\/types\/product"}],"replies":[{"embeddable":true,"href":"https:\/\/www.hydraulic-cylinders.net\/tr\/wp-json\/wp\/v2\/comments?post=15794"}],"wp:featuredmedia":[{"embeddable":true,"href":"https:\/\/www.hydraulic-cylinders.net\/tr\/wp-json\/wp\/v2\/media\/14787"}],"wp:attachment":[{"href":"https:\/\/www.hydraulic-cylinders.net\/tr\/wp-json\/wp\/v2\/media?parent=15794"}],"wp:term":[{"taxonomy":"product_brand","embeddable":true,"href":"https:\/\/www.hydraulic-cylinders.net\/tr\/wp-json\/wp\/v2\/product_brand?post=15794"},{"taxonomy":"product_cat","embeddable":true,"href":"https:\/\/www.hydraulic-cylinders.net\/tr\/wp-json\/wp\/v2\/product_cat?post=15794"},{"taxonomy":"product_tag","embeddable":true,"href":"https:\/\/www.hydraulic-cylinders.net\/tr\/wp-json\/wp\/v2\/product_tag?post=15794"}],"curies":[{"name":"wp","href":"https:\/\/api.w.org\/{rel}","templated":true}]}}