{"id":15799,"date":"2025-01-19T15:00:10","date_gmt":"2025-01-19T15:00:10","guid":{"rendered":"https:\/\/www.hydraulic-cylinders.net\/product\/bucket-cylinder-for-carter-ct85-8a-8b\/"},"modified":"2025-01-19T15:00:13","modified_gmt":"2025-01-19T15:00:13","slug":"bucket-cylinder-for-carter-ct85-8a-8b","status":"publish","type":"product","link":"https:\/\/www.hydraulic-cylinders.net\/tr\/urun\/bucket-cylinder-for-carter-ct85-8a-8b\/","title":{"rendered":"Carter CT85-8A-8B i\u00e7in Kova Silindiri"},"content":{"rendered":"<h1>Carter CT85-8A-8B i\u00e7in Kova Silindiri<\/h1>\n<h2>girii\u015f<\/h2>\n<p>Carter CT85-8A-8B i\u00e7in tasarlanm\u0131\u015f kep\u00e7e silindiri, ekskavat\u00f6rler, kaz\u0131c\u0131 y\u00fckleyiciler ve \u00f6n y\u00fckleyiciler gibi a\u011f\u0131r makinelerde kep\u00e7enin hareketini kontrol etmek i\u00e7in \u00f6zel olarak \u00fcretilmi\u015f bir hidrolik silindirdir. Ba\u015fl\u0131ca i\u015flevi, kep\u00e7enin kald\u0131r\u0131lmas\u0131n\u0131, indirilmesini ve e\u011filmesini sa\u011flayarak \u00e7e\u015fitli malzeme ta\u015f\u0131ma g\u00f6revlerini kolayla\u015ft\u0131rmakt\u0131r. Hidrolik sistemde, kep\u00e7e silindiri hidrolik ya\u011f bas\u0131nc\u0131n\u0131 de\u011fi\u015ftirerek kep\u00e7enin hareketlerini hassas bir \u015fekilde kontrol eder ve operat\u00f6rlerin a\u011f\u0131r y\u00fckleri verimli bir \u015fekilde ta\u015f\u0131mas\u0131na, karma\u015f\u0131k \u00e7al\u0131\u015fma ortamlar\u0131na ve \u00e7e\u015fitli i\u015f gereksinimlerine uyum sa\u011flamas\u0131na olanak tan\u0131r.<\/p>\n<p><img decoding=\"async\" src=\"https:\/\/www.hydraulic-cylinders.net\/wp-content\/uploads\/2025\/01\/songte-company-2.webp\"><\/p>\n<h2>\u00d6zellikler<\/h2>\n<ul>\n<li>Y\u00fcksek Mukavemet ve Dayan\u0131kl\u0131l\u0131k: Genellikle y\u00fcksek mukavemetli \u00e7elik veya al\u00fcminyumdan \u00fcretilen bu malzeme, y\u00fcksek bas\u0131nca ve a\u011f\u0131r y\u00fcklere dayanabilir, zorlu \u00e7al\u0131\u015fma ortamlar\u0131na uyum sa\u011flayabilir ve a\u015f\u0131nma direnci ile korozyon direnci g\u00f6z \u00f6n\u00fcnde bulundurularak tasarlanm\u0131\u015ft\u0131r, bu da kullan\u0131m \u00f6mr\u00fcn\u00fc uzat\u0131r.<\/li>\n<li>Verimli Hidrolik \u00c7al\u0131\u015fma: Hidrolik ya\u011f bas\u0131nc\u0131n\u0131 kullanarak d\u00fczg\u00fcn uzatma ve b\u00fcz\u00fclme hareketleri ger\u00e7ekle\u015ftirir, kontrol komutlar\u0131na h\u0131zl\u0131 yan\u0131t verir, g\u00fc\u00e7l\u00fc itme ve \u00e7ekme kuvvetleri sa\u011flar ve a\u011f\u0131r y\u00fcklerin ve karma\u015f\u0131k i\u015f g\u00f6revlerinin \u00fcstesinden gelmek i\u00e7in uygundur.<\/li>\n<li>\u00c7e\u015fitli Tipler: Farkl\u0131 \u00e7al\u0131\u015fma ihtiya\u00e7lar\u0131n\u0131 kar\u015f\u0131lamak i\u00e7in gereksinimlere g\u00f6re tek etkili (hidrolik sadece tek y\u00f6nde kullan\u0131l\u0131r) veya \u00e7ift etkili (hidrolik iki y\u00f6nde kullan\u0131l\u0131r) silindirler se\u00e7ilebilir. Baz\u0131 modeller teleskopiktir ve d\u0131\u015f boyutlar\u0131 art\u0131rmadan daha fazla uzatmaya olanak tan\u0131r, bu da s\u0131n\u0131rl\u0131 alana sahip uygulamalar i\u00e7in uygundur.<\/li>\n<li>Kolay De\u011fi\u015ftirilebilir: \u00dcr\u00fcnlerimiz bu hidrolik silindirlerin yerine m\u00fckemmel \u015fekilde ge\u00e7ebilir ve silindirin \u00f6mr\u00fcn\u00fc uzatmak i\u00e7in yedek par\u00e7a ve onar\u0131m hizmetleri sunuyoruz.<\/li>\n<li>\u00d6zelle\u015ftirilebilir: Belirli i\u015fletme ihtiya\u00e7lar\u0131n\u0131 kar\u015f\u0131lamak \u00fczere m\u00fc\u015fteri gereksinimlerine g\u00f6re \u00f6zelle\u015ftirilebilir.<\/li>\n<\/ul>\n<p><img decoding=\"async\" src=\"https:\/\/www.hydraulic-cylinders.net\/wp-content\/uploads\/2025\/01\/songte-cylinder-head-with-all-kinds-excavator-models.webp\"><\/p>\n<h2>Uygulamalar<\/h2>\n<p>Carter CT85-8A-8B kova silindiri, a\u015fa\u011f\u0131dakiler de dahil olmak \u00fczere \u00e7e\u015fitli a\u011f\u0131r makinelerde yayg\u0131n olarak kullan\u0131lmaktad\u0131r:<\/p>\n<ul>\n<li>\u0130n\u015faat Ekipmanlar\u0131: Ekskavat\u00f6rlerde, toprak veya molozun kaz\u0131lmas\u0131, y\u00fcklenmesi ve ta\u015f\u0131nmas\u0131 i\u00e7in kritik \u00f6neme sahiptirler. Kaz\u0131c\u0131 y\u00fckleyicilerde ise kova silindirleri hem kazma hem de kald\u0131rma i\u015flemlerine yard\u0131mc\u0131 olur. <\/li>\n<li>Tar\u0131m Makinalar\u0131: \u00d6n y\u00fckleyicilerde toprak, saman ve di\u011fer malzemeleri kep\u00e7elemek, kald\u0131rmak ve ta\u015f\u0131mak i\u00e7in kullan\u0131l\u0131r. <\/li>\n<li>Ekskavat\u00f6rler: Kova silindiri, kovan\u0131n topra\u011fa n\u00fcfuz etmesini sa\u011flayarak kaz\u0131 yap\u0131lmas\u0131n\u0131 sa\u011flar. <\/li>\n<li>\u00d6n y\u00fckleyiciler: \u00d6n y\u00fckleyicilerde, y\u00fcklerin etkili bir \u015fekilde kald\u0131r\u0131lmas\u0131na ve devrilmesine yard\u0131mc\u0131 olurlar.<\/li>\n<\/ul>\n<p>Her uygulama a\u015fa\u011f\u0131da detayl\u0131 olarak a\u00e7\u0131klanm\u0131\u015ft\u0131r:<\/p>\n<h3>\u0130n\u015faat Ekipmanlar\u0131<\/h3>\n<p>Kep\u00e7e silindirleri, ekskavat\u00f6rlerde ve kaz\u0131c\u0131 y\u00fckleyicilerde toprak veya moloz kazma, y\u00fckleme ve ta\u015f\u0131ma i\u015flemlerinde hayati \u00f6neme sahiptir. Kep\u00e7e silindirinin hidrolik bas\u0131nc\u0131, kep\u00e7enin gerekli hareketleri sorunsuz ve hassas bir \u015fekilde ger\u00e7ekle\u015ftirmesini sa\u011flayarak operat\u00f6rlere zorlu ko\u015fullarda \u00e7al\u0131\u015fmak i\u00e7in gerekli kontrol ve dengeyi sunar. Kep\u00e7e silindirinin sa\u011flaml\u0131\u011f\u0131 ve dayan\u0131kl\u0131l\u0131\u011f\u0131, kaz\u0131 ve y\u00fckleme i\u015fleri i\u00e7in gereken y\u00fcksek y\u00fck ve bas\u0131n\u00e7lara dayanabilmesini sa\u011flar.<\/p>\n<h3>Tar\u0131m Makinalar\u0131<\/h3>\n<p>Kep\u00e7e silindiri, toprak, saman ve di\u011fer malzemelerin kep\u00e7eyle al\u0131nmas\u0131, kald\u0131r\u0131lmas\u0131 ve ta\u015f\u0131nmas\u0131 da dahil olmak \u00fczere \u00e7e\u015fitli i\u015flerde \u00f6n y\u00fckleyicilerde kullan\u0131l\u0131r. Kep\u00e7e silindirinin hidrolik bas\u0131nc\u0131, kep\u00e7enin kalkmas\u0131n\u0131 ve e\u011filmesini sa\u011flayarak, hacimli ve a\u011f\u0131r malzemelerin ta\u015f\u0131nmas\u0131n\u0131 kolayla\u015ft\u0131r\u0131r. Kep\u00e7e silindirinin sa\u011flaml\u0131\u011f\u0131 ve dayan\u0131kl\u0131l\u0131\u011f\u0131, tar\u0131msal i\u015flerle ili\u015fkili y\u00fcksek y\u00fck ve bas\u0131n\u00e7lara dayanabilmesini sa\u011flar ve bu da onu \u00f6n y\u00fckleyicilerin vazge\u00e7ilmez bir bile\u015feni haline getirir.<\/p>\n<h3>Ekskavat\u00f6rler<\/h3>\n<p>Kep\u00e7e silindiri, kep\u00e7enin topra\u011fa n\u00fcfuz etmesini sa\u011flayarak kaz\u0131 i\u015flemlerini m\u00fcmk\u00fcn k\u0131lar. Kep\u00e7e silindirinin hidrolik bas\u0131nc\u0131, kep\u00e7enin gerekli hareketleri kolayca ger\u00e7ekle\u015ftirmesini sa\u011flayarak operat\u00f6rlerin h\u0131zl\u0131 ve verimli \u00e7al\u0131\u015fmas\u0131na olanak tan\u0131r. Kep\u00e7e silindirinin sa\u011flaml\u0131\u011f\u0131 ve dayan\u0131kl\u0131l\u0131\u011f\u0131, kaz\u0131 i\u015fleriyle ili\u015fkili y\u00fcksek y\u00fck ve bas\u0131n\u00e7lara dayanabilmesini sa\u011flar.<\/p>\n<h3>\u00d6n Y\u00fckleyiciler<\/h3>\n<p>\u00d6n y\u00fckleyicilerde, kep\u00e7e silindiri y\u00fcklerin kald\u0131r\u0131lmas\u0131na ve devrilmesine yard\u0131mc\u0131 olarak zorlu ko\u015fullarda \u00e7al\u0131\u015fmak i\u00e7in gerekli kontrol ve dengeyi sa\u011flar. Kep\u00e7e silindirinin hidrolik bas\u0131nc\u0131, kep\u00e7enin gerekli hareketleri sorunsuz ve hassas bir \u015fekilde ger\u00e7ekle\u015ftirmesini sa\u011flayarak, hacimli ve a\u011f\u0131r y\u00fcklerin ta\u015f\u0131nmas\u0131n\u0131 kolayla\u015ft\u0131r\u0131r. Kep\u00e7e silindirinin sa\u011flaml\u0131\u011f\u0131 ve dayan\u0131kl\u0131l\u0131\u011f\u0131, y\u00fckleme ve kald\u0131rma i\u015fleriyle ili\u015fkili y\u00fcksek y\u00fck ve bas\u0131n\u00e7lara dayanabilmesini sa\u011flar.<\/p>\n<p><img decoding=\"async\" src=\"https:\/\/www.hydraulic-cylinders.net\/wp-content\/uploads\/2025\/01\/songte-oil-pipes-and-spare-parts.webp\"><\/p>\n<h2>Tasar\u0131m Hususlar\u0131 ve Se\u00e7im Kriterleri<\/h2>\n<p>Carter CT85-8A-8B i\u00e7in tasarlanan kova silindiri, a\u015fa\u011f\u0131dakiler de dahil olmak \u00fczere \u00e7e\u015fitli fakt\u00f6rler g\u00f6z \u00f6n\u00fcnde bulundurularak tasarlanm\u0131\u015ft\u0131r:<\/p>\n<ul>\n<li>Ta\u015f\u0131ma Kapasitesi: Silindir, a\u011f\u0131r makinelerle ili\u015fkili y\u00fcksek y\u00fck ve bas\u0131n\u00e7lara dayanabilmelidir.<\/li>\n<li>S\u0131zd\u0131rmazl\u0131k: Silindir, ya\u011f s\u0131z\u0131nt\u0131lar\u0131n\u0131 \u00f6nlemek ve d\u00fczg\u00fcn \u00e7al\u0131\u015fmay\u0131 sa\u011flamak i\u00e7in y\u00fcksek kaliteli contalarla tasarlanmal\u0131d\u0131r. Piston contas\u0131 ve mil contas\u0131 genellikle a\u015f\u0131nmaya dayan\u0131kl\u0131 malzemeler olan poli\u00fcretan veya nitril kau\u00e7uktan yap\u0131l\u0131r.<\/li>\n<li>Dayan\u0131kl\u0131l\u0131k: Silindirin kullan\u0131m \u00f6mr\u00fcn\u00fc uzatmak i\u00e7in y\u00fcksek mukavemetli malzemelerden yap\u0131lmas\u0131 ve a\u015f\u0131nma direnci ile korozyon direnci g\u00f6z \u00f6n\u00fcnde bulundurularak tasarlanmas\u0131 gerekir.<\/li>\n<li>G\u00fcvenlik: Silindir, kazalar\u0131 ve yaralanmalar\u0131 \u00f6nlemek i\u00e7in g\u00fcvenlik standartlar\u0131na uygun olmal\u0131d\u0131r.<\/li>\n<li>Bak\u0131m Kolayl\u0131\u011f\u0131: Silindir, kolay bak\u0131m ve onar\u0131m i\u00e7in tasarlanmal\u0131 ve yedek par\u00e7alar\u0131 kolayca temin edilebilmelidir.<\/li>\n<\/ul>\n<p><img decoding=\"async\" src=\"https:\/\/www.hydraulic-cylinders.net\/wp-content\/uploads\/2025\/01\/songte-chushion-collar.webp\"><\/p>\n<h2>S\u0131zd\u0131rmazl\u0131k ve Ya\u011flama<\/h2>\n<p>Carter CT85-8A-8B kova silindiri, ya\u011f s\u0131z\u0131nt\u0131lar\u0131n\u0131 \u00f6nlemek ve d\u00fczg\u00fcn \u00e7al\u0131\u015fmay\u0131 sa\u011flamak i\u00e7in \u00e7e\u015fitli s\u0131zd\u0131rmazl\u0131k bile\u015fenleri kullan\u0131r. Silindirin piston contas\u0131 ve mil contas\u0131 genellikle a\u015f\u0131nmaya dayan\u0131kl\u0131 malzemeler olan poli\u00fcretan veya nitril kau\u00e7uktan yap\u0131lm\u0131\u015ft\u0131r. Silindir g\u00f6vdesi ve di\u015fli u\u00e7 y\u00fczeyi, a\u015f\u0131nma direncini art\u0131rmak i\u00e7in ince bir \u015fekilde i\u015flenmi\u015ftir. Silindirin optimum performans\u0131n\u0131 korumak i\u00e7in hidrolik ya\u011f ile d\u00fczenli ya\u011flama gereklidir.<\/p>\n<h2>Muayene ve \u00d6nleyici Bak\u0131m<\/h2>\n<p>Carter CT85-8A-8B kova silindirinin optimum performans\u0131n\u0131 ve uzun \u00f6mr\u00fcn\u00fc sa\u011flamak i\u00e7in d\u00fczenli inceleme ve \u00f6nleyici bak\u0131m \u015fartt\u0131r. Yayg\u0131n g\u00f6revler \u015funlard\u0131r:<\/p>\n<ul>\n<li>Silindirin ve bile\u015fenlerinin d\u00fczenli olarak incelenmesi<\/li>\n<li>D\u00fczenli ya\u011flama<\/li>\n<li>A\u015f\u0131nm\u0131\u015f contalar\u0131n de\u011fi\u015ftirilmesi<\/li>\n<li>Kalibrasyon kontrolleri<\/li>\n<\/ul>\n<p>Do\u011fru montaj, optimum performans i\u00e7in de \u00e7ok \u00f6nemlidir. Silindir do\u011fru \u015fekilde hizalanmal\u0131 ve silindiri sabitlemek i\u00e7in uygun montaj braketleri kullan\u0131lmal\u0131d\u0131r. Silindirin optimum performans\u0131n\u0131 ve uzun \u00f6mr\u00fcn\u00fc sa\u011flamak i\u00e7in \u00f6nerilen inceleme, onar\u0131m ve de\u011fi\u015ftirme prosed\u00fcrlerimizi izlemenizi tavsiye ederiz.<\/p>\n<p><img decoding=\"async\" src=\"https:\/\/www.hydraulic-cylinders.net\/wp-content\/uploads\/2025\/01\/songte-bushings-with-all-kinds-of-excavator-models.webp\"><\/p>\n<h2>G\u00fcvenlik Hususlar\u0131 ve \u00c7evresel Fakt\u00f6rler<\/h2>\n<p>Carter CT85-8A-8B kova silindirini kullan\u0131rken, kazalar\u0131 ve yaralanmalar\u0131 \u00f6nlemek i\u00e7in g\u00fcvenlik \u00f6nlemleri al\u0131nmal\u0131d\u0131r. Kask, eldiven ve g\u00fcvenlik g\u00f6zl\u00fc\u011f\u00fc gibi koruyucu ekipman giymek de dahil olmak \u00fczere, a\u011f\u0131r makineleri \u00e7al\u0131\u015ft\u0131r\u0131rken g\u00fcvenlik prosed\u00fcrlerine ve y\u00f6nergelerine uymak \u00e7ok \u00f6nemlidir.<\/p>\n<p>Carter CT85-8A-8B i\u00e7in tasarlanan kova silindiri, \u00e7evresel hususlar g\u00f6z \u00f6n\u00fcnde bulundurularak \u00fcretilmi\u015ftir. A\u015f\u0131nmaya ve korozyona dayan\u0131kl\u0131, y\u00fcksek mukavemetli malzemelerden yap\u0131lm\u0131\u015ft\u0131r, bu da s\u0131k de\u011fi\u015ftirme ihtiyac\u0131n\u0131 azalt\u0131r. D\u00fczenli bak\u0131m ve kontrol, \u00fcr\u00fcn\u00fcn kullan\u0131m \u00f6mr\u00fcn\u00fc uzatarak \u00e7evresel etkisini daha da azaltabilir.<\/p>\n<h2>Sorun Giderme ve Yayg\u0131n Sorunlar<\/h2>\n<p>Carter CT85-8A-8B kova silindiri, \u00e7al\u0131\u015fma s\u0131ras\u0131nda \u00e7e\u015fitli sorunlarla kar\u015f\u0131la\u015fabilir. Yayg\u0131n sorunlar aras\u0131nda ya\u011f s\u0131z\u0131nt\u0131lar\u0131, hasarl\u0131 contalar ve performans d\u00fc\u015f\u00fc\u015f\u00fc yer al\u0131r. Do\u011fru bak\u0131m ve kontrol, bu sorunlar\u0131n tespit edilmesine ve \u00f6nlenmesine yard\u0131mc\u0131 olabilir. Sorunlar ortaya \u00e7\u0131karsa, sorunu te\u015fhis etmek ve \u00e7\u00f6zmek i\u00e7in sorun giderme ipu\u00e7lar\u0131 ve \u00e7\u00f6z\u00fcmleri mevcuttur.<\/p>\n<p><img decoding=\"async\" src=\"https:\/\/hzpt.com\/wp-content\/uploads\/2024\/11\/songte-company-1.webp\"><\/p>\n<h2>Hakk\u0131m\u0131zda<\/h2>\n<p>Biz, yerli ve uluslararas\u0131 pazarlar i\u00e7in eksiksiz bir \u00fcr\u00fcn yelpazesi sunan, \u00f6nde gelen bir hidrolik silindir \u00fcreticisi ve toptan da\u011f\u0131t\u0131c\u0131s\u0131y\u0131z. \u00dcretim m\u00fckemmelli\u011fine olan ba\u011fl\u0131l\u0131\u011f\u0131m\u0131z, end\u00fcstriyel \u00fcretim y\u00f6netim stratejilerimiz ve en son teknolojiye ve profesyonel test sistemlerine yapt\u0131\u011f\u0131m\u0131z yat\u0131r\u0131mlar, \u00fcr\u00fcnlerimizin kalitesini ve g\u00fcvenilirli\u011fini garanti eder. M\u00fc\u015fterilerimize hidrolik silindir ihtiya\u00e7lar\u0131 i\u00e7in eksiksiz bir \u00e7\u00f6z\u00fcm sunan, \u00f6zelle\u015ftirilmi\u015f hizmetler, uluslararas\u0131 sertifikasyon ve sat\u0131\u015f sonras\u0131 destek sa\u011fl\u0131yoruz.<\/p>\n<p>\u015eirketimiz hakk\u0131nda ek bilgiler:<\/p>\n<ul>\n<li>Profesyonellik: Ekibimiz, hidrolik silindirler ve ilgili \u00fcr\u00fcnler konusunda derinlemesine bilgiye sahip, son derece yetenekli ve deneyimli profesyonellerden olu\u015fmaktad\u0131r.<\/li>\n<li>Uluslararas\u0131 sertifikasyon: \u00dcr\u00fcnlerimiz, kalite ve g\u00fcvenilirliklerini garanti alt\u0131na alan uluslararas\u0131 kurulu\u015flar taraf\u0131ndan ba\u011f\u0131ms\u0131z olarak sertifikaland\u0131r\u0131lm\u0131\u015ft\u0131r.<\/li>\n<li>\u00d6zelle\u015ftirme: M\u00fc\u015fterilerimizin benzersiz i\u015fletme gereksinimlerini kar\u015f\u0131lamak i\u00e7in \u00f6zelle\u015ftirilmi\u015f hizmetler sunuyoruz.<\/li>\n<li>\u00dcretim ekipmanlar\u0131: \u00dcr\u00fcnlerimizin kalitesini ve g\u00fcvenilirli\u011fini sa\u011flamak i\u00e7in en son teknolojiye ve ekipmanlara yat\u0131r\u0131m yap\u0131yoruz.<\/li>\n<li>Sat\u0131\u015f sonras\u0131 destek: M\u00fc\u015fterilerimizin memnuniyetini sa\u011flamak i\u00e7in yedek par\u00e7a ve onar\u0131m hizmetleri de dahil olmak \u00fczere kapsaml\u0131 sat\u0131\u015f sonras\u0131 destek sunuyoruz.<\/li>\n<\/ul>\n<p>Yazar: lyl<\/p>","protected":false},"excerpt":{"rendered":"<p>Bucket Cylinder For Carter CT85-8A-8B Introduction The Bucket Cylinder for Carter CT85-8A-8B is a specialized hydraulic cylinder designed for controlling the movement of the bucket in heavy machinery such as excavators, backhoe loaders, and front loaders. Its primary function is to enable the bucket to lift, lower, and tilt, making it easier to handle various [&hellip;]<\/p>","protected":false},"featured_media":14778,"comment_status":"open","ping_status":"closed","template":"","meta":{"_et_pb_use_builder":"","_et_pb_old_content":"","_et_gb_content_width":""},"product_brand":[],"product_cat":[1494],"product_tag":[1495,1496],"class_list":{"0":"post-15799","1":"product","2":"type-product","3":"status-publish","4":"has-post-thumbnail","6":"product_cat-bucket-cylinders","7":"product_tag-bucket-cylinders","8":"product_tag-hydraulic-cylinders","10":"first","11":"instock","12":"shipping-taxable","13":"product-type-simple"},"amp_enabled":true,"_links":{"self":[{"href":"https:\/\/www.hydraulic-cylinders.net\/tr\/wp-json\/wp\/v2\/product\/15799","targetHints":{"allow":["GET"]}}],"collection":[{"href":"https:\/\/www.hydraulic-cylinders.net\/tr\/wp-json\/wp\/v2\/product"}],"about":[{"href":"https:\/\/www.hydraulic-cylinders.net\/tr\/wp-json\/wp\/v2\/types\/product"}],"replies":[{"embeddable":true,"href":"https:\/\/www.hydraulic-cylinders.net\/tr\/wp-json\/wp\/v2\/comments?post=15799"}],"wp:featuredmedia":[{"embeddable":true,"href":"https:\/\/www.hydraulic-cylinders.net\/tr\/wp-json\/wp\/v2\/media\/14778"}],"wp:attachment":[{"href":"https:\/\/www.hydraulic-cylinders.net\/tr\/wp-json\/wp\/v2\/media?parent=15799"}],"wp:term":[{"taxonomy":"product_brand","embeddable":true,"href":"https:\/\/www.hydraulic-cylinders.net\/tr\/wp-json\/wp\/v2\/product_brand?post=15799"},{"taxonomy":"product_cat","embeddable":true,"href":"https:\/\/www.hydraulic-cylinders.net\/tr\/wp-json\/wp\/v2\/product_cat?post=15799"},{"taxonomy":"product_tag","embeddable":true,"href":"https:\/\/www.hydraulic-cylinders.net\/tr\/wp-json\/wp\/v2\/product_tag?post=15799"}],"curies":[{"name":"wp","href":"https:\/\/api.w.org\/{rel}","templated":true}]}}