{"id":15807,"date":"2025-01-19T15:00:48","date_gmt":"2025-01-19T15:00:48","guid":{"rendered":"https:\/\/www.hydraulic-cylinders.net\/product\/bucket-cylinder-for-kym-ky50a\/"},"modified":"2025-01-19T15:00:54","modified_gmt":"2025-01-19T15:00:54","slug":"bucket-cylinder-for-kym-ky50a","status":"publish","type":"product","link":"https:\/\/www.hydraulic-cylinders.net\/tr\/urun\/bucket-cylinder-for-kym-ky50a\/","title":{"rendered":"KYM KY50A i\u00e7in Kova Silindiri"},"content":{"rendered":"<h1>KYM KY50A i\u00e7in Kova Silindiri<\/h1>\n<h2>girii\u015f<\/h2>\n<h3>Kova Silindirinin Tan\u0131mlanmas\u0131<\/h3>\n<p>Kep\u00e7e silindiri, ekskavat\u00f6rler, kaz\u0131c\u0131 ekskavat\u00f6rler ve \u00f6n y\u00fckleyiciler gibi a\u011f\u0131r makinelerde kep\u00e7enin hareketini kontrol etmek i\u00e7in \u00f6zel olarak tasarlanm\u0131\u015f bir hidrolik silindirdir. Birincil i\u015flevi, kep\u00e7enin kald\u0131r\u0131lmas\u0131n\u0131, indirilmesini ve e\u011filmesini sa\u011flayarak \u00e7e\u015fitli malzeme ta\u015f\u0131ma g\u00f6revlerini kolayla\u015ft\u0131rmakt\u0131r. Hidrolik sistemde, kep\u00e7e silindiri hidrolik ya\u011f bas\u0131nc\u0131ndaki de\u011fi\u015fiklikler yoluyla kep\u00e7enin hassas hareketini kontrol ederek operat\u00f6rlerin a\u011f\u0131r y\u00fckleri verimli bir \u015fekilde ta\u015f\u0131mas\u0131na ve karma\u015f\u0131k \u00e7al\u0131\u015fma ortamlar\u0131na ve \u00e7e\u015fitli operasyonel gereksinimlere uyum sa\u011flamas\u0131na olanak tan\u0131r.<\/p>\n<p><img decoding=\"async\" src=\"https:\/\/www.hydraulic-cylinders.net\/wp-content\/uploads\/2025\/01\/songte-company-2.webp\" alt=\"Kova Silindiri G\u00f6r\u00fcnt\u00fcs\u00fc\"><\/p>\n<h3>\u00d6zellikler<\/h3>\n<ul>\n<li>Y\u00fcksek Mukavemet ve Dayan\u0131kl\u0131l\u0131k: Genellikle y\u00fcksek mukavemetli \u00e7elik veya al\u00fcminyumdan \u00fcretilir, y\u00fcksek bas\u0131nca ve a\u011f\u0131r y\u00fcklere dayanabilir, zorlu \u00e7al\u0131\u015fma ortamlar\u0131na uyum sa\u011flayabilir, a\u015f\u0131nma ve korozyon direnci ile tasarlanm\u0131\u015ft\u0131r ve uzun kullan\u0131m \u00f6mr\u00fcne sahiptir.<\/li>\n<li>Verimli Hidrolik \u00c7al\u0131\u015fma: Hidrolik ya\u011f bas\u0131nc\u0131ndan yararlan\u0131larak d\u00fczg\u00fcn uzatma ve daralma hareketleri sa\u011flan\u0131r, kontrol komutlar\u0131na h\u0131zl\u0131 yan\u0131t verilir, g\u00fc\u00e7l\u00fc itme ve \u00e7ekme kuvveti sa\u011flan\u0131r ve a\u011f\u0131r y\u00fcklerin ve karma\u015f\u0131k operasyonel g\u00f6revlerin \u00fcstesinden gelmek i\u00e7in uygundur.<\/li>\n<li>\u00c7e\u015fitli Tipler: Tek etkili (hidrolik olarak yaln\u0131zca tek y\u00f6nde kullan\u0131lan) veya \u00e7ift etkili (hidrolik olarak iki y\u00f6nde kullan\u0131lan) silindirler, farkl\u0131 \u00e7al\u0131\u015fma ihtiya\u00e7lar\u0131n\u0131 kar\u015f\u0131lamak \u00fczere gereksinimlere g\u00f6re se\u00e7ilebilir. Baz\u0131 modeller teleskopiktir ve d\u0131\u015f boyutlar\u0131 art\u0131rmadan daha fazla uzatmaya olanak tan\u0131r; bu da s\u0131n\u0131rl\u0131 alana sahip uygulamalar i\u00e7in uygundur.<\/li>\n<li>M\u00fckemmel De\u011fi\u015ftirme: \u00dcr\u00fcn\u00fcm\u00fcz bu hidrolik silindirlerin yerini m\u00fckemmel \u015fekilde alabilir.<\/li>\n<\/ul>\n<p><img decoding=\"async\" src=\"https:\/\/www.hydraulic-cylinders.net\/wp-content\/uploads\/2025\/01\/songte-cylinder-head-with-all-kinds-excavator-models.webp\" alt=\"Kova Silindiri De\u011fi\u015ftirme G\u00f6rseli\"><\/p>\n<h3>Uygulamalar<\/h3>\n<p>Kova silindirleri \u00e7e\u015fitli end\u00fcstrilerde yayg\u0131n olarak kullan\u0131lmaktad\u0131r. Yayg\u0131n kullan\u0131m alanlar\u0131ndan baz\u0131lar\u0131 \u015funlard\u0131r:<\/p>\n<ul>\n<li>\u0130n\u015faat Ekipmanlar\u0131: Ekskavat\u00f6rlerde, toprak veya moloz kazma, y\u00fckleme ve ta\u015f\u0131ma i\u015flemlerinde hayati \u00f6neme sahiptirler. Kaz\u0131c\u0131 ekskavat\u00f6rlerde ise kova silindiri hem kazmaya hem de kald\u0131rmaya yard\u0131mc\u0131 olur. <\/li>\n<li>Tar\u0131m Makinalar\u0131: \u00d6n y\u00fckleyicilerde toprak, saman ve di\u011fer malzemeleri kep\u00e7elemek, kald\u0131rmak ve ta\u015f\u0131mak i\u00e7in kullan\u0131l\u0131r. <\/li>\n<li>Ekskavat\u00f6rler: Kep\u00e7e silindiri, kep\u00e7enin topra\u011fa n\u00fcfuz etmesini sa\u011flayarak kazma i\u015flemini m\u00fcmk\u00fcn k\u0131lar. <\/li>\n<li>\u00d6n y\u00fckleyiciler: Bu y\u00fckleyiciler, mallar\u0131n verimli bir \u015fekilde kald\u0131r\u0131lmas\u0131na ve bo\u015falt\u0131lmas\u0131na yard\u0131mc\u0131 olur. <\/li>\n<\/ul>\n<h3>Tasar\u0131m Hususlar\u0131 ve Se\u00e7im Kriterleri<\/h3>\n<p>Hidrolik silindirlerin tasar\u0131m\u0131nda dikkate al\u0131nmas\u0131 gereken birka\u00e7 \u00f6nemli nokta vard\u0131r, bunlar \u015funlard\u0131r:<\/p>\n<ul>\n<li>Ta\u015f\u0131ma kapasitesi<\/li>\n<li>S\u0131zd\u0131rmazl\u0131k<\/li>\n<li>Dayan\u0131kl\u0131l\u0131k<\/li>\n<li>Emniyet<\/li>\n<li>Bak\u0131m kolayl\u0131\u011f\u0131<\/li>\n<\/ul>\n<p>Ta\u015f\u0131ma kapasitesi: Hidrolik silindirler belirli bir y\u00fck\u00fc kald\u0131racak \u015fekilde tasarlanm\u0131\u015ft\u0131r. Silindirin a\u011f\u0131rl\u0131\u011f\u0131, strok uzunlu\u011fu ve boyutu, ta\u015f\u0131ma kapasitesini belirlemede kritik fakt\u00f6rlerdir. <\/p>\n<p>S\u0131zd\u0131rmazl\u0131k: Hidrolik silindirler, ya\u011f s\u0131z\u0131nt\u0131s\u0131n\u0131 \u00f6nlemek ve silindir bas\u0131nc\u0131n\u0131 korumak i\u00e7in piston s\u0131zd\u0131rmazl\u0131k halkalar\u0131 ve mil s\u0131zd\u0131rmazl\u0131k halkalar\u0131 gibi \u00e7e\u015fitli s\u0131zd\u0131rmazl\u0131k elemanlar\u0131na ihtiya\u00e7 duyar. S\u0131zd\u0131rmazl\u0131k halkalar\u0131 i\u00e7in yayg\u0131n olarak kullan\u0131lan a\u015f\u0131nmaya dayan\u0131kl\u0131 malzemeler poli\u00fcretan ve nitril kau\u00e7uktur. Silindir g\u00f6vdesi ve di\u015fli u\u00e7 y\u00fczeyleri ince i\u015fleme tabi tutulur, bu da a\u015f\u0131nma direncini art\u0131rmaya yard\u0131mc\u0131 olur. Silindiri ya\u011flamak i\u00e7in uygun hidrolik ya\u011f\u0131n d\u00fczenli olarak eklenmesi gereklidir.<\/p>\n<p>Dayan\u0131kl\u0131l\u0131k: Hidrolik silindirler zorlu \u00e7al\u0131\u015fma ortamlar\u0131na dayanacak \u015fekilde tasarlanm\u0131\u015ft\u0131r; bu da a\u015f\u0131nmaya ve korozyona dayan\u0131kl\u0131, sa\u011flam malzemelerden \u00fcretilmeleri gerekti\u011fi anlam\u0131na gelir.<\/p>\n<p>G\u00fcvenlik: Hidrolik silindirler, a\u015f\u0131r\u0131 bas\u0131n\u00e7 olu\u015fumunu \u00f6nlemek i\u00e7in emniyet valflerinin kullan\u0131m\u0131, operat\u00f6r yaralanmas\u0131n\u0131 \u00f6nlemek i\u00e7in yeterli koruyucu kalkan\u0131n tak\u0131lmas\u0131 ve di\u011fer g\u00fcvenlik \u00f6zellikleri de dahil olmak \u00fczere g\u00fcvenlik standartlar\u0131na ve y\u00f6netmeliklerine uygun olmal\u0131d\u0131r.<\/p>\n<p>Bak\u0131m Kolayl\u0131\u011f\u0131: Hidrolik silindirler, bak\u0131m\u0131 ve onar\u0131m\u0131 kolay olacak \u015fekilde tasarlanmal\u0131d\u0131r. Bile\u015fenlere kolayca eri\u015filebilmeli ve de\u011fi\u015ftirilebilir olmal\u0131, tasar\u0131m ise \u00f6zel bilgi veya alet ihtiyac\u0131n\u0131 ortadan kald\u0131rmal\u0131d\u0131r.<\/p>\n<p><img decoding=\"async\" src=\"https:\/\/www.hydraulic-cylinders.net\/wp-content\/uploads\/2025\/01\/songte-oil-pipes-and-spare-parts.webp\" alt=\"Hidrolik Silindir Par\u00e7alar\u0131 G\u00f6rseli\"><\/p>\n<h3>Bak\u0131m ve Onar\u0131m<\/h3>\n<p>Hidrolik silindirlerin uzun \u00f6m\u00fcrl\u00fc olmas\u0131 i\u00e7in do\u011fru bak\u0131m ve onar\u0131m \u00e7ok \u00f6nemlidir. Yayg\u0131n bak\u0131m g\u00f6revleri \u015funlard\u0131r:<\/p>\n<ul>\n<li>D\u00fczenli kontroller<\/li>\n<li>Uygun ya\u011flama<\/li>\n<li>Conta de\u011fi\u015fimi<\/li>\n<li>Kalibrasyon kontrolleri<\/li>\n<\/ul>\n<p>Hidrolik silindirin montaj\u0131 s\u0131ras\u0131nda, do\u011fru \u015fekilde hizalanmas\u0131 ve yerine sabitlemek i\u00e7in uygun montaj braketlerinin kullan\u0131lmas\u0131 \u00f6nemlidir. Silindirin kullan\u0131m \u00f6mr\u00fcn\u00fc uzatmak i\u00e7in \u00f6nerilen inceleme, onar\u0131m ve de\u011fi\u015ftirme prosed\u00fcrlerine uyulmal\u0131d\u0131r.<\/p>\n<p><img decoding=\"async\" src=\"https:\/\/www.hydraulic-cylinders.net\/wp-content\/uploads\/2025\/01\/songte-chushion-collar.webp\" alt=\"Hidrolik Silindir Montaj G\u00f6rseli\"><\/p>\n<h3>G\u00fcvenlik Hususlar\u0131 ve \u00c7evresel Fakt\u00f6rler<\/h3>\n<p>Hidrolik silindirler kullan\u0131l\u0131rken, kazalar\u0131 \u00f6nlemek i\u00e7in g\u00fcvenlik \u00f6nlemleri \u015fartt\u0131r. Uygun ki\u015fisel koruyucu ekipman giymek, \u00e7al\u0131\u015fma alan\u0131n\u0131 temiz ve d\u00f6k\u00fcnt\u00fclerden ar\u0131nd\u0131r\u0131lm\u0131\u015f tutmak ve t\u00fcm g\u00fcvenlik prosed\u00fcrlerine uymak da dahil olmak \u00fczere g\u00fcvenli \u00e7al\u0131\u015fma uygulamalar\u0131na riayet edilmelidir.<\/p>\n<p>Hidrolik silindirlerin kullan\u0131m\u0131nda, kullan\u0131lm\u0131\u015f hidrolik ya\u011f\u0131n ve di\u011fer tehlikeli maddelerin uygun \u015fekilde bertaraf edilmesi ve t\u00fcm \u00e7evre d\u00fczenlemelerine ve gerekliliklerine uyulmas\u0131 da dahil olmak \u00fczere \u00e7evresel fakt\u00f6rler de dikkate al\u0131nmal\u0131d\u0131r.<\/p>\n<p><img decoding=\"async\" src=\"https:\/\/hzpt.com\/wp-content\/uploads\/2024\/11\/songte-company-1.webp\" alt=\"\u015eirket \u0130maj\u0131\"><\/p>\n<h3>Hakk\u0131m\u0131zda<\/h3>\n<p>Yurti\u00e7i ve yurtd\u0131\u015f\u0131 pazarlarda \u00f6nde gelen hidrolik silindir \u00fcreticisi ve toptanc\u0131s\u0131 olarak, yedek hidrolik silindir \u00fcretimi konusunda uzmanla\u015fm\u0131\u015f bulunmaktay\u0131z. \u00dcr\u00fcnlerimiz, geli\u015fmi\u015f \u00fcretim at\u00f6lyeleri, teknoloji yetenekleri, dijitalle\u015ftirilmi\u015f y\u00fcksek teknoloji \u00fcretim ekipmanlar\u0131 ve profesyonel test sistemlerinden olu\u015fan end\u00fcstriyel \u00fcretim y\u00f6netim stratejilerine dayanarak m\u00fckemmel kaliteyle tasarlanm\u0131\u015ft\u0131r. At\u00f6lyedeki \u00fcretim platformlar\u0131m\u0131z\u0131 s\u00fcrekli geli\u015ftirerek, \u00fcr\u00fcn kalitesi \u00fcretim hatt\u0131n\u0131 m\u00fckemmelle\u015ftiriyor ve g\u00fc\u00e7l\u00fc bir yarat\u0131c\u0131l\u0131k yetene\u011fine sahibiz. Y\u00fcksek verimlilik, hassasiyet ve kalite ile m\u00fc\u015fterilerimizin \u00e7e\u015fitli ihtiya\u00e7lar\u0131n\u0131 kar\u015f\u0131lamay\u0131 hedefliyoruz.<\/p>\n<h3>Hizmetlerimiz<\/h3>\n<p>Hizmetlerimiz \u015funlar\u0131 i\u00e7erir:<\/p>\n<ul>\n<li>Profesyonellik<\/li>\n<li>Uluslararas\u0131 sertifikasyon<\/li>\n<li>\u00d6zelle\u015ftirme hizmetleri<\/li>\n<li>\u00dcretim ekipmanlar\u0131<\/li>\n<li>Sat\u0131\u015f sonras\u0131 servis<\/li>\n<\/ul>\n<p>M\u00fc\u015fterilerimizin ihtiya\u00e7lar\u0131n\u0131 kar\u015f\u0131lamak ve beklentilerini a\u015fmak i\u00e7in onlara y\u00fcksek kaliteli \u00fcr\u00fcn ve hizmetler sunmaya kararl\u0131y\u0131z.<\/p>\n<p><img decoding=\"async\" src=\"https:\/\/www.hydraulic-cylinders.net\/wp-content\/uploads\/2025\/01\/songte-company-3.webp\" alt=\"\u015eirket Hizmetleri G\u00f6rseli\"><\/p>\n<p>Yazar: lyl<\/p>","protected":false},"excerpt":{"rendered":"<p>Bucket Cylinder For KYM KY50A Introduction Defining Bucket Cylinder A bucket cylinder is a specially designed hydraulic cylinder mainly used to control the movement of the bucket in heavy machinery such as excavators, backhoe excavators, and front loaders. Its primary function is to enable the bucket to lift, lower, and tilt, making it easier to [&hellip;]<\/p>","protected":false},"featured_media":14789,"comment_status":"open","ping_status":"closed","template":"","meta":{"_et_pb_use_builder":"","_et_pb_old_content":"","_et_gb_content_width":""},"product_brand":[],"product_cat":[1494],"product_tag":[1495,1496],"class_list":{"0":"post-15807","1":"product","2":"type-product","3":"status-publish","4":"has-post-thumbnail","6":"product_cat-bucket-cylinders","7":"product_tag-bucket-cylinders","8":"product_tag-hydraulic-cylinders","10":"first","11":"instock","12":"shipping-taxable","13":"product-type-simple"},"amp_enabled":true,"_links":{"self":[{"href":"https:\/\/www.hydraulic-cylinders.net\/tr\/wp-json\/wp\/v2\/product\/15807","targetHints":{"allow":["GET"]}}],"collection":[{"href":"https:\/\/www.hydraulic-cylinders.net\/tr\/wp-json\/wp\/v2\/product"}],"about":[{"href":"https:\/\/www.hydraulic-cylinders.net\/tr\/wp-json\/wp\/v2\/types\/product"}],"replies":[{"embeddable":true,"href":"https:\/\/www.hydraulic-cylinders.net\/tr\/wp-json\/wp\/v2\/comments?post=15807"}],"wp:featuredmedia":[{"embeddable":true,"href":"https:\/\/www.hydraulic-cylinders.net\/tr\/wp-json\/wp\/v2\/media\/14789"}],"wp:attachment":[{"href":"https:\/\/www.hydraulic-cylinders.net\/tr\/wp-json\/wp\/v2\/media?parent=15807"}],"wp:term":[{"taxonomy":"product_brand","embeddable":true,"href":"https:\/\/www.hydraulic-cylinders.net\/tr\/wp-json\/wp\/v2\/product_brand?post=15807"},{"taxonomy":"product_cat","embeddable":true,"href":"https:\/\/www.hydraulic-cylinders.net\/tr\/wp-json\/wp\/v2\/product_cat?post=15807"},{"taxonomy":"product_tag","embeddable":true,"href":"https:\/\/www.hydraulic-cylinders.net\/tr\/wp-json\/wp\/v2\/product_tag?post=15807"}],"curies":[{"name":"wp","href":"https:\/\/api.w.org\/{rel}","templated":true}]}}