{"id":15816,"date":"2025-01-19T15:01:32","date_gmt":"2025-01-19T15:01:32","guid":{"rendered":"https:\/\/www.hydraulic-cylinders.net\/product\/bucket-cylinder-for-pengpu-sw330es\/"},"modified":"2025-01-19T15:01:34","modified_gmt":"2025-01-19T15:01:34","slug":"bucket-cylinder-for-pengpu-sw330es","status":"publish","type":"product","link":"https:\/\/www.hydraulic-cylinders.net\/tr\/urun\/bucket-cylinder-for-pengpu-sw330es\/","title":{"rendered":"Pengpu SW330ES i\u00e7in Kova Silindiri"},"content":{"rendered":"<h1>Pengpu SW330ES i\u00e7in Kova Silindiri<\/h1>\n<h2>girii\u015f<\/h2>\n<p>Pengpu SW330ES i\u00e7in tasarlanm\u0131\u015f kep\u00e7e silindiri, ekskavat\u00f6rler, beko y\u00fckleyiciler ve \u00f6n y\u00fckleyiciler gibi a\u011f\u0131r makinelerde kep\u00e7enin hareketini kontrol etmek i\u00e7in \u00f6zel olarak tasarlanm\u0131\u015f bir hidrolik silindirdir. Ana i\u015flevi, kep\u00e7enin kald\u0131r\u0131lmas\u0131n\u0131, indirilmesini ve e\u011filmesini sa\u011flayarak \u00e7e\u015fitli malzeme ta\u015f\u0131ma g\u00f6revlerinde verimlili\u011fi art\u0131rmakt\u0131r. Hidrolik sistemde, kep\u00e7e silindiri hidrolik ya\u011f bas\u0131nc\u0131ndaki de\u011fi\u015fiklikler yoluyla kep\u00e7enin hassas kontrol\u00fcn\u00fc sa\u011flar; bu da operat\u00f6rlerin a\u011f\u0131r y\u00fckleri verimli bir \u015fekilde ta\u015f\u0131mas\u0131na ve karma\u015f\u0131k \u00e7al\u0131\u015fma ortamlar\u0131na ve \u00e7e\u015fitli i\u015f gereksinimlerine uyum sa\u011flamas\u0131na olanak tan\u0131r.<\/p>\n<p><img decoding=\"async\" src=\"https:\/\/www.hydraulic-cylinders.net\/wp-content\/uploads\/2025\/01\/songte-company-2.webp\" alt=\"Kova Silindiri G\u00f6r\u00fcnt\u00fcs\u00fc\"><\/p>\n<h2>\u00d6zellikler<\/h2>\n<ul>\n<li><strong>Y\u00fcksek Dayan\u0131kl\u0131l\u0131k ve Dayan\u0131kl\u0131l\u0131k:<\/strong> Genellikle y\u00fcksek mukavemetli \u00e7elik veya al\u00fcminyumdan \u00fcretilen kova silindiri, y\u00fcksek bas\u0131nca ve a\u011f\u0131r y\u00fcklere dayanabilir ve zorlu \u00e7al\u0131\u015fma ko\u015fullar\u0131na uyum sa\u011flayabilir. A\u015f\u0131nma ve korozyon direnci g\u00f6z \u00f6n\u00fcnde bulundurularak tasarlanan kova silindirinin kullan\u0131m \u00f6mr\u00fc uzat\u0131lm\u0131\u015ft\u0131r.<\/li>\n<li><strong>Verimli Hidrolik \u00c7al\u0131\u015fma:<\/strong> Hidrolik ya\u011f bas\u0131nc\u0131ndan yararlanan kova silindiri, d\u00fczg\u00fcn uzatma ve geri \u00e7ekme hareketleri ger\u00e7ekle\u015ftirerek kontrol komutlar\u0131na h\u0131zl\u0131 yan\u0131t verir. G\u00fc\u00e7l\u00fc itme ve \u00e7ekme kuvvetleri sa\u011flayarak a\u011f\u0131r y\u00fcklerin ve karma\u015f\u0131k i\u015flerin \u00fcstesinden gelmek i\u00e7in uygundur.<\/li>\n<li><strong>\u00c7ok Y\u00f6nl\u00fc Tipler:<\/strong> Kova silindiri, gereksinimlere g\u00f6re tek etkili (hidrolik bas\u0131n\u00e7 yaln\u0131zca tek y\u00f6nde kullan\u0131l\u0131r) veya \u00e7ift etkili (hidrolik bas\u0131n\u00e7 her iki y\u00f6nde de kullan\u0131l\u0131r) silindir olarak se\u00e7ilebilir. Baz\u0131 modeller teleskopiktir ve d\u0131\u015f boyutlar\u0131 art\u0131rmadan daha fazla uzama sa\u011flayarak s\u0131n\u0131rl\u0131 alana sahip uygulamalar i\u00e7in uygun hale gelir.<\/li>\n<li><strong>\u00dcr\u00fcn De\u011fi\u015fimi:<\/strong> \u00dcr\u00fcnlerimiz bu hidrolik silindirlerin yerini m\u00fckemmel \u015fekilde alabilir. <\/li>\n<\/ul>\n<p><img decoding=\"async\" src=\"https:\/\/www.hydraulic-cylinders.net\/wp-content\/uploads\/2025\/01\/songte-cylinder-head-with-all-kinds-excavator-models.webp\" alt=\"\u00dcr\u00fcn De\u011fi\u015ftirme G\u00f6rseli\"><\/p>\n<h2>Uygulamalar<\/h2>\n<p>Pengpu SW330ES i\u00e7in kova silindiri \u00e7e\u015fitli ekipmanlarda uygulama alan\u0131 bulmaktad\u0131r:<\/p>\n<ul>\n<li>\u0130n\u015faat Ekipmanlar\u0131: Ekskavat\u00f6rlerde, toprak veya moloz kazma, y\u00fckleme ve ta\u015f\u0131ma i\u015flemlerinde hayati \u00f6neme sahiptirler. Kaz\u0131c\u0131 y\u00fckleyicilerde ise kova silindiri hem kazma hem de kald\u0131rma i\u015flemlerine yard\u0131mc\u0131 olur.<\/li>\n<li>Tar\u0131m Makinalar\u0131: \u00d6n y\u00fckleyicilerde toprak, saman ve di\u011fer malzemeleri kep\u00e7elemek, kald\u0131rmak ve ta\u015f\u0131mak i\u00e7in kullan\u0131l\u0131r.<\/li>\n<li>Ekskavat\u00f6rler: Kep\u00e7e silindiri, kep\u00e7enin topra\u011fa n\u00fcfuz etmesini sa\u011flayarak kazma i\u015flemlerini m\u00fcmk\u00fcn k\u0131lar.<\/li>\n<li>\u00d6n Y\u00fckleyiciler: \u00d6n y\u00fckleyicilerde, mallar\u0131n etkin bir \u015fekilde kald\u0131r\u0131lmas\u0131na ve bo\u015falt\u0131lmas\u0131na yard\u0131mc\u0131 olurlar.<\/li>\n<\/ul>\n<h2>Tasar\u0131m Hususlar\u0131 ve Se\u00e7im Kriterleri<\/h2>\n<p>Kova silindirinin tasar\u0131m\u0131nda, a\u015fa\u011f\u0131daki \u00f6nemli fakt\u00f6rler dikkate al\u0131n\u0131r:<\/p>\n<ul>\n<li>Y\u00fck ta\u015f\u0131ma kapasitesi<\/li>\n<li>S\u0131zd\u0131rmazl\u0131k etkinli\u011fi<\/li>\n<li>Dayan\u0131kl\u0131l\u0131k<\/li>\n<li>Emniyet<\/li>\n<li>Bak\u0131m kolayl\u0131\u011f\u0131<\/li>\n<\/ul>\n<p><img decoding=\"async\" src=\"https:\/\/www.hydraulic-cylinders.net\/wp-content\/uploads\/2025\/01\/songte-oil-pipes-and-spare-parts.webp\" alt=\"Tasar\u0131m Hususlar\u0131 G\u00f6rseli\"><\/p>\n<h2>S\u0131zd\u0131rmazl\u0131k ve Ya\u011flama<\/h2>\n<p>Kova silindiri, poli\u00fcretan ve nitril kau\u00e7uk gibi a\u015f\u0131nmaya dayan\u0131kl\u0131 malzemelerden yap\u0131lm\u0131\u015f piston contalar\u0131 ve mil contalar\u0131 gibi \u00e7e\u015fitli s\u0131zd\u0131rmazl\u0131k bile\u015fenleri kullan\u0131r. Silindir g\u00f6vdesi ve di\u015fli u\u00e7lar\u0131, a\u015f\u0131nma direncini art\u0131rmak i\u00e7in ince bir i\u015flemden ge\u00e7irilir. Sorunsuz \u00e7al\u0131\u015fma sa\u011flamak i\u00e7in uygun miktarda hidrolik ya\u011f ile d\u00fczenli ya\u011flama gereklidir.<\/p>\n<h2>Muayene ve \u00d6nleyici Bak\u0131m<\/h2>\n<p>Kova silindirinin uzun \u00f6m\u00fcrl\u00fc olmas\u0131n\u0131 sa\u011flamak i\u00e7in d\u00fczenli kontroller ve \u00f6nleyici bak\u0131m \u00f6nlemleri \u00f6nerilir:<\/p>\n<ul>\n<li>Periyodik kontroller<\/li>\n<li>Uygun ya\u011flama<\/li>\n<li>Conta de\u011fi\u015ftirmeleri<\/li>\n<li>Kalibrasyon kontrolleri<\/li>\n<\/ul>\n<p><img decoding=\"async\" src=\"https:\/\/www.hydraulic-cylinders.net\/wp-content\/uploads\/2025\/01\/songte-chushion-collar.webp\" alt=\"Muayene ve \u00d6nleyici Bak\u0131m G\u00f6rseli\"><\/p>\n<h2>G\u00fcvenlik Hususlar\u0131 ve \u00c7evresel Fakt\u00f6rler<\/h2>\n<p>Kova silindirini kullan\u0131rken g\u00fcvenlik \u00f6nlemlerinin al\u0131nmas\u0131 son derece \u00f6nemlidir. Do\u011fru \u00e7al\u0131\u015fma i\u00e7in \u00e7evresel fakt\u00f6rler de dikkate al\u0131nmal\u0131d\u0131r.<\/p>\n<h2>Sorun Giderme ve Yayg\u0131n Sorunlar<\/h2>\n<p>Kova silindirinde sorun giderme yaparken, yayg\u0131n sorunlar\u0131 belirlemek ve gidermek \u00f6nemlidir. Okuyuculara sorunlar\u0131 te\u015fhis etmede, \u00e7\u00f6zmede ve olas\u0131 sorunlar\u0131 \u00f6nlemede yard\u0131mc\u0131 olacak baz\u0131 ipu\u00e7lar\u0131 ve \u00e7\u00f6z\u00fcmler \u015funlard\u0131r:<\/p>\n<p><img decoding=\"async\" src=\"https:\/\/www.hydraulic-cylinders.net\/wp-content\/uploads\/2025\/01\/songte-bushings-with-all-kinds-of-excavator-models.webp\" alt=\"Sorun Giderme ve S\u0131k Kar\u015f\u0131la\u015f\u0131lan Sorunlar G\u00f6rseli\"><\/p>\n<h2>\u015eirketimiz Hakk\u0131nda<\/h2>\n<p>Yedek hidrolik silindir \u00fcreticisi olarak, geni\u015f bir \u00fcr\u00fcn yelpazesi sunuyoruz. Yurti\u00e7i ve yurtd\u0131\u015f\u0131 pazarlarda \u00f6nde gelen hidrolik silindir \u00fcreticilerinden ve toptanc\u0131lar\u0131ndan biri haline geldik. M\u00fckemmel kaliteye odaklanan \u00fcretim y\u00f6netim stratejimiz, ince i\u015f\u00e7ilik gerektiren at\u00f6lyeler, teknolojik yetenekler, dijital \u00fcst d\u00fczey \u00fcretim ekipmanlar\u0131 ve profesyonel test sistemlerine dayanmaktad\u0131r. \u00dcretim platformlar\u0131m\u0131z\u0131 s\u00fcrekli geli\u015ftiriyor, \u00fcr\u00fcn kalitesi \u00fcretim s\u00fcre\u00e7lerini m\u00fckemmelle\u015ftiriyor ve g\u00fc\u00e7l\u00fc inovasyon yeteneklerine sahibiz. Y\u00fcksek verimlilik, y\u00fcksek hassasiyet ve y\u00fcksek kalite prensiplerimiz, \u00e7e\u015fitli m\u00fc\u015fteri gereksinimlerini kar\u015f\u0131lamam\u0131z\u0131 sa\u011fl\u0131yor.<\/p>\n<p><img decoding=\"async\" src=\"https:\/\/www.hydraulic-cylinders.net\/wp-content\/uploads\/2025\/01\/songte-company-3.webp\" alt=\"\u015eirket \u0130maj\u0131\"><\/p>\n<p>\u015eirket tan\u0131t\u0131m\u0131n\u0131n geni\u015fletilmesi \u015funlar\u0131 i\u00e7erebilir:<\/p>\n<ul>\n<li>Profesyonellik<\/li>\n<li>Uluslararas\u0131 sertifikalar<\/li>\n<li>\u00d6zelle\u015ftirme hizmetleri<\/li>\n<li>\u00dcretim ekipmanlar\u0131<\/li>\n<li>Sat\u0131\u015f sonras\u0131 servis<\/li>\n<\/ul>\n<p>Yazar: lyl<\/p>","protected":false},"excerpt":{"rendered":"<p>Bucket Cylinder For Pengpu SW330ES Introduction The Bucket Cylinder for Pengpu SW330ES is a specialized hydraulic cylinder designed to control the movement of the bucket in heavy machinery such as excavators, backhoe loaders, and front-end loaders. Its main function is to enable the lifting, lowering, and tilting of the bucket, making it efficient for various [&hellip;]<\/p>","protected":false},"featured_media":14773,"comment_status":"open","ping_status":"closed","template":"","meta":{"_et_pb_use_builder":"","_et_pb_old_content":"","_et_gb_content_width":""},"product_brand":[],"product_cat":[1494],"product_tag":[1495,1496],"class_list":{"0":"post-15816","1":"product","2":"type-product","3":"status-publish","4":"has-post-thumbnail","6":"product_cat-bucket-cylinders","7":"product_tag-bucket-cylinders","8":"product_tag-hydraulic-cylinders","10":"first","11":"instock","12":"shipping-taxable","13":"product-type-simple"},"amp_enabled":true,"_links":{"self":[{"href":"https:\/\/www.hydraulic-cylinders.net\/tr\/wp-json\/wp\/v2\/product\/15816","targetHints":{"allow":["GET"]}}],"collection":[{"href":"https:\/\/www.hydraulic-cylinders.net\/tr\/wp-json\/wp\/v2\/product"}],"about":[{"href":"https:\/\/www.hydraulic-cylinders.net\/tr\/wp-json\/wp\/v2\/types\/product"}],"replies":[{"embeddable":true,"href":"https:\/\/www.hydraulic-cylinders.net\/tr\/wp-json\/wp\/v2\/comments?post=15816"}],"wp:featuredmedia":[{"embeddable":true,"href":"https:\/\/www.hydraulic-cylinders.net\/tr\/wp-json\/wp\/v2\/media\/14773"}],"wp:attachment":[{"href":"https:\/\/www.hydraulic-cylinders.net\/tr\/wp-json\/wp\/v2\/media?parent=15816"}],"wp:term":[{"taxonomy":"product_brand","embeddable":true,"href":"https:\/\/www.hydraulic-cylinders.net\/tr\/wp-json\/wp\/v2\/product_brand?post=15816"},{"taxonomy":"product_cat","embeddable":true,"href":"https:\/\/www.hydraulic-cylinders.net\/tr\/wp-json\/wp\/v2\/product_cat?post=15816"},{"taxonomy":"product_tag","embeddable":true,"href":"https:\/\/www.hydraulic-cylinders.net\/tr\/wp-json\/wp\/v2\/product_tag?post=15816"}],"curies":[{"name":"wp","href":"https:\/\/api.w.org\/{rel}","templated":true}]}}