{"id":15826,"date":"2025-01-19T15:02:19","date_gmt":"2025-01-19T15:02:19","guid":{"rendered":"https:\/\/www.hydraulic-cylinders.net\/product\/bucket-cylinder-for-nante-nt20\/"},"modified":"2025-01-19T15:02:21","modified_gmt":"2025-01-19T15:02:21","slug":"bucket-cylinder-for-nante-nt20","status":"publish","type":"product","link":"https:\/\/www.hydraulic-cylinders.net\/tr\/urun\/bucket-cylinder-for-nante-nt20\/","title":{"rendered":"Nante NT20 i\u00e7in Kova Silindiri"},"content":{"rendered":"<h1>Nante NT20 i\u00e7in Kova Silindiri<\/h1>\n<h2>girii\u015f<\/h2>\n<p>Nante NT20 i\u00e7in kova silindiri, ekskavat\u00f6rler, kep\u00e7eli ekskavat\u00f6rler ve \u00f6n y\u00fckleyiciler gibi a\u011f\u0131r i\u015f makinelerinde kovan\u0131n hareketini kontrol etmek i\u00e7in kullan\u0131lan \u00f6zel olarak tasarlanm\u0131\u015f bir hidrolik silindirdir. Ana i\u015flevi, kovan\u0131n kald\u0131rma, indirme ve yat\u0131rma i\u015flemlerini ger\u00e7ekle\u015ftirerek \u00e7e\u015fitli malzeme ta\u015f\u0131ma g\u00f6revlerinin daha kolay yap\u0131lmas\u0131n\u0131 sa\u011flamakt\u0131r. Hidrolik sistemde, kova silindiri, hidrolik ya\u011f bas\u0131nc\u0131ndaki de\u011fi\u015fikliklerle kovan\u0131n hassas hareketini kontrol ederek operat\u00f6rlerin a\u011f\u0131r nesneleri verimli bir \u015fekilde ta\u015f\u0131mas\u0131na ve karma\u015f\u0131k \u00e7al\u0131\u015fma ortamlar\u0131na ve \u00e7e\u015fitli i\u015f gereksinimlerine uyum sa\u011flamas\u0131na olanak tan\u0131r.<\/p>\n<p><img decoding=\"async\" src=\"https:\/\/www.hydraulic-cylinders.net\/wp-content\/uploads\/2025\/01\/songte-company-2.webp\" alt=\"Nante NT20 i\u00e7in Kova Silindiri\"><\/p>\n<h2>\u00d6zellikler<\/h2>\n<ul>\n<li>\n<h3>Y\u00fcksek Dayan\u0131kl\u0131l\u0131k ve Dayan\u0131kl\u0131l\u0131k:<\/h3>\n<p> Genellikle y\u00fcksek mukavemetli \u00e7elik veya al\u00fcminyumdan \u00fcretilen bu \u00fcr\u00fcnler, y\u00fcksek bas\u0131n\u00e7 ve a\u011f\u0131r y\u00fcklere dayanabilir ve zorlu \u00e7al\u0131\u015fma ortamlar\u0131na uyum sa\u011flayabilir. Tasar\u0131m\u0131nda a\u015f\u0131nma ve korozyon direnci g\u00f6z \u00f6n\u00fcnde bulundurularak kullan\u0131m \u00f6mr\u00fc uzat\u0131l\u0131r.<\/li>\n<li>\n<h3>Verimli Hidrolik \u00c7al\u0131\u015fma:<\/h3>\n<p> Hidrolik ya\u011f bas\u0131nc\u0131n\u0131 kullanarak d\u00fczg\u00fcn uzatma ve geri \u00e7ekme i\u015flemi ger\u00e7ekle\u015ftirir, kontrol komutlar\u0131na h\u0131zl\u0131 bir \u015fekilde yan\u0131t verebilir, g\u00fc\u00e7l\u00fc itme ve \u00e7ekme kuvveti sa\u011flar, a\u011f\u0131r nesneleri ve karma\u015f\u0131k g\u00f6revleri ta\u015f\u0131maya uygundur.<\/li>\n<li>\n<h3>\u00c7e\u015fitli T\u00fcrler:<\/h3>\n<p> Farkl\u0131 \u00e7al\u0131\u015fma gereksinimlerine g\u00f6re tek etkili (sadece tek y\u00f6nde hidrolik kullanan) veya \u00e7ift etkili (her iki y\u00f6nde hidrolik kullanan) silindirler se\u00e7ilebilir. Baz\u0131 modeller teleskopiktir ve d\u0131\u015f boyutlar\u0131 art\u0131rmadan daha fazla geni\u015flemeye olanak tan\u0131r, alan k\u0131s\u0131tlamas\u0131 olan uygulamalar i\u00e7in uygundur.<\/li>\n<li>\n<h3>M\u00fckemmel De\u011fi\u015ftirme:<\/h3>\n<p> \u00dcr\u00fcn\u00fcm\u00fcz bu hidrolik silindirlerin yerine m\u00fckemmel bir \u015fekilde ge\u00e7ebilmektedir.<\/li>\n<\/ul>\n<p><img decoding=\"async\" src=\"https:\/\/www.hydraulic-cylinders.net\/wp-content\/uploads\/2025\/01\/songte-cylinder-head-with-all-kinds-excavator-models.webp\" alt=\"Nante NT20 i\u00e7in Kova Silindiri\"><\/p>\n<h2>Uygulamalar<\/h2>\n<p>Kova silindiri, a\u015fa\u011f\u0131dakiler dahil ancak bunlarla s\u0131n\u0131rl\u0131 olmamak \u00fczere \u00e7e\u015fitli a\u011f\u0131r makinelerde yayg\u0131n olarak kullan\u0131l\u0131r:<\/p>\n<ul>\n<li>\n<h3>\u0130n\u015faat Ekipmanlar\u0131:<\/h3>\n<p> Ekskavat\u00f6rlerde kazma, y\u00fckleme ve toprak veya moloz ta\u015f\u0131ma i\u015flerinde vazge\u00e7ilmezdirler. Beko ekskavat\u00f6rlerde ise kova silindiri hem kazma hem de kald\u0131rma i\u015flerinde yard\u0131mc\u0131 olur. <\/li>\n<li>\n<h3>Tar\u0131m Makinalar\u0131:<\/h3>\n<p> \u00d6n y\u00fckleyicilerde toprak, saman ve di\u011fer malzemeleri kep\u00e7elemek, kald\u0131rmak ve ta\u015f\u0131mak i\u00e7in kullan\u0131lan kova silindiri, kovan\u0131n topra\u011fa n\u00fcfuz etmesini sa\u011flayarak kazma eylemini ger\u00e7ekle\u015ftirir. <\/li>\n<li>\n<h3>Y\u00fckleyici:<\/h3>\n<p> \u00d6n y\u00fckleyicilerde y\u00fck\u00fcn etkili bir \u015fekilde kald\u0131r\u0131lmas\u0131na ve bo\u015falt\u0131lmas\u0131na yard\u0131mc\u0131 olurlar.<\/li>\n<\/ul>\n<h2>Tasar\u0131m Hususlar\u0131 ve Se\u00e7im Kriterleri<\/h2>\n<p>Kova silindiri a\u015fa\u011f\u0131daki fakt\u00f6rler dikkate al\u0131narak tasarlanm\u0131\u015ft\u0131r:<\/p>\n<ul>\n<li>\n<h3>Y\u00fck ta\u015f\u0131ma kapasitesi:<\/h3>\n<p> Silindirin, ta\u015f\u0131mas\u0131 gereken y\u00fck\u00fc destekleyecek kadar g\u00fc\u00e7l\u00fc oldu\u011fundan emin olmak \u00f6nemlidir.<\/li>\n<li>\n<h3>S\u0131zd\u0131rmazl\u0131k:<\/h3>\n<p> Ya\u011f s\u0131z\u0131nt\u0131s\u0131n\u0131 \u00f6nlemek ve stabiliteyi sa\u011flamak amac\u0131yla piston contalar\u0131, biyel contalar\u0131 vb. \u00e7e\u015fitli s\u0131zd\u0131rmazl\u0131k elemanlar\u0131 kullan\u0131l\u0131r. <\/li>\n<li>\n<h3>Dayan\u0131kl\u0131l\u0131k:<\/h3>\n<p> Silindirin a\u011f\u0131r ve zorlu \u00e7evre ve hava ko\u015fullar\u0131na dayanacak kadar dayan\u0131kl\u0131 olmas\u0131 gerekir. <\/li>\n<li>\n<h3>Emniyet:<\/h3>\n<p> Kova silindirinin kullan\u0131m\u0131 g\u00fcvenli olmal\u0131 ve tasar\u0131m\u0131 s\u0131ras\u0131nda t\u00fcm g\u00fcvenlik \u00f6nlemleri dikkate al\u0131nmal\u0131d\u0131r. <\/li>\n<li>\n<h3>Bak\u0131m Kolayl\u0131\u011f\u0131:<\/h3>\n<p> Uzun s\u00fcreli kullan\u0131m\u0131 i\u00e7in d\u00fczenli bak\u0131m \u015fartt\u0131r ve kova silindiri tasar\u0131m\u0131nda bak\u0131m kolayl\u0131\u011f\u0131 g\u00f6z \u00f6n\u00fcnde bulundurulmal\u0131d\u0131r.<\/li>\n<\/ul>\n<p><img decoding=\"async\" src=\"https:\/\/www.hydraulic-cylinders.net\/wp-content\/uploads\/2025\/01\/songte-oil-pipes-and-spare-parts.webp\" alt=\"Nante NT20 i\u00e7in Kova Silindiri\"><\/p>\n<h2>S\u0131zd\u0131rmazl\u0131k ve Ya\u011flama<\/h2>\n<p>Kova silindiri, ya\u011f s\u0131z\u0131nt\u0131s\u0131n\u0131 \u00f6nlemek ve dengeyi korumak i\u00e7in \u00e7e\u015fitli s\u0131zd\u0131rmazl\u0131k bile\u015fenleri kullan\u0131r. Bu bile\u015fenler piston contalar\u0131, piston kolu contalar\u0131 vb. i\u00e7erir. Bu s\u0131zd\u0131rmazl\u0131k bile\u015fenleri poli\u00fcretan, nitril kau\u00e7uk vb. gibi a\u015f\u0131nmaya dayan\u0131kl\u0131 malzemelerden yap\u0131lm\u0131\u015ft\u0131r. Silindirin g\u00f6vdesi ve di\u015fli u\u00e7 y\u00fczeyleri, a\u015f\u0131nma direncini art\u0131rmak i\u00e7in ince bir \u015fekilde i\u015flenmi\u015ftir. Hidrolik silindirin, sorunsuz \u00e7al\u0131\u015fmas\u0131n\u0131 sa\u011flamak i\u00e7in uygun hidrolik ya\u011f ile d\u00fczenli olarak ya\u011flanmas\u0131 gerekir.<\/p>\n<h2>Muayene ve \u00d6nleyici Bak\u0131m Tedbirleri<\/h2>\n<ul>\n<li>\n<h3>Denetleme:<\/h3>\n<p> Herhangi bir a\u015f\u0131nma, y\u0131pranma, hasar veya s\u0131z\u0131nt\u0131 olup olmad\u0131\u011f\u0131n\u0131 tespit etmek ve acil onar\u0131m veya de\u011fi\u015ftirme gerektiren durumlar\u0131 tespit etmek i\u00e7in d\u00fczenli inceleme \u015fartt\u0131r. <\/li>\n<li>\n<h3>Ya\u011flama:<\/h3>\n<p> Silindirin d\u00fczg\u00fcn \u00e7al\u0131\u015fmas\u0131 i\u00e7in do\u011fru hidrolik ya\u011f ile uygun \u015fekilde ya\u011flanmas\u0131 gerekir.<\/li>\n<li>\n<h3>Conta De\u011fi\u015fimi ve Kalibrasyon Kontrol\u00fc:<\/h3>\n<p> S\u0131zd\u0131rmazl\u0131k elemanlar\u0131n\u0131n belirli bir s\u00fcre sonra de\u011fi\u015ftirilmesi ve stabilitenin sa\u011flanmas\u0131 i\u00e7in kalibrasyon kontrollerinin yap\u0131lmas\u0131 gerekmektedir.<\/li>\n<\/ul>\n<p>Kova silindirinin etkili bir \u015fekilde kullan\u0131lmas\u0131n\u0131n anahtar\u0131 do\u011fru montajd\u0131r ve silindirin do\u011fru \u015fekilde hizalanmas\u0131 \u00e7ok \u00f6nemlidir. Silindiri sabitlemek i\u00e7in \u00f6nerilen montaj braketleri kullan\u0131lmal\u0131d\u0131r. Silindirin \u00f6mr\u00fcn\u00fc uzatmak i\u00e7in d\u00fczenli muayene, onar\u0131m ve de\u011fi\u015ftirme prosed\u00fcrleri \u00f6nerilir.<\/p>\n<p><img decoding=\"async\" src=\"https:\/\/www.hydraulic-cylinders.net\/wp-content\/uploads\/2025\/01\/songte-chushion-collar.webp\" alt=\"Nante NT20 i\u00e7in Kova Silindiri\"><\/p>\n<h2>G\u00fcvenlik Hususlar\u0131 ve \u00c7evresel Fakt\u00f6rler<\/h2>\n<p>Kova silindirini kullan\u0131rken koruyucu ekipman kullanmak, do\u011fru montaj\u0131 sa\u011flamak ve a\u015f\u0131r\u0131 y\u00fcklemeden ka\u00e7\u0131nmak gibi g\u00fcvenlik \u00f6nlemlerini g\u00f6z \u00f6n\u00fcnde bulundurmak \u00f6nemlidir. \u00c7evre kirlili\u011fini \u00f6nlemek i\u00e7in kova silindiri do\u011fru \u015fekilde imha edilmelidir.<\/p>\n<h2>Yayg\u0131n Sorunlar ve Sorun Giderme<\/h2>\n<ul>\n<li>\n<h3>Ya\u011f S\u0131z\u0131nt\u0131s\u0131:<\/h3>\n<p> S\u0131zd\u0131rmazl\u0131k elemanlar\u0131n\u0131 kontrol edin ve gerekirse de\u011fi\u015ftirin. <\/li>\n<li>\n<h3>Sars\u0131nt\u0131l\u0131 Hareket:<\/h3>\n<p> Uygun ya\u011flamay\u0131 sa\u011flay\u0131n ve silindirde veya s\u0131zd\u0131rmazl\u0131k par\u00e7alar\u0131nda herhangi bir hasar olup olmad\u0131\u011f\u0131n\u0131 kontrol edin. <\/li>\n<li>\n<h3>Yava\u015f \u00c7al\u0131\u015fma:<\/h3>\n<p> Hidrolik ya\u011f bas\u0131nc\u0131n\u0131 kontrol edin ve hidrolik sistemin do\u011fru \u00e7al\u0131\u015ft\u0131\u011f\u0131ndan emin olun.<\/li>\n<\/ul>\n<p>D\u00fczenli kontrol ve bak\u0131m gibi \u00f6nleyici tedbirler bu sorunlar\u0131n \u00f6nlenmesine yard\u0131mc\u0131 olabilir.<\/p>\n<p><img decoding=\"async\" src=\"https:\/\/www.hydraulic-cylinders.net\/wp-content\/uploads\/2025\/01\/songte-bushings-with-all-kinds-of-excavator-models.webp\" alt=\"Nante NT20 i\u00e7in Kova Silindiri\"><\/p>\n<h2>\u015eirketimiz Hakk\u0131nda<\/h2>\n<p>Hidrolik silindir \u00fcreticisi ve yurt i\u00e7i ve yurt d\u0131\u015f\u0131 pazarlarda lider bir hidrolik silindir \u00fcreticisi ve toptan da\u011f\u0131t\u0131c\u0131s\u0131y\u0131z. M\u00fckemmel kalite stratejisini, hassas \u00fcretim at\u00f6lyelerinin end\u00fcstriyel \u00fcretim y\u00f6netimine dayanarak izliyoruz. \u015eirketimiz, teknolojik yeteneklerin, dijital ileri teknoloji \u00fcretim ekipmanlar\u0131n\u0131n ve profesyonel test sistemlerinin uygulanmas\u0131yla at\u00f6lyelerin \u00fcretim platformunu s\u00fcrekli olarak geli\u015ftiriyor, \u00fcr\u00fcn kalitesi \u00fcretim hatt\u0131n\u0131 m\u00fckemmelle\u015ftiriyor ve g\u00fc\u00e7l\u00fc yarat\u0131c\u0131 yeteneklere sahip. M\u00fc\u015fterilerimize y\u00fcksek verimlilik, hassasiyet ve y\u00fcksek kalite prensipleriyle \u00e7e\u015fitli talepler sunuyoruz.<\/p>\n<p><img decoding=\"async\" src=\"https:\/\/hzpt.com\/wp-content\/uploads\/2024\/11\/songte-company-1.webp\" alt=\"Nante NT20 i\u00e7in Kova Silindiri\"><\/p>\n<h3>Profesyonellik:<\/h3>\n<p>Firmam\u0131z profesyonel teknik donan\u0131ma sahip olup, m\u00fc\u015fterilerine en iyi \u00e7\u00f6z\u00fcmleri sunmaya odaklanm\u0131\u015ft\u0131r.<\/p>\n<h3>Uluslararas\u0131 Sertifikasyon:<\/h3>\n<p>\u00dcr\u00fcnlerimiz uluslararas\u0131 sertifikalara sahip olup m\u00fckemmel kalite ve g\u00fcvenilirli\u011fi garanti alt\u0131na alm\u0131\u015ft\u0131r.<\/p>\n<h3>\u00d6zelle\u015ftirilmi\u015f Hizmet:<\/h3>\n<p>M\u00fc\u015fterinin ihtiya\u00e7lar\u0131na g\u00f6re \u00f6zelle\u015ftirilmi\u015f hizmetler sunarak m\u00fc\u015fteri memnuniyetini sa\u011fl\u0131yoruz.<\/p>\n<h3>\u00dcretim Ekipmanlar\u0131:<\/h3>\n<p>Firmam\u0131z ileri teknoloji ve ekipman kullanarak m\u00fckemmel kalite ve g\u00fcvenilirli\u011fi garanti alt\u0131na almaktad\u0131r.<\/p>\n<h3>Sat\u0131\u015f sonras\u0131 servis:<\/h3>\n<p>\u00dcr\u00fcn\u00fcn uzun s\u00fcre kullan\u0131lmas\u0131n\u0131 ve m\u00fc\u015fteri memnuniyetini garanti alt\u0131na almak i\u00e7in, de\u011fi\u015ftirme ve yeniden montaj hizmetleri de dahil olmak \u00fczere sat\u0131\u015f sonras\u0131 servis hizmeti sa\u011fl\u0131yoruz. <\/p>\n<p>Yazar: lyl.<\/p>","protected":false},"excerpt":{"rendered":"<p>Bucket Cylinder For Nante NT20 Introduction The bucket cylinder for Nante NT20 is a specially designed hydraulic cylinder primarily used for controlling the movement of the bucket in heavy machinery such as excavators, backhoe excavators, and front loaders. Its main function is to allow the bucket to lift, lower, and tilt, making it easier to [&hellip;]<\/p>","protected":false},"featured_media":14784,"comment_status":"open","ping_status":"closed","template":"","meta":{"_et_pb_use_builder":"","_et_pb_old_content":"","_et_gb_content_width":""},"product_brand":[],"product_cat":[1494],"product_tag":[1495,1496],"class_list":{"0":"post-15826","1":"product","2":"type-product","3":"status-publish","4":"has-post-thumbnail","6":"product_cat-bucket-cylinders","7":"product_tag-bucket-cylinders","8":"product_tag-hydraulic-cylinders","10":"first","11":"instock","12":"shipping-taxable","13":"product-type-simple"},"amp_enabled":true,"_links":{"self":[{"href":"https:\/\/www.hydraulic-cylinders.net\/tr\/wp-json\/wp\/v2\/product\/15826","targetHints":{"allow":["GET"]}}],"collection":[{"href":"https:\/\/www.hydraulic-cylinders.net\/tr\/wp-json\/wp\/v2\/product"}],"about":[{"href":"https:\/\/www.hydraulic-cylinders.net\/tr\/wp-json\/wp\/v2\/types\/product"}],"replies":[{"embeddable":true,"href":"https:\/\/www.hydraulic-cylinders.net\/tr\/wp-json\/wp\/v2\/comments?post=15826"}],"wp:featuredmedia":[{"embeddable":true,"href":"https:\/\/www.hydraulic-cylinders.net\/tr\/wp-json\/wp\/v2\/media\/14784"}],"wp:attachment":[{"href":"https:\/\/www.hydraulic-cylinders.net\/tr\/wp-json\/wp\/v2\/media?parent=15826"}],"wp:term":[{"taxonomy":"product_brand","embeddable":true,"href":"https:\/\/www.hydraulic-cylinders.net\/tr\/wp-json\/wp\/v2\/product_brand?post=15826"},{"taxonomy":"product_cat","embeddable":true,"href":"https:\/\/www.hydraulic-cylinders.net\/tr\/wp-json\/wp\/v2\/product_cat?post=15826"},{"taxonomy":"product_tag","embeddable":true,"href":"https:\/\/www.hydraulic-cylinders.net\/tr\/wp-json\/wp\/v2\/product_tag?post=15826"}],"curies":[{"name":"wp","href":"https:\/\/api.w.org\/{rel}","templated":true}]}}