{"id":15828,"date":"2025-01-19T15:02:27","date_gmt":"2025-01-19T15:02:27","guid":{"rendered":"https:\/\/www.hydraulic-cylinders.net\/product\/bucket-cylinder-for-nante-nt45\/"},"modified":"2025-01-19T15:02:31","modified_gmt":"2025-01-19T15:02:31","slug":"bucket-cylinder-for-nante-nt45","status":"publish","type":"product","link":"https:\/\/www.hydraulic-cylinders.net\/tr\/urun\/bucket-cylinder-for-nante-nt45\/","title":{"rendered":"Nante NT45 i\u00e7in Kova Silindiri"},"content":{"rendered":"<h1>Nante NT45 i\u00e7in Kova Silindiri<\/h1>\n<h2>girii\u015f<\/h2>\n<p>Kova silindiri, ekskavat\u00f6rler, beko-loderler ve \u00f6n y\u00fckleyiciler gibi a\u011f\u0131r makinelerde kovan\u0131n hareketini kontrol etmek i\u00e7in kullan\u0131lan \u00f6zel olarak tasarlanm\u0131\u015f bir hidrolik silindirdir. Ana i\u015flevi, kovan\u0131n kald\u0131rma, indirme ve yat\u0131rma i\u015flemlerini ger\u00e7ekle\u015ftirerek \u00e7e\u015fitli malzeme ta\u015f\u0131ma g\u00f6revlerinin daha kolay yap\u0131lmas\u0131n\u0131 sa\u011flamakt\u0131r. Hidrolik bir sistemde, kova silindiri, hidrolik ya\u011f bas\u0131nc\u0131n\u0131 de\u011fi\u015ftirerek kovan\u0131n hassas kontrol\u00fcn\u00fc sa\u011flar ve operat\u00f6r\u00fcn a\u011f\u0131r y\u00fckleri verimli bir \u015fekilde ta\u015f\u0131mas\u0131na, karma\u015f\u0131k \u00e7al\u0131\u015fma ortamlar\u0131na ve \u00e7e\u015fitli operasyonel ihtiya\u00e7lara uyum sa\u011flamas\u0131na olanak tan\u0131r.<\/p>\n<p><img decoding=\"async\" src=\"https:\/\/www.hydraulic-cylinders.net\/wp-content\/uploads\/2025\/01\/songte-company-2.webp\"><\/p>\n<h2>\u00d6zellikler<\/h2>\n<ol>\n<li>Y\u00fcksek Mukavemet ve Dayan\u0131kl\u0131l\u0131k: Genellikle y\u00fcksek mukavemetli \u00e7elik veya al\u00fcminyumdan \u00fcretilen kova silindiri, y\u00fcksek bas\u0131nca ve a\u011f\u0131r y\u00fcklere dayanabilir ve zorlu \u00e7al\u0131\u015fma ortamlar\u0131na uyum sa\u011flar. Tasar\u0131m\u0131nda a\u015f\u0131nma ve korozyon direnci g\u00f6z \u00f6n\u00fcnde bulundurularak kullan\u0131m \u00f6mr\u00fc uzat\u0131l\u0131r.<\/li>\n<li>Verimli Hidrolik \u00c7al\u0131\u015fma: Hidrolik ya\u011f\u0131n bas\u0131nc\u0131ndan yararlanan kova silindiri, yumu\u015fak uzatma ve geri \u00e7ekme hareketleri ger\u00e7ekle\u015ftirerek kontrol komutlar\u0131na h\u0131zl\u0131 tepki verir ve g\u00fc\u00e7l\u00fc itme ve \u00e7ekme kuvvetleri sa\u011flar. A\u011f\u0131r y\u00fckleri ve karma\u015f\u0131k operasyonel g\u00f6revleri ta\u015f\u0131mak i\u00e7in uygundur.<\/li>\n<li>\u00c7ok Y\u00f6nl\u00fc Tipler: Kova silindiri, operasyonel gereksinimlere ba\u011fl\u0131 olarak tek etkili (sadece tek y\u00f6nde hidrolik bas\u0131n\u00e7 kullanan) veya \u00e7ift etkili (her iki y\u00f6nde hidrolik bas\u0131n\u00e7 kullanan) olarak se\u00e7ilebilir. Baz\u0131 modeller teleskopiktir ve d\u0131\u015f boyutlar\u0131 art\u0131rmadan daha fazla uzatma imkan\u0131 sunarak, s\u0131n\u0131rl\u0131 alana sahip uygulamalar i\u00e7in uygundur.<\/li>\n<li>M\u00fckemmel De\u011fi\u015ftirme: \u00dcr\u00fcn\u00fcm\u00fcz mevcut hidrolik silindirlerin m\u00fckemmel bir \u015fekilde yerini alabilir. <\/li>\n<\/ol>\n<p><img decoding=\"async\" src=\"https:\/\/www.hydraulic-cylinders.net\/wp-content\/uploads\/2025\/01\/songte-cylinder-head-with-all-kinds-excavator-models.webp\"><\/p>\n<h2>Uygulamalar<\/h2>\n<p>Kova silindiri \u00e7e\u015fitli ekipmanlarda uygulama alan\u0131 bulur:<\/p>\n<ul>\n<li>\u0130n\u015faat Makineleri: Ekskavat\u00f6rlerde bulunan bu makineler, toprak veya moloz kazma, y\u00fckleme ve ta\u015f\u0131ma i\u00e7in olmazsa olmazd\u0131r. Beko-Loderlerde ise kova silindiri hem kazma hem de kald\u0131rma i\u015flemlerine yard\u0131mc\u0131 olur.<\/li>\n<li>Tar\u0131m Makinalar\u0131: \u00d6n y\u00fckleyicilerde toprak, saman ve di\u011fer malzemeleri kep\u00e7elemek, kald\u0131rmak ve ta\u015f\u0131mak i\u00e7in kullan\u0131l\u0131r.<\/li>\n<li>Ekskavat\u00f6rler: Kova silindiri, kovan\u0131n topra\u011fa n\u00fcfuz etmesini sa\u011flayarak kazma i\u015flemini ger\u00e7ekle\u015ftirir.<\/li>\n<li>\u00d6n Y\u00fckleyiciler: \u00d6n y\u00fckleyiciler, mallar\u0131n etkili bir \u015fekilde kald\u0131r\u0131lmas\u0131na ve bo\u015falt\u0131lmas\u0131na yard\u0131mc\u0131 olurlar.<\/li>\n<\/ul>\n<h2>Tasar\u0131m Hususlar\u0131 ve Se\u00e7im Kriterleri<\/h2>\n<p>Bir kova silindiri tasarlan\u0131rken, \u00e7e\u015fitli fakt\u00f6rler ve se\u00e7im kriterleri devreye girer:<\/p>\n<ul>\n<li>Ta\u015f\u0131ma Kapasitesi: Silindir, beklenen y\u00fck ve kuvvetlere dayanacak \u015fekilde tasarlanmal\u0131d\u0131r.<\/li>\n<li>S\u0131zd\u0131rmazl\u0131k Yetene\u011fi: Hidrolik s\u0131v\u0131 s\u0131z\u0131nt\u0131lar\u0131n\u0131 \u00f6nlemek ve sistem verimlili\u011fini korumak i\u00e7in uygun contalar\u0131n kullan\u0131lmas\u0131 gerekir.<\/li>\n<li>Dayan\u0131kl\u0131l\u0131k: Silindir, a\u015f\u0131nma ve korozyona kar\u015f\u0131 direncini art\u0131ran malzemeler ve kaplamalar kullan\u0131larak yap\u0131lmal\u0131d\u0131r.<\/li>\n<li>G\u00fcvenlik: Bas\u0131n\u00e7 tahliye vanalar\u0131 ve emniyet mekanizmalar\u0131 gibi g\u00fcvenli \u00e7al\u0131\u015fmaya y\u00f6nelik hususlar tasar\u0131ma dahil edilmelidir.<\/li>\n<li>Bak\u0131m kolayl\u0131\u011f\u0131: Silindir, onar\u0131m ve par\u00e7a de\u011fi\u015fimi i\u00e7in eri\u015filebilirlik de dahil olmak \u00fczere bak\u0131m\u0131 kolay olacak \u015fekilde tasarlanmal\u0131d\u0131r.<\/li>\n<\/ul>\n<p><img decoding=\"async\" src=\"https:\/\/www.hydraulic-cylinders.net\/wp-content\/uploads\/2025\/01\/songte-oil-pipes-and-spare-parts.webp\"><\/p>\n<h2>S\u0131zd\u0131rmazl\u0131k ve Ya\u011flama<\/h2>\n<p>Kova silindiri, poli\u00fcretan ve nitril kau\u00e7uk gibi a\u015f\u0131nmaya dayan\u0131kl\u0131 malzemelerden yap\u0131lm\u0131\u015f piston contalar\u0131 ve piston kolu contalar\u0131 gibi \u00e7e\u015fitli s\u0131zd\u0131rmazl\u0131k elemanlar\u0131 kullan\u0131r. Silindir g\u00f6vdesi ve di\u015fli u\u00e7lar\u0131, a\u015f\u0131nma direncini art\u0131rmak i\u00e7in titiz bir y\u00fczey i\u015fleminden ge\u00e7irilir. Sorunsuz \u00e7al\u0131\u015fma i\u00e7in uygun hidrolik ya\u011f ile d\u00fczenli ya\u011flama gereklidir.<\/p>\n<h2>D\u00fczenli Muayene ve \u00d6nleyici Bak\u0131m \u00d6nlemleri<\/h2>\n<p>Kova silindirinin optimum performans ve uzun \u00f6m\u00fcrl\u00fc olmas\u0131n\u0131 sa\u011flamak i\u00e7in d\u00fczenli muayene ve \u00f6nleyici bak\u0131m \u015fartt\u0131r. Al\u0131nmas\u0131 gereken \u00f6nlemler \u015funlard\u0131r:<\/p>\n<ul>\n<li>Silindirin s\u0131z\u0131nt\u0131, hasar veya anormal a\u015f\u0131nma a\u00e7\u0131s\u0131ndan d\u00fczenli olarak kontrol edilmesi<\/li>\n<li>T\u00fcm hareketli par\u00e7alar\u0131n uygun \u015fekilde ya\u011flanmas\u0131<\/li>\n<li>S\u0131zd\u0131rmazl\u0131k b\u00fct\u00fcnl\u00fc\u011f\u00fcn\u00fcn korunmas\u0131 i\u00e7in contalar\u0131n periyodik olarak de\u011fi\u015ftirilmesi<\/li>\n<li>Do\u011fru \u00e7al\u0131\u015fmay\u0131 sa\u011flamak i\u00e7in kalibrasyon kontrolleri<\/li>\n<\/ul>\n<h2>\u00dcr\u00fcn Kurulum K\u0131lavuzu<\/h2>\n<p>Kova silindirinin do\u011fru montaj\u0131, etkili \u00e7al\u0131\u015fmas\u0131 i\u00e7in \u00e7ok \u00f6nemlidir. A\u015fa\u011f\u0131daki ad\u0131mlar izlenmelidir:<\/p>\n<ol>\n<li>Silindiri verilen k\u0131lavuza g\u00f6re do\u011fru \u015fekilde hizalay\u0131n.<\/li>\n<li>Silindiri sabitlemek i\u00e7in uygun montaj braketlerini kullan\u0131n.<\/li>\n<li>Kurulum i\u015flemi s\u0131ras\u0131nda do\u011fru hizalamay\u0131 sa\u011flay\u0131n.<\/li>\n<\/ol>\n<p><img decoding=\"async\" src=\"https:\/\/www.hydraulic-cylinders.net\/wp-content\/uploads\/2025\/01\/songte-chushion-collar.webp\"><\/p>\n<h2>G\u00fcvenlik Hususlar\u0131 ve \u00c7evresel Fakt\u00f6rler<\/h2>\n<p>Kova silindirini kullan\u0131rken g\u00fcvenlik \u00f6nlemlerine uymak son derece \u00f6nemlidir. Bu, uygun e\u011fitim, g\u00fcvenlik y\u00f6nergelerine uyma ve kazalar\u0131 \u00f6nlemek i\u00e7in koruyucu ekipman kullan\u0131m\u0131n\u0131 i\u00e7erir. Ayr\u0131ca, s\u0131cakl\u0131k ve nem gibi \u00e7evresel fakt\u00f6rler silindirin performans\u0131n\u0131 etkileyebilir ve dikkate al\u0131nmal\u0131d\u0131r.<\/p>\n<h2>Sorun Giderme ve Yayg\u0131n Sorunlar<\/h2>\n<p>Herhangi bir sorunla kar\u015f\u0131la\u015fman\u0131z durumunda, a\u015fa\u011f\u0131daki sorun giderme ipu\u00e7lar\u0131 ve \u00e7\u00f6z\u00fcmleri, sorunlar\u0131n etkili bir \u015fekilde te\u015fhis edilmesine ve \u00e7\u00f6z\u00fclmesine yard\u0131mc\u0131 olurken, ayn\u0131 zamanda olas\u0131 sorunlar\u0131 en aza indirecek \u00f6nleyici tedbirler de sa\u011flayabilir.<\/p>\n<p><img decoding=\"async\" src=\"https:\/\/www.hydraulic-cylinders.net\/wp-content\/uploads\/2025\/01\/songte-bushings-with-all-kinds-of-excavator-models.webp\"><\/p>\n<h2>\u015eirketimiz Hakk\u0131nda<\/h2>\n<p>Yurt i\u00e7i ve yurt d\u0131\u015f\u0131 pazarlarda lider bir hidrolik silindir \u00fcreticisi ve toptan da\u011f\u0131t\u0131c\u0131s\u0131y\u0131z. \u015eirketimiz, m\u00fckemmellik ilkelerine ba\u011fl\u0131 kalarak, son teknoloji \u00fcretim tesislerini kullanarak ve profesyonel test sistemleri uygulayarak geni\u015f bir \u00fcr\u00fcn yelpazesi sunmaktad\u0131r. Y\u00fcksek verimlilik, hassasiyet ve kaliteye odaklanarak, m\u00fc\u015fterilerimizin \u00e7e\u015fitli ihtiya\u00e7lar\u0131n\u0131 kar\u015f\u0131lamay\u0131 hedefliyoruz.<\/p>\n<p><img decoding=\"async\" src=\"https:\/\/www.hydraulic-cylinders.net\/wp-content\/uploads\/2025\/01\/songte-company-3.webp\"><\/p>\n<p>\u015eirketimiz \u015fu a\u00e7\u0131lardan \u00f6ne \u00e7\u0131kmaktad\u0131r:<\/p>\n<ul>\n<li>Profesyonellik<\/li>\n<li>Uluslararas\u0131 sertifikalar<\/li>\n<li>\u00d6zelle\u015ftirme hizmetleri<\/li>\n<li>Geli\u015fmi\u015f \u00fcretim ekipmanlar\u0131<\/li>\n<li>Sat\u0131\u015f sonras\u0131 hizmetler<\/li>\n<\/ul>\n<p>Yazar lyl<\/p>","protected":false},"excerpt":{"rendered":"<p>Bucket Cylinder For Nante NT45 Introduction A bucket cylinder is a specially designed hydraulic cylinder used to control the movement of the bucket in heavy machinery such as excavators, backhoe loaders, and front-end loaders. Its main function is to enable the bucket to lift, lower, and tilt, making it easier to handle various material handling [&hellip;]<\/p>","protected":false},"featured_media":14780,"comment_status":"open","ping_status":"closed","template":"","meta":{"_et_pb_use_builder":"","_et_pb_old_content":"","_et_gb_content_width":""},"product_brand":[],"product_cat":[1494],"product_tag":[1495,1496],"class_list":{"0":"post-15828","1":"product","2":"type-product","3":"status-publish","4":"has-post-thumbnail","6":"product_cat-bucket-cylinders","7":"product_tag-bucket-cylinders","8":"product_tag-hydraulic-cylinders","10":"first","11":"instock","12":"shipping-taxable","13":"product-type-simple"},"amp_enabled":true,"_links":{"self":[{"href":"https:\/\/www.hydraulic-cylinders.net\/tr\/wp-json\/wp\/v2\/product\/15828","targetHints":{"allow":["GET"]}}],"collection":[{"href":"https:\/\/www.hydraulic-cylinders.net\/tr\/wp-json\/wp\/v2\/product"}],"about":[{"href":"https:\/\/www.hydraulic-cylinders.net\/tr\/wp-json\/wp\/v2\/types\/product"}],"replies":[{"embeddable":true,"href":"https:\/\/www.hydraulic-cylinders.net\/tr\/wp-json\/wp\/v2\/comments?post=15828"}],"wp:featuredmedia":[{"embeddable":true,"href":"https:\/\/www.hydraulic-cylinders.net\/tr\/wp-json\/wp\/v2\/media\/14780"}],"wp:attachment":[{"href":"https:\/\/www.hydraulic-cylinders.net\/tr\/wp-json\/wp\/v2\/media?parent=15828"}],"wp:term":[{"taxonomy":"product_brand","embeddable":true,"href":"https:\/\/www.hydraulic-cylinders.net\/tr\/wp-json\/wp\/v2\/product_brand?post=15828"},{"taxonomy":"product_cat","embeddable":true,"href":"https:\/\/www.hydraulic-cylinders.net\/tr\/wp-json\/wp\/v2\/product_cat?post=15828"},{"taxonomy":"product_tag","embeddable":true,"href":"https:\/\/www.hydraulic-cylinders.net\/tr\/wp-json\/wp\/v2\/product_tag?post=15828"}],"curies":[{"name":"wp","href":"https:\/\/api.w.org\/{rel}","templated":true}]}}